{"id":98,"date":"2020-09-23T07:28:33","date_gmt":"2020-09-23T07:28:33","guid":{"rendered":"https:\/\/www.overit.ai\/it\/?page_id=98"},"modified":"2025-07-25T13:45:37","modified_gmt":"2025-07-25T13:45:37","slug":"lavora-con-noi","status":"publish","type":"page","link":"https:\/\/www.overit.ai\/it\/azienda\/lavora-con-noi\/","title":{"rendered":"Lavora con noi"},"content":{"rendered":"<div\n  class=\"overit-block overit-block--white overit-radius-full overit-no-margin overit-no-padding \n  overit-block-full-width-top-banner\"\n        >\n  \n  <div class=\"overit-block-wrapper\">\n\n\n<section class=\"block-fwtb\">\n  <div class=\"block-fwtb__bg \">\n    <div class=\"block-fwtb__content block-fwtb__content--light\">\n                        <div class=\"block-fwtb__title\" data-aos=\"zoom-in\">CAREERS<\/div>\n                                              <h1 class=\"block-fwtb__subtitle \" data-aos=\"zoom-in\" data-aos-delay=\"200\">Be part of the best-in-class global Tech Hub<\/h1>\n                            <div class=\"block-fwtb__ctas double-cta-cont double-cta-cont--row\">\n          \n                      <a class=\"button button-white \" target=\"_blank\"  href=\"https:\/\/www.linkedin.com\/company\/overit-field-service-management\/jobs\/?viewAsMember=true\">LAVORA CON NOI<\/a>\n          \n                  <\/div>\n          <\/div>\n          <div class=\"block-fwtb__bg_image\" style=\"background: linear-gradient(0deg, rgba(0, 0, 0, 0.4), rgba(0, 0, 0, 0.4)), url('https:\/\/www.overit.ai\/app\/uploads\/2020\/12\/overit-lavora-con-noi-2.jpg') center center\"><\/div>\n      <\/div>\n<\/section>\n\n<\/div><!-- .overit-block-wrapper -->\n<\/div><!-- .overit-block -->\n\n\n<div\n  class=\"overit-block overit-block--white overit-radius-full overit-margin-small overit-padding-small overit-block--fullwidth\n  overit-block-configurable-jumbotron\"\n        >\n  \n  <div class=\"overit-block-wrapper\">\n\n<section class=\"configurable-jumbotron left\" >\n    \n                  <h2  class=\"cj-title large\">Be part of the best-in-class global Tech Hub<\/h2 >\n          \n                  <div class=\"cj-subtitle medium\"><p style=\"margin: 0cm; background: white;\"><span style=\"font-family: 'Segoe UI',sans-serif; color: black;\">Abbiamo vision e mission di scale up internazionale e siamo i leader visionari nel Field Service Management.<\/span><\/p>\n<p style=\"margin: 0cm; background: white;\"><span style=\"font-family: 'Segoe UI',sans-serif; color: black;\">La nostra Company Culture si basa su questi tre valori: <strong>Personal Growth<\/strong> | <strong>Excellence<\/strong> | <strong>Fun<\/strong>.<\/span><\/p>\n<p style=\"margin: 0cm; background: white;\"><span style=\"font-family: 'Segoe UI',sans-serif; color: black;\">Ogni giorno sviluppiamo prodotti e soluzioni che semplificano la vita di milioni di persone.<\/span><\/p>\n<\/div>\n          \n        <\/section>\n\n<\/div><!-- .overit-block-wrapper -->\n<\/div><!-- .overit-block -->\n\n\n<div\n  class=\"overit-block overit-block--light-gray-shadows overit-radius-full overit-no-margin overit-padding-medium \n  overit-block-counters\"\n        >\n  \n  <div class=\"overit-block-wrapper\">\n\n<section class=\"o-counters\">\n  <div class=\"o-counters__head\">\n\n                  <div class=\"o-counters__section-title\">OVERIT AT A GLANCE<\/div>\n          \n                  <h3 class=\"o-counters__title\">Cerchiamo persone con l\u2019ambizione di ridefinire gli schemi della tecnologia in grado di portare innovazione in modo libero <\/h3>\n          \n          <a class=\"more-link\" href=\"https:\/\/www.linkedin.com\/company\/overit-field-service-management\/jobs\/?viewAsMember=true\">Job opportunities<\/a>\n      <\/div>\n  <div class=\"o-counters__body\">\n          <div class=\"o-counters__sections\">\n                 <div class=\"o-counters__counter\">\n          <div class=\"o-counters__counter-percentage\">\n            <span style=\"color:#ff8200\">600+<\/span>\n          <\/div>\n          <div class=\"o-counters__counter-title\">\n            Employees World Wide\n          <\/div>\n        <\/div>\n                 <div class=\"o-counters__counter\">\n          <div class=\"o-counters__counter-percentage\">\n            <span style=\"color:#ff8200\">35<\/span>\n          <\/div>\n          <div class=\"o-counters__counter-title\">\n            Average age\n          <\/div>\n        <\/div>\n                 <div class=\"o-counters__counter\">\n          <div class=\"o-counters__counter-percentage\">\n            <span style=\"color:#ff8200\">32<\/span>\n          <\/div>\n          <div class=\"o-counters__counter-title\">\n            Languages\n          <\/div>\n        <\/div>\n              <\/div>\n      <\/div>\n<\/section>\n\n<\/div><!-- .overit-block-wrapper -->\n<\/div><!-- .overit-block -->\n\n\n<div\n  class=\"overit-block overit-block--white overit-radius-full overit-margin-small-top overit-no-padding \n  overit-block-wide-info-image\"\n        >\n  \n  <div class=\"overit-block-wrapper\">\n\n\n\n\n<div class=\"wii left  \" id=\"\">\n        <div class=\"wii__image\" >\n                        <img decoding=\"async\" src=\"https:\/\/www.overit.ai\/app\/uploads\/2021\/10\/overit-academy.jpg\" alt=\"overit-academy\" width=\"1200\" height=\"764\" \/>\n                  <\/div>\n  \n      <div class=\"wii__content\" >\n                  <div class=\"wii__section-title\" style=\"\">OverIT Academy<\/div>\n          \n                      <div id=\"wii-title-69ec782b944eb\" class=\"wii__title\" style=\"  \">La nostra missione \u00e8 formare i professionisti del futuro<\/div>\n          \n          <div class=\"wii__description\" style=\" \">\n        <p>OverIT Academy \u00e8 il percorso formativo che fornisce gli strumenti volti a migliorare le capacit\u00e0 delle nostre risorse.<br \/>\nLe attivit\u00e0 interattive e le tematiche affrontate permettono sia di accrescere la professionalit\u00e0 del personale in ambito tecnologico, sia di migliorare le competenze di mercato e di leadership. La nostra missione \u00e8 formare i professionisti del futuro.<\/p>\n\n      <\/div>\n    \n        \n    \n    \n    \n      <\/div>\n  \n  <\/div>\n\n<\/div><!-- .overit-block-wrapper -->\n<\/div><!-- .overit-block -->\n\n\n<div\n  class=\"overit-block overit-block--white overit-radius-full overit-no-margin overit-no-padding \n  overit-block-wide-info-image\"\n        >\n  \n  <div class=\"overit-block-wrapper\">\n\n\n\n\n<div class=\"wii right  \" id=\"\">\n        <div class=\"wii__content\" >\n                  <div class=\"wii__section-title\" style=\"\">ONBOARDING DEDICATO<\/div>\n          \n                      <div id=\"wii-title-69ec782b960da\" class=\"wii__title\" style=\"  \">Programma di Onboarding su misura<\/div>\n          \n          <div class=\"wii__description\" style=\" \">\n        <p>I primi mesi in azienda sono fondamentali per costruire un legame di fiducia e coinvolgimento reciproco.<br \/>\nPer renderli speciali abbiamo costruito un percorso in quattro tappe, con lo scopo di incontrare i nuovi colleghi, far conoscere loro la cultura aziendale, scambiare opinioni e domande, mettersi in gioco. Durante questo percorso ogni \u201cnew joiner\u201d ha al suo fianco un \u201cbuddy\u201d, che sar\u00e0 il primo riferimento al quale rivolgersi per affrontare dubbi e difficolt\u00e0.<br \/>\nIl nostro obiettivo \u00e8 quello di rendere soddisfatte le persone che hanno scelto OverIT!<\/p>\n\n      <\/div>\n    \n        \n    \n    \n    \n      <\/div>\n  \n      <div class=\"wii__image\" >\n                        <img decoding=\"async\" src=\"https:\/\/www.overit.ai\/app\/uploads\/2020\/12\/careers-3.jpg\" alt=\"careers-3\" width=\"2000\" height=\"1333\" \/>\n                  <\/div>\n  \n  <\/div>\n\n<\/div><!-- .overit-block-wrapper -->\n<\/div><!-- .overit-block -->\n\n\n<div\n  class=\"overit-block overit-block--white overit-radius-full overit-margin-medium-bottom overit-padding-medium \n  overit-block-wide-info-image\"\n        >\n  \n  <div class=\"overit-block-wrapper\">\n\n\n\n\n<div class=\"wii left  \" id=\"\">\n        <div class=\"wii__image\" >\n                        <img decoding=\"async\" src=\"https:\/\/www.overit.ai\/app\/uploads\/2020\/12\/careers-2.jpg\" alt=\"careers-2\" width=\"2000\" height=\"1333\" \/>\n                  <\/div>\n  \n      <div class=\"wii__content\" >\n                  <div class=\"wii__section-title\" style=\"\">Talent program<\/div>\n          \n                      <div id=\"wii-title-69ec782b975d6\" class=\"wii__title\" style=\"  \">Un programma per esprimere al meglio il proprio potenziale<\/div>\n          \n          <div class=\"wii__description\" style=\" \">\n        <p>Abbiamo creato un ambiente che consente di accrescere le capacit\u00e0 delle nostre risorse, in modo che tutte siano in grado di esprimere al meglio il loro potenziale.<br \/>\nAttraverso le sessioni formative dell\u2019OverIT Academy, operando in un contesto altamente tecnologico e vocato all\u2019innovazione, con un\u2019organizzazione del lavoro agile e flessibile, costruiamo percorsi di carriera differenziati e modulari con una visione global.<\/p>\n\n      <\/div>\n    \n        \n    \n    \n    \n      <\/div>\n  \n  <\/div>\n\n<\/div><!-- .overit-block-wrapper -->\n<\/div><!-- .overit-block -->\n","protected":false},"excerpt":{"rendered":"","protected":false},"author":3,"featured_media":0,"parent":66,"menu_order":0,"comment_status":"closed","ping_status":"closed","template":"","meta":{"_acf_changed":false,"footnotes":""},"case_study_category":[],"class_list":["post-98","page","type-page","status-publish","hentry"],"acf":[],"yoast_head":"<!-- This site is optimized with the Yoast SEO Premium plugin v25.6 (Yoast SEO v25.6) - https:\/\/yoast.com\/wordpress\/plugins\/seo\/ -->\n<title>OverIT Careers, costruisci il tuo futuro con noi di OverIT<\/title>\n<meta name=\"description\" content=\"Entra a far parte di una azienda IT innovativa, globale, leader nel FSM e tecnologie emergenti. Scopri le opportunit\u00e0 di lavoro OverIT\" \/>\n<meta name=\"robots\" content=\"index, follow, max-snippet:-1, max-image-preview:large, max-video-preview:-1\" \/>\n<link rel=\"canonical\" href=\"https:\/\/www.overit.ai\/it\/azienda\/lavora-con-noi\/\" \/>\n<meta property=\"og:locale\" content=\"it_IT\" \/>\n<meta property=\"og:type\" content=\"article\" \/>\n<meta property=\"og:title\" content=\"Lavora con noi\" \/>\n<meta property=\"og:description\" content=\"Entra a far parte di una azienda IT innovativa, globale, leader nel FSM e tecnologie emergenti. Scopri le opportunit\u00e0 di lavoro OverIT\" \/>\n<meta property=\"og:url\" content=\"https:\/\/www.overit.ai\/it\/azienda\/lavora-con-noi\/\" \/>\n<meta property=\"og:site_name\" content=\"OverIT\" \/>\n<meta property=\"article:modified_time\" content=\"2025-07-25T13:45:37+00:00\" \/>\n<meta property=\"og:image\" content=\"https:\/\/www.overit.ai\/app\/uploads\/2020\/12\/overit-lavora-con-noi-2.jpg\" \/>\n\t<meta property=\"og:image:width\" content=\"2000\" \/>\n\t<meta property=\"og:image:height\" content=\"760\" \/>\n\t<meta property=\"og:image:type\" content=\"image\/jpeg\" \/>\n<meta name=\"twitter:card\" content=\"summary_large_image\" \/>\n<meta name=\"twitter:label1\" content=\"Est. reading time\" \/>\n\t<meta name=\"twitter:data1\" content=\"2 minutes\" \/>\n<script type=\"application\/ld+json\" class=\"yoast-schema-graph\">{\"@context\":\"https:\/\/schema.org\",\"@graph\":[{\"@type\":\"WebPage\",\"@id\":\"https:\/\/www.overit.ai\/it\/azienda\/lavora-con-noi\/\",\"url\":\"https:\/\/www.overit.ai\/it\/azienda\/lavora-con-noi\/\",\"name\":\"OverIT Careers, costruisci il tuo futuro con noi di OverIT\",\"isPartOf\":{\"@id\":\"https:\/\/www.overit.ai\/it\/#website\"},\"datePublished\":\"2020-09-23T07:28:33+00:00\",\"dateModified\":\"2025-07-25T13:45:37+00:00\",\"description\":\"Entra a far parte di una azienda IT innovativa, globale, leader nel FSM e tecnologie emergenti. Scopri le opportunit\u00e0 di lavoro OverIT\",\"breadcrumb\":{\"@id\":\"https:\/\/www.overit.ai\/it\/azienda\/lavora-con-noi\/#breadcrumb\"},\"inLanguage\":\"it-IT\",\"potentialAction\":[{\"@type\":\"ReadAction\",\"target\":[\"https:\/\/www.overit.ai\/it\/azienda\/lavora-con-noi\/\"]}]},{\"@type\":\"BreadcrumbList\",\"@id\":\"https:\/\/www.overit.ai\/it\/azienda\/lavora-con-noi\/#breadcrumb\",\"itemListElement\":[{\"@type\":\"ListItem\",\"position\":1,\"name\":\"Home\",\"item\":\"https:\/\/www.overit.ai\/it\/\"},{\"@type\":\"ListItem\",\"position\":2,\"name\":\"Azienda\",\"item\":\"https:\/\/www.overit.ai\/it\/azienda\/\"},{\"@type\":\"ListItem\",\"position\":3,\"name\":\"Lavora con noi\"}]},{\"@type\":\"WebSite\",\"@id\":\"https:\/\/www.overit.ai\/it\/#website\",\"url\":\"https:\/\/www.overit.ai\/it\/\",\"name\":\"OverIT\",\"description\":\"Innovation in Field Service Management\",\"publisher\":{\"@id\":\"https:\/\/www.overit.ai\/it\/#organization\"},\"potentialAction\":[{\"@type\":\"SearchAction\",\"target\":{\"@type\":\"EntryPoint\",\"urlTemplate\":\"https:\/\/www.overit.ai\/it\/?s={search_term_string}\"},\"query-input\":{\"@type\":\"PropertyValueSpecification\",\"valueRequired\":true,\"valueName\":\"search_term_string\"}}],\"inLanguage\":\"it-IT\"},{\"@type\":\"Organization\",\"@id\":\"https:\/\/www.overit.ai\/it\/#organization\",\"name\":\"OverIT\",\"url\":\"https:\/\/www.overit.ai\/it\/\",\"logo\":{\"@type\":\"ImageObject\",\"inLanguage\":\"it-IT\",\"@id\":\"https:\/\/www.overit.ai\/it\/#\/schema\/logo\/image\/\",\"url\":\"https:\/\/www.overit.ai\/app\/uploads\/2021\/10\/OverIT-logo-400.png\",\"contentUrl\":\"https:\/\/www.overit.ai\/app\/uploads\/2021\/10\/OverIT-logo-400.png\",\"width\":400,\"height\":250,\"caption\":\"OverIT\"},\"image\":{\"@id\":\"https:\/\/www.overit.ai\/it\/#\/schema\/logo\/image\/\"}}]}<\/script>\n<!-- \/ Yoast SEO Premium plugin. -->","yoast_head_json":{"title":"OverIT Careers, costruisci il tuo futuro con noi di OverIT","description":"Entra a far parte di una azienda IT innovativa, globale, leader nel FSM e tecnologie emergenti. Scopri le opportunit\u00e0 di lavoro OverIT","robots":{"index":"index","follow":"follow","max-snippet":"max-snippet:-1","max-image-preview":"max-image-preview:large","max-video-preview":"max-video-preview:-1"},"canonical":"https:\/\/www.overit.ai\/it\/azienda\/lavora-con-noi\/","og_locale":"it_IT","og_type":"article","og_title":"Lavora con noi","og_description":"Entra a far parte di una azienda IT innovativa, globale, leader nel FSM e tecnologie emergenti. Scopri le opportunit\u00e0 di lavoro OverIT","og_url":"https:\/\/www.overit.ai\/it\/azienda\/lavora-con-noi\/","og_site_name":"OverIT","article_modified_time":"2025-07-25T13:45:37+00:00","og_image":[{"width":2000,"height":760,"url":"https:\/\/www.overit.ai\/app\/uploads\/2020\/12\/overit-lavora-con-noi-2.jpg","type":"image\/jpeg"}],"twitter_card":"summary_large_image","twitter_misc":{"Est. reading time":"2 minutes"},"schema":{"@context":"https:\/\/schema.org","@graph":[{"@type":"WebPage","@id":"https:\/\/www.overit.ai\/it\/azienda\/lavora-con-noi\/","url":"https:\/\/www.overit.ai\/it\/azienda\/lavora-con-noi\/","name":"OverIT Careers, costruisci il tuo futuro con noi di OverIT","isPartOf":{"@id":"https:\/\/www.overit.ai\/it\/#website"},"datePublished":"2020-09-23T07:28:33+00:00","dateModified":"2025-07-25T13:45:37+00:00","description":"Entra a far parte di una azienda IT innovativa, globale, leader nel FSM e tecnologie emergenti. Scopri le opportunit\u00e0 di lavoro OverIT","breadcrumb":{"@id":"https:\/\/www.overit.ai\/it\/azienda\/lavora-con-noi\/#breadcrumb"},"inLanguage":"it-IT","potentialAction":[{"@type":"ReadAction","target":["https:\/\/www.overit.ai\/it\/azienda\/lavora-con-noi\/"]}]},{"@type":"BreadcrumbList","@id":"https:\/\/www.overit.ai\/it\/azienda\/lavora-con-noi\/#breadcrumb","itemListElement":[{"@type":"ListItem","position":1,"name":"Home","item":"https:\/\/www.overit.ai\/it\/"},{"@type":"ListItem","position":2,"name":"Azienda","item":"https:\/\/www.overit.ai\/it\/azienda\/"},{"@type":"ListItem","position":3,"name":"Lavora con noi"}]},{"@type":"WebSite","@id":"https:\/\/www.overit.ai\/it\/#website","url":"https:\/\/www.overit.ai\/it\/","name":"OverIT","description":"Innovation in Field Service Management","publisher":{"@id":"https:\/\/www.overit.ai\/it\/#organization"},"potentialAction":[{"@type":"SearchAction","target":{"@type":"EntryPoint","urlTemplate":"https:\/\/www.overit.ai\/it\/?s={search_term_string}"},"query-input":{"@type":"PropertyValueSpecification","valueRequired":true,"valueName":"search_term_string"}}],"inLanguage":"it-IT"},{"@type":"Organization","@id":"https:\/\/www.overit.ai\/it\/#organization","name":"OverIT","url":"https:\/\/www.overit.ai\/it\/","logo":{"@type":"ImageObject","inLanguage":"it-IT","@id":"https:\/\/www.overit.ai\/it\/#\/schema\/logo\/image\/","url":"https:\/\/www.overit.ai\/app\/uploads\/2021\/10\/OverIT-logo-400.png","contentUrl":"https:\/\/www.overit.ai\/app\/uploads\/2021\/10\/OverIT-logo-400.png","width":400,"height":250,"caption":"OverIT"},"image":{"@id":"https:\/\/www.overit.ai\/it\/#\/schema\/logo\/image\/"}}]}},"_links":{"self":[{"href":"https:\/\/www.overit.ai\/it\/wp-json\/wp\/v2\/pages\/98","targetHints":{"allow":["GET"]}}],"collection":[{"href":"https:\/\/www.overit.ai\/it\/wp-json\/wp\/v2\/pages"}],"about":[{"href":"https:\/\/www.overit.ai\/it\/wp-json\/wp\/v2\/types\/page"}],"author":[{"embeddable":true,"href":"https:\/\/www.overit.ai\/it\/wp-json\/wp\/v2\/users\/3"}],"replies":[{"embeddable":true,"href":"https:\/\/www.overit.ai\/it\/wp-json\/wp\/v2\/comments?post=98"}],"version-history":[{"count":118,"href":"https:\/\/www.overit.ai\/it\/wp-json\/wp\/v2\/pages\/98\/revisions"}],"predecessor-version":[{"id":65124,"href":"https:\/\/www.overit.ai\/it\/wp-json\/wp\/v2\/pages\/98\/revisions\/65124"}],"up":[{"embeddable":true,"href":"https:\/\/www.overit.ai\/it\/wp-json\/wp\/v2\/pages\/66"}],"wp:attachment":[{"href":"https:\/\/www.overit.ai\/it\/wp-json\/wp\/v2\/media?parent=98"}],"wp:term":[{"taxonomy":"case_study_category","embeddable":true,"href":"https:\/\/www.overit.ai\/it\/wp-json\/wp\/v2\/case_study_category?post=98"}],"curies":[{"name":"wp","href":"https:\/\/api.w.org\/{rel}","templated":true}]}}