{"id":9032,"date":"2021-01-12T11:12:03","date_gmt":"2021-01-12T11:12:03","guid":{"rendered":"https:\/\/www.overit.ai\/it\/?page_id=9032"},"modified":"2026-04-08T11:27:57","modified_gmt":"2026-04-08T11:27:57","slug":"enel-green-power-progetto-wfm","status":"publish","type":"page","link":"https:\/\/www.overit.ai\/it\/clienti\/casi-di-successo\/enel-green-power-progetto-wfm\/","title":{"rendered":"Gestione di turni di lavoro e manutenzione con copertura 24\/7"},"content":{"rendered":"<div\n  class=\"overit-block overit-block--white overit-radius-none overit-margin-medium-bottom overit-no-padding \n  overit-block-customer-page-header\"\n        >\n  \n  <div class=\"overit-block-wrapper\">\n\n<div class=\"cph\">\n  \n    <div class=\"cph_slogan-cont\" style=\"background: linear-gradient(0deg, rgba(0, 0, 0, 0.3), rgba(0, 0, 0, 0.3)), url('https:\/\/www.overit.ai\/app\/uploads\/2021\/01\/EGP-WFM.jpg') center bottom\">\n                  <div class=\"cph__section-title\">ENEL GLOBAL POWER GENERATION<\/div>\n                                    <h1 class=\"cph__slogan\">Gestione di turni di lavoro e manutenzione con copertura 24\/7<\/h1>\n            <\/div>\n  <div class=\"cph__customer-section\" data-aos=\"fade-up\">\n    <div class=\"cph__customer-desc-cont\">\n                    <img decoding=\"async\" class=\"cph__customer-logo\" src=\"https:\/\/www.overit.ai\/app\/uploads\/2020\/11\/enel-e-order-logo.png\" alt=\"enel-e-order-logo\" width=\"400\" height=\"100\" \/>\n            <div class=\"cph__customer-desc\">\n        <p>Presente in 29 Paesi in tutto il mondo, Enel Global Power Generation \u00e8 la societ\u00e0 del Gruppo Enel che si occupa dello sviluppo e della gestione delle attivit\u00e0 di generazione di energia da fonti rinnovabili, quali l\u2019energia solare, geotermica, eolica, idroelettrica e termale. <\/p>\n\n      <\/div>\n    <\/div>\n    <div class=\"cph__customer-facts\">\n              <div class=\"cph__facts-title\">INFORMAZIONI CHIAVE<\/div>\n        <div class=\"cph__facts\">\n                     <div class=\"cph__fact-cont\">\n            <div class=\"cph__fact-label\">\n              Settore\n            <\/div>\n            <div class=\"cph__fact\">\n              Energy &amp; Utility\n            <\/div>\n          <\/div>\n                     <div class=\"cph__fact-cont\">\n            <div class=\"cph__fact-label\">\n              Area geografica\n            <\/div>\n            <div class=\"cph__fact\">\n              EMEA (Italia + Spagna) LATAM\n            <\/div>\n          <\/div>\n                     <div class=\"cph__fact-cont\">\n            <div class=\"cph__fact-label\">\n              Tecnici coinvolti\n            <\/div>\n            <div class=\"cph__fact\">\n              1.300\n            <\/div>\n          <\/div>\n                     <div class=\"cph__fact-cont\">\n            <div class=\"cph__fact-label\">\n              Paesi serviti\n            <\/div>\n            <div class=\"cph__fact\">\n              29\n            <\/div>\n          <\/div>\n                  <\/div>\n          <\/div>\n  <\/div>\n<\/div>\n\n<\/div><!-- .overit-block-wrapper -->\n<\/div><!-- .overit-block -->\n\n\n<div\n  class=\"overit-block overit-block--white overit-radius-full overit-no-margin overit-padding-small overit-block--fullwidth\n  overit-block-configurable-jumbotron\"\n        >\n  \n  <div class=\"overit-block-wrapper\">\n\n<section class=\"configurable-jumbotron left\" >\n    \n    \n                  <div class=\"cj-subtitle small\"><p>Decarbonizzare il sistema energetico e rendere l\u2019economia pi\u00f9 sostenibile, equa e inclusiva per tutte le parti coinvolte, dalle persone alle loro comunit\u00e0, dai fornitori ai clienti, \u00e8 ormai improrogabile. Farlo significa rispettare la dignit\u00e0 e i diritti umani dando la possibilit\u00e0 a tutti di accedere alle risorse energetiche, indipendentemente dalla nazionalit\u00e0, dallo status sociale o dalla situazione economica, con uno sguardo costantemente rivolto alla questione ambientale. Mentre il mondo intero si prepara a chiudere le centrali alimentate a carbone, Enel Global Power Generation gioca un ruolo fondamentale nel facilitare il passaggio a fonti energetiche sostenibili valorizzando persone e ambiente e investendo nelle tecnologie pi\u00f9 avanzate. <\/p>\n<\/div>\n          \n        <\/section>\n\n<\/div><!-- .overit-block-wrapper -->\n<\/div><!-- .overit-block -->\n\n\n<div\n  class=\"overit-block overit-block--white overit-radius-full overit-no-margin overit-padding-small overit-block--fullwidth\n  overit-block-configurable-jumbotron\"\n        >\n  \n  <div class=\"overit-block-wrapper\">\n\n<section class=\"configurable-jumbotron left\" >\n                  <h3 class=\"cj-section-title\">SFIDA<\/h3>\n          \n                  <div class=\"cj-title medium\">Pianificazione veloce ed efficiente dei turni di lavoro giornalieri e delle attivit\u00e0 di manutenzione sugli asset di tutto il mondo<\/div>\n          \n                  <div class=\"cj-subtitle small\"><p>Enel Global Power Generation opera in 1.200 impianti di produzione di energia rinnovabile sparsi in tutto il mondo e fornisce energia sostenibile a 29 Paesi di 5 continenti, generando oltre 30.000 ordini di lavoro e pi\u00f9 di 9.000 avvisi di manutenzione ogni anno. In uno scenario cos\u00ec variegato, problemi e malfunzionamenti non possono sottovalutarsi perch\u00e9 potrebbero avere ripercussioni gravi sulla vita di ciascuno di noi. Per questo motivo, i turni di lavoro devono essere organizzati con una copertura 24 ore su 24, 7 giorni su 7 e le agende dei tecnici compilate in modo rapido e sollecito con le attivit\u00e0 di manutenzione da svolgere. <\/p>\n<\/div>\n          \n        <\/section>\n\n<\/div><!-- .overit-block-wrapper -->\n<\/div><!-- .overit-block -->\n\n\n<div\n  class=\"overit-block overit-block--white overit-radius-full  overit-no-padding \n  overit-block-separator\"\n        >\n  \n  <div class=\"overit-block-wrapper\">\n\n<div class=\"overit-separator overit-separator--boxed\">\n  <hr\/>\n<\/div>\n\n<\/div><!-- .overit-block-wrapper -->\n<\/div><!-- .overit-block -->\n\n\n<div\n  class=\"overit-block overit-block--white overit-radius-full overit-no-margin overit-padding-medium overit-block--fullwidth\n  overit-block-configurable-jumbotron\"\n        >\n  \n  <div class=\"overit-block-wrapper\">\n\n<section class=\"configurable-jumbotron left\" >\n                  <h3 class=\"cj-section-title\">SOLUZIONE<\/h3>\n          \n                  <div class=\"cj-title medium\">Gestione rapida dei turni di lavoro ed esecuzione delle attivit\u00e0 di manutenzione con copertura 24\/7 <\/div>\n          \n                  <div class=\"cj-subtitle small\"><p>Ogni giorno Enel Global Power Generation deve organizzare i turni di lavoro nei suoi centri operativi garantendo una copertura 24 ore su 24, 7 giorni su 7 oltre all\u2019assegnazione e all\u2019esecuzione tempestiva delle attivit\u00e0 di manutenzione. Ovviamente le necessit\u00e0 delle squadre in campo non possono essere ignorate: dare assistenza al personale durante l\u2019esecuzione dei processi Operation &amp; Maintenance attraverso un\u2019applicazione mobile dall\u2019interfaccia multilingue e user-friendly \u00e8 necessario per rispondere alle loro esigenze a prescindere dalla nazionalit\u00e0 o dal livello di alfabetizzazione digitale, monitorando, al contempo, le attivit\u00e0 e assicurando un servizio continuo a tutti gli utenti finali.<\/p>\n<ul>\n<li><strong>Integrazione con sistemi esterni<\/strong><br \/>\nIntegrazione con sistemi esterni quali: SAP PM\/MM, SAP HR e G-PWAY per la gestione di notifiche di manutenzione, avvisi e ticket; CKS e LDAP per la gestione del documentale<\/li>\n<li><strong>Turni di lavoro automatizzati<\/strong><br \/>\nGestione automatica 24\/7 di risorse e turni di lavoro nei centri operativi grazie al modulo customizzato di gestione dei turni. Schedulazione delle attivit\u00e0 di manutenzione ai tecnici in campo dal sistema di back-end<\/li>\n<li><strong>Gestione degli eventi e app mobile<\/strong><br \/>\nReplica e sincronizzazione dell\u2019app mobile tra smartphone o tablet e server per visualizzare avvisi e ticket sulla dashboard ed eseguire le attivit\u00e0 sul campo. Generazione di notifiche verso SAP PM e rendicontazione degli ordini di lavoro dal campo<\/li>\n<\/ul>\n<\/div>\n          \n        <\/section>\n\n<\/div><!-- .overit-block-wrapper -->\n<\/div><!-- .overit-block -->\n\n\n<div\n  class=\"overit-block overit-block--white overit-radius-full overit-no-margin overit-no-padding \n  overit-block-separator\"\n        >\n  \n  <div class=\"overit-block-wrapper\">\n\n<div class=\"overit-separator overit-separator--boxed\">\n  <hr\/>\n<\/div>\n\n<\/div><!-- .overit-block-wrapper -->\n<\/div><!-- .overit-block -->\n\n\n<div\n  class=\"overit-block overit-block--white overit-radius-full overit-no-margin overit-padding-medium overit-block--fullwidth\n  overit-block-configurable-jumbotron\"\n        >\n  \n  <div class=\"overit-block-wrapper\">\n\n<section class=\"configurable-jumbotron left\" >\n                  <h3 class=\"cj-section-title\">RISULTATI <\/h3>\n          \n                  <div class=\"cj-title medium\">Grazie a OverIT, Enel Global Power Generation ha ottenuto benefici considerevoli <\/div>\n          \n    \n        <\/section>\n\n<\/div><!-- .overit-block-wrapper -->\n<\/div><!-- .overit-block -->\n\n\n<div\n  class=\"overit-block overit-block--white overit-radius-full overit-margin-medium-bottom overit-padding-medium-bottom \n  overit-block-multi-info-cards\"\n        >\n  \n  <div class=\"overit-block-wrapper\">\n\n<div class=\"info-cards info-cards--4 info-cards--align-left\">\n        <div class=\"info-cards__sections \">\n                  <div class=\"info-card info-card--4\n                    info-card--without-icon\n          \n          info-card--top-line\n        \">\n        <div class=\"info-card-inner\">\n                                                      <div class=\"info-card__description\" >\n              <p>40% incremento della produttivit\u00e0: 2.500 ordini di lavoro e 800 notifiche al mese <\/p>\n\n            <\/div>\n                  <\/div>\n      <\/div>\n                  <div class=\"info-card info-card--4\n                    info-card--without-icon\n          \n          info-card--top-line\n        \">\n        <div class=\"info-card-inner\">\n                                                      <div class=\"info-card__description\" >\n              <p>50% diminuzione del tempo per rendicontare le attivit\u00e0 <\/p>\n\n            <\/div>\n                  <\/div>\n      <\/div>\n                  <div class=\"info-card info-card--4\n                    info-card--without-icon\n          \n          info-card--top-line\n        \">\n        <div class=\"info-card-inner\">\n                                                      <div class=\"info-card__description\" >\n              <p>75% riduzione dei costi di manutenzione a seguito dell\u2019adozione di una soluzione standardizzata <\/p>\n\n            <\/div>\n                  <\/div>\n      <\/div>\n                  <div class=\"info-card info-card--4\n                    info-card--without-icon\n          \n          info-card--top-line\n        \">\n        <div class=\"info-card-inner\">\n                                                      <div class=\"info-card__description\" >\n              <p>60% ottimizzazione del tempo medio di allineamento del sistema <\/p>\n\n            <\/div>\n                  <\/div>\n      <\/div>\n          <\/div>\n  <\/div>\n\n<\/div><!-- .overit-block-wrapper -->\n<\/div><!-- .overit-block -->\n\n\n<div\n  class=\"overit-block overit-block--white overit-radius-full overit-margin-medium overit-padding-medium \n  overit-block-sustainable-development-goals\"\n        >\n  \n  <div class=\"overit-block-wrapper\">\n\n\n<div class=\"sdg\" id=\"\">\n  <div class=\"sdg__container\">\n    <div class=\"sdg__logo\">\n      <img decoding=\"async\" src=\"https:\/\/www.overit.ai\/app\/themes\/overit-theme\/resources\/assets\/images\/sdg\/IT\/logo.png\" width=\"96\" height=\"82\" alt=\"Icona che rappresenta gli Obiettivi per lo Sviluppo Sostenibile\" \/>\n    <\/div>\n          <div class=\"sdg__description\">\n        <p><p>Generare energia pulita da fonti rinnovabili \u00e8 solo il primo passo per Enel Global Power Generation, la cui strategia aziendale abbraccia la sostenibilit\u00e0 in ogni sua fase. Adottando azioni mirate e buone pratiche che affrontano il cambiamento climatico, Enel incoraggia la transizione verso la decarbonizzazione, minimizzando l\u2019impatto ambientale e massimizzando le prestazioni, oltre a permettere alle comunit\u00e0 locali di raggiungere benefici economici e sociali e promuovere l\u2019economia circolare. Ne deriva un\u2019energia conveniente, sostenibile, pulita e accessibile da tutte le comunit\u00e0 del mondo. Integrandosi a tecnologie all\u2019avanguardia, la soluzione di OverIT accompagna Enel nel suo percorso volto a ridurre al minimo l\u2019impatto ambientale delle attivit\u00e0, ottimizzare l\u2019efficienza operativa degli impianti e garantire un uso responsabile delle risorse.<\/p>\n<\/p>\n      <\/div>\n              <div class=\"sdg__title\">\n        <p>OverIT <strong>NextGen Platform<\/strong> ha contribuito al raggiungimento degli <strong>Obiettivi di Sviluppo Sostenibile<\/strong><\/p>\n      <\/div>\n      <div class=\"sdg__icons\">\n                                        <div class=\"sdg__icon\">\n              <img decoding=\"async\" src=\"https:\/\/www.overit.ai\/app\/themes\/overit-theme\/resources\/assets\/images\/sdg\/IT\/7.png\" alt=\"Icona che rappresenta l&#039;Obiettivo di Sviluppo Sostenibile 7: Energia pulita e accessibile\" width=\"76\" height=\"76\" \/>\n            <\/div>\n                                                  <div class=\"sdg__icon\">\n              <img decoding=\"async\" src=\"https:\/\/www.overit.ai\/app\/themes\/overit-theme\/resources\/assets\/images\/sdg\/IT\/9.png\" alt=\"Icona che rappresenta l&#039;Obiettivo di Sviluppo Sostenibile 9: Industria, innovazione e infrastrutture\" width=\"76\" height=\"76\" \/>\n            <\/div>\n                                                  <div class=\"sdg__icon\">\n              <img decoding=\"async\" src=\"https:\/\/www.overit.ai\/app\/themes\/overit-theme\/resources\/assets\/images\/sdg\/IT\/11.png\" alt=\"Icona che rappresenta l&#039;Obiettivo di Sviluppo Sostenibile 11: Citt\u00e0 e comunit\u00e0 sostenibili\" width=\"76\" height=\"76\" \/>\n            <\/div>\n                                                  <div class=\"sdg__icon\">\n              <img decoding=\"async\" src=\"https:\/\/www.overit.ai\/app\/themes\/overit-theme\/resources\/assets\/images\/sdg\/IT\/13.png\" alt=\"Icona che rappresenta l&#039;Obiettivo di Sviluppo Sostenibile 13: Lotta contro il cambiamento climatico\" width=\"76\" height=\"76\" \/>\n            <\/div>\n                        <\/div>\n      <\/div>\n<\/div>\n\n<\/div><!-- .overit-block-wrapper -->\n<\/div><!-- .overit-block -->\n\n\n\n<p><\/p>\n","protected":false},"excerpt":{"rendered":"","protected":false},"author":3,"featured_media":10686,"parent":270,"menu_order":0,"comment_status":"closed","ping_status":"closed","template":"","meta":{"_acf_changed":false,"footnotes":""},"case_study_category":[220],"class_list":["post-9032","page","type-page","status-publish","has-post-thumbnail","hentry","case_study_category-energia-utility"],"acf":[],"yoast_head":"<!-- This site is optimized with the Yoast SEO Premium plugin v25.6 (Yoast SEO v25.6) - https:\/\/yoast.com\/wordpress\/plugins\/seo\/ -->\n<title>La soluzione OverIT a supporto di Enel Global Power Generation<\/title>\n<meta name=\"description\" content=\"OverIT digitalizza la gestione rapida dei turni di lavoro e attivit\u00e0 di manutenzione con copertura 24\/7 di Enel Global Power Generation\" \/>\n<meta name=\"robots\" content=\"index, follow, max-snippet:-1, max-image-preview:large, max-video-preview:-1\" \/>\n<link rel=\"canonical\" href=\"https:\/\/www.overit.ai\/it\/clienti\/casi-di-successo\/enel-green-power-progetto-wfm\/\" \/>\n<meta property=\"og:locale\" content=\"it_IT\" \/>\n<meta property=\"og:type\" content=\"article\" \/>\n<meta property=\"og:title\" content=\"La soluzione OverIT a supporto di Enel Global Power Generation\" \/>\n<meta property=\"og:description\" content=\"OverIT digitalizza la gestione rapida dei turni di lavoro e attivit\u00e0 di manutenzione con copertura 24\/7 di Enel Global Power Generation\" \/>\n<meta property=\"og:url\" content=\"https:\/\/www.overit.ai\/it\/clienti\/casi-di-successo\/enel-green-power-progetto-wfm\/\" \/>\n<meta property=\"og:site_name\" content=\"OverIT\" \/>\n<meta property=\"article:modified_time\" content=\"2026-04-08T11:27:57+00:00\" \/>\n<meta property=\"og:image\" content=\"https:\/\/www.overit.ai\/app\/uploads\/2021\/01\/EGP-WFM.jpg\" \/>\n\t<meta property=\"og:image:width\" content=\"1280\" \/>\n\t<meta property=\"og:image:height\" content=\"588\" \/>\n\t<meta property=\"og:image:type\" content=\"image\/jpeg\" \/>\n<meta name=\"twitter:card\" content=\"summary_large_image\" \/>\n<meta name=\"twitter:title\" content=\"La soluzione OverIT a supporto di Enel Global Power Generation\" \/>\n<meta name=\"twitter:description\" content=\"OverIT digitalizza la gestione rapida dei turni di lavoro e attivit\u00e0 di manutenzione con copertura 24\/7 di Enel Global Power Generation\" \/>\n<meta name=\"twitter:label1\" content=\"Est. reading time\" \/>\n\t<meta name=\"twitter:data1\" content=\"5 minutes\" \/>\n<script type=\"application\/ld+json\" class=\"yoast-schema-graph\">{\"@context\":\"https:\/\/schema.org\",\"@graph\":[{\"@type\":\"WebPage\",\"@id\":\"https:\/\/www.overit.ai\/it\/clienti\/casi-di-successo\/enel-green-power-progetto-wfm\/\",\"url\":\"https:\/\/www.overit.ai\/it\/clienti\/casi-di-successo\/enel-green-power-progetto-wfm\/\",\"name\":\"La soluzione OverIT a supporto di Enel Global Power Generation\",\"isPartOf\":{\"@id\":\"https:\/\/www.overit.ai\/it\/#website\"},\"primaryImageOfPage\":{\"@id\":\"https:\/\/www.overit.ai\/it\/clienti\/casi-di-successo\/enel-green-power-progetto-wfm\/#primaryimage\"},\"image\":{\"@id\":\"https:\/\/www.overit.ai\/it\/clienti\/casi-di-successo\/enel-green-power-progetto-wfm\/#primaryimage\"},\"thumbnailUrl\":\"https:\/\/www.overit.ai\/app\/uploads\/2021\/01\/EGP-WFM.jpg\",\"datePublished\":\"2021-01-12T11:12:03+00:00\",\"dateModified\":\"2026-04-08T11:27:57+00:00\",\"description\":\"OverIT digitalizza la gestione rapida dei turni di lavoro e attivit\u00e0 di manutenzione con copertura 24\/7 di Enel Global Power Generation\",\"breadcrumb\":{\"@id\":\"https:\/\/www.overit.ai\/it\/clienti\/casi-di-successo\/enel-green-power-progetto-wfm\/#breadcrumb\"},\"inLanguage\":\"it-IT\",\"potentialAction\":[{\"@type\":\"ReadAction\",\"target\":[\"https:\/\/www.overit.ai\/it\/clienti\/casi-di-successo\/enel-green-power-progetto-wfm\/\"]}]},{\"@type\":\"ImageObject\",\"inLanguage\":\"it-IT\",\"@id\":\"https:\/\/www.overit.ai\/it\/clienti\/casi-di-successo\/enel-green-power-progetto-wfm\/#primaryimage\",\"url\":\"https:\/\/www.overit.ai\/app\/uploads\/2021\/01\/EGP-WFM.jpg\",\"contentUrl\":\"https:\/\/www.overit.ai\/app\/uploads\/2021\/01\/EGP-WFM.jpg\",\"width\":1280,\"height\":588,\"caption\":\"EGP WFM\"},{\"@type\":\"BreadcrumbList\",\"@id\":\"https:\/\/www.overit.ai\/it\/clienti\/casi-di-successo\/enel-green-power-progetto-wfm\/#breadcrumb\",\"itemListElement\":[{\"@type\":\"ListItem\",\"position\":1,\"name\":\"Home\",\"item\":\"https:\/\/www.overit.ai\/it\/\"},{\"@type\":\"ListItem\",\"position\":2,\"name\":\"Clienti\",\"item\":\"https:\/\/www.overit.ai\/it\/clienti\/\"},{\"@type\":\"ListItem\",\"position\":3,\"name\":\"Casi di successo\",\"item\":\"https:\/\/www.overit.ai\/it\/clienti\/casi-di-successo\/\"},{\"@type\":\"ListItem\",\"position\":4,\"name\":\"Gestione di turni di lavoro e manutenzione con copertura 24\/7\"}]},{\"@type\":\"WebSite\",\"@id\":\"https:\/\/www.overit.ai\/it\/#website\",\"url\":\"https:\/\/www.overit.ai\/it\/\",\"name\":\"OverIT\",\"description\":\"Innovation in Field Service Management\",\"publisher\":{\"@id\":\"https:\/\/www.overit.ai\/it\/#organization\"},\"potentialAction\":[{\"@type\":\"SearchAction\",\"target\":{\"@type\":\"EntryPoint\",\"urlTemplate\":\"https:\/\/www.overit.ai\/it\/?s={search_term_string}\"},\"query-input\":{\"@type\":\"PropertyValueSpecification\",\"valueRequired\":true,\"valueName\":\"search_term_string\"}}],\"inLanguage\":\"it-IT\"},{\"@type\":\"Organization\",\"@id\":\"https:\/\/www.overit.ai\/it\/#organization\",\"name\":\"OverIT\",\"url\":\"https:\/\/www.overit.ai\/it\/\",\"logo\":{\"@type\":\"ImageObject\",\"inLanguage\":\"it-IT\",\"@id\":\"https:\/\/www.overit.ai\/it\/#\/schema\/logo\/image\/\",\"url\":\"https:\/\/www.overit.ai\/app\/uploads\/2021\/10\/OverIT-logo-400.png\",\"contentUrl\":\"https:\/\/www.overit.ai\/app\/uploads\/2021\/10\/OverIT-logo-400.png\",\"width\":400,\"height\":250,\"caption\":\"OverIT\"},\"image\":{\"@id\":\"https:\/\/www.overit.ai\/it\/#\/schema\/logo\/image\/\"}}]}<\/script>\n<!-- \/ Yoast SEO Premium plugin. -->","yoast_head_json":{"title":"La soluzione OverIT a supporto di Enel Global Power Generation","description":"OverIT digitalizza la gestione rapida dei turni di lavoro e attivit\u00e0 di manutenzione con copertura 24\/7 di Enel Global Power Generation","robots":{"index":"index","follow":"follow","max-snippet":"max-snippet:-1","max-image-preview":"max-image-preview:large","max-video-preview":"max-video-preview:-1"},"canonical":"https:\/\/www.overit.ai\/it\/clienti\/casi-di-successo\/enel-green-power-progetto-wfm\/","og_locale":"it_IT","og_type":"article","og_title":"La soluzione OverIT a supporto di Enel Global Power Generation","og_description":"OverIT digitalizza la gestione rapida dei turni di lavoro e attivit\u00e0 di manutenzione con copertura 24\/7 di Enel Global Power Generation","og_url":"https:\/\/www.overit.ai\/it\/clienti\/casi-di-successo\/enel-green-power-progetto-wfm\/","og_site_name":"OverIT","article_modified_time":"2026-04-08T11:27:57+00:00","og_image":[{"width":1280,"height":588,"url":"https:\/\/www.overit.ai\/app\/uploads\/2021\/01\/EGP-WFM.jpg","type":"image\/jpeg"}],"twitter_card":"summary_large_image","twitter_title":"La soluzione OverIT a supporto di Enel Global Power Generation","twitter_description":"OverIT digitalizza la gestione rapida dei turni di lavoro e attivit\u00e0 di manutenzione con copertura 24\/7 di Enel Global Power Generation","twitter_misc":{"Est. reading time":"5 minutes"},"schema":{"@context":"https:\/\/schema.org","@graph":[{"@type":"WebPage","@id":"https:\/\/www.overit.ai\/it\/clienti\/casi-di-successo\/enel-green-power-progetto-wfm\/","url":"https:\/\/www.overit.ai\/it\/clienti\/casi-di-successo\/enel-green-power-progetto-wfm\/","name":"La soluzione OverIT a supporto di Enel Global Power Generation","isPartOf":{"@id":"https:\/\/www.overit.ai\/it\/#website"},"primaryImageOfPage":{"@id":"https:\/\/www.overit.ai\/it\/clienti\/casi-di-successo\/enel-green-power-progetto-wfm\/#primaryimage"},"image":{"@id":"https:\/\/www.overit.ai\/it\/clienti\/casi-di-successo\/enel-green-power-progetto-wfm\/#primaryimage"},"thumbnailUrl":"https:\/\/www.overit.ai\/app\/uploads\/2021\/01\/EGP-WFM.jpg","datePublished":"2021-01-12T11:12:03+00:00","dateModified":"2026-04-08T11:27:57+00:00","description":"OverIT digitalizza la gestione rapida dei turni di lavoro e attivit\u00e0 di manutenzione con copertura 24\/7 di Enel Global Power Generation","breadcrumb":{"@id":"https:\/\/www.overit.ai\/it\/clienti\/casi-di-successo\/enel-green-power-progetto-wfm\/#breadcrumb"},"inLanguage":"it-IT","potentialAction":[{"@type":"ReadAction","target":["https:\/\/www.overit.ai\/it\/clienti\/casi-di-successo\/enel-green-power-progetto-wfm\/"]}]},{"@type":"ImageObject","inLanguage":"it-IT","@id":"https:\/\/www.overit.ai\/it\/clienti\/casi-di-successo\/enel-green-power-progetto-wfm\/#primaryimage","url":"https:\/\/www.overit.ai\/app\/uploads\/2021\/01\/EGP-WFM.jpg","contentUrl":"https:\/\/www.overit.ai\/app\/uploads\/2021\/01\/EGP-WFM.jpg","width":1280,"height":588,"caption":"EGP WFM"},{"@type":"BreadcrumbList","@id":"https:\/\/www.overit.ai\/it\/clienti\/casi-di-successo\/enel-green-power-progetto-wfm\/#breadcrumb","itemListElement":[{"@type":"ListItem","position":1,"name":"Home","item":"https:\/\/www.overit.ai\/it\/"},{"@type":"ListItem","position":2,"name":"Clienti","item":"https:\/\/www.overit.ai\/it\/clienti\/"},{"@type":"ListItem","position":3,"name":"Casi di successo","item":"https:\/\/www.overit.ai\/it\/clienti\/casi-di-successo\/"},{"@type":"ListItem","position":4,"name":"Gestione di turni di lavoro e manutenzione con copertura 24\/7"}]},{"@type":"WebSite","@id":"https:\/\/www.overit.ai\/it\/#website","url":"https:\/\/www.overit.ai\/it\/","name":"OverIT","description":"Innovation in Field Service Management","publisher":{"@id":"https:\/\/www.overit.ai\/it\/#organization"},"potentialAction":[{"@type":"SearchAction","target":{"@type":"EntryPoint","urlTemplate":"https:\/\/www.overit.ai\/it\/?s={search_term_string}"},"query-input":{"@type":"PropertyValueSpecification","valueRequired":true,"valueName":"search_term_string"}}],"inLanguage":"it-IT"},{"@type":"Organization","@id":"https:\/\/www.overit.ai\/it\/#organization","name":"OverIT","url":"https:\/\/www.overit.ai\/it\/","logo":{"@type":"ImageObject","inLanguage":"it-IT","@id":"https:\/\/www.overit.ai\/it\/#\/schema\/logo\/image\/","url":"https:\/\/www.overit.ai\/app\/uploads\/2021\/10\/OverIT-logo-400.png","contentUrl":"https:\/\/www.overit.ai\/app\/uploads\/2021\/10\/OverIT-logo-400.png","width":400,"height":250,"caption":"OverIT"},"image":{"@id":"https:\/\/www.overit.ai\/it\/#\/schema\/logo\/image\/"}}]}},"_links":{"self":[{"href":"https:\/\/www.overit.ai\/it\/wp-json\/wp\/v2\/pages\/9032","targetHints":{"allow":["GET"]}}],"collection":[{"href":"https:\/\/www.overit.ai\/it\/wp-json\/wp\/v2\/pages"}],"about":[{"href":"https:\/\/www.overit.ai\/it\/wp-json\/wp\/v2\/types\/page"}],"author":[{"embeddable":true,"href":"https:\/\/www.overit.ai\/it\/wp-json\/wp\/v2\/users\/3"}],"replies":[{"embeddable":true,"href":"https:\/\/www.overit.ai\/it\/wp-json\/wp\/v2\/comments?post=9032"}],"version-history":[{"count":39,"href":"https:\/\/www.overit.ai\/it\/wp-json\/wp\/v2\/pages\/9032\/revisions"}],"predecessor-version":[{"id":71095,"href":"https:\/\/www.overit.ai\/it\/wp-json\/wp\/v2\/pages\/9032\/revisions\/71095"}],"up":[{"embeddable":true,"href":"https:\/\/www.overit.ai\/it\/wp-json\/wp\/v2\/pages\/270"}],"wp:featuredmedia":[{"embeddable":true,"href":"https:\/\/www.overit.ai\/it\/wp-json\/wp\/v2\/media\/10686"}],"wp:attachment":[{"href":"https:\/\/www.overit.ai\/it\/wp-json\/wp\/v2\/media?parent=9032"}],"wp:term":[{"taxonomy":"case_study_category","embeddable":true,"href":"https:\/\/www.overit.ai\/it\/wp-json\/wp\/v2\/case_study_category?post=9032"}],"curies":[{"name":"wp","href":"https:\/\/api.w.org\/{rel}","templated":true}]}}