{"id":67332,"date":"2026-01-26T15:58:32","date_gmt":"2026-01-26T15:58:32","guid":{"rendered":"https:\/\/www.overit.ai\/?page_id=67332"},"modified":"2026-01-26T16:01:24","modified_gmt":"2026-01-26T16:01:24","slug":"scenario-planning-for-infrastructure","status":"publish","type":"page","link":"https:\/\/www.overit.ai\/it\/piattaforma\/gis-software\/scenario-planning-for-infrastructure\/","title":{"rendered":"Scenario planning for infrastructure"},"content":{"rendered":"<div\n  class=\"overit-block overit-block--light-gray overit-radius-full overit-no-margin overit-padding-small-top \n  overit-block-wide-info-image\"\n        >\n  \n  <div class=\"overit-block-wrapper\">\n\n\n\n\n<div class=\"wii right  \" id=\"\">\n        <div class=\"wii__content\" >\n                  <h1 class=\"wii__section-title\" style=\"\">Scenario planning for infrastructure<\/h1>\n          \n                      <h2 id=\"wii-title-69f6fe116ea43\" class=\"wii__title\" style=\"  \">Sfrutta un unico spazio di lavoro GIS e progetta, pianifica e simula scenari futuri, prendendo decisioni di investimento che garantiscono infrastrutture sostenibili e affidabili.<\/h2>\n          \n          <div class=\"wii__description\" style=\" \">\n        <p>Per le aziende che gestiscono asset lineari, realizzare una nuova infrastruttura \u00e8 un\u2019operazione che richiede la massima accuratezza. Ogni decisione dipende infatti da fasi di progettazione e pianificazione meticolose che devono coniugare molti fattori, tra cui la complessit\u00e0 del terreno, l\u2019impatto ambientale, i costi di costruzione, i requisiti normativi e l\u2019affidabilit\u00e0 dell\u2019opera a lungo termine. Individuare lo scenario futuro ideale diventa dunque fondamentale per mettere al riparo i progetti da costosi sforamenti dal budget iniziale e ritardi, nonch\u00e9 per garantire risultati conformi e redditizi.<\/p>\n\n      <\/div>\n    \n        \n    \n    \n    \n      <\/div>\n  \n      <div class=\"wii__image\" >\n          <div class=\"overit-video\">\n                <div class=\"overit-video__iframe\" >\n          <iframe title=\"OverIT NextGen Platform 2026 Wave One - Scenario planning for infrastructure Video\" src=\"https:\/\/fast.wistia.net\/embed\/iframe\/sgdt3saml1?dnt=1\" allow=\"autoplay; fullscreen\" allowtransparency=\"true\" frameborder=\"0\" scrolling=\"no\" class=\"wistia_embed\" name=\"wistia_embed\" msallowfullscreen width=\"640\" height=\"360\"><\/iframe><script src=\"https:\/\/fast.wistia.net\/assets\/external\/E-v1.js\" async><\/script>        <\/div>\n      <\/div>\n      <\/div>\n  \n  <\/div>\n\n<\/div><!-- .overit-block-wrapper -->\n<\/div><!-- .overit-block -->\n\n\n<div\n  class=\"overit-block overit-block--white overit-radius-full overit-no-margin overit-padding-small overit-block--fullwidth\n  overit-block-configurable-jumbotron\"\n        >\n  \n  <div class=\"overit-block-wrapper\">\n\n<section class=\"configurable-jumbotron left\" >\n                  <div class=\"cj-section-title\">La sfida<\/div>\n          \n                  <h2  class=\"cj-title small\">Quando complessit\u00e0 e vincoli bloccano le decisioni di rete<\/h2 >\n          \n                  <div class=\"cj-subtitle small\"><p>La crescente urbanizzazione della societ\u00e0 fa s\u00ec che sempre pi\u00f9 persone si concentrino in citt\u00e0 e in aree densamente popolate secondo una tendenza che \u00e8 destinata a intensificarsi nei prossimi anni. Questo fenomeno esercita un\u2019enorme pressione sulle utility, sui fornitori di infrastrutture e sui servizi pubblici, obbligandoli a modernizzare ed espandere le proprie reti secondo criteri di sostenibilit\u00e0.<br \/>\nDalla pianificazione di nuovi gasdotti e reti elettriche, idriche e di telecomunicazione alla progettazione di corridoi di trasporto, ogni decisione deve trovare il giusto equilibrio tra precisione, redditivit\u00e0 e impatto ambientale e geologico minimo, garantendo allo stesso tempo un servizio affidabile a milioni di persone.<\/p>\n<p>In questo scenario, non c\u2019\u00e8 alcun margine per procedere per tentativi e commettere errori.<br \/>\nUn gasdotto troppo lungo si traduce in costi eccessivi.<br \/>\nUn\u2019infrastruttura posta su un terreno instabile rischia cedimenti strutturali.<br \/>\nUn progetto di una rete che interferisce con corridoi ecologici o habitat sensibili potrebbe essere oggetto di rifiuto da parte delle autorit\u00e0 o di opposizione da parte della comunit\u00e0.<\/p>\n<p>A complicare la situazione si aggiunge una pianificazione di queste reti tutt\u2019altro che banale.<\/p>\n<p>Molte aziende si affidano ancora a fonti di dati frammentate, sistemi scollegati e strumenti di pianificazione decentralizzati. Le informazioni riguardo i vincoli ambientali, geologici e sociali spesso si trovano in database separati, rendendo complicato ottenere una visione d\u2019insieme, valutare i vantaggi e gli svantaggi di una determinata scelta e identificare la soluzione pi\u00f9 efficace.<br \/>\nDi conseguenza, progettisti e ingegneri si trovano in difficolt\u00e0 a rispondere a quesiti fondamentali:<\/p>\n<ul>\n<li>Quale proposta offre la maggiore copertura con il minore impatto ambientale e geologico?<\/li>\n<li>Qual \u00e8 l\u2019impatto a livello di costo e servizio di ciascuna proposta?<\/li>\n<li>Come espandere la rete senza perdere di vista la sostenibilit\u00e0?<\/li>\n<\/ul>\n<\/div>\n          \n        <\/section>\n\n<\/div><!-- .overit-block-wrapper -->\n<\/div><!-- .overit-block -->\n\n\n<div\n  class=\"overit-block overit-block--white overit-radius-full overit-no-margin overit-padding-small-bottom overit-block--fullwidth\n  overit-block-configurable-jumbotron\"\n        >\n  \n  <div class=\"overit-block-wrapper\">\n\n<section class=\"configurable-jumbotron left\" >\n                  <div class=\"cj-section-title\">La soluzione<\/div>\n          \n                  <h2  class=\"cj-title small\">Progetta, confronta e ottimizza gli scenari infrastrutturali<\/h2 >\n          \n                  <div class=\"cj-subtitle small\"><p>La funzionalit\u00e0 \u201cScenario planning for infrastructure\u201d consente ai progettisti GIS e di infrastrutture di simulare, visualizzare e confrontare diversi scenari di sviluppo ed espansione della rete entro un unico ambiente centralizzato.<br \/>\nGrazie a una schermata intuitiva basata sul GIS e a strumenti di valutazione dell\u2019impatto, i progettisti possono elaborare layout infrastrutturali alternativi, analizzare le varie opzioni di espansione con i relativi costi e valutare con largo anticipo le ripercussioni di ogni decisione prima di impegnare le risorse.<br \/>\nGli utenti possono:<\/p>\n<ul>\n<li>Progettare e modificare diverse configurazioni di rete con strumenti di modellazione intuitivi.<\/li>\n<li>Visualizzare e confrontare ogni scenario direttamente sulla mappa, integrando le valutazioni del rischio.<\/li>\n<li>Simulare e valutare le alternative in modo comparativo, sulla base del costo, della copertura, dell\u2019impatto ambientale e dell\u2019operativit\u00e0.<\/li>\n<li>Promuovere l\u2019opzione pi\u00f9 vantaggiosa in termini di costo e sostenibilit\u00e0, approvando il progetto vincente e scartando quelli meno efficaci, nel rispetto dei vincoli normativi e ambientali.<\/li>\n<\/ul>\n<p>Centralizzando tutti i dati geospaziali e degli asset, la soluzione elimina la presenza di sistemi frammentati, ottimizza i processi di analisi e consente una pianificazione basata sui dati.<\/p>\n<\/div>\n          \n        <\/section>\n\n<\/div><!-- .overit-block-wrapper -->\n<\/div><!-- .overit-block -->\n\n\n<div\n  class=\"overit-block overit-block--white overit-radius-full overit-no-margin overit-no-padding \n  overit-block-configurable-jumbotron\"\n        >\n  \n  <div class=\"overit-block-wrapper\">\n\n<section class=\"configurable-jumbotron left\" >\n                  <div class=\"cj-section-title\">Benefici<\/div>\n          \n                  <h2  class=\"cj-title medium\">I vantaggi della pianificazione di rete basata su scenari<\/h2 >\n          \n    \n        <\/section>\n\n<\/div><!-- .overit-block-wrapper -->\n<\/div><!-- .overit-block -->\n\n\n<div\n  class=\"overit-block overit-block--white overit-radius-full overit-margin-small-top overit-padding-medium-bottom \n  overit-block-multi-info-cards\"\n        >\n  \n  <div class=\"overit-block-wrapper\">\n\n<div class=\"info-cards info-cards--4 info-cards--align-left\">\n        <div class=\"info-cards__sections \">\n                  <div class=\"info-card info-card--4\n           info-card--bg-gray           \n          \n          info-card--top-line\n        \">\n        <div class=\"info-card-inner\">\n                                  <div class=\"info-card__icon\">\n                            <i aria-hidden=\"true\" style=\"color: #FF8200;font-size: 48px;\" class=\"fa-classic fa-light fa-check-double\" aria-hidden=\"true\"><\/i>\n            <\/div>\n                                            <div class=\"info-card__title \" >\n              Garanzia di rispetto dei requisiti normativi\n            <\/div>\n                            <\/div>\n      <\/div>\n                  <div class=\"info-card info-card--4\n           info-card--bg-gray           \n          \n          info-card--top-line\n        \">\n        <div class=\"info-card-inner\">\n                                  <div class=\"info-card__icon\">\n                            <i aria-hidden=\"true\" style=\"color: #FF8200;font-size: 48px;\" class=\"fa-classic fa-light fa-chart-mixed\" aria-hidden=\"true\"><\/i>\n            <\/div>\n                                            <div class=\"info-card__title \" >\n              Perfezionamento del processo decisionale con informazioni basate sui dati\n            <\/div>\n                            <\/div>\n      <\/div>\n                  <div class=\"info-card info-card--4\n           info-card--bg-gray           \n          \n          info-card--top-line\n        \">\n        <div class=\"info-card-inner\">\n                                  <div class=\"info-card__icon\">\n                            <i aria-hidden=\"true\" style=\"color: #FF8200;font-size: 48px;\" class=\"fa-classic fa-light fa-chart-mixed-up-circle-dollar\" aria-hidden=\"true\"><\/i>\n            <\/div>\n                                            <div class=\"info-card__title \" >\n              Ottimizzazione di costi e opzioni di investimento\n            <\/div>\n                            <\/div>\n      <\/div>\n                  <div class=\"info-card info-card--4\n           info-card--bg-gray           \n          \n          info-card--top-line\n        \">\n        <div class=\"info-card-inner\">\n                                  <div class=\"info-card__icon\">\n                            <i aria-hidden=\"true\" style=\"color: #FF8200;font-size: 32px;\" class=\"fa-classic fa-light fa-users\" aria-hidden=\"true\"><\/i>\n            <\/div>\n                                            <div class=\"info-card__title \" >\n              Miglioramento della collaborazione tra tutte le parti interessate grazie a una soluzione unificata\n            <\/div>\n                            <\/div>\n      <\/div>\n          <\/div>\n  <\/div>\n\n<\/div><!-- .overit-block-wrapper -->\n<\/div><!-- .overit-block -->\n","protected":false},"excerpt":{"rendered":"","protected":false},"author":3,"featured_media":0,"parent":54497,"menu_order":0,"comment_status":"closed","ping_status":"closed","template":"","meta":{"_acf_changed":false,"footnotes":""},"case_study_category":[],"class_list":["post-67332","page","type-page","status-publish","hentry"],"acf":[],"yoast_head":"<!-- This site is optimized with the Yoast SEO Premium plugin v25.6 (Yoast SEO v25.6) - https:\/\/yoast.com\/wordpress\/plugins\/seo\/ -->\n<title>Scenario planning for infrastructure | OverIT NextGen Platform<\/title>\n<meta name=\"description\" content=\"Accedi a uno spazio di lavoro GIS unificato per progettare, pianificare e simulare futuri scenari infrastrutturali, favorendo investimenti pi\u00f9 intelligenti e sostenibili\" \/>\n<meta name=\"robots\" content=\"index, follow, max-snippet:-1, max-image-preview:large, max-video-preview:-1\" \/>\n<link rel=\"canonical\" href=\"https:\/\/www.overit.ai\/it\/piattaforma\/gis-software\/scenario-planning-for-infrastructure\/\" \/>\n<meta property=\"og:locale\" content=\"it_IT\" \/>\n<meta property=\"og:type\" content=\"article\" \/>\n<meta property=\"og:title\" content=\"Scenario planning for infrastructure | OverIT NextGen Platform\" \/>\n<meta property=\"og:description\" content=\"Accedi a uno spazio di lavoro GIS unificato per progettare, pianificare e simulare futuri scenari infrastrutturali, favorendo investimenti pi\u00f9 intelligenti e sostenibili.\" \/>\n<meta property=\"og:url\" content=\"https:\/\/www.overit.ai\/it\/piattaforma\/gis-software\/scenario-planning-for-infrastructure\/\" \/>\n<meta property=\"og:site_name\" content=\"OverIT\" \/>\n<meta property=\"article:modified_time\" content=\"2026-01-26T16:01:24+00:00\" \/>\n<meta property=\"og:image\" content=\"https:\/\/www.overit.ai\/app\/uploads\/2025\/09\/jub-bundling-su-linear-asset.webp\" \/>\n\t<meta property=\"og:image:width\" content=\"1910\" \/>\n\t<meta property=\"og:image:height\" content=\"1076\" \/>\n\t<meta property=\"og:image:type\" content=\"image\/webp\" \/>\n<meta name=\"twitter:card\" content=\"summary_large_image\" \/>\n<meta name=\"twitter:title\" content=\"Scenario planning for infrastructure | OverIT NextGen Platform\" \/>\n<meta name=\"twitter:description\" content=\"Accedi a uno spazio di lavoro GIS unificato per progettare, pianificare e simulare futuri scenari infrastrutturali, favorendo investimenti pi\u00f9 intelligenti e sostenibili.\" \/>\n<meta name=\"twitter:label1\" content=\"Est. reading time\" \/>\n\t<meta name=\"twitter:data1\" content=\"4 minutes\" \/>\n<script type=\"application\/ld+json\" class=\"yoast-schema-graph\">{\"@context\":\"https:\/\/schema.org\",\"@graph\":[{\"@type\":\"WebPage\",\"@id\":\"https:\/\/www.overit.ai\/it\/piattaforma\/gis-software\/scenario-planning-for-infrastructure\/\",\"url\":\"https:\/\/www.overit.ai\/it\/piattaforma\/gis-software\/scenario-planning-for-infrastructure\/\",\"name\":\"Scenario planning for infrastructure | OverIT NextGen Platform\",\"isPartOf\":{\"@id\":\"https:\/\/www.overit.ai\/it\/#website\"},\"datePublished\":\"2026-01-26T15:58:32+00:00\",\"dateModified\":\"2026-01-26T16:01:24+00:00\",\"description\":\"Accedi a uno spazio di lavoro GIS unificato per progettare, pianificare e simulare futuri scenari infrastrutturali, favorendo investimenti pi\u00f9 intelligenti e sostenibili\",\"breadcrumb\":{\"@id\":\"https:\/\/www.overit.ai\/it\/piattaforma\/gis-software\/scenario-planning-for-infrastructure\/#breadcrumb\"},\"inLanguage\":\"it-IT\",\"potentialAction\":[{\"@type\":\"ReadAction\",\"target\":[\"https:\/\/www.overit.ai\/it\/piattaforma\/gis-software\/scenario-planning-for-infrastructure\/\"]}]},{\"@type\":\"BreadcrumbList\",\"@id\":\"https:\/\/www.overit.ai\/it\/piattaforma\/gis-software\/scenario-planning-for-infrastructure\/#breadcrumb\",\"itemListElement\":[{\"@type\":\"ListItem\",\"position\":1,\"name\":\"Home\",\"item\":\"https:\/\/www.overit.ai\/it\/\"},{\"@type\":\"ListItem\",\"position\":2,\"name\":\"Piattaforma di Field Service Management\",\"item\":\"https:\/\/www.overit.ai\/it\/piattaforma\/\"},{\"@type\":\"ListItem\",\"position\":3,\"name\":\"NextGen Geo\",\"item\":\"https:\/\/www.overit.ai\/it\/piattaforma\/gis-software\/\"},{\"@type\":\"ListItem\",\"position\":4,\"name\":\"Scenario planning for infrastructure\"}]},{\"@type\":\"WebSite\",\"@id\":\"https:\/\/www.overit.ai\/it\/#website\",\"url\":\"https:\/\/www.overit.ai\/it\/\",\"name\":\"OverIT\",\"description\":\"Innovation in Field Service Management\",\"publisher\":{\"@id\":\"https:\/\/www.overit.ai\/it\/#organization\"},\"potentialAction\":[{\"@type\":\"SearchAction\",\"target\":{\"@type\":\"EntryPoint\",\"urlTemplate\":\"https:\/\/www.overit.ai\/it\/?s={search_term_string}\"},\"query-input\":{\"@type\":\"PropertyValueSpecification\",\"valueRequired\":true,\"valueName\":\"search_term_string\"}}],\"inLanguage\":\"it-IT\"},{\"@type\":\"Organization\",\"@id\":\"https:\/\/www.overit.ai\/it\/#organization\",\"name\":\"OverIT\",\"url\":\"https:\/\/www.overit.ai\/it\/\",\"logo\":{\"@type\":\"ImageObject\",\"inLanguage\":\"it-IT\",\"@id\":\"https:\/\/www.overit.ai\/it\/#\/schema\/logo\/image\/\",\"url\":\"https:\/\/www.overit.ai\/app\/uploads\/2021\/10\/OverIT-logo-400.png\",\"contentUrl\":\"https:\/\/www.overit.ai\/app\/uploads\/2021\/10\/OverIT-logo-400.png\",\"width\":400,\"height\":250,\"caption\":\"OverIT\"},\"image\":{\"@id\":\"https:\/\/www.overit.ai\/it\/#\/schema\/logo\/image\/\"}}]}<\/script>\n<!-- \/ Yoast SEO Premium plugin. -->","yoast_head_json":{"title":"Scenario planning for infrastructure | OverIT NextGen Platform","description":"Accedi a uno spazio di lavoro GIS unificato per progettare, pianificare e simulare futuri scenari infrastrutturali, favorendo investimenti pi\u00f9 intelligenti e sostenibili","robots":{"index":"index","follow":"follow","max-snippet":"max-snippet:-1","max-image-preview":"max-image-preview:large","max-video-preview":"max-video-preview:-1"},"canonical":"https:\/\/www.overit.ai\/it\/piattaforma\/gis-software\/scenario-planning-for-infrastructure\/","og_locale":"it_IT","og_type":"article","og_title":"Scenario planning for infrastructure | OverIT NextGen Platform","og_description":"Accedi a uno spazio di lavoro GIS unificato per progettare, pianificare e simulare futuri scenari infrastrutturali, favorendo investimenti pi\u00f9 intelligenti e sostenibili.","og_url":"https:\/\/www.overit.ai\/it\/piattaforma\/gis-software\/scenario-planning-for-infrastructure\/","og_site_name":"OverIT","article_modified_time":"2026-01-26T16:01:24+00:00","og_image":[{"width":1910,"height":1076,"url":"https:\/\/www.overit.ai\/app\/uploads\/2025\/09\/jub-bundling-su-linear-asset.webp","type":"image\/webp"}],"twitter_card":"summary_large_image","twitter_title":"Scenario planning for infrastructure | OverIT NextGen Platform","twitter_description":"Accedi a uno spazio di lavoro GIS unificato per progettare, pianificare e simulare futuri scenari infrastrutturali, favorendo investimenti pi\u00f9 intelligenti e sostenibili.","twitter_misc":{"Est. reading time":"4 minutes"},"schema":{"@context":"https:\/\/schema.org","@graph":[{"@type":"WebPage","@id":"https:\/\/www.overit.ai\/it\/piattaforma\/gis-software\/scenario-planning-for-infrastructure\/","url":"https:\/\/www.overit.ai\/it\/piattaforma\/gis-software\/scenario-planning-for-infrastructure\/","name":"Scenario planning for infrastructure | OverIT NextGen Platform","isPartOf":{"@id":"https:\/\/www.overit.ai\/it\/#website"},"datePublished":"2026-01-26T15:58:32+00:00","dateModified":"2026-01-26T16:01:24+00:00","description":"Accedi a uno spazio di lavoro GIS unificato per progettare, pianificare e simulare futuri scenari infrastrutturali, favorendo investimenti pi\u00f9 intelligenti e sostenibili","breadcrumb":{"@id":"https:\/\/www.overit.ai\/it\/piattaforma\/gis-software\/scenario-planning-for-infrastructure\/#breadcrumb"},"inLanguage":"it-IT","potentialAction":[{"@type":"ReadAction","target":["https:\/\/www.overit.ai\/it\/piattaforma\/gis-software\/scenario-planning-for-infrastructure\/"]}]},{"@type":"BreadcrumbList","@id":"https:\/\/www.overit.ai\/it\/piattaforma\/gis-software\/scenario-planning-for-infrastructure\/#breadcrumb","itemListElement":[{"@type":"ListItem","position":1,"name":"Home","item":"https:\/\/www.overit.ai\/it\/"},{"@type":"ListItem","position":2,"name":"Piattaforma di Field Service Management","item":"https:\/\/www.overit.ai\/it\/piattaforma\/"},{"@type":"ListItem","position":3,"name":"NextGen Geo","item":"https:\/\/www.overit.ai\/it\/piattaforma\/gis-software\/"},{"@type":"ListItem","position":4,"name":"Scenario planning for infrastructure"}]},{"@type":"WebSite","@id":"https:\/\/www.overit.ai\/it\/#website","url":"https:\/\/www.overit.ai\/it\/","name":"OverIT","description":"Innovation in Field Service Management","publisher":{"@id":"https:\/\/www.overit.ai\/it\/#organization"},"potentialAction":[{"@type":"SearchAction","target":{"@type":"EntryPoint","urlTemplate":"https:\/\/www.overit.ai\/it\/?s={search_term_string}"},"query-input":{"@type":"PropertyValueSpecification","valueRequired":true,"valueName":"search_term_string"}}],"inLanguage":"it-IT"},{"@type":"Organization","@id":"https:\/\/www.overit.ai\/it\/#organization","name":"OverIT","url":"https:\/\/www.overit.ai\/it\/","logo":{"@type":"ImageObject","inLanguage":"it-IT","@id":"https:\/\/www.overit.ai\/it\/#\/schema\/logo\/image\/","url":"https:\/\/www.overit.ai\/app\/uploads\/2021\/10\/OverIT-logo-400.png","contentUrl":"https:\/\/www.overit.ai\/app\/uploads\/2021\/10\/OverIT-logo-400.png","width":400,"height":250,"caption":"OverIT"},"image":{"@id":"https:\/\/www.overit.ai\/it\/#\/schema\/logo\/image\/"}}]}},"_links":{"self":[{"href":"https:\/\/www.overit.ai\/it\/wp-json\/wp\/v2\/pages\/67332","targetHints":{"allow":["GET"]}}],"collection":[{"href":"https:\/\/www.overit.ai\/it\/wp-json\/wp\/v2\/pages"}],"about":[{"href":"https:\/\/www.overit.ai\/it\/wp-json\/wp\/v2\/types\/page"}],"author":[{"embeddable":true,"href":"https:\/\/www.overit.ai\/it\/wp-json\/wp\/v2\/users\/3"}],"replies":[{"embeddable":true,"href":"https:\/\/www.overit.ai\/it\/wp-json\/wp\/v2\/comments?post=67332"}],"version-history":[{"count":4,"href":"https:\/\/www.overit.ai\/it\/wp-json\/wp\/v2\/pages\/67332\/revisions"}],"predecessor-version":[{"id":68014,"href":"https:\/\/www.overit.ai\/it\/wp-json\/wp\/v2\/pages\/67332\/revisions\/68014"}],"up":[{"embeddable":true,"href":"https:\/\/www.overit.ai\/it\/wp-json\/wp\/v2\/pages\/54497"}],"wp:attachment":[{"href":"https:\/\/www.overit.ai\/it\/wp-json\/wp\/v2\/media?parent=67332"}],"wp:term":[{"taxonomy":"case_study_category","embeddable":true,"href":"https:\/\/www.overit.ai\/it\/wp-json\/wp\/v2\/case_study_category?post=67332"}],"curies":[{"name":"wp","href":"https:\/\/api.w.org\/{rel}","templated":true}]}}