{"id":67327,"date":"2026-01-26T16:09:27","date_gmt":"2026-01-26T16:09:27","guid":{"rendered":"https:\/\/www.overit.ai\/?page_id=67327"},"modified":"2026-01-26T16:09:28","modified_gmt":"2026-01-26T16:09:28","slug":"emergency-response-with-live-traffic","status":"publish","type":"page","link":"https:\/\/www.overit.ai\/it\/piattaforma\/field-service-management-software\/pianificazione-assegnazione\/emergency-response-with-live-traffic\/","title":{"rendered":"Emergency Response with Live Traffic"},"content":{"rendered":"<div\n  class=\"overit-block overit-block--light-gray overit-radius-full overit-no-margin overit-padding-small-top \n  overit-block-wide-info-image\"\n        >\n  \n  <div class=\"overit-block-wrapper\">\n\n\n\n\n<div class=\"wii right  \" id=\"\">\n        <div class=\"wii__content\" >\n                  <h1 class=\"wii__section-title\" style=\"\">Emergency Response with Live Traffic<\/h1>\n          \n                      <h2 id=\"wii-title-69f6fe1e609c9\" class=\"wii__title\" style=\"  \">Una risposta rapida alle emergenze \u00e8 vitale. Potenzia rapidamente dispatcher e tecnici per ridurre al minimo i ritardi e ripristinare i servizi essenziali per la comunit\u00e0.<\/h2>\n          \n          <div class=\"wii__description\" style=\" \">\n        <p>Le attivit\u00e0 mission-critical nelle aziende di asset lineari esigono di essere gestite con velocit\u00e0 e precisione per preservare la continuit\u00e0 dei servizi essenziali. Quando si verifica un\u2019emergenza, i tecnici sul campo sono chiamati a intervenire immediatamente.<br \/>\nMa cosa succede se rimangono bloccati nel traffico? Nonostante questa circostanza si verifichi spesso e soprattutto in strade cittadine congestionate e intricate, non \u00e8 ovviamente accettabile.<\/p>\n\n      <\/div>\n    \n        \n    \n    \n    \n      <\/div>\n  \n      <div class=\"wii__image\" >\n          <div class=\"overit-video\">\n                <div class=\"overit-video__iframe\" >\n          <iframe title=\"OverIT NextGen Platform 2026 Wave One - Emergency Response with Live Traffic Video\" src=\"https:\/\/fast.wistia.net\/embed\/iframe\/3dl5d07qip?dnt=1\" allow=\"autoplay; fullscreen\" allowtransparency=\"true\" frameborder=\"0\" scrolling=\"no\" class=\"wistia_embed\" name=\"wistia_embed\" msallowfullscreen width=\"640\" height=\"360\"><\/iframe><script src=\"https:\/\/fast.wistia.net\/assets\/external\/E-v1.js\" async><\/script>        <\/div>\n      <\/div>\n      <\/div>\n  \n  <\/div>\n\n<\/div><!-- .overit-block-wrapper -->\n<\/div><!-- .overit-block -->\n\n\n<div\n  class=\"overit-block overit-block--white overit-radius-full overit-no-margin overit-padding-small overit-block--fullwidth\n  overit-block-configurable-jumbotron\"\n        >\n  \n  <div class=\"overit-block-wrapper\">\n\n<section class=\"configurable-jumbotron left\" >\n                  <div class=\"cj-section-title\">La sfida<\/div>\n          \n                  <h2  class=\"cj-title small\">La congestione urbana rallenta gli interventi di emergenza sul campo<\/h2 >\n          \n                  <div class=\"cj-subtitle small\"><p>Immaginiamo una metropoli frenetica, con milioni di persone e migliaia di servizi fondamentali, che improvvisamente si ritrova al buio a causa di un\u2019enorme interruzione di corrente che provoca un blackout generalizzato.<br \/>\nLa metropolitana si ferma.<br \/>\nI semafori si spengono.<br \/>\nScuole, ospedali e aeroporti sospendono il servizio, lasciando in difficolt\u00e0 migliaia di persone.<br \/>\nE ipotizziamo che lo stesso succeda a negozi, ascensori, ambulatori e centri dati. Tutto \u00e8 completamente paralizzato.<\/p>\n<p>In quel momento, l\u2019unica speranza per la citt\u00e0 \u00e8 rappresentata da una societ\u00e0 di servizi e dai suoi tecnici, che lavorano incessantemente per ripristinare l\u2019elettricit\u00e0 in ospedali, scuole, aziende e quartieri che semplicemente non possono rimanere al buio. Ma anche per questi eroi quotidiani, la strada non \u00e8 mai in discesa. Il traffico cittadino pu\u00f2 trasformare i minuti in ore, rallentando la risposta all\u2019emergenza, la riparazione di asset fondamentali e mettendo a rischio il rispetto degli SLA. E mentre i tecnici sul campo cercano di raggiungere il luogo dell\u2019intervento affrontando il traffico, l\u2019intera comunit\u00e0 attende che le luci si riaccendano e che la vita torni alla normalit\u00e0.<\/p>\n<\/div>\n          \n        <\/section>\n\n<\/div><!-- .overit-block-wrapper -->\n<\/div><!-- .overit-block -->\n\n\n<div\n  class=\"overit-block overit-block--white overit-radius-full overit-no-margin overit-padding-small-bottom overit-block--fullwidth\n  overit-block-configurable-jumbotron\"\n        >\n  \n  <div class=\"overit-block-wrapper\">\n\n<section class=\"configurable-jumbotron left\" >\n                  <div class=\"cj-section-title\">La soluzione<\/div>\n          \n                  <h2  class=\"cj-title small\">Sempre il percorso pi\u00f9 rapido verso la risoluzione<\/h2 >\n          \n                  <div class=\"cj-subtitle small\"><p>La funzionalit\u00e0 \u201cEmergency response with live traffic\u201d consente ai dispatcher di pianificare la risposta alle emergenze tenendo in considerazione sia le condizioni e i dati del traffico in tempo reale sia la vicinanza, le competenze e la disponibilit\u00e0 dei tecnici. Ogni attivit\u00e0 \u00e8 assegnata in automatico al tecnico pi\u00f9 adatto, insieme al percorso pi\u00f9 veloce ed efficace per raggiungere il luogo nel pi\u00f9 breve tempo possibile, senza incorrere in interruzioni o ritardi causati da traffico, blocchi o lavori stradali.<\/p>\n<p>Per le attivit\u00e0 dove ogni minuto pu\u00f2 fare la differenza, come le emergenze, questa funzionalit\u00e0 consente alle aziende di ottimizzare i tempi di risposta, migliorare la conformit\u00e0 agli SLA e ridurre notevolmente i tempi di inattivit\u00e0.<\/p>\n<p>Inoltre, la piattaforma riprogramma le assegnazioni in tempo reale, man mano che le condizioni del traffico e del luogo dell\u2019intervento cambiano, cos\u00ec da garantire che il percorso che ogni tecnico deve compiere sia sempre corretto, rapido e aggiornato, indipendentemente dagli imprevisti lungo il tragitto.<\/p>\n<\/div>\n          \n        <\/section>\n\n<\/div><!-- .overit-block-wrapper -->\n<\/div><!-- .overit-block -->\n\n\n<div\n  class=\"overit-block overit-block--white overit-radius-full overit-no-margin overit-no-padding \n  overit-block-configurable-jumbotron\"\n        >\n  \n  <div class=\"overit-block-wrapper\">\n\n<section class=\"configurable-jumbotron left\" >\n                  <div class=\"cj-section-title\">Benefici<\/div>\n          \n                  <h2  class=\"cj-title medium\">Benefici chiave della risposta alle emergenze con traffico in tempo reale<\/h2 >\n          \n    \n        <\/section>\n\n<\/div><!-- .overit-block-wrapper -->\n<\/div><!-- .overit-block -->\n\n\n<div\n  class=\"overit-block overit-block--white overit-radius-full overit-margin-small-top overit-padding-medium-bottom \n  overit-block-multi-info-cards\"\n        >\n  \n  <div class=\"overit-block-wrapper\">\n\n<div class=\"info-cards info-cards--4 info-cards--align-left\">\n        <div class=\"info-cards__sections \">\n                  <div class=\"info-card info-card--4\n           info-card--bg-gray           \n          \n          info-card--top-line\n        \">\n        <div class=\"info-card-inner\">\n                                  <div class=\"info-card__icon\">\n                            <i aria-hidden=\"true\" style=\"color: #FF8200;font-size: 48px;\" class=\"fa-classic fa-light fa-chart-line-up\" aria-hidden=\"true\"><\/i>\n            <\/div>\n                                            <div class=\"info-card__title \" >\n              Incremento della produttivit\u00e0 in campo\n            <\/div>\n                            <\/div>\n      <\/div>\n                  <div class=\"info-card info-card--4\n           info-card--bg-gray           \n          \n          info-card--top-line\n        \">\n        <div class=\"info-card-inner\">\n                                  <div class=\"info-card__icon\">\n                            <i aria-hidden=\"true\" style=\"color: #FF8200;font-size: 48px;\" class=\"fa-classic fa-light fa-memo-circle-check\" aria-hidden=\"true\"><\/i>\n            <\/div>\n                                            <div class=\"info-card__title \" >\n              Aumento della conformit\u00e0 agli SLA\n            <\/div>\n                            <\/div>\n      <\/div>\n                  <div class=\"info-card info-card--4\n           info-card--bg-gray           \n          \n          info-card--top-line\n        \">\n        <div class=\"info-card-inner\">\n                                  <div class=\"info-card__icon\">\n                            <i aria-hidden=\"true\" style=\"color: #FF8200;font-size: 48px;\" class=\"fa-classic fa-light fa-calendar-week\" aria-hidden=\"true\"><\/i>\n            <\/div>\n                                            <div class=\"info-card__title \" >\n              Garanzia di continuit\u00e0 operativa\n            <\/div>\n                            <\/div>\n      <\/div>\n                  <div class=\"info-card info-card--4\n           info-card--bg-gray           \n          \n          info-card--top-line\n        \">\n        <div class=\"info-card-inner\">\n                                  <div class=\"info-card__icon\">\n                            <i aria-hidden=\"true\" style=\"color: #FF8200;font-size: 32px;\" class=\"fa-classic fa-light fa-shield-plus\" aria-hidden=\"true\"><\/i>\n            <\/div>\n                                            <div class=\"info-card__title \" >\n              Miglioramento della sicurezza per gli operatori\n            <\/div>\n                            <\/div>\n      <\/div>\n          <\/div>\n  <\/div>\n\n<\/div><!-- .overit-block-wrapper -->\n<\/div><!-- .overit-block -->\n","protected":false},"excerpt":{"rendered":"","protected":false},"author":3,"featured_media":0,"parent":57617,"menu_order":0,"comment_status":"closed","ping_status":"closed","template":"","meta":{"_acf_changed":false,"footnotes":""},"case_study_category":[],"class_list":["post-67327","page","type-page","status-publish","hentry"],"acf":[],"yoast_head":"<!-- This site is optimized with the Yoast SEO Premium plugin v25.6 (Yoast SEO v25.6) - https:\/\/yoast.com\/wordpress\/plugins\/seo\/ -->\n<title>Emergency Response with Live Traffic | OverIT NextGen Platform<\/title>\n<meta name=\"description\" content=\"Una risposta rapida alle emergenze \u00e8 vitale. Potenzia dispatcher e tecnici per ridurre al minimo i ritardi e ripristinare i servizi essenziali\" \/>\n<meta name=\"robots\" content=\"index, follow, max-snippet:-1, max-image-preview:large, max-video-preview:-1\" \/>\n<link rel=\"canonical\" href=\"https:\/\/www.overit.ai\/it\/piattaforma\/field-service-management-software\/pianificazione-assegnazione\/emergency-response-with-live-traffic\/\" \/>\n<meta property=\"og:locale\" content=\"it_IT\" \/>\n<meta property=\"og:type\" content=\"article\" \/>\n<meta property=\"og:title\" content=\"Emergency Response with Live Traffic | OverIT NextGen Platform\" \/>\n<meta property=\"og:description\" content=\"Una risposta rapida alle emergenze \u00e8 vitale. Potenzia dispatcher e tecnici per ridurre al minimo i ritardi e ripristinare i servizi essenziali\" \/>\n<meta property=\"og:url\" content=\"https:\/\/www.overit.ai\/it\/piattaforma\/field-service-management-software\/pianificazione-assegnazione\/emergency-response-with-live-traffic\/\" \/>\n<meta property=\"og:site_name\" content=\"OverIT\" \/>\n<meta property=\"article:modified_time\" content=\"2026-01-26T16:09:28+00:00\" \/>\n<meta property=\"og:image\" content=\"https:\/\/www.overit.ai\/app\/uploads\/2025\/09\/jub-bundling-su-linear-asset.webp\" \/>\n\t<meta property=\"og:image:width\" content=\"1910\" \/>\n\t<meta property=\"og:image:height\" content=\"1076\" \/>\n\t<meta property=\"og:image:type\" content=\"image\/webp\" \/>\n<meta name=\"twitter:card\" content=\"summary_large_image\" \/>\n<meta name=\"twitter:title\" content=\"Emergency Response with Live Traffic | OverIT NextGen Platform\" \/>\n<meta name=\"twitter:description\" content=\"Una risposta rapida alle emergenze \u00e8 vitale. Potenzia dispatcher e tecnici per ridurre al minimo i ritardi e ripristinare i servizi essenziali\" \/>\n<meta name=\"twitter:label1\" content=\"Est. reading time\" \/>\n\t<meta name=\"twitter:data1\" content=\"3 minutes\" \/>\n<script type=\"application\/ld+json\" class=\"yoast-schema-graph\">{\"@context\":\"https:\/\/schema.org\",\"@graph\":[{\"@type\":\"WebPage\",\"@id\":\"https:\/\/www.overit.ai\/it\/piattaforma\/field-service-management-software\/pianificazione-assegnazione\/emergency-response-with-live-traffic\/\",\"url\":\"https:\/\/www.overit.ai\/it\/piattaforma\/field-service-management-software\/pianificazione-assegnazione\/emergency-response-with-live-traffic\/\",\"name\":\"Emergency Response with Live Traffic | OverIT NextGen Platform\",\"isPartOf\":{\"@id\":\"https:\/\/www.overit.ai\/it\/#website\"},\"datePublished\":\"2026-01-26T16:09:27+00:00\",\"dateModified\":\"2026-01-26T16:09:28+00:00\",\"description\":\"Una risposta rapida alle emergenze \u00e8 vitale. Potenzia dispatcher e tecnici per ridurre al minimo i ritardi e ripristinare i servizi essenziali\",\"breadcrumb\":{\"@id\":\"https:\/\/www.overit.ai\/it\/piattaforma\/field-service-management-software\/pianificazione-assegnazione\/emergency-response-with-live-traffic\/#breadcrumb\"},\"inLanguage\":\"it-IT\",\"potentialAction\":[{\"@type\":\"ReadAction\",\"target\":[\"https:\/\/www.overit.ai\/it\/piattaforma\/field-service-management-software\/pianificazione-assegnazione\/emergency-response-with-live-traffic\/\"]}]},{\"@type\":\"BreadcrumbList\",\"@id\":\"https:\/\/www.overit.ai\/it\/piattaforma\/field-service-management-software\/pianificazione-assegnazione\/emergency-response-with-live-traffic\/#breadcrumb\",\"itemListElement\":[{\"@type\":\"ListItem\",\"position\":1,\"name\":\"Home\",\"item\":\"https:\/\/www.overit.ai\/it\/\"},{\"@type\":\"ListItem\",\"position\":2,\"name\":\"Piattaforma di Field Service Management\",\"item\":\"https:\/\/www.overit.ai\/it\/piattaforma\/\"},{\"@type\":\"ListItem\",\"position\":3,\"name\":\"NextGen FSM\",\"item\":\"https:\/\/www.overit.ai\/it\/piattaforma\/field-service-management-software\/\"},{\"@type\":\"ListItem\",\"position\":4,\"name\":\"Pianificazione e assegnazione\",\"item\":\"https:\/\/www.overit.ai\/it\/piattaforma\/field-service-management-software\/pianificazione-assegnazione\/\"},{\"@type\":\"ListItem\",\"position\":5,\"name\":\"Emergency Response with Live Traffic\"}]},{\"@type\":\"WebSite\",\"@id\":\"https:\/\/www.overit.ai\/it\/#website\",\"url\":\"https:\/\/www.overit.ai\/it\/\",\"name\":\"OverIT\",\"description\":\"Innovation in Field Service Management\",\"publisher\":{\"@id\":\"https:\/\/www.overit.ai\/it\/#organization\"},\"potentialAction\":[{\"@type\":\"SearchAction\",\"target\":{\"@type\":\"EntryPoint\",\"urlTemplate\":\"https:\/\/www.overit.ai\/it\/?s={search_term_string}\"},\"query-input\":{\"@type\":\"PropertyValueSpecification\",\"valueRequired\":true,\"valueName\":\"search_term_string\"}}],\"inLanguage\":\"it-IT\"},{\"@type\":\"Organization\",\"@id\":\"https:\/\/www.overit.ai\/it\/#organization\",\"name\":\"OverIT\",\"url\":\"https:\/\/www.overit.ai\/it\/\",\"logo\":{\"@type\":\"ImageObject\",\"inLanguage\":\"it-IT\",\"@id\":\"https:\/\/www.overit.ai\/it\/#\/schema\/logo\/image\/\",\"url\":\"https:\/\/www.overit.ai\/app\/uploads\/2021\/10\/OverIT-logo-400.png\",\"contentUrl\":\"https:\/\/www.overit.ai\/app\/uploads\/2021\/10\/OverIT-logo-400.png\",\"width\":400,\"height\":250,\"caption\":\"OverIT\"},\"image\":{\"@id\":\"https:\/\/www.overit.ai\/it\/#\/schema\/logo\/image\/\"}}]}<\/script>\n<!-- \/ Yoast SEO Premium plugin. -->","yoast_head_json":{"title":"Emergency Response with Live Traffic | OverIT NextGen Platform","description":"Una risposta rapida alle emergenze \u00e8 vitale. Potenzia dispatcher e tecnici per ridurre al minimo i ritardi e ripristinare i servizi essenziali","robots":{"index":"index","follow":"follow","max-snippet":"max-snippet:-1","max-image-preview":"max-image-preview:large","max-video-preview":"max-video-preview:-1"},"canonical":"https:\/\/www.overit.ai\/it\/piattaforma\/field-service-management-software\/pianificazione-assegnazione\/emergency-response-with-live-traffic\/","og_locale":"it_IT","og_type":"article","og_title":"Emergency Response with Live Traffic | OverIT NextGen Platform","og_description":"Una risposta rapida alle emergenze \u00e8 vitale. Potenzia dispatcher e tecnici per ridurre al minimo i ritardi e ripristinare i servizi essenziali","og_url":"https:\/\/www.overit.ai\/it\/piattaforma\/field-service-management-software\/pianificazione-assegnazione\/emergency-response-with-live-traffic\/","og_site_name":"OverIT","article_modified_time":"2026-01-26T16:09:28+00:00","og_image":[{"width":1910,"height":1076,"url":"https:\/\/www.overit.ai\/app\/uploads\/2025\/09\/jub-bundling-su-linear-asset.webp","type":"image\/webp"}],"twitter_card":"summary_large_image","twitter_title":"Emergency Response with Live Traffic | OverIT NextGen Platform","twitter_description":"Una risposta rapida alle emergenze \u00e8 vitale. Potenzia dispatcher e tecnici per ridurre al minimo i ritardi e ripristinare i servizi essenziali","twitter_misc":{"Est. reading time":"3 minutes"},"schema":{"@context":"https:\/\/schema.org","@graph":[{"@type":"WebPage","@id":"https:\/\/www.overit.ai\/it\/piattaforma\/field-service-management-software\/pianificazione-assegnazione\/emergency-response-with-live-traffic\/","url":"https:\/\/www.overit.ai\/it\/piattaforma\/field-service-management-software\/pianificazione-assegnazione\/emergency-response-with-live-traffic\/","name":"Emergency Response with Live Traffic | OverIT NextGen Platform","isPartOf":{"@id":"https:\/\/www.overit.ai\/it\/#website"},"datePublished":"2026-01-26T16:09:27+00:00","dateModified":"2026-01-26T16:09:28+00:00","description":"Una risposta rapida alle emergenze \u00e8 vitale. Potenzia dispatcher e tecnici per ridurre al minimo i ritardi e ripristinare i servizi essenziali","breadcrumb":{"@id":"https:\/\/www.overit.ai\/it\/piattaforma\/field-service-management-software\/pianificazione-assegnazione\/emergency-response-with-live-traffic\/#breadcrumb"},"inLanguage":"it-IT","potentialAction":[{"@type":"ReadAction","target":["https:\/\/www.overit.ai\/it\/piattaforma\/field-service-management-software\/pianificazione-assegnazione\/emergency-response-with-live-traffic\/"]}]},{"@type":"BreadcrumbList","@id":"https:\/\/www.overit.ai\/it\/piattaforma\/field-service-management-software\/pianificazione-assegnazione\/emergency-response-with-live-traffic\/#breadcrumb","itemListElement":[{"@type":"ListItem","position":1,"name":"Home","item":"https:\/\/www.overit.ai\/it\/"},{"@type":"ListItem","position":2,"name":"Piattaforma di Field Service Management","item":"https:\/\/www.overit.ai\/it\/piattaforma\/"},{"@type":"ListItem","position":3,"name":"NextGen FSM","item":"https:\/\/www.overit.ai\/it\/piattaforma\/field-service-management-software\/"},{"@type":"ListItem","position":4,"name":"Pianificazione e assegnazione","item":"https:\/\/www.overit.ai\/it\/piattaforma\/field-service-management-software\/pianificazione-assegnazione\/"},{"@type":"ListItem","position":5,"name":"Emergency Response with Live Traffic"}]},{"@type":"WebSite","@id":"https:\/\/www.overit.ai\/it\/#website","url":"https:\/\/www.overit.ai\/it\/","name":"OverIT","description":"Innovation in Field Service Management","publisher":{"@id":"https:\/\/www.overit.ai\/it\/#organization"},"potentialAction":[{"@type":"SearchAction","target":{"@type":"EntryPoint","urlTemplate":"https:\/\/www.overit.ai\/it\/?s={search_term_string}"},"query-input":{"@type":"PropertyValueSpecification","valueRequired":true,"valueName":"search_term_string"}}],"inLanguage":"it-IT"},{"@type":"Organization","@id":"https:\/\/www.overit.ai\/it\/#organization","name":"OverIT","url":"https:\/\/www.overit.ai\/it\/","logo":{"@type":"ImageObject","inLanguage":"it-IT","@id":"https:\/\/www.overit.ai\/it\/#\/schema\/logo\/image\/","url":"https:\/\/www.overit.ai\/app\/uploads\/2021\/10\/OverIT-logo-400.png","contentUrl":"https:\/\/www.overit.ai\/app\/uploads\/2021\/10\/OverIT-logo-400.png","width":400,"height":250,"caption":"OverIT"},"image":{"@id":"https:\/\/www.overit.ai\/it\/#\/schema\/logo\/image\/"}}]}},"_links":{"self":[{"href":"https:\/\/www.overit.ai\/it\/wp-json\/wp\/v2\/pages\/67327","targetHints":{"allow":["GET"]}}],"collection":[{"href":"https:\/\/www.overit.ai\/it\/wp-json\/wp\/v2\/pages"}],"about":[{"href":"https:\/\/www.overit.ai\/it\/wp-json\/wp\/v2\/types\/page"}],"author":[{"embeddable":true,"href":"https:\/\/www.overit.ai\/it\/wp-json\/wp\/v2\/users\/3"}],"replies":[{"embeddable":true,"href":"https:\/\/www.overit.ai\/it\/wp-json\/wp\/v2\/comments?post=67327"}],"version-history":[{"count":2,"href":"https:\/\/www.overit.ai\/it\/wp-json\/wp\/v2\/pages\/67327\/revisions"}],"predecessor-version":[{"id":68017,"href":"https:\/\/www.overit.ai\/it\/wp-json\/wp\/v2\/pages\/67327\/revisions\/68017"}],"up":[{"embeddable":true,"href":"https:\/\/www.overit.ai\/it\/wp-json\/wp\/v2\/pages\/57617"}],"wp:attachment":[{"href":"https:\/\/www.overit.ai\/it\/wp-json\/wp\/v2\/media?parent=67327"}],"wp:term":[{"taxonomy":"case_study_category","embeddable":true,"href":"https:\/\/www.overit.ai\/it\/wp-json\/wp\/v2\/case_study_category?post=67327"}],"curies":[{"name":"wp","href":"https:\/\/api.w.org\/{rel}","templated":true}]}}