{"id":66102,"date":"2025-09-11T14:16:36","date_gmt":"2025-09-11T14:16:36","guid":{"rendered":"https:\/\/www.overit.ai\/?page_id=66102"},"modified":"2025-11-19T12:01:15","modified_gmt":"2025-11-19T12:01:15","slug":"mobile-gis-redlining","status":"publish","type":"page","link":"https:\/\/www.overit.ai\/it\/piattaforma\/field-service-management-software\/mobile-workforce-management\/mobile-gis-redlining\/","title":{"rendered":"Mobile GIS redlining"},"content":{"rendered":"<div\n  class=\"overit-block overit-block--light-gray overit-radius-full overit-no-margin overit-padding-small-top \n  overit-block-wide-info-image\"\n        >\n  \n  <div class=\"overit-block-wrapper\">\n\n\n\n\n<div class=\"wii right  \" id=\"\">\n        <div class=\"wii__content\" >\n                  <h1 class=\"wii__section-title\" style=\"\">Mobile GIS redlining<\/h1>\n          \n                      <h2 id=\"wii-title-69df2feeab93d\" class=\"wii__title\" style=\"  \">Aggiorna le tue mappe in tempo reale con Mobile GIS redlining<\/h2>\n          \n    \n        \n    \n    \n    \n      <\/div>\n  \n      <div class=\"wii__image\" >\n          <div class=\"overit-video\">\n                <div class=\"overit-video__iframe\" >\n          <iframe title=\"OverIT NextGen Platform 2023 Wave Three - Mobile GIS redlining Video\" src=\"https:\/\/fast.wistia.net\/embed\/iframe\/4yi0aqgtrt?dnt=1\" allow=\"autoplay; fullscreen\" allowtransparency=\"true\" frameborder=\"0\" scrolling=\"no\" class=\"wistia_embed\" name=\"wistia_embed\" msallowfullscreen width=\"640\" height=\"360\"><\/iframe><script src=\"https:\/\/fast.wistia.net\/assets\/external\/E-v1.js\" async><\/script>        <\/div>\n      <\/div>\n      <\/div>\n  \n  <\/div>\n\n<\/div><!-- .overit-block-wrapper -->\n<\/div><!-- .overit-block -->\n\n\n<div\n  class=\"overit-block overit-block--white overit-radius-full overit-no-margin overit-padding-small overit-block--fullwidth\n  overit-block-configurable-jumbotron\"\n        >\n  \n  <div class=\"overit-block-wrapper\">\n\n<section class=\"configurable-jumbotron left\" >\n                  <div class=\"cj-section-title\">La sfida<\/div>\n          \n                  <h3  class=\"cj-title small\">Mappe obsolete: rischi per efficienza e sicurezza<\/h3 >\n          \n                  <div class=\"cj-subtitle small\"><p>I tecnici adoperano spesso mappe e molteplici dati <a href=\"https:\/\/www.overit.ai\/it\/piattaforma\/field-service-management-software\/sistema-di-informazioni-geografico-gis\/\">GIS (Geographic Information System)<\/a> durante l\u2019esecuzione delle attivit\u00e0 in campo. Queste mappe forniscono informazioni essenziali riguardo la posizione degli asset, le infrastrutture, il tipo di terreno e altri dati spaziali rilevanti. Tuttavia, il mondo reale \u00e8 dinamico e vede la frequente costruzione di nuove infrastrutture, la trasformazione del territorio e l\u2019evoluzione delle componenti geografiche. Ci\u00f2 fa s\u00ec che molti dati GIS diventino, nel tempo, obsoleti.<\/p>\n<ul>\n<li>Dati cartografici inaccurati potrebbero rallentare il tecnico, che si vede costretto a cercare un asset in un luogo che non corrisponde a quello indicato nella mappa, nonch\u00e9 indurlo a compiere errori durante l\u2019esecuzione delle operazioni in campo.<\/li>\n<li>L\u2019accesso limitato agli ultimi aggiornamenti e alle modifiche apportate alla mappa pu\u00f2 far lavorare il tecnico con informazioni datate, le quali potrebbero portare a errori e a ridurre il livello di efficienza.<\/li>\n<li>Mappe inaccurate o obsolete possono ostacolare la comunicazione e i processi decisionali.<\/li>\n<li>Cercare un asset nel luogo sbagliato o dover controllare pi\u00f9 volte un\u2019informazione a causa della presenza di mappe non aggiornate pu\u00f2 portare a un dispendio di tempo e risorse.<\/li>\n<\/ul>\n<p>Immaginiamo un\u2019azienda nel settore delle utility responsabile della gestione di un\u2019ampia rete di condutture e linee di trasmissione per distribuire acqua, gas ed elettricit\u00e0 a varie aree. Per condurre le proprie attivit\u00e0, il personale in campo sa di potersi affidare alle <a href=\"https:\/\/www.overit.ai\/it\/piattaforma\/field-service-management-software\/sistema-di-informazioni-geografico-gis\/\">mappe GIS per tracciare la posizione e le caratteristiche degli asset<\/a>. Ma cosa succede nel caso in cui una nuova tubatura venga allacciata alla rete? Nel momento in cui giungono sul luogo dell\u2019intervento, i tecnici si accorgono di alcune discrepanze tra quanto mostrato sulla mappa e l\u2019effettiva infrastruttura. Un disallineamento dei dati pu\u00f2 confondere, ridurre il livello di efficienza nonch\u00e9 causare problemi di sicurezza.<br \/>\nLo stesso scenario capita quando i tecnici, chiamati sul campo per ispezionare le turbine eoliche, scoprono che i recenti eventi climatici hanno modificato l\u2019ambiente circostante, tra cui il terreno e la vegetazione, rendendolo di fatto pericoloso.<\/p>\n<p>Fino ad oggi quando i tecnici riscontravano alcuni dati GIS inaccurati, dovevano chiederne l\u2019aggiornamento ai colleghi di back-office inviando documenti cartacei ed email o utilizzando altri mezzi poco funzionali. Il back-office avrebbe poi dovuto individuare la posizione esatta dove apportare le modifiche e capire quali dati aggiornare per adattarli alla situazione reale. Seguendo questo iter, ci sarebbero volute settimane prima di aggiornare, rivedere e diffondere i dati GIS corretti alle squadre di tecnici.<\/p>\n<\/div>\n          \n        <\/section>\n\n<\/div><!-- .overit-block-wrapper -->\n<\/div><!-- .overit-block -->\n\n\n<div\n  class=\"overit-block overit-block--white overit-radius-full overit-no-margin overit-padding-small-bottom overit-block--fullwidth\n  overit-block-configurable-jumbotron\"\n        >\n  \n  <div class=\"overit-block-wrapper\">\n\n<section class=\"configurable-jumbotron left\" >\n                  <div class=\"cj-section-title\">La soluzione<\/div>\n          \n                  <h3  class=\"cj-title small\">Aggiornamenti diretti dal campo tramite mobile GIS<\/h3 >\n          \n                  <div class=\"cj-subtitle small\"><p>La funzionalit\u00e0 Mobile GIS redlining d\u00e0 la possibilit\u00e0 ai tecnici di segnalare le inesattezze o le modifiche da apportare direttamente sulla mappa, in base a quanto emerge in campo. Accedendo alla <a href=\"https:\/\/www.overit.ai\/it\/piattaforma\/field-service-management-software\/mobile-workforce-management\/\">mappa GIS dal loro dispositivo mobile<\/a>, i tecnici possono infatti confrontare quanto mostrato con l\u2019infrastruttura reale e, in caso di discrepanze o cambiamenti, sfruttare la <a href=\"https:\/\/www.overit.ai\/it\/piattaforma\/field-service-management-software\/mobile-workforce-management\/offline-mobile-gis-redlining\/\">funzionalit\u00e0 di redlining<\/a> per segnalare le informazioni da aggiornare direttamente sulla mappa. Ad esempio, se \u00e8 stato costruito un nuovo gasdotto, i tecnici possono disegnare il tratto di tubatura interessato sulla mappa e fornire dettagli aggiuntivi, quali la data di costruzione e i materiali utilizzati. Le informazioni cos\u00ec modificate sono poi inviate ai colleghi di back-office perch\u00e9 possano rivederle, di fatto riducendo sensibilmente il tempo necessario ad aggiornare i dati GIS e a ritrasmetterli alle squadre in campo.<\/p>\n<p>Gli utenti acquisiscono osservazioni in tempo reale e inseriscono modifiche, aggiornamenti, correzioni e annotazioni direttamente sulla componente cartografica, potendo anche condividere le informazioni raccolte con i colleghi. Questi aggiornamenti in tempo reale assicurano l\u2019accuratezza dei dati, incrementano i livelli di efficienza operativa e migliorano le misure di sicurezza.<\/p>\n<ul>\n<li>Inserimento di note, commenti e immagini sulla mappa per indicare i cambiamenti riscontrati dai tecnici, a garanzia di un miglioramento costante della precisione della mappa e dell\u2019integrazione immediata di nuove informazioni.<\/li>\n<li>Aggiunta delle informazioni sulla mappa direttamente dal luogo di osservazione per ridurre la probabilit\u00e0 di errori e garantire dati accurati che rispecchino la realt\u00e0.<\/li>\n<li>Condivisione delle mappe con i colleghi e il reparto di back-office nell\u2019immediato per facilitare e migliorare la comunicazione, dal momento che tutte le parti coinvolte nel processo possono operare accedendo e affidandosi ai dati pi\u00f9 recenti rilevati in campo.<\/li>\n<li>Miglioramento della collaborazione tra le squadre in campo, gli ingegneri e i colleghi di back-office, fornendo una chiara immagine visiva attraverso le annotazioni prese sulla mappa che riduce le incomprensioni e promuove un efficiente lavoro di squadra.<\/li>\n<\/ul>\n<p>Questa funzionalit\u00e0 potenzia le capacit\u00e0 dei tecnici che ora possono dare il proprio contributo per incrementare i livelli di precisione della componente cartografica, rivoluzionare il modo in cui gestiscono e aggiornano le informazioni su mappa e proiettare le aziende in una nuova era dove efficienza e collaborazione sono garantite, il tutto all\u2019interno dell\u2019<a href=\"https:\/\/www.overit.ai\/it\/piattaforma\/field-service-management-software\/\">app mobile di OverIT<\/a>.<\/p>\n<\/div>\n          \n        <\/section>\n\n<\/div><!-- .overit-block-wrapper -->\n<\/div><!-- .overit-block -->\n\n\n<div\n  class=\"overit-block overit-block--white overit-radius-full overit-no-margin overit-padding-small-bottom overit-block--fullwidth\n  overit-block-configurable-jumbotron\"\n        >\n  \n  <div class=\"overit-block-wrapper\">\n\n<section class=\"configurable-jumbotron left\" >\n                  <div class=\"cj-section-title\">Benefici e KPI<\/div>\n          \n                  <h3  class=\"cj-title small\">Accuratezza, collaborazione e risparmio<\/h3 >\n          \n    \n        <\/section>\n\n<\/div><!-- .overit-block-wrapper -->\n<\/div><!-- .overit-block -->\n\n\n<div\n  class=\"overit-block overit-block--white overit-radius-full overit-no-margin overit-padding-medium-bottom \n  overit-block-multi-info-cards\"\n        >\n  \n  <div class=\"overit-block-wrapper\">\n\n<div class=\"info-cards info-cards--4 info-cards--align-left\">\n        <div class=\"info-cards__sections \">\n                  <div class=\"info-card info-card--4\n           info-card--bg-gray           \n          \n          info-card--top-line\n        \">\n        <div class=\"info-card-inner\">\n                                  <div class=\"info-card__icon\">\n                            <i aria-hidden=\"true\" style=\"color: #FF8200;font-size: 32px;\" class=\"fa-classic fa-light fa-user-helmet-safety\" aria-hidden=\"true\"><\/i>\n            <\/div>\n                                            <div class=\"info-card__title \" >\n              Agevolazione delle operazioni in campo\n            <\/div>\n                            <\/div>\n      <\/div>\n                  <div class=\"info-card info-card--4\n           info-card--bg-gray           \n          \n          info-card--top-line\n        \">\n        <div class=\"info-card-inner\">\n                                  <div class=\"info-card__icon\">\n                            <i aria-hidden=\"true\" style=\"color: #FF8200;font-size: 32px;\" class=\"fa-kit fa-custom fa-overit-helmet-remote-support\" aria-hidden=\"true\"><\/i>\n            <\/div>\n                                            <div class=\"info-card__title \" >\n              Incoraggiamento della collaborazione in tutta l\u2019azienda\n            <\/div>\n                            <\/div>\n      <\/div>\n                  <div class=\"info-card info-card--4\n           info-card--bg-gray           \n          \n          info-card--top-line\n        \">\n        <div class=\"info-card-inner\">\n                                  <div class=\"info-card__icon\">\n                            <i aria-hidden=\"true\" style=\"color: #FF8200;font-size: 32px;\" class=\"fa-classic fa-light fa-person-circle-check\" aria-hidden=\"true\"><\/i>\n            <\/div>\n                                            <div class=\"info-card__title \" >\n              Velocizzazione della raccolta dei dati in campo\n            <\/div>\n                            <\/div>\n      <\/div>\n                  <div class=\"info-card info-card--4\n           info-card--bg-gray           \n          \n          info-card--top-line\n        \">\n        <div class=\"info-card-inner\">\n                                  <div class=\"info-card__icon\">\n                            <i aria-hidden=\"true\" style=\"color: #FF8200;font-size: 32px;\" class=\"fa-classic fa-light fa-piggy-bank\" aria-hidden=\"true\"><\/i>\n            <\/div>\n                                            <div class=\"info-card__title \" >\n              Risparmio di tempo e costi\n            <\/div>\n                            <\/div>\n      <\/div>\n          <\/div>\n  <\/div>\n\n<\/div><!-- .overit-block-wrapper -->\n<\/div><!-- .overit-block -->\n","protected":false},"excerpt":{"rendered":"","protected":false},"author":3,"featured_media":0,"parent":59502,"menu_order":0,"comment_status":"closed","ping_status":"closed","template":"","meta":{"_acf_changed":false,"footnotes":""},"case_study_category":[],"class_list":["post-66102","page","type-page","status-publish","hentry"],"acf":[],"yoast_head":"<!-- This site is optimized with the Yoast SEO Premium plugin v25.6 (Yoast SEO v25.6) - https:\/\/yoast.com\/wordpress\/plugins\/seo\/ -->\n<title>Mobile GIS redlining: mappe sempre aggiornate per i tecnici<\/title>\n<meta name=\"description\" content=\"Con Mobile GIS redlining i tecnici segnalano e aggiornano le mappe in tempo reale, migliorando efficienza, sicurezza e collaborazione.\" \/>\n<meta name=\"robots\" content=\"index, follow, max-snippet:-1, max-image-preview:large, max-video-preview:-1\" \/>\n<link rel=\"canonical\" href=\"https:\/\/www.overit.ai\/it\/piattaforma\/field-service-management-software\/mobile-workforce-management\/mobile-gis-redlining\/\" \/>\n<meta property=\"og:locale\" content=\"it_IT\" \/>\n<meta property=\"og:type\" content=\"article\" \/>\n<meta property=\"og:title\" content=\"Mobile GIS redlining: mappe sempre aggiornate per i tecnici\" \/>\n<meta property=\"og:description\" content=\"Con Mobile GIS redlining i tecnici segnalano e aggiornano le mappe in tempo reale, migliorando efficienza, sicurezza e collaborazione.\" \/>\n<meta property=\"og:url\" content=\"https:\/\/www.overit.ai\/it\/piattaforma\/field-service-management-software\/mobile-workforce-management\/mobile-gis-redlining\/\" \/>\n<meta property=\"og:site_name\" content=\"OverIT\" \/>\n<meta property=\"article:modified_time\" content=\"2025-11-19T12:01:15+00:00\" \/>\n<meta property=\"og:image\" content=\"https:\/\/www.overit.ai\/app\/uploads\/2024\/09\/mobile-gis-redlining.webp\" \/>\n\t<meta property=\"og:image:width\" content=\"800\" \/>\n\t<meta property=\"og:image:height\" content=\"480\" \/>\n\t<meta property=\"og:image:type\" content=\"image\/webp\" \/>\n<meta name=\"twitter:card\" content=\"summary_large_image\" \/>\n<meta name=\"twitter:title\" content=\"Mobile GIS redlining\" \/>\n<meta name=\"twitter:label1\" content=\"Est. reading time\" \/>\n\t<meta name=\"twitter:data1\" content=\"5 minutes\" \/>\n<script type=\"application\/ld+json\" class=\"yoast-schema-graph\">{\"@context\":\"https:\/\/schema.org\",\"@graph\":[{\"@type\":\"WebPage\",\"@id\":\"https:\/\/www.overit.ai\/it\/piattaforma\/field-service-management-software\/mobile-workforce-management\/mobile-gis-redlining\/\",\"url\":\"https:\/\/www.overit.ai\/it\/piattaforma\/field-service-management-software\/mobile-workforce-management\/mobile-gis-redlining\/\",\"name\":\"Mobile GIS redlining: mappe sempre aggiornate per i tecnici\",\"isPartOf\":{\"@id\":\"https:\/\/www.overit.ai\/it\/#website\"},\"datePublished\":\"2025-09-11T14:16:36+00:00\",\"dateModified\":\"2025-11-19T12:01:15+00:00\",\"description\":\"Con Mobile GIS redlining i tecnici segnalano e aggiornano le mappe in tempo reale, migliorando efficienza, sicurezza e collaborazione.\",\"breadcrumb\":{\"@id\":\"https:\/\/www.overit.ai\/it\/piattaforma\/field-service-management-software\/mobile-workforce-management\/mobile-gis-redlining\/#breadcrumb\"},\"inLanguage\":\"it-IT\",\"potentialAction\":[{\"@type\":\"ReadAction\",\"target\":[\"https:\/\/www.overit.ai\/it\/piattaforma\/field-service-management-software\/mobile-workforce-management\/mobile-gis-redlining\/\"]}]},{\"@type\":\"BreadcrumbList\",\"@id\":\"https:\/\/www.overit.ai\/it\/piattaforma\/field-service-management-software\/mobile-workforce-management\/mobile-gis-redlining\/#breadcrumb\",\"itemListElement\":[{\"@type\":\"ListItem\",\"position\":1,\"name\":\"Home\",\"item\":\"https:\/\/www.overit.ai\/it\/\"},{\"@type\":\"ListItem\",\"position\":2,\"name\":\"Piattaforma di Field Service Management\",\"item\":\"https:\/\/www.overit.ai\/it\/piattaforma\/\"},{\"@type\":\"ListItem\",\"position\":3,\"name\":\"NextGen FSM\",\"item\":\"https:\/\/www.overit.ai\/it\/piattaforma\/field-service-management-software\/\"},{\"@type\":\"ListItem\",\"position\":4,\"name\":\"Mobile Workforce Management\",\"item\":\"https:\/\/www.overit.ai\/it\/piattaforma\/field-service-management-software\/mobile-workforce-management\/\"},{\"@type\":\"ListItem\",\"position\":5,\"name\":\"Mobile GIS redlining\"}]},{\"@type\":\"WebSite\",\"@id\":\"https:\/\/www.overit.ai\/it\/#website\",\"url\":\"https:\/\/www.overit.ai\/it\/\",\"name\":\"OverIT\",\"description\":\"Innovation in Field Service Management\",\"publisher\":{\"@id\":\"https:\/\/www.overit.ai\/it\/#organization\"},\"potentialAction\":[{\"@type\":\"SearchAction\",\"target\":{\"@type\":\"EntryPoint\",\"urlTemplate\":\"https:\/\/www.overit.ai\/it\/?s={search_term_string}\"},\"query-input\":{\"@type\":\"PropertyValueSpecification\",\"valueRequired\":true,\"valueName\":\"search_term_string\"}}],\"inLanguage\":\"it-IT\"},{\"@type\":\"Organization\",\"@id\":\"https:\/\/www.overit.ai\/it\/#organization\",\"name\":\"OverIT\",\"url\":\"https:\/\/www.overit.ai\/it\/\",\"logo\":{\"@type\":\"ImageObject\",\"inLanguage\":\"it-IT\",\"@id\":\"https:\/\/www.overit.ai\/it\/#\/schema\/logo\/image\/\",\"url\":\"https:\/\/www.overit.ai\/app\/uploads\/2021\/10\/OverIT-logo-400.png\",\"contentUrl\":\"https:\/\/www.overit.ai\/app\/uploads\/2021\/10\/OverIT-logo-400.png\",\"width\":400,\"height\":250,\"caption\":\"OverIT\"},\"image\":{\"@id\":\"https:\/\/www.overit.ai\/it\/#\/schema\/logo\/image\/\"}}]}<\/script>\n<!-- \/ Yoast SEO Premium plugin. -->","yoast_head_json":{"title":"Mobile GIS redlining: mappe sempre aggiornate per i tecnici","description":"Con Mobile GIS redlining i tecnici segnalano e aggiornano le mappe in tempo reale, migliorando efficienza, sicurezza e collaborazione.","robots":{"index":"index","follow":"follow","max-snippet":"max-snippet:-1","max-image-preview":"max-image-preview:large","max-video-preview":"max-video-preview:-1"},"canonical":"https:\/\/www.overit.ai\/it\/piattaforma\/field-service-management-software\/mobile-workforce-management\/mobile-gis-redlining\/","og_locale":"it_IT","og_type":"article","og_title":"Mobile GIS redlining: mappe sempre aggiornate per i tecnici","og_description":"Con Mobile GIS redlining i tecnici segnalano e aggiornano le mappe in tempo reale, migliorando efficienza, sicurezza e collaborazione.","og_url":"https:\/\/www.overit.ai\/it\/piattaforma\/field-service-management-software\/mobile-workforce-management\/mobile-gis-redlining\/","og_site_name":"OverIT","article_modified_time":"2025-11-19T12:01:15+00:00","og_image":[{"width":800,"height":480,"url":"https:\/\/www.overit.ai\/app\/uploads\/2024\/09\/mobile-gis-redlining.webp","type":"image\/webp"}],"twitter_card":"summary_large_image","twitter_title":"Mobile GIS redlining","twitter_misc":{"Est. reading time":"5 minutes"},"schema":{"@context":"https:\/\/schema.org","@graph":[{"@type":"WebPage","@id":"https:\/\/www.overit.ai\/it\/piattaforma\/field-service-management-software\/mobile-workforce-management\/mobile-gis-redlining\/","url":"https:\/\/www.overit.ai\/it\/piattaforma\/field-service-management-software\/mobile-workforce-management\/mobile-gis-redlining\/","name":"Mobile GIS redlining: mappe sempre aggiornate per i tecnici","isPartOf":{"@id":"https:\/\/www.overit.ai\/it\/#website"},"datePublished":"2025-09-11T14:16:36+00:00","dateModified":"2025-11-19T12:01:15+00:00","description":"Con Mobile GIS redlining i tecnici segnalano e aggiornano le mappe in tempo reale, migliorando efficienza, sicurezza e collaborazione.","breadcrumb":{"@id":"https:\/\/www.overit.ai\/it\/piattaforma\/field-service-management-software\/mobile-workforce-management\/mobile-gis-redlining\/#breadcrumb"},"inLanguage":"it-IT","potentialAction":[{"@type":"ReadAction","target":["https:\/\/www.overit.ai\/it\/piattaforma\/field-service-management-software\/mobile-workforce-management\/mobile-gis-redlining\/"]}]},{"@type":"BreadcrumbList","@id":"https:\/\/www.overit.ai\/it\/piattaforma\/field-service-management-software\/mobile-workforce-management\/mobile-gis-redlining\/#breadcrumb","itemListElement":[{"@type":"ListItem","position":1,"name":"Home","item":"https:\/\/www.overit.ai\/it\/"},{"@type":"ListItem","position":2,"name":"Piattaforma di Field Service Management","item":"https:\/\/www.overit.ai\/it\/piattaforma\/"},{"@type":"ListItem","position":3,"name":"NextGen FSM","item":"https:\/\/www.overit.ai\/it\/piattaforma\/field-service-management-software\/"},{"@type":"ListItem","position":4,"name":"Mobile Workforce Management","item":"https:\/\/www.overit.ai\/it\/piattaforma\/field-service-management-software\/mobile-workforce-management\/"},{"@type":"ListItem","position":5,"name":"Mobile GIS redlining"}]},{"@type":"WebSite","@id":"https:\/\/www.overit.ai\/it\/#website","url":"https:\/\/www.overit.ai\/it\/","name":"OverIT","description":"Innovation in Field Service Management","publisher":{"@id":"https:\/\/www.overit.ai\/it\/#organization"},"potentialAction":[{"@type":"SearchAction","target":{"@type":"EntryPoint","urlTemplate":"https:\/\/www.overit.ai\/it\/?s={search_term_string}"},"query-input":{"@type":"PropertyValueSpecification","valueRequired":true,"valueName":"search_term_string"}}],"inLanguage":"it-IT"},{"@type":"Organization","@id":"https:\/\/www.overit.ai\/it\/#organization","name":"OverIT","url":"https:\/\/www.overit.ai\/it\/","logo":{"@type":"ImageObject","inLanguage":"it-IT","@id":"https:\/\/www.overit.ai\/it\/#\/schema\/logo\/image\/","url":"https:\/\/www.overit.ai\/app\/uploads\/2021\/10\/OverIT-logo-400.png","contentUrl":"https:\/\/www.overit.ai\/app\/uploads\/2021\/10\/OverIT-logo-400.png","width":400,"height":250,"caption":"OverIT"},"image":{"@id":"https:\/\/www.overit.ai\/it\/#\/schema\/logo\/image\/"}}]}},"_links":{"self":[{"href":"https:\/\/www.overit.ai\/it\/wp-json\/wp\/v2\/pages\/66102","targetHints":{"allow":["GET"]}}],"collection":[{"href":"https:\/\/www.overit.ai\/it\/wp-json\/wp\/v2\/pages"}],"about":[{"href":"https:\/\/www.overit.ai\/it\/wp-json\/wp\/v2\/types\/page"}],"author":[{"embeddable":true,"href":"https:\/\/www.overit.ai\/it\/wp-json\/wp\/v2\/users\/3"}],"replies":[{"embeddable":true,"href":"https:\/\/www.overit.ai\/it\/wp-json\/wp\/v2\/comments?post=66102"}],"version-history":[{"count":2,"href":"https:\/\/www.overit.ai\/it\/wp-json\/wp\/v2\/pages\/66102\/revisions"}],"predecessor-version":[{"id":66106,"href":"https:\/\/www.overit.ai\/it\/wp-json\/wp\/v2\/pages\/66102\/revisions\/66106"}],"up":[{"embeddable":true,"href":"https:\/\/www.overit.ai\/it\/wp-json\/wp\/v2\/pages\/59502"}],"wp:attachment":[{"href":"https:\/\/www.overit.ai\/it\/wp-json\/wp\/v2\/media?parent=66102"}],"wp:term":[{"taxonomy":"case_study_category","embeddable":true,"href":"https:\/\/www.overit.ai\/it\/wp-json\/wp\/v2\/case_study_category?post=66102"}],"curies":[{"name":"wp","href":"https:\/\/api.w.org\/{rel}","templated":true}]}}