{"id":66056,"date":"2025-09-11T08:19:30","date_gmt":"2025-09-11T08:19:30","guid":{"rendered":"https:\/\/www.overit.ai\/?page_id=66056"},"modified":"2025-11-19T12:01:20","modified_gmt":"2025-11-19T12:01:20","slug":"critical-jobs-scheduling","status":"publish","type":"page","link":"https:\/\/www.overit.ai\/it\/piattaforma\/field-service-management-software\/pianificazione-assegnazione\/critical-jobs-scheduling\/","title":{"rendered":"Critical jobs scheduling assistant"},"content":{"rendered":"<div\n  class=\"overit-block overit-block--light-gray overit-radius-full overit-no-margin overit-padding-small-top \n  overit-block-wide-info-image\"\n        >\n  \n  <div class=\"overit-block-wrapper\">\n\n\n\n\n<div class=\"wii right  \" id=\"\">\n        <div class=\"wii__content\" >\n                  <h1 class=\"wii__section-title\" style=\"\">Critical jobs scheduling assistant<\/h1>\n          \n                      <h2 id=\"wii-title-69dec4b1aa782\" class=\"wii__title\" style=\"  \">Scopri come il critical jobs scheduling assistant aiuta i dispatcher a gestire attivit\u00e0 a rischio, ottimizzare la pianificazione e ridurre ritardi e costi<\/h2>\n          \n    \n        \n    \n    \n    \n      <\/div>\n  \n      <div class=\"wii__image\" >\n          <div class=\"overit-video\">\n                <div class=\"overit-video__iframe\" >\n          <iframe title=\"Critical jobs scheduling assistant Video\" src=\"https:\/\/fast.wistia.net\/embed\/iframe\/xvfw8dz4qu?dnt=1\" allow=\"autoplay; fullscreen\" allowtransparency=\"true\" frameborder=\"0\" scrolling=\"no\" class=\"wistia_embed\" name=\"wistia_embed\" msallowfullscreen width=\"640\" height=\"360\"><\/iframe><script src=\"https:\/\/fast.wistia.net\/assets\/external\/E-v1.js\" async><\/script>        <\/div>\n      <\/div>\n      <\/div>\n  \n  <\/div>\n\n<\/div><!-- .overit-block-wrapper -->\n<\/div><!-- .overit-block -->\n\n\n<div\n  class=\"overit-block overit-block--white overit-radius-full overit-no-margin overit-padding-small overit-block--fullwidth\n  overit-block-configurable-jumbotron\"\n        >\n  \n  <div class=\"overit-block-wrapper\">\n\n<section class=\"configurable-jumbotron left\" >\n                  <div class=\"cj-section-title\">La sfida<\/div>\n          \n                  <h3  class=\"cj-title small\">La complessit\u00e0 della schedulazione e gli imprevisti quotidiani<\/h3 >\n          \n                  <div class=\"cj-subtitle small\"><p>Per un dispatcher una nuova giornata lavorativa si traduce in nuove schedulazioni da eseguire cercando di <a href=\"https:\/\/www.overit.ai\/it\/piattaforma\/field-service-management-software\/pianificazione-assegnazione\/\">pianificare correttamente le attivit\u00e0 degli operatori in campo<\/a>, assegnando la giusta priorit\u00e0 e affidando le attivit\u00e0 ai tecnici pi\u00f9 appropriati in base alle competenze necessarie per svolgerle, monitorando allo stesso tempo l\u2019avanzamento dei lavori o le eventuali problematiche che si possono verificare in campo. <a href=\"https:\/\/www.overit.ai\/it\/piattaforma\/field-service-management-software\/manutenzione-operativa-asset\/\">Manutenzione preventiva e correttiva degli asset<\/a>, ispezioni, customer service, valutazione dei danni, esecuzione di attivit\u00e0 complesse, casi d\u2019uso di tipo <a href=\"https:\/\/www.overit.ai\/it\/piattaforma\/field-service-management-software\/pianificazione-assegnazione\/\">appointment centric<\/a> sono solo alcuni esempi delle attivit\u00e0 che i dispatcher si trovano a dover gestire quotidianamente. Il pi\u00f9 delle volte preparano la schedulazione complessiva e assegnano un alto numero di ordini di lavoro al tecnico al giorno in base a competenze, disponibilit\u00e0, SLA e percorsi ottimizzati. Tuttavia, a volte accade qualcosa di imprevisto che stravolge la schedulazione cos\u00ec come era stata pianificata (es. cancellazioni, emergenze, traffico, ritardi). Ci\u00f2 si traduce in errori di <a href=\"https:\/\/www.overit.ai\/it\/piattaforma\/field-service-management-software\/pianificazione-assegnazione\/\">schedulazione degli ordini di lavoro<\/a>, attivit\u00e0 urgenti non ancora assegnate o non pianificate o addirittura non completate correttamente.<\/p>\n<ul>\n<li>Mettiamoci nei panni di John. In qualit\u00e0 di tecnico, John \u00e8 chiamato a gestire un\u2019ispezione su un contatore elettrico per un cliente finale. Per strada per\u00f2 si trova bloccato nel traffico e non riesce a rispettare l\u2019appuntamento fissato. Dal canto suo, il dispatcher non si accorge del ritardo e non riesce a fissare un nuovo appuntamento. Di conseguenza, il tecnico non recupera il tempo perduto in mezzo al traffico e il cliente finale non \u00e8 soddisfatto.<\/li>\n<li>Oppure immaginiamo la giornata di Caroline. Oggi ha organizzato le attivit\u00e0 in modo da eseguire l\u2019ultimo intervento vicino allo studio del suo medico. Sfortunatamente per\u00f2, il dispatcher improvvisamente si ricorda che un\u2019attivit\u00e0 urgente deve esser svolta entro quello stesso giorno e l\u2019unico tecnico che possiede le giuste competenze per eseguirla \u00e8 proprio Caroline durante la sua ultima ora di lavoro della giornata, il solo orario in cui \u00e8 disponibile. Il luogo dell\u2019intervento \u00e8 dall\u2019altra parte della citt\u00e0, ragion per cui Caroline non riuscir\u00e0 ad arrivare in tempo all\u2019appuntamento dal medico.<\/li>\n<\/ul>\n<p>In che modo le aziende possono dispatcher nel <a href=\"https:\/\/www.overit.ai\/it\/piattaforma\/field-service-management-software\/pianificazione-assegnazione\/\">supervisionare l\u2019intera schedulazione<\/a>, ricevere dati riguardanti lo stato degli ordini di lavoro e le attivit\u00e0 a rischio in tempo reale, monitorando al contempo tutte le informazioni necessarie per assicurare che le attivit\u00e0 richieste siano portate a termine?<\/p>\n<\/div>\n          \n        <\/section>\n\n<\/div><!-- .overit-block-wrapper -->\n<\/div><!-- .overit-block -->\n\n\n<div\n  class=\"overit-block overit-block--white overit-radius-full overit-no-margin overit-padding-small-bottom overit-block--fullwidth\n  overit-block-configurable-jumbotron\"\n        >\n  \n  <div class=\"overit-block-wrapper\">\n\n<section class=\"configurable-jumbotron left\" >\n                  <div class=\"cj-section-title\">La soluzione<\/div>\n          \n                  <h3  class=\"cj-title small\">Critical jobs scheduling assistant: la risposta agli imprevisti<\/h3 >\n          \n                  <div class=\"cj-subtitle small\"><p>La funzionalit\u00e0 critical jobs scheduling assistant permette ai dispatcher di identificare velocemente qualsiasi tipo di problematica sulle attivit\u00e0 non completate o non ancora pianificate (come attivit\u00e0 non pianificate in scadenza, attivit\u00e0 schedulate ma non ancora prese in carico dai tecnici o prese in carico ma non ancora iniziate, ordini di lavoro di tipo appointment centric non schedulati, ecc.).<\/p>\n<p>Questa funzionalit\u00e0 consente di visualizzare tutte le attivit\u00e0 a rischio, <a href=\"https:\/\/www.overit.ai\/it\/piattaforma\/field-service-management-software\/pianificazione-assegnazione\/\">ottimizzando la schedulazione<\/a> con rapidit\u00e0 e altrettanta precisione. I dispatcher possono ora contare su una visione a 360\u00b0 e in tempo reale di informazioni complete riguardanti problematiche e attivit\u00e0 non completate, delle motivazioni annesse e del carattere di urgenza per riuscire a risolvere gli eventuali cambiamenti nell\u2019immediato.<\/p>\n<p>In questo modo, le aziende assistono i dispatcher nella <a href=\"https:\/\/www.overit.ai\/it\/piattaforma\/field-service-management-software\/pianificazione-assegnazione\/\">schedulazione infragiornaliera<\/a> delle attivit\u00e0 per rispondere ai cambiamenti risolvendo le problematiche in modo proattivo e assegnando le attivit\u00e0 ai tecnici puntualmente, ossia evitando di farlo in ritardo o in modo reattivo, con il fine ultimo di assicurare l\u2019effettiva esecuzione dell\u2019attivit\u00e0.<\/p>\n<\/div>\n          \n        <\/section>\n\n<\/div><!-- .overit-block-wrapper -->\n<\/div><!-- .overit-block -->\n\n\n<div\n  class=\"overit-block overit-block--white overit-radius-full overit-no-margin overit-padding-small-bottom overit-block--fullwidth\n  overit-block-configurable-jumbotron\"\n        >\n  \n  <div class=\"overit-block-wrapper\">\n\n<section class=\"configurable-jumbotron left\" >\n                  <h2 class=\"cj-section-title\">Benefici &#038; KPIs<\/h2>\n          \n                  <h3  class=\"cj-title small\">I vantaggi concreti per dispatcher e organizzazioni<\/h3 >\n          \n    \n        <\/section>\n\n<\/div><!-- .overit-block-wrapper -->\n<\/div><!-- .overit-block -->\n\n\n<div\n  class=\"overit-block overit-block--white overit-radius-full overit-no-margin overit-padding-medium-bottom \n  overit-block-multi-info-cards\"\n        >\n  \n  <div class=\"overit-block-wrapper\">\n\n<div class=\"info-cards info-cards--4 info-cards--align-left\">\n        <div class=\"info-cards__sections \">\n                  <div class=\"info-card info-card--4\n           info-card--bg-gray           \n          \n          info-card--top-line\n        \">\n        <div class=\"info-card-inner\">\n                                  <div class=\"info-card__icon\">\n                            <i aria-hidden=\"true\" style=\"color: #FF8200;font-size: 32px;\" class=\"fa-classic fa-light fa-calendar-star\" aria-hidden=\"true\"><\/i>\n            <\/div>\n                                            <div class=\"info-card__title \" >\n              Miglioramento dell\u2019ottimizzazione della pianificazione\n            <\/div>\n                            <\/div>\n      <\/div>\n                  <div class=\"info-card info-card--4\n           info-card--bg-gray           \n          \n          info-card--top-line\n        \">\n        <div class=\"info-card-inner\">\n                                  <div class=\"info-card__icon\">\n                            <i aria-hidden=\"true\" style=\"color: #FF8200;font-size: 32px;\" class=\"fa-classic fa-light fa-calendar-week\" aria-hidden=\"true\"><\/i>\n            <\/div>\n                                            <div class=\"info-card__title \" >\n              Semplificazione dell\u2019attivit\u00e0 infragiornaliera del dispatcher\n            <\/div>\n                            <\/div>\n      <\/div>\n                  <div class=\"info-card info-card--4\n           info-card--bg-gray           \n          \n          info-card--top-line\n        \">\n        <div class=\"info-card-inner\">\n                                  <div class=\"info-card__icon\">\n                            <i aria-hidden=\"true\" style=\"color: #FF8200;font-size: 32px;\" class=\"fa-classic fa-light fa-person-circle-check\" aria-hidden=\"true\"><\/i>\n            <\/div>\n                                            <div class=\"info-card__title \" >\n              Aumento del numero di ordini di lavoro schedulati e completati quotidianamente\n            <\/div>\n                            <\/div>\n      <\/div>\n                  <div class=\"info-card info-card--4\n           info-card--bg-gray           \n          \n          info-card--top-line\n        \">\n        <div class=\"info-card-inner\">\n                                  <div class=\"info-card__icon\">\n                            <i aria-hidden=\"true\" style=\"color: #FF8200;font-size: 32px;\" class=\"fa-classic fa-light fa-piggy-bank\" aria-hidden=\"true\"><\/i>\n            <\/div>\n                                            <div class=\"info-card__title \" >\n              Risparmio di tempo e denaro\n            <\/div>\n                            <\/div>\n      <\/div>\n          <\/div>\n  <\/div>\n\n<\/div><!-- .overit-block-wrapper -->\n<\/div><!-- .overit-block -->\n","protected":false},"excerpt":{"rendered":"","protected":false},"author":3,"featured_media":0,"parent":57617,"menu_order":0,"comment_status":"closed","ping_status":"closed","template":"","meta":{"_acf_changed":false,"footnotes":""},"case_study_category":[],"class_list":["post-66056","page","type-page","status-publish","hentry"],"acf":[],"yoast_head":"<!-- This site is optimized with the Yoast SEO Premium plugin v25.6 (Yoast SEO v25.6) - https:\/\/yoast.com\/wordpress\/plugins\/seo\/ -->\n<title>Critical jobs scheduling assistant | Gestione attivit\u00e0 a rischio<\/title>\n<meta name=\"description\" content=\"Scopri come il critical jobs scheduling assistant aiuta i dispatcher a gestire attivit\u00e0 a rischio e ottimizzare la pianificazione\" \/>\n<meta name=\"robots\" content=\"index, follow, max-snippet:-1, max-image-preview:large, max-video-preview:-1\" \/>\n<link rel=\"canonical\" href=\"https:\/\/www.overit.ai\/it\/piattaforma\/field-service-management-software\/pianificazione-assegnazione\/critical-jobs-scheduling\/\" \/>\n<meta property=\"og:locale\" content=\"it_IT\" \/>\n<meta property=\"og:type\" content=\"article\" \/>\n<meta property=\"og:title\" content=\"Critical jobs scheduling assistant | Gestione attivit\u00e0 a rischio\" \/>\n<meta property=\"og:description\" content=\"Scopri come il critical jobs scheduling assistant aiuta i dispatcher a gestire attivit\u00e0 a rischio e ottimizzare la pianificazione\" \/>\n<meta property=\"og:url\" content=\"https:\/\/www.overit.ai\/it\/piattaforma\/field-service-management-software\/pianificazione-assegnazione\/critical-jobs-scheduling\/\" \/>\n<meta property=\"og:site_name\" content=\"OverIT\" \/>\n<meta property=\"article:modified_time\" content=\"2025-11-19T12:01:20+00:00\" \/>\n<meta property=\"og:image\" content=\"https:\/\/www.overit.ai\/app\/uploads\/2023\/01\/Critical-jobs-scheduling-assistant-video-web.jpg\" \/>\n\t<meta property=\"og:image:width\" content=\"1200\" \/>\n\t<meta property=\"og:image:height\" content=\"621\" \/>\n\t<meta property=\"og:image:type\" content=\"image\/jpeg\" \/>\n<meta name=\"twitter:card\" content=\"summary_large_image\" \/>\n<meta name=\"twitter:title\" content=\"Critical jobs scheduling assistant\" \/>\n<meta name=\"twitter:label1\" content=\"Est. reading time\" \/>\n\t<meta name=\"twitter:data1\" content=\"4 minutes\" \/>\n<script type=\"application\/ld+json\" class=\"yoast-schema-graph\">{\"@context\":\"https:\/\/schema.org\",\"@graph\":[{\"@type\":\"WebPage\",\"@id\":\"https:\/\/www.overit.ai\/it\/piattaforma\/field-service-management-software\/pianificazione-assegnazione\/critical-jobs-scheduling\/\",\"url\":\"https:\/\/www.overit.ai\/it\/piattaforma\/field-service-management-software\/pianificazione-assegnazione\/critical-jobs-scheduling\/\",\"name\":\"Critical jobs scheduling assistant | Gestione attivit\u00e0 a rischio\",\"isPartOf\":{\"@id\":\"https:\/\/www.overit.ai\/it\/#website\"},\"datePublished\":\"2025-09-11T08:19:30+00:00\",\"dateModified\":\"2025-11-19T12:01:20+00:00\",\"description\":\"Scopri come il critical jobs scheduling assistant aiuta i dispatcher a gestire attivit\u00e0 a rischio e ottimizzare la pianificazione\",\"breadcrumb\":{\"@id\":\"https:\/\/www.overit.ai\/it\/piattaforma\/field-service-management-software\/pianificazione-assegnazione\/critical-jobs-scheduling\/#breadcrumb\"},\"inLanguage\":\"it-IT\",\"potentialAction\":[{\"@type\":\"ReadAction\",\"target\":[\"https:\/\/www.overit.ai\/it\/piattaforma\/field-service-management-software\/pianificazione-assegnazione\/critical-jobs-scheduling\/\"]}]},{\"@type\":\"BreadcrumbList\",\"@id\":\"https:\/\/www.overit.ai\/it\/piattaforma\/field-service-management-software\/pianificazione-assegnazione\/critical-jobs-scheduling\/#breadcrumb\",\"itemListElement\":[{\"@type\":\"ListItem\",\"position\":1,\"name\":\"Home\",\"item\":\"https:\/\/www.overit.ai\/it\/\"},{\"@type\":\"ListItem\",\"position\":2,\"name\":\"Piattaforma di Field Service Management\",\"item\":\"https:\/\/www.overit.ai\/it\/piattaforma\/\"},{\"@type\":\"ListItem\",\"position\":3,\"name\":\"NextGen FSM\",\"item\":\"https:\/\/www.overit.ai\/it\/piattaforma\/field-service-management-software\/\"},{\"@type\":\"ListItem\",\"position\":4,\"name\":\"Pianificazione e assegnazione\",\"item\":\"https:\/\/www.overit.ai\/it\/piattaforma\/field-service-management-software\/pianificazione-assegnazione\/\"},{\"@type\":\"ListItem\",\"position\":5,\"name\":\"Critical jobs scheduling assistant\"}]},{\"@type\":\"WebSite\",\"@id\":\"https:\/\/www.overit.ai\/it\/#website\",\"url\":\"https:\/\/www.overit.ai\/it\/\",\"name\":\"OverIT\",\"description\":\"Innovation in Field Service Management\",\"publisher\":{\"@id\":\"https:\/\/www.overit.ai\/it\/#organization\"},\"potentialAction\":[{\"@type\":\"SearchAction\",\"target\":{\"@type\":\"EntryPoint\",\"urlTemplate\":\"https:\/\/www.overit.ai\/it\/?s={search_term_string}\"},\"query-input\":{\"@type\":\"PropertyValueSpecification\",\"valueRequired\":true,\"valueName\":\"search_term_string\"}}],\"inLanguage\":\"it-IT\"},{\"@type\":\"Organization\",\"@id\":\"https:\/\/www.overit.ai\/it\/#organization\",\"name\":\"OverIT\",\"url\":\"https:\/\/www.overit.ai\/it\/\",\"logo\":{\"@type\":\"ImageObject\",\"inLanguage\":\"it-IT\",\"@id\":\"https:\/\/www.overit.ai\/it\/#\/schema\/logo\/image\/\",\"url\":\"https:\/\/www.overit.ai\/app\/uploads\/2021\/10\/OverIT-logo-400.png\",\"contentUrl\":\"https:\/\/www.overit.ai\/app\/uploads\/2021\/10\/OverIT-logo-400.png\",\"width\":400,\"height\":250,\"caption\":\"OverIT\"},\"image\":{\"@id\":\"https:\/\/www.overit.ai\/it\/#\/schema\/logo\/image\/\"}}]}<\/script>\n<!-- \/ Yoast SEO Premium plugin. -->","yoast_head_json":{"title":"Critical jobs scheduling assistant | Gestione attivit\u00e0 a rischio","description":"Scopri come il critical jobs scheduling assistant aiuta i dispatcher a gestire attivit\u00e0 a rischio e ottimizzare la pianificazione","robots":{"index":"index","follow":"follow","max-snippet":"max-snippet:-1","max-image-preview":"max-image-preview:large","max-video-preview":"max-video-preview:-1"},"canonical":"https:\/\/www.overit.ai\/it\/piattaforma\/field-service-management-software\/pianificazione-assegnazione\/critical-jobs-scheduling\/","og_locale":"it_IT","og_type":"article","og_title":"Critical jobs scheduling assistant | Gestione attivit\u00e0 a rischio","og_description":"Scopri come il critical jobs scheduling assistant aiuta i dispatcher a gestire attivit\u00e0 a rischio e ottimizzare la pianificazione","og_url":"https:\/\/www.overit.ai\/it\/piattaforma\/field-service-management-software\/pianificazione-assegnazione\/critical-jobs-scheduling\/","og_site_name":"OverIT","article_modified_time":"2025-11-19T12:01:20+00:00","og_image":[{"width":1200,"height":621,"url":"https:\/\/www.overit.ai\/app\/uploads\/2023\/01\/Critical-jobs-scheduling-assistant-video-web.jpg","type":"image\/jpeg"}],"twitter_card":"summary_large_image","twitter_title":"Critical jobs scheduling assistant","twitter_misc":{"Est. reading time":"4 minutes"},"schema":{"@context":"https:\/\/schema.org","@graph":[{"@type":"WebPage","@id":"https:\/\/www.overit.ai\/it\/piattaforma\/field-service-management-software\/pianificazione-assegnazione\/critical-jobs-scheduling\/","url":"https:\/\/www.overit.ai\/it\/piattaforma\/field-service-management-software\/pianificazione-assegnazione\/critical-jobs-scheduling\/","name":"Critical jobs scheduling assistant | Gestione attivit\u00e0 a rischio","isPartOf":{"@id":"https:\/\/www.overit.ai\/it\/#website"},"datePublished":"2025-09-11T08:19:30+00:00","dateModified":"2025-11-19T12:01:20+00:00","description":"Scopri come il critical jobs scheduling assistant aiuta i dispatcher a gestire attivit\u00e0 a rischio e ottimizzare la pianificazione","breadcrumb":{"@id":"https:\/\/www.overit.ai\/it\/piattaforma\/field-service-management-software\/pianificazione-assegnazione\/critical-jobs-scheduling\/#breadcrumb"},"inLanguage":"it-IT","potentialAction":[{"@type":"ReadAction","target":["https:\/\/www.overit.ai\/it\/piattaforma\/field-service-management-software\/pianificazione-assegnazione\/critical-jobs-scheduling\/"]}]},{"@type":"BreadcrumbList","@id":"https:\/\/www.overit.ai\/it\/piattaforma\/field-service-management-software\/pianificazione-assegnazione\/critical-jobs-scheduling\/#breadcrumb","itemListElement":[{"@type":"ListItem","position":1,"name":"Home","item":"https:\/\/www.overit.ai\/it\/"},{"@type":"ListItem","position":2,"name":"Piattaforma di Field Service Management","item":"https:\/\/www.overit.ai\/it\/piattaforma\/"},{"@type":"ListItem","position":3,"name":"NextGen FSM","item":"https:\/\/www.overit.ai\/it\/piattaforma\/field-service-management-software\/"},{"@type":"ListItem","position":4,"name":"Pianificazione e assegnazione","item":"https:\/\/www.overit.ai\/it\/piattaforma\/field-service-management-software\/pianificazione-assegnazione\/"},{"@type":"ListItem","position":5,"name":"Critical jobs scheduling assistant"}]},{"@type":"WebSite","@id":"https:\/\/www.overit.ai\/it\/#website","url":"https:\/\/www.overit.ai\/it\/","name":"OverIT","description":"Innovation in Field Service Management","publisher":{"@id":"https:\/\/www.overit.ai\/it\/#organization"},"potentialAction":[{"@type":"SearchAction","target":{"@type":"EntryPoint","urlTemplate":"https:\/\/www.overit.ai\/it\/?s={search_term_string}"},"query-input":{"@type":"PropertyValueSpecification","valueRequired":true,"valueName":"search_term_string"}}],"inLanguage":"it-IT"},{"@type":"Organization","@id":"https:\/\/www.overit.ai\/it\/#organization","name":"OverIT","url":"https:\/\/www.overit.ai\/it\/","logo":{"@type":"ImageObject","inLanguage":"it-IT","@id":"https:\/\/www.overit.ai\/it\/#\/schema\/logo\/image\/","url":"https:\/\/www.overit.ai\/app\/uploads\/2021\/10\/OverIT-logo-400.png","contentUrl":"https:\/\/www.overit.ai\/app\/uploads\/2021\/10\/OverIT-logo-400.png","width":400,"height":250,"caption":"OverIT"},"image":{"@id":"https:\/\/www.overit.ai\/it\/#\/schema\/logo\/image\/"}}]}},"_links":{"self":[{"href":"https:\/\/www.overit.ai\/it\/wp-json\/wp\/v2\/pages\/66056","targetHints":{"allow":["GET"]}}],"collection":[{"href":"https:\/\/www.overit.ai\/it\/wp-json\/wp\/v2\/pages"}],"about":[{"href":"https:\/\/www.overit.ai\/it\/wp-json\/wp\/v2\/types\/page"}],"author":[{"embeddable":true,"href":"https:\/\/www.overit.ai\/it\/wp-json\/wp\/v2\/users\/3"}],"replies":[{"embeddable":true,"href":"https:\/\/www.overit.ai\/it\/wp-json\/wp\/v2\/comments?post=66056"}],"version-history":[{"count":2,"href":"https:\/\/www.overit.ai\/it\/wp-json\/wp\/v2\/pages\/66056\/revisions"}],"predecessor-version":[{"id":66072,"href":"https:\/\/www.overit.ai\/it\/wp-json\/wp\/v2\/pages\/66056\/revisions\/66072"}],"up":[{"embeddable":true,"href":"https:\/\/www.overit.ai\/it\/wp-json\/wp\/v2\/pages\/57617"}],"wp:attachment":[{"href":"https:\/\/www.overit.ai\/it\/wp-json\/wp\/v2\/media?parent=66056"}],"wp:term":[{"taxonomy":"case_study_category","embeddable":true,"href":"https:\/\/www.overit.ai\/it\/wp-json\/wp\/v2\/case_study_category?post=66056"}],"curies":[{"name":"wp","href":"https:\/\/api.w.org\/{rel}","templated":true}]}}