{"id":66019,"date":"2025-09-09T13:29:19","date_gmt":"2025-09-09T13:29:19","guid":{"rendered":"https:\/\/www.overit.ai\/?page_id=66019"},"modified":"2025-11-19T12:01:24","modified_gmt":"2025-11-19T12:01:24","slug":"mobile-gis-offline","status":"publish","type":"page","link":"https:\/\/www.overit.ai\/it\/piattaforma\/field-service-management-software\/mobile-workforce-management\/mobile-gis-offline\/","title":{"rendered":"Mobile GIS offline"},"content":{"rendered":"<div\n  class=\"overit-block overit-block--light-gray overit-radius-full overit-no-margin overit-padding-small-top \n  overit-block-wide-info-image\"\n        >\n  \n  <div class=\"overit-block-wrapper\">\n\n\n\n\n<div class=\"wii right  \" id=\"\">\n        <div class=\"wii__content\" >\n                  <h1 class=\"wii__section-title\" style=\"\">Mobile GIS offline<\/h1>\n          \n                      <h2 id=\"wii-title-69dec0740cf0d\" class=\"wii__title\" style=\"  \">Espandi le funzionalit\u00e0 offline del GIS per offrire il miglior supporto possibile alle attivit\u00e0 sul campo<\/h2>\n          \n    \n        \n    \n    \n    \n      <\/div>\n  \n      <div class=\"wii__image\" >\n          <div class=\"overit-video\">\n                <div class=\"overit-video__iframe\" >\n          <iframe title=\"OverIT NextGen Platform 2023 Wave One - Mobile GIS offline extension Video\" src=\"https:\/\/fast.wistia.net\/embed\/iframe\/1y1rkzlrya?dnt=1\" allow=\"autoplay; fullscreen\" allowtransparency=\"true\" frameborder=\"0\" scrolling=\"no\" class=\"wistia_embed\" name=\"wistia_embed\" msallowfullscreen width=\"640\" height=\"360\"><\/iframe><script src=\"https:\/\/fast.wistia.net\/assets\/external\/E-v1.js\" async><\/script>        <\/div>\n      <\/div>\n      <\/div>\n  \n  <\/div>\n\n<\/div><!-- .overit-block-wrapper -->\n<\/div><!-- .overit-block -->\n\n\n<div\n  class=\"overit-block overit-block--white overit-radius-full overit-no-margin overit-padding-small overit-block--fullwidth\n  overit-block-configurable-jumbotron\"\n        >\n  \n  <div class=\"overit-block-wrapper\">\n\n<section class=\"configurable-jumbotron left\" >\n                  <div class=\"cj-section-title\">La sfida<\/div>\n          \n                  <h3  class=\"cj-title small\">I tecnici sul campo incontrano difficolt\u00e0 senza il supporto offline del GIS mobile<\/h3 >\n          \n                  <div class=\"cj-subtitle small\"><p>Le aziende del settore Energy &amp; Utility, Oil &amp; Gas, Telco e Transportation stanno aprendo tutti i reparti aziendali all\u2019utilizzo del <a href=\"https:\/\/www.overit.ai\/it\/piattaforma\/gis-software\/\">GIS<\/a>. Se unito al FSM, il GIS diventa un\u2019unica fonte da cui attingere per gestire i requisiti di asset, clienti, dipendenti e ambiente circostante. In particolare, le aziende di gestione degli <a href=\"https:\/\/www.overit.ai\/it\/gestione-degli-asset-lineari\/\">asset lineari<\/a> scelgono di affidarsi alle <a href=\"https:\/\/www.overit.ai\/it\/piattaforma\/field-service-management-software\/sistema-di-informazioni-geografico-gis\/\">funzionalit\u00e0 GIS<\/a> per gestire i modelli di reti dinamiche. Una delle maggiori criticit\u00e0 in questo settore risiede infatti nella gestione delle <a href=\"https:\/\/www.overit.ai\/it\/\">operazioni mission-critical su reti gas ed elettriche<\/a> posizionate in luoghi remoti, come nel deserto o sottoterra, tali da rendere difficile o addirittura impossibile la connessione. \u00c8 evidente che accedere a dati, documenti o informazioni cartografiche diventa arduo per i tecnici operanti in tali luoghi che limitano il potenziale del GIS e impediscono di ricevere il supporto necessario a gestire le attivit\u00e0 nel modo pi\u00f9 appropriato.<\/p>\n<\/div>\n          \n        <\/section>\n\n<\/div><!-- .overit-block-wrapper -->\n<\/div><!-- .overit-block -->\n\n\n<div\n  class=\"overit-block overit-block--white overit-radius-full overit-no-margin overit-padding-small-bottom overit-block--fullwidth\n  overit-block-configurable-jumbotron\"\n        >\n  \n  <div class=\"overit-block-wrapper\">\n\n<section class=\"configurable-jumbotron left\" >\n                  <div class=\"cj-section-title\">La soluzione<\/div>\n          \n                  <h3  class=\"cj-title small\">Espansione del GIS con funzionalit\u00e0 offline avanzate<\/h3 >\n          \n                  <div class=\"cj-subtitle small\"><p>Riconoscendolo come elemento distintivo fondamentale, OverIT ha deciso di investire notevoli risorse nel GIS, anche attraverso il proprio <a href=\"https:\/\/www.overit.ai\/it\/piattaforma\/field-service-management-software\/sistema-di-informazioni-geografico-gis\/gis-center-of-excellence\/\">GIS Center of Excellence<\/a>. Dopo essersi confermato l\u2019unico player sul mercato a offrire avanzate funzionalit\u00e0 di mobile GIS, OverIT ora amplia le proprie funzionalit\u00e0 offline per garantire il miglior supporto possibile agli operatori durante le <a href=\"https:\/\/www.overit.ai\/it\/\">attivit\u00e0 in campo<\/a>.<\/p>\n<p>I tecnici possono infatti affidarsi a un ampio pacchetto di visualizzazioni GIS da utilizzare quando si trovano offline per visualizzare il dettaglio della struttura dell\u2019impianto (tra cui informazioni specifiche e allegati multimediali sull\u2019asset su cui effettuare la manutenzione) e consultare dati geografici e mappe in modalit\u00e0 offline, potendo sempre contare su un alto livello di configurabilit\u00e0 che si traduce nella possibilit\u00e0 di scegliere la vista pi\u00f9 adatta al tipo di layer o attivit\u00e0 in corso. Inoltre, il sistema supporta molteplici formati di file perch\u00e9 i tecnici possano consultare un alto numero di dati e mappe, aggiornati in automatico attraverso REST API. Il tecnico riceve una notifica push nel momento in cui un nuovo dato \u00e8 presente a sistema. Da questo momento, pu\u00f2 scaricare agevolmente il contenuto direttamente da mobile anche in assenza di connettivit\u00e0, ottenendo dunque molteplici benefici. In un mondo dove la sicurezza rappresenta un aspetto quantomai imprescindibile per un\u2019azienda, file dalla natura cos\u00ec innovativa permettono di soddisfare la costante crescita di richieste in termini di cybersecurity espressa dai clienti, di fatto proteggendo l\u2019intero contesto aziendale.<\/p>\n<\/div>\n          \n        <\/section>\n\n<\/div><!-- .overit-block-wrapper -->\n<\/div><!-- .overit-block -->\n\n\n<div\n  class=\"overit-block overit-block--white overit-radius-full overit-no-margin overit-padding-small-bottom overit-block--fullwidth\n  overit-block-configurable-jumbotron\"\n        >\n  \n  <div class=\"overit-block-wrapper\">\n\n<section class=\"configurable-jumbotron left\" >\n    \n                  <h3  class=\"cj-title small\">Impact &#038; KPIs<\/h3 >\n          \n    \n        <\/section>\n\n<\/div><!-- .overit-block-wrapper -->\n<\/div><!-- .overit-block -->\n\n\n<div\n  class=\"overit-block overit-block--white overit-radius-full overit-no-margin overit-padding-medium-bottom \n  overit-block-multi-info-cards\"\n        >\n  \n  <div class=\"overit-block-wrapper\">\n\n<div class=\"info-cards info-cards--4 info-cards--align-left\">\n        <div class=\"info-cards__sections \">\n                  <div class=\"info-card info-card--4\n           info-card--bg-gray           \n          \n          info-card--top-line\n        \">\n        <div class=\"info-card-inner\">\n                                  <div class=\"info-card__icon\">\n                            <i aria-hidden=\"true\" style=\"color: #FF8200;font-size: 32px;\" class=\"fa-classic fa-light fa-shield-check\" aria-hidden=\"true\"><\/i>\n            <\/div>\n                                            <div class=\"info-card__title \" >\n              Incremento della sicurezza aziendale\n            <\/div>\n                            <\/div>\n      <\/div>\n                  <div class=\"info-card info-card--4\n           info-card--bg-gray           \n          \n          info-card--top-line\n        \">\n        <div class=\"info-card-inner\">\n                                  <div class=\"info-card__icon\">\n                            <i aria-hidden=\"true\" style=\"color: #FF8200;font-size: 32px;\" class=\"fa-classic fa-light fa-chart-network\" aria-hidden=\"true\"><\/i>\n            <\/div>\n                                            <div class=\"info-card__title \" >\n              Introduzione di nuove funzionalit\u00e0 GIS\n            <\/div>\n                            <\/div>\n      <\/div>\n                  <div class=\"info-card info-card--4\n           info-card--bg-gray           \n          \n          info-card--top-line\n        \">\n        <div class=\"info-card-inner\">\n                                  <div class=\"info-card__icon\">\n                            <i aria-hidden=\"true\" style=\"color: #FF8200;font-size: 32px;\" class=\"fa-classic fa-light fa-circle-star\" aria-hidden=\"true\"><\/i>\n            <\/div>\n                                            <div class=\"info-card__title \" >\n              Aumento della qualit\u00e0 delle attivit\u00e0 in campo\n            <\/div>\n                            <\/div>\n      <\/div>\n                  <div class=\"info-card info-card--4\n           info-card--bg-gray           \n          \n          info-card--top-line\n        \">\n        <div class=\"info-card-inner\">\n                                  <div class=\"info-card__icon\">\n                            <i aria-hidden=\"true\" style=\"color: #FF8200;font-size: 32px;\" class=\"fa-classic fa-light fa-user-plus\" aria-hidden=\"true\"><\/i>\n            <\/div>\n                                            <div class=\"info-card__title \" >\n              Miglioramento della user experience\n            <\/div>\n                            <\/div>\n      <\/div>\n          <\/div>\n  <\/div>\n\n<\/div><!-- .overit-block-wrapper -->\n<\/div><!-- .overit-block -->\n","protected":false},"excerpt":{"rendered":"","protected":false},"author":3,"featured_media":0,"parent":59502,"menu_order":0,"comment_status":"closed","ping_status":"closed","template":"","meta":{"_acf_changed":false,"footnotes":""},"case_study_category":[],"class_list":["post-66019","page","type-page","status-publish","hentry"],"acf":[],"yoast_head":"<!-- This site is optimized with the Yoast SEO Premium plugin v25.6 (Yoast SEO v25.6) - https:\/\/yoast.com\/wordpress\/plugins\/seo\/ -->\n<title>Mobile GIS offline<\/title>\n<meta name=\"description\" content=\"Consenti ai tecnici di accedere a mappe, asset e dati GIS con il mobile GIS offline. Garantisci affidabilit\u00e0 nelle aree senza connettivit\u00e0\" \/>\n<meta name=\"robots\" content=\"index, follow, max-snippet:-1, max-image-preview:large, max-video-preview:-1\" \/>\n<link rel=\"canonical\" href=\"https:\/\/www.overit.ai\/it\/piattaforma\/field-service-management-software\/mobile-workforce-management\/mobile-gis-offline\/\" \/>\n<meta property=\"og:locale\" content=\"it_IT\" \/>\n<meta property=\"og:type\" content=\"article\" \/>\n<meta property=\"og:title\" content=\"Mobile GIS offline\" \/>\n<meta property=\"og:description\" content=\"Consenti ai tecnici di accedere a mappe, asset e dati GIS con il mobile GIS offline. Garantisci affidabilit\u00e0 nelle aree senza connettivit\u00e0\" \/>\n<meta property=\"og:url\" content=\"https:\/\/www.overit.ai\/it\/piattaforma\/field-service-management-software\/mobile-workforce-management\/mobile-gis-offline\/\" \/>\n<meta property=\"og:site_name\" content=\"OverIT\" \/>\n<meta property=\"article:modified_time\" content=\"2025-11-19T12:01:24+00:00\" \/>\n<meta property=\"og:image\" content=\"https:\/\/www.overit.ai\/app\/uploads\/2022\/09\/Augmented-collaboration-powered-by-GIS-2.jpg\" \/>\n\t<meta property=\"og:image:width\" content=\"1000\" \/>\n\t<meta property=\"og:image:height\" content=\"519\" \/>\n\t<meta property=\"og:image:type\" content=\"image\/jpeg\" \/>\n<meta name=\"twitter:card\" content=\"summary_large_image\" \/>\n<meta name=\"twitter:title\" content=\"Mobile GIS offline\" \/>\n<meta name=\"twitter:label1\" content=\"Est. reading time\" \/>\n\t<meta name=\"twitter:data1\" content=\"3 minutes\" \/>\n<script type=\"application\/ld+json\" class=\"yoast-schema-graph\">{\"@context\":\"https:\/\/schema.org\",\"@graph\":[{\"@type\":\"WebPage\",\"@id\":\"https:\/\/www.overit.ai\/it\/piattaforma\/field-service-management-software\/mobile-workforce-management\/mobile-gis-offline\/\",\"url\":\"https:\/\/www.overit.ai\/it\/piattaforma\/field-service-management-software\/mobile-workforce-management\/mobile-gis-offline\/\",\"name\":\"Mobile GIS offline\",\"isPartOf\":{\"@id\":\"https:\/\/www.overit.ai\/it\/#website\"},\"datePublished\":\"2025-09-09T13:29:19+00:00\",\"dateModified\":\"2025-11-19T12:01:24+00:00\",\"description\":\"Consenti ai tecnici di accedere a mappe, asset e dati GIS con il mobile GIS offline. Garantisci affidabilit\u00e0 nelle aree senza connettivit\u00e0\",\"breadcrumb\":{\"@id\":\"https:\/\/www.overit.ai\/it\/piattaforma\/field-service-management-software\/mobile-workforce-management\/mobile-gis-offline\/#breadcrumb\"},\"inLanguage\":\"it-IT\",\"potentialAction\":[{\"@type\":\"ReadAction\",\"target\":[\"https:\/\/www.overit.ai\/it\/piattaforma\/field-service-management-software\/mobile-workforce-management\/mobile-gis-offline\/\"]}]},{\"@type\":\"BreadcrumbList\",\"@id\":\"https:\/\/www.overit.ai\/it\/piattaforma\/field-service-management-software\/mobile-workforce-management\/mobile-gis-offline\/#breadcrumb\",\"itemListElement\":[{\"@type\":\"ListItem\",\"position\":1,\"name\":\"Home\",\"item\":\"https:\/\/www.overit.ai\/it\/\"},{\"@type\":\"ListItem\",\"position\":2,\"name\":\"Piattaforma di Field Service Management\",\"item\":\"https:\/\/www.overit.ai\/it\/piattaforma\/\"},{\"@type\":\"ListItem\",\"position\":3,\"name\":\"NextGen FSM\",\"item\":\"https:\/\/www.overit.ai\/it\/piattaforma\/field-service-management-software\/\"},{\"@type\":\"ListItem\",\"position\":4,\"name\":\"Mobile Workforce Management\",\"item\":\"https:\/\/www.overit.ai\/it\/piattaforma\/field-service-management-software\/mobile-workforce-management\/\"},{\"@type\":\"ListItem\",\"position\":5,\"name\":\"Mobile GIS offline\"}]},{\"@type\":\"WebSite\",\"@id\":\"https:\/\/www.overit.ai\/it\/#website\",\"url\":\"https:\/\/www.overit.ai\/it\/\",\"name\":\"OverIT\",\"description\":\"Innovation in Field Service Management\",\"publisher\":{\"@id\":\"https:\/\/www.overit.ai\/it\/#organization\"},\"potentialAction\":[{\"@type\":\"SearchAction\",\"target\":{\"@type\":\"EntryPoint\",\"urlTemplate\":\"https:\/\/www.overit.ai\/it\/?s={search_term_string}\"},\"query-input\":{\"@type\":\"PropertyValueSpecification\",\"valueRequired\":true,\"valueName\":\"search_term_string\"}}],\"inLanguage\":\"it-IT\"},{\"@type\":\"Organization\",\"@id\":\"https:\/\/www.overit.ai\/it\/#organization\",\"name\":\"OverIT\",\"url\":\"https:\/\/www.overit.ai\/it\/\",\"logo\":{\"@type\":\"ImageObject\",\"inLanguage\":\"it-IT\",\"@id\":\"https:\/\/www.overit.ai\/it\/#\/schema\/logo\/image\/\",\"url\":\"https:\/\/www.overit.ai\/app\/uploads\/2021\/10\/OverIT-logo-400.png\",\"contentUrl\":\"https:\/\/www.overit.ai\/app\/uploads\/2021\/10\/OverIT-logo-400.png\",\"width\":400,\"height\":250,\"caption\":\"OverIT\"},\"image\":{\"@id\":\"https:\/\/www.overit.ai\/it\/#\/schema\/logo\/image\/\"}}]}<\/script>\n<!-- \/ Yoast SEO Premium plugin. -->","yoast_head_json":{"title":"Mobile GIS offline","description":"Consenti ai tecnici di accedere a mappe, asset e dati GIS con il mobile GIS offline. Garantisci affidabilit\u00e0 nelle aree senza connettivit\u00e0","robots":{"index":"index","follow":"follow","max-snippet":"max-snippet:-1","max-image-preview":"max-image-preview:large","max-video-preview":"max-video-preview:-1"},"canonical":"https:\/\/www.overit.ai\/it\/piattaforma\/field-service-management-software\/mobile-workforce-management\/mobile-gis-offline\/","og_locale":"it_IT","og_type":"article","og_title":"Mobile GIS offline","og_description":"Consenti ai tecnici di accedere a mappe, asset e dati GIS con il mobile GIS offline. Garantisci affidabilit\u00e0 nelle aree senza connettivit\u00e0","og_url":"https:\/\/www.overit.ai\/it\/piattaforma\/field-service-management-software\/mobile-workforce-management\/mobile-gis-offline\/","og_site_name":"OverIT","article_modified_time":"2025-11-19T12:01:24+00:00","og_image":[{"width":1000,"height":519,"url":"https:\/\/www.overit.ai\/app\/uploads\/2022\/09\/Augmented-collaboration-powered-by-GIS-2.jpg","type":"image\/jpeg"}],"twitter_card":"summary_large_image","twitter_title":"Mobile GIS offline","twitter_misc":{"Est. reading time":"3 minutes"},"schema":{"@context":"https:\/\/schema.org","@graph":[{"@type":"WebPage","@id":"https:\/\/www.overit.ai\/it\/piattaforma\/field-service-management-software\/mobile-workforce-management\/mobile-gis-offline\/","url":"https:\/\/www.overit.ai\/it\/piattaforma\/field-service-management-software\/mobile-workforce-management\/mobile-gis-offline\/","name":"Mobile GIS offline","isPartOf":{"@id":"https:\/\/www.overit.ai\/it\/#website"},"datePublished":"2025-09-09T13:29:19+00:00","dateModified":"2025-11-19T12:01:24+00:00","description":"Consenti ai tecnici di accedere a mappe, asset e dati GIS con il mobile GIS offline. Garantisci affidabilit\u00e0 nelle aree senza connettivit\u00e0","breadcrumb":{"@id":"https:\/\/www.overit.ai\/it\/piattaforma\/field-service-management-software\/mobile-workforce-management\/mobile-gis-offline\/#breadcrumb"},"inLanguage":"it-IT","potentialAction":[{"@type":"ReadAction","target":["https:\/\/www.overit.ai\/it\/piattaforma\/field-service-management-software\/mobile-workforce-management\/mobile-gis-offline\/"]}]},{"@type":"BreadcrumbList","@id":"https:\/\/www.overit.ai\/it\/piattaforma\/field-service-management-software\/mobile-workforce-management\/mobile-gis-offline\/#breadcrumb","itemListElement":[{"@type":"ListItem","position":1,"name":"Home","item":"https:\/\/www.overit.ai\/it\/"},{"@type":"ListItem","position":2,"name":"Piattaforma di Field Service Management","item":"https:\/\/www.overit.ai\/it\/piattaforma\/"},{"@type":"ListItem","position":3,"name":"NextGen FSM","item":"https:\/\/www.overit.ai\/it\/piattaforma\/field-service-management-software\/"},{"@type":"ListItem","position":4,"name":"Mobile Workforce Management","item":"https:\/\/www.overit.ai\/it\/piattaforma\/field-service-management-software\/mobile-workforce-management\/"},{"@type":"ListItem","position":5,"name":"Mobile GIS offline"}]},{"@type":"WebSite","@id":"https:\/\/www.overit.ai\/it\/#website","url":"https:\/\/www.overit.ai\/it\/","name":"OverIT","description":"Innovation in Field Service Management","publisher":{"@id":"https:\/\/www.overit.ai\/it\/#organization"},"potentialAction":[{"@type":"SearchAction","target":{"@type":"EntryPoint","urlTemplate":"https:\/\/www.overit.ai\/it\/?s={search_term_string}"},"query-input":{"@type":"PropertyValueSpecification","valueRequired":true,"valueName":"search_term_string"}}],"inLanguage":"it-IT"},{"@type":"Organization","@id":"https:\/\/www.overit.ai\/it\/#organization","name":"OverIT","url":"https:\/\/www.overit.ai\/it\/","logo":{"@type":"ImageObject","inLanguage":"it-IT","@id":"https:\/\/www.overit.ai\/it\/#\/schema\/logo\/image\/","url":"https:\/\/www.overit.ai\/app\/uploads\/2021\/10\/OverIT-logo-400.png","contentUrl":"https:\/\/www.overit.ai\/app\/uploads\/2021\/10\/OverIT-logo-400.png","width":400,"height":250,"caption":"OverIT"},"image":{"@id":"https:\/\/www.overit.ai\/it\/#\/schema\/logo\/image\/"}}]}},"_links":{"self":[{"href":"https:\/\/www.overit.ai\/it\/wp-json\/wp\/v2\/pages\/66019","targetHints":{"allow":["GET"]}}],"collection":[{"href":"https:\/\/www.overit.ai\/it\/wp-json\/wp\/v2\/pages"}],"about":[{"href":"https:\/\/www.overit.ai\/it\/wp-json\/wp\/v2\/types\/page"}],"author":[{"embeddable":true,"href":"https:\/\/www.overit.ai\/it\/wp-json\/wp\/v2\/users\/3"}],"replies":[{"embeddable":true,"href":"https:\/\/www.overit.ai\/it\/wp-json\/wp\/v2\/comments?post=66019"}],"version-history":[{"count":1,"href":"https:\/\/www.overit.ai\/it\/wp-json\/wp\/v2\/pages\/66019\/revisions"}],"predecessor-version":[{"id":66020,"href":"https:\/\/www.overit.ai\/it\/wp-json\/wp\/v2\/pages\/66019\/revisions\/66020"}],"up":[{"embeddable":true,"href":"https:\/\/www.overit.ai\/it\/wp-json\/wp\/v2\/pages\/59502"}],"wp:attachment":[{"href":"https:\/\/www.overit.ai\/it\/wp-json\/wp\/v2\/media?parent=66019"}],"wp:term":[{"taxonomy":"case_study_category","embeddable":true,"href":"https:\/\/www.overit.ai\/it\/wp-json\/wp\/v2\/case_study_category?post=66019"}],"curies":[{"name":"wp","href":"https:\/\/api.w.org\/{rel}","templated":true}]}}