{"id":54530,"date":"2024-07-25T13:59:56","date_gmt":"2024-07-25T13:59:56","guid":{"rendered":"https:\/\/www.overit.ai\/?page_id=54530"},"modified":"2026-04-22T10:05:39","modified_gmt":"2026-04-22T10:05:39","slug":"sky-ottimizzazione-di-complesse-attivita-telco-assegnate-a-tecnici-esterni","status":"publish","type":"page","link":"https:\/\/www.overit.ai\/it\/clienti\/casi-di-successo\/sky-ottimizzazione-di-complesse-attivita-telco-assegnate-a-tecnici-esterni\/","title":{"rendered":"Sky &#8211; Ottimizzazione di complesse attivit\u00e0 Telco assegnate a tecnici esterni"},"content":{"rendered":"<div\n  class=\"overit-block overit-block--white overit-radius-none overit-margin-small-bottom overit-no-padding \n  overit-block-customer-page-header\"\n        >\n  \n  <div class=\"overit-block-wrapper\">\n\n<div class=\"cph\">\n  \n    <div class=\"cph_slogan-cont\" style=\"background: linear-gradient(0deg, rgba(0, 0, 0, 0.35), rgba(0, 0, 0, 0.35)), url('https:\/\/www.overit.ai\/app\/uploads\/2024\/04\/sky-streamlining-complex-Telco-activities-header.jpg') center bottom\">\n                  <div class=\"cph__section-title\">Sky<\/div>\n                                    <h1 class=\"cph__slogan\">Ottimizzazione di complesse attivit\u00e0 Telco assegnate a tecnici esterni<\/h1>\n            <\/div>\n  <div class=\"cph__customer-section\" data-aos=\"fade-up\">\n    <div class=\"cph__customer-desc-cont\">\n                    <img decoding=\"async\" class=\"cph__customer-logo\" src=\"https:\/\/www.overit.ai\/app\/uploads\/2024\/04\/SKY-LOGO-2024-e1713365499750.png\" alt=\"SKY-LOGO-2024\" width=\"1596\" height=\"977\" \/>\n            <div class=\"cph__customer-desc\">\n        <p>Costituita nel 2003, Sky Italia \u00e8 una societ\u00e0 attiva nel campo dell\u2019intrattenimento. L\u2019azienda fa parte di Sky Group, uno dei maggiori gruppi nel settore dell\u2019intrattenimento in Europa, a sua volta controllato da Comcast Corporation, un operatore di media &amp; tecnologia a livello internazionale. <\/p>\n\n      <\/div>\n    <\/div>\n    <div class=\"cph__customer-facts\">\n              <div class=\"cph__facts-title\">INFORMAZIONI PRINCIPALI <\/div>\n        <div class=\"cph__facts\">\n                     <div class=\"cph__fact-cont\">\n            <div class=\"cph__fact-label\">\n              Settore\n            <\/div>\n            <div class=\"cph__fact\">\n              Telco &amp; Media\n            <\/div>\n          <\/div>\n                     <div class=\"cph__fact-cont\">\n            <div class=\"cph__fact-label\">\n              Regione\n            <\/div>\n            <div class=\"cph__fact\">\n              EMEA\n            <\/div>\n          <\/div>\n                     <div class=\"cph__fact-cont\">\n            <div class=\"cph__fact-label\">\n              Tecnici in campo\n            <\/div>\n            <div class=\"cph__fact\">\n              1,700\n            <\/div>\n          <\/div>\n                     <div class=\"cph__fact-cont\">\n            <div class=\"cph__fact-label\">\n              Tecnici esterni\n            <\/div>\n            <div class=\"cph__fact\">\n              300 \n            <\/div>\n          <\/div>\n                  <\/div>\n          <\/div>\n  <\/div>\n<\/div>\n\n<\/div><!-- .overit-block-wrapper -->\n<\/div><!-- .overit-block -->\n\n\n<div\n  class=\"overit-block overit-block--white overit-radius-full overit-no-margin overit-padding-small overit-block--fullwidth\n  overit-block-configurable-jumbotron\"\n        >\n  \n  <div class=\"overit-block-wrapper\">\n\n<section class=\"configurable-jumbotron center\" >\n    \n    \n                  <div class=\"cj-subtitle medium\"><p>Quante volte non vediamo l\u2019ora di arrivare a sera per rilassarsi sul divano davanti alla TV e magari vedere la partita del nostro sport preferito o la serie TV di punta del momento? Ci siamo mai chiesti quale sia una delle aziende che offre questo servizio? Sicuramente <strong>Sky Italia<\/strong>, un\u2019azienda attiva nel comparto media e tecnologia che sfrutta soluzioni innovative per offrire ai propri abbonati canali dedicati all\u2019intrattenimento, allo sport, ai notiziari e all\u2019arte nonch\u00e9 film originali pluripremiati. <\/p>\n<\/div>\n          \n        <\/section>\n\n<\/div><!-- .overit-block-wrapper -->\n<\/div><!-- .overit-block -->\n\n\n<div\n  class=\"overit-block overit-block--white overit-radius-full overit-no-margin overit-padding-medium-top overit-block--fullwidth\n  overit-block-configurable-jumbotron\"\n        >\n  \n  <div class=\"overit-block-wrapper\">\n\n<section class=\"configurable-jumbotron left\" >\n                  <h3 class=\"cj-section-title\">SFIDA<\/h3>\n          \n                  <div class=\"cj-title medium\">Gestione impeccabile delle attivit\u00e0 di installazione, aggiornamento, manutenzione, sostituzione e trasferimento eseguite da tecnici e contrattisti <\/div>\n          \n                  <div class=\"cj-subtitle small\"><p>In un\u2019era caratterizzata da un\u2019iperconnettivit\u00e0 mai sperimentata prima, dove avere accesso immediato alle informazioni non \u00e8 un lusso ma una prerogativa essenziale, Sky affronta una sfida considerevole: gestire in modo impeccabile le attivit\u00e0 di installazione, aggiornamento, manutenzione, sostituzione e trasferimento. Una missione di tale portata porta con s\u00e9 standard di precisione, puntualit\u00e0 e accuratezza per assicurare la soddisfazione del cliente, risolvere eventuali problematiche al primo tentativo e ridurre al minimo i disservizi. Tuttavia, questo incarico \u00e8 tutto fuorch\u00e9 banale, soprattutto se si considera l\u2019incredibile volume di 600.000 ordini di lavoro che Sky \u00e8 chiamata a gestire e assegnare a una rete composta da 300 contrattisti esterni. A complicare ulteriormente la questione si pone l\u2019utilizzo di molteplici applicazioni che ostacolano il raggiungimento degli standard di efficienza auspicati nell\u2019intero processo. <\/p>\n<\/div>\n          \n        <\/section>\n\n<\/div><!-- .overit-block-wrapper -->\n<\/div><!-- .overit-block -->\n\n\n<div\n  class=\"overit-block overit-block--white overit-radius-full overit-no-margin overit-padding-small \n  overit-block-separator\"\n        >\n  \n  <div class=\"overit-block-wrapper\">\n\n<div class=\"overit-separator overit-separator--boxed\">\n  <hr\/>\n<\/div>\n\n<\/div><!-- .overit-block-wrapper -->\n<\/div><!-- .overit-block -->\n\n\n<div\n  class=\"overit-block overit-block--white overit-radius-full overit-no-margin overit-no-padding overit-block--fullwidth\n  overit-block-configurable-jumbotron\"\n        >\n  \n  <div class=\"overit-block-wrapper\">\n\n<section class=\"configurable-jumbotron left\" >\n                  <h3 class=\"cj-section-title\">SOLUZIONE<\/h3>\n          \n                  <div class=\"cj-title medium\">Un\u2019unica soluzione per un processo di FSM end-to-end <\/div>\n          \n                  <div class=\"cj-subtitle small\"><p>OverIT si \u00e8 dimostrata la soluzione ideale per Sky per velocizzare la gestione di tutte le attivit\u00e0 da svolgere in campo presso clienti privati, bar e hotel. <\/p>\n<ul>\n<li><strong>Generazione di ordini di assistenza per la manutenzione, riparazione e installazione in loco <\/strong><br \/>\nGenerazione e apertura di ordini di assistenza e gestione end-to-end degli interventi di manutenzione, riparazione e installazione presso il cliente.<\/li>\n<li><strong>Notifica immediata degli ordini di lavoro al tecnico installatore <\/strong><br \/>\nNotifica in tempo reale in caso di nuove attivit\u00e0 di installazione e aggiornamento direttamente sul dispositivo del tecnico, assicurando un\u2019esecuzione puntuale.<\/li>\n<li><strong>Integrazione con sistemi esterni per la gestione dell\u2019inventario <\/strong><br \/>\nIntegrazione agevole con SAP per rifornire il magazzino dei tecnici con materiali serializzati e non.<\/li>\n<li><strong>Gestione del controllo di qualit\u00e0 <\/strong><br \/>\nSchedulazione di ordini di lavoro casuali eseguiti da tecnici esterni e loro assegnazione a squadre specializzate che ne verificano la corretta esecuzione presso il cliente.<\/li>\n<\/ul>\n<\/div>\n          \n        <\/section>\n\n<\/div><!-- .overit-block-wrapper -->\n<\/div><!-- .overit-block -->\n\n\n<div\n  class=\"overit-block overit-block--white overit-radius-full overit-no-margin overit-padding-small \n  overit-block-separator\"\n        >\n  \n  <div class=\"overit-block-wrapper\">\n\n<div class=\"overit-separator overit-separator--boxed\">\n  <hr\/>\n<\/div>\n\n<\/div><!-- .overit-block-wrapper -->\n<\/div><!-- .overit-block -->\n\n\n<div\n  class=\"overit-block overit-block--white overit-radius-full overit-no-margin overit-no-padding overit-block--fullwidth\n  overit-block-configurable-jumbotron\"\n        >\n  \n  <div class=\"overit-block-wrapper\">\n\n<section class=\"configurable-jumbotron left\" >\n                  <h3 class=\"cj-section-title\">RISULTATI<\/h3>\n          \n                  <div class=\"cj-title medium\">L\u2019adozione della soluzione FSM di OverIT ha permesso di raggiungere notevoli progressi <\/div>\n          \n    \n        <\/section>\n\n<\/div><!-- .overit-block-wrapper -->\n<\/div><!-- .overit-block -->\n\n\n<div\n  class=\"overit-block overit-block--white overit-radius-full overit-no-margin overit-padding-small \n  overit-block-multi-info-cards\"\n        >\n  \n  <div class=\"overit-block-wrapper\">\n\n<div class=\"info-cards info-cards--4 info-cards--align-center\">\n        <div class=\"info-cards__sections \">\n                  <div class=\"info-card info-card--4\n                    \n          \n          info-card--top-line\n        \">\n        <div class=\"info-card-inner\">\n                                  <div class=\"info-card__icon\">\n                            <i aria-hidden=\"true\" style=\"color: #FF8200;font-size: 32px;\" class=\"fa-classic fa-light fa-mobile\" aria-hidden=\"true\"><\/i>\n            <\/div>\n                                                      <div class=\"info-card__description\" >\n              <p>Velocizzazione della gestione degli ordini di lavoro da dispositivo mobile del 65% <\/p>\n\n            <\/div>\n                  <\/div>\n      <\/div>\n                  <div class=\"info-card info-card--4\n                    \n          \n          info-card--top-line\n        \">\n        <div class=\"info-card-inner\">\n                                  <div class=\"info-card__icon\">\n                            <i aria-hidden=\"true\" style=\"color: #FF8200;font-size: 32px;\" class=\"fa-classic fa-light fa-calendar-range\" aria-hidden=\"true\"><\/i>\n            <\/div>\n                                                      <div class=\"info-card__description\" >\n              <p>Riduzione del tempo di elaborazione per ordini di installazione e aggiornamento <\/p>\n\n            <\/div>\n                  <\/div>\n      <\/div>\n                  <div class=\"info-card info-card--4\n                    \n          \n          info-card--top-line\n        \">\n        <div class=\"info-card-inner\">\n                                  <div class=\"info-card__icon\">\n                            <i aria-hidden=\"true\" style=\"color: #FF8200;font-size: 32px;\" class=\"fa-classic fa-light fa-chart-line-down\" aria-hidden=\"true\"><\/i>\n            <\/div>\n                                                      <div class=\"info-card__description\" >\n              <p>Dimezzamento dell\u2019incidenza dei guasti segnalati<\/p>\n\n            <\/div>\n                  <\/div>\n      <\/div>\n                  <div class=\"info-card info-card--4\n                    \n          \n          info-card--top-line\n        \">\n        <div class=\"info-card-inner\">\n                                  <div class=\"info-card__icon\">\n                            <i aria-hidden=\"true\" style=\"color: #FF8200;font-size: 32px;\" class=\"fa-classic fa-light fa-display-chart-up-circle-dollar\" aria-hidden=\"true\"><\/i>\n            <\/div>\n                                                      <div class=\"info-card__description\" >\n              <p>Aumento dei margini rispetto all\u2019esercizio precedente <\/p>\n\n            <\/div>\n                  <\/div>\n      <\/div>\n          <\/div>\n  <\/div>\n\n<\/div><!-- .overit-block-wrapper -->\n<\/div><!-- .overit-block -->\n\n\n<div\n  class=\"overit-block overit-block--light-gray overit-radius-full overit-margin-medium overit-padding-medium \n  overit-block-about-autor\"\n        >\n  \n  <div class=\"overit-block-wrapper\">\n<div class=\"ata\">\n  <div class=\"ata__content\">\n    <div class=\"ata__name-cont\">\n      <div class=\"ata__img-cont\">\n        <div class=\"ata__img\">\n          <img decoding=\"async\" src=\"https:\/\/www.overit.ai\/app\/uploads\/2024\/04\/gabriella-vacca-sky.jpeg\" alt=\"autor profile image\" width=\"800\" height=\"800\" \/>\n        <\/div>\n      <\/div>\n      <div class=\"ata__name-label\">\n        <div class=\"ata__name\">\n          Gabriella Vacca\n        <\/div>\n        <div class=\"ata__label\">\n          Gabriella Vacca &#8211; CTO di Sky Italia e Group Director of Enterprise Technology presso Sky Europe \n        <\/div>\n      <\/div>\n    <\/div>\n    <div class=\"ata__about-cont\">\n      <div class=\"ata__about\">\n        <em>\u201c\u00c8 per noi un vero onore collaborare con OverIT per continuare a offrire l\u2019assistenza di Sky Expert ai clienti di servizi a larga banda. Grazie alla piattaforma che abbiamo introdotto possiamo ora dare un supporto efficace alle attivit\u00e0 sul campo. Ogni giorno oltre 1.700 tecnici in campo e pi\u00f9 di 500 dipendenti dediti all\u2019assistenza diretta o nei negozi Sky utilizzano la soluzione di OverIT per gestire oltre 2.000 ordini di lavoro, tra cui attivit\u00e0 di installazione, aggiornamento, manutenzione, sostituzione e trasferimento. I benefici che stiamo registrando sono il risultato concreto del lavoro di squadra, dove ancora una volta sono le persone a fare la differenza. Non c\u2019\u00e8 alcun dubbio che i vostri team hanno dimostrato competenza e resilienza in ogni momento.&#8221;<\/em>\n      <\/div>\n\n      <div class=\"ata__socials\">\n                              <\/div>\n    <\/div>\n  <\/div>\n<\/div>\n\n<\/div><!-- .overit-block-wrapper -->\n<\/div><!-- .overit-block -->\n\n\n<div\n  class=\"overit-block overit-block--white overit-radius-full overit-no-margin overit-padding-medium \n  overit-block-sustainable-development-goals\"\n        >\n  \n  <div class=\"overit-block-wrapper\">\n\n\n<div class=\"sdg\" id=\"\">\n  <div class=\"sdg__container\">\n    <div class=\"sdg__logo\">\n      <img decoding=\"async\" src=\"https:\/\/www.overit.ai\/app\/themes\/overit-theme\/resources\/assets\/images\/sdg\/IT\/logo.png\" width=\"96\" height=\"82\" alt=\"Icona che rappresenta gli Obiettivi per lo Sviluppo Sostenibile\" \/>\n    <\/div>\n          <div class=\"sdg__description\">\n        <p><p>Sky contribuisce positivamente al benessere mondiale supportando le persone a sfruttare appieno il proprio potenziale, dando accesso a Internet, offrendo nuove opportunit\u00e0 di lavoro e riducendo le emissioni di anidride carbonica. L\u2019introduzione di una soluzione dalla natura altamente innovativa come la\u00a0NextGen Platform di OverIT assume la massima espressione nel promuovere lo sviluppo tecnologico e la digitalizzazione delle attivit\u00e0 per raggiungere standard di eccellenza, soprattutto pensando alle squadre in campo e agli utenti finali.<\/p>\n<\/p>\n      <\/div>\n              <div class=\"sdg__title\">\n        <p>OverIT <strong>NextGen Platform<\/strong> ha contribuito al raggiungimento degli <strong>Obiettivi di Sviluppo Sostenibile<\/strong><\/p>\n      <\/div>\n      <div class=\"sdg__icons\">\n                                        <div class=\"sdg__icon\">\n              <img decoding=\"async\" src=\"https:\/\/www.overit.ai\/app\/themes\/overit-theme\/resources\/assets\/images\/sdg\/IT\/8.png\" alt=\"Icona che rappresenta l&#039;Obiettivo di Sviluppo Sostenibile 8: Lavoro dignitoso e crescita economica\" width=\"76\" height=\"76\" \/>\n            <\/div>\n                                                  <div class=\"sdg__icon\">\n              <img decoding=\"async\" src=\"https:\/\/www.overit.ai\/app\/themes\/overit-theme\/resources\/assets\/images\/sdg\/IT\/9.png\" alt=\"Icona che rappresenta l&#039;Obiettivo di Sviluppo Sostenibile 9: Industria, innovazione e infrastrutture\" width=\"76\" height=\"76\" \/>\n            <\/div>\n                        <\/div>\n      <\/div>\n<\/div>\n\n<\/div><!-- .overit-block-wrapper -->\n<\/div><!-- .overit-block -->\n","protected":false},"excerpt":{"rendered":"","protected":false},"author":3,"featured_media":0,"parent":270,"menu_order":0,"comment_status":"closed","ping_status":"closed","template":"","meta":{"_acf_changed":false,"footnotes":""},"case_study_category":[],"class_list":["post-54530","page","type-page","status-publish","hentry"],"acf":[],"yoast_head":"<!-- This site is optimized with the Yoast SEO Premium plugin v25.6 (Yoast SEO v25.6) - https:\/\/yoast.com\/wordpress\/plugins\/seo\/ -->\n<title>Sky - Ottimizzazione attivit\u00e0 Telco assegnate a tecnici esterni<\/title>\n<meta name=\"description\" content=\"Sky adotta la NextGen Platform di OverIT per l&#039;ottimizzazione delle attivit\u00e0 sulle reti Telco da assegnare ai tecnici esterni\" \/>\n<meta name=\"robots\" content=\"index, follow, max-snippet:-1, max-image-preview:large, max-video-preview:-1\" \/>\n<link rel=\"canonical\" href=\"https:\/\/www.overit.ai\/it\/clienti\/casi-di-successo\/sky-ottimizzazione-di-complesse-attivita-telco-assegnate-a-tecnici-esterni\/\" \/>\n<meta property=\"og:locale\" content=\"it_IT\" \/>\n<meta property=\"og:type\" content=\"article\" \/>\n<meta property=\"og:title\" content=\"Sky - Ottimizzazione di complesse attivit\u00e0 Telco assegnate a tecnici esterni\" \/>\n<meta property=\"og:description\" content=\"Sky adotta la NextGen Platform di OverIT per migliorare l&#039;alta qualit\u00e0 delle attivit\u00e0 di installazione e i controlli di qualit\u00e0 da remoto.\" \/>\n<meta property=\"og:url\" content=\"https:\/\/www.overit.ai\/it\/clienti\/casi-di-successo\/sky-ottimizzazione-di-complesse-attivita-telco-assegnate-a-tecnici-esterni\/\" \/>\n<meta property=\"og:site_name\" content=\"OverIT\" \/>\n<meta property=\"article:modified_time\" content=\"2026-04-22T10:05:39+00:00\" \/>\n<meta property=\"og:image\" content=\"https:\/\/www.overit.ai\/app\/uploads\/2024\/04\/sky-streamlining-complex-Telco-activities-header.jpg\" \/>\n\t<meta property=\"og:image:width\" content=\"2000\" \/>\n\t<meta property=\"og:image:height\" content=\"1333\" \/>\n\t<meta property=\"og:image:type\" content=\"image\/jpeg\" \/>\n<meta name=\"twitter:card\" content=\"summary_large_image\" \/>\n<meta name=\"twitter:description\" content=\"Sky adotta la NextGen Platform di OverIT per migliorare l&#039;alta qualit\u00e0 delle attivit\u00e0 di installazione e i controlli di qualit\u00e0 da remoto.\" \/>\n<meta name=\"twitter:label1\" content=\"Est. reading time\" \/>\n\t<meta name=\"twitter:data1\" content=\"4 minutes\" \/>\n<script type=\"application\/ld+json\" class=\"yoast-schema-graph\">{\"@context\":\"https:\/\/schema.org\",\"@graph\":[{\"@type\":\"WebPage\",\"@id\":\"https:\/\/www.overit.ai\/it\/clienti\/casi-di-successo\/sky-ottimizzazione-di-complesse-attivita-telco-assegnate-a-tecnici-esterni\/\",\"url\":\"https:\/\/www.overit.ai\/it\/clienti\/casi-di-successo\/sky-ottimizzazione-di-complesse-attivita-telco-assegnate-a-tecnici-esterni\/\",\"name\":\"Sky - Ottimizzazione attivit\u00e0 Telco assegnate a tecnici esterni\",\"isPartOf\":{\"@id\":\"https:\/\/www.overit.ai\/it\/#website\"},\"datePublished\":\"2024-07-25T13:59:56+00:00\",\"dateModified\":\"2026-04-22T10:05:39+00:00\",\"description\":\"Sky adotta la NextGen Platform di OverIT per l'ottimizzazione delle attivit\u00e0 sulle reti Telco da assegnare ai tecnici esterni\",\"breadcrumb\":{\"@id\":\"https:\/\/www.overit.ai\/it\/clienti\/casi-di-successo\/sky-ottimizzazione-di-complesse-attivita-telco-assegnate-a-tecnici-esterni\/#breadcrumb\"},\"inLanguage\":\"it-IT\",\"potentialAction\":[{\"@type\":\"ReadAction\",\"target\":[\"https:\/\/www.overit.ai\/it\/clienti\/casi-di-successo\/sky-ottimizzazione-di-complesse-attivita-telco-assegnate-a-tecnici-esterni\/\"]}]},{\"@type\":\"BreadcrumbList\",\"@id\":\"https:\/\/www.overit.ai\/it\/clienti\/casi-di-successo\/sky-ottimizzazione-di-complesse-attivita-telco-assegnate-a-tecnici-esterni\/#breadcrumb\",\"itemListElement\":[{\"@type\":\"ListItem\",\"position\":1,\"name\":\"Home\",\"item\":\"https:\/\/www.overit.ai\/it\/\"},{\"@type\":\"ListItem\",\"position\":2,\"name\":\"Clienti\",\"item\":\"https:\/\/www.overit.ai\/it\/clienti\/\"},{\"@type\":\"ListItem\",\"position\":3,\"name\":\"Casi di successo\",\"item\":\"https:\/\/www.overit.ai\/it\/clienti\/casi-di-successo\/\"},{\"@type\":\"ListItem\",\"position\":4,\"name\":\"Sky &#8211; Ottimizzazione di complesse attivit\u00e0 Telco assegnate a tecnici esterni\"}]},{\"@type\":\"WebSite\",\"@id\":\"https:\/\/www.overit.ai\/it\/#website\",\"url\":\"https:\/\/www.overit.ai\/it\/\",\"name\":\"OverIT\",\"description\":\"Innovation in Field Service Management\",\"publisher\":{\"@id\":\"https:\/\/www.overit.ai\/it\/#organization\"},\"potentialAction\":[{\"@type\":\"SearchAction\",\"target\":{\"@type\":\"EntryPoint\",\"urlTemplate\":\"https:\/\/www.overit.ai\/it\/?s={search_term_string}\"},\"query-input\":{\"@type\":\"PropertyValueSpecification\",\"valueRequired\":true,\"valueName\":\"search_term_string\"}}],\"inLanguage\":\"it-IT\"},{\"@type\":\"Organization\",\"@id\":\"https:\/\/www.overit.ai\/it\/#organization\",\"name\":\"OverIT\",\"url\":\"https:\/\/www.overit.ai\/it\/\",\"logo\":{\"@type\":\"ImageObject\",\"inLanguage\":\"it-IT\",\"@id\":\"https:\/\/www.overit.ai\/it\/#\/schema\/logo\/image\/\",\"url\":\"https:\/\/www.overit.ai\/app\/uploads\/2021\/10\/OverIT-logo-400.png\",\"contentUrl\":\"https:\/\/www.overit.ai\/app\/uploads\/2021\/10\/OverIT-logo-400.png\",\"width\":400,\"height\":250,\"caption\":\"OverIT\"},\"image\":{\"@id\":\"https:\/\/www.overit.ai\/it\/#\/schema\/logo\/image\/\"}}]}<\/script>\n<!-- \/ Yoast SEO Premium plugin. -->","yoast_head_json":{"title":"Sky - Ottimizzazione attivit\u00e0 Telco assegnate a tecnici esterni","description":"Sky adotta la NextGen Platform di OverIT per l'ottimizzazione delle attivit\u00e0 sulle reti Telco da assegnare ai tecnici esterni","robots":{"index":"index","follow":"follow","max-snippet":"max-snippet:-1","max-image-preview":"max-image-preview:large","max-video-preview":"max-video-preview:-1"},"canonical":"https:\/\/www.overit.ai\/it\/clienti\/casi-di-successo\/sky-ottimizzazione-di-complesse-attivita-telco-assegnate-a-tecnici-esterni\/","og_locale":"it_IT","og_type":"article","og_title":"Sky - Ottimizzazione di complesse attivit\u00e0 Telco assegnate a tecnici esterni","og_description":"Sky adotta la NextGen Platform di OverIT per migliorare l'alta qualit\u00e0 delle attivit\u00e0 di installazione e i controlli di qualit\u00e0 da remoto.","og_url":"https:\/\/www.overit.ai\/it\/clienti\/casi-di-successo\/sky-ottimizzazione-di-complesse-attivita-telco-assegnate-a-tecnici-esterni\/","og_site_name":"OverIT","article_modified_time":"2026-04-22T10:05:39+00:00","og_image":[{"width":2000,"height":1333,"url":"https:\/\/www.overit.ai\/app\/uploads\/2024\/04\/sky-streamlining-complex-Telco-activities-header.jpg","type":"image\/jpeg"}],"twitter_card":"summary_large_image","twitter_description":"Sky adotta la NextGen Platform di OverIT per migliorare l'alta qualit\u00e0 delle attivit\u00e0 di installazione e i controlli di qualit\u00e0 da remoto.","twitter_misc":{"Est. reading time":"4 minutes"},"schema":{"@context":"https:\/\/schema.org","@graph":[{"@type":"WebPage","@id":"https:\/\/www.overit.ai\/it\/clienti\/casi-di-successo\/sky-ottimizzazione-di-complesse-attivita-telco-assegnate-a-tecnici-esterni\/","url":"https:\/\/www.overit.ai\/it\/clienti\/casi-di-successo\/sky-ottimizzazione-di-complesse-attivita-telco-assegnate-a-tecnici-esterni\/","name":"Sky - Ottimizzazione attivit\u00e0 Telco assegnate a tecnici esterni","isPartOf":{"@id":"https:\/\/www.overit.ai\/it\/#website"},"datePublished":"2024-07-25T13:59:56+00:00","dateModified":"2026-04-22T10:05:39+00:00","description":"Sky adotta la NextGen Platform di OverIT per l'ottimizzazione delle attivit\u00e0 sulle reti Telco da assegnare ai tecnici esterni","breadcrumb":{"@id":"https:\/\/www.overit.ai\/it\/clienti\/casi-di-successo\/sky-ottimizzazione-di-complesse-attivita-telco-assegnate-a-tecnici-esterni\/#breadcrumb"},"inLanguage":"it-IT","potentialAction":[{"@type":"ReadAction","target":["https:\/\/www.overit.ai\/it\/clienti\/casi-di-successo\/sky-ottimizzazione-di-complesse-attivita-telco-assegnate-a-tecnici-esterni\/"]}]},{"@type":"BreadcrumbList","@id":"https:\/\/www.overit.ai\/it\/clienti\/casi-di-successo\/sky-ottimizzazione-di-complesse-attivita-telco-assegnate-a-tecnici-esterni\/#breadcrumb","itemListElement":[{"@type":"ListItem","position":1,"name":"Home","item":"https:\/\/www.overit.ai\/it\/"},{"@type":"ListItem","position":2,"name":"Clienti","item":"https:\/\/www.overit.ai\/it\/clienti\/"},{"@type":"ListItem","position":3,"name":"Casi di successo","item":"https:\/\/www.overit.ai\/it\/clienti\/casi-di-successo\/"},{"@type":"ListItem","position":4,"name":"Sky &#8211; Ottimizzazione di complesse attivit\u00e0 Telco assegnate a tecnici esterni"}]},{"@type":"WebSite","@id":"https:\/\/www.overit.ai\/it\/#website","url":"https:\/\/www.overit.ai\/it\/","name":"OverIT","description":"Innovation in Field Service Management","publisher":{"@id":"https:\/\/www.overit.ai\/it\/#organization"},"potentialAction":[{"@type":"SearchAction","target":{"@type":"EntryPoint","urlTemplate":"https:\/\/www.overit.ai\/it\/?s={search_term_string}"},"query-input":{"@type":"PropertyValueSpecification","valueRequired":true,"valueName":"search_term_string"}}],"inLanguage":"it-IT"},{"@type":"Organization","@id":"https:\/\/www.overit.ai\/it\/#organization","name":"OverIT","url":"https:\/\/www.overit.ai\/it\/","logo":{"@type":"ImageObject","inLanguage":"it-IT","@id":"https:\/\/www.overit.ai\/it\/#\/schema\/logo\/image\/","url":"https:\/\/www.overit.ai\/app\/uploads\/2021\/10\/OverIT-logo-400.png","contentUrl":"https:\/\/www.overit.ai\/app\/uploads\/2021\/10\/OverIT-logo-400.png","width":400,"height":250,"caption":"OverIT"},"image":{"@id":"https:\/\/www.overit.ai\/it\/#\/schema\/logo\/image\/"}}]}},"_links":{"self":[{"href":"https:\/\/www.overit.ai\/it\/wp-json\/wp\/v2\/pages\/54530","targetHints":{"allow":["GET"]}}],"collection":[{"href":"https:\/\/www.overit.ai\/it\/wp-json\/wp\/v2\/pages"}],"about":[{"href":"https:\/\/www.overit.ai\/it\/wp-json\/wp\/v2\/types\/page"}],"author":[{"embeddable":true,"href":"https:\/\/www.overit.ai\/it\/wp-json\/wp\/v2\/users\/3"}],"replies":[{"embeddable":true,"href":"https:\/\/www.overit.ai\/it\/wp-json\/wp\/v2\/comments?post=54530"}],"version-history":[{"count":14,"href":"https:\/\/www.overit.ai\/it\/wp-json\/wp\/v2\/pages\/54530\/revisions"}],"predecessor-version":[{"id":72867,"href":"https:\/\/www.overit.ai\/it\/wp-json\/wp\/v2\/pages\/54530\/revisions\/72867"}],"up":[{"embeddable":true,"href":"https:\/\/www.overit.ai\/it\/wp-json\/wp\/v2\/pages\/270"}],"wp:attachment":[{"href":"https:\/\/www.overit.ai\/it\/wp-json\/wp\/v2\/media?parent=54530"}],"wp:term":[{"taxonomy":"case_study_category","embeddable":true,"href":"https:\/\/www.overit.ai\/it\/wp-json\/wp\/v2\/case_study_category?post=54530"}],"curies":[{"name":"wp","href":"https:\/\/api.w.org\/{rel}","templated":true}]}}