{"id":50420,"date":"2024-04-22T12:57:59","date_gmt":"2024-04-22T12:57:59","guid":{"rendered":"https:\/\/www.overit.ai\/?page_id=50420"},"modified":"2025-08-05T14:40:55","modified_gmt":"2025-08-05T14:40:55","slug":"snam-gestione-end-to-end-delle-attivita-mission-critical-sulla-rete-gas","status":"publish","type":"page","link":"https:\/\/www.overit.ai\/it\/clienti\/casi-di-successo\/snam-gestione-end-to-end-delle-attivita-mission-critical-sulla-rete-gas\/","title":{"rendered":"Snam\u00a0&#8211;\u00a0Gestione end-to-end delle attivit\u00e0 mission-critical sulla rete gas\u00a0"},"content":{"rendered":"<div\n  class=\"overit-block overit-block--white overit-radius-full overit-margin-medium-bottom overit-no-padding \n  overit-block-customer-page-header\"\n        >\n  \n  <div class=\"overit-block-wrapper\">\n\n<div class=\"cph\">\n  \n    <div class=\"cph_slogan-cont\" style=\"background: linear-gradient(0deg, rgba(0, 0, 0, 0.35), rgba(0, 0, 0, 0.35)), url('https:\/\/www.overit.ai\/app\/uploads\/2024\/04\/snam-customer-story-header.jpg') center bottom\">\n                  <div class=\"cph__section-title\">SNAM<\/div>\n                                    <h1 class=\"cph__slogan\">Gestione end-to-end delle attivit\u00e0 mission-critical sulla rete gas <\/h1>\n            <\/div>\n  <div class=\"cph__customer-section\" data-aos=\"fade-up\">\n    <div class=\"cph__customer-desc-cont\">\n                    <img decoding=\"async\" class=\"cph__customer-logo\" src=\"https:\/\/www.overit.ai\/app\/uploads\/2020\/12\/clienti-overit-logo-snam.png\" alt=\"clienti-overit-logo-snam\" width=\"400\" height=\"250\" \/>\n            <div class=\"cph__customer-desc\">\n        <p>Snam \u00e8 il primo operatore europeo nel trasporto del gas naturale con una rete, in Italia e all\u2019estero, di circa 38.000 km. L\u2019azienda opera anche nello stoccaggio, di cui detiene il 17,1% della capacit\u00e0 a livello europeo, e nella rigassificazione, con 6,5 miliardi di metri cubi di gas che saliranno a 16,6 miliardi di metri cubi nel 2024 per effetto dell\u2019entrata in esercizio dei rigassificatori di Piombino e Ravenna. Snam \u00e8 tra le principali societ\u00e0 quotate italiane per capitalizzazione di mercato. <\/p>\n\n      <\/div>\n    <\/div>\n    <div class=\"cph__customer-facts\">\n              <div class=\"cph__facts-title\">KEY INFORMATION<\/div>\n        <div class=\"cph__facts\">\n                     <div class=\"cph__fact-cont\">\n            <div class=\"cph__fact-label\">\n              Settore\n            <\/div>\n            <div class=\"cph__fact\">\n              Oil &amp; Gas\n            <\/div>\n          <\/div>\n                     <div class=\"cph__fact-cont\">\n            <div class=\"cph__fact-label\">\n              Regione\n            <\/div>\n            <div class=\"cph__fact\">\n              EMEA\n            <\/div>\n          <\/div>\n                     <div class=\"cph__fact-cont\">\n            <div class=\"cph__fact-label\">\n              Rete di trasporto gas in km\n            <\/div>\n            <div class=\"cph__fact\">\n              38,000+\n            <\/div>\n          <\/div>\n                     <div class=\"cph__fact-cont\">\n            <div class=\"cph__fact-label\">\n              Capacit\u00e0 di stoccaggio a livello europeo\n            <\/div>\n            <div class=\"cph__fact\">\n              17.1%\n            <\/div>\n          <\/div>\n                  <\/div>\n          <\/div>\n  <\/div>\n<\/div>\n\n<\/div><!-- .overit-block-wrapper -->\n<\/div><!-- .overit-block -->\n\n\n<div\n  class=\"overit-block overit-block--white overit-radius-full overit-no-margin overit-padding-medium-top overit-block--fullwidth\n  overit-block-configurable-jumbotron\"\n        >\n  \n  <div class=\"overit-block-wrapper\">\n\n<section class=\"configurable-jumbotron left\" >\n                  <h3 class=\"cj-section-title\">SFIDA <\/h3>\n          \n                  <div class=\"cj-title medium\">Organizzazione dei processi di trasporto, stoccaggio e rigassificazione sulla rete gas <\/div>\n          \n                  <div class=\"cj-subtitle small\"><p>Mettiamoci per un attimo nei panni di un\u2019azienda del comparto Oil &amp; Gas e magari in quelli di una dei leader nel settore, come Snam. Immaginiamo di operare a livello mondiale e gestire una rete gas di 38.000 km, dovendo organizzare e assegnare oltre 50.000 attivit\u00e0 all\u2019anno a pi\u00f9 di 400 tecnici in campo. Di fronte a simili cifre, schedulare attivit\u00e0 di manutenzione, incrementare il rendimento delle operazioni sul campo gestite da mobile e monitorare l\u2019intera rete possono essere processi che richiedono tempi lunghi e che facilmente portano a errori e a pratiche inefficienti. <\/p>\n<p>Lo scenario rappresentato diventa ancora pi\u00f9 complesso se si considera che il principale obiettivo di Snam \u00e8 quello di adoperarsi per risolvere tempestivamente qualsiasi situazione di emergenza, una su tutte la rilevazione di perdite gas.<br \/>\nPer assicurarsi di operare in maniera agevole e continuare a essere il punto di riferimento nel settore, l\u2019unica opzione percorribile \u00e8 quella di individuare una soluzione che racchiuda funzionalit\u00e0 innovative e si integri agli altri sistemi in uso. Quanto raccontato fa da cornice per capire le ragioni dietro la scelta di Snam di mettersi alla ricerca di un sistema di Field Service Management. <\/p>\n<\/div>\n          \n        <\/section>\n\n<\/div><!-- .overit-block-wrapper -->\n<\/div><!-- .overit-block -->\n\n\n<div\n  class=\"overit-block overit-block--white overit-radius-full overit-no-margin overit-padding-small \n  overit-block-separator\"\n        >\n  \n  <div class=\"overit-block-wrapper\">\n\n<div class=\"overit-separator overit-separator--boxed\">\n  <hr\/>\n<\/div>\n\n<\/div><!-- .overit-block-wrapper -->\n<\/div><!-- .overit-block -->\n\n\n<div\n  class=\"overit-block overit-block--white overit-radius-full overit-no-margin overit-no-padding overit-block--fullwidth\n  overit-block-configurable-jumbotron\"\n        >\n  \n  <div class=\"overit-block-wrapper\">\n\n<section class=\"configurable-jumbotron left\" >\n                  <h3 class=\"cj-section-title\">SOLUZIONE <\/h3>\n          \n                  <div class=\"cj-title medium\">Tecnologie avanzate a supporto degli utenti nelle attivit\u00e0 mission-critical sulle reti gas <\/div>\n          \n                  <div class=\"cj-subtitle small\"><p>Per agevolare i processi di trasporto, stoccaggio e rigassificazione lungo tutta la rete e garantire che un ampio portafoglio clienti possa sempre contare su un\u2019efficiente fornitura di energia, Snam ha scelto OverIT come suo partner digitale di fiducia. Grazie al know-how tecnologico e alla sua esperienza nel settore, OverIT ha fornito a Snam funzionalit\u00e0 di schedulazione, avanzate capacit\u00e0 GIS e mobile, oltre che la possibilit\u00e0 di integrarsi a sistemi esterni. Ora Snam pu\u00f2 monitorare l\u2019intero ciclo di vita dei propri asset, migliorando al contempo la capacit\u00e0 di risposta in caso di situazioni di emergenza. <\/p>\n<ul>\n<li><strong>Gestione del rischio <\/strong><br \/>\nSupporto nella valutazione e gestione di potenziali pericoli e requisiti associati alle reti gas per evitare incidenti o situazioni di pericolo <\/li>\n<li><strong>Ottimizzazione e schedulazione degli ordini di lavoro <\/strong><br \/>\nSchedulazione ed esecuzione avanzate di attivit\u00e0 di manutenzione, emergenza, rilevazione perdite e riparazione <\/li>\n<li><strong>Integrazione GIS  <\/strong><br \/>\nSupporto ai tecnici durante l\u2019esecuzione delle attivit\u00e0 attraverso funzionalit\u00e0 cartografiche dedicate accessibili sia da back-end che da mobile. Intenzione di realizzare un nuovo sistema cartografico e di progettazione aziendale per aggiornare e rinnovare la piattaforma cartografica, le tecnologie e i processi <\/li>\n<li><strong>Mobile app <\/strong><br \/>\nAssistenza ai tecnici in campo durante l\u2019esecuzione delle attivit\u00e0 per raccogliere informazioni, acquisire contenuti multimediali, letture e dati da sistemi in campo e consultare schede dati e istruzioni <\/li>\n<li><strong>Integrazione con sistemi esterni <\/strong><br \/>\nIntegrazione agevole con sistemi esterni (es. IBM Maximo, SAP, Salesforce Jarvis) per creare una piattaforma business integrata <\/li>\n<\/ul>\n<\/div>\n          \n        <\/section>\n\n<\/div><!-- .overit-block-wrapper -->\n<\/div><!-- .overit-block -->\n\n\n<div\n  class=\"overit-block overit-block--white overit-radius-full overit-no-margin overit-padding-small \n  overit-block-separator\"\n        >\n  \n  <div class=\"overit-block-wrapper\">\n\n<div class=\"overit-separator overit-separator--boxed\">\n  <hr\/>\n<\/div>\n\n<\/div><!-- .overit-block-wrapper -->\n<\/div><!-- .overit-block -->\n\n\n<div\n  class=\"overit-block overit-block--white overit-radius-full overit-no-margin overit-no-padding overit-block--fullwidth\n  overit-block-configurable-jumbotron\"\n        >\n  \n  <div class=\"overit-block-wrapper\">\n\n<section class=\"configurable-jumbotron left\" >\n                  <h3 class=\"cj-section-title\">RISULTATI <\/h3>\n          \n    \n    \n        <\/section>\n\n<\/div><!-- .overit-block-wrapper -->\n<\/div><!-- .overit-block -->\n\n\n<div\n  class=\"overit-block overit-block--white overit-radius-full overit-no-margin overit-padding-small \n  overit-block-multi-info-cards\"\n        >\n  \n  <div class=\"overit-block-wrapper\">\n\n<div class=\"info-cards info-cards--4 info-cards--align-center\">\n        <div class=\"info-cards__sections \">\n                  <div class=\"info-card info-card--4\n                    \n          \n          info-card--top-line\n        \">\n        <div class=\"info-card-inner\">\n                                  <div class=\"info-card__icon\">\n                            <i aria-hidden=\"true\" style=\"color: #FF8200;font-size: 32px;\" class=\"fa-classic fa-light fa-calendar-range\" aria-hidden=\"true\"><\/i>\n            <\/div>\n                                                      <div class=\"info-card__description\" >\n              <p>Snellimento dei processi e delle attivit\u00e0 in campo <\/p>\n\n            <\/div>\n                  <\/div>\n      <\/div>\n                  <div class=\"info-card info-card--4\n                    \n          \n          info-card--top-line\n        \">\n        <div class=\"info-card-inner\">\n                                  <div class=\"info-card__icon\">\n                            <i aria-hidden=\"true\" style=\"color: #FF8200;font-size: 32px;\" class=\"fa-classic fa-light fa-chart-line-down\" aria-hidden=\"true\"><\/i>\n            <\/div>\n                                                      <div class=\"info-card__description\" >\n              <p>Diminuzione delle trasferte dei tecnici <\/p>\n\n            <\/div>\n                  <\/div>\n      <\/div>\n                  <div class=\"info-card info-card--4\n                    \n          \n          info-card--top-line\n        \">\n        <div class=\"info-card-inner\">\n                                  <div class=\"info-card__icon\">\n                            <i aria-hidden=\"true\" style=\"color: #FF8200;font-size: 32px;\" class=\"fa-classic fa-light fa-display-chart-up-circle-dollar\" aria-hidden=\"true\"><\/i>\n            <\/div>\n                                                      <div class=\"info-card__description\" >\n              <p>Incremento del rendimento del personale <\/p>\n\n            <\/div>\n                  <\/div>\n      <\/div>\n                  <div class=\"info-card info-card--4\n                    \n          \n          info-card--top-line\n        \">\n        <div class=\"info-card-inner\">\n                                  <div class=\"info-card__icon\">\n                            <i aria-hidden=\"true\" style=\"color: #FF8200;font-size: 32px;\" class=\"fa-classic fa-light fa-leaf\" aria-hidden=\"true\"><\/i>\n            <\/div>\n                                                      <div class=\"info-card__description\" >\n              <p>Riduzione delle emissioni di anidride carbonica <\/p>\n\n            <\/div>\n                  <\/div>\n      <\/div>\n          <\/div>\n  <\/div>\n\n<\/div><!-- .overit-block-wrapper -->\n<\/div><!-- .overit-block -->\n\n\n<div\n  class=\"overit-block overit-block--white overit-radius-full overit-no-margin overit-no-padding \n  overit-block-separator\"\n        >\n  \n  <div class=\"overit-block-wrapper\">\n\n<div class=\"overit-separator overit-separator--boxed\">\n  <hr\/>\n<\/div>\n\n<\/div><!-- .overit-block-wrapper -->\n<\/div><!-- .overit-block -->\n\n\n<div\n  class=\"overit-block overit-block--white overit-radius-full overit-no-margin overit-padding-medium overit-block--fullwidth\n  overit-block-configurable-jumbotron\"\n        >\n  \n  <div class=\"overit-block-wrapper\">\n\n<section class=\"configurable-jumbotron left\" >\n    \n                  <div class=\"cj-title medium\"><img decoding=\"async\" class=\"alignnone size-medium wp-image-29976\" src=\"https:\/\/www.overit.ai\/app\/uploads\/2022\/04\/E_SDG_logo_UN_emblem_square_trans_WEB-1024x879-1-300x258.png\" alt=\"\" width=\"100\" height=\"100\" \/><\/div>\n          \n                  <div class=\"cj-subtitle small\"><p>Con i suoi 80 anni di esperienza nella realizzazione e gestione di infrastrutture, Snam garantisce la sicurezza degli approvvigionamenti e promuove la transizione energetica con investimenti nei gas verdi (biometano e idrogeno), nell\u2019efficienza energetica e nella tecnologia CCS (Carbon Capture and Storage). L\u2019azienda crea, inoltre, nuove aree verdi attraverso una societ\u00e0 benefit focalizzata su progetti di forestazione urbana.<\/p>\n<p>Snam \u00e8 impegnata a raggiungere le zero emissioni nette di gas a effetto serra (emissioni \u201cScope 1\u201d e \u201cScope 2\u201d) entro il 2040. A partire dal 2021, si \u00e8 data anche l\u2019obiettivo di ridurre le emissioni indirette \u201cScope 3\u201d entro il 2030 rispetto a consociate e fornitori. Il modello di business si basa sulla crescita sostenibile, sulla trasparenza, sulla valorizzazione dei talenti e delle diversit\u00e0, sulla tutela e sullo sviluppo sociale dei territori. La partnership con OverIT e i benefici raggiunti in termini di innovazione, efficienza operativa e sicurezza confermano Snam come una delle aziende leader nell\u2019evoluzione del settore dell\u2019Oil &amp; Gas e come uno dei precursori della transizione energetica.<\/p>\n<p><img decoding=\"async\" class=\"alignnone wp-image-40030 size-full\" style=\"padding-top: 20px;padding-right: 20px\" src=\"https:\/\/www.overit.ai\/app\/uploads\/2023\/07\/sdg9-ita.png\" alt=\"\" width=\"100\" height=\"100\" srcset=\"https:\/\/www.overit.ai\/app\/uploads\/2023\/07\/sdg9-ita.png 158w, https:\/\/www.overit.ai\/app\/uploads\/2023\/07\/sdg9-ita-150x150.png 150w\" sizes=\"(max-width: 100px) 100vw, 100px\" \/><img decoding=\"async\" class=\"alignnone wp-image-34919 size-medium\" style=\"padding-top: 20px;padding-right: 20px\" src=\"https:\/\/www.overit.ai\/app\/uploads\/2022\/11\/11-sdg-ita-300x300.jpg\" alt=\"11 sdg ita onu\" width=\"100\" height=\"100\" srcset=\"https:\/\/www.overit.ai\/app\/uploads\/2022\/11\/11-sdg-ita-300x300.jpg 300w, https:\/\/www.overit.ai\/app\/uploads\/2022\/11\/11-sdg-ita-150x150.jpg 150w, https:\/\/www.overit.ai\/app\/uploads\/2022\/11\/11-sdg-ita.jpg 374w\" sizes=\"(max-width: 100px) 100vw, 100px\" \/><img decoding=\"async\" class=\"alignnone wp-image-40033 size-full\" style=\"padding-top: 20px;padding-right: 20px\" src=\"https:\/\/www.overit.ai\/app\/uploads\/2023\/07\/SDG13-ITA.png\" alt=\"\" width=\"100\" height=\"100\" srcset=\"https:\/\/www.overit.ai\/app\/uploads\/2023\/07\/SDG13-ITA.png 158w, https:\/\/www.overit.ai\/app\/uploads\/2023\/07\/SDG13-ITA-150x150.png 150w\" sizes=\"(max-width: 100px) 100vw, 100px\" \/><\/p>\n<\/div>\n          \n        <\/section>\n\n<\/div><!-- .overit-block-wrapper -->\n<\/div><!-- .overit-block -->\n","protected":false},"excerpt":{"rendered":"","protected":false},"author":3,"featured_media":0,"parent":270,"menu_order":0,"comment_status":"closed","ping_status":"closed","template":"","meta":{"_acf_changed":false,"footnotes":""},"case_study_category":[],"class_list":["post-50420","page","type-page","status-publish","hentry"],"acf":[],"yoast_head":"<!-- This site is optimized with the Yoast SEO Premium plugin v25.6 (Yoast SEO v25.6) - https:\/\/yoast.com\/wordpress\/plugins\/seo\/ -->\n<title>Snam - Manutenzione delle reti gas<\/title>\n<meta name=\"description\" content=\"Snam ha scelto la soluzione Field Service Management di OverIT per la gestione delle attivit\u00e0 mission-critical sulla rete gas.\" \/>\n<meta name=\"robots\" content=\"index, follow, max-snippet:-1, max-image-preview:large, max-video-preview:-1\" \/>\n<link rel=\"canonical\" href=\"https:\/\/www.overit.ai\/it\/clienti\/casi-di-successo\/snam-gestione-end-to-end-delle-attivita-mission-critical-sulla-rete-gas\/\" \/>\n<meta property=\"og:locale\" content=\"it_IT\" \/>\n<meta property=\"og:type\" content=\"article\" \/>\n<meta property=\"og:title\" content=\"Snam\u00a0-\u00a0Gestione end-to-end delle attivit\u00e0 mission-critical sulla rete gas\u00a0\" \/>\n<meta property=\"og:description\" content=\"Snam ha scelto la soluzione Field Service Management di OverIT per la gestione delle attivit\u00e0 mission-critical sulla rete gas.\" \/>\n<meta property=\"og:url\" content=\"https:\/\/www.overit.ai\/it\/clienti\/casi-di-successo\/snam-gestione-end-to-end-delle-attivita-mission-critical-sulla-rete-gas\/\" \/>\n<meta property=\"og:site_name\" content=\"OverIT\" \/>\n<meta property=\"article:modified_time\" content=\"2025-08-05T14:40:55+00:00\" \/>\n<meta property=\"og:image\" content=\"https:\/\/www.overit.ai\/app\/uploads\/2024\/04\/snam-customer-story-header.jpg\" \/>\n\t<meta property=\"og:image:width\" content=\"2560\" \/>\n\t<meta property=\"og:image:height\" content=\"873\" \/>\n\t<meta property=\"og:image:type\" content=\"image\/jpeg\" \/>\n<meta name=\"twitter:card\" content=\"summary_large_image\" \/>\n<meta name=\"twitter:description\" content=\"Snam ha scelto la soluzione Field Service Management di OverIT per la gestione delle attivit\u00e0 mission-critical sulla rete gas.\" \/>\n<meta name=\"twitter:label1\" content=\"Est. reading time\" \/>\n\t<meta name=\"twitter:data1\" content=\"6 minutes\" \/>\n<script type=\"application\/ld+json\" class=\"yoast-schema-graph\">{\"@context\":\"https:\/\/schema.org\",\"@graph\":[{\"@type\":\"WebPage\",\"@id\":\"https:\/\/www.overit.ai\/it\/clienti\/casi-di-successo\/snam-gestione-end-to-end-delle-attivita-mission-critical-sulla-rete-gas\/\",\"url\":\"https:\/\/www.overit.ai\/it\/clienti\/casi-di-successo\/snam-gestione-end-to-end-delle-attivita-mission-critical-sulla-rete-gas\/\",\"name\":\"Snam - Manutenzione delle reti gas\",\"isPartOf\":{\"@id\":\"https:\/\/www.overit.ai\/it\/#website\"},\"datePublished\":\"2024-04-22T12:57:59+00:00\",\"dateModified\":\"2025-08-05T14:40:55+00:00\",\"description\":\"Snam ha scelto la soluzione Field Service Management di OverIT per la gestione delle attivit\u00e0 mission-critical sulla rete gas.\",\"breadcrumb\":{\"@id\":\"https:\/\/www.overit.ai\/it\/clienti\/casi-di-successo\/snam-gestione-end-to-end-delle-attivita-mission-critical-sulla-rete-gas\/#breadcrumb\"},\"inLanguage\":\"it-IT\",\"potentialAction\":[{\"@type\":\"ReadAction\",\"target\":[\"https:\/\/www.overit.ai\/it\/clienti\/casi-di-successo\/snam-gestione-end-to-end-delle-attivita-mission-critical-sulla-rete-gas\/\"]}]},{\"@type\":\"BreadcrumbList\",\"@id\":\"https:\/\/www.overit.ai\/it\/clienti\/casi-di-successo\/snam-gestione-end-to-end-delle-attivita-mission-critical-sulla-rete-gas\/#breadcrumb\",\"itemListElement\":[{\"@type\":\"ListItem\",\"position\":1,\"name\":\"Home\",\"item\":\"https:\/\/www.overit.ai\/it\/\"},{\"@type\":\"ListItem\",\"position\":2,\"name\":\"Clienti\",\"item\":\"https:\/\/www.overit.ai\/it\/clienti\/\"},{\"@type\":\"ListItem\",\"position\":3,\"name\":\"Casi di successo\",\"item\":\"https:\/\/www.overit.ai\/it\/clienti\/casi-di-successo\/\"},{\"@type\":\"ListItem\",\"position\":4,\"name\":\"Snam\u00a0&#8211;\u00a0Gestione end-to-end delle attivit\u00e0 mission-critical sulla rete gas\u00a0\"}]},{\"@type\":\"WebSite\",\"@id\":\"https:\/\/www.overit.ai\/it\/#website\",\"url\":\"https:\/\/www.overit.ai\/it\/\",\"name\":\"OverIT\",\"description\":\"Innovation in Field Service Management\",\"publisher\":{\"@id\":\"https:\/\/www.overit.ai\/it\/#organization\"},\"potentialAction\":[{\"@type\":\"SearchAction\",\"target\":{\"@type\":\"EntryPoint\",\"urlTemplate\":\"https:\/\/www.overit.ai\/it\/?s={search_term_string}\"},\"query-input\":{\"@type\":\"PropertyValueSpecification\",\"valueRequired\":true,\"valueName\":\"search_term_string\"}}],\"inLanguage\":\"it-IT\"},{\"@type\":\"Organization\",\"@id\":\"https:\/\/www.overit.ai\/it\/#organization\",\"name\":\"OverIT\",\"url\":\"https:\/\/www.overit.ai\/it\/\",\"logo\":{\"@type\":\"ImageObject\",\"inLanguage\":\"it-IT\",\"@id\":\"https:\/\/www.overit.ai\/it\/#\/schema\/logo\/image\/\",\"url\":\"https:\/\/www.overit.ai\/app\/uploads\/2021\/10\/OverIT-logo-400.png\",\"contentUrl\":\"https:\/\/www.overit.ai\/app\/uploads\/2021\/10\/OverIT-logo-400.png\",\"width\":400,\"height\":250,\"caption\":\"OverIT\"},\"image\":{\"@id\":\"https:\/\/www.overit.ai\/it\/#\/schema\/logo\/image\/\"}}]}<\/script>\n<!-- \/ Yoast SEO Premium plugin. -->","yoast_head_json":{"title":"Snam - Manutenzione delle reti gas","description":"Snam ha scelto la soluzione Field Service Management di OverIT per la gestione delle attivit\u00e0 mission-critical sulla rete gas.","robots":{"index":"index","follow":"follow","max-snippet":"max-snippet:-1","max-image-preview":"max-image-preview:large","max-video-preview":"max-video-preview:-1"},"canonical":"https:\/\/www.overit.ai\/it\/clienti\/casi-di-successo\/snam-gestione-end-to-end-delle-attivita-mission-critical-sulla-rete-gas\/","og_locale":"it_IT","og_type":"article","og_title":"Snam\u00a0-\u00a0Gestione end-to-end delle attivit\u00e0 mission-critical sulla rete gas\u00a0","og_description":"Snam ha scelto la soluzione Field Service Management di OverIT per la gestione delle attivit\u00e0 mission-critical sulla rete gas.","og_url":"https:\/\/www.overit.ai\/it\/clienti\/casi-di-successo\/snam-gestione-end-to-end-delle-attivita-mission-critical-sulla-rete-gas\/","og_site_name":"OverIT","article_modified_time":"2025-08-05T14:40:55+00:00","og_image":[{"width":2560,"height":873,"url":"https:\/\/www.overit.ai\/app\/uploads\/2024\/04\/snam-customer-story-header.jpg","type":"image\/jpeg"}],"twitter_card":"summary_large_image","twitter_description":"Snam ha scelto la soluzione Field Service Management di OverIT per la gestione delle attivit\u00e0 mission-critical sulla rete gas.","twitter_misc":{"Est. reading time":"6 minutes"},"schema":{"@context":"https:\/\/schema.org","@graph":[{"@type":"WebPage","@id":"https:\/\/www.overit.ai\/it\/clienti\/casi-di-successo\/snam-gestione-end-to-end-delle-attivita-mission-critical-sulla-rete-gas\/","url":"https:\/\/www.overit.ai\/it\/clienti\/casi-di-successo\/snam-gestione-end-to-end-delle-attivita-mission-critical-sulla-rete-gas\/","name":"Snam - Manutenzione delle reti gas","isPartOf":{"@id":"https:\/\/www.overit.ai\/it\/#website"},"datePublished":"2024-04-22T12:57:59+00:00","dateModified":"2025-08-05T14:40:55+00:00","description":"Snam ha scelto la soluzione Field Service Management di OverIT per la gestione delle attivit\u00e0 mission-critical sulla rete gas.","breadcrumb":{"@id":"https:\/\/www.overit.ai\/it\/clienti\/casi-di-successo\/snam-gestione-end-to-end-delle-attivita-mission-critical-sulla-rete-gas\/#breadcrumb"},"inLanguage":"it-IT","potentialAction":[{"@type":"ReadAction","target":["https:\/\/www.overit.ai\/it\/clienti\/casi-di-successo\/snam-gestione-end-to-end-delle-attivita-mission-critical-sulla-rete-gas\/"]}]},{"@type":"BreadcrumbList","@id":"https:\/\/www.overit.ai\/it\/clienti\/casi-di-successo\/snam-gestione-end-to-end-delle-attivita-mission-critical-sulla-rete-gas\/#breadcrumb","itemListElement":[{"@type":"ListItem","position":1,"name":"Home","item":"https:\/\/www.overit.ai\/it\/"},{"@type":"ListItem","position":2,"name":"Clienti","item":"https:\/\/www.overit.ai\/it\/clienti\/"},{"@type":"ListItem","position":3,"name":"Casi di successo","item":"https:\/\/www.overit.ai\/it\/clienti\/casi-di-successo\/"},{"@type":"ListItem","position":4,"name":"Snam\u00a0&#8211;\u00a0Gestione end-to-end delle attivit\u00e0 mission-critical sulla rete gas\u00a0"}]},{"@type":"WebSite","@id":"https:\/\/www.overit.ai\/it\/#website","url":"https:\/\/www.overit.ai\/it\/","name":"OverIT","description":"Innovation in Field Service Management","publisher":{"@id":"https:\/\/www.overit.ai\/it\/#organization"},"potentialAction":[{"@type":"SearchAction","target":{"@type":"EntryPoint","urlTemplate":"https:\/\/www.overit.ai\/it\/?s={search_term_string}"},"query-input":{"@type":"PropertyValueSpecification","valueRequired":true,"valueName":"search_term_string"}}],"inLanguage":"it-IT"},{"@type":"Organization","@id":"https:\/\/www.overit.ai\/it\/#organization","name":"OverIT","url":"https:\/\/www.overit.ai\/it\/","logo":{"@type":"ImageObject","inLanguage":"it-IT","@id":"https:\/\/www.overit.ai\/it\/#\/schema\/logo\/image\/","url":"https:\/\/www.overit.ai\/app\/uploads\/2021\/10\/OverIT-logo-400.png","contentUrl":"https:\/\/www.overit.ai\/app\/uploads\/2021\/10\/OverIT-logo-400.png","width":400,"height":250,"caption":"OverIT"},"image":{"@id":"https:\/\/www.overit.ai\/it\/#\/schema\/logo\/image\/"}}]}},"_links":{"self":[{"href":"https:\/\/www.overit.ai\/it\/wp-json\/wp\/v2\/pages\/50420","targetHints":{"allow":["GET"]}}],"collection":[{"href":"https:\/\/www.overit.ai\/it\/wp-json\/wp\/v2\/pages"}],"about":[{"href":"https:\/\/www.overit.ai\/it\/wp-json\/wp\/v2\/types\/page"}],"author":[{"embeddable":true,"href":"https:\/\/www.overit.ai\/it\/wp-json\/wp\/v2\/users\/3"}],"replies":[{"embeddable":true,"href":"https:\/\/www.overit.ai\/it\/wp-json\/wp\/v2\/comments?post=50420"}],"version-history":[{"count":4,"href":"https:\/\/www.overit.ai\/it\/wp-json\/wp\/v2\/pages\/50420\/revisions"}],"predecessor-version":[{"id":50425,"href":"https:\/\/www.overit.ai\/it\/wp-json\/wp\/v2\/pages\/50420\/revisions\/50425"}],"up":[{"embeddable":true,"href":"https:\/\/www.overit.ai\/it\/wp-json\/wp\/v2\/pages\/270"}],"wp:attachment":[{"href":"https:\/\/www.overit.ai\/it\/wp-json\/wp\/v2\/media?parent=50420"}],"wp:term":[{"taxonomy":"case_study_category","embeddable":true,"href":"https:\/\/www.overit.ai\/it\/wp-json\/wp\/v2\/case_study_category?post=50420"}],"curies":[{"name":"wp","href":"https:\/\/api.w.org\/{rel}","templated":true}]}}