{"id":47564,"date":"2024-02-08T16:03:45","date_gmt":"2024-02-08T16:03:45","guid":{"rendered":"https:\/\/www.overit.ai\/?page_id=47564"},"modified":"2026-04-27T14:57:08","modified_gmt":"2026-04-27T14:57:08","slug":"report-e-certificazioni","status":"publish","type":"page","link":"https:\/\/www.overit.ai\/it\/azienda\/report-e-certificazioni\/","title":{"rendered":"Report e Certificazioni"},"content":{"rendered":"<div\n  class=\"overit-block overit-block--white overit-radius-full overit-no-margin overit-padding-medium \n  overit-block-configurable-jumbotron\"\n        >\n  \n  <div class=\"overit-block-wrapper\">\n\n<section class=\"configurable-jumbotron left\" >\n                  <div class=\"cj-section-title\">REPORT &amp; CERTIFICAZIONI<\/div>\n          \n                  <h1  class=\"cj-title small\">Esplora e scarica i report redatti e le certificazioni ottenute da OverIT<\/h1 >\n          \n                  <div class=\"cj-subtitle small\"><p>Nel contesto globale, e specialmente nel Field Service Management, la fiducia si costruisce attraverso trasparenza, qualit\u00e0 e comprovata conformit\u00e0 alle norme. OverIT consolida la credibilit\u00e0 delle proprie azioni attraverso certificazioni riconosciute a livello internazionale, che spaziano dal settore ambientale a quello della sicurezza informatica. Allo stesso tempo, Report di sostenibilit\u00e0 dettagliati e trasparenti rafforzano la fiducia degli stakeholder e offrono un punto di osservazione privilegiato sulle pratiche aziendali di OverIT.<\/p>\n<\/div>\n          \n        <\/section>\n\n<\/div><!-- .overit-block-wrapper -->\n<\/div><!-- .overit-block -->\n\n\n<div\n  class=\"overit-block overit-block--light-gray overit-radius-full overit-no-margin overit-padding-small-top \n  overit-block-configurable-jumbotron\"\n        >\n  \n  <div class=\"overit-block-wrapper\">\n\n<section class=\"configurable-jumbotron left\" >\n    \n                  <h2  class=\"cj-title small\"><a href=\"#\" id=\"report\"><\/a>Report<\/h2 >\n          \n    \n        <\/section>\n\n<\/div><!-- .overit-block-wrapper -->\n<\/div><!-- .overit-block -->\n\n\n<div\n  class=\"overit-block overit-block--light-gray overit-radius-full overit-no-margin overit-padding-medium-bottom \n  overit-block-analyst-reports\"\n        >\n  \n  <div class=\"overit-block-wrapper\">\n\n<section class=\"arp arp--analyst\">\n  <div class=\"arp__cont\">\n          \n                 \t                                                                             \n      <div class=\"arp__header\">\n                        <div class=\"arp__header-analyst js-arp-category-selector\">\n          \n        <\/div>\n              <\/div>\n\n      <div class=\"arp__body\">\n                   <section class=\"arp__analyst-cont  js-arp-analyst\" data-category=\"\">\n                          <h3 class=\"arp__analyst-title\">\n                                  <a href=\"https:\/\/4800556.fs1.hubspotusercontent-na1.net\/hubfs\/4800556\/Legal\/Governance%20Webpage\/OverIT%20Sustainability%20Report%202025.pdf\">Report di Sostenibilit\u00e0 2025<\/a>\n                              <\/h3>\n                        <div class=\"arp__analyst-description\"><\/div>\n                          <div class=\"arp__analyst-link\">\n                <a href=\"https:\/\/4800556.fs1.hubspotusercontent-na1.net\/hubfs\/4800556\/Legal\/Governance%20Webpage\/OverIT%20Sustainability%20Report%202025.pdf\" target=\"_blank\">\n                                      SCARICA IL DOCUMENTO\n                                  <\/a>\n              <\/div>\n                      <\/section>\n                   <section class=\"arp__analyst-cont  js-arp-analyst\" data-category=\"\">\n                          <h3 class=\"arp__analyst-title\">\n                                  <a href=\"https:\/\/4800556.fs1.hubspotusercontent-na1.net\/hubfs\/4800556\/Marketing\/Miscellaneous\/OverIT%20Sustainability%20Report%20FY2024.pdf\">Report di Sostenibilit\u00e0 2024<\/a>\n                              <\/h3>\n                        <div class=\"arp__analyst-description\"><\/div>\n                          <div class=\"arp__analyst-link\">\n                <a href=\"https:\/\/4800556.fs1.hubspotusercontent-na1.net\/hubfs\/4800556\/Marketing\/Miscellaneous\/OverIT%20Sustainability%20Report%20FY2024.pdf\" target=\"_blank\">\n                                      SCARICA IL DOCUMENTO\n                                  <\/a>\n              <\/div>\n                      <\/section>\n                   <section class=\"arp__analyst-cont  js-arp-analyst\" data-category=\"\">\n                          <h3 class=\"arp__analyst-title\">\n                                  <a href=\"https:\/\/4800556.fs1.hubspotusercontent-na1.net\/hubfs\/4800556\/Legal\/FY2023_Sustainability-Report_OverIT.pdf\">Report di Sostenibilit\u00e0 2023<\/a>\n                              <\/h3>\n                        <div class=\"arp__analyst-description\"><\/div>\n                          <div class=\"arp__analyst-link\">\n                <a href=\"https:\/\/4800556.fs1.hubspotusercontent-na1.net\/hubfs\/4800556\/Legal\/FY2023_Sustainability-Report_OverIT.pdf\" target=\"_blank\">\n                                      SCARICA IL DOCUMENTO\n                                  <\/a>\n              <\/div>\n                      <\/section>\n                   <section class=\"arp__analyst-cont  js-arp-analyst\" data-category=\"\">\n                          <h3 class=\"arp__analyst-title\">\n                                  <a href=\"https:\/\/4800556.fs1.hubspotusercontent-na1.net\/hubfs\/4800556\/Legal\/2022_Sustainability-Report-OverIT.pdf\">Report di Sostenibilit\u00e0 2022<\/a>\n                              <\/h3>\n                        <div class=\"arp__analyst-description\"><\/div>\n                          <div class=\"arp__analyst-link\">\n                <a href=\"https:\/\/4800556.fs1.hubspotusercontent-na1.net\/hubfs\/4800556\/Legal\/2022_Sustainability-Report-OverIT.pdf\" target=\"_blank\">\n                                      SCARICA IL DOCUMENTO\n                                  <\/a>\n              <\/div>\n                      <\/section>\n              <\/div>\n      <\/div>\n<\/section>\n\n<\/div><!-- .overit-block-wrapper -->\n<\/div><!-- .overit-block -->\n\n\n<div\n  class=\"overit-block overit-block--light-gray overit-radius-full overit-no-margin overit-padding-small-top \n  overit-block-configurable-jumbotron\"\n        >\n  \n  <div class=\"overit-block-wrapper\">\n\n<section class=\"configurable-jumbotron left\" >\n    \n                  <h2  class=\"cj-title small\"><a href=\"#\" id=\"certificazioni\"><\/a>Certificazioni<\/h2 >\n          \n    \n        <\/section>\n\n<\/div><!-- .overit-block-wrapper -->\n<\/div><!-- .overit-block -->\n\n\n<div\n  class=\"overit-block overit-block--light-gray overit-radius-full overit-margin-medium-bottom overit-padding-medium-bottom \n  overit-block-analyst-reports\"\n        >\n  \n  <div class=\"overit-block-wrapper\">\n\n<section class=\"arp arp--analyst\">\n  <div class=\"arp__cont\">\n          \n                 \t                                                                                                               \n      <div class=\"arp__header\">\n                        <div class=\"arp__header-analyst js-arp-category-selector\">\n          \n        <\/div>\n              <\/div>\n\n      <div class=\"arp__body\">\n                   <section class=\"arp__analyst-cont  js-arp-analyst\" data-category=\"\">\n                          <h3 class=\"arp__analyst-title\">\n                                  <a href=\"https:\/\/4800556.fs1.hubspotusercontent-na1.net\/hubfs\/4800556\/Legal\/Governance%20Webpage\/OVERIT%20SPA%20(GROUP)_EV_Scorecard_ITA.pdf\">EcoVadis Platinum Medal 2026<\/a>\n                              <\/h3>\n                        <div class=\"arp__analyst-description\"><\/div>\n                          <div class=\"arp__analyst-link\">\n                <a href=\"https:\/\/4800556.fs1.hubspotusercontent-na1.net\/hubfs\/4800556\/Legal\/Governance%20Webpage\/OVERIT%20SPA%20(GROUP)_EV_Scorecard_ITA.pdf\" target=\"_blank\">\n                                      SCARICA IL DOCUMENTO\n                                  <\/a>\n              <\/div>\n                      <\/section>\n                   <section class=\"arp__analyst-cont  js-arp-analyst\" data-category=\"\">\n                          <h3 class=\"arp__analyst-title\">\n                                  <a href=\"https:\/\/4800556.fs1.hubspotusercontent-na1.net\/hubfs\/4800556\/Legal\/UNI_PdR_125-ITA-C650438-1-20241023.pdf\">PdR 125:2022 &#8211; Linee guida per la parit\u00e0 di genere<\/a>\n                              <\/h3>\n                        <div class=\"arp__analyst-description\"><\/div>\n                          <div class=\"arp__analyst-link\">\n                <a href=\"https:\/\/4800556.fs1.hubspotusercontent-na1.net\/hubfs\/4800556\/Legal\/UNI_PdR_125-ITA-C650438-1-20241023.pdf\" target=\"_blank\">\n                                      SCARICA IL DOCUMENTO\n                                  <\/a>\n              <\/div>\n                      <\/section>\n                   <section class=\"arp__analyst-cont  js-arp-analyst\" data-category=\"\">\n                          <h3 class=\"arp__analyst-title\">\n                                  <a href=\"https:\/\/4800556.fs1.hubspotusercontent-na1.net\/hubfs\/4800556\/Legal\/SA_8000-ITA-C603715-0-20240611.pdf\">SA 8000:2014 \u2013 Responsabilit\u00e0 Sociale<\/a>\n                              <\/h3>\n                        <div class=\"arp__analyst-description\"><\/div>\n                          <div class=\"arp__analyst-link\">\n                <a href=\"https:\/\/4800556.fs1.hubspotusercontent-na1.net\/hubfs\/4800556\/Legal\/SA_8000-ITA-C603715-0-20240611.pdf\" target=\"_blank\">\n                                      SCARICA IL DOCUMENTO\n                                  <\/a>\n              <\/div>\n                      <\/section>\n                   <section class=\"arp__analyst-cont  js-arp-analyst\" data-category=\"\">\n                          <h3 class=\"arp__analyst-title\">\n                                  <a href=\"https:\/\/4800556.fs1.hubspotusercontent-na1.net\/hubfs\/4800556\/Legal\/ISO-9001-126530-2012-AQ-ITA-ACCREDIA-7-it-IT-20241120.pdf\">ISO 9001:2015 &#8211; Sistema di Gestione della Qualit\u00e0<\/a>\n                              <\/h3>\n                        <div class=\"arp__analyst-description\"><\/div>\n                          <div class=\"arp__analyst-link\">\n                <a href=\"https:\/\/4800556.fs1.hubspotusercontent-na1.net\/hubfs\/4800556\/Legal\/ISO-9001-126530-2012-AQ-ITA-ACCREDIA-7-it-IT-20241120.pdf\" target=\"_blank\">\n                                      SCARICA IL DOCUMENTO\n                                  <\/a>\n              <\/div>\n                      <\/section>\n                   <section class=\"arp__analyst-cont  js-arp-analyst\" data-category=\"\">\n                          <h3 class=\"arp__analyst-title\">\n                                  <a href=\"https:\/\/4800556.fs1.hubspotusercontent-na1.net\/hubfs\/4800556\/Legal\/ISO-14001-ITA.pdf\">ISO 14001:2015 &#8211; Sistema di Gestione Ambientale <\/a>\n                              <\/h3>\n                        <div class=\"arp__analyst-description\"><\/div>\n                          <div class=\"arp__analyst-link\">\n                <a href=\"https:\/\/4800556.fs1.hubspotusercontent-na1.net\/hubfs\/4800556\/Legal\/ISO-14001-ITA.pdf\" target=\"_blank\">\n                                      SCARICA IL DOCUMENTO\n                                  <\/a>\n              <\/div>\n                      <\/section>\n                   <section class=\"arp__analyst-cont  js-arp-analyst\" data-category=\"\">\n                          <h3 class=\"arp__analyst-title\">\n                                  <a href=\"https:\/\/4800556.fs1.hubspotusercontent-na1.net\/hubfs\/4800556\/Legal\/Cybersecurity\/ISO-IEC_27001-ITA-C819305-1-20251201.pdf\">ISO 27001:2022 &#8211; Sistema di Sicurezza delle Informazioni<\/a>\n                              <\/h3>\n                        <div class=\"arp__analyst-description\"><\/div>\n                          <div class=\"arp__analyst-link\">\n                <a href=\"https:\/\/4800556.fs1.hubspotusercontent-na1.net\/hubfs\/4800556\/Legal\/Cybersecurity\/ISO-IEC_27001-ITA-C819305-1-20251201.pdf\" target=\"_blank\">\n                                      SCARICA IL DOCUMENTO\n                                  <\/a>\n              <\/div>\n                      <\/section>\n              <\/div>\n      <\/div>\n<\/section>\n\n<\/div><!-- .overit-block-wrapper -->\n<\/div><!-- .overit-block -->\n","protected":false},"excerpt":{"rendered":"","protected":false},"author":3,"featured_media":0,"parent":66,"menu_order":0,"comment_status":"closed","ping_status":"closed","template":"","meta":{"_acf_changed":false,"footnotes":""},"case_study_category":[],"class_list":["post-47564","page","type-page","status-publish","hentry"],"acf":[],"yoast_head":"<!-- This site is optimized with the Yoast SEO Premium plugin v25.6 (Yoast SEO v25.6) - https:\/\/yoast.com\/wordpress\/plugins\/seo\/ -->\n<title>Esplora i Report e le Certificazioni scaricabili<\/title>\n<meta name=\"description\" content=\"OverIT consolida la credibilit\u00e0 delle proprie azioni attraverso certificazioni riconosciute a livello internazionale\" \/>\n<meta name=\"robots\" content=\"index, follow, max-snippet:-1, max-image-preview:large, max-video-preview:-1\" \/>\n<link rel=\"canonical\" href=\"https:\/\/www.overit.ai\/it\/azienda\/report-e-certificazioni\/\" \/>\n<meta property=\"og:locale\" content=\"it_IT\" \/>\n<meta property=\"og:type\" content=\"article\" \/>\n<meta property=\"og:title\" content=\"Report e Certificazioni\" \/>\n<meta property=\"og:description\" content=\"OverIT consolida la credibilit\u00e0 delle proprie azioni attraverso certificazioni riconosciute a livello internazionale\" \/>\n<meta property=\"og:url\" content=\"https:\/\/www.overit.ai\/it\/azienda\/report-e-certificazioni\/\" \/>\n<meta property=\"og:site_name\" content=\"OverIT\" \/>\n<meta property=\"article:modified_time\" content=\"2026-04-27T14:57:08+00:00\" \/>\n<meta property=\"og:image\" content=\"https:\/\/www.overit.ai\/app\/uploads\/2020\/12\/OverIT-risorse.jpg\" \/>\n\t<meta property=\"og:image:width\" content=\"2000\" \/>\n\t<meta property=\"og:image:height\" content=\"760\" \/>\n\t<meta property=\"og:image:type\" content=\"image\/jpeg\" \/>\n<meta name=\"twitter:card\" content=\"summary_large_image\" \/>\n<meta name=\"twitter:label1\" content=\"Est. reading time\" \/>\n\t<meta name=\"twitter:data1\" content=\"1 minute\" \/>\n<script type=\"application\/ld+json\" class=\"yoast-schema-graph\">{\"@context\":\"https:\/\/schema.org\",\"@graph\":[{\"@type\":\"WebPage\",\"@id\":\"https:\/\/www.overit.ai\/it\/azienda\/report-e-certificazioni\/\",\"url\":\"https:\/\/www.overit.ai\/it\/azienda\/report-e-certificazioni\/\",\"name\":\"Esplora i Report e le Certificazioni scaricabili\",\"isPartOf\":{\"@id\":\"https:\/\/www.overit.ai\/it\/#website\"},\"datePublished\":\"2024-02-08T16:03:45+00:00\",\"dateModified\":\"2026-04-27T14:57:08+00:00\",\"description\":\"OverIT consolida la credibilit\u00e0 delle proprie azioni attraverso certificazioni riconosciute a livello internazionale\",\"breadcrumb\":{\"@id\":\"https:\/\/www.overit.ai\/it\/azienda\/report-e-certificazioni\/#breadcrumb\"},\"inLanguage\":\"it-IT\",\"potentialAction\":[{\"@type\":\"ReadAction\",\"target\":[\"https:\/\/www.overit.ai\/it\/azienda\/report-e-certificazioni\/\"]}]},{\"@type\":\"BreadcrumbList\",\"@id\":\"https:\/\/www.overit.ai\/it\/azienda\/report-e-certificazioni\/#breadcrumb\",\"itemListElement\":[{\"@type\":\"ListItem\",\"position\":1,\"name\":\"Home\",\"item\":\"https:\/\/www.overit.ai\/it\/\"},{\"@type\":\"ListItem\",\"position\":2,\"name\":\"Azienda\",\"item\":\"https:\/\/www.overit.ai\/it\/azienda\/\"},{\"@type\":\"ListItem\",\"position\":3,\"name\":\"Report e Certificazioni\"}]},{\"@type\":\"WebSite\",\"@id\":\"https:\/\/www.overit.ai\/it\/#website\",\"url\":\"https:\/\/www.overit.ai\/it\/\",\"name\":\"OverIT\",\"description\":\"Innovation in Field Service Management\",\"publisher\":{\"@id\":\"https:\/\/www.overit.ai\/it\/#organization\"},\"potentialAction\":[{\"@type\":\"SearchAction\",\"target\":{\"@type\":\"EntryPoint\",\"urlTemplate\":\"https:\/\/www.overit.ai\/it\/?s={search_term_string}\"},\"query-input\":{\"@type\":\"PropertyValueSpecification\",\"valueRequired\":true,\"valueName\":\"search_term_string\"}}],\"inLanguage\":\"it-IT\"},{\"@type\":\"Organization\",\"@id\":\"https:\/\/www.overit.ai\/it\/#organization\",\"name\":\"OverIT\",\"url\":\"https:\/\/www.overit.ai\/it\/\",\"logo\":{\"@type\":\"ImageObject\",\"inLanguage\":\"it-IT\",\"@id\":\"https:\/\/www.overit.ai\/it\/#\/schema\/logo\/image\/\",\"url\":\"https:\/\/www.overit.ai\/app\/uploads\/2021\/10\/OverIT-logo-400.png\",\"contentUrl\":\"https:\/\/www.overit.ai\/app\/uploads\/2021\/10\/OverIT-logo-400.png\",\"width\":400,\"height\":250,\"caption\":\"OverIT\"},\"image\":{\"@id\":\"https:\/\/www.overit.ai\/it\/#\/schema\/logo\/image\/\"}}]}<\/script>\n<!-- \/ Yoast SEO Premium plugin. -->","yoast_head_json":{"title":"Esplora i Report e le Certificazioni scaricabili","description":"OverIT consolida la credibilit\u00e0 delle proprie azioni attraverso certificazioni riconosciute a livello internazionale","robots":{"index":"index","follow":"follow","max-snippet":"max-snippet:-1","max-image-preview":"max-image-preview:large","max-video-preview":"max-video-preview:-1"},"canonical":"https:\/\/www.overit.ai\/it\/azienda\/report-e-certificazioni\/","og_locale":"it_IT","og_type":"article","og_title":"Report e Certificazioni","og_description":"OverIT consolida la credibilit\u00e0 delle proprie azioni attraverso certificazioni riconosciute a livello internazionale","og_url":"https:\/\/www.overit.ai\/it\/azienda\/report-e-certificazioni\/","og_site_name":"OverIT","article_modified_time":"2026-04-27T14:57:08+00:00","og_image":[{"width":2000,"height":760,"url":"https:\/\/www.overit.ai\/app\/uploads\/2020\/12\/OverIT-risorse.jpg","type":"image\/jpeg"}],"twitter_card":"summary_large_image","twitter_misc":{"Est. reading time":"1 minute"},"schema":{"@context":"https:\/\/schema.org","@graph":[{"@type":"WebPage","@id":"https:\/\/www.overit.ai\/it\/azienda\/report-e-certificazioni\/","url":"https:\/\/www.overit.ai\/it\/azienda\/report-e-certificazioni\/","name":"Esplora i Report e le Certificazioni scaricabili","isPartOf":{"@id":"https:\/\/www.overit.ai\/it\/#website"},"datePublished":"2024-02-08T16:03:45+00:00","dateModified":"2026-04-27T14:57:08+00:00","description":"OverIT consolida la credibilit\u00e0 delle proprie azioni attraverso certificazioni riconosciute a livello internazionale","breadcrumb":{"@id":"https:\/\/www.overit.ai\/it\/azienda\/report-e-certificazioni\/#breadcrumb"},"inLanguage":"it-IT","potentialAction":[{"@type":"ReadAction","target":["https:\/\/www.overit.ai\/it\/azienda\/report-e-certificazioni\/"]}]},{"@type":"BreadcrumbList","@id":"https:\/\/www.overit.ai\/it\/azienda\/report-e-certificazioni\/#breadcrumb","itemListElement":[{"@type":"ListItem","position":1,"name":"Home","item":"https:\/\/www.overit.ai\/it\/"},{"@type":"ListItem","position":2,"name":"Azienda","item":"https:\/\/www.overit.ai\/it\/azienda\/"},{"@type":"ListItem","position":3,"name":"Report e Certificazioni"}]},{"@type":"WebSite","@id":"https:\/\/www.overit.ai\/it\/#website","url":"https:\/\/www.overit.ai\/it\/","name":"OverIT","description":"Innovation in Field Service Management","publisher":{"@id":"https:\/\/www.overit.ai\/it\/#organization"},"potentialAction":[{"@type":"SearchAction","target":{"@type":"EntryPoint","urlTemplate":"https:\/\/www.overit.ai\/it\/?s={search_term_string}"},"query-input":{"@type":"PropertyValueSpecification","valueRequired":true,"valueName":"search_term_string"}}],"inLanguage":"it-IT"},{"@type":"Organization","@id":"https:\/\/www.overit.ai\/it\/#organization","name":"OverIT","url":"https:\/\/www.overit.ai\/it\/","logo":{"@type":"ImageObject","inLanguage":"it-IT","@id":"https:\/\/www.overit.ai\/it\/#\/schema\/logo\/image\/","url":"https:\/\/www.overit.ai\/app\/uploads\/2021\/10\/OverIT-logo-400.png","contentUrl":"https:\/\/www.overit.ai\/app\/uploads\/2021\/10\/OverIT-logo-400.png","width":400,"height":250,"caption":"OverIT"},"image":{"@id":"https:\/\/www.overit.ai\/it\/#\/schema\/logo\/image\/"}}]}},"_links":{"self":[{"href":"https:\/\/www.overit.ai\/it\/wp-json\/wp\/v2\/pages\/47564","targetHints":{"allow":["GET"]}}],"collection":[{"href":"https:\/\/www.overit.ai\/it\/wp-json\/wp\/v2\/pages"}],"about":[{"href":"https:\/\/www.overit.ai\/it\/wp-json\/wp\/v2\/types\/page"}],"author":[{"embeddable":true,"href":"https:\/\/www.overit.ai\/it\/wp-json\/wp\/v2\/users\/3"}],"replies":[{"embeddable":true,"href":"https:\/\/www.overit.ai\/it\/wp-json\/wp\/v2\/comments?post=47564"}],"version-history":[{"count":84,"href":"https:\/\/www.overit.ai\/it\/wp-json\/wp\/v2\/pages\/47564\/revisions"}],"predecessor-version":[{"id":73181,"href":"https:\/\/www.overit.ai\/it\/wp-json\/wp\/v2\/pages\/47564\/revisions\/73181"}],"up":[{"embeddable":true,"href":"https:\/\/www.overit.ai\/it\/wp-json\/wp\/v2\/pages\/66"}],"wp:attachment":[{"href":"https:\/\/www.overit.ai\/it\/wp-json\/wp\/v2\/media?parent=47564"}],"wp:term":[{"taxonomy":"case_study_category","embeddable":true,"href":"https:\/\/www.overit.ai\/it\/wp-json\/wp\/v2\/case_study_category?post=47564"}],"curies":[{"name":"wp","href":"https:\/\/api.w.org\/{rel}","templated":true}]}}