{"id":40352,"date":"2023-06-28T12:26:00","date_gmt":"2023-06-28T12:26:00","guid":{"rendered":"https:\/\/www.overit.ai\/it\/clienti\/casi-di-successo\/hera-group-emergency-service-project\/"},"modified":"2026-03-10T10:24:04","modified_gmt":"2026-03-10T10:24:04","slug":"gestione-efficiente-delle-attivita-di-emergenza-da-mobile","status":"publish","type":"page","link":"https:\/\/www.overit.ai\/it\/clienti\/casi-di-successo\/gestione-efficiente-delle-attivita-di-emergenza-da-mobile\/","title":{"rendered":"Hera Group &#8211; Gestione efficiente delle attivit\u00e0 di emergenza da mobile"},"content":{"rendered":"<div\n  class=\"overit-block overit-block--white overit-radius-none overit-margin-small-bottom overit-no-padding \n  overit-block-customer-page-header\"\n        >\n  \n  <div class=\"overit-block-wrapper\">\n\n<div class=\"cph\">\n  \n    <div class=\"cph_slogan-cont\" style=\"background: linear-gradient(0deg, rgba(0, 0, 0, 0.25), rgba(0, 0, 0, 0.25)), url('https:\/\/www.overit.ai\/app\/uploads\/2021\/02\/Hera-1.4-1.jpeg') center center\">\n                  <div class=\"cph__section-title\">Gruppo Hera<\/div>\n                                    <h1 class=\"cph__slogan\">Gestione efficiente delle attivit\u00e0 di emergenza da mobile<\/h1>\n            <\/div>\n  <div class=\"cph__customer-section\" data-aos=\"fade-up\">\n    <div class=\"cph__customer-desc-cont\">\n                    <img decoding=\"async\" class=\"cph__customer-logo\" src=\"https:\/\/www.overit.ai\/app\/uploads\/2020\/11\/hera-logo.png\" alt=\"hera-logo\" width=\"400\" height=\"100\" \/>\n            <div class=\"cph__customer-desc\">\n        <p>Gruppo Hera \u00e8 una delle principali aziende multiutility italiane che impiega 10.000 persone e opera in vari settori, quali servizi ambientali, ciclo idrico integrato, fornitura energetica (distribuzione e vendita di elettricit\u00e0 e gas, servizi energetici), illuminazione pubblica e telecomunicazione.<\/p>\n\n      <\/div>\n    <\/div>\n    <div class=\"cph__customer-facts\">\n              <div class=\"cph__facts-title\"> INFORMAZIONI PRINCIPALI<\/div>\n        <div class=\"cph__facts\">\n                     <div class=\"cph__fact-cont\">\n            <div class=\"cph__fact-label\">\n              Settore\n            <\/div>\n            <div class=\"cph__fact\">\n              Energy &amp; Utility\n            <\/div>\n          <\/div>\n                     <div class=\"cph__fact-cont\">\n            <div class=\"cph__fact-label\">\n              Regione\n            <\/div>\n            <div class=\"cph__fact\">\n              EMEA\n            <\/div>\n          <\/div>\n                     <div class=\"cph__fact-cont\">\n            <div class=\"cph__fact-label\">\n              Sito web\n            <\/div>\n            <div class=\"cph__fact\">\n              gruppohera.it\n            <\/div>\n          <\/div>\n                     <div class=\"cph__fact-cont\">\n            <div class=\"cph__fact-label\">\n              Tecnici coinvolti\n            <\/div>\n            <div class=\"cph__fact\">\n              1,600+\n            <\/div>\n          <\/div>\n                  <\/div>\n          <\/div>\n  <\/div>\n<\/div>\n\n<\/div><!-- .overit-block-wrapper -->\n<\/div><!-- .overit-block -->\n\n\n<div\n  class=\"overit-block overit-block--white overit-radius-full overit-margin-large-top overit-no-padding overit-block--fullwidth\n  overit-block-configurable-jumbotron\"\n        >\n  \n  <div class=\"overit-block-wrapper\">\n\n<section class=\"configurable-jumbotron left\" >\n                  <h3 class=\"cj-section-title\">ESIGENZE DEL CLIENTE<\/h3>\n          \n                  <div class=\"cj-title medium\">Ottimizzare le attivit\u00e0 di ispezione e manutenzione in caso di emergenza<\/div>\n          \n                  <div class=\"cj-subtitle small\"><div>\n<p class=\"paragraph\">Considerando gli oltre 4 milioni di cittadini e i 350 comuni serviti in Italia, Gruppo Hera rappresenta un vero gigante del settore delle Utility a cui \u00e8 richiesto di gestire e fornire servizi e attivit\u00e0 in vari campi, assicurando tanto la puntualit\u00e0 quanto l\u2019efficienza delle operazioni. Nonostante ci\u00f2, eseguire attivit\u00e0 di ispezione, manutenzione e supporto su base periodica e su una moltitudine di asset pu\u00f2 rivelarsi tutt\u2019altro che semplice per i tecnici di Gruppo Hera, i quali devono contare su un ampio bagaglio di conoscenze e su un\u2019esperienza diretta su molte tipologie di operazione per completarle con rapidit\u00e0 e altrettanta efficacia. E se si tratta di attivit\u00e0 di emergenza, una gestione immediata dal campo pu\u00f2 fare davvero la differenza per evitare incidenti di sicurezza e problematiche pi\u00f9 ampie. Per questo motivo, Gruppo Hera era alla ricerca di una soluzione avanzata che sostituisse ClickSoftware, il sistema di Field Service Management allora in uso, e permettesse a oltre 1.600 tecnici di gestire in modo efficace emergenze e attivit\u00e0 di supporto e manutenzione da mobile.<\/p>\n<\/div>\n<\/div>\n          \n        <\/section>\n\n<\/div><!-- .overit-block-wrapper -->\n<\/div><!-- .overit-block -->\n\n\n<div\n  class=\"overit-block overit-block--white overit-radius-full  overit-no-padding \n  overit-block-separator\"\n        >\n  \n  <div class=\"overit-block-wrapper\">\n\n<div class=\"overit-separator overit-separator--boxed\">\n  <hr\/>\n<\/div>\n\n<\/div><!-- .overit-block-wrapper -->\n<\/div><!-- .overit-block -->\n\n\n<div\n  class=\"overit-block overit-block--white overit-radius-full overit-margin-medium-top overit-no-padding overit-block--fullwidth\n  overit-block-configurable-jumbotron\"\n        >\n  \n  <div class=\"overit-block-wrapper\">\n\n<section class=\"configurable-jumbotron left\" >\n                  <h3 class=\"cj-section-title\">SOLUZIONE<\/h3>\n          \n                  <div class=\"cj-title medium\">Miglioramento della schedulazione e dell\u2019ottimizzazione delle operazioni di emergenza sul campo<\/div>\n          \n                  <div class=\"cj-subtitle small\"><p>Gruppo Hera ha scelto la NextGen Platform di OverIT, la soluzione FSM best-of-breed, per assicurare standard altissimi di rendimento e flessibilit\u00e0 e monitorare l\u2019esecuzione delle attivit\u00e0 a 360 gradi. Funzionalit\u00e0 specifiche permettono a Gruppo Hera di non perdere di vista le attivit\u00e0 di emergenza da condurre, ottimizzandone gestione e consuntivazione e registrando un netto miglioramento nell\u2019intero ciclo di Field Service Management.<\/p>\n<ul>\n<li><strong>Integrazione con sistemi esterni<br \/>\n<\/strong>Integrazione con i sistemi di back-end di Gruppo Hera (SAP PI, SAP CRM, SAP ECC, OpenText) per ricevere gli ordini di lavoro urgenti da eseguire<\/li>\n<\/ul>\n<ul>\n<li><strong>Gestione delle attivit\u00e0 e schedulazione<br \/>\n<\/strong>Gestione e assegnazione di attivit\u00e0 urgenti ai tecnici e notifica sui loro dispositivi mobile<\/li>\n<\/ul>\n<ul>\n<li><strong>Applicazione mobile<br \/>\n<\/strong>App mobile per gestire le attivit\u00e0 urgenti attraverso flussi di lavoro direttamente dal campo e rendicontarle, allegare documenti e file multimediali e trasmettere i dati ai colleghi di back-office per validarli<\/li>\n<\/ul>\n<ul>\n<li><strong>Integrazione con LDAP e GIS<br \/>\n<\/strong>Integrazione con LDAP (Lightweight Directory Access Protocol) per autenticare e garantire la sicurezza degli accessi utente, e ARCGIS (software GIS) per geolocalizzare gli ordini di lavoro e visualizzare i layer GIS su mappa dai dispositivi mobile<\/li>\n<\/ul>\n<\/div>\n          \n        <\/section>\n\n<\/div><!-- .overit-block-wrapper -->\n<\/div><!-- .overit-block -->\n\n\n<div\n  class=\"overit-block overit-block--white overit-radius-full  overit-no-padding \n  overit-block-separator\"\n        >\n  \n  <div class=\"overit-block-wrapper\">\n\n<div class=\"overit-separator overit-separator--boxed\">\n  <hr\/>\n<\/div>\n\n<\/div><!-- .overit-block-wrapper -->\n<\/div><!-- .overit-block -->\n\n\n<div\n  class=\"overit-block overit-block--white overit-radius-full overit-margin-small overit-no-padding overit-block--fullwidth\n  overit-block-configurable-jumbotron\"\n        >\n  \n  <div class=\"overit-block-wrapper\">\n\n<section class=\"configurable-jumbotron left\" >\n                  <h3 class=\"cj-section-title\">BENEFICI<\/h3>\n          \n                  <div class=\"cj-title medium\">Grazie all\u2019utilizzo della NextGen Platform di OverIT, Gruppo Hera ha raggiunto:<\/div>\n          \n    \n        <\/section>\n\n<\/div><!-- .overit-block-wrapper -->\n<\/div><!-- .overit-block -->\n\n\n<div\n  class=\"overit-block overit-block--white overit-radius-full overit-no-margin overit-padding-medium \n  overit-block-multi-info-cards\"\n        >\n  \n  <div class=\"overit-block-wrapper\">\n\n<div class=\"info-cards info-cards--3 info-cards--align-\">\n        <div class=\"info-cards__sections \">\n                  <div class=\"info-card info-card--3\n                    info-card--without-icon\n          \n          info-card--top-line\n        \">\n        <div class=\"info-card-inner\">\n                                                      <div class=\"info-card__description\" >\n              <p>Riduzione degli errori nella gestione delle attivit\u00e0<\/p>\n\n            <\/div>\n                  <\/div>\n      <\/div>\n                  <div class=\"info-card info-card--3\n                    info-card--without-icon\n          \n          info-card--top-line\n        \">\n        <div class=\"info-card-inner\">\n                                                      <div class=\"info-card__description\" >\n              <p>Ottimizzazione e uso di un\u2019interfaccia intuitiva in campo<\/p>\n\n            <\/div>\n                  <\/div>\n      <\/div>\n                  <div class=\"info-card info-card--3\n                    info-card--without-icon\n          \n          info-card--top-line\n        \">\n        <div class=\"info-card-inner\">\n                                                      <div class=\"info-card__description\" >\n              <p>Incremento dell\u2019efficienza nell\u2019utilizzo della soluzione da mobile<\/p>\n\n            <\/div>\n                  <\/div>\n      <\/div>\n                  <div class=\"info-card info-card--3\n                    info-card--without-icon\n          \n          info-card--top-line\n        \">\n        <div class=\"info-card-inner\">\n                                                      <div class=\"info-card__description\" >\n              <p>Miglioramento della gestione delle attivit\u00e0<\/p>\n\n            <\/div>\n                  <\/div>\n      <\/div>\n          <\/div>\n  <\/div>\n\n<\/div><!-- .overit-block-wrapper -->\n<\/div><!-- .overit-block -->\n\n\n<div\n  class=\"overit-block overit-block--white overit-radius-full overit-no-margin overit-padding-medium \n  overit-block-video\"\n        >\n  \n  <div class=\"overit-block-wrapper\">\n\n<div class=\"overit-video\">\n            <div class=\"overit-video__cover\" style=\"background-image: url(https:\/\/www.overit.ai\/app\/uploads\/2023\/05\/cover-video-customer-hera.png)\"><\/div>\n        <iframe class=\"overit-video__iframe\"  style=\"display: none;\"               data-src=\"https:\/\/www.youtube.com\/embed\/cyjWl2qYWXU?color=white&#038;rel=0&#038;showinfo=0\"\n            frameborder=\"0\" allow=\"accelerometer; autoplay; clipboard-write; encrypted-media; gyroscope; picture-in-picture\" allowfullscreen>\n    <\/iframe>\n  <\/div>\n\n<\/div><!-- .overit-block-wrapper -->\n<\/div><!-- .overit-block -->\n\n\n<div\n  class=\"overit-block overit-block--white overit-radius-full overit-margin-medium overit-padding-medium \n  overit-block-sustainable-development-goals\"\n        >\n  \n  <div class=\"overit-block-wrapper\">\n\n\n<div class=\"sdg\" id=\"\">\n  <div class=\"sdg__container\">\n    <div class=\"sdg__logo\">\n      <img decoding=\"async\" src=\"https:\/\/www.overit.ai\/app\/themes\/overit-theme\/resources\/assets\/images\/sdg\/IT\/logo.png\" width=\"96\" height=\"82\" alt=\"Icona che rappresenta gli Obiettivi per lo Sviluppo Sostenibile\" \/>\n    <\/div>\n          <div class=\"sdg__description\">\n        <p><p>Gi\u00e0 dalla sua fondazione, Gruppo Hera ha posto la sostenibilit\u00e0 al centro della propria strategia, con la convinzione che il valore economico e lo sviluppo sostenibile siano il motore di un impatto positivo sulla societ\u00e0 e sull\u2019ambiente. Gruppo Hera si \u00e8 fatto dunque strada come promotore di una serie di iniziative che da una parte ricercano la cosiddetta \u201ccarbon neutrality\u201d attraverso l\u2019incremento dell\u2019efficienza energetica, e dall\u2019altra attenuano il cambiamento climatico con lo sfruttamento delle energie rinnovabili e proteggono aria, suolo e biodiversit\u00e0 gestendo le risorse idriche in modo consapevole.<\/p>\n<p>L\u2019introduzione della NextGen Platform di OverIT va letta in questa direzione e si pone l\u2019obiettivo di incoraggiare l\u2019innovazione dell\u2019intero settore e delle infrastrutture nonch\u00e9 una digitalizzazione di primissimo livello. Il fine ultimo \u00e8 quello di continuare a servire le comunit\u00e0 assicurando i pi\u00f9 alti standard di qualit\u00e0 ed efficienza per creare citt\u00e0 sostenibili e rendere il mondo un posto migliore.<\/p>\n<\/p>\n      <\/div>\n              <div class=\"sdg__title\">\n        <p>OverIT <strong>NextGen Platform<\/strong> ha contribuito al raggiungimento degli <strong>Obiettivi di Sviluppo Sostenibile<\/strong><\/p>\n      <\/div>\n      <div class=\"sdg__icons\">\n                                        <div class=\"sdg__icon\">\n              <img decoding=\"async\" src=\"https:\/\/www.overit.ai\/app\/themes\/overit-theme\/resources\/assets\/images\/sdg\/IT\/6.png\" alt=\"Icona che rappresenta l&#039;Obiettivo di Sviluppo Sostenibile 6: Acqua pulita e servizi igienico-sanitari\" width=\"76\" height=\"76\" \/>\n            <\/div>\n                                                  <div class=\"sdg__icon\">\n              <img decoding=\"async\" src=\"https:\/\/www.overit.ai\/app\/themes\/overit-theme\/resources\/assets\/images\/sdg\/IT\/9.png\" alt=\"Icona che rappresenta l&#039;Obiettivo di Sviluppo Sostenibile 9: Industria, innovazione e infrastrutture\" width=\"76\" height=\"76\" \/>\n            <\/div>\n                                                  <div class=\"sdg__icon\">\n              <img decoding=\"async\" src=\"https:\/\/www.overit.ai\/app\/themes\/overit-theme\/resources\/assets\/images\/sdg\/IT\/11.png\" alt=\"Icona che rappresenta l&#039;Obiettivo di Sviluppo Sostenibile 11: Citt\u00e0 e comunit\u00e0 sostenibili\" width=\"76\" height=\"76\" \/>\n            <\/div>\n                                                  <div class=\"sdg__icon\">\n              <img decoding=\"async\" src=\"https:\/\/www.overit.ai\/app\/themes\/overit-theme\/resources\/assets\/images\/sdg\/IT\/13.png\" alt=\"Icona che rappresenta l&#039;Obiettivo di Sviluppo Sostenibile 13: Lotta contro il cambiamento climatico\" width=\"76\" height=\"76\" \/>\n            <\/div>\n                        <\/div>\n      <\/div>\n<\/div>\n\n<\/div><!-- .overit-block-wrapper -->\n<\/div><!-- .overit-block -->\n","protected":false},"excerpt":{"rendered":"","protected":false},"author":3,"featured_media":13784,"parent":270,"menu_order":0,"comment_status":"closed","ping_status":"closed","template":"","meta":{"_acf_changed":false,"footnotes":""},"case_study_category":[215],"class_list":["post-40352","page","type-page","status-publish","has-post-thumbnail","hentry","case_study_category-energy-utility"],"acf":[],"yoast_head":"<!-- This site is optimized with the Yoast SEO Premium plugin v25.6 (Yoast SEO v25.6) - https:\/\/yoast.com\/wordpress\/plugins\/seo\/ -->\n<title>Gruppo Hera per la gestione delle emergenze | OverIT<\/title>\n<meta name=\"description\" content=\"Gruppo Hera ha adottato la soluzione OverIT per una gestione pi\u00f9 efficace delle emergenze ottimizzando i processi di Field Service Management\" \/>\n<meta name=\"robots\" content=\"index, follow, max-snippet:-1, max-image-preview:large, max-video-preview:-1\" \/>\n<link rel=\"canonical\" href=\"https:\/\/www.overit.ai\/it\/clienti\/casi-di-successo\/gestione-efficiente-delle-attivita-di-emergenza-da-mobile\/\" \/>\n<meta property=\"og:locale\" content=\"it_IT\" \/>\n<meta property=\"og:type\" content=\"article\" \/>\n<meta property=\"og:title\" content=\"Hera Group - Gestione efficiente delle attivit\u00e0 di emergenza da mobile\" \/>\n<meta property=\"og:description\" content=\"Gruppo Hera ha adottato la soluzione OverIT per una gestione pi\u00f9 efficace delle emergenze ottimizzando i processi di Field Service Management\" \/>\n<meta property=\"og:url\" content=\"https:\/\/www.overit.ai\/it\/clienti\/casi-di-successo\/gestione-efficiente-delle-attivita-di-emergenza-da-mobile\/\" \/>\n<meta property=\"og:site_name\" content=\"OverIT\" \/>\n<meta property=\"article:modified_time\" content=\"2026-03-10T10:24:04+00:00\" \/>\n<meta property=\"og:image\" content=\"https:\/\/www.overit.ai\/app\/uploads\/2021\/02\/Hera-1.4-1.jpeg\" \/>\n\t<meta property=\"og:image:width\" content=\"1920\" \/>\n\t<meta property=\"og:image:height\" content=\"1080\" \/>\n\t<meta property=\"og:image:type\" content=\"image\/jpeg\" \/>\n<meta name=\"twitter:card\" content=\"summary_large_image\" \/>\n<meta name=\"twitter:description\" content=\"Gruppo Hera ha adottato la soluzione OverIT per una gestione pi\u00f9 efficace delle emergenze ottimizzando i processi di Field Service Management\" \/>\n<meta name=\"twitter:label1\" content=\"Est. reading time\" \/>\n\t<meta name=\"twitter:data1\" content=\"5 minutes\" \/>\n<script type=\"application\/ld+json\" class=\"yoast-schema-graph\">{\"@context\":\"https:\/\/schema.org\",\"@graph\":[{\"@type\":\"WebPage\",\"@id\":\"https:\/\/www.overit.ai\/it\/clienti\/casi-di-successo\/gestione-efficiente-delle-attivita-di-emergenza-da-mobile\/\",\"url\":\"https:\/\/www.overit.ai\/it\/clienti\/casi-di-successo\/gestione-efficiente-delle-attivita-di-emergenza-da-mobile\/\",\"name\":\"Gruppo Hera per la gestione delle emergenze | OverIT\",\"isPartOf\":{\"@id\":\"https:\/\/www.overit.ai\/it\/#website\"},\"primaryImageOfPage\":{\"@id\":\"https:\/\/www.overit.ai\/it\/clienti\/casi-di-successo\/gestione-efficiente-delle-attivita-di-emergenza-da-mobile\/#primaryimage\"},\"image\":{\"@id\":\"https:\/\/www.overit.ai\/it\/clienti\/casi-di-successo\/gestione-efficiente-delle-attivita-di-emergenza-da-mobile\/#primaryimage\"},\"thumbnailUrl\":\"https:\/\/www.overit.ai\/app\/uploads\/2021\/02\/Hera-1.4-1.jpeg\",\"datePublished\":\"2023-06-28T12:26:00+00:00\",\"dateModified\":\"2026-03-10T10:24:04+00:00\",\"description\":\"Gruppo Hera ha adottato la soluzione OverIT per una gestione pi\u00f9 efficace delle emergenze ottimizzando i processi di Field Service Management\",\"breadcrumb\":{\"@id\":\"https:\/\/www.overit.ai\/it\/clienti\/casi-di-successo\/gestione-efficiente-delle-attivita-di-emergenza-da-mobile\/#breadcrumb\"},\"inLanguage\":\"it-IT\",\"potentialAction\":[{\"@type\":\"ReadAction\",\"target\":[\"https:\/\/www.overit.ai\/it\/clienti\/casi-di-successo\/gestione-efficiente-delle-attivita-di-emergenza-da-mobile\/\"]}]},{\"@type\":\"ImageObject\",\"inLanguage\":\"it-IT\",\"@id\":\"https:\/\/www.overit.ai\/it\/clienti\/casi-di-successo\/gestione-efficiente-delle-attivita-di-emergenza-da-mobile\/#primaryimage\",\"url\":\"https:\/\/www.overit.ai\/app\/uploads\/2021\/02\/Hera-1.4-1.jpeg\",\"contentUrl\":\"https:\/\/www.overit.ai\/app\/uploads\/2021\/02\/Hera-1.4-1.jpeg\",\"width\":1920,\"height\":1080,\"caption\":\"Hera - Gestione efficiente delle attivit\u00e0 di emergenza da mobile\"},{\"@type\":\"BreadcrumbList\",\"@id\":\"https:\/\/www.overit.ai\/it\/clienti\/casi-di-successo\/gestione-efficiente-delle-attivita-di-emergenza-da-mobile\/#breadcrumb\",\"itemListElement\":[{\"@type\":\"ListItem\",\"position\":1,\"name\":\"Home\",\"item\":\"https:\/\/www.overit.ai\/it\/\"},{\"@type\":\"ListItem\",\"position\":2,\"name\":\"Clienti\",\"item\":\"https:\/\/www.overit.ai\/it\/clienti\/\"},{\"@type\":\"ListItem\",\"position\":3,\"name\":\"Casi di successo\",\"item\":\"https:\/\/www.overit.ai\/it\/clienti\/casi-di-successo\/\"},{\"@type\":\"ListItem\",\"position\":4,\"name\":\"Hera Group &#8211; Gestione efficiente delle attivit\u00e0 di emergenza da mobile\"}]},{\"@type\":\"WebSite\",\"@id\":\"https:\/\/www.overit.ai\/it\/#website\",\"url\":\"https:\/\/www.overit.ai\/it\/\",\"name\":\"OverIT\",\"description\":\"Innovation in Field Service Management\",\"publisher\":{\"@id\":\"https:\/\/www.overit.ai\/it\/#organization\"},\"potentialAction\":[{\"@type\":\"SearchAction\",\"target\":{\"@type\":\"EntryPoint\",\"urlTemplate\":\"https:\/\/www.overit.ai\/it\/?s={search_term_string}\"},\"query-input\":{\"@type\":\"PropertyValueSpecification\",\"valueRequired\":true,\"valueName\":\"search_term_string\"}}],\"inLanguage\":\"it-IT\"},{\"@type\":\"Organization\",\"@id\":\"https:\/\/www.overit.ai\/it\/#organization\",\"name\":\"OverIT\",\"url\":\"https:\/\/www.overit.ai\/it\/\",\"logo\":{\"@type\":\"ImageObject\",\"inLanguage\":\"it-IT\",\"@id\":\"https:\/\/www.overit.ai\/it\/#\/schema\/logo\/image\/\",\"url\":\"https:\/\/www.overit.ai\/app\/uploads\/2021\/10\/OverIT-logo-400.png\",\"contentUrl\":\"https:\/\/www.overit.ai\/app\/uploads\/2021\/10\/OverIT-logo-400.png\",\"width\":400,\"height\":250,\"caption\":\"OverIT\"},\"image\":{\"@id\":\"https:\/\/www.overit.ai\/it\/#\/schema\/logo\/image\/\"}}]}<\/script>\n<!-- \/ Yoast SEO Premium plugin. -->","yoast_head_json":{"title":"Gruppo Hera per la gestione delle emergenze | OverIT","description":"Gruppo Hera ha adottato la soluzione OverIT per una gestione pi\u00f9 efficace delle emergenze ottimizzando i processi di Field Service Management","robots":{"index":"index","follow":"follow","max-snippet":"max-snippet:-1","max-image-preview":"max-image-preview:large","max-video-preview":"max-video-preview:-1"},"canonical":"https:\/\/www.overit.ai\/it\/clienti\/casi-di-successo\/gestione-efficiente-delle-attivita-di-emergenza-da-mobile\/","og_locale":"it_IT","og_type":"article","og_title":"Hera Group - Gestione efficiente delle attivit\u00e0 di emergenza da mobile","og_description":"Gruppo Hera ha adottato la soluzione OverIT per una gestione pi\u00f9 efficace delle emergenze ottimizzando i processi di Field Service Management","og_url":"https:\/\/www.overit.ai\/it\/clienti\/casi-di-successo\/gestione-efficiente-delle-attivita-di-emergenza-da-mobile\/","og_site_name":"OverIT","article_modified_time":"2026-03-10T10:24:04+00:00","og_image":[{"width":1920,"height":1080,"url":"https:\/\/www.overit.ai\/app\/uploads\/2021\/02\/Hera-1.4-1.jpeg","type":"image\/jpeg"}],"twitter_card":"summary_large_image","twitter_description":"Gruppo Hera ha adottato la soluzione OverIT per una gestione pi\u00f9 efficace delle emergenze ottimizzando i processi di Field Service Management","twitter_misc":{"Est. reading time":"5 minutes"},"schema":{"@context":"https:\/\/schema.org","@graph":[{"@type":"WebPage","@id":"https:\/\/www.overit.ai\/it\/clienti\/casi-di-successo\/gestione-efficiente-delle-attivita-di-emergenza-da-mobile\/","url":"https:\/\/www.overit.ai\/it\/clienti\/casi-di-successo\/gestione-efficiente-delle-attivita-di-emergenza-da-mobile\/","name":"Gruppo Hera per la gestione delle emergenze | OverIT","isPartOf":{"@id":"https:\/\/www.overit.ai\/it\/#website"},"primaryImageOfPage":{"@id":"https:\/\/www.overit.ai\/it\/clienti\/casi-di-successo\/gestione-efficiente-delle-attivita-di-emergenza-da-mobile\/#primaryimage"},"image":{"@id":"https:\/\/www.overit.ai\/it\/clienti\/casi-di-successo\/gestione-efficiente-delle-attivita-di-emergenza-da-mobile\/#primaryimage"},"thumbnailUrl":"https:\/\/www.overit.ai\/app\/uploads\/2021\/02\/Hera-1.4-1.jpeg","datePublished":"2023-06-28T12:26:00+00:00","dateModified":"2026-03-10T10:24:04+00:00","description":"Gruppo Hera ha adottato la soluzione OverIT per una gestione pi\u00f9 efficace delle emergenze ottimizzando i processi di Field Service Management","breadcrumb":{"@id":"https:\/\/www.overit.ai\/it\/clienti\/casi-di-successo\/gestione-efficiente-delle-attivita-di-emergenza-da-mobile\/#breadcrumb"},"inLanguage":"it-IT","potentialAction":[{"@type":"ReadAction","target":["https:\/\/www.overit.ai\/it\/clienti\/casi-di-successo\/gestione-efficiente-delle-attivita-di-emergenza-da-mobile\/"]}]},{"@type":"ImageObject","inLanguage":"it-IT","@id":"https:\/\/www.overit.ai\/it\/clienti\/casi-di-successo\/gestione-efficiente-delle-attivita-di-emergenza-da-mobile\/#primaryimage","url":"https:\/\/www.overit.ai\/app\/uploads\/2021\/02\/Hera-1.4-1.jpeg","contentUrl":"https:\/\/www.overit.ai\/app\/uploads\/2021\/02\/Hera-1.4-1.jpeg","width":1920,"height":1080,"caption":"Hera - Gestione efficiente delle attivit\u00e0 di emergenza da mobile"},{"@type":"BreadcrumbList","@id":"https:\/\/www.overit.ai\/it\/clienti\/casi-di-successo\/gestione-efficiente-delle-attivita-di-emergenza-da-mobile\/#breadcrumb","itemListElement":[{"@type":"ListItem","position":1,"name":"Home","item":"https:\/\/www.overit.ai\/it\/"},{"@type":"ListItem","position":2,"name":"Clienti","item":"https:\/\/www.overit.ai\/it\/clienti\/"},{"@type":"ListItem","position":3,"name":"Casi di successo","item":"https:\/\/www.overit.ai\/it\/clienti\/casi-di-successo\/"},{"@type":"ListItem","position":4,"name":"Hera Group &#8211; Gestione efficiente delle attivit\u00e0 di emergenza da mobile"}]},{"@type":"WebSite","@id":"https:\/\/www.overit.ai\/it\/#website","url":"https:\/\/www.overit.ai\/it\/","name":"OverIT","description":"Innovation in Field Service Management","publisher":{"@id":"https:\/\/www.overit.ai\/it\/#organization"},"potentialAction":[{"@type":"SearchAction","target":{"@type":"EntryPoint","urlTemplate":"https:\/\/www.overit.ai\/it\/?s={search_term_string}"},"query-input":{"@type":"PropertyValueSpecification","valueRequired":true,"valueName":"search_term_string"}}],"inLanguage":"it-IT"},{"@type":"Organization","@id":"https:\/\/www.overit.ai\/it\/#organization","name":"OverIT","url":"https:\/\/www.overit.ai\/it\/","logo":{"@type":"ImageObject","inLanguage":"it-IT","@id":"https:\/\/www.overit.ai\/it\/#\/schema\/logo\/image\/","url":"https:\/\/www.overit.ai\/app\/uploads\/2021\/10\/OverIT-logo-400.png","contentUrl":"https:\/\/www.overit.ai\/app\/uploads\/2021\/10\/OverIT-logo-400.png","width":400,"height":250,"caption":"OverIT"},"image":{"@id":"https:\/\/www.overit.ai\/it\/#\/schema\/logo\/image\/"}}]}},"_links":{"self":[{"href":"https:\/\/www.overit.ai\/it\/wp-json\/wp\/v2\/pages\/40352","targetHints":{"allow":["GET"]}}],"collection":[{"href":"https:\/\/www.overit.ai\/it\/wp-json\/wp\/v2\/pages"}],"about":[{"href":"https:\/\/www.overit.ai\/it\/wp-json\/wp\/v2\/types\/page"}],"author":[{"embeddable":true,"href":"https:\/\/www.overit.ai\/it\/wp-json\/wp\/v2\/users\/3"}],"replies":[{"embeddable":true,"href":"https:\/\/www.overit.ai\/it\/wp-json\/wp\/v2\/comments?post=40352"}],"version-history":[{"count":29,"href":"https:\/\/www.overit.ai\/it\/wp-json\/wp\/v2\/pages\/40352\/revisions"}],"predecessor-version":[{"id":69938,"href":"https:\/\/www.overit.ai\/it\/wp-json\/wp\/v2\/pages\/40352\/revisions\/69938"}],"up":[{"embeddable":true,"href":"https:\/\/www.overit.ai\/it\/wp-json\/wp\/v2\/pages\/270"}],"wp:featuredmedia":[{"embeddable":true,"href":"https:\/\/www.overit.ai\/it\/wp-json\/wp\/v2\/media\/13784"}],"wp:attachment":[{"href":"https:\/\/www.overit.ai\/it\/wp-json\/wp\/v2\/media?parent=40352"}],"wp:term":[{"taxonomy":"case_study_category","embeddable":true,"href":"https:\/\/www.overit.ai\/it\/wp-json\/wp\/v2\/case_study_category?post=40352"}],"curies":[{"name":"wp","href":"https:\/\/api.w.org\/{rel}","templated":true}]}}