{"id":36068,"date":"2023-01-18T09:05:02","date_gmt":"2023-01-18T09:05:02","guid":{"rendered":"https:\/\/www.overit.ai\/it\/?page_id=36068"},"modified":"2026-04-28T09:18:59","modified_gmt":"2026-04-28T09:18:59","slug":"gartner-critical-capabilities-for-field-service-management-2022","status":"publish","type":"page","link":"https:\/\/www.overit.ai\/it\/report-analisti\/gartner\/gartner-critical-capabilities-for-field-service-management-2022\/","title":{"rendered":"Gartner &#8211; Critical Capabilities for Field Service Management 2022"},"content":{"rendered":"<div\n  class=\"overit-block overit-block--white overit-radius-none overit-no-margin overit-no-padding \n  overit-block-full-width-top-banner\"\n        >\n  \n  <div class=\"overit-block-wrapper\">\n\n\n<section class=\"block-fwtb\">\n  <div class=\"block-fwtb__bg \">\n    <div class=\"block-fwtb__content block-fwtb__content--light\">\n                        <div class=\"block-fwtb__title\" data-aos=\"zoom-in\">GARTNER<\/div>\n                                              <h1 class=\"block-fwtb__subtitle \" data-aos=\"zoom-in\" data-aos-delay=\"200\">Critical capabilities for Field Service Management 2022<\/h1>\n                        <\/div>\n          <div class=\"block-fwtb__bg_image\" style=\"background: linear-gradient(0deg, rgba(0, 0, 0, 0.3), rgba(0, 0, 0, 0.3)), url('https:\/\/www.overit.ai\/app\/uploads\/2023\/01\/Gartner-Critical-capabilities-for-Field-Service-Management-2022.jpg') center center\"><\/div>\n      <\/div>\n<\/section>\n\n<\/div><!-- .overit-block-wrapper -->\n<\/div><!-- .overit-block -->\n\n\n<div\n  class=\"overit-block overit-block--white overit-radius-full overit-margin-small overit-padding-small overit-block--fullwidth\n  overit-block-configurable-jumbotron\"\n        >\n  \n  <div class=\"overit-block-wrapper\">\n\n<section class=\"configurable-jumbotron left\" >\n    \n                  <h2  class=\"cj-title medium\">Anche quest\u2019anno OverIT \u00e8 stata inclusa nell\u2019analisi \u201cCritical Capabilities for Field Service Management\u201d di Gartner<sup>\u00ae<\/sup> redatta da Jim Robinson il 30 novembre 2022.<\/h2 >\n          \n                  <div class=\"cj-subtitle medium\"><p>Secondo il report \u201cle posizioni dei vendor in questo Critical Capabilities rispecchiano le nuove aspettative dei clienti in ambiti quali diagnostica, mantenimento della <strong>conoscenza, sostenibilit\u00e0 e comunicazione che sfruttano funzionalit\u00e0 di Artificial Intelligence<\/strong>. Le realt\u00e0 leader nello sviluppo di applicazioni dovrebbero indirizzarsi verso soluzioni che garantiscano non solo migliori standard di qualit\u00e0 ma che elevino i risultati di business\u201d.<\/p>\n<p>Siamo davvero orgogliosi di essere stati identificati per i casi d\u2019uso \u201c<strong>Appointment-Centric: Volatility in Schedules<\/strong>\u201d, \u201c<strong>Equipment-Centric: Complex Service and Support<\/strong>\u201d e \u201c<strong>Outcome-Centric: Equipment as a Service<\/strong>\u201d.<\/p>\n<p>I clienti sono il nostro asset pi\u00f9 prezioso e un riconoscimento come quello ricevuto non pu\u00f2 che dimostrarlo.<br \/>\nLa <a href=\"https:\/\/www.overit.ai\/it\/piattaforma\/field-service-management-software\/\" title=\"soluzioni software per il Field Service Management\"><strong>Next-Gen FSM Platform<\/strong><\/a> permette ai nostri clienti di vivere un\u2019esperienza unica all\u2019interno di un panorama applicativo aziendale completamente integrato. Forti di una vasta esperienza negli asset lineari e nelle industry mission-critical (<a href=\"https:\/\/www.overit.ai\/it\/settori\/energia-utility\/\"><strong>Energy &amp; Utilities<\/strong><\/a>, <a href=\"https:\/\/www.overit.ai\/it\/settori\/oil-gas\/\"><strong>Oil &amp; Gas<\/strong><\/a>, <a href=\"https:\/\/www.overit.ai\/it\/settori\/telco\/\"><strong>Telco<\/strong><\/a> e <a href=\"https:\/\/www.overit.ai\/it\/settori\/trasporti-infrastrutture\/\"><strong>Transportation<\/strong><\/a>), forniamo i principali moduli FSM con l\u2019obiettivo di soddisfare le necessit\u00e0 degli utenti in molteplici aree di Field Service, quali il customer service e la manutenzione degli asset, la schedulazione e l\u2019assegnazione delle attivit\u00e0 ai tecnici fino al mobile empowerment. In questi ambiti il <strong>GIS<\/strong>, la <strong>collaborazione<\/strong>, il <strong>knowledge management<\/strong> e la <strong>formazione in ambienti virtuali<\/strong> diventano gli elementi che fanno la vera differenza e aggiungono un valore unico ai nostri clienti. Inoltre, estensibilit\u00e0 e integrabilit\u00e0 sono elementi chiave per sviluppare e offrire una piattaforma che guida i nostri clienti verso il futuro. Vale la pena sottolineare che la foundation \u00e8 flessibile e scalabile a tal punto da consentire la collaborazione con i clienti che desiderano customizzare la loro soluzione. Questo ci consente di soddisfare senza limite le esigenze specifiche dei nostri clienti.<\/p>\n<p>Infine, la Next-Gen FSM Platform racchiude un insieme di moduli dalla natura altamente innovativa (ML, AR, GIS, IoT, VR). Ci\u00f2 consente ai nostri clienti di elevare le loro strategie di Field Service, accompagnandoli verso la next generation del FSM, che vede la sostenibilit\u00e0 e la cybersecurity un must.<\/p>\n<\/div>\n          \n        <\/section>\n\n<\/div><!-- .overit-block-wrapper -->\n<\/div><!-- .overit-block -->\n\n\n<div\n  class=\"overit-block overit-block--white overit-radius-full overit-no-margin overit-padding-medium-bottom \n  overit-block-customer-disclaimer\"\n        >\n  \n  <div class=\"overit-block-wrapper\">\n\n<div class=\"cdisclaimer\">\n  <div class=\"cdisclaimer__bg\">&nbsp;<\/div>\n  <div class=\"cdisclaimer__content\">\n    <div class=\"cdisclaimer__title-cont\">\n      <div class=\"cdisclaimer__img\">\n        <img decoding=\"async\" src=\"https:\/\/www.overit.ai\/app\/themes\/overit-theme\/dist\/images\/citation_d93c975a.svg\" alt=\"citation symbol\" \/>\n      <\/div>\n      <div class=\"cdisclaimer__title\">\n        Gartner Disclaimer\n      <\/div>\n    <\/div>\n    <div class=\"cdisclaimer__description\" data-aos=\"fade-left\">\n      <p>GARTNER \u00e8 un marchio registrato e un marchio di servizio di propriet\u00e0 di Gartner, Inc. e\/o relative consociate negli Stati Uniti e a livello internazionale, il cui utilizzo nel presente documento \u00e8 stato autorizzato. Tutti i diritti sono riservati. Gartner non appoggia alcun fornitore, prodotto o servizio descritto nelle sue pubblicazioni di ricerca e non mira a indirizzare gli utenti di tecnologie nella scelta dei fornitori sulla base di punteggi pi\u00f9 elevati o di altre valutazioni. Le pubblicazioni di ricerca di Gartner vanno intese come mere opinioni di consulenza dell\u2019organizzazione di ricerca e non devono essere interpretate come affermazioni di fatto. Gartner non d\u00e0 alcuna garanzia, espressa o implicita, relativamente a questa ricerca, inclusa qualsiasi garanzia di commerciabilit\u00e0 o idoneit\u00e0 per uno scopo particolare.<\/p>\n\n    <\/div>\n  <\/div>\n<\/div>\n\n<\/div><!-- .overit-block-wrapper -->\n<\/div><!-- .overit-block -->\n\n\n<div\n  class=\"overit-block overit-block--white overit-radius-full overit-margin-small-top overit-no-padding overit-block--fullwidth\n  overit-block-configurable-jumbotron\"\n        >\n  \n  <div class=\"overit-block-wrapper\">\n\n<section class=\"configurable-jumbotron center\" >\n                  <div class=\"cj-section-title\">REPORT DEGLI ANALISTI<\/div>\n          \n                  <h3  class=\"cj-title medium\">OverIT si impegna per essere riconosciuta come azienda innovativa nel settore del Field Service Management. Siamo orgogliosi di essere menzionati nei report delle societ\u00e0 di consulenza e ricerca IT leader a livello mondiale.<\/h3 >\n          \n                  <div class=\"cj-subtitle medium\"><p>Vuoi sapere di pi\u00f9 sulle principali societ\u00e0 di consulenza e ricerca IT? Dai un&#8217;occhiata ai loro report su OverIT.<\/p>\n<\/div>\n          \n        <\/section>\n\n<\/div><!-- .overit-block-wrapper -->\n<\/div><!-- .overit-block -->\n\n\n<div\n  class=\"overit-block overit-block--white overit-radius-full overit-no-margin overit-padding-medium \n  overit-block-industries-sections\"\n        >\n  \n  <div class=\"overit-block-wrapper\">\n\n  <div class=\"industries-tiles\">\n     \n              <a class=\"industries-tiles__link \" href=\"\/it\/report-analisti\/gartner\/\">\n          <div class=\"industries-tiles__tile\">\n                            <div class=\"industries-tiles__icon\">\n                        <i style=\"color: #FF8200;font-size: 32px;\" class=\"fa-classic fa-light fa-folder-bookmark\" aria-hidden=\"true\"><\/i>\n          <\/div>\n                <div class=\"industries-tiles__title\">\n          Vai ai Report di Gartner\n        <\/div>\n      <\/div>\n          <\/a>\n         \n              <a class=\"industries-tiles__link \" href=\"\/it\/report-analisti\/idc\/\">\n          <div class=\"industries-tiles__tile\">\n                            <div class=\"industries-tiles__icon\">\n                        <i style=\"color: #FF8200;font-size: 32px;\" class=\"fa-classic fa-light fa-folder-bookmark\" aria-hidden=\"true\"><\/i>\n          <\/div>\n                <div class=\"industries-tiles__title\">\n          Vai ai Report di IDC\n        <\/div>\n      <\/div>\n          <\/a>\n         \n              <a class=\"industries-tiles__link \" href=\"\/it\/report-analisti\/forrester\/\">\n          <div class=\"industries-tiles__tile\">\n                            <div class=\"industries-tiles__icon\">\n                        <i style=\"color: #FF8200;font-size: 32px;\" class=\"fa-classic fa-light fa-folder-bookmark\" aria-hidden=\"true\"><\/i>\n          <\/div>\n                <div class=\"industries-tiles__title\">\n          Vai ai Report di Forrester\n        <\/div>\n      <\/div>\n          <\/a>\n         \n              <a class=\"industries-tiles__link \" href=\"\/it\/report-analisti\/constellation-research\/\">\n          <div class=\"industries-tiles__tile\">\n                            <div class=\"industries-tiles__icon\">\n                        <i style=\"color: #FF8200;font-size: 32px;\" class=\"fa-classic fa-light fa-folder-bookmark\" aria-hidden=\"true\"><\/i>\n          <\/div>\n                <div class=\"industries-tiles__title\">\n          Vai ai Report di Constellation Research\n        <\/div>\n      <\/div>\n          <\/a>\n          <\/div>\n\n<\/div><!-- .overit-block-wrapper -->\n<\/div><!-- .overit-block -->\n","protected":false},"excerpt":{"rendered":"","protected":false},"author":3,"featured_media":35975,"parent":272,"menu_order":0,"comment_status":"closed","ping_status":"closed","template":"","meta":{"_acf_changed":false,"footnotes":""},"case_study_category":[],"class_list":["post-36068","page","type-page","status-publish","has-post-thumbnail","hentry"],"acf":[],"yoast_head":"<!-- This site is optimized with the Yoast SEO Premium plugin v25.6 (Yoast SEO v25.6) - https:\/\/yoast.com\/wordpress\/plugins\/seo\/ -->\n<title>Gartner\u00ae - Critical capabilities for Field Service Management 2022<\/title>\n<meta name=\"description\" content=\"OverIT \u00e8 stata inclusa nell\u2019analisi \u201cCritical Capabilities for FSM\u201d di Gartner\u00ae redatta da Jim Robinson il 30 novembre 2022.\" \/>\n<meta name=\"robots\" content=\"index, follow, max-snippet:-1, max-image-preview:large, max-video-preview:-1\" \/>\n<link rel=\"canonical\" href=\"https:\/\/www.overit.ai\/it\/report-analisti\/gartner\/gartner-critical-capabilities-for-field-service-management-2022\/\" \/>\n<meta property=\"og:locale\" content=\"it_IT\" \/>\n<meta property=\"og:type\" content=\"article\" \/>\n<meta property=\"og:title\" content=\"Gartner - Critical Capabilities for Field Service Management 2022\" \/>\n<meta property=\"og:description\" content=\"OverIT \u00e8 stata inclusa nell\u2019analisi \u201cCritical Capabilities for FSM\u201d di Gartner\u00ae redatta da Jim Robinson il 30 novembre 2022.\" \/>\n<meta property=\"og:url\" content=\"https:\/\/www.overit.ai\/it\/report-analisti\/gartner\/gartner-critical-capabilities-for-field-service-management-2022\/\" \/>\n<meta property=\"og:site_name\" content=\"OverIT\" \/>\n<meta property=\"article:modified_time\" content=\"2026-04-28T09:18:59+00:00\" \/>\n<meta property=\"og:image\" content=\"https:\/\/www.overit.ai\/app\/uploads\/2023\/01\/Gartner-Critical-capabilities-for-Field-Service-Management-2022.jpg\" \/>\n\t<meta property=\"og:image:width\" content=\"1600\" \/>\n\t<meta property=\"og:image:height\" content=\"1066\" \/>\n\t<meta property=\"og:image:type\" content=\"image\/jpeg\" \/>\n<meta name=\"twitter:card\" content=\"summary_large_image\" \/>\n<meta name=\"twitter:label1\" content=\"Est. reading time\" \/>\n\t<meta name=\"twitter:data1\" content=\"3 minutes\" \/>\n<script type=\"application\/ld+json\" class=\"yoast-schema-graph\">{\"@context\":\"https:\/\/schema.org\",\"@graph\":[{\"@type\":\"WebPage\",\"@id\":\"https:\/\/www.overit.ai\/it\/report-analisti\/gartner\/gartner-critical-capabilities-for-field-service-management-2022\/\",\"url\":\"https:\/\/www.overit.ai\/it\/report-analisti\/gartner\/gartner-critical-capabilities-for-field-service-management-2022\/\",\"name\":\"Gartner\u00ae - Critical capabilities for Field Service Management 2022\",\"isPartOf\":{\"@id\":\"https:\/\/www.overit.ai\/it\/#website\"},\"primaryImageOfPage\":{\"@id\":\"https:\/\/www.overit.ai\/it\/report-analisti\/gartner\/gartner-critical-capabilities-for-field-service-management-2022\/#primaryimage\"},\"image\":{\"@id\":\"https:\/\/www.overit.ai\/it\/report-analisti\/gartner\/gartner-critical-capabilities-for-field-service-management-2022\/#primaryimage\"},\"thumbnailUrl\":\"https:\/\/www.overit.ai\/app\/uploads\/2023\/01\/Gartner-Critical-capabilities-for-Field-Service-Management-2022.jpg\",\"datePublished\":\"2023-01-18T09:05:02+00:00\",\"dateModified\":\"2026-04-28T09:18:59+00:00\",\"description\":\"OverIT \u00e8 stata inclusa nell\u2019analisi \u201cCritical Capabilities for FSM\u201d di Gartner\u00ae redatta da Jim Robinson il 30 novembre 2022.\",\"breadcrumb\":{\"@id\":\"https:\/\/www.overit.ai\/it\/report-analisti\/gartner\/gartner-critical-capabilities-for-field-service-management-2022\/#breadcrumb\"},\"inLanguage\":\"it-IT\",\"potentialAction\":[{\"@type\":\"ReadAction\",\"target\":[\"https:\/\/www.overit.ai\/it\/report-analisti\/gartner\/gartner-critical-capabilities-for-field-service-management-2022\/\"]}]},{\"@type\":\"ImageObject\",\"inLanguage\":\"it-IT\",\"@id\":\"https:\/\/www.overit.ai\/it\/report-analisti\/gartner\/gartner-critical-capabilities-for-field-service-management-2022\/#primaryimage\",\"url\":\"https:\/\/www.overit.ai\/app\/uploads\/2023\/01\/Gartner-Critical-capabilities-for-Field-Service-Management-2022.jpg\",\"contentUrl\":\"https:\/\/www.overit.ai\/app\/uploads\/2023\/01\/Gartner-Critical-capabilities-for-Field-Service-Management-2022.jpg\",\"width\":1600,\"height\":1066,\"caption\":\"Gartner Critical capabilities for FSM 2022 header\"},{\"@type\":\"BreadcrumbList\",\"@id\":\"https:\/\/www.overit.ai\/it\/report-analisti\/gartner\/gartner-critical-capabilities-for-field-service-management-2022\/#breadcrumb\",\"itemListElement\":[{\"@type\":\"ListItem\",\"position\":1,\"name\":\"Home\",\"item\":\"https:\/\/www.overit.ai\/it\/\"},{\"@type\":\"ListItem\",\"position\":2,\"name\":\"Report degli Analisti\",\"item\":\"https:\/\/www.overit.ai\/it\/report-analisti\/\"},{\"@type\":\"ListItem\",\"position\":3,\"name\":\"Gartner\",\"item\":\"https:\/\/www.overit.ai\/it\/report-analisti\/gartner\/\"},{\"@type\":\"ListItem\",\"position\":4,\"name\":\"Gartner &#8211; Critical Capabilities for Field Service Management 2022\"}]},{\"@type\":\"WebSite\",\"@id\":\"https:\/\/www.overit.ai\/it\/#website\",\"url\":\"https:\/\/www.overit.ai\/it\/\",\"name\":\"OverIT\",\"description\":\"Innovation in Field Service Management\",\"publisher\":{\"@id\":\"https:\/\/www.overit.ai\/it\/#organization\"},\"potentialAction\":[{\"@type\":\"SearchAction\",\"target\":{\"@type\":\"EntryPoint\",\"urlTemplate\":\"https:\/\/www.overit.ai\/it\/?s={search_term_string}\"},\"query-input\":{\"@type\":\"PropertyValueSpecification\",\"valueRequired\":true,\"valueName\":\"search_term_string\"}}],\"inLanguage\":\"it-IT\"},{\"@type\":\"Organization\",\"@id\":\"https:\/\/www.overit.ai\/it\/#organization\",\"name\":\"OverIT\",\"url\":\"https:\/\/www.overit.ai\/it\/\",\"logo\":{\"@type\":\"ImageObject\",\"inLanguage\":\"it-IT\",\"@id\":\"https:\/\/www.overit.ai\/it\/#\/schema\/logo\/image\/\",\"url\":\"https:\/\/www.overit.ai\/app\/uploads\/2021\/10\/OverIT-logo-400.png\",\"contentUrl\":\"https:\/\/www.overit.ai\/app\/uploads\/2021\/10\/OverIT-logo-400.png\",\"width\":400,\"height\":250,\"caption\":\"OverIT\"},\"image\":{\"@id\":\"https:\/\/www.overit.ai\/it\/#\/schema\/logo\/image\/\"}}]}<\/script>\n<!-- \/ Yoast SEO Premium plugin. -->","yoast_head_json":{"title":"Gartner\u00ae - Critical capabilities for Field Service Management 2022","description":"OverIT \u00e8 stata inclusa nell\u2019analisi \u201cCritical Capabilities for FSM\u201d di Gartner\u00ae redatta da Jim Robinson il 30 novembre 2022.","robots":{"index":"index","follow":"follow","max-snippet":"max-snippet:-1","max-image-preview":"max-image-preview:large","max-video-preview":"max-video-preview:-1"},"canonical":"https:\/\/www.overit.ai\/it\/report-analisti\/gartner\/gartner-critical-capabilities-for-field-service-management-2022\/","og_locale":"it_IT","og_type":"article","og_title":"Gartner - Critical Capabilities for Field Service Management 2022","og_description":"OverIT \u00e8 stata inclusa nell\u2019analisi \u201cCritical Capabilities for FSM\u201d di Gartner\u00ae redatta da Jim Robinson il 30 novembre 2022.","og_url":"https:\/\/www.overit.ai\/it\/report-analisti\/gartner\/gartner-critical-capabilities-for-field-service-management-2022\/","og_site_name":"OverIT","article_modified_time":"2026-04-28T09:18:59+00:00","og_image":[{"width":1600,"height":1066,"url":"https:\/\/www.overit.ai\/app\/uploads\/2023\/01\/Gartner-Critical-capabilities-for-Field-Service-Management-2022.jpg","type":"image\/jpeg"}],"twitter_card":"summary_large_image","twitter_misc":{"Est. reading time":"3 minutes"},"schema":{"@context":"https:\/\/schema.org","@graph":[{"@type":"WebPage","@id":"https:\/\/www.overit.ai\/it\/report-analisti\/gartner\/gartner-critical-capabilities-for-field-service-management-2022\/","url":"https:\/\/www.overit.ai\/it\/report-analisti\/gartner\/gartner-critical-capabilities-for-field-service-management-2022\/","name":"Gartner\u00ae - Critical capabilities for Field Service Management 2022","isPartOf":{"@id":"https:\/\/www.overit.ai\/it\/#website"},"primaryImageOfPage":{"@id":"https:\/\/www.overit.ai\/it\/report-analisti\/gartner\/gartner-critical-capabilities-for-field-service-management-2022\/#primaryimage"},"image":{"@id":"https:\/\/www.overit.ai\/it\/report-analisti\/gartner\/gartner-critical-capabilities-for-field-service-management-2022\/#primaryimage"},"thumbnailUrl":"https:\/\/www.overit.ai\/app\/uploads\/2023\/01\/Gartner-Critical-capabilities-for-Field-Service-Management-2022.jpg","datePublished":"2023-01-18T09:05:02+00:00","dateModified":"2026-04-28T09:18:59+00:00","description":"OverIT \u00e8 stata inclusa nell\u2019analisi \u201cCritical Capabilities for FSM\u201d di Gartner\u00ae redatta da Jim Robinson il 30 novembre 2022.","breadcrumb":{"@id":"https:\/\/www.overit.ai\/it\/report-analisti\/gartner\/gartner-critical-capabilities-for-field-service-management-2022\/#breadcrumb"},"inLanguage":"it-IT","potentialAction":[{"@type":"ReadAction","target":["https:\/\/www.overit.ai\/it\/report-analisti\/gartner\/gartner-critical-capabilities-for-field-service-management-2022\/"]}]},{"@type":"ImageObject","inLanguage":"it-IT","@id":"https:\/\/www.overit.ai\/it\/report-analisti\/gartner\/gartner-critical-capabilities-for-field-service-management-2022\/#primaryimage","url":"https:\/\/www.overit.ai\/app\/uploads\/2023\/01\/Gartner-Critical-capabilities-for-Field-Service-Management-2022.jpg","contentUrl":"https:\/\/www.overit.ai\/app\/uploads\/2023\/01\/Gartner-Critical-capabilities-for-Field-Service-Management-2022.jpg","width":1600,"height":1066,"caption":"Gartner Critical capabilities for FSM 2022 header"},{"@type":"BreadcrumbList","@id":"https:\/\/www.overit.ai\/it\/report-analisti\/gartner\/gartner-critical-capabilities-for-field-service-management-2022\/#breadcrumb","itemListElement":[{"@type":"ListItem","position":1,"name":"Home","item":"https:\/\/www.overit.ai\/it\/"},{"@type":"ListItem","position":2,"name":"Report degli Analisti","item":"https:\/\/www.overit.ai\/it\/report-analisti\/"},{"@type":"ListItem","position":3,"name":"Gartner","item":"https:\/\/www.overit.ai\/it\/report-analisti\/gartner\/"},{"@type":"ListItem","position":4,"name":"Gartner &#8211; Critical Capabilities for Field Service Management 2022"}]},{"@type":"WebSite","@id":"https:\/\/www.overit.ai\/it\/#website","url":"https:\/\/www.overit.ai\/it\/","name":"OverIT","description":"Innovation in Field Service Management","publisher":{"@id":"https:\/\/www.overit.ai\/it\/#organization"},"potentialAction":[{"@type":"SearchAction","target":{"@type":"EntryPoint","urlTemplate":"https:\/\/www.overit.ai\/it\/?s={search_term_string}"},"query-input":{"@type":"PropertyValueSpecification","valueRequired":true,"valueName":"search_term_string"}}],"inLanguage":"it-IT"},{"@type":"Organization","@id":"https:\/\/www.overit.ai\/it\/#organization","name":"OverIT","url":"https:\/\/www.overit.ai\/it\/","logo":{"@type":"ImageObject","inLanguage":"it-IT","@id":"https:\/\/www.overit.ai\/it\/#\/schema\/logo\/image\/","url":"https:\/\/www.overit.ai\/app\/uploads\/2021\/10\/OverIT-logo-400.png","contentUrl":"https:\/\/www.overit.ai\/app\/uploads\/2021\/10\/OverIT-logo-400.png","width":400,"height":250,"caption":"OverIT"},"image":{"@id":"https:\/\/www.overit.ai\/it\/#\/schema\/logo\/image\/"}}]}},"_links":{"self":[{"href":"https:\/\/www.overit.ai\/it\/wp-json\/wp\/v2\/pages\/36068","targetHints":{"allow":["GET"]}}],"collection":[{"href":"https:\/\/www.overit.ai\/it\/wp-json\/wp\/v2\/pages"}],"about":[{"href":"https:\/\/www.overit.ai\/it\/wp-json\/wp\/v2\/types\/page"}],"author":[{"embeddable":true,"href":"https:\/\/www.overit.ai\/it\/wp-json\/wp\/v2\/users\/3"}],"replies":[{"embeddable":true,"href":"https:\/\/www.overit.ai\/it\/wp-json\/wp\/v2\/comments?post=36068"}],"version-history":[{"count":12,"href":"https:\/\/www.overit.ai\/it\/wp-json\/wp\/v2\/pages\/36068\/revisions"}],"predecessor-version":[{"id":73218,"href":"https:\/\/www.overit.ai\/it\/wp-json\/wp\/v2\/pages\/36068\/revisions\/73218"}],"up":[{"embeddable":true,"href":"https:\/\/www.overit.ai\/it\/wp-json\/wp\/v2\/pages\/272"}],"wp:featuredmedia":[{"embeddable":true,"href":"https:\/\/www.overit.ai\/it\/wp-json\/wp\/v2\/media\/35975"}],"wp:attachment":[{"href":"https:\/\/www.overit.ai\/it\/wp-json\/wp\/v2\/media?parent=36068"}],"wp:term":[{"taxonomy":"case_study_category","embeddable":true,"href":"https:\/\/www.overit.ai\/it\/wp-json\/wp\/v2\/case_study_category?post=36068"}],"curies":[{"name":"wp","href":"https:\/\/api.w.org\/{rel}","templated":true}]}}