{"id":3,"date":"2020-09-17T08:06:31","date_gmt":"2020-09-17T08:06:31","guid":{"rendered":"https:\/\/www.overit.ai\/it\/?page_id=3"},"modified":"2025-12-12T10:43:22","modified_gmt":"2025-12-12T10:43:22","slug":"privacy-policy","status":"publish","type":"page","link":"https:\/\/www.overit.ai\/it\/privacy-policy\/","title":{"rendered":"Privacy Policy"},"content":{"rendered":"<div\n  class=\"overit-block overit-block--white overit-radius-full overit-no-margin overit-padding-medium \n  overit-block-post-content\"\n        >\n  \n  <div class=\"overit-block-wrapper\">\n\n<div class=\"overit-post-content\">\n      <h1>INFORMATIVA ai sensi del Reg. EU. 679\/2016 Regolamento Generale sulla Protezione dei Dati Personali \u2013 \u201cGDPR\u201d<\/h1>\n<section class=\"section margin_t_60\">\n<div class=\"row vc_row-fluid\">\n<div class=\"wpb_column col-md-12 have-padding\">\n<div class=\"align-center\">\n<h3 class=\"margin_b_0 bold\">Introduzione<\/h3>\n<\/div>\n<div class=\"section-text text-block custom-font-text-1590759440-875479332 align-left\" data-when=\"enter\" data-from=\"0\" data-to=\"0\" data-opacity=\"0\">\n<p>In ottemperanza al Reg. EU 679\/2016, OverIT S.p.A. intendiamo informarLa sulle modalit\u00e0 di raccolta, trattamento e conservazione dei dati personali raccolti per il tramite del sito internet con l\u2019intento di renderLa pienamente consapevole dei Suoi diritti e delle modalit\u00e0 per poterli esercitare agevolmente, in ottica del rispetto dei principi di liceit\u00e0, correttezza e trasparenza del trattamento.<\/p>\n<\/div>\n<\/div>\n<\/div>\n<\/section>\n<section class=\"section margin_t_40\">\n<div class=\"row vc_row-fluid\">\n<div class=\"wpb_column col-md-12 have-padding\">\n<div class=\"section-text text-block custom-font-text-1590759440-474892908 align-left\" data-when=\"enter\" data-from=\"0\" data-to=\"0\" data-opacity=\"0\">\n<h3><strong>Titolare del Trattamento dei Dati<\/strong><\/h3>\n<p>OverIT S.p.A. una societ\u00e0 di diritto italiano, con sede legale in Via Ugo Bassi n. 81, 33080 \u2013 Fiume Veneto (PN), P.IVA 01391460936<\/p>\n<p>Data Protection Officer: Avv. Gianluca Rubinato &#8211; dpo@rbb-legal.it<\/p>\n<p>Indirizzo email del Titolare: privacy@overit.ai<\/p>\n<h3><strong>Tipologie di Dati raccolti<\/strong><\/h3>\n<p>La navigazione del sito internet del Titolare comporta il trattamento di dati personali che possono essere costituiti da un identificativo come il nome, un codice o numero di identificazione, un identificativo online idoneo a rendere l\u2019interessato identificato o identificabile (di seguito \u201c<strong>dati personali<\/strong>\u201d).<\/p>\n<ol>\n<li style=\"font-weight: 800\">Dati di navigazione<\/li>\n<\/ol>\n<p>I sistemi informatici e le procedure software preposte al funzionamento di questo sito acquisiscono, nel corso del loro normale esercizio, alcuni dati personali la cui trasmissione \u00e8 implicita nell\u2019uso dei protocolli di comunicazione di Internet.<\/p>\n<p>In questa categoria di dati rientrano, tra gli altri, gli indirizzi IP o i nomi a dominio dei computer e dei terminali utilizzati dagli utenti, gli indirizzi in notazione URI\/URL (Uniform Resource Identifier\/Locator) delle risorse richieste, l\u2019orario della richiesta, il metodo utilizzato nel sottoporre la richiesta al server, la provenienza o <em>referrer<\/em> dell\u2019utente ed altri parametri relativi al sistema operativo e all\u2019ambiente informatico dell\u2019utente.<\/p>\n<p>L\u2019eventuale utilizzo di Cookie &#8211; o di altri strumenti di tracciamento &#8211; da parte di questo Sito Web o dei titolari dei servizi terzi utilizzati da questo Sito Web, ove non diversamente precisato, ha la finalit\u00e0 di fornire il Servizio richiesto dall&#8217;Utente.<\/p>\n<p>Per maggiori informazioni vi invitiamo a consultare la nostra Cookie Policy.<\/p>\n<p style=\"font-weight: 800\">2. Dati forniti volontariamente dall\u2019interessato<\/p>\n<p>In caso di compilazione di form per la richiesta di informazioni sui nostri prodotti e servizi, ovvero per richiedere una demo di prodotto, saranno raccolti i seguenti dati: nome, cognome, nome societ\u00e0, indirizzo e-mail, numero di telefono, settore di attivit\u00e0, paese.<\/p>\n<p>L&#8217;Utente si assume la responsabilit\u00e0 dei Dati Personali di terzi ottenuti, pubblicati o condivisi mediante questo Sito Web e garantisce di avere il diritto di comunicarli o diffonderli, liberando il Titolare da qualsiasi responsabilit\u00e0 verso terzi.<\/p>\n<h3><strong>Riepilogo delle attivit\u00e0 di trattamento <\/strong><\/h3>\n<table>\n<tbody>\n<tr>\n<td width=\"25\"><\/td>\n<td width=\"202\"><strong>Finalit\u00e0<\/strong><\/td>\n<td width=\"197\"><strong>Base Giuridica<\/strong><\/td>\n<td width=\"218\"><strong>Obbligatoriet\u00e0<\/strong><\/td>\n<\/tr>\n<tr>\n<td width=\"25\">1<\/td>\n<td width=\"202\">Navigazione sul sito<\/td>\n<td width=\"197\">Il trattamento si basa sul consenso dell\u2019interessato<\/td>\n<td width=\"218\">La prestazione di consenso \u00e8 un requisito necessario per consentire la fruizione del sito internet<\/td>\n<\/tr>\n<tr>\n<td width=\"25\">2<\/td>\n<td width=\"202\">Invio di comunicazioni promozionali o di marketing, incluse newsletter, attraverso strumenti automatizzati (e-mail)<\/td>\n<td width=\"197\">Il trattamento si basa sul consenso dell\u2019interessato<\/td>\n<td width=\"218\">Il conferimento dei dati personali per questa finalit\u00e0 \u00e8 facoltativo. Non \u00e8 prevista alcuna conseguenza in caso di rifiuto.<\/td>\n<\/tr>\n<tr>\n<td width=\"25\">3<\/td>\n<td width=\"202\">Richiesta di informazioni tramite form di contatto<\/td>\n<td width=\"197\">Il trattamento \u00e8 necessario all\u2019esecuzione di un contratto o all\u2019esecuzione di misure precontrattuali<\/td>\n<td width=\"218\">Il conferimento dei dati personali \u00e8 un requisito necessario per permettere al Titolare di rispondere alla richiesta. In caso di rifiuto, il Titolare non potr\u00e0 dare seguito ad eventuali richieste di contatto o di demo<\/td>\n<\/tr>\n<\/tbody>\n<\/table>\n<p>&nbsp;<\/p>\n<h3><strong>Finalit\u00e0 e Base Giuridica del Trattamento dei Dati raccolti<\/strong><\/h3>\n<ol>\n<li style=\"font-weight: 800\">Navigazione del Sito<\/li>\n<\/ol>\n<p>Alcuni dei dati raccolti tramite la navigazione del sito internet del Titolare sono necessari per la fruizione dei Sito. La base giuridica su cui si fonda il trattamento \u00e8 il consenso dell\u2019interessato.<\/p>\n<p>Il Titolare tratta i dati raccolti anche allo scopo di:<\/p>\n<ul>\n<li>ottenere informazioni statistiche sull\u2019uso dei servizi (pagine pi\u00f9 visitate, numero di visitatori per fascia oraria o giornaliera, aree geografiche di provenienza, ecc.);<\/li>\n<li>controllare il corretto funzionamento dei servizi offerti.<\/li>\n<\/ul>\n<p>La base giuridica su cui si fonda il trattamento \u00e8 il consenso dell\u2019interessato.<\/p>\n<p style=\"font-weight: 800\">2. Invio di comunicazioni di marketing e statistiche<\/p>\n<p>Il Titolare pu\u00f2 utilizzare l\u2019indirizzo di posta elettronica fornito all\u2019interno dei form di contatto per l\u2019invio di materiale pubblicitario, per la comunicazione di informazioni commerciali su nuovi prodotti o servizi, per promuovere eventi ed iniziative organizzate dalla Societ\u00e0 o da altre societ\u00e0 del gruppo, da nostri fornitori o clienti, partner o da terzi.<\/p>\n<p>La base giuridica su cui si fonda il trattamento \u00e8 il consenso dell\u2019interessato.<\/p>\n<p>Qualora, in ogni caso, l\u2019Interessato desiderasse opporsi al trattamento dei propri dati per le finalit\u00e0 di marketing eseguito con i mezzi qui indicati, nonch\u00e9 revocare il consenso prestato, potr\u00e0 farlo in qualunque momento senza pregiudicare la liceit\u00e0 del trattamento effettuato prima della revoca.<\/p>\n<p style=\"font-weight: 800\">3. Compilazione di form per la richiesta di informazioni<\/p>\n<p>In caso di compilazione di un form per la richiesta di informazioni sui nostri prodotti e servizi, ovvero per la richiesta di una demo di prodotto, i dati inseriti (ad es. nome azienda, e-mail, telefono e p.iva) saranno trattati per fornire riscontro alle richieste.<\/p>\n<p>In tale ipotesi, il trattamento \u00e8 necessario all\u2019esecuzione di un contratto o all\u2019esecuzione di misure precontrattuali richieste dall\u2019interessato. Il mancato conferimento dei dati personali comporta l\u2019impossibilit\u00e0 per il Titolare di dare seguito alle richieste di contatto.<\/p>\n<h3><strong>Modalit\u00e0 e luogo del trattamento dei Dati raccolti<\/strong><\/h3>\n<p style=\"font-weight: 800\">Modalit\u00e0 di trattamento<\/p>\n<p>I dati raccolti vengono trattati da personale specificamente incaricato dal Titolare in ragione del ruolo che riveste in azienda, in forma cartacea e\/o supporto magnetico, elettronico, telematico e comunque mediante strumenti idonei a garantirne la sicurezza e la riservatezza dei dati trattati.<\/p>\n<p>Il trattamento dei Suoi dati avviene prevalentemente presso i locali della nostra Societ\u00e0, tuttavia potremmo avvalerci anche di piattaforme di e-mail marketing di terze parti.<\/p>\n<p>In ogni caso, il Titolare ha posto in essere misure idonee ad assicurare che i propri provider di servizi garantiscano la piena conformit\u00e0 agli standard di sicurezza richiesti dal \u201cGDPR\u201d.<\/p>\n<p style=\"font-weight: 800\">Destinatari<\/p>\n<p>I dati personali raccolti tramite il sito internet del Titolare potranno essere condivisi con:<\/p>\n<ul>\n<li>Persone fisiche autorizzate al trattamento in ragione delle loro mansioni lavorative (es. dipendenti e amministratori di sistema).<\/li>\n<li>Provider di servizi che agiscono in qualit\u00e0 di Responsabili del trattamento su istruzioni del Titolare.<\/li>\n<li>Partners commerciali che agiscono in qualit\u00e0 di Contitolari del trattamento, ovvero in qualit\u00e0 di titolari autonomi.<\/li>\n<li>Soggetti, enti o autorit\u00e0 pubbliche cui il trasferimento sia obbligatorio in virt\u00f9 di disposizioni di legge o ordine dell\u2019autorit\u00e0.<\/li>\n<\/ul>\n<p>I dati potranno essere accessibili anche alle aziende del Gruppo OverIT per le medesime finalit\u00e0 di cui sopra, nonch\u00e9 per finalit\u00e0 amministrative e contabili ai sensi dell\u2019art. 6 e dei Considerando 47 e 48 del GDPR.<\/p>\n<p>L\u2019elenco completo ed aggiornato dei destinatari dei dati potr\u00e0 essere richiesto al Titolare, al recapito sopra indicato.<\/p>\n<p style=\"font-weight: 800\">Trasferimento dei dati extra UE<\/p>\n<p>OverIT rende noto che l\u2019eventuale trasferimento di dati personali verso un paese terzo o un\u2019organizzazione internazionale si baser\u00e0:<\/p>\n<ul>\n<li>su una decisione di adeguatezza della Commissione;<\/li>\n<li>sulle clausole contrattuali tipo per il trasferimento dei dati verso paesi terzi approvate dalla Commissione con Decisione di Esecuzione (UE) 2021\/914 del 4 giugno 2021.<\/li>\n<\/ul>\n<h3><strong>Periodo di conservazione<\/strong><\/h3>\n<p>Il Titolare intende conservare i Dati Personali per un arco di tempo non superiore rispetto a quello necessario per il conseguimento delle finalit\u00e0 per le quali sono stati raccolti e trattati. Resta ferma la necessit\u00e0 di mantenere tali dati per accertare, esercitare o difendere un diritto in sede giudiziaria. Successivamente, i dati saranno definitivamente cancellati o anonimizzati.<\/p>\n<p>I dati di navigazione non persistono per pi\u00f9 di 1 anno.<\/p>\n<p>I dati raccolti tramite form contatto saranno conservati per il tempo necessario a fornire riscontro alle richieste degli interessati.<\/p>\n<h3><strong>Diritti degli interessati<\/strong><\/h3>\n<p>La informiamo che in ogni tempo potr\u00e0:<\/p>\n<ul>\n<li>accedere ai Suoi dati per ottenere informazioni relative al trattamento (art. 15);<\/li>\n<li>rettificare i dati inesatti o chiedere l\u2019integrazione dei dati incompleti (art. 16);<\/li>\n<li>cancellare i dati che La riguardano (art. 17);<\/li>\n<li>limitare l\u2019utilizzo dei dati nelle ipotesi di cui all\u2019art. 18;<\/li>\n<li>chiedere che Le venga prodotto un documento, anche in formato digitale, contenenti i Suoi dati ai fini della portabilit\u00e0 (art. 20);<\/li>\n<li>revocare il consenso al trattamento specifico. Tale revoca non preclude la liceit\u00e0 del trattamento effettuato in base al consenso prestato anteriormente alla revoca;<\/li>\n<li>proporre reclamo alle competenti autorit\u00e0.<\/li>\n<\/ul>\n<p>Con riguardo al diritto all\u2019opposizione, La informiamo che ha diritto di opporsi all\u2019utilizzo dei dati personali nelle ipotesi di cui all\u2019art. 21, ed in particolare:<\/p>\n<ul>\n<li>opporsi in qualsiasi momento, per motivi connessi alla Sua situazione particolare, al trattamento dei dati personali che La riguardano ai sensi dell\u2019articolo 6, paragrafo 1, lettere e) o f) del GDPR. In questo caso la Societ\u00e0 si asterr\u00e0 dal trattare ulteriormente i dati personali salvo l\u2019esistenza di motivi legittimi cogenti per procedere al trattamento che prevalgono sugli interessi, sui diritti e sulle libert\u00e0 dell\u2019interessato oppure per l\u2019accertamento, l\u2019esercizio o la difesa di un diritto in sede giudiziaria;<\/li>\n<li>se il trattamento \u00e8 finalizzato ad attivit\u00e0 di marketing potr\u00e0 opporsi in qualsiasi momento al trattamento, compresa la profilazione effettuata per questa finalit\u00e0.<\/li>\n<\/ul>\n<p>Con riguardo ai processi decisionali effettuati in modo informatizzato, ha diritto a non essere sottoposto ad una decisione basata esclusivamente sul trattamento automatizzato, compresa la profilazione, produttiva di effetti giuridici nei Suoi confronti.<\/p>\n<\/div>\n<\/div>\n<\/div>\n<\/section>\n\n  <\/div>\n\n<\/div><!-- .overit-block-wrapper -->\n<\/div><!-- .overit-block -->\n\n\n<div\n  class=\"overit-block overit-block--white overit-radius-full overit-no-margin overit-padding-medium \n  overit-block-post-content\"\n        >\n  \n  <div class=\"overit-block-wrapper\">\n\n<div class=\"overit-post-content\">\n      <h2 id=\"data_processing_detailed_info\">Dettagli sul trattamento dei Dati Personali<\/h2>\n<p>I Dati Personali sono raccolti per le seguenti finalit\u00e0 ed utilizzando i seguenti servizi:<\/p>\n\n  <\/div>\n\n<\/div><!-- .overit-block-wrapper -->\n<\/div><!-- .overit-block -->\n\n\n<div\n  class=\"overit-block overit-block--white overit-radius-full overit-no-margin overit-padding-medium \n  overit-block-iubenda\"\n        >\n  \n  <div class=\"overit-block-wrapper\">\n\n<div class=\"iubenda-content\" data-iubenda-entry=\"https:\/\/www.iubenda.com\/api\/privacy-policy\/80526132\/section\/data-processing-detailed-info\/no-markup\"><\/div>\n\n<\/div><!-- .overit-block-wrapper -->\n<\/div><!-- .overit-block -->\n\n\n<div\n  class=\"overit-block overit-block--white overit-radius-full overit-no-margin overit-padding-medium-bottom \n  overit-block-configurable-jumbotron\"\n        >\n  \n  <div class=\"overit-block-wrapper\">\n\n<section class=\"configurable-jumbotron center\" >\n    \n    \n                  <div class=\"cj-subtitle small\"><p>In caso di incongruenze o discrepanze tra la versione italiana e una qualsiasi altra versione linguistica della presente privacy policy, far\u00e0 fede la versione italiana.<\/p>\n<\/div>\n          \n        <\/section>\n\n<\/div><!-- .overit-block-wrapper -->\n<\/div><!-- .overit-block -->\n","protected":false},"excerpt":{"rendered":"","protected":false},"author":1,"featured_media":0,"parent":0,"menu_order":0,"comment_status":"closed","ping_status":"open","template":"","meta":{"_acf_changed":false,"footnotes":""},"case_study_category":[],"class_list":["post-3","page","type-page","status-publish","hentry"],"acf":[],"yoast_head":"<!-- This site is optimized with the Yoast SEO Premium plugin v25.6 (Yoast SEO v25.6) - https:\/\/yoast.com\/wordpress\/plugins\/seo\/ -->\n<title>Privacy Policy e di sicurezza, leggere attentamente<\/title>\n<meta name=\"description\" content=\"Privacy Policy e di sicurezza volte ad impedire l\u2019accesso, la divulgazione, la modifica o la distruzione non autorizzate dei Dati Personali.\" \/>\n<meta name=\"robots\" content=\"index, follow, max-snippet:-1, max-image-preview:large, max-video-preview:-1\" \/>\n<link rel=\"canonical\" href=\"https:\/\/www.overit.ai\/it\/privacy-policy\/\" \/>\n<meta property=\"og:locale\" content=\"it_IT\" \/>\n<meta property=\"og:type\" content=\"article\" \/>\n<meta property=\"og:title\" content=\"Privacy Policy\" \/>\n<meta property=\"og:description\" content=\"Privacy Policy e di sicurezza volte ad impedire l\u2019accesso, la divulgazione, la modifica o la distruzione non autorizzate dei Dati Personali.\" \/>\n<meta property=\"og:url\" content=\"https:\/\/www.overit.ai\/it\/privacy-policy\/\" \/>\n<meta property=\"og:site_name\" content=\"OverIT\" \/>\n<meta property=\"article:modified_time\" content=\"2025-12-12T10:43:22+00:00\" \/>\n<meta name=\"twitter:card\" content=\"summary_large_image\" \/>\n<meta name=\"twitter:label1\" content=\"Est. reading time\" \/>\n\t<meta name=\"twitter:data1\" content=\"9 minutes\" \/>\n<script type=\"application\/ld+json\" class=\"yoast-schema-graph\">{\"@context\":\"https:\/\/schema.org\",\"@graph\":[{\"@type\":\"WebPage\",\"@id\":\"https:\/\/www.overit.ai\/it\/privacy-policy\/\",\"url\":\"https:\/\/www.overit.ai\/it\/privacy-policy\/\",\"name\":\"Privacy Policy e di sicurezza, leggere attentamente\",\"isPartOf\":{\"@id\":\"https:\/\/www.overit.ai\/it\/#website\"},\"datePublished\":\"2020-09-17T08:06:31+00:00\",\"dateModified\":\"2025-12-12T10:43:22+00:00\",\"description\":\"Privacy Policy e di sicurezza volte ad impedire l\u2019accesso, la divulgazione, la modifica o la distruzione non autorizzate dei Dati Personali.\",\"breadcrumb\":{\"@id\":\"https:\/\/www.overit.ai\/it\/privacy-policy\/#breadcrumb\"},\"inLanguage\":\"it-IT\",\"potentialAction\":[{\"@type\":\"ReadAction\",\"target\":[\"https:\/\/www.overit.ai\/it\/privacy-policy\/\"]}]},{\"@type\":\"BreadcrumbList\",\"@id\":\"https:\/\/www.overit.ai\/it\/privacy-policy\/#breadcrumb\",\"itemListElement\":[{\"@type\":\"ListItem\",\"position\":1,\"name\":\"Home\",\"item\":\"https:\/\/www.overit.ai\/it\/\"},{\"@type\":\"ListItem\",\"position\":2,\"name\":\"Privacy Policy\"}]},{\"@type\":\"WebSite\",\"@id\":\"https:\/\/www.overit.ai\/it\/#website\",\"url\":\"https:\/\/www.overit.ai\/it\/\",\"name\":\"OverIT\",\"description\":\"Innovation in Field Service Management\",\"publisher\":{\"@id\":\"https:\/\/www.overit.ai\/it\/#organization\"},\"potentialAction\":[{\"@type\":\"SearchAction\",\"target\":{\"@type\":\"EntryPoint\",\"urlTemplate\":\"https:\/\/www.overit.ai\/it\/?s={search_term_string}\"},\"query-input\":{\"@type\":\"PropertyValueSpecification\",\"valueRequired\":true,\"valueName\":\"search_term_string\"}}],\"inLanguage\":\"it-IT\"},{\"@type\":\"Organization\",\"@id\":\"https:\/\/www.overit.ai\/it\/#organization\",\"name\":\"OverIT\",\"url\":\"https:\/\/www.overit.ai\/it\/\",\"logo\":{\"@type\":\"ImageObject\",\"inLanguage\":\"it-IT\",\"@id\":\"https:\/\/www.overit.ai\/it\/#\/schema\/logo\/image\/\",\"url\":\"https:\/\/www.overit.ai\/app\/uploads\/2021\/10\/OverIT-logo-400.png\",\"contentUrl\":\"https:\/\/www.overit.ai\/app\/uploads\/2021\/10\/OverIT-logo-400.png\",\"width\":400,\"height\":250,\"caption\":\"OverIT\"},\"image\":{\"@id\":\"https:\/\/www.overit.ai\/it\/#\/schema\/logo\/image\/\"}}]}<\/script>\n<!-- \/ Yoast SEO Premium plugin. -->","yoast_head_json":{"title":"Privacy Policy e di sicurezza, leggere attentamente","description":"Privacy Policy e di sicurezza volte ad impedire l\u2019accesso, la divulgazione, la modifica o la distruzione non autorizzate dei Dati Personali.","robots":{"index":"index","follow":"follow","max-snippet":"max-snippet:-1","max-image-preview":"max-image-preview:large","max-video-preview":"max-video-preview:-1"},"canonical":"https:\/\/www.overit.ai\/it\/privacy-policy\/","og_locale":"it_IT","og_type":"article","og_title":"Privacy Policy","og_description":"Privacy Policy e di sicurezza volte ad impedire l\u2019accesso, la divulgazione, la modifica o la distruzione non autorizzate dei Dati Personali.","og_url":"https:\/\/www.overit.ai\/it\/privacy-policy\/","og_site_name":"OverIT","article_modified_time":"2025-12-12T10:43:22+00:00","twitter_card":"summary_large_image","twitter_misc":{"Est. reading time":"9 minutes"},"schema":{"@context":"https:\/\/schema.org","@graph":[{"@type":"WebPage","@id":"https:\/\/www.overit.ai\/it\/privacy-policy\/","url":"https:\/\/www.overit.ai\/it\/privacy-policy\/","name":"Privacy Policy e di sicurezza, leggere attentamente","isPartOf":{"@id":"https:\/\/www.overit.ai\/it\/#website"},"datePublished":"2020-09-17T08:06:31+00:00","dateModified":"2025-12-12T10:43:22+00:00","description":"Privacy Policy e di sicurezza volte ad impedire l\u2019accesso, la divulgazione, la modifica o la distruzione non autorizzate dei Dati Personali.","breadcrumb":{"@id":"https:\/\/www.overit.ai\/it\/privacy-policy\/#breadcrumb"},"inLanguage":"it-IT","potentialAction":[{"@type":"ReadAction","target":["https:\/\/www.overit.ai\/it\/privacy-policy\/"]}]},{"@type":"BreadcrumbList","@id":"https:\/\/www.overit.ai\/it\/privacy-policy\/#breadcrumb","itemListElement":[{"@type":"ListItem","position":1,"name":"Home","item":"https:\/\/www.overit.ai\/it\/"},{"@type":"ListItem","position":2,"name":"Privacy Policy"}]},{"@type":"WebSite","@id":"https:\/\/www.overit.ai\/it\/#website","url":"https:\/\/www.overit.ai\/it\/","name":"OverIT","description":"Innovation in Field Service Management","publisher":{"@id":"https:\/\/www.overit.ai\/it\/#organization"},"potentialAction":[{"@type":"SearchAction","target":{"@type":"EntryPoint","urlTemplate":"https:\/\/www.overit.ai\/it\/?s={search_term_string}"},"query-input":{"@type":"PropertyValueSpecification","valueRequired":true,"valueName":"search_term_string"}}],"inLanguage":"it-IT"},{"@type":"Organization","@id":"https:\/\/www.overit.ai\/it\/#organization","name":"OverIT","url":"https:\/\/www.overit.ai\/it\/","logo":{"@type":"ImageObject","inLanguage":"it-IT","@id":"https:\/\/www.overit.ai\/it\/#\/schema\/logo\/image\/","url":"https:\/\/www.overit.ai\/app\/uploads\/2021\/10\/OverIT-logo-400.png","contentUrl":"https:\/\/www.overit.ai\/app\/uploads\/2021\/10\/OverIT-logo-400.png","width":400,"height":250,"caption":"OverIT"},"image":{"@id":"https:\/\/www.overit.ai\/it\/#\/schema\/logo\/image\/"}}]}},"_links":{"self":[{"href":"https:\/\/www.overit.ai\/it\/wp-json\/wp\/v2\/pages\/3","targetHints":{"allow":["GET"]}}],"collection":[{"href":"https:\/\/www.overit.ai\/it\/wp-json\/wp\/v2\/pages"}],"about":[{"href":"https:\/\/www.overit.ai\/it\/wp-json\/wp\/v2\/types\/page"}],"author":[{"embeddable":true,"href":"https:\/\/www.overit.ai\/it\/wp-json\/wp\/v2\/users\/1"}],"replies":[{"embeddable":true,"href":"https:\/\/www.overit.ai\/it\/wp-json\/wp\/v2\/comments?post=3"}],"version-history":[{"count":68,"href":"https:\/\/www.overit.ai\/it\/wp-json\/wp\/v2\/pages\/3\/revisions"}],"predecessor-version":[{"id":56749,"href":"https:\/\/www.overit.ai\/it\/wp-json\/wp\/v2\/pages\/3\/revisions\/56749"}],"wp:attachment":[{"href":"https:\/\/www.overit.ai\/it\/wp-json\/wp\/v2\/media?parent=3"}],"wp:term":[{"taxonomy":"case_study_category","embeddable":true,"href":"https:\/\/www.overit.ai\/it\/wp-json\/wp\/v2\/case_study_category?post=3"}],"curies":[{"name":"wp","href":"https:\/\/api.w.org\/{rel}","templated":true}]}}