{"id":24611,"date":"2021-12-03T15:01:04","date_gmt":"2021-12-03T15:01:04","guid":{"rendered":"https:\/\/www.overit.ai\/it\/?page_id=24611"},"modified":"2022-03-22T14:27:56","modified_gmt":"2022-03-22T14:27:56","slug":"gartner-magic-quadrant-for-field-service-management-2021","status":"publish","type":"page","link":"https:\/\/www.overit.ai\/it\/report-analisti\/gartner\/gartner-magic-quadrant-for-field-service-management-2021\/","title":{"rendered":"Gartner &#8211; Magic Quadrant for Field Service Management 2021"},"content":{"rendered":"<div\n  class=\"overit-block overit-block--white overit-radius-full overit-no-margin overit-no-padding \n  overit-block-full-width-top-banner\"\n        >\n  \n  <div class=\"overit-block-wrapper\">\n\n\n<section class=\"block-fwtb\">\n  <div class=\"block-fwtb__bg \">\n    <div class=\"block-fwtb__content block-fwtb__content--light\">\n                        <div class=\"block-fwtb__title\" data-aos=\"zoom-in\">GARTNER<\/div>\n                                              <h1 class=\"block-fwtb__subtitle \" data-aos=\"zoom-in\" data-aos-delay=\"200\">Magic Quadrant for Field Service Management 2021<\/h1>\n                        <\/div>\n          <div class=\"block-fwtb__bg_image\" style=\"background: linear-gradient(0deg, rgba(0, 0, 0, 0.4), rgba(0, 0, 0, 0.4)), url('https:\/\/www.overit.ai\/app\/uploads\/2021\/11\/gartner-magic-quadrant-2021.jpg') center center\"><\/div>\n      <\/div>\n<\/section>\n\n<\/div><!-- .overit-block-wrapper -->\n<\/div><!-- .overit-block -->\n\n\n<div\n  class=\"overit-block overit-block--white overit-radius-full overit-margin-small overit-padding-small \n  overit-block-configurable-jumbotron\"\n        >\n  \n  <div class=\"overit-block-wrapper\">\n\n<section class=\"configurable-jumbotron left\" >\n    \n                  <h2  class=\"cj-title large\">OverIT \u00e8 stata nominata per la terza volta consecutiva tra i \u201cVisionary\u201d del Magic Quadrant for Field Service Management di Gartner<sup>\u00ae<\/sup>, redatto da Jim Robinson e Naved Rashid il 31 agosto 2021.<\/h2 >\n          \n                  <div class=\"cj-subtitle medium\"><p>Secondo il report, \u201cle posizioni dei vendor in questo Magic Quadrant rispecchiano le nuove aspettative dei clienti in ambiti quali la collaborazione attraverso la Realt\u00e0 Aumentata, la raccolta di informazioni, i controlli di qualit\u00e0 guidati dall\u2019AI e l\u2019assistenza eseguita direttamente dai clienti finali. Nella valutazione dei vendor, va ricercato l\u2019effettivo miglioramento dei risultati aziendali grazie al supporto dei tecnici\u201d.<\/p>\n<p>Affidandoci a tecnologie innovative come la Realt\u00e0 Aumentata e l&#8217;Intelligenza Artificiale per ottimizzare le attivit\u00e0 sul campo, stiamo costantemente estendendo le nostre funzionalit\u00e0 di FSM. Il know-how acquisito in oltre 20 anni di esperienza operativa ci permette di essere in anticipo sul mercato quando le innovazioni tecnologiche presentano nuove opportunit\u00e0. Forti di una crescita costante nello scenario mondiale, siamo in grado di supportare centinaia di aziende in tutto il mondo nel trasformare i loro processi, rendendoci precursori di una nuova era del Field Service Management, caratterizzata da una consuntivazione degli incarichi completamente a mani libere. Contiamo di proseguire nel miglioramento delle prestazioni operative e della soddisfazione del cliente, senza perdere di vista la riduzione dei costi.<\/p>\n<\/div>\n          \n        <\/section>\n\n<\/div><!-- .overit-block-wrapper -->\n<\/div><!-- .overit-block -->\n\n\n<div\n  class=\"overit-block overit-block--white overit-radius-full overit-no-margin overit-padding-medium-bottom \n  overit-block-customer-disclaimer\"\n        >\n  \n  <div class=\"overit-block-wrapper\">\n\n<div class=\"cdisclaimer\">\n  <div class=\"cdisclaimer__bg\">&nbsp;<\/div>\n  <div class=\"cdisclaimer__content\">\n    <div class=\"cdisclaimer__title-cont\">\n      <div class=\"cdisclaimer__img\">\n        <img decoding=\"async\" src=\"https:\/\/www.overit.ai\/app\/themes\/overit-theme\/dist\/images\/citation_d93c975a.svg\" alt=\"citation symbol\" \/>\n      <\/div>\n      <div class=\"cdisclaimer__title\">\n        Disclaimer di Gartner\n      <\/div>\n    <\/div>\n    <div class=\"cdisclaimer__description\" data-aos=\"fade-left\">\n      <p>Gartner non appoggia alcun fornitore, prodotto o servizio descritto nelle sue pubblicazioni di ricerca, e non mira a indirizzare gli utenti di tecnologie nella scelta dei fornitori sulla base di punteggi pi\u00f9 elevati o di altre valutazioni. Le pubblicazioni di ricerca di Gartner vanno intese come mere opinioni dell\u2019organizzazione di ricerca e non devono essere interpretate come affermazioni di fatto. Gartner non fornisce alcuna garanzia, espressa o implicita, relativamente a questa ricerca, inclusa qualsiasi garanzia di commerciabilit\u00e0 o idoneit\u00e0 per scopi specifici.<\/p>\n\n    <\/div>\n  <\/div>\n<\/div>\n\n<\/div><!-- .overit-block-wrapper -->\n<\/div><!-- .overit-block -->\n\n\n<div\n  class=\"overit-block overit-block--white overit-radius-full overit-margin-small-top overit-no-padding \n  overit-block-configurable-jumbotron\"\n        >\n  \n  <div class=\"overit-block-wrapper\">\n\n<section class=\"configurable-jumbotron center\" >\n                  <div class=\"cj-section-title\">REPORT DEGLI ANALISTI<\/div>\n          \n                  <h3  class=\"cj-title medium\">OverIT si impegna per essere riconosciuta come azienda innovativa nel settore del Field Service Management. Siamo orgogliosi di essere menzionati nei report delle societ\u00e0 di consulenza e ricerca IT leader a livello mondiale.<\/h3 >\n          \n                  <div class=\"cj-subtitle medium\"><p>Vuoi sapere di pi\u00f9 sulle principali societ\u00e0 di consulenza e ricerca IT? Dai un&#8217;occhiata ai loro report su OverIT.<\/p>\n<\/div>\n          \n        <\/section>\n\n<\/div><!-- .overit-block-wrapper -->\n<\/div><!-- .overit-block -->\n\n\n<div\n  class=\"overit-block overit-block--white overit-radius-full overit-no-margin overit-padding-medium \n  overit-block-industries-sections\"\n        >\n  \n  <div class=\"overit-block-wrapper\">\n\n  <div class=\"industries-tiles\">\n     \n              <a class=\"industries-tiles__link \" href=\"\/it\/report-analisti\/gartner\/\">\n          <div class=\"industries-tiles__tile\">\n                <div class=\"industries-tiles__title\">\n          Vai ai Report di Gartner\n        <\/div>\n      <\/div>\n          <\/a>\n         \n              <a class=\"industries-tiles__link \" href=\"\/it\/report-analisti\/idc\/\">\n          <div class=\"industries-tiles__tile\">\n                <div class=\"industries-tiles__title\">\n          Vai ai Report di IDC\n        <\/div>\n      <\/div>\n          <\/a>\n         \n              <a class=\"industries-tiles__link \" href=\"\/it\/report-analisti\/forrester\/\">\n          <div class=\"industries-tiles__tile\">\n                <div class=\"industries-tiles__title\">\n          Vai ai Report di Forrester\n        <\/div>\n      <\/div>\n          <\/a>\n         \n              <a class=\"industries-tiles__link \" href=\"\/it\/report-analisti\/constellation-research\/\">\n          <div class=\"industries-tiles__tile\">\n                <div class=\"industries-tiles__title\">\n          Vai ai Report di Constellation Research\n        <\/div>\n      <\/div>\n          <\/a>\n          <\/div>\n\n<\/div><!-- .overit-block-wrapper -->\n<\/div><!-- .overit-block -->\n","protected":false},"excerpt":{"rendered":"","protected":false},"author":3,"featured_media":24277,"parent":272,"menu_order":0,"comment_status":"closed","ping_status":"closed","template":"","meta":{"_acf_changed":false,"footnotes":""},"case_study_category":[],"class_list":["post-24611","page","type-page","status-publish","has-post-thumbnail","hentry"],"acf":[],"yoast_head":"<!-- This site is optimized with the Yoast SEO Premium plugin v25.6 (Yoast SEO v25.6) - https:\/\/yoast.com\/wordpress\/plugins\/seo\/ -->\n<title>Gartner: OverIT Magic Quadrant for FSM 2021<\/title>\n<meta name=\"description\" content=\"OverIT \u00e8 stata nominata per la terza volta consecutiva tra i \u201cVisionary\u201d del Magic Quadrant for FSM di Gartner\u00ae, redatto il 31 agosto 2021.\" \/>\n<meta name=\"robots\" content=\"index, follow, max-snippet:-1, max-image-preview:large, max-video-preview:-1\" \/>\n<link rel=\"canonical\" href=\"https:\/\/www.overit.ai\/it\/report-analisti\/gartner\/gartner-magic-quadrant-for-field-service-management-2021\/\" \/>\n<meta property=\"og:locale\" content=\"it_IT\" \/>\n<meta property=\"og:type\" content=\"article\" \/>\n<meta property=\"og:title\" content=\"Gartner - Magic Quadrant for Field Service Management 2021\" \/>\n<meta property=\"og:description\" content=\"OverIT \u00e8 stata nominata per la terza volta consecutiva tra i \u201cVisionary\u201d del Magic Quadrant for FSM di Gartner\u00ae, redatto il 31 agosto 2021.\" \/>\n<meta property=\"og:url\" content=\"https:\/\/www.overit.ai\/it\/report-analisti\/gartner\/gartner-magic-quadrant-for-field-service-management-2021\/\" \/>\n<meta property=\"og:site_name\" content=\"OverIT\" \/>\n<meta property=\"article:modified_time\" content=\"2022-03-22T14:27:56+00:00\" \/>\n<meta property=\"og:image\" content=\"https:\/\/www.overit.ai\/app\/uploads\/2021\/11\/gartner-magic-quadrant-2021.jpg\" \/>\n\t<meta property=\"og:image:width\" content=\"1800\" \/>\n\t<meta property=\"og:image:height\" content=\"1200\" \/>\n\t<meta property=\"og:image:type\" content=\"image\/jpeg\" \/>\n<meta name=\"twitter:card\" content=\"summary_large_image\" \/>\n<script type=\"application\/ld+json\" class=\"yoast-schema-graph\">{\"@context\":\"https:\/\/schema.org\",\"@graph\":[{\"@type\":\"WebPage\",\"@id\":\"https:\/\/www.overit.ai\/it\/report-analisti\/gartner\/gartner-magic-quadrant-for-field-service-management-2021\/\",\"url\":\"https:\/\/www.overit.ai\/it\/report-analisti\/gartner\/gartner-magic-quadrant-for-field-service-management-2021\/\",\"name\":\"Gartner: OverIT Magic Quadrant for FSM 2021\",\"isPartOf\":{\"@id\":\"https:\/\/www.overit.ai\/it\/#website\"},\"primaryImageOfPage\":{\"@id\":\"https:\/\/www.overit.ai\/it\/report-analisti\/gartner\/gartner-magic-quadrant-for-field-service-management-2021\/#primaryimage\"},\"image\":{\"@id\":\"https:\/\/www.overit.ai\/it\/report-analisti\/gartner\/gartner-magic-quadrant-for-field-service-management-2021\/#primaryimage\"},\"thumbnailUrl\":\"https:\/\/www.overit.ai\/app\/uploads\/2021\/11\/gartner-magic-quadrant-2021.jpg\",\"datePublished\":\"2021-12-03T15:01:04+00:00\",\"dateModified\":\"2022-03-22T14:27:56+00:00\",\"description\":\"OverIT \u00e8 stata nominata per la terza volta consecutiva tra i \u201cVisionary\u201d del Magic Quadrant for FSM di Gartner\u00ae, redatto il 31 agosto 2021.\",\"breadcrumb\":{\"@id\":\"https:\/\/www.overit.ai\/it\/report-analisti\/gartner\/gartner-magic-quadrant-for-field-service-management-2021\/#breadcrumb\"},\"inLanguage\":\"it-IT\",\"potentialAction\":[{\"@type\":\"ReadAction\",\"target\":[\"https:\/\/www.overit.ai\/it\/report-analisti\/gartner\/gartner-magic-quadrant-for-field-service-management-2021\/\"]}]},{\"@type\":\"ImageObject\",\"inLanguage\":\"it-IT\",\"@id\":\"https:\/\/www.overit.ai\/it\/report-analisti\/gartner\/gartner-magic-quadrant-for-field-service-management-2021\/#primaryimage\",\"url\":\"https:\/\/www.overit.ai\/app\/uploads\/2021\/11\/gartner-magic-quadrant-2021.jpg\",\"contentUrl\":\"https:\/\/www.overit.ai\/app\/uploads\/2021\/11\/gartner-magic-quadrant-2021.jpg\",\"width\":1800,\"height\":1200,\"caption\":\"Gartner Magic Quadrant 2021\"},{\"@type\":\"BreadcrumbList\",\"@id\":\"https:\/\/www.overit.ai\/it\/report-analisti\/gartner\/gartner-magic-quadrant-for-field-service-management-2021\/#breadcrumb\",\"itemListElement\":[{\"@type\":\"ListItem\",\"position\":1,\"name\":\"Home\",\"item\":\"https:\/\/www.overit.ai\/it\/\"},{\"@type\":\"ListItem\",\"position\":2,\"name\":\"Report degli Analisti\",\"item\":\"https:\/\/www.overit.ai\/it\/report-analisti\/\"},{\"@type\":\"ListItem\",\"position\":3,\"name\":\"Gartner\",\"item\":\"https:\/\/www.overit.ai\/it\/report-analisti\/gartner\/\"},{\"@type\":\"ListItem\",\"position\":4,\"name\":\"Gartner &#8211; Magic Quadrant for Field Service Management 2021\"}]},{\"@type\":\"WebSite\",\"@id\":\"https:\/\/www.overit.ai\/it\/#website\",\"url\":\"https:\/\/www.overit.ai\/it\/\",\"name\":\"OverIT\",\"description\":\"Innovation in Field Service Management\",\"publisher\":{\"@id\":\"https:\/\/www.overit.ai\/it\/#organization\"},\"potentialAction\":[{\"@type\":\"SearchAction\",\"target\":{\"@type\":\"EntryPoint\",\"urlTemplate\":\"https:\/\/www.overit.ai\/it\/?s={search_term_string}\"},\"query-input\":{\"@type\":\"PropertyValueSpecification\",\"valueRequired\":true,\"valueName\":\"search_term_string\"}}],\"inLanguage\":\"it-IT\"},{\"@type\":\"Organization\",\"@id\":\"https:\/\/www.overit.ai\/it\/#organization\",\"name\":\"OverIT\",\"url\":\"https:\/\/www.overit.ai\/it\/\",\"logo\":{\"@type\":\"ImageObject\",\"inLanguage\":\"it-IT\",\"@id\":\"https:\/\/www.overit.ai\/it\/#\/schema\/logo\/image\/\",\"url\":\"https:\/\/www.overit.ai\/app\/uploads\/2021\/10\/OverIT-logo-400.png\",\"contentUrl\":\"https:\/\/www.overit.ai\/app\/uploads\/2021\/10\/OverIT-logo-400.png\",\"width\":400,\"height\":250,\"caption\":\"OverIT\"},\"image\":{\"@id\":\"https:\/\/www.overit.ai\/it\/#\/schema\/logo\/image\/\"}}]}<\/script>\n<!-- \/ Yoast SEO Premium plugin. -->","yoast_head_json":{"title":"Gartner: OverIT Magic Quadrant for FSM 2021","description":"OverIT \u00e8 stata nominata per la terza volta consecutiva tra i \u201cVisionary\u201d del Magic Quadrant for FSM di Gartner\u00ae, redatto il 31 agosto 2021.","robots":{"index":"index","follow":"follow","max-snippet":"max-snippet:-1","max-image-preview":"max-image-preview:large","max-video-preview":"max-video-preview:-1"},"canonical":"https:\/\/www.overit.ai\/it\/report-analisti\/gartner\/gartner-magic-quadrant-for-field-service-management-2021\/","og_locale":"it_IT","og_type":"article","og_title":"Gartner - Magic Quadrant for Field Service Management 2021","og_description":"OverIT \u00e8 stata nominata per la terza volta consecutiva tra i \u201cVisionary\u201d del Magic Quadrant for FSM di Gartner\u00ae, redatto il 31 agosto 2021.","og_url":"https:\/\/www.overit.ai\/it\/report-analisti\/gartner\/gartner-magic-quadrant-for-field-service-management-2021\/","og_site_name":"OverIT","article_modified_time":"2022-03-22T14:27:56+00:00","og_image":[{"width":1800,"height":1200,"url":"https:\/\/www.overit.ai\/app\/uploads\/2021\/11\/gartner-magic-quadrant-2021.jpg","type":"image\/jpeg"}],"twitter_card":"summary_large_image","schema":{"@context":"https:\/\/schema.org","@graph":[{"@type":"WebPage","@id":"https:\/\/www.overit.ai\/it\/report-analisti\/gartner\/gartner-magic-quadrant-for-field-service-management-2021\/","url":"https:\/\/www.overit.ai\/it\/report-analisti\/gartner\/gartner-magic-quadrant-for-field-service-management-2021\/","name":"Gartner: OverIT Magic Quadrant for FSM 2021","isPartOf":{"@id":"https:\/\/www.overit.ai\/it\/#website"},"primaryImageOfPage":{"@id":"https:\/\/www.overit.ai\/it\/report-analisti\/gartner\/gartner-magic-quadrant-for-field-service-management-2021\/#primaryimage"},"image":{"@id":"https:\/\/www.overit.ai\/it\/report-analisti\/gartner\/gartner-magic-quadrant-for-field-service-management-2021\/#primaryimage"},"thumbnailUrl":"https:\/\/www.overit.ai\/app\/uploads\/2021\/11\/gartner-magic-quadrant-2021.jpg","datePublished":"2021-12-03T15:01:04+00:00","dateModified":"2022-03-22T14:27:56+00:00","description":"OverIT \u00e8 stata nominata per la terza volta consecutiva tra i \u201cVisionary\u201d del Magic Quadrant for FSM di Gartner\u00ae, redatto il 31 agosto 2021.","breadcrumb":{"@id":"https:\/\/www.overit.ai\/it\/report-analisti\/gartner\/gartner-magic-quadrant-for-field-service-management-2021\/#breadcrumb"},"inLanguage":"it-IT","potentialAction":[{"@type":"ReadAction","target":["https:\/\/www.overit.ai\/it\/report-analisti\/gartner\/gartner-magic-quadrant-for-field-service-management-2021\/"]}]},{"@type":"ImageObject","inLanguage":"it-IT","@id":"https:\/\/www.overit.ai\/it\/report-analisti\/gartner\/gartner-magic-quadrant-for-field-service-management-2021\/#primaryimage","url":"https:\/\/www.overit.ai\/app\/uploads\/2021\/11\/gartner-magic-quadrant-2021.jpg","contentUrl":"https:\/\/www.overit.ai\/app\/uploads\/2021\/11\/gartner-magic-quadrant-2021.jpg","width":1800,"height":1200,"caption":"Gartner Magic Quadrant 2021"},{"@type":"BreadcrumbList","@id":"https:\/\/www.overit.ai\/it\/report-analisti\/gartner\/gartner-magic-quadrant-for-field-service-management-2021\/#breadcrumb","itemListElement":[{"@type":"ListItem","position":1,"name":"Home","item":"https:\/\/www.overit.ai\/it\/"},{"@type":"ListItem","position":2,"name":"Report degli Analisti","item":"https:\/\/www.overit.ai\/it\/report-analisti\/"},{"@type":"ListItem","position":3,"name":"Gartner","item":"https:\/\/www.overit.ai\/it\/report-analisti\/gartner\/"},{"@type":"ListItem","position":4,"name":"Gartner &#8211; Magic Quadrant for Field Service Management 2021"}]},{"@type":"WebSite","@id":"https:\/\/www.overit.ai\/it\/#website","url":"https:\/\/www.overit.ai\/it\/","name":"OverIT","description":"Innovation in Field Service Management","publisher":{"@id":"https:\/\/www.overit.ai\/it\/#organization"},"potentialAction":[{"@type":"SearchAction","target":{"@type":"EntryPoint","urlTemplate":"https:\/\/www.overit.ai\/it\/?s={search_term_string}"},"query-input":{"@type":"PropertyValueSpecification","valueRequired":true,"valueName":"search_term_string"}}],"inLanguage":"it-IT"},{"@type":"Organization","@id":"https:\/\/www.overit.ai\/it\/#organization","name":"OverIT","url":"https:\/\/www.overit.ai\/it\/","logo":{"@type":"ImageObject","inLanguage":"it-IT","@id":"https:\/\/www.overit.ai\/it\/#\/schema\/logo\/image\/","url":"https:\/\/www.overit.ai\/app\/uploads\/2021\/10\/OverIT-logo-400.png","contentUrl":"https:\/\/www.overit.ai\/app\/uploads\/2021\/10\/OverIT-logo-400.png","width":400,"height":250,"caption":"OverIT"},"image":{"@id":"https:\/\/www.overit.ai\/it\/#\/schema\/logo\/image\/"}}]}},"_links":{"self":[{"href":"https:\/\/www.overit.ai\/it\/wp-json\/wp\/v2\/pages\/24611","targetHints":{"allow":["GET"]}}],"collection":[{"href":"https:\/\/www.overit.ai\/it\/wp-json\/wp\/v2\/pages"}],"about":[{"href":"https:\/\/www.overit.ai\/it\/wp-json\/wp\/v2\/types\/page"}],"author":[{"embeddable":true,"href":"https:\/\/www.overit.ai\/it\/wp-json\/wp\/v2\/users\/3"}],"replies":[{"embeddable":true,"href":"https:\/\/www.overit.ai\/it\/wp-json\/wp\/v2\/comments?post=24611"}],"version-history":[{"count":15,"href":"https:\/\/www.overit.ai\/it\/wp-json\/wp\/v2\/pages\/24611\/revisions"}],"predecessor-version":[{"id":28886,"href":"https:\/\/www.overit.ai\/it\/wp-json\/wp\/v2\/pages\/24611\/revisions\/28886"}],"up":[{"embeddable":true,"href":"https:\/\/www.overit.ai\/it\/wp-json\/wp\/v2\/pages\/272"}],"wp:featuredmedia":[{"embeddable":true,"href":"https:\/\/www.overit.ai\/it\/wp-json\/wp\/v2\/media\/24277"}],"wp:attachment":[{"href":"https:\/\/www.overit.ai\/it\/wp-json\/wp\/v2\/media?parent=24611"}],"wp:term":[{"taxonomy":"case_study_category","embeddable":true,"href":"https:\/\/www.overit.ai\/it\/wp-json\/wp\/v2\/case_study_category?post=24611"}],"curies":[{"name":"wp","href":"https:\/\/api.w.org\/{rel}","templated":true}]}}