{"id":1999,"date":"2020-12-03T11:05:04","date_gmt":"2020-12-03T11:05:04","guid":{"rendered":"https:\/\/www.overit.ai\/it\/?page_id=1999"},"modified":"2026-03-19T14:54:04","modified_gmt":"2026-03-19T14:54:04","slug":"2i-rete-gas-progetto-workforce-management","status":"publish","type":"page","link":"https:\/\/www.overit.ai\/it\/clienti\/casi-di-successo\/2i-rete-gas-progetto-workforce-management\/","title":{"rendered":"2i Rete Gas &#8211; Progetto Workforce Management"},"content":{"rendered":"<div\n  class=\"overit-block overit-block--white overit-radius-none overit-margin-small-bottom overit-no-padding \n  overit-block-customer-page-header\"\n        >\n  \n  <div class=\"overit-block-wrapper\">\n\n<div class=\"cph\">\n  \n    <div class=\"cph_slogan-cont\" style=\"background: linear-gradient(0deg, rgba(0, 0, 0, 0.35), rgba(0, 0, 0, 0.35)), url('https:\/\/www.overit.ai\/app\/uploads\/2020\/12\/21-rete-gas-caso.jpg') center center\">\n                  <div class=\"cph__section-title\">2i RETE GAS<\/div>\n                                    <h1 class=\"cph__slogan\">Gestione degli ordini di intervento e manutenzione<\/h1>\n            <\/div>\n  <div class=\"cph__customer-section\" data-aos=\"fade-up\">\n    <div class=\"cph__customer-desc-cont\">\n                    <img decoding=\"async\" class=\"cph__customer-logo\" src=\"https:\/\/www.overit.ai\/app\/uploads\/2020\/12\/2i-rete-gas-logo.png\" alt=\"2i-rete-gas-logo\" width=\"400\" height=\"100\" \/>\n            <div class=\"cph__customer-desc\">\n        <p>2i Rete Gas si occupa della distribuzione di gas naturale per usi civili e industriali.<br \/>\n\u00c8 il secondo operatore nazionale indipendente nel settore con circa 66.000 km di rete gestita e 4,3 milioni di utenti serviti.<\/p>\n\n      <\/div>\n    <\/div>\n    <div class=\"cph__customer-facts\">\n              <div class=\"cph__facts-title\">INFORMAZIONI CHIAVE<\/div>\n        <div class=\"cph__facts\">\n                     <div class=\"cph__fact-cont\">\n            <div class=\"cph__fact-label\">\n              Settore\n            <\/div>\n            <div class=\"cph__fact\">\n              Oil &amp; Gas\n            <\/div>\n          <\/div>\n                     <div class=\"cph__fact-cont\">\n            <div class=\"cph__fact-label\">\n              Area geografica\n            <\/div>\n            <div class=\"cph__fact\">\n              EMEA\n            <\/div>\n          <\/div>\n                     <div class=\"cph__fact-cont\">\n            <div class=\"cph__fact-label\">\n              Website\n            <\/div>\n            <div class=\"cph__fact\">\n              2iretegas.it\n            <\/div>\n          <\/div>\n                     <div class=\"cph__fact-cont\">\n            <div class=\"cph__fact-label\">\n              Tecnici coinvolti\n            <\/div>\n            <div class=\"cph__fact\">\n              1.000+\n            <\/div>\n          <\/div>\n                  <\/div>\n          <\/div>\n  <\/div>\n<\/div>\n\n<\/div><!-- .overit-block-wrapper -->\n<\/div><!-- .overit-block -->\n\n\n<div\n  class=\"overit-block overit-block--white overit-radius-full overit-no-margin overit-padding-small overit-block--fullwidth\n  overit-block-configurable-jumbotron\"\n        >\n  \n  <div class=\"overit-block-wrapper\">\n\n<section class=\"configurable-jumbotron left\" >\n                  <h3 class=\"cj-section-title\">ESIGENZE DEL CLIENTE<\/h3>\n          \n                  <div class=\"cj-title medium\">Gestione delle attivit\u00e0 di Field Service<\/div>\n          \n                  <div class=\"cj-subtitle small\"><p>La necessit\u00e0 del cliente era quella di dotarsi di una soluzione di Field Service Management per effettuare la gestione tecnica degli ordini di intervento e delle attivit\u00e0 di manutenzione nell\u2019ambito delle operation.<\/p>\n<\/div>\n          \n        <\/section>\n\n<\/div><!-- .overit-block-wrapper -->\n<\/div><!-- .overit-block -->\n\n\n<div\n  class=\"overit-block overit-block--white overit-radius-full  overit-no-padding \n  overit-block-separator\"\n        >\n  \n  <div class=\"overit-block-wrapper\">\n\n<div class=\"overit-separator overit-separator--boxed\">\n  <hr\/>\n<\/div>\n\n<\/div><!-- .overit-block-wrapper -->\n<\/div><!-- .overit-block -->\n\n\n<div\n  class=\"overit-block overit-block--white overit-radius-full overit-no-margin overit-padding-medium overit-block--fullwidth\n  overit-block-configurable-jumbotron\"\n        >\n  \n  <div class=\"overit-block-wrapper\">\n\n<section class=\"configurable-jumbotron left\" >\n                  <h3 class=\"cj-section-title\">LA NOSTRA SOLUZIONE<\/h3>\n          \n                  <div class=\"cj-title medium\">La soluzione di OverIT, il prodotto leader per la gestione delle attivit\u00e0 di Field Service nel mondo Oil &amp; Gas<\/div>\n          \n                  <div class=\"cj-subtitle small\"><p>Il cliente 2i Rete Gas sfrutta una serie di funzionalit\u00e0 che permettono di acquisire da sistemi esterni i dati su struttura impiantistica e lavori da eseguire, i quali vengono poi integrati con la soluzione di OverIT per la gestione del pronto intervento, della manutenzione programmata e straordinaria, delle attivit\u00e0 presso la clientela e dell\u2019agenda per il booking.<\/p>\n<p>L\u2019applicazione, inoltre, consente di gestire attivit\u00e0 e ispezioni effettuate in cantiere, assegnando al personale sul campo e alle imprese esterne le attivit\u00e0 programmate direttamente sui loro dispositivi e secondo parametri basati sull\u2019organizzazione territoriale, sulla disponibilit\u00e0 e sulle competenze delle risorse. Grazie alle funzionalit\u00e0 Mobile, i tecnici possono confermare la propria presenza sul luogo di lavoro, prendere in carico e consuntivare l\u2019attivit\u00e0, ricevendo anche alert sull\u2019uso corretto dei DPI previsti.<\/p>\n<p>L\u2019esecuzione delle attivit\u00e0 \u00e8 attestata mediante la compilazione di schede raccolta dati e pu\u00f2 essere certificata anche dal cliente tramite firma grafometrica. Con l\u2019ausilio di funzionalit\u00e0 server e Mobile, la soluzione di OverIT permette anche la gestione delle consuntivazioni giornaliere dei tecnici in campo e l\u2019integrazione con i moduli SAP HR e CS per il relativo riconoscimento economico.<\/p>\n<\/div>\n          \n        <\/section>\n\n<\/div><!-- .overit-block-wrapper -->\n<\/div><!-- .overit-block -->\n\n\n<div\n  class=\"overit-block overit-block--white overit-radius-full  overit-no-padding \n  overit-block-separator\"\n        >\n  \n  <div class=\"overit-block-wrapper\">\n\n<div class=\"overit-separator overit-separator--boxed\">\n  <hr\/>\n<\/div>\n\n<\/div><!-- .overit-block-wrapper -->\n<\/div><!-- .overit-block -->\n\n\n<div\n  class=\"overit-block overit-block--white overit-radius-full overit-no-margin overit-padding-small overit-block--fullwidth\n  overit-block-configurable-jumbotron\"\n        >\n  \n  <div class=\"overit-block-wrapper\">\n\n<section class=\"configurable-jumbotron left\" >\n                  <h3 class=\"cj-section-title\">BENEFICI<\/h3>\n          \n                  <div class=\"cj-title medium\">Centralizzazione delle operation per migliorare produttivit\u00e0 e sicurezza<\/div>\n          \n    \n        <\/section>\n\n<\/div><!-- .overit-block-wrapper -->\n<\/div><!-- .overit-block -->\n\n\n<div\n  class=\"overit-block overit-block--white overit-radius-full overit-margin-medium-bottom overit-no-padding \n  overit-block-multi-info-cards\"\n        >\n  \n  <div class=\"overit-block-wrapper\">\n\n<div class=\"info-cards info-cards--3 info-cards--align-\">\n        <div class=\"info-cards__sections \">\n                  <div class=\"info-card info-card--3\n                    info-card--without-icon\n          \n          info-card--top-line\n        \">\n        <div class=\"info-card-inner\">\n                                                      <div class=\"info-card__description\" >\n              <p>Sistema unico per la gestione delle funzionalit\u00e0 core delle operation<\/p>\n\n            <\/div>\n                  <\/div>\n      <\/div>\n                  <div class=\"info-card info-card--3\n                    info-card--without-icon\n          \n          info-card--top-line\n        \">\n        <div class=\"info-card-inner\">\n                                                      <div class=\"info-card__description\" >\n              <p>Possibilit\u00e0 di integrazione con sistemi esterni<\/p>\n\n            <\/div>\n                  <\/div>\n      <\/div>\n                  <div class=\"info-card info-card--3\n                    info-card--without-icon\n          \n          info-card--top-line\n        \">\n        <div class=\"info-card-inner\">\n                                                      <div class=\"info-card__description\" >\n              <p>Semplicit\u00e0 di interazione tra dispositivi Mobile e misuratori<\/p>\n\n            <\/div>\n                  <\/div>\n      <\/div>\n                  <div class=\"info-card info-card--3\n                    info-card--without-icon\n          \n          info-card--top-line\n        \">\n        <div class=\"info-card-inner\">\n                                                      <div class=\"info-card__description\" >\n              <p>Incremento della produttivit\u00e0 delle risorse<\/p>\n\n            <\/div>\n                  <\/div>\n      <\/div>\n                  <div class=\"info-card info-card--3\n                    info-card--without-icon\n          \n          info-card--top-line\n        \">\n        <div class=\"info-card-inner\">\n                                                      <div class=\"info-card__description\" >\n              <p>Maggiore sicurezza sul lavoro per gli operatori<\/p>\n\n            <\/div>\n                  <\/div>\n      <\/div>\n          <\/div>\n  <\/div>\n\n<\/div><!-- .overit-block-wrapper -->\n<\/div><!-- .overit-block -->\n\n\n<div\n  class=\"overit-block overit-block--white overit-radius-full overit-no-margin overit-padding-medium \n  overit-block-customer-stories\"\n        >\n  \n  <div class=\"overit-block-wrapper\">\n\n<div class=\"posts-slider\">\n  <div class=\"post-cards-cont\">\n    <section class=\"post-cards\">\n              <div class=\"post-cards__header\">\n          <div class=\"post-cards__header-content\">\n            \n                          <div class=\"category-link\">Altre storie di successo<\/div>\n              <div class=\"visit-link\">Scopri come abbiamo aiutato altre aziende a crescere, innovare e ottenere risultati concreti<\/div>\n                      <\/div>\n          <button class=\"arrow-prev\" aria-label=\"Contenuto precedente\"><\/button>\n          <button class=\"arrow-next\" aria-label=\"Contenuto successivo\"><\/button>\n        <\/div>\n            <div class=\"post-cards__body post-cards__body--with-arrows news-cards\">\n                   <div class=\"post-card \">\n                                    <a class=\"post-card__image\" style=\"--aspect-ratio:18\/10;--aspect-ratio-desktop:18\/10;\" href=\"https:\/\/www.overit.ai\/it\/clienti\/casi-di-successo\/camuzzi-gas-progetto-wfm\/\">\n              <img decoding=\"async\" src=\"https:\/\/www.overit.ai\/app\/uploads\/2020\/12\/camuzzi-gas-progetto-wfm-768x512.jpg\" alt=\"Camuzzi Gas &#8211; Progetto WFM\" width=\"768\" height=\"512\">\n            <\/a>\n                        <div class=\"post-card__body\">\n              <a class=\"post-card__body-cont\" href=\"https:\/\/www.overit.ai\/it\/clienti\/casi-di-successo\/camuzzi-gas-progetto-wfm\/\" title=\"Camuzzi Gas &#8211; Progetto WFM\">\n                <h2 class=\"post-card__title\">Camuzzi Gas &#8211; Progetto WFM<\/h2>\n              <\/a>\n              <div class=\"post-card__link-cont\">\n                <a href=\"https:\/\/www.overit.ai\/it\/clienti\/casi-di-successo\/camuzzi-gas-progetto-wfm\/\" class=\"post-card__link post-card__link--post\">Leggi Articolo<\/a>\n              <\/div>\n            <\/div>\n          <\/div>\n\n                   <div class=\"post-card \">\n                                    <a class=\"post-card__image\" style=\"--aspect-ratio:18\/10;--aspect-ratio-desktop:18\/10;\" href=\"https:\/\/www.overit.ai\/it\/clienti\/casi-di-successo\/2i-rete-gas-progetto-workforce-management\/\">\n              <img decoding=\"async\" src=\"https:\/\/www.overit.ai\/app\/uploads\/2020\/12\/21-rete-gas-caso-1-768x512.jpg\" alt=\"2i Rete Gas &#8211; Progetto Workforce Management\" width=\"768\" height=\"512\">\n            <\/a>\n                        <div class=\"post-card__body\">\n              <a class=\"post-card__body-cont\" href=\"https:\/\/www.overit.ai\/it\/clienti\/casi-di-successo\/2i-rete-gas-progetto-workforce-management\/\" title=\"2i Rete Gas &#8211; Progetto Workforce Management\">\n                <h2 class=\"post-card__title\">2i Rete Gas &#8211; Progetto Workforce Management<\/h2>\n              <\/a>\n              <div class=\"post-card__link-cont\">\n                <a href=\"https:\/\/www.overit.ai\/it\/clienti\/casi-di-successo\/2i-rete-gas-progetto-workforce-management\/\" class=\"post-card__link post-card__link--post\">Leggi Articolo<\/a>\n              <\/div>\n            <\/div>\n          <\/div>\n\n                   <div class=\"post-card \">\n                                    <a class=\"post-card__image\" style=\"--aspect-ratio:18\/10;--aspect-ratio-desktop:18\/10;\" href=\"https:\/\/www.overit.ai\/it\/clienti\/casi-di-successo\/drillmec-ispezioni-degli-asset-da-remoto\/\">\n              <img decoding=\"async\" src=\"https:\/\/www.overit.ai\/app\/uploads\/2021\/01\/drillmec-3-768x334.jpg\" alt=\"Drillmec &#8211; Ispezioni degli asset da remoto\" width=\"768\" height=\"334\">\n            <\/a>\n                        <div class=\"post-card__body\">\n              <a class=\"post-card__body-cont\" href=\"https:\/\/www.overit.ai\/it\/clienti\/casi-di-successo\/drillmec-ispezioni-degli-asset-da-remoto\/\" title=\"Drillmec &#8211; Ispezioni degli asset da remoto\">\n                <h2 class=\"post-card__title\">Drillmec &#8211; Ispezioni degli asset da remoto<\/h2>\n              <\/a>\n              <div class=\"post-card__link-cont\">\n                <a href=\"https:\/\/www.overit.ai\/it\/clienti\/casi-di-successo\/drillmec-ispezioni-degli-asset-da-remoto\/\" class=\"post-card__link post-card__link--post\">Leggi Articolo<\/a>\n              <\/div>\n            <\/div>\n          <\/div>\n\n                   <div class=\"post-card \">\n                                    <a class=\"post-card__image\" style=\"--aspect-ratio:18\/10;--aspect-ratio-desktop:18\/10;\" href=\"https:\/\/www.overit.ai\/it\/clienti\/casi-di-successo\/saipem-remotizzazione-delle-attivita-di-manutenzione-sulle-piattaforme-petrolifere\/\">\n              <img decoding=\"async\" src=\"https:\/\/www.overit.ai\/app\/uploads\/2021\/11\/saipem-1.jpg\" alt=\"Saipem, Remotizzazione delle attivit\u00e0 di manutenzione sulle piattaforme petrolifere\" width=\"696\" height=\"520\">\n            <\/a>\n                        <div class=\"post-card__body\">\n              <a class=\"post-card__body-cont\" href=\"https:\/\/www.overit.ai\/it\/clienti\/casi-di-successo\/saipem-remotizzazione-delle-attivita-di-manutenzione-sulle-piattaforme-petrolifere\/\" title=\"Saipem, Remotizzazione delle attivit\u00e0 di manutenzione sulle piattaforme petrolifere\">\n                <h2 class=\"post-card__title\">Saipem, Remotizzazione delle attivit\u00e0 di manutenzione sulle piattaforme petrolifere<\/h2>\n              <\/a>\n              <div class=\"post-card__link-cont\">\n                <a href=\"https:\/\/www.overit.ai\/it\/clienti\/casi-di-successo\/saipem-remotizzazione-delle-attivita-di-manutenzione-sulle-piattaforme-petrolifere\/\" class=\"post-card__link post-card__link--post\">Leggi Articolo<\/a>\n              <\/div>\n            <\/div>\n          <\/div>\n\n              <\/div>\n    <\/section>\n  <\/div>\n<\/div>\n\n<\/div><!-- .overit-block-wrapper -->\n<\/div><!-- .overit-block -->\n","protected":false},"excerpt":{"rendered":"","protected":false},"author":3,"featured_media":7268,"parent":270,"menu_order":0,"comment_status":"closed","ping_status":"closed","template":"","meta":{"_acf_changed":false,"footnotes":""},"case_study_category":[237],"class_list":["post-1999","page","type-page","status-publish","has-post-thumbnail","hentry","case_study_category-olio-gas"],"acf":[],"yoast_head":"<!-- This site is optimized with the Yoast SEO Premium plugin v25.6 (Yoast SEO v25.6) - https:\/\/yoast.com\/wordpress\/plugins\/seo\/ -->\n<title>2i Rete Gas - Gestione degli ordini di intervento<\/title>\n<meta name=\"description\" content=\"2i Rete Gas utilizza la soluzione di OverIT per la gestione degli ordini di intervento, manutenzione e attivit\u00e0 presso la clientela\" \/>\n<meta name=\"robots\" content=\"index, follow, max-snippet:-1, max-image-preview:large, max-video-preview:-1\" \/>\n<link rel=\"canonical\" href=\"https:\/\/www.overit.ai\/it\/clienti\/casi-di-successo\/2i-rete-gas-progetto-workforce-management\/\" \/>\n<meta property=\"og:locale\" content=\"it_IT\" \/>\n<meta property=\"og:type\" content=\"article\" \/>\n<meta property=\"og:title\" content=\"2i Rete Gas - Gestione degli ordini di intervento\" \/>\n<meta property=\"og:description\" content=\"2i Rete Gas utilizza la soluzione di OverIT per la gestione degli ordini di intervento, manutenzione e attivit\u00e0 presso la clientela\" \/>\n<meta property=\"og:url\" content=\"https:\/\/www.overit.ai\/it\/clienti\/casi-di-successo\/2i-rete-gas-progetto-workforce-management\/\" \/>\n<meta property=\"og:site_name\" content=\"OverIT\" \/>\n<meta property=\"article:modified_time\" content=\"2026-03-19T14:54:04+00:00\" \/>\n<meta property=\"og:image\" content=\"https:\/\/www.overit.ai\/app\/uploads\/2020\/12\/21-rete-gas-caso.jpg\" \/>\n\t<meta property=\"og:image:width\" content=\"2000\" \/>\n\t<meta property=\"og:image:height\" content=\"1333\" \/>\n\t<meta property=\"og:image:type\" content=\"image\/jpeg\" \/>\n<meta name=\"twitter:card\" content=\"summary_large_image\" \/>\n<meta name=\"twitter:title\" content=\"2i Rete Gas - Progetto Workforce Management\" \/>\n<meta name=\"twitter:label1\" content=\"Est. reading time\" \/>\n\t<meta name=\"twitter:data1\" content=\"3 minutes\" \/>\n<script type=\"application\/ld+json\" class=\"yoast-schema-graph\">{\"@context\":\"https:\/\/schema.org\",\"@graph\":[{\"@type\":\"WebPage\",\"@id\":\"https:\/\/www.overit.ai\/it\/clienti\/casi-di-successo\/2i-rete-gas-progetto-workforce-management\/\",\"url\":\"https:\/\/www.overit.ai\/it\/clienti\/casi-di-successo\/2i-rete-gas-progetto-workforce-management\/\",\"name\":\"2i Rete Gas - Gestione degli ordini di intervento\",\"isPartOf\":{\"@id\":\"https:\/\/www.overit.ai\/it\/#website\"},\"primaryImageOfPage\":{\"@id\":\"https:\/\/www.overit.ai\/it\/clienti\/casi-di-successo\/2i-rete-gas-progetto-workforce-management\/#primaryimage\"},\"image\":{\"@id\":\"https:\/\/www.overit.ai\/it\/clienti\/casi-di-successo\/2i-rete-gas-progetto-workforce-management\/#primaryimage\"},\"thumbnailUrl\":\"https:\/\/www.overit.ai\/app\/uploads\/2020\/12\/21-rete-gas-caso-1.jpg\",\"datePublished\":\"2020-12-03T11:05:04+00:00\",\"dateModified\":\"2026-03-19T14:54:04+00:00\",\"description\":\"2i Rete Gas utilizza la soluzione di OverIT per la gestione degli ordini di intervento, manutenzione e attivit\u00e0 presso la clientela\",\"breadcrumb\":{\"@id\":\"https:\/\/www.overit.ai\/it\/clienti\/casi-di-successo\/2i-rete-gas-progetto-workforce-management\/#breadcrumb\"},\"inLanguage\":\"it-IT\",\"potentialAction\":[{\"@type\":\"ReadAction\",\"target\":[\"https:\/\/www.overit.ai\/it\/clienti\/casi-di-successo\/2i-rete-gas-progetto-workforce-management\/\"]}]},{\"@type\":\"ImageObject\",\"inLanguage\":\"it-IT\",\"@id\":\"https:\/\/www.overit.ai\/it\/clienti\/casi-di-successo\/2i-rete-gas-progetto-workforce-management\/#primaryimage\",\"url\":\"https:\/\/www.overit.ai\/app\/uploads\/2020\/12\/21-rete-gas-caso-1.jpg\",\"contentUrl\":\"https:\/\/www.overit.ai\/app\/uploads\/2020\/12\/21-rete-gas-caso-1.jpg\",\"width\":2000,\"height\":1333,\"caption\":\"2i Rete Gas\"},{\"@type\":\"BreadcrumbList\",\"@id\":\"https:\/\/www.overit.ai\/it\/clienti\/casi-di-successo\/2i-rete-gas-progetto-workforce-management\/#breadcrumb\",\"itemListElement\":[{\"@type\":\"ListItem\",\"position\":1,\"name\":\"Home\",\"item\":\"https:\/\/www.overit.ai\/it\/\"},{\"@type\":\"ListItem\",\"position\":2,\"name\":\"Clienti\",\"item\":\"https:\/\/www.overit.ai\/it\/clienti\/\"},{\"@type\":\"ListItem\",\"position\":3,\"name\":\"Casi di successo\",\"item\":\"https:\/\/www.overit.ai\/it\/clienti\/casi-di-successo\/\"},{\"@type\":\"ListItem\",\"position\":4,\"name\":\"2i Rete Gas &#8211; Progetto Workforce Management\"}]},{\"@type\":\"WebSite\",\"@id\":\"https:\/\/www.overit.ai\/it\/#website\",\"url\":\"https:\/\/www.overit.ai\/it\/\",\"name\":\"OverIT\",\"description\":\"Innovation in Field Service Management\",\"publisher\":{\"@id\":\"https:\/\/www.overit.ai\/it\/#organization\"},\"potentialAction\":[{\"@type\":\"SearchAction\",\"target\":{\"@type\":\"EntryPoint\",\"urlTemplate\":\"https:\/\/www.overit.ai\/it\/?s={search_term_string}\"},\"query-input\":{\"@type\":\"PropertyValueSpecification\",\"valueRequired\":true,\"valueName\":\"search_term_string\"}}],\"inLanguage\":\"it-IT\"},{\"@type\":\"Organization\",\"@id\":\"https:\/\/www.overit.ai\/it\/#organization\",\"name\":\"OverIT\",\"url\":\"https:\/\/www.overit.ai\/it\/\",\"logo\":{\"@type\":\"ImageObject\",\"inLanguage\":\"it-IT\",\"@id\":\"https:\/\/www.overit.ai\/it\/#\/schema\/logo\/image\/\",\"url\":\"https:\/\/www.overit.ai\/app\/uploads\/2021\/10\/OverIT-logo-400.png\",\"contentUrl\":\"https:\/\/www.overit.ai\/app\/uploads\/2021\/10\/OverIT-logo-400.png\",\"width\":400,\"height\":250,\"caption\":\"OverIT\"},\"image\":{\"@id\":\"https:\/\/www.overit.ai\/it\/#\/schema\/logo\/image\/\"}}]}<\/script>\n<!-- \/ Yoast SEO Premium plugin. -->","yoast_head_json":{"title":"2i Rete Gas - Gestione degli ordini di intervento","description":"2i Rete Gas utilizza la soluzione di OverIT per la gestione degli ordini di intervento, manutenzione e attivit\u00e0 presso la clientela","robots":{"index":"index","follow":"follow","max-snippet":"max-snippet:-1","max-image-preview":"max-image-preview:large","max-video-preview":"max-video-preview:-1"},"canonical":"https:\/\/www.overit.ai\/it\/clienti\/casi-di-successo\/2i-rete-gas-progetto-workforce-management\/","og_locale":"it_IT","og_type":"article","og_title":"2i Rete Gas - Gestione degli ordini di intervento","og_description":"2i Rete Gas utilizza la soluzione di OverIT per la gestione degli ordini di intervento, manutenzione e attivit\u00e0 presso la clientela","og_url":"https:\/\/www.overit.ai\/it\/clienti\/casi-di-successo\/2i-rete-gas-progetto-workforce-management\/","og_site_name":"OverIT","article_modified_time":"2026-03-19T14:54:04+00:00","og_image":[{"width":2000,"height":1333,"url":"https:\/\/www.overit.ai\/app\/uploads\/2020\/12\/21-rete-gas-caso.jpg","type":"image\/jpeg"}],"twitter_card":"summary_large_image","twitter_title":"2i Rete Gas - Progetto Workforce Management","twitter_misc":{"Est. reading time":"3 minutes"},"schema":{"@context":"https:\/\/schema.org","@graph":[{"@type":"WebPage","@id":"https:\/\/www.overit.ai\/it\/clienti\/casi-di-successo\/2i-rete-gas-progetto-workforce-management\/","url":"https:\/\/www.overit.ai\/it\/clienti\/casi-di-successo\/2i-rete-gas-progetto-workforce-management\/","name":"2i Rete Gas - Gestione degli ordini di intervento","isPartOf":{"@id":"https:\/\/www.overit.ai\/it\/#website"},"primaryImageOfPage":{"@id":"https:\/\/www.overit.ai\/it\/clienti\/casi-di-successo\/2i-rete-gas-progetto-workforce-management\/#primaryimage"},"image":{"@id":"https:\/\/www.overit.ai\/it\/clienti\/casi-di-successo\/2i-rete-gas-progetto-workforce-management\/#primaryimage"},"thumbnailUrl":"https:\/\/www.overit.ai\/app\/uploads\/2020\/12\/21-rete-gas-caso-1.jpg","datePublished":"2020-12-03T11:05:04+00:00","dateModified":"2026-03-19T14:54:04+00:00","description":"2i Rete Gas utilizza la soluzione di OverIT per la gestione degli ordini di intervento, manutenzione e attivit\u00e0 presso la clientela","breadcrumb":{"@id":"https:\/\/www.overit.ai\/it\/clienti\/casi-di-successo\/2i-rete-gas-progetto-workforce-management\/#breadcrumb"},"inLanguage":"it-IT","potentialAction":[{"@type":"ReadAction","target":["https:\/\/www.overit.ai\/it\/clienti\/casi-di-successo\/2i-rete-gas-progetto-workforce-management\/"]}]},{"@type":"ImageObject","inLanguage":"it-IT","@id":"https:\/\/www.overit.ai\/it\/clienti\/casi-di-successo\/2i-rete-gas-progetto-workforce-management\/#primaryimage","url":"https:\/\/www.overit.ai\/app\/uploads\/2020\/12\/21-rete-gas-caso-1.jpg","contentUrl":"https:\/\/www.overit.ai\/app\/uploads\/2020\/12\/21-rete-gas-caso-1.jpg","width":2000,"height":1333,"caption":"2i Rete Gas"},{"@type":"BreadcrumbList","@id":"https:\/\/www.overit.ai\/it\/clienti\/casi-di-successo\/2i-rete-gas-progetto-workforce-management\/#breadcrumb","itemListElement":[{"@type":"ListItem","position":1,"name":"Home","item":"https:\/\/www.overit.ai\/it\/"},{"@type":"ListItem","position":2,"name":"Clienti","item":"https:\/\/www.overit.ai\/it\/clienti\/"},{"@type":"ListItem","position":3,"name":"Casi di successo","item":"https:\/\/www.overit.ai\/it\/clienti\/casi-di-successo\/"},{"@type":"ListItem","position":4,"name":"2i Rete Gas &#8211; Progetto Workforce Management"}]},{"@type":"WebSite","@id":"https:\/\/www.overit.ai\/it\/#website","url":"https:\/\/www.overit.ai\/it\/","name":"OverIT","description":"Innovation in Field Service Management","publisher":{"@id":"https:\/\/www.overit.ai\/it\/#organization"},"potentialAction":[{"@type":"SearchAction","target":{"@type":"EntryPoint","urlTemplate":"https:\/\/www.overit.ai\/it\/?s={search_term_string}"},"query-input":{"@type":"PropertyValueSpecification","valueRequired":true,"valueName":"search_term_string"}}],"inLanguage":"it-IT"},{"@type":"Organization","@id":"https:\/\/www.overit.ai\/it\/#organization","name":"OverIT","url":"https:\/\/www.overit.ai\/it\/","logo":{"@type":"ImageObject","inLanguage":"it-IT","@id":"https:\/\/www.overit.ai\/it\/#\/schema\/logo\/image\/","url":"https:\/\/www.overit.ai\/app\/uploads\/2021\/10\/OverIT-logo-400.png","contentUrl":"https:\/\/www.overit.ai\/app\/uploads\/2021\/10\/OverIT-logo-400.png","width":400,"height":250,"caption":"OverIT"},"image":{"@id":"https:\/\/www.overit.ai\/it\/#\/schema\/logo\/image\/"}}]}},"_links":{"self":[{"href":"https:\/\/www.overit.ai\/it\/wp-json\/wp\/v2\/pages\/1999","targetHints":{"allow":["GET"]}}],"collection":[{"href":"https:\/\/www.overit.ai\/it\/wp-json\/wp\/v2\/pages"}],"about":[{"href":"https:\/\/www.overit.ai\/it\/wp-json\/wp\/v2\/types\/page"}],"author":[{"embeddable":true,"href":"https:\/\/www.overit.ai\/it\/wp-json\/wp\/v2\/users\/3"}],"replies":[{"embeddable":true,"href":"https:\/\/www.overit.ai\/it\/wp-json\/wp\/v2\/comments?post=1999"}],"version-history":[{"count":32,"href":"https:\/\/www.overit.ai\/it\/wp-json\/wp\/v2\/pages\/1999\/revisions"}],"predecessor-version":[{"id":70426,"href":"https:\/\/www.overit.ai\/it\/wp-json\/wp\/v2\/pages\/1999\/revisions\/70426"}],"up":[{"embeddable":true,"href":"https:\/\/www.overit.ai\/it\/wp-json\/wp\/v2\/pages\/270"}],"wp:featuredmedia":[{"embeddable":true,"href":"https:\/\/www.overit.ai\/it\/wp-json\/wp\/v2\/media\/7268"}],"wp:attachment":[{"href":"https:\/\/www.overit.ai\/it\/wp-json\/wp\/v2\/media?parent=1999"}],"wp:term":[{"taxonomy":"case_study_category","embeddable":true,"href":"https:\/\/www.overit.ai\/it\/wp-json\/wp\/v2\/case_study_category?post=1999"}],"curies":[{"name":"wp","href":"https:\/\/api.w.org\/{rel}","templated":true}]}}