{"id":1786,"date":"2020-11-27T11:04:41","date_gmt":"2020-11-27T11:04:41","guid":{"rendered":"https:\/\/www.overit.ai\/it\/?page_id=1786"},"modified":"2026-03-31T07:09:24","modified_gmt":"2026-03-31T07:09:24","slug":"enel-green-power-progetto-plant","status":"publish","type":"page","link":"https:\/\/www.overit.ai\/it\/clienti\/casi-di-successo\/enel-green-power-progetto-plant\/","title":{"rendered":"Efficace gestione e monitoraggio delle centrali elettriche su scala globale"},"content":{"rendered":"<div\n  class=\"overit-block overit-block--white overit-radius-none overit-margin-small-bottom overit-no-padding \n  overit-block-customer-page-header\"\n        >\n  \n  <div class=\"overit-block-wrapper\">\n\n<div class=\"cph\">\n  \n    <div class=\"cph_slogan-cont\" style=\"background: linear-gradient(0deg, rgba(0, 0, 0, 0.3), rgba(0, 0, 0, 0.3)), url('https:\/\/www.overit.ai\/app\/uploads\/2020\/12\/enel-green-power-pannelli-solari.jpg') center center\">\n                  <div class=\"cph__section-title\">ENEL GLOBAL POWER GENERATION<\/div>\n                                    <h1 class=\"cph__slogan\">Efficace gestione e monitoraggio delle centrali elettriche su scala globale<\/h1>\n            <\/div>\n  <div class=\"cph__customer-section\" data-aos=\"fade-up\">\n    <div class=\"cph__customer-desc-cont\">\n                    <img decoding=\"async\" class=\"cph__customer-logo\" src=\"https:\/\/www.overit.ai\/app\/uploads\/2020\/11\/enel-vera-virtual-reality-logo.png\" alt=\"enel-vera-virtual-reality-logo\" width=\"400\" height=\"100\" \/>\n            <div class=\"cph__customer-desc\">\n        <p>Presente in 29 Paesi in tutto il mondo, Enel Global Power Generation \u00e8 la societ\u00e0 del Gruppo Enel che si occupa dello sviluppo e della gestione delle attivit\u00e0 di generazione di energia da fonti rinnovabili, quali l\u2019energia solare, geotermica, eolica, idroelettrica e termale.<\/p>\n\n      <\/div>\n    <\/div>\n    <div class=\"cph__customer-facts\">\n              <div class=\"cph__facts-title\">INFORMAZIONI CHIAVE<\/div>\n        <div class=\"cph__facts\">\n                     <div class=\"cph__fact-cont\">\n            <div class=\"cph__fact-label\">\n              Settore\n            <\/div>\n            <div class=\"cph__fact\">\n              Energy &amp; Utility\n            <\/div>\n          <\/div>\n                     <div class=\"cph__fact-cont\">\n            <div class=\"cph__fact-label\">\n              Area geografica\n            <\/div>\n            <div class=\"cph__fact\">\n              NA (USA + Canada)\n            <\/div>\n          <\/div>\n                     <div class=\"cph__fact-cont\">\n            <div class=\"cph__fact-label\">\n              Tecnici coinvolti\n            <\/div>\n            <div class=\"cph__fact\">\n              200+\n            <\/div>\n          <\/div>\n                     <div class=\"cph__fact-cont\">\n            <div class=\"cph__fact-label\">\n              Paesi serviti\n            <\/div>\n            <div class=\"cph__fact\">\n              29\n            <\/div>\n          <\/div>\n                  <\/div>\n          <\/div>\n  <\/div>\n<\/div>\n\n<\/div><!-- .overit-block-wrapper -->\n<\/div><!-- .overit-block -->\n\n\n<div\n  class=\"overit-block overit-block--white overit-radius-full overit-no-margin overit-padding-small overit-block--fullwidth\n  overit-block-configurable-jumbotron\"\n        >\n  \n  <div class=\"overit-block-wrapper\">\n\n<section class=\"configurable-jumbotron left\" >\n    \n    \n                  <div class=\"cj-subtitle small\"><p>Decarbonizzare il sistema energetico e rendere l\u2019economia pi\u00f9 sostenibile, equa e inclusiva per tutte le parti coinvolte, dalle persone alle loro comunit\u00e0, dai fornitori ai clienti, \u00e8 ormai improrogabile. Farlo significa rispettare la dignit\u00e0 e i diritti umani dando la possibilit\u00e0 a tutti di accedere alle risorse energetiche, indipendentemente dalla nazionalit\u00e0, dallo status sociale o dalla situazione economica, con uno sguardo costantemente rivolto alla questione ambientale. Mentre il mondo intero si prepara a chiudere le centrali alimentate a carbone, Enel Global Power Generation gioca un ruolo fondamentale nel facilitare il passaggio a fonti energetiche sostenibili valorizzando persone e ambiente e investendo nelle tecnologie pi\u00f9 avanzate.<\/p>\n<\/div>\n          \n        <\/section>\n\n<\/div><!-- .overit-block-wrapper -->\n<\/div><!-- .overit-block -->\n\n\n<div\n  class=\"overit-block overit-block--white overit-radius-full overit-no-margin overit-padding-small overit-block--fullwidth\n  overit-block-configurable-jumbotron\"\n        >\n  \n  <div class=\"overit-block-wrapper\">\n\n<section class=\"configurable-jumbotron left\" >\n                  <h3 class=\"cj-section-title\">SFIDA<\/h3>\n          \n                  <div class=\"cj-title medium\">Supporto e monitoraggio delle attivit\u00e0 negli impianti di generazione elettrica mondiali per garantire la continuit\u00e0 operativa<\/div>\n          \n                  <div class=\"cj-subtitle small\"><p>Enel Global Power Generation opera in 1.200 impianti di produzione di energia rinnovabile sparsi in tutto il mondo e fornisce energia sostenibile a 29 Paesi di 5 continenti, generando oltre 1.2 milioni di attivit\u00e0 ogni anno. Va da s\u00e9 che in un contesto estremamente complesso e variegato come questo, adottare un unico sistema per supportare i processi business e monitorare gli impianti di generazione elettrica in tempo reale \u00e8 una mossa intelligente che Enel Global Power Generation era intenzionata a fare per incoraggiare la transizione energetica attraverso tecnologie moderne e garantire una fornitura di elettricit\u00e0 senza alcuna interruzione.<\/p>\n<\/div>\n          \n        <\/section>\n\n<\/div><!-- .overit-block-wrapper -->\n<\/div><!-- .overit-block -->\n\n\n<div\n  class=\"overit-block overit-block--white overit-radius-full  overit-no-padding \n  overit-block-separator\"\n        >\n  \n  <div class=\"overit-block-wrapper\">\n\n<div class=\"overit-separator overit-separator--boxed\">\n  <hr\/>\n<\/div>\n\n<\/div><!-- .overit-block-wrapper -->\n<\/div><!-- .overit-block -->\n\n\n<div\n  class=\"overit-block overit-block--white overit-radius-full overit-no-margin overit-padding-medium overit-block--fullwidth\n  overit-block-configurable-jumbotron\"\n        >\n  \n  <div class=\"overit-block-wrapper\">\n\n<section class=\"configurable-jumbotron left\" >\n                  <h3 class=\"cj-section-title\">SOLUZIONE<\/h3>\n          \n                  <div class=\"cj-title medium\">Efficiente gestione e supervisione degli impianti di generazione elettrica a sostegno della transizione energetica<\/div>\n          \n                  <div class=\"cj-subtitle small\"><p>La soluzione di OverIT permette a Enel Global Power Generation di supportare in tempo reale i processi Operation &amp; Maintenance e monitorare tutti gli impianti e i dispositivi nell\u2019ambito della generazione dell\u2019energia elettrica. Inoltre, considerando la sfera di competenza internazionale dell\u2019azienda, la soluzione offre template globali per i roll out e, dal punto di vista mobile, un\u2019interfaccia multilingua e user friendly pensata per i tecnici chiamati a gestire le attivit\u00e0 in campo.<\/p>\n<ul>\n<li><strong>Integrazione con sistemi esterni<\/strong><br \/>\nIntegrazione con sistemi esterni quali: OSI-SOFT per la raccolta di informazioni (es. registri e ticket) da sistemi di sensoristica, l\u2019associazione a eventi e la successiva trasmissione degli ordini di lavoro alla soluzione di OverIT; SAP \u2013 PM per la creazione degli ordini di lavoro; CKS e LDAP per la gestione del documentale; Compac per la gestione degli utenti<\/li>\n<li><strong>Monitoraggio delle emergenze e visualizzazione delle attivit\u00e0 da mobile<\/strong><br \/>\nMonitoraggio delle emergenze e gestione di allarmi, indisponibilit\u00e0 pianificate e avvisi che si verificano negli impianti e raggruppamento e divisione di eventi. Generazione di notifiche verso SAP per attivare il processo di Workforce Management<\/li>\n<li><strong>App mobile<\/strong><br \/>\nSoluzione mobile dall\u2019interfaccia user-friendly fornita a oltre 200 utenti e accessibile da smartphone anche offline per prendere in carico gli ordini di lavoro negli impianti di generazione elettrica, monitorarne l\u2019efficienza di rendimento, gestire notifiche di manutenzione, eseguire e rendicontare le attivit\u00e0 completate<\/li>\n<\/ul>\n<\/div>\n          \n        <\/section>\n\n<\/div><!-- .overit-block-wrapper -->\n<\/div><!-- .overit-block -->\n\n\n<div\n  class=\"overit-block overit-block--white overit-radius-full overit-no-margin overit-no-padding \n  overit-block-separator\"\n        >\n  \n  <div class=\"overit-block-wrapper\">\n\n<div class=\"overit-separator overit-separator--boxed\">\n  <hr\/>\n<\/div>\n\n<\/div><!-- .overit-block-wrapper -->\n<\/div><!-- .overit-block -->\n\n\n<div\n  class=\"overit-block overit-block--white overit-radius-full overit-no-margin overit-padding-medium overit-block--fullwidth\n  overit-block-configurable-jumbotron\"\n        >\n  \n  <div class=\"overit-block-wrapper\">\n\n<section class=\"configurable-jumbotron left\" >\n                  <h3 class=\"cj-section-title\">RISULTATI<\/h3>\n          \n                  <div class=\"cj-title medium\">Grazie a OverIT, Enel Global Power Generation ha ottenuto benefici considerevoli<\/div>\n          \n    \n        <\/section>\n\n<\/div><!-- .overit-block-wrapper -->\n<\/div><!-- .overit-block -->\n\n\n<div\n  class=\"overit-block overit-block--white overit-radius-full overit-margin-medium-bottom overit-padding-medium-bottom \n  overit-block-multi-info-cards\"\n        >\n  \n  <div class=\"overit-block-wrapper\">\n\n<div class=\"info-cards info-cards--3 info-cards--align-left\">\n        <div class=\"info-cards__sections \">\n                  <div class=\"info-card info-card--3\n                    info-card--without-icon\n          \n          info-card--top-line\n        \">\n        <div class=\"info-card-inner\">\n                                                      <div class=\"info-card__description\" >\n              <p>50% aumento della produttivit\u00e0 delle risorse in campo<\/p>\n\n            <\/div>\n                  <\/div>\n      <\/div>\n                  <div class=\"info-card info-card--3\n                    info-card--without-icon\n          \n          info-card--top-line\n        \">\n        <div class=\"info-card-inner\">\n                                                      <div class=\"info-card__description\" >\n              <p>40% riduzione del tempo perso per allineare i sistemi in caso di eventi gestiti nel sistema di Plant Management<\/p>\n\n            <\/div>\n                  <\/div>\n      <\/div>\n                  <div class=\"info-card info-card--3\n                    info-card--without-icon\n          \n          info-card--top-line\n        \">\n        <div class=\"info-card-inner\">\n                                                      <div class=\"info-card__description\" >\n              <p>30% diminuzione del tempo per rendicontare le attivit\u00e0 aumentando la forza lavoro<\/p>\n\n            <\/div>\n                  <\/div>\n      <\/div>\n          <\/div>\n  <\/div>\n\n<\/div><!-- .overit-block-wrapper -->\n<\/div><!-- .overit-block -->\n\n\n<div\n  class=\"overit-block overit-block--white overit-radius-full overit-margin-medium overit-padding-medium \n  overit-block-sustainable-development-goals\"\n        >\n  \n  <div class=\"overit-block-wrapper\">\n\n\n<div class=\"sdg\" id=\"\">\n  <div class=\"sdg__container\">\n    <div class=\"sdg__logo\">\n      <img decoding=\"async\" src=\"https:\/\/www.overit.ai\/app\/themes\/overit-theme\/resources\/assets\/images\/sdg\/IT\/logo.png\" width=\"96\" height=\"82\" alt=\"Icona che rappresenta gli Obiettivi per lo Sviluppo Sostenibile\" \/>\n    <\/div>\n          <div class=\"sdg__description\">\n        <p><p>Generare energia pulita da fonti rinnovabili \u00e8 solo il primo passo per Enel Global Power Generation, la cui strategia aziendale abbraccia la sostenibilit\u00e0 in ogni sua fase. Adottando azioni mirate e buone pratiche che affrontano il cambiamento climatico, Enel incoraggia la transizione verso la decarbonizzazione, minimizzando l\u2019impatto ambientale e massimizzando le prestazioni, oltre a permettere alle comunit\u00e0 locali di raggiungere benefici economici e sociali e promuovere l\u2019economia circolare. Ne deriva un\u2019energia conveniente, sostenibile, pulita e accessibile da tutte le comunit\u00e0 del mondo. Integrandosi a tecnologie all\u2019avanguardia, la soluzione di OverIT accompagna Enel nel suo percorso volto a ridurre al minimo l\u2019impatto ambientale delle attivit\u00e0, ottimizzare l\u2019efficienza operativa degli impianti e garantire un uso responsabile delle risorse.<\/p>\n<\/p>\n      <\/div>\n              <div class=\"sdg__title\">\n        <p>OverIT <strong>NextGen Platform<\/strong> ha contribuito al raggiungimento degli <strong>Obiettivi di Sviluppo Sostenibile<\/strong><\/p>\n      <\/div>\n      <div class=\"sdg__icons\">\n                                        <div class=\"sdg__icon\">\n              <img decoding=\"async\" src=\"https:\/\/www.overit.ai\/app\/themes\/overit-theme\/resources\/assets\/images\/sdg\/IT\/7.png\" alt=\"Icona che rappresenta l&#039;Obiettivo di Sviluppo Sostenibile 7: Energia pulita e accessibile\" width=\"76\" height=\"76\" \/>\n            <\/div>\n                                                  <div class=\"sdg__icon\">\n              <img decoding=\"async\" src=\"https:\/\/www.overit.ai\/app\/themes\/overit-theme\/resources\/assets\/images\/sdg\/IT\/9.png\" alt=\"Icona che rappresenta l&#039;Obiettivo di Sviluppo Sostenibile 9: Industria, innovazione e infrastrutture\" width=\"76\" height=\"76\" \/>\n            <\/div>\n                                                  <div class=\"sdg__icon\">\n              <img decoding=\"async\" src=\"https:\/\/www.overit.ai\/app\/themes\/overit-theme\/resources\/assets\/images\/sdg\/IT\/11.png\" alt=\"Icona che rappresenta l&#039;Obiettivo di Sviluppo Sostenibile 11: Citt\u00e0 e comunit\u00e0 sostenibili\" width=\"76\" height=\"76\" \/>\n            <\/div>\n                                                  <div class=\"sdg__icon\">\n              <img decoding=\"async\" src=\"https:\/\/www.overit.ai\/app\/themes\/overit-theme\/resources\/assets\/images\/sdg\/IT\/13.png\" alt=\"Icona che rappresenta l&#039;Obiettivo di Sviluppo Sostenibile 13: Lotta contro il cambiamento climatico\" width=\"76\" height=\"76\" \/>\n            <\/div>\n                        <\/div>\n      <\/div>\n<\/div>\n\n<\/div><!-- .overit-block-wrapper -->\n<\/div><!-- .overit-block -->\n","protected":false},"excerpt":{"rendered":"","protected":false},"author":3,"featured_media":4871,"parent":270,"menu_order":0,"comment_status":"closed","ping_status":"closed","template":"","meta":{"_acf_changed":false,"footnotes":""},"case_study_category":[220],"class_list":["post-1786","page","type-page","status-publish","has-post-thumbnail","hentry","case_study_category-energia-utility"],"acf":[],"yoast_head":"<!-- This site is optimized with the Yoast SEO Premium plugin v25.6 (Yoast SEO v25.6) - https:\/\/yoast.com\/wordpress\/plugins\/seo\/ -->\n<title>Enel Global Power Generation supporto manutenzione impianti<\/title>\n<meta name=\"description\" content=\"Enel pianifica, gestisce e monitora le attivit\u00e0 di supporto manutenzione impianti, grazie alle funzionalit\u00e0 offerte dalla soluzione di OverIT\" \/>\n<meta name=\"robots\" content=\"index, follow, max-snippet:-1, max-image-preview:large, max-video-preview:-1\" \/>\n<link rel=\"canonical\" href=\"https:\/\/www.overit.ai\/it\/clienti\/casi-di-successo\/enel-green-power-progetto-plant\/\" \/>\n<meta property=\"og:locale\" content=\"it_IT\" \/>\n<meta property=\"og:type\" content=\"article\" \/>\n<meta property=\"og:title\" content=\"Efficace gestione e monitoraggio delle centrali elettriche su scala globale\" \/>\n<meta property=\"og:description\" content=\"Enel pianifica, gestisce e monitora le attivit\u00e0 di supporto manutenzione impianti, grazie alle funzionalit\u00e0 offerte dalla soluzione di OverIT\" \/>\n<meta property=\"og:url\" content=\"https:\/\/www.overit.ai\/it\/clienti\/casi-di-successo\/enel-green-power-progetto-plant\/\" \/>\n<meta property=\"og:site_name\" content=\"OverIT\" \/>\n<meta property=\"article:modified_time\" content=\"2026-03-31T07:09:24+00:00\" \/>\n<meta property=\"og:image\" content=\"https:\/\/www.overit.ai\/app\/uploads\/2020\/12\/enel-green-power-pannelli-solari.jpg\" \/>\n\t<meta property=\"og:image:width\" content=\"2000\" \/>\n\t<meta property=\"og:image:height\" content=\"1333\" \/>\n\t<meta property=\"og:image:type\" content=\"image\/jpeg\" \/>\n<meta name=\"twitter:card\" content=\"summary_large_image\" \/>\n<meta name=\"twitter:label1\" content=\"Est. reading time\" \/>\n\t<meta name=\"twitter:data1\" content=\"5 minutes\" \/>\n<script type=\"application\/ld+json\" class=\"yoast-schema-graph\">{\"@context\":\"https:\/\/schema.org\",\"@graph\":[{\"@type\":\"WebPage\",\"@id\":\"https:\/\/www.overit.ai\/it\/clienti\/casi-di-successo\/enel-green-power-progetto-plant\/\",\"url\":\"https:\/\/www.overit.ai\/it\/clienti\/casi-di-successo\/enel-green-power-progetto-plant\/\",\"name\":\"Enel Global Power Generation supporto manutenzione impianti\",\"isPartOf\":{\"@id\":\"https:\/\/www.overit.ai\/it\/#website\"},\"primaryImageOfPage\":{\"@id\":\"https:\/\/www.overit.ai\/it\/clienti\/casi-di-successo\/enel-green-power-progetto-plant\/#primaryimage\"},\"image\":{\"@id\":\"https:\/\/www.overit.ai\/it\/clienti\/casi-di-successo\/enel-green-power-progetto-plant\/#primaryimage\"},\"thumbnailUrl\":\"https:\/\/www.overit.ai\/app\/uploads\/2020\/12\/enel-green-power-plant-manutenzione-2.jpg\",\"datePublished\":\"2020-11-27T11:04:41+00:00\",\"dateModified\":\"2026-03-31T07:09:24+00:00\",\"description\":\"Enel pianifica, gestisce e monitora le attivit\u00e0 di supporto manutenzione impianti, grazie alle funzionalit\u00e0 offerte dalla soluzione di OverIT\",\"breadcrumb\":{\"@id\":\"https:\/\/www.overit.ai\/it\/clienti\/casi-di-successo\/enel-green-power-progetto-plant\/#breadcrumb\"},\"inLanguage\":\"it-IT\",\"potentialAction\":[{\"@type\":\"ReadAction\",\"target\":[\"https:\/\/www.overit.ai\/it\/clienti\/casi-di-successo\/enel-green-power-progetto-plant\/\"]}]},{\"@type\":\"ImageObject\",\"inLanguage\":\"it-IT\",\"@id\":\"https:\/\/www.overit.ai\/it\/clienti\/casi-di-successo\/enel-green-power-progetto-plant\/#primaryimage\",\"url\":\"https:\/\/www.overit.ai\/app\/uploads\/2020\/12\/enel-green-power-plant-manutenzione-2.jpg\",\"contentUrl\":\"https:\/\/www.overit.ai\/app\/uploads\/2020\/12\/enel-green-power-plant-manutenzione-2.jpg\",\"width\":2000,\"height\":937,\"caption\":\"Enel Green Power - Manutenzione in campo\"},{\"@type\":\"BreadcrumbList\",\"@id\":\"https:\/\/www.overit.ai\/it\/clienti\/casi-di-successo\/enel-green-power-progetto-plant\/#breadcrumb\",\"itemListElement\":[{\"@type\":\"ListItem\",\"position\":1,\"name\":\"Home\",\"item\":\"https:\/\/www.overit.ai\/it\/\"},{\"@type\":\"ListItem\",\"position\":2,\"name\":\"Clienti\",\"item\":\"https:\/\/www.overit.ai\/it\/clienti\/\"},{\"@type\":\"ListItem\",\"position\":3,\"name\":\"Casi di successo\",\"item\":\"https:\/\/www.overit.ai\/it\/clienti\/casi-di-successo\/\"},{\"@type\":\"ListItem\",\"position\":4,\"name\":\"Efficace gestione e monitoraggio delle centrali elettriche su scala globale\"}]},{\"@type\":\"WebSite\",\"@id\":\"https:\/\/www.overit.ai\/it\/#website\",\"url\":\"https:\/\/www.overit.ai\/it\/\",\"name\":\"OverIT\",\"description\":\"Innovation in Field Service Management\",\"publisher\":{\"@id\":\"https:\/\/www.overit.ai\/it\/#organization\"},\"potentialAction\":[{\"@type\":\"SearchAction\",\"target\":{\"@type\":\"EntryPoint\",\"urlTemplate\":\"https:\/\/www.overit.ai\/it\/?s={search_term_string}\"},\"query-input\":{\"@type\":\"PropertyValueSpecification\",\"valueRequired\":true,\"valueName\":\"search_term_string\"}}],\"inLanguage\":\"it-IT\"},{\"@type\":\"Organization\",\"@id\":\"https:\/\/www.overit.ai\/it\/#organization\",\"name\":\"OverIT\",\"url\":\"https:\/\/www.overit.ai\/it\/\",\"logo\":{\"@type\":\"ImageObject\",\"inLanguage\":\"it-IT\",\"@id\":\"https:\/\/www.overit.ai\/it\/#\/schema\/logo\/image\/\",\"url\":\"https:\/\/www.overit.ai\/app\/uploads\/2021\/10\/OverIT-logo-400.png\",\"contentUrl\":\"https:\/\/www.overit.ai\/app\/uploads\/2021\/10\/OverIT-logo-400.png\",\"width\":400,\"height\":250,\"caption\":\"OverIT\"},\"image\":{\"@id\":\"https:\/\/www.overit.ai\/it\/#\/schema\/logo\/image\/\"}}]}<\/script>\n<!-- \/ Yoast SEO Premium plugin. -->","yoast_head_json":{"title":"Enel Global Power Generation supporto manutenzione impianti","description":"Enel pianifica, gestisce e monitora le attivit\u00e0 di supporto manutenzione impianti, grazie alle funzionalit\u00e0 offerte dalla soluzione di OverIT","robots":{"index":"index","follow":"follow","max-snippet":"max-snippet:-1","max-image-preview":"max-image-preview:large","max-video-preview":"max-video-preview:-1"},"canonical":"https:\/\/www.overit.ai\/it\/clienti\/casi-di-successo\/enel-green-power-progetto-plant\/","og_locale":"it_IT","og_type":"article","og_title":"Efficace gestione e monitoraggio delle centrali elettriche su scala globale","og_description":"Enel pianifica, gestisce e monitora le attivit\u00e0 di supporto manutenzione impianti, grazie alle funzionalit\u00e0 offerte dalla soluzione di OverIT","og_url":"https:\/\/www.overit.ai\/it\/clienti\/casi-di-successo\/enel-green-power-progetto-plant\/","og_site_name":"OverIT","article_modified_time":"2026-03-31T07:09:24+00:00","og_image":[{"width":2000,"height":1333,"url":"https:\/\/www.overit.ai\/app\/uploads\/2020\/12\/enel-green-power-pannelli-solari.jpg","type":"image\/jpeg"}],"twitter_card":"summary_large_image","twitter_misc":{"Est. reading time":"5 minutes"},"schema":{"@context":"https:\/\/schema.org","@graph":[{"@type":"WebPage","@id":"https:\/\/www.overit.ai\/it\/clienti\/casi-di-successo\/enel-green-power-progetto-plant\/","url":"https:\/\/www.overit.ai\/it\/clienti\/casi-di-successo\/enel-green-power-progetto-plant\/","name":"Enel Global Power Generation supporto manutenzione impianti","isPartOf":{"@id":"https:\/\/www.overit.ai\/it\/#website"},"primaryImageOfPage":{"@id":"https:\/\/www.overit.ai\/it\/clienti\/casi-di-successo\/enel-green-power-progetto-plant\/#primaryimage"},"image":{"@id":"https:\/\/www.overit.ai\/it\/clienti\/casi-di-successo\/enel-green-power-progetto-plant\/#primaryimage"},"thumbnailUrl":"https:\/\/www.overit.ai\/app\/uploads\/2020\/12\/enel-green-power-plant-manutenzione-2.jpg","datePublished":"2020-11-27T11:04:41+00:00","dateModified":"2026-03-31T07:09:24+00:00","description":"Enel pianifica, gestisce e monitora le attivit\u00e0 di supporto manutenzione impianti, grazie alle funzionalit\u00e0 offerte dalla soluzione di OverIT","breadcrumb":{"@id":"https:\/\/www.overit.ai\/it\/clienti\/casi-di-successo\/enel-green-power-progetto-plant\/#breadcrumb"},"inLanguage":"it-IT","potentialAction":[{"@type":"ReadAction","target":["https:\/\/www.overit.ai\/it\/clienti\/casi-di-successo\/enel-green-power-progetto-plant\/"]}]},{"@type":"ImageObject","inLanguage":"it-IT","@id":"https:\/\/www.overit.ai\/it\/clienti\/casi-di-successo\/enel-green-power-progetto-plant\/#primaryimage","url":"https:\/\/www.overit.ai\/app\/uploads\/2020\/12\/enel-green-power-plant-manutenzione-2.jpg","contentUrl":"https:\/\/www.overit.ai\/app\/uploads\/2020\/12\/enel-green-power-plant-manutenzione-2.jpg","width":2000,"height":937,"caption":"Enel Green Power - Manutenzione in campo"},{"@type":"BreadcrumbList","@id":"https:\/\/www.overit.ai\/it\/clienti\/casi-di-successo\/enel-green-power-progetto-plant\/#breadcrumb","itemListElement":[{"@type":"ListItem","position":1,"name":"Home","item":"https:\/\/www.overit.ai\/it\/"},{"@type":"ListItem","position":2,"name":"Clienti","item":"https:\/\/www.overit.ai\/it\/clienti\/"},{"@type":"ListItem","position":3,"name":"Casi di successo","item":"https:\/\/www.overit.ai\/it\/clienti\/casi-di-successo\/"},{"@type":"ListItem","position":4,"name":"Efficace gestione e monitoraggio delle centrali elettriche su scala globale"}]},{"@type":"WebSite","@id":"https:\/\/www.overit.ai\/it\/#website","url":"https:\/\/www.overit.ai\/it\/","name":"OverIT","description":"Innovation in Field Service Management","publisher":{"@id":"https:\/\/www.overit.ai\/it\/#organization"},"potentialAction":[{"@type":"SearchAction","target":{"@type":"EntryPoint","urlTemplate":"https:\/\/www.overit.ai\/it\/?s={search_term_string}"},"query-input":{"@type":"PropertyValueSpecification","valueRequired":true,"valueName":"search_term_string"}}],"inLanguage":"it-IT"},{"@type":"Organization","@id":"https:\/\/www.overit.ai\/it\/#organization","name":"OverIT","url":"https:\/\/www.overit.ai\/it\/","logo":{"@type":"ImageObject","inLanguage":"it-IT","@id":"https:\/\/www.overit.ai\/it\/#\/schema\/logo\/image\/","url":"https:\/\/www.overit.ai\/app\/uploads\/2021\/10\/OverIT-logo-400.png","contentUrl":"https:\/\/www.overit.ai\/app\/uploads\/2021\/10\/OverIT-logo-400.png","width":400,"height":250,"caption":"OverIT"},"image":{"@id":"https:\/\/www.overit.ai\/it\/#\/schema\/logo\/image\/"}}]}},"_links":{"self":[{"href":"https:\/\/www.overit.ai\/it\/wp-json\/wp\/v2\/pages\/1786","targetHints":{"allow":["GET"]}}],"collection":[{"href":"https:\/\/www.overit.ai\/it\/wp-json\/wp\/v2\/pages"}],"about":[{"href":"https:\/\/www.overit.ai\/it\/wp-json\/wp\/v2\/types\/page"}],"author":[{"embeddable":true,"href":"https:\/\/www.overit.ai\/it\/wp-json\/wp\/v2\/users\/3"}],"replies":[{"embeddable":true,"href":"https:\/\/www.overit.ai\/it\/wp-json\/wp\/v2\/comments?post=1786"}],"version-history":[{"count":73,"href":"https:\/\/www.overit.ai\/it\/wp-json\/wp\/v2\/pages\/1786\/revisions"}],"predecessor-version":[{"id":70703,"href":"https:\/\/www.overit.ai\/it\/wp-json\/wp\/v2\/pages\/1786\/revisions\/70703"}],"up":[{"embeddable":true,"href":"https:\/\/www.overit.ai\/it\/wp-json\/wp\/v2\/pages\/270"}],"wp:featuredmedia":[{"embeddable":true,"href":"https:\/\/www.overit.ai\/it\/wp-json\/wp\/v2\/media\/4871"}],"wp:attachment":[{"href":"https:\/\/www.overit.ai\/it\/wp-json\/wp\/v2\/media?parent=1786"}],"wp:term":[{"taxonomy":"case_study_category","embeddable":true,"href":"https:\/\/www.overit.ai\/it\/wp-json\/wp\/v2\/case_study_category?post=1786"}],"curies":[{"name":"wp","href":"https:\/\/api.w.org\/{rel}","templated":true}]}}