{"id":1497,"date":"2020-11-24T12:04:37","date_gmt":"2020-11-24T12:04:37","guid":{"rendered":"https:\/\/www.overit.ai\/it\/?page_id=1497"},"modified":"2026-04-28T10:10:40","modified_gmt":"2026-04-28T10:10:40","slug":"gartner-emerging-technologies-top-use-cases-for-enterprise-augmented-reality","status":"publish","type":"page","link":"https:\/\/www.overit.ai\/it\/report-analisti\/gartner\/gartner-emerging-technologies-top-use-cases-for-enterprise-augmented-reality\/","title":{"rendered":"Gartner &#8211; Emerging Technologies: Top Use Cases for Enterprise Augmented Reality"},"content":{"rendered":"<div\n  class=\"overit-block overit-block--white overit-radius-none overit-no-margin overit-no-padding \n  overit-block-full-width-top-banner\"\n        >\n  \n  <div class=\"overit-block-wrapper\">\n\n\n<section class=\"block-fwtb\">\n  <div class=\"block-fwtb__bg \">\n    <div class=\"block-fwtb__content block-fwtb__content--light\">\n                        <div class=\"block-fwtb__title\" data-aos=\"zoom-in\">GARTNER<\/div>\n                                              <h1 class=\"block-fwtb__subtitle \" data-aos=\"zoom-in\" data-aos-delay=\"200\">Emerging Technologies: Top Use Cases for Enterprise Augmented Reality<\/h1>\n                        <\/div>\n          <div class=\"block-fwtb__bg_image\" style=\"background: linear-gradient(0deg, rgba(0, 0, 0, 0), rgba(0, 0, 0, 0)), url('https:\/\/www.overit.ai\/app\/uploads\/2020\/11\/Gartner-Emerging-Technologies-Top-Use-Cases-for-Enterprise-Augmented-Reality.jpg') center center\"><\/div>\n      <\/div>\n<\/section>\n\n<\/div><!-- .overit-block-wrapper -->\n<\/div><!-- .overit-block -->\n\n\n<div\n  class=\"overit-block overit-block--white overit-radius-full overit-margin-small overit-padding-small \n  overit-block-configurable-jumbotron\"\n        >\n  \n  <div class=\"overit-block-wrapper\">\n\n<section class=\"configurable-jumbotron left\" >\n    \n                  <h2  class=\"cj-title medium\">OverIT inclusa nella ricerca di Gartner<sup>\u00ae<\/sup> \u201cEmerging Technologies: Top Use Cases for Enterprise Augmented Reality\u201d<\/h2 >\n          \n                  <div class=\"cj-subtitle small\"><p>Un\u2019analisi dedicata ai leader di prodotto che approfondisce i casi d\u2019uso di Realt\u00e0 Aumentata pi\u00f9 rilevanti per le imprese.<\/p>\n<p>OverIT \u00e8 stata inclusa nella ricerca di Gartner<sup>\u00ae<\/sup> \u201cEmerging Technologies: Top Use Cases for Enterprise Augmented Reality\u201d, redatta da Tuong Nguyen e pubblicata il 10 settembre 2020. Secondo il report, \u201cla Realt\u00e0 Aumentata sta cambiando il modo in cui gli operatori in campo lavorano con beni fisici, prodotti e asset. \u00c8 necessario che i leader di prodotto in ambito AR diano priorit\u00e0 ai casi d\u2019uso mirati allo sviluppo del potenziale dei lavoratori da remoto e all\u2019efficienza delle linee di montaggio, nonch\u00e9 all\u2019estensione delle prospettive di utilizzo della Realt\u00e0 Aumentata in combinazione con altre soluzioni\u201d.<\/p>\n<p>OverIT \u00e8 stata nominata tra gli esempi di fornitori di software AR specifici per l\u2019impresa. L\u2019analisi riporta che \u201ci pi\u00f9 diffusi casi d\u2019uso della Realt\u00e0 Aumentata riguardano l\u2019ispezione dei beni strumentali. Le applicazioni AR a supporto delle linee di montaggio hanno dimostrato netti miglioramenti in termini di efficienza ed efficacia. Le esperienze di utilizzo dell\u2019AR tramite head-mounted display (HMD) sono promettenti, soprattutto per attivit\u00e0 ordinarie rispetto ad attivit\u00e0 straordinarie, limitandone cos\u00ec un\u2019adozione pi\u00f9 ampia\u201d.<\/p>\n<p>Citando il report, \u201centro il 2026, il 75% dei settori ad elevata intensit\u00e0 di investimenti in beni strumentali utilizzer\u00e0 la Realt\u00e0 Aumentata come componente chiave per ridurre\/contenere i costi relativi agli operatori sul campo\u201d. Sulla base di questa previsione, continueremo ad identificare nuove opportunit\u00e0 nei settori che impiegano un numero elevato di lavoratori in prima linea, migliorando gli strumenti volti ad agevolarli nel supporto da remoto o in attivit\u00e0 di ispezione, montaggio, manutenzione e riparazione, al fine di ridurre ulteriormente le tempistiche per la risoluzione di problemi e la formazione delle risorse, e al contempo aumentare la produttivit\u00e0, l\u2019efficienza e la sicurezza, grazie alla combinazione di Realt\u00e0 Aumentata e Intelligenza Artificiale.<\/p>\n<\/div>\n          \n        <\/section>\n\n<\/div><!-- .overit-block-wrapper -->\n<\/div><!-- .overit-block -->\n\n\n<div\n  class=\"overit-block overit-block--white overit-radius-full overit-no-margin overit-padding-medium-bottom \n  overit-block-customer-disclaimer\"\n        >\n  \n  <div class=\"overit-block-wrapper\">\n\n<div class=\"cdisclaimer\">\n  <div class=\"cdisclaimer__bg\">&nbsp;<\/div>\n  <div class=\"cdisclaimer__content\">\n    <div class=\"cdisclaimer__title-cont\">\n      <div class=\"cdisclaimer__img\">\n        <img decoding=\"async\" src=\"https:\/\/www.overit.ai\/app\/themes\/overit-theme\/dist\/images\/citation_d93c975a.svg\" alt=\"citation symbol\" \/>\n      <\/div>\n      <div class=\"cdisclaimer__title\">\n        Disclaimer di Gartner\n      <\/div>\n    <\/div>\n    <div class=\"cdisclaimer__description\" data-aos=\"fade-left\">\n      <p>Gartner non appoggia nessun fornitore, prodotto o servizio descritto nelle sue pubblicazioni di ricerca, e non consiglia gli utenti di tecnologie a scegliere i fornitori con le valutazioni pi\u00f9 elevate o con altre valutazioni. Le pubblicazioni di ricerca di Gartner sono delle opinioni dell\u2019organizzazione di ricerca e non devono essere interpretate come affermazioni di fatto. Gartner non d\u00e0 alcuna garanzia, espressa o implicita, relativamente a questa ricerca, inclusa qualsiasi garanzia di commerciabilit\u00e0 o idoneit\u00e0 per uno scopo particolare.<\/p>\n\n    <\/div>\n  <\/div>\n<\/div>\n\n<\/div><!-- .overit-block-wrapper -->\n<\/div><!-- .overit-block -->\n\n\n<div\n  class=\"overit-block overit-block--white overit-radius-full overit-margin-small-top overit-no-padding \n  overit-block-configurable-jumbotron\"\n        >\n  \n  <div class=\"overit-block-wrapper\">\n\n<section class=\"configurable-jumbotron center\" >\n                  <div class=\"cj-section-title\">REPORT DEGLI ANALISTI<\/div>\n          \n                  <div class=\"cj-title medium\">OverIT si impegna per essere riconosciuta come azienda innovativa nel settore del Field Service Management. Siamo orgogliosi di essere menzionati nei report delle societ\u00e0 di consulenza e ricerca IT leader a livello mondiale.<\/div>\n          \n                  <div class=\"cj-subtitle medium\"><p>Vuoi sapere di pi\u00f9 sulle principali societ\u00e0 di consulenza e ricerca IT? Dai un&#8217;occhiata ai loro report su OverIT.<\/p>\n<\/div>\n          \n        <\/section>\n\n<\/div><!-- .overit-block-wrapper -->\n<\/div><!-- .overit-block -->\n\n\n<div\n  class=\"overit-block overit-block--white overit-radius-full overit-margin-small-bottom overit-padding-medium \n  overit-block-industries-sections\"\n        >\n  \n  <div class=\"overit-block-wrapper\">\n\n  <div class=\"industries-tiles\">\n     \n              <a class=\"industries-tiles__link \" href=\"\/it\/report-analisti\/gartner\/\">\n          <div class=\"industries-tiles__tile\">\n                            <div class=\"industries-tiles__icon\">\n                        <i style=\"color: #FF8200;font-size: 32px;\" class=\"fa-classic fa-light fa-file-chart-column\" aria-hidden=\"true\"><\/i>\n          <\/div>\n                <div class=\"industries-tiles__title\">\n          Report Gartner\n        <\/div>\n      <\/div>\n          <\/a>\n         \n              <a class=\"industries-tiles__link \" href=\"\/it\/report-analisti\/idc\/\">\n          <div class=\"industries-tiles__tile\">\n                            <div class=\"industries-tiles__icon\">\n                        <i style=\"color: #FF8200;font-size: 32px;\" class=\"fa-classic fa-light fa-file-chart-column\" aria-hidden=\"true\"><\/i>\n          <\/div>\n                <div class=\"industries-tiles__title\">\n          Report IDC\n        <\/div>\n      <\/div>\n          <\/a>\n         \n              <a class=\"industries-tiles__link \" href=\"\/it\/report-analisti\/forrester\/\">\n          <div class=\"industries-tiles__tile\">\n                            <div class=\"industries-tiles__icon\">\n                        <i style=\"color: #FF8200;font-size: 32px;\" class=\"fa-classic fa-light fa-file-chart-column\" aria-hidden=\"true\"><\/i>\n          <\/div>\n                <div class=\"industries-tiles__title\">\n          Report Forrester\n        <\/div>\n      <\/div>\n          <\/a>\n         \n              <a class=\"industries-tiles__link \" href=\"\/it\/report-analisti\/constellation-research\/\">\n          <div class=\"industries-tiles__tile\">\n                            <div class=\"industries-tiles__icon\">\n                        <i style=\"color: #FF8200;font-size: 32px;\" class=\"fa-classic fa-light fa-file-chart-column\" aria-hidden=\"true\"><\/i>\n          <\/div>\n                <div class=\"industries-tiles__title\">\n          Report Constellation Research\n        <\/div>\n      <\/div>\n          <\/a>\n          <\/div>\n\n<\/div><!-- .overit-block-wrapper -->\n<\/div><!-- .overit-block -->\n","protected":false},"excerpt":{"rendered":"","protected":false},"author":3,"featured_media":0,"parent":272,"menu_order":0,"comment_status":"closed","ping_status":"closed","template":"","meta":{"_acf_changed":false,"footnotes":""},"case_study_category":[],"class_list":["post-1497","page","type-page","status-publish","hentry"],"acf":[],"yoast_head":"<!-- This site is optimized with the Yoast SEO Premium plugin v25.6 (Yoast SEO v25.6) - https:\/\/yoast.com\/wordpress\/plugins\/seo\/ -->\n<title>Gartner Emerging Technologies: Top Use Cases for Enterprise AR<\/title>\n<meta name=\"description\" content=\"Gartner valuta OverIT quale vendor leader nell&#039;AR per le imprese grazie ad applicazioni AR a supporto della manutenzione e ispezione di asset\" \/>\n<meta name=\"robots\" content=\"index, follow, max-snippet:-1, max-image-preview:large, max-video-preview:-1\" \/>\n<link rel=\"canonical\" href=\"https:\/\/www.overit.ai\/it\/report-analisti\/gartner\/gartner-emerging-technologies-top-use-cases-for-enterprise-augmented-reality\/\" \/>\n<meta property=\"og:locale\" content=\"it_IT\" \/>\n<meta property=\"og:type\" content=\"article\" \/>\n<meta property=\"og:title\" content=\"Gartner - Emerging Technologies: Top Use Cases for Enterprise Augmented Reality\" \/>\n<meta property=\"og:description\" content=\"Gartner valuta OverIT quale vendor leader nell&#039;AR per le imprese grazie ad applicazioni AR a supporto della manutenzione e ispezione di asset\" \/>\n<meta property=\"og:url\" content=\"https:\/\/www.overit.ai\/it\/report-analisti\/gartner\/gartner-emerging-technologies-top-use-cases-for-enterprise-augmented-reality\/\" \/>\n<meta property=\"og:site_name\" content=\"OverIT\" \/>\n<meta property=\"article:modified_time\" content=\"2026-04-28T10:10:40+00:00\" \/>\n<meta property=\"og:image\" content=\"https:\/\/www.overit.ai\/app\/uploads\/2020\/11\/Gartner-Emerging-Technologies-Top-Use-Cases-for-Enterprise-Augmented-Reality.jpg\" \/>\n\t<meta property=\"og:image:width\" content=\"2000\" \/>\n\t<meta property=\"og:image:height\" content=\"760\" \/>\n\t<meta property=\"og:image:type\" content=\"image\/jpeg\" \/>\n<meta name=\"twitter:card\" content=\"summary_large_image\" \/>\n<meta name=\"twitter:label1\" content=\"Est. reading time\" \/>\n\t<meta name=\"twitter:data1\" content=\"3 minutes\" \/>\n<script type=\"application\/ld+json\" class=\"yoast-schema-graph\">{\"@context\":\"https:\/\/schema.org\",\"@graph\":[{\"@type\":\"WebPage\",\"@id\":\"https:\/\/www.overit.ai\/it\/report-analisti\/gartner\/gartner-emerging-technologies-top-use-cases-for-enterprise-augmented-reality\/\",\"url\":\"https:\/\/www.overit.ai\/it\/report-analisti\/gartner\/gartner-emerging-technologies-top-use-cases-for-enterprise-augmented-reality\/\",\"name\":\"Gartner Emerging Technologies: Top Use Cases for Enterprise AR\",\"isPartOf\":{\"@id\":\"https:\/\/www.overit.ai\/it\/#website\"},\"datePublished\":\"2020-11-24T12:04:37+00:00\",\"dateModified\":\"2026-04-28T10:10:40+00:00\",\"description\":\"Gartner valuta OverIT quale vendor leader nell'AR per le imprese grazie ad applicazioni AR a supporto della manutenzione e ispezione di asset\",\"breadcrumb\":{\"@id\":\"https:\/\/www.overit.ai\/it\/report-analisti\/gartner\/gartner-emerging-technologies-top-use-cases-for-enterprise-augmented-reality\/#breadcrumb\"},\"inLanguage\":\"it-IT\",\"potentialAction\":[{\"@type\":\"ReadAction\",\"target\":[\"https:\/\/www.overit.ai\/it\/report-analisti\/gartner\/gartner-emerging-technologies-top-use-cases-for-enterprise-augmented-reality\/\"]}]},{\"@type\":\"BreadcrumbList\",\"@id\":\"https:\/\/www.overit.ai\/it\/report-analisti\/gartner\/gartner-emerging-technologies-top-use-cases-for-enterprise-augmented-reality\/#breadcrumb\",\"itemListElement\":[{\"@type\":\"ListItem\",\"position\":1,\"name\":\"Home\",\"item\":\"https:\/\/www.overit.ai\/it\/\"},{\"@type\":\"ListItem\",\"position\":2,\"name\":\"Report degli Analisti\",\"item\":\"https:\/\/www.overit.ai\/it\/report-analisti\/\"},{\"@type\":\"ListItem\",\"position\":3,\"name\":\"Gartner\",\"item\":\"https:\/\/www.overit.ai\/it\/report-analisti\/gartner\/\"},{\"@type\":\"ListItem\",\"position\":4,\"name\":\"Gartner &#8211; Emerging Technologies: Top Use Cases for Enterprise Augmented Reality\"}]},{\"@type\":\"WebSite\",\"@id\":\"https:\/\/www.overit.ai\/it\/#website\",\"url\":\"https:\/\/www.overit.ai\/it\/\",\"name\":\"OverIT\",\"description\":\"Innovation in Field Service Management\",\"publisher\":{\"@id\":\"https:\/\/www.overit.ai\/it\/#organization\"},\"potentialAction\":[{\"@type\":\"SearchAction\",\"target\":{\"@type\":\"EntryPoint\",\"urlTemplate\":\"https:\/\/www.overit.ai\/it\/?s={search_term_string}\"},\"query-input\":{\"@type\":\"PropertyValueSpecification\",\"valueRequired\":true,\"valueName\":\"search_term_string\"}}],\"inLanguage\":\"it-IT\"},{\"@type\":\"Organization\",\"@id\":\"https:\/\/www.overit.ai\/it\/#organization\",\"name\":\"OverIT\",\"url\":\"https:\/\/www.overit.ai\/it\/\",\"logo\":{\"@type\":\"ImageObject\",\"inLanguage\":\"it-IT\",\"@id\":\"https:\/\/www.overit.ai\/it\/#\/schema\/logo\/image\/\",\"url\":\"https:\/\/www.overit.ai\/app\/uploads\/2021\/10\/OverIT-logo-400.png\",\"contentUrl\":\"https:\/\/www.overit.ai\/app\/uploads\/2021\/10\/OverIT-logo-400.png\",\"width\":400,\"height\":250,\"caption\":\"OverIT\"},\"image\":{\"@id\":\"https:\/\/www.overit.ai\/it\/#\/schema\/logo\/image\/\"}}]}<\/script>\n<!-- \/ Yoast SEO Premium plugin. -->","yoast_head_json":{"title":"Gartner Emerging Technologies: Top Use Cases for Enterprise AR","description":"Gartner valuta OverIT quale vendor leader nell'AR per le imprese grazie ad applicazioni AR a supporto della manutenzione e ispezione di asset","robots":{"index":"index","follow":"follow","max-snippet":"max-snippet:-1","max-image-preview":"max-image-preview:large","max-video-preview":"max-video-preview:-1"},"canonical":"https:\/\/www.overit.ai\/it\/report-analisti\/gartner\/gartner-emerging-technologies-top-use-cases-for-enterprise-augmented-reality\/","og_locale":"it_IT","og_type":"article","og_title":"Gartner - Emerging Technologies: Top Use Cases for Enterprise Augmented Reality","og_description":"Gartner valuta OverIT quale vendor leader nell'AR per le imprese grazie ad applicazioni AR a supporto della manutenzione e ispezione di asset","og_url":"https:\/\/www.overit.ai\/it\/report-analisti\/gartner\/gartner-emerging-technologies-top-use-cases-for-enterprise-augmented-reality\/","og_site_name":"OverIT","article_modified_time":"2026-04-28T10:10:40+00:00","og_image":[{"width":2000,"height":760,"url":"https:\/\/www.overit.ai\/app\/uploads\/2020\/11\/Gartner-Emerging-Technologies-Top-Use-Cases-for-Enterprise-Augmented-Reality.jpg","type":"image\/jpeg"}],"twitter_card":"summary_large_image","twitter_misc":{"Est. reading time":"3 minutes"},"schema":{"@context":"https:\/\/schema.org","@graph":[{"@type":"WebPage","@id":"https:\/\/www.overit.ai\/it\/report-analisti\/gartner\/gartner-emerging-technologies-top-use-cases-for-enterprise-augmented-reality\/","url":"https:\/\/www.overit.ai\/it\/report-analisti\/gartner\/gartner-emerging-technologies-top-use-cases-for-enterprise-augmented-reality\/","name":"Gartner Emerging Technologies: Top Use Cases for Enterprise AR","isPartOf":{"@id":"https:\/\/www.overit.ai\/it\/#website"},"datePublished":"2020-11-24T12:04:37+00:00","dateModified":"2026-04-28T10:10:40+00:00","description":"Gartner valuta OverIT quale vendor leader nell'AR per le imprese grazie ad applicazioni AR a supporto della manutenzione e ispezione di asset","breadcrumb":{"@id":"https:\/\/www.overit.ai\/it\/report-analisti\/gartner\/gartner-emerging-technologies-top-use-cases-for-enterprise-augmented-reality\/#breadcrumb"},"inLanguage":"it-IT","potentialAction":[{"@type":"ReadAction","target":["https:\/\/www.overit.ai\/it\/report-analisti\/gartner\/gartner-emerging-technologies-top-use-cases-for-enterprise-augmented-reality\/"]}]},{"@type":"BreadcrumbList","@id":"https:\/\/www.overit.ai\/it\/report-analisti\/gartner\/gartner-emerging-technologies-top-use-cases-for-enterprise-augmented-reality\/#breadcrumb","itemListElement":[{"@type":"ListItem","position":1,"name":"Home","item":"https:\/\/www.overit.ai\/it\/"},{"@type":"ListItem","position":2,"name":"Report degli Analisti","item":"https:\/\/www.overit.ai\/it\/report-analisti\/"},{"@type":"ListItem","position":3,"name":"Gartner","item":"https:\/\/www.overit.ai\/it\/report-analisti\/gartner\/"},{"@type":"ListItem","position":4,"name":"Gartner &#8211; Emerging Technologies: Top Use Cases for Enterprise Augmented Reality"}]},{"@type":"WebSite","@id":"https:\/\/www.overit.ai\/it\/#website","url":"https:\/\/www.overit.ai\/it\/","name":"OverIT","description":"Innovation in Field Service Management","publisher":{"@id":"https:\/\/www.overit.ai\/it\/#organization"},"potentialAction":[{"@type":"SearchAction","target":{"@type":"EntryPoint","urlTemplate":"https:\/\/www.overit.ai\/it\/?s={search_term_string}"},"query-input":{"@type":"PropertyValueSpecification","valueRequired":true,"valueName":"search_term_string"}}],"inLanguage":"it-IT"},{"@type":"Organization","@id":"https:\/\/www.overit.ai\/it\/#organization","name":"OverIT","url":"https:\/\/www.overit.ai\/it\/","logo":{"@type":"ImageObject","inLanguage":"it-IT","@id":"https:\/\/www.overit.ai\/it\/#\/schema\/logo\/image\/","url":"https:\/\/www.overit.ai\/app\/uploads\/2021\/10\/OverIT-logo-400.png","contentUrl":"https:\/\/www.overit.ai\/app\/uploads\/2021\/10\/OverIT-logo-400.png","width":400,"height":250,"caption":"OverIT"},"image":{"@id":"https:\/\/www.overit.ai\/it\/#\/schema\/logo\/image\/"}}]}},"_links":{"self":[{"href":"https:\/\/www.overit.ai\/it\/wp-json\/wp\/v2\/pages\/1497","targetHints":{"allow":["GET"]}}],"collection":[{"href":"https:\/\/www.overit.ai\/it\/wp-json\/wp\/v2\/pages"}],"about":[{"href":"https:\/\/www.overit.ai\/it\/wp-json\/wp\/v2\/types\/page"}],"author":[{"embeddable":true,"href":"https:\/\/www.overit.ai\/it\/wp-json\/wp\/v2\/users\/3"}],"replies":[{"embeddable":true,"href":"https:\/\/www.overit.ai\/it\/wp-json\/wp\/v2\/comments?post=1497"}],"version-history":[{"count":55,"href":"https:\/\/www.overit.ai\/it\/wp-json\/wp\/v2\/pages\/1497\/revisions"}],"predecessor-version":[{"id":73244,"href":"https:\/\/www.overit.ai\/it\/wp-json\/wp\/v2\/pages\/1497\/revisions\/73244"}],"up":[{"embeddable":true,"href":"https:\/\/www.overit.ai\/it\/wp-json\/wp\/v2\/pages\/272"}],"wp:attachment":[{"href":"https:\/\/www.overit.ai\/it\/wp-json\/wp\/v2\/media?parent=1497"}],"wp:term":[{"taxonomy":"case_study_category","embeddable":true,"href":"https:\/\/www.overit.ai\/it\/wp-json\/wp\/v2\/case_study_category?post=1497"}],"curies":[{"name":"wp","href":"https:\/\/api.w.org\/{rel}","templated":true}]}}