{"id":1422,"date":"2020-11-24T10:56:08","date_gmt":"2020-11-24T10:56:08","guid":{"rendered":"https:\/\/www.overit.ai\/it\/?page_id=1422"},"modified":"2024-09-30T14:48:26","modified_gmt":"2024-09-30T14:48:26","slug":"gartner-critical-capabilities-per-il-field-service-management","status":"publish","type":"page","link":"https:\/\/www.overit.ai\/it\/report-analisti\/gartner\/gartner-critical-capabilities-per-il-field-service-management\/","title":{"rendered":"Gartner &#8211; Critical Capabilities for Field Service Management"},"content":{"rendered":"<div\n  class=\"overit-block overit-block--white overit-radius-full overit-no-margin overit-no-padding \n  overit-block-full-width-top-banner\"\n        >\n  \n  <div class=\"overit-block-wrapper\">\n\n\n<section class=\"block-fwtb\">\n  <div class=\"block-fwtb__bg \">\n    <div class=\"block-fwtb__content block-fwtb__content--light\">\n                        <div class=\"block-fwtb__title\" data-aos=\"zoom-in\">GARTNER<\/div>\n                                              <h1 class=\"block-fwtb__subtitle \" data-aos=\"zoom-in\" data-aos-delay=\"200\">Critical Capabilities for Field Service Management<\/h1>\n                        <\/div>\n          <div class=\"block-fwtb__bg_image\" style=\"background: linear-gradient(0deg, rgba(0, 0, 0, 0), rgba(0, 0, 0, 0)), url('https:\/\/www.overit.ai\/app\/uploads\/2020\/11\/gartner-critical-capabilities-per-il-field-service-management.jpg') center center\"><\/div>\n      <\/div>\n<\/section>\n\n<\/div><!-- .overit-block-wrapper -->\n<\/div><!-- .overit-block -->\n\n\n<div\n  class=\"overit-block overit-block--white overit-radius-full overit-margin-small overit-padding-small \n  overit-block-configurable-jumbotron\"\n        >\n  \n  <div class=\"overit-block-wrapper\">\n\n<section class=\"configurable-jumbotron left\" >\n    \n                  <h2  class=\"cj-title medium\">Una guida per i CIO che desiderano perfezionare il servizio clienti avvalendosi delle migliori tecnologie sul mercato<\/h2 >\n          \n                  <div class=\"cj-subtitle medium\"><p>Anche quest\u2019anno OverIT \u00e8 stata inclusa nell\u2019analisi \u201cCritical Capabilities for Field Service Management\u201d di Gartner<sup>\u00ae<\/sup>, redatta da Jim Robinson e Naved Rashid e pubblicata il 2 settembre 2020. Secondo il report, \u201cle priorit\u00e0 delle applicazioni per il Field Service Management variano significativamente a seconda dei casi d\u2019uso, motivo per cui i vendor vengono confrontati sulla base di nove categorie di funzionalit\u00e0, a cui viene data diversa importanza a seconda dei tre casi d\u2019uso considerati. I CIO possono sfruttare questa ricerca, combinata al Magic Quadrant, come parte di un pi\u00f9 ampio processo di valutazione\u201d.<\/p>\n<p>OverIT \u00e8 stata valutata per i casi d\u2019uso \u201cAppointment-Centric: Volatility in Schedules\u201d, \u201cEquipment-Centric: Complex Service and Support\u201d e \u201cOutcome-Centric: Equipment as a Service\u201d.<\/p>\n<p>Siamo orgogliosi di far parte di questa ricerca. Lavoriamo costantemente per continuare a migliorare <a href=\"https:\/\/www.overit.ai\/it\/piattaforma\/\" title=\"field service software\">NextGen FSM<\/a> e le sue future versioni, aggiungendo funzionalit\u00e0 innovative basate su tecnologie all\u2019avanguardia (come Intelligenza Artificiale e Machine Learning), per stabilire nuovi standard nel mercato del Field Service Management, sempre in rapida crescita e continua evoluzione.<\/p>\n<\/div>\n          \n        <\/section>\n\n<\/div><!-- .overit-block-wrapper -->\n<\/div><!-- .overit-block -->\n\n\n<div\n  class=\"overit-block overit-block--white overit-radius-full overit-margin-small-bottom overit-padding-medium-bottom \n  overit-block-customer-disclaimer\"\n        >\n  \n  <div class=\"overit-block-wrapper\">\n\n<div class=\"cdisclaimer\">\n  <div class=\"cdisclaimer__bg\">&nbsp;<\/div>\n  <div class=\"cdisclaimer__content\">\n    <div class=\"cdisclaimer__title-cont\">\n      <div class=\"cdisclaimer__img\">\n        <img decoding=\"async\" src=\"https:\/\/www.overit.ai\/app\/themes\/overit-theme\/dist\/images\/citation_d93c975a.svg\" alt=\"citation symbol\" \/>\n      <\/div>\n      <div class=\"cdisclaimer__title\">\n        Disclaimer di Gartner\n      <\/div>\n    <\/div>\n    <div class=\"cdisclaimer__description\" data-aos=\"fade-left\">\n      <p>Gartner non appoggia nessun fornitore, prodotto o servizio descritto nelle sue pubblicazioni di ricerca, e non consiglia gli utenti di tecnologie a scegliere i fornitori con le valutazioni pi\u00f9 elevate o con altre valutazioni. Le pubblicazioni di ricerca di Gartner sono delle opinioni dell\u2019organizzazione di ricerca e non devono essere interpretate come affermazioni di fatto. Gartner non d\u00e0 alcuna garanzia, espressa o implicita, relativamente a questa ricerca, inclusa qualsiasi garanzia di commerciabilit\u00e0 o idoneit\u00e0 per uno scopo particolare.<\/p>\n\n    <\/div>\n  <\/div>\n<\/div>\n\n<\/div><!-- .overit-block-wrapper -->\n<\/div><!-- .overit-block -->\n\n\n<div\n  class=\"overit-block overit-block--white overit-radius-full overit-margin-small-top overit-no-padding \n  overit-block-configurable-jumbotron\"\n        >\n  \n  <div class=\"overit-block-wrapper\">\n\n<section class=\"configurable-jumbotron center\" >\n                  <div class=\"cj-section-title\">REPORT DEGLI ANALISTI<\/div>\n          \n                  <div class=\"cj-title medium\">OverIT si impegna per essere riconosciuta come azienda innovativa nel settore del Field Service Management. Siamo orgogliosi di essere menzionati nei report delle societ\u00e0 di consulenza e ricerca IT leader a livello mondiale.<\/div>\n          \n                  <div class=\"cj-subtitle medium\"><p>Vuoi sapere di pi\u00f9 sulle principali societ\u00e0 di consulenza e ricerca IT? Dai un&#8217;occhiata ai loro report su OverIT.<\/p>\n<\/div>\n          \n        <\/section>\n\n<\/div><!-- .overit-block-wrapper -->\n<\/div><!-- .overit-block -->\n\n\n<div\n  class=\"overit-block overit-block--white overit-radius-full overit-no-margin overit-padding-medium \n  overit-block-industries-sections\"\n        >\n  \n  <div class=\"overit-block-wrapper\">\n\n  <div class=\"industries-tiles\">\n     \n              <a class=\"industries-tiles__link \" href=\"\/it\/report-analisti\/gartner\/\">\n          <div class=\"industries-tiles__tile\">\n                <div class=\"industries-tiles__title\">\n          Vai ai report Gartner\n        <\/div>\n      <\/div>\n          <\/a>\n         \n              <a class=\"industries-tiles__link \" href=\"\/it\/report-analisti\/idc\/\">\n          <div class=\"industries-tiles__tile\">\n                <div class=\"industries-tiles__title\">\n          Vai ai report IDC\n        <\/div>\n      <\/div>\n          <\/a>\n         \n              <a class=\"industries-tiles__link \" href=\"\/it\/report-analisti\/forrester\/\">\n          <div class=\"industries-tiles__tile\">\n                <div class=\"industries-tiles__title\">\n          Vai ai report Forrester\n        <\/div>\n      <\/div>\n          <\/a>\n         \n              <a class=\"industries-tiles__link \" href=\"\/it\/report-analisti\/constellation-research\/\">\n          <div class=\"industries-tiles__tile\">\n                <div class=\"industries-tiles__title\">\n          Vai ai report Constellation Research\n        <\/div>\n      <\/div>\n          <\/a>\n          <\/div>\n\n<\/div><!-- .overit-block-wrapper -->\n<\/div><!-- .overit-block -->\n","protected":false},"excerpt":{"rendered":"","protected":false},"author":3,"featured_media":0,"parent":272,"menu_order":0,"comment_status":"closed","ping_status":"closed","template":"","meta":{"_acf_changed":false,"footnotes":""},"case_study_category":[],"class_list":["post-1422","page","type-page","status-publish","hentry"],"acf":[],"yoast_head":"<!-- This site is optimized with the Yoast SEO Premium plugin v25.6 (Yoast SEO v25.6) - https:\/\/yoast.com\/wordpress\/plugins\/seo\/ -->\n<title>Gartner Critical Capabilities per il Field Service Management FSM<\/title>\n<meta name=\"description\" content=\"OverIT riconosciuta da Gartner nel report Critical Capabilities per il FSM per competenze nella gestione dei processi di FSM sul campo\" \/>\n<meta name=\"robots\" content=\"index, follow, max-snippet:-1, max-image-preview:large, max-video-preview:-1\" \/>\n<link rel=\"canonical\" href=\"https:\/\/www.overit.ai\/it\/report-analisti\/gartner\/gartner-critical-capabilities-per-il-field-service-management\/\" \/>\n<meta property=\"og:locale\" content=\"it_IT\" \/>\n<meta property=\"og:type\" content=\"article\" \/>\n<meta property=\"og:title\" content=\"Gartner - Critical Capabilities for Field Service Management\" \/>\n<meta property=\"og:description\" content=\"OverIT riconosciuta da Gartner nel report Critical Capabilities per il FSM per competenze nella gestione dei processi di FSM sul campo\" \/>\n<meta property=\"og:url\" content=\"https:\/\/www.overit.ai\/it\/report-analisti\/gartner\/gartner-critical-capabilities-per-il-field-service-management\/\" \/>\n<meta property=\"og:site_name\" content=\"OverIT\" \/>\n<meta property=\"article:modified_time\" content=\"2024-09-30T14:48:26+00:00\" \/>\n<meta property=\"og:image\" content=\"https:\/\/www.overit.ai\/app\/uploads\/2020\/11\/gartner-critical-capabilities-per-il-field-service-management.jpg\" \/>\n\t<meta property=\"og:image:width\" content=\"2000\" \/>\n\t<meta property=\"og:image:height\" content=\"760\" \/>\n\t<meta property=\"og:image:type\" content=\"image\/jpeg\" \/>\n<meta name=\"twitter:card\" content=\"summary_large_image\" \/>\n<script type=\"application\/ld+json\" class=\"yoast-schema-graph\">{\"@context\":\"https:\/\/schema.org\",\"@graph\":[{\"@type\":\"WebPage\",\"@id\":\"https:\/\/www.overit.ai\/it\/report-analisti\/gartner\/gartner-critical-capabilities-per-il-field-service-management\/\",\"url\":\"https:\/\/www.overit.ai\/it\/report-analisti\/gartner\/gartner-critical-capabilities-per-il-field-service-management\/\",\"name\":\"Gartner Critical Capabilities per il Field Service Management FSM\",\"isPartOf\":{\"@id\":\"https:\/\/www.overit.ai\/it\/#website\"},\"datePublished\":\"2020-11-24T10:56:08+00:00\",\"dateModified\":\"2024-09-30T14:48:26+00:00\",\"description\":\"OverIT riconosciuta da Gartner nel report Critical Capabilities per il FSM per competenze nella gestione dei processi di FSM sul campo\",\"breadcrumb\":{\"@id\":\"https:\/\/www.overit.ai\/it\/report-analisti\/gartner\/gartner-critical-capabilities-per-il-field-service-management\/#breadcrumb\"},\"inLanguage\":\"it-IT\",\"potentialAction\":[{\"@type\":\"ReadAction\",\"target\":[\"https:\/\/www.overit.ai\/it\/report-analisti\/gartner\/gartner-critical-capabilities-per-il-field-service-management\/\"]}]},{\"@type\":\"BreadcrumbList\",\"@id\":\"https:\/\/www.overit.ai\/it\/report-analisti\/gartner\/gartner-critical-capabilities-per-il-field-service-management\/#breadcrumb\",\"itemListElement\":[{\"@type\":\"ListItem\",\"position\":1,\"name\":\"Home\",\"item\":\"https:\/\/www.overit.ai\/it\/\"},{\"@type\":\"ListItem\",\"position\":2,\"name\":\"Report degli Analisti\",\"item\":\"https:\/\/www.overit.ai\/it\/report-analisti\/\"},{\"@type\":\"ListItem\",\"position\":3,\"name\":\"Gartner\",\"item\":\"https:\/\/www.overit.ai\/it\/report-analisti\/gartner\/\"},{\"@type\":\"ListItem\",\"position\":4,\"name\":\"Gartner &#8211; Critical Capabilities for Field Service Management\"}]},{\"@type\":\"WebSite\",\"@id\":\"https:\/\/www.overit.ai\/it\/#website\",\"url\":\"https:\/\/www.overit.ai\/it\/\",\"name\":\"OverIT\",\"description\":\"Innovation in Field Service Management\",\"publisher\":{\"@id\":\"https:\/\/www.overit.ai\/it\/#organization\"},\"potentialAction\":[{\"@type\":\"SearchAction\",\"target\":{\"@type\":\"EntryPoint\",\"urlTemplate\":\"https:\/\/www.overit.ai\/it\/?s={search_term_string}\"},\"query-input\":{\"@type\":\"PropertyValueSpecification\",\"valueRequired\":true,\"valueName\":\"search_term_string\"}}],\"inLanguage\":\"it-IT\"},{\"@type\":\"Organization\",\"@id\":\"https:\/\/www.overit.ai\/it\/#organization\",\"name\":\"OverIT\",\"url\":\"https:\/\/www.overit.ai\/it\/\",\"logo\":{\"@type\":\"ImageObject\",\"inLanguage\":\"it-IT\",\"@id\":\"https:\/\/www.overit.ai\/it\/#\/schema\/logo\/image\/\",\"url\":\"https:\/\/www.overit.ai\/app\/uploads\/2021\/10\/OverIT-logo-400.png\",\"contentUrl\":\"https:\/\/www.overit.ai\/app\/uploads\/2021\/10\/OverIT-logo-400.png\",\"width\":400,\"height\":250,\"caption\":\"OverIT\"},\"image\":{\"@id\":\"https:\/\/www.overit.ai\/it\/#\/schema\/logo\/image\/\"}}]}<\/script>\n<!-- \/ Yoast SEO Premium plugin. -->","yoast_head_json":{"title":"Gartner Critical Capabilities per il Field Service Management FSM","description":"OverIT riconosciuta da Gartner nel report Critical Capabilities per il FSM per competenze nella gestione dei processi di FSM sul campo","robots":{"index":"index","follow":"follow","max-snippet":"max-snippet:-1","max-image-preview":"max-image-preview:large","max-video-preview":"max-video-preview:-1"},"canonical":"https:\/\/www.overit.ai\/it\/report-analisti\/gartner\/gartner-critical-capabilities-per-il-field-service-management\/","og_locale":"it_IT","og_type":"article","og_title":"Gartner - Critical Capabilities for Field Service Management","og_description":"OverIT riconosciuta da Gartner nel report Critical Capabilities per il FSM per competenze nella gestione dei processi di FSM sul campo","og_url":"https:\/\/www.overit.ai\/it\/report-analisti\/gartner\/gartner-critical-capabilities-per-il-field-service-management\/","og_site_name":"OverIT","article_modified_time":"2024-09-30T14:48:26+00:00","og_image":[{"width":2000,"height":760,"url":"https:\/\/www.overit.ai\/app\/uploads\/2020\/11\/gartner-critical-capabilities-per-il-field-service-management.jpg","type":"image\/jpeg"}],"twitter_card":"summary_large_image","schema":{"@context":"https:\/\/schema.org","@graph":[{"@type":"WebPage","@id":"https:\/\/www.overit.ai\/it\/report-analisti\/gartner\/gartner-critical-capabilities-per-il-field-service-management\/","url":"https:\/\/www.overit.ai\/it\/report-analisti\/gartner\/gartner-critical-capabilities-per-il-field-service-management\/","name":"Gartner Critical Capabilities per il Field Service Management FSM","isPartOf":{"@id":"https:\/\/www.overit.ai\/it\/#website"},"datePublished":"2020-11-24T10:56:08+00:00","dateModified":"2024-09-30T14:48:26+00:00","description":"OverIT riconosciuta da Gartner nel report Critical Capabilities per il FSM per competenze nella gestione dei processi di FSM sul campo","breadcrumb":{"@id":"https:\/\/www.overit.ai\/it\/report-analisti\/gartner\/gartner-critical-capabilities-per-il-field-service-management\/#breadcrumb"},"inLanguage":"it-IT","potentialAction":[{"@type":"ReadAction","target":["https:\/\/www.overit.ai\/it\/report-analisti\/gartner\/gartner-critical-capabilities-per-il-field-service-management\/"]}]},{"@type":"BreadcrumbList","@id":"https:\/\/www.overit.ai\/it\/report-analisti\/gartner\/gartner-critical-capabilities-per-il-field-service-management\/#breadcrumb","itemListElement":[{"@type":"ListItem","position":1,"name":"Home","item":"https:\/\/www.overit.ai\/it\/"},{"@type":"ListItem","position":2,"name":"Report degli Analisti","item":"https:\/\/www.overit.ai\/it\/report-analisti\/"},{"@type":"ListItem","position":3,"name":"Gartner","item":"https:\/\/www.overit.ai\/it\/report-analisti\/gartner\/"},{"@type":"ListItem","position":4,"name":"Gartner &#8211; Critical Capabilities for Field Service Management"}]},{"@type":"WebSite","@id":"https:\/\/www.overit.ai\/it\/#website","url":"https:\/\/www.overit.ai\/it\/","name":"OverIT","description":"Innovation in Field Service Management","publisher":{"@id":"https:\/\/www.overit.ai\/it\/#organization"},"potentialAction":[{"@type":"SearchAction","target":{"@type":"EntryPoint","urlTemplate":"https:\/\/www.overit.ai\/it\/?s={search_term_string}"},"query-input":{"@type":"PropertyValueSpecification","valueRequired":true,"valueName":"search_term_string"}}],"inLanguage":"it-IT"},{"@type":"Organization","@id":"https:\/\/www.overit.ai\/it\/#organization","name":"OverIT","url":"https:\/\/www.overit.ai\/it\/","logo":{"@type":"ImageObject","inLanguage":"it-IT","@id":"https:\/\/www.overit.ai\/it\/#\/schema\/logo\/image\/","url":"https:\/\/www.overit.ai\/app\/uploads\/2021\/10\/OverIT-logo-400.png","contentUrl":"https:\/\/www.overit.ai\/app\/uploads\/2021\/10\/OverIT-logo-400.png","width":400,"height":250,"caption":"OverIT"},"image":{"@id":"https:\/\/www.overit.ai\/it\/#\/schema\/logo\/image\/"}}]}},"_links":{"self":[{"href":"https:\/\/www.overit.ai\/it\/wp-json\/wp\/v2\/pages\/1422","targetHints":{"allow":["GET"]}}],"collection":[{"href":"https:\/\/www.overit.ai\/it\/wp-json\/wp\/v2\/pages"}],"about":[{"href":"https:\/\/www.overit.ai\/it\/wp-json\/wp\/v2\/types\/page"}],"author":[{"embeddable":true,"href":"https:\/\/www.overit.ai\/it\/wp-json\/wp\/v2\/users\/3"}],"replies":[{"embeddable":true,"href":"https:\/\/www.overit.ai\/it\/wp-json\/wp\/v2\/comments?post=1422"}],"version-history":[{"count":47,"href":"https:\/\/www.overit.ai\/it\/wp-json\/wp\/v2\/pages\/1422\/revisions"}],"predecessor-version":[{"id":59646,"href":"https:\/\/www.overit.ai\/it\/wp-json\/wp\/v2\/pages\/1422\/revisions\/59646"}],"up":[{"embeddable":true,"href":"https:\/\/www.overit.ai\/it\/wp-json\/wp\/v2\/pages\/272"}],"wp:attachment":[{"href":"https:\/\/www.overit.ai\/it\/wp-json\/wp\/v2\/media?parent=1422"}],"wp:term":[{"taxonomy":"case_study_category","embeddable":true,"href":"https:\/\/www.overit.ai\/it\/wp-json\/wp\/v2\/case_study_category?post=1422"}],"curies":[{"name":"wp","href":"https:\/\/api.w.org\/{rel}","templated":true}]}}