{"id":67331,"date":"2026-01-27T11:36:55","date_gmt":"2026-01-27T11:36:55","guid":{"rendered":"https:\/\/www.overit.ai\/?page_id=67331"},"modified":"2026-01-27T11:36:56","modified_gmt":"2026-01-27T11:36:56","slug":"scenario-planning-for-infrastructure","status":"publish","type":"page","link":"https:\/\/www.overit.ai\/es\/plataforma\/gis-software\/scenario-planning-for-infrastructure\/","title":{"rendered":"Scenario planning for infrastructure"},"content":{"rendered":"<div\n  class=\"overit-block overit-block--light-gray overit-radius-full overit-no-margin overit-padding-small-top \n  overit-block-wide-info-image\"\n        >\n  \n  <div class=\"overit-block-wrapper\">\n\n\n\n\n<div class=\"wii right  \" id=\"\">\n        <div class=\"wii__content\" >\n                  <h1 class=\"wii__section-title\" style=\"\">Scenario planning for infrastructure<\/h1>\n          \n                      <h2 id=\"wii-title-69f6fdff7b57f\" class=\"wii__title\" style=\"  \">Un espacio de trabajo GIS unificado para dise\u00f1ar y simular escenarios futuros con inversiones m\u00e1s inteligentes<\/h2>\n          \n          <div class=\"wii__description\" style=\" \">\n        <p>Para las organizaciones que gestionan activos lineales, la construcci\u00f3n de nuevas infraestructuras exige precisi\u00f3n. Cada decisi\u00f3n depende de un dise\u00f1o y una planificaci\u00f3n meticulosos, equilibrando una amplia gama de factores: desde la complejidad del terreno y el impacto ambiental hasta los costes de construcci\u00f3n, los requisitos normativos y la fiabilidad a largo plazo. La b\u00fasqueda del escenario \u00f3ptimo es fundamental para blindar los proyectos frente a sobrecostes y retrasos, garantizando un crecimiento sostenible y rentable. <\/p>\n\n      <\/div>\n    \n        \n    \n    \n    \n      <\/div>\n  \n      <div class=\"wii__image\" >\n          <div class=\"overit-video\">\n                <div class=\"overit-video__iframe\" >\n          <iframe title=\"OverIT NextGen Platform 2026 Wave One - Scenario planning for infrastructure Video\" src=\"https:\/\/fast.wistia.net\/embed\/iframe\/sgdt3saml1?dnt=1\" allow=\"autoplay; fullscreen\" allowtransparency=\"true\" frameborder=\"0\" scrolling=\"no\" class=\"wistia_embed\" name=\"wistia_embed\" msallowfullscreen width=\"640\" height=\"360\"><\/iframe><script src=\"https:\/\/fast.wistia.net\/assets\/external\/E-v1.js\" async><\/script>        <\/div>\n      <\/div>\n      <\/div>\n  \n  <\/div>\n\n<\/div><!-- .overit-block-wrapper -->\n<\/div><!-- .overit-block -->\n\n\n<div\n  class=\"overit-block overit-block--white overit-radius-full overit-no-margin overit-padding-small overit-block--fullwidth\n  overit-block-configurable-jumbotron\"\n        >\n  \n  <div class=\"overit-block-wrapper\">\n\n<section class=\"configurable-jumbotron left\" >\n                  <div class=\"cj-section-title\">El reto<\/div>\n          \n                  <h2  class=\"cj-title small\">C\u00f3mo la complejidad y las restricciones frenan las decisiones de red<\/h2 >\n          \n                  <div class=\"cj-subtitle small\"><p>En un mundo en plena metamorfosis urbana, la concentraci\u00f3n de la poblaci\u00f3n en \u00e1reas densamente pobladas es una tendencia que se acelerar\u00e1 exponencialmente en los pr\u00f3ximos a\u00f1os. Este fen\u00f3meno ejerce una presi\u00f3n sin precedentes sobre las compa\u00f1\u00edas de servicios p\u00fablicos y los gestores de infraestructuras, oblig\u00e1ndolos a modernizar y expandir sus redes bajo criterios de sostenibilidad y resiliencia.<br \/>\nDesde el despliegue de infraestructuras energ\u00e9ticas, h\u00eddricas y de telecomunicaciones, hasta el trazado de corredores de transporte: cada decisi\u00f3n exige un equilibrio perfecto entre precisi\u00f3n t\u00e9cnica, rentabilidad y respeto medioambiental, garantizando siempre un servicio de m\u00e1xima fiabilidad para millones de ciudadanos.<\/p>\n<p>En este escenario, simplemente no hay margen para el ensayo y error.<br \/>\nUn trayecto de tuber\u00eda demasiado largo se traduce en sobrecostes inasumibles.<br \/>\nUn trazado sobre terrenos geol\u00f3gicamente inestables supone un riesgo cr\u00edtico de fallos estructurales.<br \/>\nUn recorrido que interfiera con corredores ecol\u00f3gicos o h\u00e1bitats sensibles se enfrenta a posibles bloqueos normativos y puede generar un fuerte rechazo social.<\/p>\n<p>Sin embargo, la planificaci\u00f3n de estas redes est\u00e1 lejos de ser una tarea sencilla.<\/p>\n<p>Hoy en d\u00eda, muchas empresas siguen atrapadas en un ecosistema de datos fragmentados e infraestructuras desconectadas. Al mantener las restricciones ambientales, geol\u00f3gicas y sociales en silos aislados, se obstaculiza la visi\u00f3n global, imposibilitando una evaluaci\u00f3n real de alternativas o la identificaci\u00f3n de la soluci\u00f3n m\u00e1s eficaz.<br \/>\nComo resultado, planificadores e ingenieros se enfrentan al desaf\u00edo de responder a preguntas cr\u00edticas:<\/p>\n<ul>\n<li>\u00bfQu\u00e9 escenario maximiza la cobertura minimizando el impacto ambiental y geol\u00f3gico?<\/li>\n<li>\u00bfCu\u00e1l es el impacto real en costes y niveles de servicio de cada alternativa?<\/li>\n<li>\u00bfC\u00f3mo armonizar la expansi\u00f3n de la red con los objetivos de sostenibilidad?<\/li>\n<\/ul>\n<\/div>\n          \n        <\/section>\n\n<\/div><!-- .overit-block-wrapper -->\n<\/div><!-- .overit-block -->\n\n\n<div\n  class=\"overit-block overit-block--white overit-radius-full overit-no-margin overit-padding-small-bottom overit-block--fullwidth\n  overit-block-configurable-jumbotron\"\n        >\n  \n  <div class=\"overit-block-wrapper\">\n\n<section class=\"configurable-jumbotron left\" >\n                  <div class=\"cj-section-title\">La soluci\u00f3n<\/div>\n          \n                  <h2  class=\"cj-title small\">Dise\u00f1a, compara y optimiza escenarios de infraestructura<\/h2 >\n          \n                  <div class=\"cj-subtitle small\"><p>Con Scenario Planning for Infrastructure, los planificadores GIS y dise\u00f1adores pueden simular, visualizar y comparar diversos escenarios de desarrollo y expansi\u00f3n, integrando toda la toma de decisiones en un entorno centralizado.<br \/>\nGracias a la visualizaci\u00f3n intuitiva basada en GIS y herramientas de evaluaci\u00f3n de impacto, los planificadores pueden dise\u00f1ar trazados alternativos, analizar costes de expansi\u00f3n y comprender al instante las implicaciones de cada decisi\u00f3n antes de asignar recursos<br \/>\nLos usuarios pueden:<\/p>\n<ul>\n<li>Dise\u00f1ar y editar m\u00faltiples configuraciones de red mediante herramientas de modelado intuitivas.<\/li>\n<li>Visualizar y comparar cada escenario directamente sobre el mapa, integrando evaluaciones de riesgo en tiempo real.<\/li>\n<li>Simular y evaluar alternativas en paralelo (side-by-side) basadas en criterios de coste, cobertura, impacto ambiental y operatividad.<\/li>\n<li>Promover el escenario m\u00e1s rentable y sostenible, aprobando el dise\u00f1o ganador y descartando las opciones menos efectivas, garantizando siempre el cumplimiento de los est\u00e1ndares normativos y ambientales.<\/li>\n<\/ul>\n<p>Al centralizar todos los datos geoespaciales y de activos, la soluci\u00f3n elimina los silos de informaci\u00f3n, agiliza el an\u00e1lisis y permite una programaci\u00f3n totalmente impulsada por datos.<\/p>\n<\/div>\n          \n        <\/section>\n\n<\/div><!-- .overit-block-wrapper -->\n<\/div><!-- .overit-block -->\n\n\n<div\n  class=\"overit-block overit-block--white overit-radius-full overit-no-margin overit-no-padding \n  overit-block-configurable-jumbotron\"\n        >\n  \n  <div class=\"overit-block-wrapper\">\n\n<section class=\"configurable-jumbotron left\" >\n                  <div class=\"cj-section-title\">Resultados<\/div>\n          \n                  <h2  class=\"cj-title medium\">Los beneficios de la planificaci\u00f3n de red basada en escenarios<\/h2 >\n          \n    \n        <\/section>\n\n<\/div><!-- .overit-block-wrapper -->\n<\/div><!-- .overit-block -->\n\n\n<div\n  class=\"overit-block overit-block--white overit-radius-full overit-margin-small-top overit-padding-medium-bottom \n  overit-block-multi-info-cards\"\n        >\n  \n  <div class=\"overit-block-wrapper\">\n\n<div class=\"info-cards info-cards--4 info-cards--align-left\">\n        <div class=\"info-cards__sections \">\n                  <div class=\"info-card info-card--4\n           info-card--bg-gray           \n          \n          info-card--top-line\n        \">\n        <div class=\"info-card-inner\">\n                                  <div class=\"info-card__icon\">\n                            <i aria-hidden=\"true\" style=\"color: #FF8200;font-size: 48px;\" class=\"fa-classic fa-light fa-check-double\" aria-hidden=\"true\"><\/i>\n            <\/div>\n                                            <div class=\"info-card__title \" >\n              Garant\u00eda de cumplimiento de los requisitos normativos.\n            <\/div>\n                            <\/div>\n      <\/div>\n                  <div class=\"info-card info-card--4\n           info-card--bg-gray           \n          \n          info-card--top-line\n        \">\n        <div class=\"info-card-inner\">\n                                  <div class=\"info-card__icon\">\n                            <i aria-hidden=\"true\" style=\"color: #FF8200;font-size: 48px;\" class=\"fa-classic fa-light fa-chart-mixed\" aria-hidden=\"true\"><\/i>\n            <\/div>\n                                            <div class=\"info-card__title \" >\n              Mejora en la toma de decisiones basada en datos \n            <\/div>\n                            <\/div>\n      <\/div>\n                  <div class=\"info-card info-card--4\n           info-card--bg-gray           \n          \n          info-card--top-line\n        \">\n        <div class=\"info-card-inner\">\n                                  <div class=\"info-card__icon\">\n                            <i aria-hidden=\"true\" style=\"color: #FF8200;font-size: 48px;\" class=\"fa-classic fa-light fa-chart-mixed-up-circle-dollar\" aria-hidden=\"true\"><\/i>\n            <\/div>\n                                            <div class=\"info-card__title \" >\n              Optimizaci\u00f3n de costes y de las opciones de inversi\u00f3n \n            <\/div>\n                            <\/div>\n      <\/div>\n                  <div class=\"info-card info-card--4\n           info-card--bg-gray           \n          \n          info-card--top-line\n        \">\n        <div class=\"info-card-inner\">\n                                  <div class=\"info-card__icon\">\n                            <i aria-hidden=\"true\" style=\"color: #FF8200;font-size: 32px;\" class=\"fa-classic fa-light fa-users\" aria-hidden=\"true\"><\/i>\n            <\/div>\n                                            <div class=\"info-card__title \" >\n              Colaboraci\u00f3n reforzada entre todos los stakeholders a trav\u00e9s de una soluci\u00f3n unificada\n            <\/div>\n                            <\/div>\n      <\/div>\n          <\/div>\n  <\/div>\n\n<\/div><!-- .overit-block-wrapper -->\n<\/div><!-- .overit-block -->\n","protected":false},"excerpt":{"rendered":"","protected":false},"author":3,"featured_media":0,"parent":54503,"menu_order":0,"comment_status":"closed","ping_status":"closed","template":"","meta":{"_acf_changed":false,"footnotes":""},"case_study_category":[],"class_list":["post-67331","page","type-page","status-publish","hentry"],"acf":[],"yoast_head":"<!-- This site is optimized with the Yoast SEO Premium plugin v25.6 (Yoast SEO v25.6) - https:\/\/yoast.com\/wordpress\/plugins\/seo\/ -->\n<title>Scenario planning for infrastructure | OverIT NextGen Platform<\/title>\n<meta name=\"description\" content=\"Un espacio de trabajo GIS unificado para dise\u00f1ar y simular escenarios futuros con inversiones m\u00e1s inteligentes y sostenibles.\" \/>\n<meta name=\"robots\" content=\"index, follow, max-snippet:-1, max-image-preview:large, max-video-preview:-1\" \/>\n<link rel=\"canonical\" href=\"https:\/\/www.overit.ai\/es\/plataforma\/gis-software\/scenario-planning-for-infrastructure\/\" \/>\n<meta property=\"og:locale\" content=\"es_ES\" \/>\n<meta property=\"og:type\" content=\"article\" \/>\n<meta property=\"og:title\" content=\"Scenario planning for infrastructure | OverIT NextGen Platform\" \/>\n<meta property=\"og:description\" content=\"Un espacio de trabajo GIS unificado para dise\u00f1ar y simular escenarios futuros con inversiones m\u00e1s inteligentes y sostenibles.\" \/>\n<meta property=\"og:url\" content=\"https:\/\/www.overit.ai\/es\/plataforma\/gis-software\/scenario-planning-for-infrastructure\/\" \/>\n<meta property=\"og:site_name\" content=\"OverIT\" \/>\n<meta property=\"article:modified_time\" content=\"2026-01-27T11:36:56+00:00\" \/>\n<meta property=\"og:image\" content=\"https:\/\/www.overit.ai\/app\/uploads\/2025\/09\/job-bundling-para-activos-lineales.webp\" \/>\n\t<meta property=\"og:image:width\" content=\"1910\" \/>\n\t<meta property=\"og:image:height\" content=\"1076\" \/>\n\t<meta property=\"og:image:type\" content=\"image\/webp\" \/>\n<meta name=\"twitter:card\" content=\"summary_large_image\" \/>\n<meta name=\"twitter:title\" content=\"Scenario planning for infrastructure | OverIT NextGen Platform\" \/>\n<meta name=\"twitter:description\" content=\"Un espacio de trabajo GIS unificado para dise\u00f1ar y simular escenarios futuros con inversiones m\u00e1s inteligentes y sostenibles.\" \/>\n<meta name=\"twitter:label1\" content=\"Est. reading time\" \/>\n\t<meta name=\"twitter:data1\" content=\"3 minutes\" \/>\n<script type=\"application\/ld+json\" class=\"yoast-schema-graph\">{\"@context\":\"https:\/\/schema.org\",\"@graph\":[{\"@type\":\"WebPage\",\"@id\":\"https:\/\/www.overit.ai\/es\/plataforma\/gis-software\/scenario-planning-for-infrastructure\/\",\"url\":\"https:\/\/www.overit.ai\/es\/plataforma\/gis-software\/scenario-planning-for-infrastructure\/\",\"name\":\"Scenario planning for infrastructure | OverIT NextGen Platform\",\"isPartOf\":{\"@id\":\"https:\/\/www.overit.ai\/es\/#website\"},\"datePublished\":\"2026-01-27T11:36:55+00:00\",\"dateModified\":\"2026-01-27T11:36:56+00:00\",\"description\":\"Un espacio de trabajo GIS unificado para dise\u00f1ar y simular escenarios futuros con inversiones m\u00e1s inteligentes y sostenibles.\",\"breadcrumb\":{\"@id\":\"https:\/\/www.overit.ai\/es\/plataforma\/gis-software\/scenario-planning-for-infrastructure\/#breadcrumb\"},\"inLanguage\":\"es-ES\",\"potentialAction\":[{\"@type\":\"ReadAction\",\"target\":[\"https:\/\/www.overit.ai\/es\/plataforma\/gis-software\/scenario-planning-for-infrastructure\/\"]}]},{\"@type\":\"BreadcrumbList\",\"@id\":\"https:\/\/www.overit.ai\/es\/plataforma\/gis-software\/scenario-planning-for-infrastructure\/#breadcrumb\",\"itemListElement\":[{\"@type\":\"ListItem\",\"position\":1,\"name\":\"Home\",\"item\":\"https:\/\/www.overit.ai\/es\/\"},{\"@type\":\"ListItem\",\"position\":2,\"name\":\"Plataforma\",\"item\":\"https:\/\/www.overit.ai\/es\/plataforma\/\"},{\"@type\":\"ListItem\",\"position\":3,\"name\":\"NextGen Geo\",\"item\":\"https:\/\/www.overit.ai\/es\/plataforma\/gis-software\/\"},{\"@type\":\"ListItem\",\"position\":4,\"name\":\"Scenario planning for infrastructure\"}]},{\"@type\":\"WebSite\",\"@id\":\"https:\/\/www.overit.ai\/es\/#website\",\"url\":\"https:\/\/www.overit.ai\/es\/\",\"name\":\"OverIT\",\"description\":\"Innovation in Field Service Management\",\"publisher\":{\"@id\":\"https:\/\/www.overit.ai\/es\/#organization\"},\"potentialAction\":[{\"@type\":\"SearchAction\",\"target\":{\"@type\":\"EntryPoint\",\"urlTemplate\":\"https:\/\/www.overit.ai\/es\/?s={search_term_string}\"},\"query-input\":{\"@type\":\"PropertyValueSpecification\",\"valueRequired\":true,\"valueName\":\"search_term_string\"}}],\"inLanguage\":\"es-ES\"},{\"@type\":\"Organization\",\"@id\":\"https:\/\/www.overit.ai\/es\/#organization\",\"name\":\"OverIT\",\"url\":\"https:\/\/www.overit.ai\/es\/\",\"logo\":{\"@type\":\"ImageObject\",\"inLanguage\":\"es-ES\",\"@id\":\"https:\/\/www.overit.ai\/es\/#\/schema\/logo\/image\/\",\"url\":\"https:\/\/www.overit.ai\/app\/uploads\/2021\/10\/OverIT-logo-400.png\",\"contentUrl\":\"https:\/\/www.overit.ai\/app\/uploads\/2021\/10\/OverIT-logo-400.png\",\"width\":400,\"height\":250,\"caption\":\"OverIT\"},\"image\":{\"@id\":\"https:\/\/www.overit.ai\/es\/#\/schema\/logo\/image\/\"}}]}<\/script>\n<!-- \/ Yoast SEO Premium plugin. -->","yoast_head_json":{"title":"Scenario planning for infrastructure | OverIT NextGen Platform","description":"Un espacio de trabajo GIS unificado para dise\u00f1ar y simular escenarios futuros con inversiones m\u00e1s inteligentes y sostenibles.","robots":{"index":"index","follow":"follow","max-snippet":"max-snippet:-1","max-image-preview":"max-image-preview:large","max-video-preview":"max-video-preview:-1"},"canonical":"https:\/\/www.overit.ai\/es\/plataforma\/gis-software\/scenario-planning-for-infrastructure\/","og_locale":"es_ES","og_type":"article","og_title":"Scenario planning for infrastructure | OverIT NextGen Platform","og_description":"Un espacio de trabajo GIS unificado para dise\u00f1ar y simular escenarios futuros con inversiones m\u00e1s inteligentes y sostenibles.","og_url":"https:\/\/www.overit.ai\/es\/plataforma\/gis-software\/scenario-planning-for-infrastructure\/","og_site_name":"OverIT","article_modified_time":"2026-01-27T11:36:56+00:00","og_image":[{"width":1910,"height":1076,"url":"https:\/\/www.overit.ai\/app\/uploads\/2025\/09\/job-bundling-para-activos-lineales.webp","type":"image\/webp"}],"twitter_card":"summary_large_image","twitter_title":"Scenario planning for infrastructure | OverIT NextGen Platform","twitter_description":"Un espacio de trabajo GIS unificado para dise\u00f1ar y simular escenarios futuros con inversiones m\u00e1s inteligentes y sostenibles.","twitter_misc":{"Est. reading time":"3 minutes"},"schema":{"@context":"https:\/\/schema.org","@graph":[{"@type":"WebPage","@id":"https:\/\/www.overit.ai\/es\/plataforma\/gis-software\/scenario-planning-for-infrastructure\/","url":"https:\/\/www.overit.ai\/es\/plataforma\/gis-software\/scenario-planning-for-infrastructure\/","name":"Scenario planning for infrastructure | OverIT NextGen Platform","isPartOf":{"@id":"https:\/\/www.overit.ai\/es\/#website"},"datePublished":"2026-01-27T11:36:55+00:00","dateModified":"2026-01-27T11:36:56+00:00","description":"Un espacio de trabajo GIS unificado para dise\u00f1ar y simular escenarios futuros con inversiones m\u00e1s inteligentes y sostenibles.","breadcrumb":{"@id":"https:\/\/www.overit.ai\/es\/plataforma\/gis-software\/scenario-planning-for-infrastructure\/#breadcrumb"},"inLanguage":"es-ES","potentialAction":[{"@type":"ReadAction","target":["https:\/\/www.overit.ai\/es\/plataforma\/gis-software\/scenario-planning-for-infrastructure\/"]}]},{"@type":"BreadcrumbList","@id":"https:\/\/www.overit.ai\/es\/plataforma\/gis-software\/scenario-planning-for-infrastructure\/#breadcrumb","itemListElement":[{"@type":"ListItem","position":1,"name":"Home","item":"https:\/\/www.overit.ai\/es\/"},{"@type":"ListItem","position":2,"name":"Plataforma","item":"https:\/\/www.overit.ai\/es\/plataforma\/"},{"@type":"ListItem","position":3,"name":"NextGen Geo","item":"https:\/\/www.overit.ai\/es\/plataforma\/gis-software\/"},{"@type":"ListItem","position":4,"name":"Scenario planning for infrastructure"}]},{"@type":"WebSite","@id":"https:\/\/www.overit.ai\/es\/#website","url":"https:\/\/www.overit.ai\/es\/","name":"OverIT","description":"Innovation in Field Service Management","publisher":{"@id":"https:\/\/www.overit.ai\/es\/#organization"},"potentialAction":[{"@type":"SearchAction","target":{"@type":"EntryPoint","urlTemplate":"https:\/\/www.overit.ai\/es\/?s={search_term_string}"},"query-input":{"@type":"PropertyValueSpecification","valueRequired":true,"valueName":"search_term_string"}}],"inLanguage":"es-ES"},{"@type":"Organization","@id":"https:\/\/www.overit.ai\/es\/#organization","name":"OverIT","url":"https:\/\/www.overit.ai\/es\/","logo":{"@type":"ImageObject","inLanguage":"es-ES","@id":"https:\/\/www.overit.ai\/es\/#\/schema\/logo\/image\/","url":"https:\/\/www.overit.ai\/app\/uploads\/2021\/10\/OverIT-logo-400.png","contentUrl":"https:\/\/www.overit.ai\/app\/uploads\/2021\/10\/OverIT-logo-400.png","width":400,"height":250,"caption":"OverIT"},"image":{"@id":"https:\/\/www.overit.ai\/es\/#\/schema\/logo\/image\/"}}]}},"_links":{"self":[{"href":"https:\/\/www.overit.ai\/es\/wp-json\/wp\/v2\/pages\/67331","targetHints":{"allow":["GET"]}}],"collection":[{"href":"https:\/\/www.overit.ai\/es\/wp-json\/wp\/v2\/pages"}],"about":[{"href":"https:\/\/www.overit.ai\/es\/wp-json\/wp\/v2\/types\/page"}],"author":[{"embeddable":true,"href":"https:\/\/www.overit.ai\/es\/wp-json\/wp\/v2\/users\/3"}],"replies":[{"embeddable":true,"href":"https:\/\/www.overit.ai\/es\/wp-json\/wp\/v2\/comments?post=67331"}],"version-history":[{"count":2,"href":"https:\/\/www.overit.ai\/es\/wp-json\/wp\/v2\/pages\/67331\/revisions"}],"predecessor-version":[{"id":68061,"href":"https:\/\/www.overit.ai\/es\/wp-json\/wp\/v2\/pages\/67331\/revisions\/68061"}],"up":[{"embeddable":true,"href":"https:\/\/www.overit.ai\/es\/wp-json\/wp\/v2\/pages\/54503"}],"wp:attachment":[{"href":"https:\/\/www.overit.ai\/es\/wp-json\/wp\/v2\/media?parent=67331"}],"wp:term":[{"taxonomy":"case_study_category","embeddable":true,"href":"https:\/\/www.overit.ai\/es\/wp-json\/wp\/v2\/case_study_category?post=67331"}],"curies":[{"name":"wp","href":"https:\/\/api.w.org\/{rel}","templated":true}]}}