{"id":67326,"date":"2026-01-27T11:24:42","date_gmt":"2026-01-27T11:24:42","guid":{"rendered":"https:\/\/www.overit.ai\/?page_id=67326"},"modified":"2026-01-27T11:24:43","modified_gmt":"2026-01-27T11:24:43","slug":"emergency-response-with-live-traffic","status":"publish","type":"page","link":"https:\/\/www.overit.ai\/es\/plataforma\/field-service-management-software\/planificacion-asignacion\/emergency-response-with-live-traffic\/","title":{"rendered":"Emergency Response with Live Traffic"},"content":{"rendered":"<div\n  class=\"overit-block overit-block--light-gray overit-radius-full overit-no-margin overit-padding-small-top \n  overit-block-wide-info-image\"\n        >\n  \n  <div class=\"overit-block-wrapper\">\n\n\n\n\n<div class=\"wii right  \" id=\"\">\n        <div class=\"wii__content\" >\n                  <h1 class=\"wii__section-title\" style=\"\">Emergency Response with Live Traffic<\/h1>\n          \n                      <h2 id=\"wii-title-69f6fcf36ee86\" class=\"wii__title\" style=\"  \">La respuesta r\u00e1pida ante emergencias es vital. Empodera a despachadores y t\u00e9cnicos para actuar de inmediato.<\/h2>\n          \n          <div class=\"wii__description\" style=\" \">\n        <p>Las operaciones de misi\u00f3n cr\u00edtica en el sector de los activos lineales exigen rapidez y precisi\u00f3n para mantener los servicios esenciales en funcionamiento. Durante una emergencia, los t\u00e9cnicos de campo deben responder al instante.<br \/>\nPero, \u00bfqu\u00e9 ocurre si se quedan atrapados en el tr\u00e1fico? Lamentablemente, esto sucede con demasiada frecuencia, especialmente en calles urbanas congestionadas y complejas. Y, en situaciones cr\u00edticas, esto es inaceptable.<\/p>\n\n      <\/div>\n    \n        \n    \n    \n    \n      <\/div>\n  \n      <div class=\"wii__image\" >\n          <div class=\"overit-video\">\n                <div class=\"overit-video__iframe\" >\n          <iframe title=\"OverIT NextGen Platform 2026 Wave One - Emergency Response with Live Traffic Video\" src=\"https:\/\/fast.wistia.net\/embed\/iframe\/3dl5d07qip?dnt=1\" allow=\"autoplay; fullscreen\" allowtransparency=\"true\" frameborder=\"0\" scrolling=\"no\" class=\"wistia_embed\" name=\"wistia_embed\" msallowfullscreen width=\"640\" height=\"360\"><\/iframe><script src=\"https:\/\/fast.wistia.net\/assets\/external\/E-v1.js\" async><\/script>        <\/div>\n      <\/div>\n      <\/div>\n  \n  <\/div>\n\n<\/div><!-- .overit-block-wrapper -->\n<\/div><!-- .overit-block -->\n\n\n<div\n  class=\"overit-block overit-block--white overit-radius-full overit-no-margin overit-padding-small overit-block--fullwidth\n  overit-block-configurable-jumbotron\"\n        >\n  \n  <div class=\"overit-block-wrapper\">\n\n<section class=\"configurable-jumbotron left\" >\n                  <div class=\"cj-section-title\">El reto<\/div>\n          \n                  <h2  class=\"cj-title small\">La congesti\u00f3n urbana ralentiza la respuesta de emergencia en campo<\/h2 >\n          \n                  <div class=\"cj-subtitle small\"><p>Imagina una metr\u00f3poli vibrante, con millones de personas y miles de servicios esenciales, sumida de repente en la oscuridad tras un apag\u00f3n masivo que paraliza toda la ciudad.<br \/>\nEl metro se detiene.<br \/>\nLos sem\u00e1foros se apagan.<br \/>\nEscuelas, hospitales y aeropuertos se paralizan, dejando a miles de personas aisladas.<br \/>\nTiendas, ascensores, quir\u00f3fanos, centros de datos&#8230; todo se detiene por completo.<br \/>\nEn ese instante, la \u00fanica esperanza de la ciudad reside en tu compa\u00f1\u00eda y en tus t\u00e9cnicos de campo, que trabajan sin descanso para restablecer el suministro en hospitales, colegios, negocios y barrios que no pueden permitirse quedar a oscuras.<br \/>\nPero incluso para estos h\u00e9roes cotidianos, el camino nunca es f\u00e1cil. El caos circulatorio puede convertir los minutos en horas, ralentizando la respuesta ante emergencias, retrasando reparaciones cr\u00edticas y poniendo en riesgo el cumplimiento de los SLA.<br \/>\nY mientras tus t\u00e9cnicos luchan contra el tr\u00e1fico para llegar a la aver\u00eda, toda una comunidad espera a que la luz regrese y la vida vuelva a la normalidad.<\/p>\n<\/div>\n          \n        <\/section>\n\n<\/div><!-- .overit-block-wrapper -->\n<\/div><!-- .overit-block -->\n\n\n<div\n  class=\"overit-block overit-block--white overit-radius-full overit-no-margin overit-padding-small-bottom overit-block--fullwidth\n  overit-block-configurable-jumbotron\"\n        >\n  \n  <div class=\"overit-block-wrapper\">\n\n<section class=\"configurable-jumbotron left\" >\n                  <div class=\"cj-section-title\">La soluci\u00f3n<\/div>\n          \n                  <h2  class=\"cj-title small\">Siempre la ruta m\u00e1s r\u00e1pida hacia la resoluci\u00f3n<\/h2 >\n          \n                  <div class=\"cj-subtitle small\"><p>La funcionalidad de optimizaci\u00f3n basada en el tr\u00e1fico en tiempo real permite a los despachadores programar las emergencias a partir de datos actualizados sobre las condiciones del tr\u00e1fico, adem\u00e1s de la proximidad, las competencias y la disponibilidad de los t\u00e9cnicos. Cada tarea se asigna autom\u00e1ticamente al t\u00e9cnico m\u00e1s adecuado, junto con la ruta m\u00e1s r\u00e1pida y eficiente para llegar al lugar de intervenci\u00f3n a tiempo, evitando interrupciones o retrasos causados por atascos, obras o cortes de carretera.<br \/>\nEn actividades donde cada minuto cuenta, esta capacidad permite a las organizaciones agilizar la respuesta, mejorar el cumplimiento de los SLA y reducir considerablemente el tiempo de inactividad.<\/p>\n<p>Adem\u00e1s, la plataforma se adapta al ritmo cambiante de la ciudad: ante cualquier variaci\u00f3n en el tr\u00e1fico o en el terreno, las rutas se reoptimizan continuamente en tiempo real. Esto garantiza que los t\u00e9cnicos sigan siempre el camino m\u00e1s r\u00e1pido y eficiente, sin importar los imprevistos en la carretera.<\/p>\n<\/div>\n          \n        <\/section>\n\n<\/div><!-- .overit-block-wrapper -->\n<\/div><!-- .overit-block -->\n\n\n<div\n  class=\"overit-block overit-block--white overit-radius-full overit-no-margin overit-no-padding \n  overit-block-configurable-jumbotron\"\n        >\n  \n  <div class=\"overit-block-wrapper\">\n\n<section class=\"configurable-jumbotron left\" >\n                  <div class=\"cj-section-title\">Resultados<\/div>\n          \n                  <h2  class=\"cj-title medium\">Beneficios clave de la respuesta a emergencias con tr\u00e1fico en tiempo real<\/h2 >\n          \n    \n        <\/section>\n\n<\/div><!-- .overit-block-wrapper -->\n<\/div><!-- .overit-block -->\n\n\n<div\n  class=\"overit-block overit-block--white overit-radius-full overit-margin-small-top overit-padding-medium-bottom \n  overit-block-multi-info-cards\"\n        >\n  \n  <div class=\"overit-block-wrapper\">\n\n<div class=\"info-cards info-cards--4 info-cards--align-left\">\n        <div class=\"info-cards__sections \">\n                  <div class=\"info-card info-card--4\n           info-card--bg-gray           \n          \n          info-card--top-line\n        \">\n        <div class=\"info-card-inner\">\n                                  <div class=\"info-card__icon\">\n                            <i aria-hidden=\"true\" style=\"color: #FF8200;font-size: 48px;\" class=\"fa-classic fa-light fa-chart-line-up\" aria-hidden=\"true\"><\/i>\n            <\/div>\n                                            <div class=\"info-card__title \" >\n              Optimizaci\u00f3n de la productividad de campo\n            <\/div>\n                            <\/div>\n      <\/div>\n                  <div class=\"info-card info-card--4\n           info-card--bg-gray           \n          \n          info-card--top-line\n        \">\n        <div class=\"info-card-inner\">\n                                  <div class=\"info-card__icon\">\n                            <i aria-hidden=\"true\" style=\"color: #FF8200;font-size: 48px;\" class=\"fa-classic fa-light fa-memo-circle-check\" aria-hidden=\"true\"><\/i>\n            <\/div>\n                                            <div class=\"info-card__title \" >\n              Mayor cumplimiento de los SLA\n            <\/div>\n                            <\/div>\n      <\/div>\n                  <div class=\"info-card info-card--4\n           info-card--bg-gray           \n          \n          info-card--top-line\n        \">\n        <div class=\"info-card-inner\">\n                                  <div class=\"info-card__icon\">\n                            <i aria-hidden=\"true\" style=\"color: #FF8200;font-size: 48px;\" class=\"fa-classic fa-light fa-calendar-week\" aria-hidden=\"true\"><\/i>\n            <\/div>\n                                            <div class=\"info-card__title \" >\n              Garant\u00eda de continuidad del servicio\n            <\/div>\n                            <\/div>\n      <\/div>\n                  <div class=\"info-card info-card--4\n           info-card--bg-gray           \n          \n          info-card--top-line\n        \">\n        <div class=\"info-card-inner\">\n                                  <div class=\"info-card__icon\">\n                            <i aria-hidden=\"true\" style=\"color: #FF8200;font-size: 32px;\" class=\"fa-classic fa-light fa-shield-plus\" aria-hidden=\"true\"><\/i>\n            <\/div>\n                                            <div class=\"info-card__title \" >\n              Aumento de la seguridad para la comunidad \n            <\/div>\n                            <\/div>\n      <\/div>\n          <\/div>\n  <\/div>\n\n<\/div><!-- .overit-block-wrapper -->\n<\/div><!-- .overit-block -->\n","protected":false},"excerpt":{"rendered":"","protected":false},"author":3,"featured_media":0,"parent":57626,"menu_order":0,"comment_status":"closed","ping_status":"closed","template":"","meta":{"_acf_changed":false,"footnotes":""},"case_study_category":[],"class_list":["post-67326","page","type-page","status-publish","hentry"],"acf":[],"yoast_head":"<!-- This site is optimized with the Yoast SEO Premium plugin v25.6 (Yoast SEO v25.6) - https:\/\/yoast.com\/wordpress\/plugins\/seo\/ -->\n<title>Emergency Response with Live Traffic | OverIT NextGen Platform<\/title>\n<meta name=\"description\" content=\"Emergency Response with Live Traffic. La respuesta r\u00e1pida ante emergencias es vital. Empodera a despachadores y t\u00e9cnicos para actuar de inmediato.\" \/>\n<meta name=\"robots\" content=\"index, follow, max-snippet:-1, max-image-preview:large, max-video-preview:-1\" \/>\n<link rel=\"canonical\" href=\"https:\/\/www.overit.ai\/es\/plataforma\/field-service-management-software\/planificacion-asignacion\/emergency-response-with-live-traffic\/\" \/>\n<meta property=\"og:locale\" content=\"es_ES\" \/>\n<meta property=\"og:type\" content=\"article\" \/>\n<meta property=\"og:title\" content=\"Emergency Response with Live Traffic | OverIT NextGen Platform\" \/>\n<meta property=\"og:description\" content=\"La respuesta r\u00e1pida ante emergencias es vital. Empodera a despachadores y t\u00e9cnicos para actuar de inmediato.\" \/>\n<meta property=\"og:url\" content=\"https:\/\/www.overit.ai\/es\/plataforma\/field-service-management-software\/planificacion-asignacion\/emergency-response-with-live-traffic\/\" \/>\n<meta property=\"og:site_name\" content=\"OverIT\" \/>\n<meta property=\"article:modified_time\" content=\"2026-01-27T11:24:43+00:00\" \/>\n<meta property=\"og:image\" content=\"https:\/\/www.overit.ai\/app\/uploads\/2025\/09\/job-bundling-para-activos-lineales.webp\" \/>\n\t<meta property=\"og:image:width\" content=\"1910\" \/>\n\t<meta property=\"og:image:height\" content=\"1076\" \/>\n\t<meta property=\"og:image:type\" content=\"image\/webp\" \/>\n<meta name=\"twitter:card\" content=\"summary_large_image\" \/>\n<meta name=\"twitter:title\" content=\"Emergency Response with Live Traffic | OverIT NextGen Platform\" \/>\n<meta name=\"twitter:description\" content=\"La respuesta r\u00e1pida ante emergencias es vital. Empodera a despachadores y t\u00e9cnicos para actuar de inmediato.\" \/>\n<meta name=\"twitter:label1\" content=\"Est. reading time\" \/>\n\t<meta name=\"twitter:data1\" content=\"3 minutes\" \/>\n<script type=\"application\/ld+json\" class=\"yoast-schema-graph\">{\"@context\":\"https:\/\/schema.org\",\"@graph\":[{\"@type\":\"WebPage\",\"@id\":\"https:\/\/www.overit.ai\/es\/plataforma\/field-service-management-software\/planificacion-asignacion\/emergency-response-with-live-traffic\/\",\"url\":\"https:\/\/www.overit.ai\/es\/plataforma\/field-service-management-software\/planificacion-asignacion\/emergency-response-with-live-traffic\/\",\"name\":\"Emergency Response with Live Traffic | OverIT NextGen Platform\",\"isPartOf\":{\"@id\":\"https:\/\/www.overit.ai\/es\/#website\"},\"datePublished\":\"2026-01-27T11:24:42+00:00\",\"dateModified\":\"2026-01-27T11:24:43+00:00\",\"description\":\"Emergency Response with Live Traffic. La respuesta r\u00e1pida ante emergencias es vital. Empodera a despachadores y t\u00e9cnicos para actuar de inmediato.\",\"breadcrumb\":{\"@id\":\"https:\/\/www.overit.ai\/es\/plataforma\/field-service-management-software\/planificacion-asignacion\/emergency-response-with-live-traffic\/#breadcrumb\"},\"inLanguage\":\"es-ES\",\"potentialAction\":[{\"@type\":\"ReadAction\",\"target\":[\"https:\/\/www.overit.ai\/es\/plataforma\/field-service-management-software\/planificacion-asignacion\/emergency-response-with-live-traffic\/\"]}]},{\"@type\":\"BreadcrumbList\",\"@id\":\"https:\/\/www.overit.ai\/es\/plataforma\/field-service-management-software\/planificacion-asignacion\/emergency-response-with-live-traffic\/#breadcrumb\",\"itemListElement\":[{\"@type\":\"ListItem\",\"position\":1,\"name\":\"Home\",\"item\":\"https:\/\/www.overit.ai\/es\/\"},{\"@type\":\"ListItem\",\"position\":2,\"name\":\"Plataforma\",\"item\":\"https:\/\/www.overit.ai\/es\/plataforma\/\"},{\"@type\":\"ListItem\",\"position\":3,\"name\":\"NextGen FSM\",\"item\":\"https:\/\/www.overit.ai\/es\/plataforma\/field-service-management-software\/\"},{\"@type\":\"ListItem\",\"position\":4,\"name\":\"Planificaci\u00f3n y asignaci\u00f3n\",\"item\":\"https:\/\/www.overit.ai\/es\/plataforma\/field-service-management-software\/planificacion-asignacion\/\"},{\"@type\":\"ListItem\",\"position\":5,\"name\":\"Emergency Response with Live Traffic\"}]},{\"@type\":\"WebSite\",\"@id\":\"https:\/\/www.overit.ai\/es\/#website\",\"url\":\"https:\/\/www.overit.ai\/es\/\",\"name\":\"OverIT\",\"description\":\"Innovation in Field Service Management\",\"publisher\":{\"@id\":\"https:\/\/www.overit.ai\/es\/#organization\"},\"potentialAction\":[{\"@type\":\"SearchAction\",\"target\":{\"@type\":\"EntryPoint\",\"urlTemplate\":\"https:\/\/www.overit.ai\/es\/?s={search_term_string}\"},\"query-input\":{\"@type\":\"PropertyValueSpecification\",\"valueRequired\":true,\"valueName\":\"search_term_string\"}}],\"inLanguage\":\"es-ES\"},{\"@type\":\"Organization\",\"@id\":\"https:\/\/www.overit.ai\/es\/#organization\",\"name\":\"OverIT\",\"url\":\"https:\/\/www.overit.ai\/es\/\",\"logo\":{\"@type\":\"ImageObject\",\"inLanguage\":\"es-ES\",\"@id\":\"https:\/\/www.overit.ai\/es\/#\/schema\/logo\/image\/\",\"url\":\"https:\/\/www.overit.ai\/app\/uploads\/2021\/10\/OverIT-logo-400.png\",\"contentUrl\":\"https:\/\/www.overit.ai\/app\/uploads\/2021\/10\/OverIT-logo-400.png\",\"width\":400,\"height\":250,\"caption\":\"OverIT\"},\"image\":{\"@id\":\"https:\/\/www.overit.ai\/es\/#\/schema\/logo\/image\/\"}}]}<\/script>\n<!-- \/ Yoast SEO Premium plugin. -->","yoast_head_json":{"title":"Emergency Response with Live Traffic | OverIT NextGen Platform","description":"Emergency Response with Live Traffic. La respuesta r\u00e1pida ante emergencias es vital. Empodera a despachadores y t\u00e9cnicos para actuar de inmediato.","robots":{"index":"index","follow":"follow","max-snippet":"max-snippet:-1","max-image-preview":"max-image-preview:large","max-video-preview":"max-video-preview:-1"},"canonical":"https:\/\/www.overit.ai\/es\/plataforma\/field-service-management-software\/planificacion-asignacion\/emergency-response-with-live-traffic\/","og_locale":"es_ES","og_type":"article","og_title":"Emergency Response with Live Traffic | OverIT NextGen Platform","og_description":"La respuesta r\u00e1pida ante emergencias es vital. Empodera a despachadores y t\u00e9cnicos para actuar de inmediato.","og_url":"https:\/\/www.overit.ai\/es\/plataforma\/field-service-management-software\/planificacion-asignacion\/emergency-response-with-live-traffic\/","og_site_name":"OverIT","article_modified_time":"2026-01-27T11:24:43+00:00","og_image":[{"width":1910,"height":1076,"url":"https:\/\/www.overit.ai\/app\/uploads\/2025\/09\/job-bundling-para-activos-lineales.webp","type":"image\/webp"}],"twitter_card":"summary_large_image","twitter_title":"Emergency Response with Live Traffic | OverIT NextGen Platform","twitter_description":"La respuesta r\u00e1pida ante emergencias es vital. Empodera a despachadores y t\u00e9cnicos para actuar de inmediato.","twitter_misc":{"Est. reading time":"3 minutes"},"schema":{"@context":"https:\/\/schema.org","@graph":[{"@type":"WebPage","@id":"https:\/\/www.overit.ai\/es\/plataforma\/field-service-management-software\/planificacion-asignacion\/emergency-response-with-live-traffic\/","url":"https:\/\/www.overit.ai\/es\/plataforma\/field-service-management-software\/planificacion-asignacion\/emergency-response-with-live-traffic\/","name":"Emergency Response with Live Traffic | OverIT NextGen Platform","isPartOf":{"@id":"https:\/\/www.overit.ai\/es\/#website"},"datePublished":"2026-01-27T11:24:42+00:00","dateModified":"2026-01-27T11:24:43+00:00","description":"Emergency Response with Live Traffic. La respuesta r\u00e1pida ante emergencias es vital. Empodera a despachadores y t\u00e9cnicos para actuar de inmediato.","breadcrumb":{"@id":"https:\/\/www.overit.ai\/es\/plataforma\/field-service-management-software\/planificacion-asignacion\/emergency-response-with-live-traffic\/#breadcrumb"},"inLanguage":"es-ES","potentialAction":[{"@type":"ReadAction","target":["https:\/\/www.overit.ai\/es\/plataforma\/field-service-management-software\/planificacion-asignacion\/emergency-response-with-live-traffic\/"]}]},{"@type":"BreadcrumbList","@id":"https:\/\/www.overit.ai\/es\/plataforma\/field-service-management-software\/planificacion-asignacion\/emergency-response-with-live-traffic\/#breadcrumb","itemListElement":[{"@type":"ListItem","position":1,"name":"Home","item":"https:\/\/www.overit.ai\/es\/"},{"@type":"ListItem","position":2,"name":"Plataforma","item":"https:\/\/www.overit.ai\/es\/plataforma\/"},{"@type":"ListItem","position":3,"name":"NextGen FSM","item":"https:\/\/www.overit.ai\/es\/plataforma\/field-service-management-software\/"},{"@type":"ListItem","position":4,"name":"Planificaci\u00f3n y asignaci\u00f3n","item":"https:\/\/www.overit.ai\/es\/plataforma\/field-service-management-software\/planificacion-asignacion\/"},{"@type":"ListItem","position":5,"name":"Emergency Response with Live Traffic"}]},{"@type":"WebSite","@id":"https:\/\/www.overit.ai\/es\/#website","url":"https:\/\/www.overit.ai\/es\/","name":"OverIT","description":"Innovation in Field Service Management","publisher":{"@id":"https:\/\/www.overit.ai\/es\/#organization"},"potentialAction":[{"@type":"SearchAction","target":{"@type":"EntryPoint","urlTemplate":"https:\/\/www.overit.ai\/es\/?s={search_term_string}"},"query-input":{"@type":"PropertyValueSpecification","valueRequired":true,"valueName":"search_term_string"}}],"inLanguage":"es-ES"},{"@type":"Organization","@id":"https:\/\/www.overit.ai\/es\/#organization","name":"OverIT","url":"https:\/\/www.overit.ai\/es\/","logo":{"@type":"ImageObject","inLanguage":"es-ES","@id":"https:\/\/www.overit.ai\/es\/#\/schema\/logo\/image\/","url":"https:\/\/www.overit.ai\/app\/uploads\/2021\/10\/OverIT-logo-400.png","contentUrl":"https:\/\/www.overit.ai\/app\/uploads\/2021\/10\/OverIT-logo-400.png","width":400,"height":250,"caption":"OverIT"},"image":{"@id":"https:\/\/www.overit.ai\/es\/#\/schema\/logo\/image\/"}}]}},"_links":{"self":[{"href":"https:\/\/www.overit.ai\/es\/wp-json\/wp\/v2\/pages\/67326","targetHints":{"allow":["GET"]}}],"collection":[{"href":"https:\/\/www.overit.ai\/es\/wp-json\/wp\/v2\/pages"}],"about":[{"href":"https:\/\/www.overit.ai\/es\/wp-json\/wp\/v2\/types\/page"}],"author":[{"embeddable":true,"href":"https:\/\/www.overit.ai\/es\/wp-json\/wp\/v2\/users\/3"}],"replies":[{"embeddable":true,"href":"https:\/\/www.overit.ai\/es\/wp-json\/wp\/v2\/comments?post=67326"}],"version-history":[{"count":4,"href":"https:\/\/www.overit.ai\/es\/wp-json\/wp\/v2\/pages\/67326\/revisions"}],"predecessor-version":[{"id":68060,"href":"https:\/\/www.overit.ai\/es\/wp-json\/wp\/v2\/pages\/67326\/revisions\/68060"}],"up":[{"embeddable":true,"href":"https:\/\/www.overit.ai\/es\/wp-json\/wp\/v2\/pages\/57626"}],"wp:attachment":[{"href":"https:\/\/www.overit.ai\/es\/wp-json\/wp\/v2\/media?parent=67326"}],"wp:term":[{"taxonomy":"case_study_category","embeddable":true,"href":"https:\/\/www.overit.ai\/es\/wp-json\/wp\/v2\/case_study_category?post=67326"}],"curies":[{"name":"wp","href":"https:\/\/api.w.org\/{rel}","templated":true}]}}