{"id":66101,"date":"2025-09-11T14:24:49","date_gmt":"2025-09-11T14:24:49","guid":{"rendered":"https:\/\/www.overit.ai\/?page_id=66101"},"modified":"2025-11-19T12:01:14","modified_gmt":"2025-11-19T12:01:14","slug":"mobile-gis-redlining","status":"publish","type":"page","link":"https:\/\/www.overit.ai\/es\/plataforma\/field-service-management-software\/gestion-de-la-fuerza-de-trabajo-movil\/mobile-gis-redlining\/","title":{"rendered":"Mobile GIS redlining"},"content":{"rendered":"<div\n  class=\"overit-block overit-block--light-gray overit-radius-full overit-no-margin overit-padding-small-top \n  overit-block-wide-info-image\"\n        >\n  \n  <div class=\"overit-block-wrapper\">\n\n\n\n\n<div class=\"wii right  \" id=\"\">\n        <div class=\"wii__content\" >\n                  <h1 class=\"wii__section-title\" style=\"\">Mobile GIS redlining<\/h1>\n          \n                      <h2 id=\"wii-title-69df48c2b915e\" class=\"wii__title\" style=\"  \">La nueva era de la precisi\u00f3n en campo con Mobile GIS redlining<\/h2>\n          \n    \n        \n    \n    \n    \n      <\/div>\n  \n      <div class=\"wii__image\" >\n          <div class=\"overit-video\">\n                <div class=\"overit-video__iframe\" >\n          <iframe title=\"OverIT NextGen Platform 2023 Wave Three - Mobile GIS redlining Video\" src=\"https:\/\/fast.wistia.net\/embed\/iframe\/4yi0aqgtrt?dnt=1\" allow=\"autoplay; fullscreen\" allowtransparency=\"true\" frameborder=\"0\" scrolling=\"no\" class=\"wistia_embed\" name=\"wistia_embed\" msallowfullscreen width=\"640\" height=\"360\"><\/iframe><script src=\"https:\/\/fast.wistia.net\/assets\/external\/E-v1.js\" async><\/script>        <\/div>\n      <\/div>\n      <\/div>\n  \n  <\/div>\n\n<\/div><!-- .overit-block-wrapper -->\n<\/div><!-- .overit-block -->\n\n\n<div\n  class=\"overit-block overit-block--white overit-radius-full overit-no-margin overit-padding-small overit-block--fullwidth\n  overit-block-configurable-jumbotron\"\n        >\n  \n  <div class=\"overit-block-wrapper\">\n\n<section class=\"configurable-jumbotron left\" >\n                  <div class=\"cj-section-title\">El reto<\/div>\n          \n                  <h3  class=\"cj-title small\">Riesgos de trabajar con datos GIS desactualizados<\/h3 >\n          \n                  <div class=\"cj-subtitle small\"><p>Cuando trabajan sobre el terreno, los t\u00e9cnicos recurren con frecuencia a mapas y m\u00faltiples datos del <a href=\"https:\/\/www.overit.ai\/es\/plataforma\/field-service-management-software\/sistema-de-informacion-geografica-sig\/\">GIS (Geographic Information System, es decir Sistema de Informaci\u00f3n Geogr\u00e1fica)<\/a>, ya que los mapas proporcionan informaci\u00f3n crucial sobre la ubicaci\u00f3n de los activos, las infraestructuras, el tipo de terreno y dem\u00e1s informaci\u00f3n espacial relevante. Sin embargo, el mundo real es muy din\u00e1mico y la construcci\u00f3n de nuevas infraestructuras junto a la transformaci\u00f3n del terreno y la evoluci\u00f3n de la geograf\u00eda son factores que contribuyen a desactualizar muchos de los datos del GIS.<\/p>\n<ul>\n<li>El utilizo de datos cartogr\u00e1ficos inexactos, hace que los t\u00e9cnicos pierdan tiempo buscando un activo en una ubicaci\u00f3n que no coincide con la del mapa, as\u00ed generando errores durante las operaciones sobre el terreno.<\/li>\n<li>El acceso limitado a las actualizaciones y cambios m\u00e1s recientes del mapa implica que los t\u00e9cnicos trabajen con informaci\u00f3n obsoleta, esto traduci\u00e9ndose en errores o ineficiencias.<\/li>\n<li>Una cartograf\u00eda imprecisa u obsoleta puede perjudicar la eficacia de los procesos de comunicaci\u00f3n y toma de decisiones.<\/li>\n<li>La b\u00fasqueda de activos en una ubicaci\u00f3n incorrecta o la necesidad de volver a comprobar la informaci\u00f3n debido a mapas no actualizados puede suponer un gasto considerable de tiempo y recursos.<\/li>\n<\/ul>\n<p>Pensemos por ejemplo en el caso de una <a href=\"https:\/\/www.overit.ai\/es\/sectores\/gestion-servicios-electricos\/\">empresa de servicios p\u00fablicos<\/a> que gestiona una extensa red de tuber\u00edas y l\u00edneas de transmisi\u00f3n para el suministro de agua, gas y electricidad a distintas regiones. Los t\u00e9cnicos de campo se apoyan en gran medida en los mapas GIS para rastrear la ubicaci\u00f3n y los atributos de estos activos. Pero \u00bfqu\u00e9 ocurre al integrar nuevos gasoductos en la red? Una vez sobre el terreno, los t\u00e9cnicos se enfrentan a las discrepancias entre el mapa y la infraestructura real. Este desajuste puede generar confusi\u00f3n, ineficiencias y potenciales riesgos para la seguridad.<\/p>\n<p>Lo mismo ocurre cuando los t\u00e9cnicos llegan al campo para inspeccionar los aerogeneradores y se dan cuenta de que el entorno ha cambiado debido a los \u00faltimos fen\u00f3menos meteorol\u00f3gicos, con los consiguientes cambios en el terreno y la vegetaci\u00f3n, adem\u00e1s de los riesgos asociados.<\/p>\n<p>Antes, cuando los t\u00e9cnicos se encontraban con datos GIS no exactos, ten\u00edan que documentar los cambios en papel, por correo electr\u00f3nico o de otras formas poco eficientes y comunicarlos a la oficina central para que los actualizara. Entonces, la oficina central ten\u00eda que localizar el sitio exacto y averiguar qu\u00e9 datos actualizar y c\u00f3mo hacerlo para ajustarlos a la situaci\u00f3n sobre el terreno. Este proceso pod\u00eda tardar semanas o incluso m\u00e1s antes que los datos del GIS se actualizasen, revisasen y publicasen otra vez a los t\u00e9cnicos.<\/p>\n<\/div>\n          \n        <\/section>\n\n<\/div><!-- .overit-block-wrapper -->\n<\/div><!-- .overit-block -->\n\n\n<div\n  class=\"overit-block overit-block--white overit-radius-full overit-no-margin overit-padding-small-bottom overit-block--fullwidth\n  overit-block-configurable-jumbotron\"\n        >\n  \n  <div class=\"overit-block-wrapper\">\n\n<section class=\"configurable-jumbotron left\" >\n                  <h2 class=\"cj-section-title\">La soluci\u00f3n<\/h2>\n          \n                  <h3  class=\"cj-title small\">Actualizaciones inmediatas desde el terreno<\/h3 >\n          \n                  <div class=\"cj-subtitle small\"><p>La funcionalidad de Mobile GIS redlining permite a los t\u00e9cnicos se\u00f1alar los errores o los ajustes que sean necesarios directamente en el mapa, a partir de lo que ven realmente sobre el terreno, accediendo al mapa GIS en sus dispositivos m\u00f3viles y haciendo comparaciones con la infraestructura real que encuentran. Al detectar discrepancias o cambios, pueden utilizar la funcionalidad de redlining para introducir la informaci\u00f3n actualizada directamente en el mapa. De esta forma, si se ha instalado un nuevo gasoducto, los t\u00e9cnicos pueden dibujar su trazado en el mapa y adjuntar la informaci\u00f3n relevante, como la fecha de instalaci\u00f3n y el material utilizado. Luego, los datos actualizados se env\u00edan a la oficina central para que los revise, reduciendo significativamente el tiempo de actualizaci\u00f3n de los datos GIS y su entrega a los t\u00e9cnicos de campo.<\/p>\n<p>Los operadores toman notas en tiempo real, introducen cambios, actualizaciones, correcciones y comentarios directamente en el mapa, y los comparten con los dem\u00e1s usuarios. Estas actualizaciones en directo garantizan la precisi\u00f3n, impulsan la eficiencia operativa y refuerzan las medidas de seguridad.<\/p>\n<ul>\n<li>Incorporaci\u00f3n de comentarios, notas e im\u00e1genes al mapa para indicar los cambios observados por los t\u00e9cnicos. De esta forma se garantiza la actualizaci\u00f3n constante del mapa y la r\u00e1pida integraci\u00f3n de informaci\u00f3n nueva y precisa.<\/li>\n<li>Introducci\u00f3n de la informaci\u00f3n detectada en el punto de observaci\u00f3n directamente en el mapa. Esto reduce la incidencia de errores al tiempo que garantiza unos registros precisos y actualizados.<\/li>\n<li>Mapas y relativos comentarios compartidos con los dem\u00e1s colegas y el equipo de oficina central de forma inmediata. De esta forma se facilita una comunicaci\u00f3n m\u00e1s eficaz, ya que las observaciones y los cambios sobre el terreno m\u00e1s recientes est\u00e1n al alcance de todos los implicados, garantizando as\u00ed que todas las partes interesadas dispongan de la informaci\u00f3n m\u00e1s actualizada para trabajar.<\/li>\n<li>Mejora de la colaboraci\u00f3n entre las cuadrillas sobre el terreno, los ingenieros y el personal de oficina central. Los comentarios introducidos en el mapa ofrecen una visi\u00f3n de conjunto muy clara que contribuye a reducir los equ\u00edvocos y a fomentar estrategias laborales en equipo m\u00e1s fluidas.<\/li>\n<\/ul>\n<p>Esta funcionalidad ayuda a los t\u00e9cnicos a aumentar la precisi\u00f3n de los mapas, revolucionando la forma en que gestionan y actualizan la informaci\u00f3n contenida en ellos, e impulsando a las organizaciones hacia una nueva era de eficiencia y colaboraci\u00f3n, y todo esto a trav\u00e9s de la aplicaci\u00f3n m\u00f3vil de FSM de OverIT.<\/p>\n<\/div>\n          \n        <\/section>\n\n<\/div><!-- .overit-block-wrapper -->\n<\/div><!-- .overit-block -->\n\n\n<div\n  class=\"overit-block overit-block--white overit-radius-full overit-no-margin overit-padding-small-bottom overit-block--fullwidth\n  overit-block-configurable-jumbotron\"\n        >\n  \n  <div class=\"overit-block-wrapper\">\n\n<section class=\"configurable-jumbotron left\" >\n                  <h2 class=\"cj-section-title\">Impactos y KPI<\/h2>\n          \n                  <h3  class=\"cj-title small\">Precisi\u00f3n, colaboraci\u00f3n y ahorro<\/h3 >\n          \n    \n        <\/section>\n\n<\/div><!-- .overit-block-wrapper -->\n<\/div><!-- .overit-block -->\n\n\n<div\n  class=\"overit-block overit-block--white overit-radius-full overit-no-margin overit-padding-medium-bottom \n  overit-block-multi-info-cards\"\n        >\n  \n  <div class=\"overit-block-wrapper\">\n\n<div class=\"info-cards info-cards--4 info-cards--align-left\">\n        <div class=\"info-cards__sections \">\n                  <div class=\"info-card info-card--4\n           info-card--bg-gray           \n          \n          info-card--top-line\n        \">\n        <div class=\"info-card-inner\">\n                                  <div class=\"info-card__icon\">\n                            <i aria-hidden=\"true\" style=\"color: #FF8200;font-size: 32px;\" class=\"fa-classic fa-light fa-user-helmet-safety\" aria-hidden=\"true\"><\/i>\n            <\/div>\n                                            <div class=\"info-card__title \" >\n              Agilizaci\u00f3n de las operaciones sobre el terreno\n            <\/div>\n                            <\/div>\n      <\/div>\n                  <div class=\"info-card info-card--4\n           info-card--bg-gray           \n          \n          info-card--top-line\n        \">\n        <div class=\"info-card-inner\">\n                                  <div class=\"info-card__icon\">\n                            <i aria-hidden=\"true\" style=\"color: #FF8200;font-size: 32px;\" class=\"fa-kit fa-custom fa-overit-helmet-remote-support\" aria-hidden=\"true\"><\/i>\n            <\/div>\n                                            <div class=\"info-card__title \" >\n              Fomento de la colaboraci\u00f3n en toda la organizaci\u00f3n\n            <\/div>\n                            <\/div>\n      <\/div>\n                  <div class=\"info-card info-card--4\n           info-card--bg-gray           \n          \n          info-card--top-line\n        \">\n        <div class=\"info-card-inner\">\n                                  <div class=\"info-card__icon\">\n                            <i aria-hidden=\"true\" style=\"color: #FF8200;font-size: 32px;\" class=\"fa-classic fa-light fa-person-circle-check\" aria-hidden=\"true\"><\/i>\n            <\/div>\n                                            <div class=\"info-card__title \" >\n              Recopilaci\u00f3n agilizada de datos sobre el terreno\n            <\/div>\n                            <\/div>\n      <\/div>\n                  <div class=\"info-card info-card--4\n           info-card--bg-gray           \n          \n          info-card--top-line\n        \">\n        <div class=\"info-card-inner\">\n                                  <div class=\"info-card__icon\">\n                            <i aria-hidden=\"true\" style=\"color: #FF8200;font-size: 32px;\" class=\"fa-classic fa-light fa-piggy-bank\" aria-hidden=\"true\"><\/i>\n            <\/div>\n                                            <div class=\"info-card__title \" >\n              Ahorro de tiempo y costes\n            <\/div>\n                            <\/div>\n      <\/div>\n          <\/div>\n  <\/div>\n\n<\/div><!-- .overit-block-wrapper -->\n<\/div><!-- .overit-block -->\n","protected":false},"excerpt":{"rendered":"","protected":false},"author":3,"featured_media":0,"parent":59476,"menu_order":0,"comment_status":"closed","ping_status":"closed","template":"","meta":{"_acf_changed":false,"footnotes":""},"case_study_category":[],"class_list":["post-66101","page","type-page","status-publish","hentry"],"acf":[],"yoast_head":"<!-- This site is optimized with the Yoast SEO Premium plugin v25.6 (Yoast SEO v25.6) - https:\/\/yoast.com\/wordpress\/plugins\/seo\/ -->\n<title>Mobile GIS redlining: mapas actualizados en tiempo real<\/title>\n<meta name=\"description\" content=\"Con Mobile GIS redlining los t\u00e9cnicos actualizan mapas desde el terreno, mejorando precisi\u00f3n, eficiencia y colaboraci\u00f3n en tiempo real.\" \/>\n<meta name=\"robots\" content=\"index, follow, max-snippet:-1, max-image-preview:large, max-video-preview:-1\" \/>\n<link rel=\"canonical\" href=\"https:\/\/www.overit.ai\/es\/plataforma\/field-service-management-software\/gestion-de-la-fuerza-de-trabajo-movil\/mobile-gis-redlining\/\" \/>\n<meta property=\"og:locale\" content=\"es_ES\" \/>\n<meta property=\"og:type\" content=\"article\" \/>\n<meta property=\"og:title\" content=\"Mobile GIS redlining: mapas actualizados en tiempo real\" \/>\n<meta property=\"og:description\" content=\"Con Mobile GIS redlining los t\u00e9cnicos actualizan mapas desde el terreno, mejorando precisi\u00f3n, eficiencia y colaboraci\u00f3n en tiempo real.\" \/>\n<meta property=\"og:url\" content=\"https:\/\/www.overit.ai\/es\/plataforma\/field-service-management-software\/gestion-de-la-fuerza-de-trabajo-movil\/mobile-gis-redlining\/\" \/>\n<meta property=\"og:site_name\" content=\"OverIT\" \/>\n<meta property=\"article:modified_time\" content=\"2025-11-19T12:01:14+00:00\" \/>\n<meta property=\"og:image\" content=\"https:\/\/www.overit.ai\/app\/uploads\/2024\/09\/mobile-gis-redlining.webp\" \/>\n\t<meta property=\"og:image:width\" content=\"800\" \/>\n\t<meta property=\"og:image:height\" content=\"480\" \/>\n\t<meta property=\"og:image:type\" content=\"image\/webp\" \/>\n<meta name=\"twitter:card\" content=\"summary_large_image\" \/>\n<meta name=\"twitter:title\" content=\"Mobile GIS redlining\" \/>\n<meta name=\"twitter:label1\" content=\"Est. reading time\" \/>\n\t<meta name=\"twitter:data1\" content=\"5 minutes\" \/>\n<script type=\"application\/ld+json\" class=\"yoast-schema-graph\">{\"@context\":\"https:\/\/schema.org\",\"@graph\":[{\"@type\":\"WebPage\",\"@id\":\"https:\/\/www.overit.ai\/es\/plataforma\/field-service-management-software\/gestion-de-la-fuerza-de-trabajo-movil\/mobile-gis-redlining\/\",\"url\":\"https:\/\/www.overit.ai\/es\/plataforma\/field-service-management-software\/gestion-de-la-fuerza-de-trabajo-movil\/mobile-gis-redlining\/\",\"name\":\"Mobile GIS redlining: mapas actualizados en tiempo real\",\"isPartOf\":{\"@id\":\"https:\/\/www.overit.ai\/es\/#website\"},\"datePublished\":\"2025-09-11T14:24:49+00:00\",\"dateModified\":\"2025-11-19T12:01:14+00:00\",\"description\":\"Con Mobile GIS redlining los t\u00e9cnicos actualizan mapas desde el terreno, mejorando precisi\u00f3n, eficiencia y colaboraci\u00f3n en tiempo real.\",\"breadcrumb\":{\"@id\":\"https:\/\/www.overit.ai\/es\/plataforma\/field-service-management-software\/gestion-de-la-fuerza-de-trabajo-movil\/mobile-gis-redlining\/#breadcrumb\"},\"inLanguage\":\"es-ES\",\"potentialAction\":[{\"@type\":\"ReadAction\",\"target\":[\"https:\/\/www.overit.ai\/es\/plataforma\/field-service-management-software\/gestion-de-la-fuerza-de-trabajo-movil\/mobile-gis-redlining\/\"]}]},{\"@type\":\"BreadcrumbList\",\"@id\":\"https:\/\/www.overit.ai\/es\/plataforma\/field-service-management-software\/gestion-de-la-fuerza-de-trabajo-movil\/mobile-gis-redlining\/#breadcrumb\",\"itemListElement\":[{\"@type\":\"ListItem\",\"position\":1,\"name\":\"Home\",\"item\":\"https:\/\/www.overit.ai\/es\/\"},{\"@type\":\"ListItem\",\"position\":2,\"name\":\"Plataforma\",\"item\":\"https:\/\/www.overit.ai\/es\/plataforma\/\"},{\"@type\":\"ListItem\",\"position\":3,\"name\":\"NextGen FSM\",\"item\":\"https:\/\/www.overit.ai\/es\/plataforma\/field-service-management-software\/\"},{\"@type\":\"ListItem\",\"position\":4,\"name\":\"Gesti\u00f3n de la fuerza de trabajo m\u00f3vil\",\"item\":\"https:\/\/www.overit.ai\/es\/plataforma\/field-service-management-software\/gestion-de-la-fuerza-de-trabajo-movil\/\"},{\"@type\":\"ListItem\",\"position\":5,\"name\":\"Mobile GIS redlining\"}]},{\"@type\":\"WebSite\",\"@id\":\"https:\/\/www.overit.ai\/es\/#website\",\"url\":\"https:\/\/www.overit.ai\/es\/\",\"name\":\"OverIT\",\"description\":\"Innovation in Field Service Management\",\"publisher\":{\"@id\":\"https:\/\/www.overit.ai\/es\/#organization\"},\"potentialAction\":[{\"@type\":\"SearchAction\",\"target\":{\"@type\":\"EntryPoint\",\"urlTemplate\":\"https:\/\/www.overit.ai\/es\/?s={search_term_string}\"},\"query-input\":{\"@type\":\"PropertyValueSpecification\",\"valueRequired\":true,\"valueName\":\"search_term_string\"}}],\"inLanguage\":\"es-ES\"},{\"@type\":\"Organization\",\"@id\":\"https:\/\/www.overit.ai\/es\/#organization\",\"name\":\"OverIT\",\"url\":\"https:\/\/www.overit.ai\/es\/\",\"logo\":{\"@type\":\"ImageObject\",\"inLanguage\":\"es-ES\",\"@id\":\"https:\/\/www.overit.ai\/es\/#\/schema\/logo\/image\/\",\"url\":\"https:\/\/www.overit.ai\/app\/uploads\/2021\/10\/OverIT-logo-400.png\",\"contentUrl\":\"https:\/\/www.overit.ai\/app\/uploads\/2021\/10\/OverIT-logo-400.png\",\"width\":400,\"height\":250,\"caption\":\"OverIT\"},\"image\":{\"@id\":\"https:\/\/www.overit.ai\/es\/#\/schema\/logo\/image\/\"}}]}<\/script>\n<!-- \/ Yoast SEO Premium plugin. -->","yoast_head_json":{"title":"Mobile GIS redlining: mapas actualizados en tiempo real","description":"Con Mobile GIS redlining los t\u00e9cnicos actualizan mapas desde el terreno, mejorando precisi\u00f3n, eficiencia y colaboraci\u00f3n en tiempo real.","robots":{"index":"index","follow":"follow","max-snippet":"max-snippet:-1","max-image-preview":"max-image-preview:large","max-video-preview":"max-video-preview:-1"},"canonical":"https:\/\/www.overit.ai\/es\/plataforma\/field-service-management-software\/gestion-de-la-fuerza-de-trabajo-movil\/mobile-gis-redlining\/","og_locale":"es_ES","og_type":"article","og_title":"Mobile GIS redlining: mapas actualizados en tiempo real","og_description":"Con Mobile GIS redlining los t\u00e9cnicos actualizan mapas desde el terreno, mejorando precisi\u00f3n, eficiencia y colaboraci\u00f3n en tiempo real.","og_url":"https:\/\/www.overit.ai\/es\/plataforma\/field-service-management-software\/gestion-de-la-fuerza-de-trabajo-movil\/mobile-gis-redlining\/","og_site_name":"OverIT","article_modified_time":"2025-11-19T12:01:14+00:00","og_image":[{"width":800,"height":480,"url":"https:\/\/www.overit.ai\/app\/uploads\/2024\/09\/mobile-gis-redlining.webp","type":"image\/webp"}],"twitter_card":"summary_large_image","twitter_title":"Mobile GIS redlining","twitter_misc":{"Est. reading time":"5 minutes"},"schema":{"@context":"https:\/\/schema.org","@graph":[{"@type":"WebPage","@id":"https:\/\/www.overit.ai\/es\/plataforma\/field-service-management-software\/gestion-de-la-fuerza-de-trabajo-movil\/mobile-gis-redlining\/","url":"https:\/\/www.overit.ai\/es\/plataforma\/field-service-management-software\/gestion-de-la-fuerza-de-trabajo-movil\/mobile-gis-redlining\/","name":"Mobile GIS redlining: mapas actualizados en tiempo real","isPartOf":{"@id":"https:\/\/www.overit.ai\/es\/#website"},"datePublished":"2025-09-11T14:24:49+00:00","dateModified":"2025-11-19T12:01:14+00:00","description":"Con Mobile GIS redlining los t\u00e9cnicos actualizan mapas desde el terreno, mejorando precisi\u00f3n, eficiencia y colaboraci\u00f3n en tiempo real.","breadcrumb":{"@id":"https:\/\/www.overit.ai\/es\/plataforma\/field-service-management-software\/gestion-de-la-fuerza-de-trabajo-movil\/mobile-gis-redlining\/#breadcrumb"},"inLanguage":"es-ES","potentialAction":[{"@type":"ReadAction","target":["https:\/\/www.overit.ai\/es\/plataforma\/field-service-management-software\/gestion-de-la-fuerza-de-trabajo-movil\/mobile-gis-redlining\/"]}]},{"@type":"BreadcrumbList","@id":"https:\/\/www.overit.ai\/es\/plataforma\/field-service-management-software\/gestion-de-la-fuerza-de-trabajo-movil\/mobile-gis-redlining\/#breadcrumb","itemListElement":[{"@type":"ListItem","position":1,"name":"Home","item":"https:\/\/www.overit.ai\/es\/"},{"@type":"ListItem","position":2,"name":"Plataforma","item":"https:\/\/www.overit.ai\/es\/plataforma\/"},{"@type":"ListItem","position":3,"name":"NextGen FSM","item":"https:\/\/www.overit.ai\/es\/plataforma\/field-service-management-software\/"},{"@type":"ListItem","position":4,"name":"Gesti\u00f3n de la fuerza de trabajo m\u00f3vil","item":"https:\/\/www.overit.ai\/es\/plataforma\/field-service-management-software\/gestion-de-la-fuerza-de-trabajo-movil\/"},{"@type":"ListItem","position":5,"name":"Mobile GIS redlining"}]},{"@type":"WebSite","@id":"https:\/\/www.overit.ai\/es\/#website","url":"https:\/\/www.overit.ai\/es\/","name":"OverIT","description":"Innovation in Field Service Management","publisher":{"@id":"https:\/\/www.overit.ai\/es\/#organization"},"potentialAction":[{"@type":"SearchAction","target":{"@type":"EntryPoint","urlTemplate":"https:\/\/www.overit.ai\/es\/?s={search_term_string}"},"query-input":{"@type":"PropertyValueSpecification","valueRequired":true,"valueName":"search_term_string"}}],"inLanguage":"es-ES"},{"@type":"Organization","@id":"https:\/\/www.overit.ai\/es\/#organization","name":"OverIT","url":"https:\/\/www.overit.ai\/es\/","logo":{"@type":"ImageObject","inLanguage":"es-ES","@id":"https:\/\/www.overit.ai\/es\/#\/schema\/logo\/image\/","url":"https:\/\/www.overit.ai\/app\/uploads\/2021\/10\/OverIT-logo-400.png","contentUrl":"https:\/\/www.overit.ai\/app\/uploads\/2021\/10\/OverIT-logo-400.png","width":400,"height":250,"caption":"OverIT"},"image":{"@id":"https:\/\/www.overit.ai\/es\/#\/schema\/logo\/image\/"}}]}},"_links":{"self":[{"href":"https:\/\/www.overit.ai\/es\/wp-json\/wp\/v2\/pages\/66101","targetHints":{"allow":["GET"]}}],"collection":[{"href":"https:\/\/www.overit.ai\/es\/wp-json\/wp\/v2\/pages"}],"about":[{"href":"https:\/\/www.overit.ai\/es\/wp-json\/wp\/v2\/types\/page"}],"author":[{"embeddable":true,"href":"https:\/\/www.overit.ai\/es\/wp-json\/wp\/v2\/users\/3"}],"replies":[{"embeddable":true,"href":"https:\/\/www.overit.ai\/es\/wp-json\/wp\/v2\/comments?post=66101"}],"version-history":[{"count":3,"href":"https:\/\/www.overit.ai\/es\/wp-json\/wp\/v2\/pages\/66101\/revisions"}],"predecessor-version":[{"id":66110,"href":"https:\/\/www.overit.ai\/es\/wp-json\/wp\/v2\/pages\/66101\/revisions\/66110"}],"up":[{"embeddable":true,"href":"https:\/\/www.overit.ai\/es\/wp-json\/wp\/v2\/pages\/59476"}],"wp:attachment":[{"href":"https:\/\/www.overit.ai\/es\/wp-json\/wp\/v2\/media?parent=66101"}],"wp:term":[{"taxonomy":"case_study_category","embeddable":true,"href":"https:\/\/www.overit.ai\/es\/wp-json\/wp\/v2\/case_study_category?post=66101"}],"curies":[{"name":"wp","href":"https:\/\/api.w.org\/{rel}","templated":true}]}}