{"id":66091,"date":"2025-09-11T13:07:24","date_gmt":"2025-09-11T13:07:24","guid":{"rendered":"https:\/\/www.overit.ai\/?page_id=66091"},"modified":"2026-04-10T09:18:52","modified_gmt":"2026-04-10T09:18:52","slug":"asistente-virtual-por-voz-para-tecnicos-en-campo","status":"publish","type":"page","link":"https:\/\/www.overit.ai\/es\/plataforma\/field-collaboration-software\/asistente-virtual-por-voz-para-tecnicos-en-campo\/","title":{"rendered":"Asistente virtual por voz para t\u00e9cnicos en campo"},"content":{"rendered":"<div\n  class=\"overit-block overit-block--light-gray overit-radius-full overit-no-margin overit-padding-small-top \n  overit-block-wide-info-image\"\n        >\n  \n  <div class=\"overit-block-wrapper\">\n\n\n\n\n<div class=\"wii right  \" id=\"\">\n        <div class=\"wii__content\" >\n                  <h1 class=\"wii__section-title\" style=\"\">Asistente virtual por voz para t\u00e9cnicos en campo<\/h1>\n          \n                      <h2 id=\"wii-title-69ded957815c0\" class=\"wii__title\" style=\"  \">Transforma el trabajo en campo con un asistente virtual por voz<\/h2>\n          \n    \n        \n    \n    \n    \n      <\/div>\n  \n      <div class=\"wii__image\" >\n          <div class=\"overit-video\">\n                <div class=\"overit-video__iframe\" >\n          <iframe title=\"Critical jobs scheduling assistant Video\" src=\"https:\/\/fast.wistia.net\/embed\/iframe\/xvfw8dz4qu?dnt=1\" allow=\"autoplay; fullscreen\" allowtransparency=\"true\" frameborder=\"0\" scrolling=\"no\" class=\"wistia_embed\" name=\"wistia_embed\" msallowfullscreen width=\"640\" height=\"360\"><\/iframe><script src=\"https:\/\/fast.wistia.net\/assets\/external\/E-v1.js\" async><\/script>        <\/div>\n      <\/div>\n      <\/div>\n  \n  <\/div>\n\n<\/div><!-- .overit-block-wrapper -->\n<\/div><!-- .overit-block -->\n\n\n<div\n  class=\"overit-block overit-block--white overit-radius-full overit-no-margin overit-padding-small overit-block--fullwidth\n  overit-block-configurable-jumbotron\"\n        >\n  \n  <div class=\"overit-block-wrapper\">\n\n<section class=\"configurable-jumbotron left\" >\n                  <h2 class=\"cj-section-title\">El reto<\/h2>\n          \n                  <h3  class=\"cj-title small\">C\u00f3mo apoyar a los t\u00e9cnicos en campo<\/h3 >\n          \n                  <div class=\"cj-subtitle small\"><p>Nuestro d\u00eda a d\u00eda est\u00e1 com\u00fanmente cargado de una infinidad de actividades personales y profesionales, ya sea una afici\u00f3n, un trabajo, las tareas dom\u00e9sticas o una acci\u00f3n cualquiera. Escuchar m\u00fasica, encontrar la mejor receta para una cena importante, hacer una llamada por tel\u00e9fono, estar informados sobre el tiempo o el estado del tr\u00e1fico: la velocidad del mundo en el que vivimos nos ha acostumbrado a recibir informaci\u00f3n y respuestas inmediatas, a visualizar actualizaciones en tiempo real. En un escenario similar, los asistentes virtuales est\u00e1n ganando ventaja competitiva con su capacidad para satisfacer las demandas de los clientes y hacer cualquier cosa que se les pida, desde programar el despertador hasta escribir un mensaje o solicitar informaci\u00f3n sobre la situaci\u00f3n geopol\u00edtica. Por supuesto, esto no forma solo parte de la vida personal, sino es tambi\u00e9n parte esencial del entorno profesional. Cuando los t\u00e9cnicos se encuentran ejecutando sus actividades en campo, deben estar capacitados para manejar situaciones tanto ordinarias como imprevistas, garantizando los niveles de eficiencia y productividad establecidos. Hay escenarios en los que se debe de gestionar un volumen muy elevado de \u00f3rdenes de trabajo cada d\u00eda, en este caso, incluso al operador m\u00e1s cualificado pudiera surgirle alguna duda sobre la ejecuci\u00f3n de una actividad o sobre el uso de alguna plataforma de software, o bien, los t\u00e9cnicos con poca experiencia pudieran requerir asistencia. Supongamos que diversos t\u00e9cnicos de cierta empresa se enfrentan con los siguientes problemas:<\/p>\n<p>John debe recopilar datos sobre una obra en construcci\u00f3n, pero no recuerda como llenar el informe.<\/p>\n<ul>\n<li>Donna requiere llamar a su supervisor para comprobar el procedimiento que solucionar\u00e1 un fallo en un cuadro el\u00e9ctrico. Sin embargo, ha olvidado c\u00f3mo acceder a esta funcionalidad en la aplicaci\u00f3n de colaboraci\u00f3n.<\/li>\n<li>Mientras Emma inspecciona un medidor, aparece un mensaje de error en la pantalla. Ella sabe que puede recurrir a los datos del IoT, pero no sabe d\u00f3nde encontrarlos dentro de la aplicaci\u00f3n.<\/li>\n<\/ul>\n<p>\u00bfQu\u00e9 pasar\u00eda si, en todo momento, los trabajadores de primera l\u00ednea pudieran contar con un asistente personal digital, siempre a su lado capaz de responder a sus dudas?<\/p>\n<\/div>\n          \n        <\/section>\n\n<\/div><!-- .overit-block-wrapper -->\n<\/div><!-- .overit-block -->\n\n\n<div\n  class=\"overit-block overit-block--white overit-radius-full overit-no-margin overit-padding-small-bottom overit-block--fullwidth\n  overit-block-configurable-jumbotron\"\n        >\n  \n  <div class=\"overit-block-wrapper\">\n\n<section class=\"configurable-jumbotron left\" >\n                  <h2 class=\"cj-section-title\">La soluci\u00f3n<\/h2>\n          \n                  <h3  class=\"cj-title small\">Asistente virtual inteligente y conversacional<\/h3 >\n          \n                  <div class=\"cj-subtitle small\"><p>OverIT apoya a los t\u00e9cnicos en campo a trav\u00e9s de un asistente virtual inteligente que les proporciona de forma personalizada, la ayuda y asesoramiento necesarios durante el diagn\u00f3stico y realizaci\u00f3n de sus tareas, a trav\u00e9s de comandos de voz y dispositivos montados en la cabeza.<\/p>\n<p>Cada vez que a los t\u00e9cnicos en campo les surja alguna duda sobre el uso de la plataforma, tendr\u00e1n la posibilidad de comunicarse directamente con el asistente virtual a trav\u00e9s de comandos de voz. Al integrarse con tecnolog\u00eda conversacional, la <a href=\"https:\/\/www.overit.ai\/es\/plataforma\/\">NextGen Platform<\/a> analiza e interpreta la documentaci\u00f3n existente para dar respuesta de forma exacta e inmediata. El agilizar las interacciones con los servicios digitales, permite que los t\u00e9cnicos nunca se queden sin soporte, especialmente si no tienen mucha experiencia en la materia, siempre recibir\u00e1n una respuesta a sus dudas en tiempo real, lo que les permitir\u00e1 estar listos y preparados para realizar las tareas asignadas de manera r\u00e1pida y precisa.<\/p>\n<\/div>\n          \n        <\/section>\n\n<\/div><!-- .overit-block-wrapper -->\n<\/div><!-- .overit-block -->\n\n\n<div\n  class=\"overit-block overit-block--white overit-radius-full overit-no-margin overit-padding-small-bottom overit-block--fullwidth\n  overit-block-configurable-jumbotron\"\n        >\n  \n  <div class=\"overit-block-wrapper\">\n\n<section class=\"configurable-jumbotron left\" >\n                  <div class=\"cj-section-title\">Impactos y KPI<\/div>\n          \n                  <h3  class=\"cj-title small\">Rapidez, eficiencia y ahorro<\/h3 >\n          \n    \n        <\/section>\n\n<\/div><!-- .overit-block-wrapper -->\n<\/div><!-- .overit-block -->\n\n\n<div\n  class=\"overit-block overit-block--white overit-radius-full overit-no-margin overit-padding-medium-bottom \n  overit-block-multi-info-cards\"\n        >\n  \n  <div class=\"overit-block-wrapper\">\n\n<div class=\"info-cards info-cards--4 info-cards--align-left\">\n        <div class=\"info-cards__sections \">\n                  <div class=\"info-card info-card--4\n           info-card--bg-gray           \n          \n          info-card--top-line\n        \">\n        <div class=\"info-card-inner\">\n                                  <div class=\"info-card__icon\">\n                            <i aria-hidden=\"true\" style=\"color: #FF8200;font-size: 32px;\" class=\"fa-classic fa-light fa-calendar-star\" aria-hidden=\"true\"><\/i>\n            <\/div>\n                                            <div class=\"info-card__title \" >\n              Agilizaci\u00f3n en la ejecuci\u00f3n de las tareas\n            <\/div>\n                            <\/div>\n      <\/div>\n                  <div class=\"info-card info-card--4\n           info-card--bg-gray           \n          \n          info-card--top-line\n        \">\n        <div class=\"info-card-inner\">\n                                  <div class=\"info-card__icon\">\n                            <i aria-hidden=\"true\" style=\"color: #FF8200;font-size: 32px;\" class=\"fa-classic fa-light fa-calendar-week\" aria-hidden=\"true\"><\/i>\n            <\/div>\n                                            <div class=\"info-card__title \" >\n              Mejora de la experiencia del usuario en campo\n            <\/div>\n                            <\/div>\n      <\/div>\n                  <div class=\"info-card info-card--4\n           info-card--bg-gray           \n          \n          info-card--top-line\n        \">\n        <div class=\"info-card-inner\">\n                                  <div class=\"info-card__icon\">\n                            <i aria-hidden=\"true\" style=\"color: #FF8200;font-size: 32px;\" class=\"fa-classic fa-light fa-person-circle-check\" aria-hidden=\"true\"><\/i>\n            <\/div>\n                                            <div class=\"info-card__title \" >\n              Incremento en la eficiencia\n            <\/div>\n                            <\/div>\n      <\/div>\n                  <div class=\"info-card info-card--4\n           info-card--bg-gray           \n          \n          info-card--top-line\n        \">\n        <div class=\"info-card-inner\">\n                                  <div class=\"info-card__icon\">\n                            <i aria-hidden=\"true\" style=\"color: #FF8200;font-size: 32px;\" class=\"fa-classic fa-light fa-piggy-bank\" aria-hidden=\"true\"><\/i>\n            <\/div>\n                                            <div class=\"info-card__title \" >\n              Ahorro en tiempo y costes\n            <\/div>\n                            <\/div>\n      <\/div>\n          <\/div>\n  <\/div>\n\n<\/div><!-- .overit-block-wrapper -->\n<\/div><!-- .overit-block -->\n","protected":false},"excerpt":{"rendered":"","protected":false},"author":3,"featured_media":0,"parent":12313,"menu_order":0,"comment_status":"closed","ping_status":"closed","template":"","meta":{"_acf_changed":false,"footnotes":""},"case_study_category":[],"class_list":["post-66091","page","type-page","status-publish","hentry"],"acf":[],"yoast_head":"<!-- This site is optimized with the Yoast SEO Premium plugin v25.6 (Yoast SEO v25.6) - https:\/\/yoast.com\/wordpress\/plugins\/seo\/ -->\n<title>Asistente virtual por voz para t\u00e9cnicos en campo<\/title>\n<meta name=\"description\" content=\"Optimiza las operaciones en campo con el asistente virtual por voz de OverIT: respuestas inmediatas, eficiencia y ahorro de costes.\" \/>\n<meta name=\"robots\" content=\"index, follow, max-snippet:-1, max-image-preview:large, max-video-preview:-1\" \/>\n<link rel=\"canonical\" href=\"https:\/\/www.overit.ai\/es\/plataforma\/field-collaboration-software\/asistente-virtual-por-voz-para-tecnicos-en-campo\/\" \/>\n<meta property=\"og:locale\" content=\"es_ES\" \/>\n<meta property=\"og:type\" content=\"article\" \/>\n<meta property=\"og:title\" content=\"Asistente virtual por voz para t\u00e9cnicos en campo\" \/>\n<meta property=\"og:description\" content=\"Optimiza las operaciones en campo con el asistente virtual por voz de OverIT: respuestas inmediatas, eficiencia y ahorro de costes.\" \/>\n<meta property=\"og:url\" content=\"https:\/\/www.overit.ai\/es\/plataforma\/field-collaboration-software\/asistente-virtual-por-voz-para-tecnicos-en-campo\/\" \/>\n<meta property=\"og:site_name\" content=\"OverIT\" \/>\n<meta property=\"article:modified_time\" content=\"2026-04-10T09:18:52+00:00\" \/>\n<meta property=\"og:image\" content=\"https:\/\/www.overit.ai\/app\/uploads\/2023\/01\/AI-driven-virtual-assistant-video-web.jpg\" \/>\n\t<meta property=\"og:image:width\" content=\"1000\" \/>\n\t<meta property=\"og:image:height\" content=\"520\" \/>\n\t<meta property=\"og:image:type\" content=\"image\/jpeg\" \/>\n<meta name=\"twitter:card\" content=\"summary_large_image\" \/>\n<meta name=\"twitter:title\" content=\"Asistente virtual por voz para t\u00e9cnicos en campo\" \/>\n<meta name=\"twitter:label1\" content=\"Est. reading time\" \/>\n\t<meta name=\"twitter:data1\" content=\"3 minutes\" \/>\n<script type=\"application\/ld+json\" class=\"yoast-schema-graph\">{\"@context\":\"https:\/\/schema.org\",\"@graph\":[{\"@type\":\"WebPage\",\"@id\":\"https:\/\/www.overit.ai\/es\/plataforma\/field-collaboration-software\/asistente-virtual-por-voz-para-tecnicos-en-campo\/\",\"url\":\"https:\/\/www.overit.ai\/es\/plataforma\/field-collaboration-software\/asistente-virtual-por-voz-para-tecnicos-en-campo\/\",\"name\":\"Asistente virtual por voz para t\u00e9cnicos en campo\",\"isPartOf\":{\"@id\":\"https:\/\/www.overit.ai\/es\/#website\"},\"datePublished\":\"2025-09-11T13:07:24+00:00\",\"dateModified\":\"2026-04-10T09:18:52+00:00\",\"description\":\"Optimiza las operaciones en campo con el asistente virtual por voz de OverIT: respuestas inmediatas, eficiencia y ahorro de costes.\",\"breadcrumb\":{\"@id\":\"https:\/\/www.overit.ai\/es\/plataforma\/field-collaboration-software\/asistente-virtual-por-voz-para-tecnicos-en-campo\/#breadcrumb\"},\"inLanguage\":\"es-ES\",\"potentialAction\":[{\"@type\":\"ReadAction\",\"target\":[\"https:\/\/www.overit.ai\/es\/plataforma\/field-collaboration-software\/asistente-virtual-por-voz-para-tecnicos-en-campo\/\"]}]},{\"@type\":\"BreadcrumbList\",\"@id\":\"https:\/\/www.overit.ai\/es\/plataforma\/field-collaboration-software\/asistente-virtual-por-voz-para-tecnicos-en-campo\/#breadcrumb\",\"itemListElement\":[{\"@type\":\"ListItem\",\"position\":1,\"name\":\"Home\",\"item\":\"https:\/\/www.overit.ai\/es\/\"},{\"@type\":\"ListItem\",\"position\":2,\"name\":\"Plataforma\",\"item\":\"https:\/\/www.overit.ai\/es\/plataforma\/\"},{\"@type\":\"ListItem\",\"position\":3,\"name\":\"NextGen Field Collaboration\",\"item\":\"https:\/\/www.overit.ai\/es\/plataforma\/field-collaboration-software\/\"},{\"@type\":\"ListItem\",\"position\":4,\"name\":\"Asistente virtual por voz para t\u00e9cnicos en campo\"}]},{\"@type\":\"WebSite\",\"@id\":\"https:\/\/www.overit.ai\/es\/#website\",\"url\":\"https:\/\/www.overit.ai\/es\/\",\"name\":\"OverIT\",\"description\":\"Innovation in Field Service Management\",\"publisher\":{\"@id\":\"https:\/\/www.overit.ai\/es\/#organization\"},\"potentialAction\":[{\"@type\":\"SearchAction\",\"target\":{\"@type\":\"EntryPoint\",\"urlTemplate\":\"https:\/\/www.overit.ai\/es\/?s={search_term_string}\"},\"query-input\":{\"@type\":\"PropertyValueSpecification\",\"valueRequired\":true,\"valueName\":\"search_term_string\"}}],\"inLanguage\":\"es-ES\"},{\"@type\":\"Organization\",\"@id\":\"https:\/\/www.overit.ai\/es\/#organization\",\"name\":\"OverIT\",\"url\":\"https:\/\/www.overit.ai\/es\/\",\"logo\":{\"@type\":\"ImageObject\",\"inLanguage\":\"es-ES\",\"@id\":\"https:\/\/www.overit.ai\/es\/#\/schema\/logo\/image\/\",\"url\":\"https:\/\/www.overit.ai\/app\/uploads\/2021\/10\/OverIT-logo-400.png\",\"contentUrl\":\"https:\/\/www.overit.ai\/app\/uploads\/2021\/10\/OverIT-logo-400.png\",\"width\":400,\"height\":250,\"caption\":\"OverIT\"},\"image\":{\"@id\":\"https:\/\/www.overit.ai\/es\/#\/schema\/logo\/image\/\"}}]}<\/script>\n<!-- \/ Yoast SEO Premium plugin. -->","yoast_head_json":{"title":"Asistente virtual por voz para t\u00e9cnicos en campo","description":"Optimiza las operaciones en campo con el asistente virtual por voz de OverIT: respuestas inmediatas, eficiencia y ahorro de costes.","robots":{"index":"index","follow":"follow","max-snippet":"max-snippet:-1","max-image-preview":"max-image-preview:large","max-video-preview":"max-video-preview:-1"},"canonical":"https:\/\/www.overit.ai\/es\/plataforma\/field-collaboration-software\/asistente-virtual-por-voz-para-tecnicos-en-campo\/","og_locale":"es_ES","og_type":"article","og_title":"Asistente virtual por voz para t\u00e9cnicos en campo","og_description":"Optimiza las operaciones en campo con el asistente virtual por voz de OverIT: respuestas inmediatas, eficiencia y ahorro de costes.","og_url":"https:\/\/www.overit.ai\/es\/plataforma\/field-collaboration-software\/asistente-virtual-por-voz-para-tecnicos-en-campo\/","og_site_name":"OverIT","article_modified_time":"2026-04-10T09:18:52+00:00","og_image":[{"width":1000,"height":520,"url":"https:\/\/www.overit.ai\/app\/uploads\/2023\/01\/AI-driven-virtual-assistant-video-web.jpg","type":"image\/jpeg"}],"twitter_card":"summary_large_image","twitter_title":"Asistente virtual por voz para t\u00e9cnicos en campo","twitter_misc":{"Est. reading time":"3 minutes"},"schema":{"@context":"https:\/\/schema.org","@graph":[{"@type":"WebPage","@id":"https:\/\/www.overit.ai\/es\/plataforma\/field-collaboration-software\/asistente-virtual-por-voz-para-tecnicos-en-campo\/","url":"https:\/\/www.overit.ai\/es\/plataforma\/field-collaboration-software\/asistente-virtual-por-voz-para-tecnicos-en-campo\/","name":"Asistente virtual por voz para t\u00e9cnicos en campo","isPartOf":{"@id":"https:\/\/www.overit.ai\/es\/#website"},"datePublished":"2025-09-11T13:07:24+00:00","dateModified":"2026-04-10T09:18:52+00:00","description":"Optimiza las operaciones en campo con el asistente virtual por voz de OverIT: respuestas inmediatas, eficiencia y ahorro de costes.","breadcrumb":{"@id":"https:\/\/www.overit.ai\/es\/plataforma\/field-collaboration-software\/asistente-virtual-por-voz-para-tecnicos-en-campo\/#breadcrumb"},"inLanguage":"es-ES","potentialAction":[{"@type":"ReadAction","target":["https:\/\/www.overit.ai\/es\/plataforma\/field-collaboration-software\/asistente-virtual-por-voz-para-tecnicos-en-campo\/"]}]},{"@type":"BreadcrumbList","@id":"https:\/\/www.overit.ai\/es\/plataforma\/field-collaboration-software\/asistente-virtual-por-voz-para-tecnicos-en-campo\/#breadcrumb","itemListElement":[{"@type":"ListItem","position":1,"name":"Home","item":"https:\/\/www.overit.ai\/es\/"},{"@type":"ListItem","position":2,"name":"Plataforma","item":"https:\/\/www.overit.ai\/es\/plataforma\/"},{"@type":"ListItem","position":3,"name":"NextGen Field Collaboration","item":"https:\/\/www.overit.ai\/es\/plataforma\/field-collaboration-software\/"},{"@type":"ListItem","position":4,"name":"Asistente virtual por voz para t\u00e9cnicos en campo"}]},{"@type":"WebSite","@id":"https:\/\/www.overit.ai\/es\/#website","url":"https:\/\/www.overit.ai\/es\/","name":"OverIT","description":"Innovation in Field Service Management","publisher":{"@id":"https:\/\/www.overit.ai\/es\/#organization"},"potentialAction":[{"@type":"SearchAction","target":{"@type":"EntryPoint","urlTemplate":"https:\/\/www.overit.ai\/es\/?s={search_term_string}"},"query-input":{"@type":"PropertyValueSpecification","valueRequired":true,"valueName":"search_term_string"}}],"inLanguage":"es-ES"},{"@type":"Organization","@id":"https:\/\/www.overit.ai\/es\/#organization","name":"OverIT","url":"https:\/\/www.overit.ai\/es\/","logo":{"@type":"ImageObject","inLanguage":"es-ES","@id":"https:\/\/www.overit.ai\/es\/#\/schema\/logo\/image\/","url":"https:\/\/www.overit.ai\/app\/uploads\/2021\/10\/OverIT-logo-400.png","contentUrl":"https:\/\/www.overit.ai\/app\/uploads\/2021\/10\/OverIT-logo-400.png","width":400,"height":250,"caption":"OverIT"},"image":{"@id":"https:\/\/www.overit.ai\/es\/#\/schema\/logo\/image\/"}}]}},"_links":{"self":[{"href":"https:\/\/www.overit.ai\/es\/wp-json\/wp\/v2\/pages\/66091","targetHints":{"allow":["GET"]}}],"collection":[{"href":"https:\/\/www.overit.ai\/es\/wp-json\/wp\/v2\/pages"}],"about":[{"href":"https:\/\/www.overit.ai\/es\/wp-json\/wp\/v2\/types\/page"}],"author":[{"embeddable":true,"href":"https:\/\/www.overit.ai\/es\/wp-json\/wp\/v2\/users\/3"}],"replies":[{"embeddable":true,"href":"https:\/\/www.overit.ai\/es\/wp-json\/wp\/v2\/comments?post=66091"}],"version-history":[{"count":2,"href":"https:\/\/www.overit.ai\/es\/wp-json\/wp\/v2\/pages\/66091\/revisions"}],"predecessor-version":[{"id":72249,"href":"https:\/\/www.overit.ai\/es\/wp-json\/wp\/v2\/pages\/66091\/revisions\/72249"}],"up":[{"embeddable":true,"href":"https:\/\/www.overit.ai\/es\/wp-json\/wp\/v2\/pages\/12313"}],"wp:attachment":[{"href":"https:\/\/www.overit.ai\/es\/wp-json\/wp\/v2\/media?parent=66091"}],"wp:term":[{"taxonomy":"case_study_category","embeddable":true,"href":"https:\/\/www.overit.ai\/es\/wp-json\/wp\/v2\/case_study_category?post=66091"}],"curies":[{"name":"wp","href":"https:\/\/api.w.org\/{rel}","templated":true}]}}