{"id":66055,"date":"2025-09-11T08:48:41","date_gmt":"2025-09-11T08:48:41","guid":{"rendered":"https:\/\/www.overit.ai\/?page_id=66055"},"modified":"2025-11-19T12:01:19","modified_gmt":"2025-11-19T12:01:19","slug":"critical-jobs-scheduling","status":"publish","type":"page","link":"https:\/\/www.overit.ai\/es\/plataforma\/field-service-management-software\/planificacion-asignacion\/critical-jobs-scheduling\/","title":{"rendered":"Critical jobs scheduling"},"content":{"rendered":"<div\n  class=\"overit-block overit-block--light-gray overit-radius-full overit-no-margin overit-padding-small-top \n  overit-block-wide-info-image\"\n        >\n  \n  <div class=\"overit-block-wrapper\">\n\n\n\n\n<div class=\"wii right  \" id=\"\">\n        <div class=\"wii__content\" >\n                  <h1 class=\"wii__section-title\" style=\"\">Critical jobs scheduling assistant (aka In jeopardy tasks)<\/h1>\n          \n                      <h2 id=\"wii-title-69ded870c8891\" class=\"wii__title\" style=\"  \">Asistente de programaci\u00f3n de trabajos cr\u00edticos para gestionar tareas en riesgo<\/h2>\n          \n    \n        \n    \n    \n    \n      <\/div>\n  \n      <div class=\"wii__image\" >\n          <div class=\"overit-video\">\n                <div class=\"overit-video__iframe\" >\n          <iframe title=\"Critical jobs scheduling assistant Video\" src=\"https:\/\/fast.wistia.net\/embed\/iframe\/xvfw8dz4qu?dnt=1\" allow=\"autoplay; fullscreen\" allowtransparency=\"true\" frameborder=\"0\" scrolling=\"no\" class=\"wistia_embed\" name=\"wistia_embed\" msallowfullscreen width=\"640\" height=\"360\"><\/iframe><script src=\"https:\/\/fast.wistia.net\/assets\/external\/E-v1.js\" async><\/script>        <\/div>\n      <\/div>\n      <\/div>\n  \n  <\/div>\n\n<\/div><!-- .overit-block-wrapper -->\n<\/div><!-- .overit-block -->\n\n\n<div\n  class=\"overit-block overit-block--white overit-radius-full overit-no-margin overit-padding-small overit-block--fullwidth\n  overit-block-configurable-jumbotron\"\n        >\n  \n  <div class=\"overit-block-wrapper\">\n\n<section class=\"configurable-jumbotron left\" >\n                  <h2 class=\"cj-section-title\">El reto<\/h2>\n          \n                  <h3  class=\"cj-title small\">La complejidad de la programaci\u00f3n y los imprevistos diarios<\/h3 >\n          \n                  <div class=\"cj-subtitle small\"><p>En la perspectiva de un despachador, un nuevo d\u00eda supone una nueva <a href=\"https:\/\/www.overit.ai\/es\/plataforma\/field-service-management-software\/planificacion-asignacion\/\">programaci\u00f3n de tareas<\/a>, planificando las actividades para el personal en campo y priorizando los trabajos de manera que los t\u00e9cnicos m\u00e1s capacitados sean asignados a los trabajos m\u00e1s cr\u00edticos, en virtud de las competencias necesarias para ejecutarlos; a la vez que se supervisa el progreso de las tareas y problemas que puedan ocurrir durante el d\u00eda. El <a href=\"https:\/\/www.overit.ai\/es\/plataforma\/field-service-management-software\/mantenimiento-operativo-de-activos\/\">mantenimiento preventivo y correctivo de los activos<\/a>, las inspecciones, servicios de atenci\u00f3n al cliente, evaluaci\u00f3n de da\u00f1os, tareas complejas y actividades centradas en citas, son algunas de las actividades a las que se enfrentan los despachadores en su rutina diaria. Normalmente, son ellos los que se encargan de elaborar la planificaci\u00f3n general y <a href=\"https:\/\/www.overit.ai\/es\/plataforma\/field-service-management-software\/planificacion-asignacion\/\">despachar un volumen significativo de \u00f3rdenes de trabajo<\/a> al d\u00eda por cada t\u00e9cnico, siempre teniendo en cuenta las competencias y disponibilidad, los acuerdos de nivel de servicio y optimizaci\u00f3n de rutas. Aun as\u00ed, pueden producirse eventos imprevistos que cambien dr\u00e1sticamente la planificaci\u00f3n establecida (cancelaciones, emergencias, problemas de desplazamiento, tr\u00e1fico y retrasos). Al ocurrir lo inesperado, se generan errores en la programaci\u00f3n de las \u00f3rdenes de trabajo, surgen tareas urgentes por programar o quedan algunas sin finalizar.<\/p>\n<ul>\n<li>Imaginemos el escenario en el que se encuentra John. Hoy debe realizar la inspecci\u00f3n de un contador de electricidad para un cliente final. Pero en su camino hacia el sitio de inspecci\u00f3n se encuentra con tr\u00e1fico y no puede acudir a la cita. El despachador se olvid\u00f3 de reprogramar la cita otra vez porque no se dio cuenta del retraso en el horario por lo que, de un lado, el t\u00e9cnico no pudo recuperar el tiempo y del otro, el cliente final no est\u00e1 satisfecho.<\/li>\n<li>O bien, pensemos en Caroline, que hoy ha organizado sus actividades para poder gestionar su \u00faltima cita en un lugar cercano al de su m\u00e9dico. Desgraciadamente, de repente el despachador se acuerda de una tarea urgente que debe finalizarse ese mismo d\u00eda. El \u00fanico t\u00e9cnico cualificado para realizarla es Caroline y la hora de disponibilidad es la \u00faltima de su jornada laboral. Est\u00e1 al otro lado de la ciudad, as\u00ed que Caroline no llegar\u00eda a tiempo al m\u00e9dico.<\/li>\n<\/ul>\n<p>\u00bfC\u00f3mo pueden las organizaciones respaldar a los despachadores en el mantenimiento de la planificaci\u00f3n general, la recepci\u00f3n de datos en tiempo real sobre el estado de las \u00f3rdenes de trabajo y de las tareas en peligro y, en \u00faltimo, en la supervisi\u00f3n de toda la informaci\u00f3n para garantizar que las actividades requeridas se lleven a cabo?<\/p>\n<\/div>\n          \n        <\/section>\n\n<\/div><!-- .overit-block-wrapper -->\n<\/div><!-- .overit-block -->\n\n\n<div\n  class=\"overit-block overit-block--white overit-radius-full overit-no-margin overit-padding-small-bottom overit-block--fullwidth\n  overit-block-configurable-jumbotron\"\n        >\n  \n  <div class=\"overit-block-wrapper\">\n\n<section class=\"configurable-jumbotron left\" >\n                  <h2 class=\"cj-section-title\">La soluci\u00f3n<\/h2>\n          \n                  <h3  class=\"cj-title small\">Asistente de programaci\u00f3n de trabajos cr\u00edticos: la respuesta a lo inesperado<\/h3 >\n          \n                  <div class=\"cj-subtitle small\"><p>El asistente de programaci\u00f3n de trabajos cr\u00edticos permite a los despachadores identificar r\u00e1pidamente cualquier tipo de problema con las tareas no completadas o a\u00fan no planificadas (por ejemplo, tareas programadas pero a\u00fan no asignadas a los t\u00e9cnicos o asignadas pero a\u00fan no iniciadas, \u00f3rdenes de trabajo de tipo cita no programadas, etc. ). Esta funcionalidad permite visualizar todas las actividades en riesgo, optimizando la programaci\u00f3n con rapidez y precisi\u00f3n. Los despachadores pueden ahora contar con una visi\u00f3n de 360\u00b0 y en tiempo real sobre los problemas y las tareas no completadas, las causas relativas y el nivel de urgencia, permiti\u00e9ndoles reaccionar al momento con los cambios necesarios. De esta manera, las empresas ayudan a los <a href=\"https:\/\/www.overit.ai\/es\/plataforma\/field-service-management-software\/planificacion-asignacion\/\">despachadores en la programaci\u00f3n intradiaria<\/a> de las actividades, resolviendo los problemas de manera proactiva y asignando las tareas a los t\u00e9cnicos en el momento adecuado, con el fin de garantizar la ejecuci\u00f3n efectiva de todas las tareas.<\/p>\n<\/div>\n          \n        <\/section>\n\n<\/div><!-- .overit-block-wrapper -->\n<\/div><!-- .overit-block -->\n\n\n<div\n  class=\"overit-block overit-block--white overit-radius-full overit-no-margin overit-padding-small-bottom overit-block--fullwidth\n  overit-block-configurable-jumbotron\"\n        >\n  \n  <div class=\"overit-block-wrapper\">\n\n<section class=\"configurable-jumbotron left\" >\n                  <div class=\"cj-section-title\">Impactos y KPI<\/div>\n          \n                  <h3  class=\"cj-title small\">Beneficios tangibles para despachadores y organizaciones<\/h3 >\n          \n    \n        <\/section>\n\n<\/div><!-- .overit-block-wrapper -->\n<\/div><!-- .overit-block -->\n\n\n<div\n  class=\"overit-block overit-block--white overit-radius-full overit-no-margin overit-padding-medium-bottom \n  overit-block-multi-info-cards\"\n        >\n  \n  <div class=\"overit-block-wrapper\">\n\n<div class=\"info-cards info-cards--4 info-cards--align-left\">\n        <div class=\"info-cards__sections \">\n                  <div class=\"info-card info-card--4\n           info-card--bg-gray           \n          \n          info-card--top-line\n        \">\n        <div class=\"info-card-inner\">\n                                  <div class=\"info-card__icon\">\n                            <i aria-hidden=\"true\" style=\"color: #FF8200;font-size: 32px;\" class=\"fa-classic fa-light fa-calendar-star\" aria-hidden=\"true\"><\/i>\n            <\/div>\n                                            <div class=\"info-card__title \" >\n              Mejora en la optimizaci\u00f3n de la planificaci\u00f3n\n            <\/div>\n                            <\/div>\n      <\/div>\n                  <div class=\"info-card info-card--4\n           info-card--bg-gray           \n          \n          info-card--top-line\n        \">\n        <div class=\"info-card-inner\">\n                                  <div class=\"info-card__icon\">\n                            <i aria-hidden=\"true\" style=\"color: #FF8200;font-size: 32px;\" class=\"fa-classic fa-light fa-calendar-week\" aria-hidden=\"true\"><\/i>\n            <\/div>\n                                            <div class=\"info-card__title \" >\n              Simplificaci\u00f3n en la planificaci\u00f3n de actividades intradiarias\n            <\/div>\n                            <\/div>\n      <\/div>\n                  <div class=\"info-card info-card--4\n           info-card--bg-gray           \n          \n          info-card--top-line\n        \">\n        <div class=\"info-card-inner\">\n                                  <div class=\"info-card__icon\">\n                            <i aria-hidden=\"true\" style=\"color: #FF8200;font-size: 32px;\" class=\"fa-classic fa-light fa-person-circle-check\" aria-hidden=\"true\"><\/i>\n            <\/div>\n                                            <div class=\"info-card__title \" >\n              Incremento de la cantidad diaria de \u00f3rdenes de trabajo programadas y ejecutadas\n            <\/div>\n                            <\/div>\n      <\/div>\n                  <div class=\"info-card info-card--4\n           info-card--bg-gray           \n          \n          info-card--top-line\n        \">\n        <div class=\"info-card-inner\">\n                                  <div class=\"info-card__icon\">\n                            <i aria-hidden=\"true\" style=\"color: #FF8200;font-size: 32px;\" class=\"fa-classic fa-light fa-piggy-bank\" aria-hidden=\"true\"><\/i>\n            <\/div>\n                                            <div class=\"info-card__title \" >\n              Ahorro de costes y tiempo\n            <\/div>\n                            <\/div>\n      <\/div>\n          <\/div>\n  <\/div>\n\n<\/div><!-- .overit-block-wrapper -->\n<\/div><!-- .overit-block -->\n","protected":false},"excerpt":{"rendered":"","protected":false},"author":3,"featured_media":0,"parent":57626,"menu_order":0,"comment_status":"closed","ping_status":"closed","template":"","meta":{"_acf_changed":false,"footnotes":""},"case_study_category":[],"class_list":["post-66055","page","type-page","status-publish","hentry"],"acf":[],"yoast_head":"<!-- This site is optimized with the Yoast SEO Premium plugin v25.6 (Yoast SEO v25.6) - https:\/\/yoast.com\/wordpress\/plugins\/seo\/ -->\n<title>Asistente de programaci\u00f3n cr\u00edtica | Gesti\u00f3n de tareas en riesgo<\/title>\n<meta name=\"description\" content=\"Descubre c\u00f3mo el asistente de programaci\u00f3n cr\u00edtica ayuda a los despachadores a gestionar tareas en riesgo y optimizar la planificaci\u00f3n\" \/>\n<meta name=\"robots\" content=\"index, follow, max-snippet:-1, max-image-preview:large, max-video-preview:-1\" \/>\n<link rel=\"canonical\" href=\"https:\/\/www.overit.ai\/es\/plataforma\/field-service-management-software\/planificacion-asignacion\/critical-jobs-scheduling\/\" \/>\n<meta property=\"og:locale\" content=\"es_ES\" \/>\n<meta property=\"og:type\" content=\"article\" \/>\n<meta property=\"og:title\" content=\"Asistente de programaci\u00f3n cr\u00edtica | Gesti\u00f3n de tareas en riesgo\" \/>\n<meta property=\"og:description\" content=\"Descubre c\u00f3mo el asistente de programaci\u00f3n cr\u00edtica ayuda a los despachadores a gestionar tareas en riesgo y optimizar la planificaci\u00f3n\" \/>\n<meta property=\"og:url\" content=\"https:\/\/www.overit.ai\/es\/plataforma\/field-service-management-software\/planificacion-asignacion\/critical-jobs-scheduling\/\" \/>\n<meta property=\"og:site_name\" content=\"OverIT\" \/>\n<meta property=\"article:modified_time\" content=\"2025-11-19T12:01:19+00:00\" \/>\n<meta property=\"og:image\" content=\"https:\/\/www.overit.ai\/app\/uploads\/2022\/09\/Augmented-collaboration-powered-by-GIS-2.jpg\" \/>\n\t<meta property=\"og:image:width\" content=\"1000\" \/>\n\t<meta property=\"og:image:height\" content=\"519\" \/>\n\t<meta property=\"og:image:type\" content=\"image\/jpeg\" \/>\n<meta name=\"twitter:card\" content=\"summary_large_image\" \/>\n<meta name=\"twitter:title\" content=\"Critical jobs scheduling\" \/>\n<meta name=\"twitter:label1\" content=\"Est. reading time\" \/>\n\t<meta name=\"twitter:data1\" content=\"3 minutes\" \/>\n<script type=\"application\/ld+json\" class=\"yoast-schema-graph\">{\"@context\":\"https:\/\/schema.org\",\"@graph\":[{\"@type\":\"WebPage\",\"@id\":\"https:\/\/www.overit.ai\/es\/plataforma\/field-service-management-software\/planificacion-asignacion\/critical-jobs-scheduling\/\",\"url\":\"https:\/\/www.overit.ai\/es\/plataforma\/field-service-management-software\/planificacion-asignacion\/critical-jobs-scheduling\/\",\"name\":\"Asistente de programaci\u00f3n cr\u00edtica | Gesti\u00f3n de tareas en riesgo\",\"isPartOf\":{\"@id\":\"https:\/\/www.overit.ai\/es\/#website\"},\"datePublished\":\"2025-09-11T08:48:41+00:00\",\"dateModified\":\"2025-11-19T12:01:19+00:00\",\"description\":\"Descubre c\u00f3mo el asistente de programaci\u00f3n cr\u00edtica ayuda a los despachadores a gestionar tareas en riesgo y optimizar la planificaci\u00f3n\",\"breadcrumb\":{\"@id\":\"https:\/\/www.overit.ai\/es\/plataforma\/field-service-management-software\/planificacion-asignacion\/critical-jobs-scheduling\/#breadcrumb\"},\"inLanguage\":\"es-ES\",\"potentialAction\":[{\"@type\":\"ReadAction\",\"target\":[\"https:\/\/www.overit.ai\/es\/plataforma\/field-service-management-software\/planificacion-asignacion\/critical-jobs-scheduling\/\"]}]},{\"@type\":\"BreadcrumbList\",\"@id\":\"https:\/\/www.overit.ai\/es\/plataforma\/field-service-management-software\/planificacion-asignacion\/critical-jobs-scheduling\/#breadcrumb\",\"itemListElement\":[{\"@type\":\"ListItem\",\"position\":1,\"name\":\"Home\",\"item\":\"https:\/\/www.overit.ai\/es\/\"},{\"@type\":\"ListItem\",\"position\":2,\"name\":\"Plataforma\",\"item\":\"https:\/\/www.overit.ai\/es\/plataforma\/\"},{\"@type\":\"ListItem\",\"position\":3,\"name\":\"NextGen FSM\",\"item\":\"https:\/\/www.overit.ai\/es\/plataforma\/field-service-management-software\/\"},{\"@type\":\"ListItem\",\"position\":4,\"name\":\"Planificaci\u00f3n y asignaci\u00f3n\",\"item\":\"https:\/\/www.overit.ai\/es\/plataforma\/field-service-management-software\/planificacion-asignacion\/\"},{\"@type\":\"ListItem\",\"position\":5,\"name\":\"Critical jobs scheduling\"}]},{\"@type\":\"WebSite\",\"@id\":\"https:\/\/www.overit.ai\/es\/#website\",\"url\":\"https:\/\/www.overit.ai\/es\/\",\"name\":\"OverIT\",\"description\":\"Innovation in Field Service Management\",\"publisher\":{\"@id\":\"https:\/\/www.overit.ai\/es\/#organization\"},\"potentialAction\":[{\"@type\":\"SearchAction\",\"target\":{\"@type\":\"EntryPoint\",\"urlTemplate\":\"https:\/\/www.overit.ai\/es\/?s={search_term_string}\"},\"query-input\":{\"@type\":\"PropertyValueSpecification\",\"valueRequired\":true,\"valueName\":\"search_term_string\"}}],\"inLanguage\":\"es-ES\"},{\"@type\":\"Organization\",\"@id\":\"https:\/\/www.overit.ai\/es\/#organization\",\"name\":\"OverIT\",\"url\":\"https:\/\/www.overit.ai\/es\/\",\"logo\":{\"@type\":\"ImageObject\",\"inLanguage\":\"es-ES\",\"@id\":\"https:\/\/www.overit.ai\/es\/#\/schema\/logo\/image\/\",\"url\":\"https:\/\/www.overit.ai\/app\/uploads\/2021\/10\/OverIT-logo-400.png\",\"contentUrl\":\"https:\/\/www.overit.ai\/app\/uploads\/2021\/10\/OverIT-logo-400.png\",\"width\":400,\"height\":250,\"caption\":\"OverIT\"},\"image\":{\"@id\":\"https:\/\/www.overit.ai\/es\/#\/schema\/logo\/image\/\"}}]}<\/script>\n<!-- \/ Yoast SEO Premium plugin. -->","yoast_head_json":{"title":"Asistente de programaci\u00f3n cr\u00edtica | Gesti\u00f3n de tareas en riesgo","description":"Descubre c\u00f3mo el asistente de programaci\u00f3n cr\u00edtica ayuda a los despachadores a gestionar tareas en riesgo y optimizar la planificaci\u00f3n","robots":{"index":"index","follow":"follow","max-snippet":"max-snippet:-1","max-image-preview":"max-image-preview:large","max-video-preview":"max-video-preview:-1"},"canonical":"https:\/\/www.overit.ai\/es\/plataforma\/field-service-management-software\/planificacion-asignacion\/critical-jobs-scheduling\/","og_locale":"es_ES","og_type":"article","og_title":"Asistente de programaci\u00f3n cr\u00edtica | Gesti\u00f3n de tareas en riesgo","og_description":"Descubre c\u00f3mo el asistente de programaci\u00f3n cr\u00edtica ayuda a los despachadores a gestionar tareas en riesgo y optimizar la planificaci\u00f3n","og_url":"https:\/\/www.overit.ai\/es\/plataforma\/field-service-management-software\/planificacion-asignacion\/critical-jobs-scheduling\/","og_site_name":"OverIT","article_modified_time":"2025-11-19T12:01:19+00:00","og_image":[{"width":1000,"height":519,"url":"https:\/\/www.overit.ai\/app\/uploads\/2022\/09\/Augmented-collaboration-powered-by-GIS-2.jpg","type":"image\/jpeg"}],"twitter_card":"summary_large_image","twitter_title":"Critical jobs scheduling","twitter_misc":{"Est. reading time":"3 minutes"},"schema":{"@context":"https:\/\/schema.org","@graph":[{"@type":"WebPage","@id":"https:\/\/www.overit.ai\/es\/plataforma\/field-service-management-software\/planificacion-asignacion\/critical-jobs-scheduling\/","url":"https:\/\/www.overit.ai\/es\/plataforma\/field-service-management-software\/planificacion-asignacion\/critical-jobs-scheduling\/","name":"Asistente de programaci\u00f3n cr\u00edtica | Gesti\u00f3n de tareas en riesgo","isPartOf":{"@id":"https:\/\/www.overit.ai\/es\/#website"},"datePublished":"2025-09-11T08:48:41+00:00","dateModified":"2025-11-19T12:01:19+00:00","description":"Descubre c\u00f3mo el asistente de programaci\u00f3n cr\u00edtica ayuda a los despachadores a gestionar tareas en riesgo y optimizar la planificaci\u00f3n","breadcrumb":{"@id":"https:\/\/www.overit.ai\/es\/plataforma\/field-service-management-software\/planificacion-asignacion\/critical-jobs-scheduling\/#breadcrumb"},"inLanguage":"es-ES","potentialAction":[{"@type":"ReadAction","target":["https:\/\/www.overit.ai\/es\/plataforma\/field-service-management-software\/planificacion-asignacion\/critical-jobs-scheduling\/"]}]},{"@type":"BreadcrumbList","@id":"https:\/\/www.overit.ai\/es\/plataforma\/field-service-management-software\/planificacion-asignacion\/critical-jobs-scheduling\/#breadcrumb","itemListElement":[{"@type":"ListItem","position":1,"name":"Home","item":"https:\/\/www.overit.ai\/es\/"},{"@type":"ListItem","position":2,"name":"Plataforma","item":"https:\/\/www.overit.ai\/es\/plataforma\/"},{"@type":"ListItem","position":3,"name":"NextGen FSM","item":"https:\/\/www.overit.ai\/es\/plataforma\/field-service-management-software\/"},{"@type":"ListItem","position":4,"name":"Planificaci\u00f3n y asignaci\u00f3n","item":"https:\/\/www.overit.ai\/es\/plataforma\/field-service-management-software\/planificacion-asignacion\/"},{"@type":"ListItem","position":5,"name":"Critical jobs scheduling"}]},{"@type":"WebSite","@id":"https:\/\/www.overit.ai\/es\/#website","url":"https:\/\/www.overit.ai\/es\/","name":"OverIT","description":"Innovation in Field Service Management","publisher":{"@id":"https:\/\/www.overit.ai\/es\/#organization"},"potentialAction":[{"@type":"SearchAction","target":{"@type":"EntryPoint","urlTemplate":"https:\/\/www.overit.ai\/es\/?s={search_term_string}"},"query-input":{"@type":"PropertyValueSpecification","valueRequired":true,"valueName":"search_term_string"}}],"inLanguage":"es-ES"},{"@type":"Organization","@id":"https:\/\/www.overit.ai\/es\/#organization","name":"OverIT","url":"https:\/\/www.overit.ai\/es\/","logo":{"@type":"ImageObject","inLanguage":"es-ES","@id":"https:\/\/www.overit.ai\/es\/#\/schema\/logo\/image\/","url":"https:\/\/www.overit.ai\/app\/uploads\/2021\/10\/OverIT-logo-400.png","contentUrl":"https:\/\/www.overit.ai\/app\/uploads\/2021\/10\/OverIT-logo-400.png","width":400,"height":250,"caption":"OverIT"},"image":{"@id":"https:\/\/www.overit.ai\/es\/#\/schema\/logo\/image\/"}}]}},"_links":{"self":[{"href":"https:\/\/www.overit.ai\/es\/wp-json\/wp\/v2\/pages\/66055","targetHints":{"allow":["GET"]}}],"collection":[{"href":"https:\/\/www.overit.ai\/es\/wp-json\/wp\/v2\/pages"}],"about":[{"href":"https:\/\/www.overit.ai\/es\/wp-json\/wp\/v2\/types\/page"}],"author":[{"embeddable":true,"href":"https:\/\/www.overit.ai\/es\/wp-json\/wp\/v2\/users\/3"}],"replies":[{"embeddable":true,"href":"https:\/\/www.overit.ai\/es\/wp-json\/wp\/v2\/comments?post=66055"}],"version-history":[{"count":2,"href":"https:\/\/www.overit.ai\/es\/wp-json\/wp\/v2\/pages\/66055\/revisions"}],"predecessor-version":[{"id":66086,"href":"https:\/\/www.overit.ai\/es\/wp-json\/wp\/v2\/pages\/66055\/revisions\/66086"}],"up":[{"embeddable":true,"href":"https:\/\/www.overit.ai\/es\/wp-json\/wp\/v2\/pages\/57626"}],"wp:attachment":[{"href":"https:\/\/www.overit.ai\/es\/wp-json\/wp\/v2\/media?parent=66055"}],"wp:term":[{"taxonomy":"case_study_category","embeddable":true,"href":"https:\/\/www.overit.ai\/es\/wp-json\/wp\/v2\/case_study_category?post=66055"}],"curies":[{"name":"wp","href":"https:\/\/api.w.org\/{rel}","templated":true}]}}