{"id":66025,"date":"2025-09-09T14:28:15","date_gmt":"2025-09-09T14:28:15","guid":{"rendered":"https:\/\/www.overit.ai\/?page_id=66025"},"modified":"2025-11-19T12:01:22","modified_gmt":"2025-11-19T12:01:22","slug":"gis-movil-offline","status":"publish","type":"page","link":"https:\/\/www.overit.ai\/es\/plataforma\/field-service-management-software\/gestion-de-la-fuerza-de-trabajo-movil\/gis-movil-offline\/","title":{"rendered":"GIS m\u00f3vil offline"},"content":{"rendered":"<div\n  class=\"overit-block overit-block--light-gray overit-radius-full overit-no-margin overit-padding-small-top \n  overit-block-wide-info-image\"\n        >\n  \n  <div class=\"overit-block-wrapper\">\n\n\n\n\n<div class=\"wii right  \" id=\"\">\n        <div class=\"wii__content\" >\n                  <h1 class=\"wii__section-title\" style=\"\">GIS m\u00f3vil offline<\/h1>\n          \n                      <h2 id=\"wii-title-69ded61344ff9\" class=\"wii__title\" style=\"  \">Expande las funcionalidades offline del GIS para ofrecer el mejor apoyo posible a las actividades de campo<\/h2>\n          \n    \n        \n    \n    \n    \n      <\/div>\n  \n      <div class=\"wii__image\" >\n          <div class=\"overit-video\">\n                <div class=\"overit-video__iframe\" >\n          <iframe title=\"OverIT NextGen Platform 2023 Wave One - Mobile GIS offline extension Video\" src=\"https:\/\/fast.wistia.net\/embed\/iframe\/1y1rkzlrya?dnt=1\" allow=\"autoplay; fullscreen\" allowtransparency=\"true\" frameborder=\"0\" scrolling=\"no\" class=\"wistia_embed\" name=\"wistia_embed\" msallowfullscreen width=\"640\" height=\"360\"><\/iframe><script src=\"https:\/\/fast.wistia.net\/assets\/external\/E-v1.js\" async><\/script>        <\/div>\n      <\/div>\n      <\/div>\n  \n  <\/div>\n\n<\/div><!-- .overit-block-wrapper -->\n<\/div><!-- .overit-block -->\n\n\n<div\n  class=\"overit-block overit-block--white overit-radius-full overit-no-margin overit-padding-small overit-block--fullwidth\n  overit-block-configurable-jumbotron\"\n        >\n  \n  <div class=\"overit-block-wrapper\">\n\n<section class=\"configurable-jumbotron left\" >\n                  <div class=\"cj-section-title\">El reto<\/div>\n          \n                  <h3  class=\"cj-title small\">Los t\u00e9cnicos de campo encuentran dificultades sin el soporte offline del GIS m\u00f3vil<\/h3 >\n          \n                  <div class=\"cj-subtitle small\"><p>Las empresas de energ\u00eda y servicios p\u00fablicos, petr\u00f3leo y gas, telecomunicaciones y transporte, est\u00e1n expandiendo el uso del <a href=\"https:\/\/www.overit.ai\/es\/plataforma\/field-service-management-software\/sistema-de-informacion-geografica-sig\/\">GIS<\/a> aprovechando su potencial a lo largo de sus organizaciones. Cuando se combina con el FSM, el GIS se convierte en una fuente \u00fanica para gestionar activos, clientes, empleados y entorno. M\u00e1s concretamente, las empresas con <a href=\"https:\/\/www.overit.ai\/es\/gestion-de-activos-lineales\/\">gesti\u00f3n de activos lineales<\/a> optan por confiar en las capacidades del GIS para gestionar los modelos de redes din\u00e1micas. <a href=\"https:\/\/www.overit.ai\/es\/\">Operaciones de misi\u00f3n cr\u00edtica<\/a> como la gesti\u00f3n de redes de gas y electricidad, con ubicaciones en lugares remotos como el desierto o bajo tierra, presentan problem\u00e1ticas como escasa o nula conexi\u00f3n impidi\u00e9ndole a los t\u00e9cnicos el acceso a los datos, documentos e informaci\u00f3n cartogr\u00e1fica limitando el potencial del GIS y evit\u00e1ndoles que puedan recibir el soporte necesario para gestionar sus actividades de forma eficiente.<\/p>\n<\/div>\n          \n        <\/section>\n\n<\/div><!-- .overit-block-wrapper -->\n<\/div><!-- .overit-block -->\n\n\n<div\n  class=\"overit-block overit-block--white overit-radius-full overit-no-margin overit-padding-small-bottom overit-block--fullwidth\n  overit-block-configurable-jumbotron\"\n        >\n  \n  <div class=\"overit-block-wrapper\">\n\n<section class=\"configurable-jumbotron left\" >\n                  <div class=\"cj-section-title\">La soluci\u00f3n<\/div>\n          \n                  <h3  class=\"cj-title small\">Expansi\u00f3n del GIS con funcionalidades offline avanzadas<\/h3 >\n          \n                  <div class=\"cj-subtitle small\"><p>OverIT reconoce el GIS como un elemento diferenciador invirtiendo importantes recursos a trav\u00e9s de su <a href=\"https:\/\/www.overit.ai\/es\/plataforma\/field-service-management-software\/sistema-de-informacion-geografica-sig\/centro-de-excelencia-gis\/\">Centro de Excelencia dedicado<\/a>. Esto ha permitido a OverIT, ser el \u00fanico proveedor de FSM en ofrecer funcionalidades m\u00f3viles avanzadas, extendiendo ahora sus capacidades de operaci\u00f3n en ambientes sin conexi\u00f3n, permitiendo brindar una asistencia de primer nivel durante las actividades en campo. Los t\u00e9cnicos pueden acceder a un amplio conjunto de visualizaciones GIS disponibles sin conexi\u00f3n, pudiendo examinar a detalle la estructura de las plantas (incluyendo informaci\u00f3n espec\u00edfica y archivos multimedia adjuntos sobre el activo en cuesti\u00f3n) y consultar datos geogr\u00e1ficos y mapas, contando con un alto nivel de configurabilidad, que se traduce en la posibilidad de elegir la visualizacion m\u00e1s adecuada al tipo de capa o actividad en curso. Adicional, el sistema es compatible con m\u00faltiples formatos de archivo que permite a los t\u00e9cnicos consultar gran cantidad de datos y mapas, actualizados autom\u00e1ticamente a trav\u00e9s de una REST API. El t\u00e9cnico recibe una notificaci\u00f3n push cuando el sistema recibe nuevos datos, a partir de este momento, puede descargar el contenido f\u00e1cilmente directamente desde el m\u00f3vil, obteniendo m\u00faltiples beneficios. En este mundo donde la seguridad es un aspecto imprescindible para las empresas, este tipo de innovaci\u00f3n les permite cumplir con los requisitos crecientes en materia de ciberseguridad, protegiendo su entorno empresarial.<\/p>\n<\/div>\n          \n        <\/section>\n\n<\/div><!-- .overit-block-wrapper -->\n<\/div><!-- .overit-block -->\n\n\n<div\n  class=\"overit-block overit-block--white overit-radius-full overit-no-margin overit-padding-small-bottom overit-block--fullwidth\n  overit-block-configurable-jumbotron\"\n        >\n  \n  <div class=\"overit-block-wrapper\">\n\n<section class=\"configurable-jumbotron left\" >\n    \n                  <h3  class=\"cj-title small\">Impactos y KPI<\/h3 >\n          \n    \n        <\/section>\n\n<\/div><!-- .overit-block-wrapper -->\n<\/div><!-- .overit-block -->\n\n\n<div\n  class=\"overit-block overit-block--white overit-radius-full overit-no-margin overit-padding-medium-bottom \n  overit-block-multi-info-cards\"\n        >\n  \n  <div class=\"overit-block-wrapper\">\n\n<div class=\"info-cards info-cards--4 info-cards--align-left\">\n        <div class=\"info-cards__sections \">\n                  <div class=\"info-card info-card--4\n           info-card--bg-gray           \n          \n          info-card--top-line\n        \">\n        <div class=\"info-card-inner\">\n                                  <div class=\"info-card__icon\">\n                            <i aria-hidden=\"true\" style=\"color: #FF8200;font-size: 32px;\" class=\"fa-classic fa-light fa-shield-check\" aria-hidden=\"true\"><\/i>\n            <\/div>\n                                            <div class=\"info-card__title \" >\n              Incremento en la seguridad empresarial\n            <\/div>\n                            <\/div>\n      <\/div>\n                  <div class=\"info-card info-card--4\n           info-card--bg-gray           \n          \n          info-card--top-line\n        \">\n        <div class=\"info-card-inner\">\n                                  <div class=\"info-card__icon\">\n                            <i aria-hidden=\"true\" style=\"color: #FF8200;font-size: 32px;\" class=\"fa-classic fa-light fa-chart-network\" aria-hidden=\"true\"><\/i>\n            <\/div>\n                                            <div class=\"info-card__title \" >\n              Ampliaci\u00f3n de las capacidades GIS\n            <\/div>\n                            <\/div>\n      <\/div>\n                  <div class=\"info-card info-card--4\n           info-card--bg-gray           \n          \n          info-card--top-line\n        \">\n        <div class=\"info-card-inner\">\n                                  <div class=\"info-card__icon\">\n                            <i aria-hidden=\"true\" style=\"color: #FF8200;font-size: 32px;\" class=\"fa-classic fa-light fa-circle-star\" aria-hidden=\"true\"><\/i>\n            <\/div>\n                                            <div class=\"info-card__title \" >\n              Mayor calidad de las actividades en campo\n            <\/div>\n                            <\/div>\n      <\/div>\n                  <div class=\"info-card info-card--4\n           info-card--bg-gray           \n          \n          info-card--top-line\n        \">\n        <div class=\"info-card-inner\">\n                                  <div class=\"info-card__icon\">\n                            <i aria-hidden=\"true\" style=\"color: #FF8200;font-size: 32px;\" class=\"fa-classic fa-light fa-user-plus\" aria-hidden=\"true\"><\/i>\n            <\/div>\n                                            <div class=\"info-card__title \" >\n              Mejora en la experiencia de usuario\n            <\/div>\n                            <\/div>\n      <\/div>\n          <\/div>\n  <\/div>\n\n<\/div><!-- .overit-block-wrapper -->\n<\/div><!-- .overit-block -->\n","protected":false},"excerpt":{"rendered":"","protected":false},"author":3,"featured_media":0,"parent":59476,"menu_order":0,"comment_status":"closed","ping_status":"closed","template":"","meta":{"_acf_changed":false,"footnotes":""},"case_study_category":[],"class_list":["post-66025","page","type-page","status-publish","hentry"],"acf":[],"yoast_head":"<!-- This site is optimized with the Yoast SEO Premium plugin v25.6 (Yoast SEO v25.6) - https:\/\/yoast.com\/wordpress\/plugins\/seo\/ -->\n<title>GIS m\u00f3vil offline<\/title>\n<meta name=\"description\" content=\"Permite a los t\u00e9cnicos acceder a mapas y activos con el GIS m\u00f3vil offline. Garantiza la fiabilidad incluso en \u00e1reas sin conectividad.\" \/>\n<meta name=\"robots\" content=\"index, follow, max-snippet:-1, max-image-preview:large, max-video-preview:-1\" \/>\n<link rel=\"canonical\" href=\"https:\/\/www.overit.ai\/es\/plataforma\/field-service-management-software\/gestion-de-la-fuerza-de-trabajo-movil\/gis-movil-offline\/\" \/>\n<meta property=\"og:locale\" content=\"es_ES\" \/>\n<meta property=\"og:type\" content=\"article\" \/>\n<meta property=\"og:title\" content=\"GIS m\u00f3vil offline\" \/>\n<meta property=\"og:description\" content=\"Permite a los t\u00e9cnicos acceder a mapas y activos con el GIS m\u00f3vil offline. Garantiza la fiabilidad incluso en \u00e1reas sin conectividad.\" \/>\n<meta property=\"og:url\" content=\"https:\/\/www.overit.ai\/es\/plataforma\/field-service-management-software\/gestion-de-la-fuerza-de-trabajo-movil\/gis-movil-offline\/\" \/>\n<meta property=\"og:site_name\" content=\"OverIT\" \/>\n<meta property=\"article:modified_time\" content=\"2025-11-19T12:01:22+00:00\" \/>\n<meta property=\"og:image\" content=\"https:\/\/www.overit.ai\/app\/uploads\/2022\/09\/Augmented-collaboration-powered-by-GIS-2.jpg\" \/>\n\t<meta property=\"og:image:width\" content=\"1000\" \/>\n\t<meta property=\"og:image:height\" content=\"519\" \/>\n\t<meta property=\"og:image:type\" content=\"image\/jpeg\" \/>\n<meta name=\"twitter:card\" content=\"summary_large_image\" \/>\n<meta name=\"twitter:title\" content=\"GIS m\u00f3vil offline\" \/>\n<meta name=\"twitter:label1\" content=\"Est. reading time\" \/>\n\t<meta name=\"twitter:data1\" content=\"2 minutes\" \/>\n<script type=\"application\/ld+json\" class=\"yoast-schema-graph\">{\"@context\":\"https:\/\/schema.org\",\"@graph\":[{\"@type\":\"WebPage\",\"@id\":\"https:\/\/www.overit.ai\/es\/plataforma\/field-service-management-software\/gestion-de-la-fuerza-de-trabajo-movil\/gis-movil-offline\/\",\"url\":\"https:\/\/www.overit.ai\/es\/plataforma\/field-service-management-software\/gestion-de-la-fuerza-de-trabajo-movil\/gis-movil-offline\/\",\"name\":\"GIS m\u00f3vil offline\",\"isPartOf\":{\"@id\":\"https:\/\/www.overit.ai\/es\/#website\"},\"datePublished\":\"2025-09-09T14:28:15+00:00\",\"dateModified\":\"2025-11-19T12:01:22+00:00\",\"description\":\"Permite a los t\u00e9cnicos acceder a mapas y activos con el GIS m\u00f3vil offline. Garantiza la fiabilidad incluso en \u00e1reas sin conectividad.\",\"breadcrumb\":{\"@id\":\"https:\/\/www.overit.ai\/es\/plataforma\/field-service-management-software\/gestion-de-la-fuerza-de-trabajo-movil\/gis-movil-offline\/#breadcrumb\"},\"inLanguage\":\"es-ES\",\"potentialAction\":[{\"@type\":\"ReadAction\",\"target\":[\"https:\/\/www.overit.ai\/es\/plataforma\/field-service-management-software\/gestion-de-la-fuerza-de-trabajo-movil\/gis-movil-offline\/\"]}]},{\"@type\":\"BreadcrumbList\",\"@id\":\"https:\/\/www.overit.ai\/es\/plataforma\/field-service-management-software\/gestion-de-la-fuerza-de-trabajo-movil\/gis-movil-offline\/#breadcrumb\",\"itemListElement\":[{\"@type\":\"ListItem\",\"position\":1,\"name\":\"Home\",\"item\":\"https:\/\/www.overit.ai\/es\/\"},{\"@type\":\"ListItem\",\"position\":2,\"name\":\"Plataforma\",\"item\":\"https:\/\/www.overit.ai\/es\/plataforma\/\"},{\"@type\":\"ListItem\",\"position\":3,\"name\":\"NextGen FSM\",\"item\":\"https:\/\/www.overit.ai\/es\/plataforma\/field-service-management-software\/\"},{\"@type\":\"ListItem\",\"position\":4,\"name\":\"Gesti\u00f3n de la fuerza de trabajo m\u00f3vil\",\"item\":\"https:\/\/www.overit.ai\/es\/plataforma\/field-service-management-software\/gestion-de-la-fuerza-de-trabajo-movil\/\"},{\"@type\":\"ListItem\",\"position\":5,\"name\":\"GIS m\u00f3vil offline\"}]},{\"@type\":\"WebSite\",\"@id\":\"https:\/\/www.overit.ai\/es\/#website\",\"url\":\"https:\/\/www.overit.ai\/es\/\",\"name\":\"OverIT\",\"description\":\"Innovation in Field Service Management\",\"publisher\":{\"@id\":\"https:\/\/www.overit.ai\/es\/#organization\"},\"potentialAction\":[{\"@type\":\"SearchAction\",\"target\":{\"@type\":\"EntryPoint\",\"urlTemplate\":\"https:\/\/www.overit.ai\/es\/?s={search_term_string}\"},\"query-input\":{\"@type\":\"PropertyValueSpecification\",\"valueRequired\":true,\"valueName\":\"search_term_string\"}}],\"inLanguage\":\"es-ES\"},{\"@type\":\"Organization\",\"@id\":\"https:\/\/www.overit.ai\/es\/#organization\",\"name\":\"OverIT\",\"url\":\"https:\/\/www.overit.ai\/es\/\",\"logo\":{\"@type\":\"ImageObject\",\"inLanguage\":\"es-ES\",\"@id\":\"https:\/\/www.overit.ai\/es\/#\/schema\/logo\/image\/\",\"url\":\"https:\/\/www.overit.ai\/app\/uploads\/2021\/10\/OverIT-logo-400.png\",\"contentUrl\":\"https:\/\/www.overit.ai\/app\/uploads\/2021\/10\/OverIT-logo-400.png\",\"width\":400,\"height\":250,\"caption\":\"OverIT\"},\"image\":{\"@id\":\"https:\/\/www.overit.ai\/es\/#\/schema\/logo\/image\/\"}}]}<\/script>\n<!-- \/ Yoast SEO Premium plugin. -->","yoast_head_json":{"title":"GIS m\u00f3vil offline","description":"Permite a los t\u00e9cnicos acceder a mapas y activos con el GIS m\u00f3vil offline. Garantiza la fiabilidad incluso en \u00e1reas sin conectividad.","robots":{"index":"index","follow":"follow","max-snippet":"max-snippet:-1","max-image-preview":"max-image-preview:large","max-video-preview":"max-video-preview:-1"},"canonical":"https:\/\/www.overit.ai\/es\/plataforma\/field-service-management-software\/gestion-de-la-fuerza-de-trabajo-movil\/gis-movil-offline\/","og_locale":"es_ES","og_type":"article","og_title":"GIS m\u00f3vil offline","og_description":"Permite a los t\u00e9cnicos acceder a mapas y activos con el GIS m\u00f3vil offline. Garantiza la fiabilidad incluso en \u00e1reas sin conectividad.","og_url":"https:\/\/www.overit.ai\/es\/plataforma\/field-service-management-software\/gestion-de-la-fuerza-de-trabajo-movil\/gis-movil-offline\/","og_site_name":"OverIT","article_modified_time":"2025-11-19T12:01:22+00:00","og_image":[{"width":1000,"height":519,"url":"https:\/\/www.overit.ai\/app\/uploads\/2022\/09\/Augmented-collaboration-powered-by-GIS-2.jpg","type":"image\/jpeg"}],"twitter_card":"summary_large_image","twitter_title":"GIS m\u00f3vil offline","twitter_misc":{"Est. reading time":"2 minutes"},"schema":{"@context":"https:\/\/schema.org","@graph":[{"@type":"WebPage","@id":"https:\/\/www.overit.ai\/es\/plataforma\/field-service-management-software\/gestion-de-la-fuerza-de-trabajo-movil\/gis-movil-offline\/","url":"https:\/\/www.overit.ai\/es\/plataforma\/field-service-management-software\/gestion-de-la-fuerza-de-trabajo-movil\/gis-movil-offline\/","name":"GIS m\u00f3vil offline","isPartOf":{"@id":"https:\/\/www.overit.ai\/es\/#website"},"datePublished":"2025-09-09T14:28:15+00:00","dateModified":"2025-11-19T12:01:22+00:00","description":"Permite a los t\u00e9cnicos acceder a mapas y activos con el GIS m\u00f3vil offline. Garantiza la fiabilidad incluso en \u00e1reas sin conectividad.","breadcrumb":{"@id":"https:\/\/www.overit.ai\/es\/plataforma\/field-service-management-software\/gestion-de-la-fuerza-de-trabajo-movil\/gis-movil-offline\/#breadcrumb"},"inLanguage":"es-ES","potentialAction":[{"@type":"ReadAction","target":["https:\/\/www.overit.ai\/es\/plataforma\/field-service-management-software\/gestion-de-la-fuerza-de-trabajo-movil\/gis-movil-offline\/"]}]},{"@type":"BreadcrumbList","@id":"https:\/\/www.overit.ai\/es\/plataforma\/field-service-management-software\/gestion-de-la-fuerza-de-trabajo-movil\/gis-movil-offline\/#breadcrumb","itemListElement":[{"@type":"ListItem","position":1,"name":"Home","item":"https:\/\/www.overit.ai\/es\/"},{"@type":"ListItem","position":2,"name":"Plataforma","item":"https:\/\/www.overit.ai\/es\/plataforma\/"},{"@type":"ListItem","position":3,"name":"NextGen FSM","item":"https:\/\/www.overit.ai\/es\/plataforma\/field-service-management-software\/"},{"@type":"ListItem","position":4,"name":"Gesti\u00f3n de la fuerza de trabajo m\u00f3vil","item":"https:\/\/www.overit.ai\/es\/plataforma\/field-service-management-software\/gestion-de-la-fuerza-de-trabajo-movil\/"},{"@type":"ListItem","position":5,"name":"GIS m\u00f3vil offline"}]},{"@type":"WebSite","@id":"https:\/\/www.overit.ai\/es\/#website","url":"https:\/\/www.overit.ai\/es\/","name":"OverIT","description":"Innovation in Field Service Management","publisher":{"@id":"https:\/\/www.overit.ai\/es\/#organization"},"potentialAction":[{"@type":"SearchAction","target":{"@type":"EntryPoint","urlTemplate":"https:\/\/www.overit.ai\/es\/?s={search_term_string}"},"query-input":{"@type":"PropertyValueSpecification","valueRequired":true,"valueName":"search_term_string"}}],"inLanguage":"es-ES"},{"@type":"Organization","@id":"https:\/\/www.overit.ai\/es\/#organization","name":"OverIT","url":"https:\/\/www.overit.ai\/es\/","logo":{"@type":"ImageObject","inLanguage":"es-ES","@id":"https:\/\/www.overit.ai\/es\/#\/schema\/logo\/image\/","url":"https:\/\/www.overit.ai\/app\/uploads\/2021\/10\/OverIT-logo-400.png","contentUrl":"https:\/\/www.overit.ai\/app\/uploads\/2021\/10\/OverIT-logo-400.png","width":400,"height":250,"caption":"OverIT"},"image":{"@id":"https:\/\/www.overit.ai\/es\/#\/schema\/logo\/image\/"}}]}},"_links":{"self":[{"href":"https:\/\/www.overit.ai\/es\/wp-json\/wp\/v2\/pages\/66025","targetHints":{"allow":["GET"]}}],"collection":[{"href":"https:\/\/www.overit.ai\/es\/wp-json\/wp\/v2\/pages"}],"about":[{"href":"https:\/\/www.overit.ai\/es\/wp-json\/wp\/v2\/types\/page"}],"author":[{"embeddable":true,"href":"https:\/\/www.overit.ai\/es\/wp-json\/wp\/v2\/users\/3"}],"replies":[{"embeddable":true,"href":"https:\/\/www.overit.ai\/es\/wp-json\/wp\/v2\/comments?post=66025"}],"version-history":[{"count":2,"href":"https:\/\/www.overit.ai\/es\/wp-json\/wp\/v2\/pages\/66025\/revisions"}],"predecessor-version":[{"id":66049,"href":"https:\/\/www.overit.ai\/es\/wp-json\/wp\/v2\/pages\/66025\/revisions\/66049"}],"up":[{"embeddable":true,"href":"https:\/\/www.overit.ai\/es\/wp-json\/wp\/v2\/pages\/59476"}],"wp:attachment":[{"href":"https:\/\/www.overit.ai\/es\/wp-json\/wp\/v2\/media?parent=66025"}],"wp:term":[{"taxonomy":"case_study_category","embeddable":true,"href":"https:\/\/www.overit.ai\/es\/wp-json\/wp\/v2\/case_study_category?post=66025"}],"curies":[{"name":"wp","href":"https:\/\/api.w.org\/{rel}","templated":true}]}}