{"id":63716,"date":"2025-03-14T11:36:09","date_gmt":"2025-03-14T11:36:09","guid":{"rendered":"https:\/\/www.overit.ai\/?page_id=63716"},"modified":"2026-04-08T11:49:09","modified_gmt":"2026-04-08T11:49:09","slug":"evn-modernizar-las-redes-electricas-con-soluciones-de-software-de-gestion-de-servicios-de-campo","status":"publish","type":"page","link":"https:\/\/www.overit.ai\/es\/clientes\/casos-de-exito\/evn-modernizar-las-redes-electricas-con-soluciones-de-software-de-gestion-de-servicios-de-campo\/","title":{"rendered":"EVN &#8211; Modernizar las redes el\u00e9ctricas con soluciones de software de Gesti\u00f3n de Servicios de Campo\u00a0"},"content":{"rendered":"<div\n  class=\"overit-block overit-block--white overit-radius-none overit-margin-medium-bottom overit-no-padding \n  overit-block-customer-page-header\"\n        >\n  \n  <div class=\"overit-block-wrapper\">\n\n<div class=\"cph\">\n  \n    <div class=\"cph_slogan-cont\" style=\"background: linear-gradient(0deg, rgba(0, 0, 0, 0.3), rgba(0, 0, 0, 0.3)), url('https:\/\/www.overit.ai\/app\/uploads\/2025\/03\/EVN-Modernizing-grids-with-Field-Service-Management-software-solutions.jpg') center top\">\n                  <div class=\"cph__section-title\">EVN<\/div>\n                                    <h1 class=\"cph__slogan\">Modernizar las redes el\u00e9ctricas con soluciones de software de Gesti\u00f3n de Servicios de Campo<\/h1>\n            <\/div>\n  <div class=\"cph__customer-section\" data-aos=\"fade-up\">\n    <div class=\"cph__customer-desc-cont\">\n                  <div class=\"cph__customer-desc\">\n        <p>EVN es una empresa internacional l\u00edder en servicios energ\u00e9ticos y medioambientales que cotiza en bolsa y tiene su sede en Baja Austria, el estado federal m\u00e1s extenso de Austria.<\/p>\n\n      <\/div>\n    <\/div>\n    <div class=\"cph__customer-facts\">\n              <div class=\"cph__facts-title\">INFORMACI\u00d3N CLAVE<\/div>\n        <div class=\"cph__facts\">\n                     <div class=\"cph__fact-cont\">\n            <div class=\"cph__fact-label\">\n              Sector\n            <\/div>\n            <div class=\"cph__fact\">\n              Energ\u00eda y Empresas de Servicios P\u00fablicos\n            <\/div>\n          <\/div>\n                     <div class=\"cph__fact-cont\">\n            <div class=\"cph__fact-label\">\n              Regi\u00f3n\n            <\/div>\n            <div class=\"cph__fact\">\n              EMEA\n            <\/div>\n          <\/div>\n                     <div class=\"cph__fact-cont\">\n            <div class=\"cph__fact-label\">\n              T\u00e9cnicos implicados\n            <\/div>\n            <div class=\"cph__fact\">\n              3000+\n            <\/div>\n          <\/div>\n                     <div class=\"cph__fact-cont\">\n            <div class=\"cph__fact-label\">\n              Clientes\n            <\/div>\n            <div class=\"cph__fact\">\n              4.8M\n            <\/div>\n          <\/div>\n                  <\/div>\n          <\/div>\n  <\/div>\n<\/div>\n\n<\/div><!-- .overit-block-wrapper -->\n<\/div><!-- .overit-block -->\n\n\n<div\n  class=\"overit-block overit-block--white overit-radius-full overit-no-margin overit-padding-medium-top overit-block--fullwidth\n  overit-block-configurable-jumbotron\"\n        >\n  \n  <div class=\"overit-block-wrapper\">\n\n<section class=\"configurable-jumbotron left\" >\n                  <div class=\"cj-section-title\">EL RETO<\/div>\n          \n                  <h2  class=\"cj-title medium\">Gestionar una infraestructura en expansi\u00f3n a pesar de datos fragmentados e informaci\u00f3n incompleta sobre los activos<\/h2 >\n          \n                  <div class=\"cj-subtitle small\"><p>EVN se enfrenta a importantes retos para mantener su infraestructura cada vez m\u00e1s extensa en Austria, Bulgaria y Macedonia del Norte, al tiempo que lucha por garantizar un suministro el\u00e9ctrico diario e ininterrumpido, sin importar los factores externos. La empresa debe hacer frente a fuentes de datos fragmentadas e informaci\u00f3n parcial sobre los activos, lo que dificulta la planificaci\u00f3n eficaz del mantenimiento e impacta en los tiempos de respuesta. Adem\u00e1s, el uso de sistemas de documentaci\u00f3n heterog\u00e9neos, combinado con procesos aislados y desarticulados de mantenimiento, inspecciones e interrupciones, se traduce en problemas en el intercambio de datos y en la p\u00e9rdida de transparencia. Al carecer de un sistema integrado, los supervisores se ven obligados a monitorizar manualmente el progreso, mientras que los t\u00e9cnicos deben encargarse de tareas redundantes que retrasan a\u00fan m\u00e1s su trabajo.<\/p>\n<\/div>\n          \n        <\/section>\n\n<\/div><!-- .overit-block-wrapper -->\n<\/div><!-- .overit-block -->\n\n\n<div\n  class=\"overit-block overit-block--white overit-radius-full overit-no-margin overit-padding-small \n  overit-block-separator\"\n        >\n  \n  <div class=\"overit-block-wrapper\">\n\n<div class=\"overit-separator overit-separator--boxed\">\n  <hr\/>\n<\/div>\n\n<\/div><!-- .overit-block-wrapper -->\n<\/div><!-- .overit-block -->\n\n\n<div\n  class=\"overit-block overit-block--white overit-radius-full overit-no-margin overit-no-padding overit-block--fullwidth\n  overit-block-configurable-jumbotron\"\n        >\n  \n  <div class=\"overit-block-wrapper\">\n\n<section class=\"configurable-jumbotron left\" >\n                  <div class=\"cj-section-title\">NUESTRA SOLUCI\u00d3N<\/div>\n          \n                  <h2  class=\"cj-title medium\">Transformaci\u00f3n digital basada en la adopci\u00f3n de una soluci\u00f3n de software de Gesti\u00f3n de Servicios de Campo que aprovecha una \u00fanica fuente de verdad<\/h2 >\n          \n                  <div class=\"cj-subtitle small\"><p>EVN se al\u00eda con OverIT para transformar digitalmente sus procesos de mantenimiento, inspecci\u00f3n y cortes en los servicios de <a href=\"https:\/\/www.overit.ai\/es\/sectores\/gestion-servicios-electricos\/\">electricidad<\/a>,\u00a0<a href=\"https:\/\/www.overit.ai\/es\/sectores\/empresas-de-gas\/\">gas<\/a>,\u00a0agua y calefacci\u00f3n urbana. Gracias a NextGen Platform, EVN puede consolidar sus operaciones en una \u00fanica fuente de verdad para todos los datos, lo que garantiza una mayor precisi\u00f3n y visibilidad en toda la organizaci\u00f3n.<\/p>\n<ul>\n<li><strong>Mantenimiento predictivo<\/strong>.\u00a0Aprovechando los datos sobre el terreno, EVN puede rastrear y monitorear las necesidades de mantenimiento, agilizando la toma de decisiones a trav\u00e9s de un enfoque proactivo. Esto resulta en una reducci\u00f3n del tiempo de inactividad no planificado y en la priorizaci\u00f3n de las tareas m\u00e1s cr\u00edticas.<\/li>\n<li><strong>Flujos de trabajo digitales<\/strong>.\u00a0EVN reemplaza los procesos manuales basados en papel por <a href=\"https:\/\/www.overit.ai\/es\/plataforma\/field-service-management-software\/gestion-de-la-fuerza-de-trabajo-movil\/\">flujos de trabajo digitales automatizados<\/a>, agilizando las operaciones y logrando una recopilaci\u00f3n de datos m\u00e1s precisa. Las actualizaciones en tiempo real tambi\u00e9n proporcionan a los supervisores informaci\u00f3n constante sobre el progreso.<\/li>\n<li><strong>Organizaci\u00f3n y env\u00edo<\/strong>.\u00a0EVN ahora puede asignar tareas de manera eficiente, rastrear el progreso en tiempo real y <a href=\"https:\/\/www.overit.ai\/es\/plataforma\/field-service-management-software\/planificacion-asignacion\/\">optimizar la asignaci\u00f3n de recursos<\/a>. Esto impulsa la productividad de los t\u00e9cnicos a la vez que garantiza una mejor coordinaci\u00f3n.<\/li>\n<\/ul>\n<\/div>\n          \n        <\/section>\n\n<\/div><!-- .overit-block-wrapper -->\n<\/div><!-- .overit-block -->\n\n\n<div\n  class=\"overit-block overit-block--white overit-radius-full overit-no-margin overit-padding-medium-top \n  overit-block-video\"\n        >\n  \n  <div class=\"overit-block-wrapper\">\n\n<div class=\"overit-video\">\n          <div class=\"overit-video__iframe\" >\n      <iframe title=\"EVN - Modernizing grids with Field Service Management software solutions Video\" src=\"https:\/\/fast.wistia.net\/embed\/iframe\/49k8lr30z3?dnt=1\" allow=\"autoplay; fullscreen\" allowtransparency=\"true\" frameborder=\"0\" scrolling=\"no\" class=\"wistia_embed\" name=\"wistia_embed\" msallowfullscreen width=\"640\" height=\"360\"><\/iframe><script src=\"https:\/\/fast.wistia.net\/assets\/external\/E-v1.js\" async><\/script>    <\/div>\n  <\/div>\n\n<\/div><!-- .overit-block-wrapper -->\n<\/div><!-- .overit-block -->\n\n\n<div\n  class=\"overit-block overit-block--white overit-radius-full overit-no-margin overit-padding-medium \n  overit-block-separator\"\n        >\n  \n  <div class=\"overit-block-wrapper\">\n\n<div class=\"overit-separator overit-separator--boxed\">\n  <hr\/>\n<\/div>\n\n<\/div><!-- .overit-block-wrapper -->\n<\/div><!-- .overit-block -->\n\n\n<div\n  class=\"overit-block overit-block--white overit-radius-full overit-no-margin overit-no-padding overit-block--fullwidth\n  overit-block-configurable-jumbotron\"\n        >\n  \n  <div class=\"overit-block-wrapper\">\n\n<section class=\"configurable-jumbotron left\" >\n                  <h2 class=\"cj-section-title\">VENTAJAS<\/h2>\n          \n                  <div class=\"cj-title medium\">Respaldada por OverIT, EVN:<\/div>\n          \n    \n        <\/section>\n\n<\/div><!-- .overit-block-wrapper -->\n<\/div><!-- .overit-block -->\n\n\n<div\n  class=\"overit-block overit-block--white overit-radius-full overit-no-margin overit-padding-small-top \n  overit-block-multi-info-cards\"\n        >\n  \n  <div class=\"overit-block-wrapper\">\n\n<div class=\"info-cards info-cards--3 info-cards--align-left\">\n        <div class=\"info-cards__sections \">\n                  <div class=\"info-card info-card--3\n                    info-card--without-icon\n          \n          info-card--top-line\n        \">\n        <div class=\"info-card-inner\">\n                                                      <div class=\"info-card__description\" >\n              <p>Aumenta la satisfacci\u00f3n de los clientes<\/p>\n\n            <\/div>\n                  <\/div>\n      <\/div>\n                  <div class=\"info-card info-card--3\n                    info-card--without-icon\n          \n          info-card--top-line\n        \">\n        <div class=\"info-card-inner\">\n                                                      <div class=\"info-card__description\" >\n              <p>Capacita a los empleados<\/p>\n\n            <\/div>\n                  <\/div>\n      <\/div>\n                  <div class=\"info-card info-card--3\n                    info-card--without-icon\n          \n          info-card--top-line\n        \">\n        <div class=\"info-card-inner\">\n                                                      <div class=\"info-card__description\" >\n              <p>Mejora la eficacia operativa<\/p>\n\n            <\/div>\n                  <\/div>\n      <\/div>\n                  <div class=\"info-card info-card--3\n                    info-card--without-icon\n          \n          info-card--top-line\n        \">\n        <div class=\"info-card-inner\">\n                                                      <div class=\"info-card__description\" >\n              <p>Mejora la calidad de los datos <\/p>\n\n            <\/div>\n                  <\/div>\n      <\/div>\n                  <div class=\"info-card info-card--3\n                    info-card--without-icon\n          \n          info-card--top-line\n        \">\n        <div class=\"info-card-inner\">\n                                                      <div class=\"info-card__description\" >\n              <p>Logra una transparencia total en cada etapa del proceso<\/p>\n\n            <\/div>\n                  <\/div>\n      <\/div>\n                  <div class=\"info-card info-card--3\n                    info-card--without-icon\n          \n          info-card--top-line\n        \">\n        <div class=\"info-card-inner\">\n                                                      <div class=\"info-card__description\" >\n              <p>Garantiza la seguridad de los trabajadores<\/p>\n\n            <\/div>\n                  <\/div>\n      <\/div>\n          <\/div>\n  <\/div>\n\n<\/div><!-- .overit-block-wrapper -->\n<\/div><!-- .overit-block -->\n\n\n<div\n  class=\"overit-block overit-block--light-gray overit-radius-full overit-no-margin overit-padding-medium-top \n  overit-block-about-autor\"\n        >\n  \n  <div class=\"overit-block-wrapper\">\n<div class=\"ata\">\n  <div class=\"ata__content\">\n    <div class=\"ata__name-cont\">\n      <div class=\"ata__img-cont\">\n        <div class=\"ata__img\">\n          <img decoding=\"async\" src=\"\" alt=\"autor profile image\" width=\"\" height=\"\" \/>\n        <\/div>\n      <\/div>\n      <div class=\"ata__name-label\">\n        <div class=\"ata__name\">\n          Werner Hengst\n        <\/div>\n        <div class=\"ata__label\">\n          Director General, N\u00d6 Netz\n        <\/div>\n      <\/div>\n    <\/div>\n    <div class=\"ata__about-cont\">\n      <div class=\"ata__about\">\n        <em>\u201cUn proyecto apasionante en colaboraci\u00f3n con OverIT, que supondr\u00e1 un verdadero cambio de paradigma para nuestro operador de red de distribuci\u00f3n. Estoy muy entusiasmado con esta soluci\u00f3n tan innovadora que nos ayudar\u00e1 de forma significativa a abordar nuestros retos. Este es un proyecto que va m\u00e1s all\u00e1 de la mejora de la eficiencia, pues allana el camino hacia un futuro energ\u00e9tico sostenible y resiliente. Muchas gracias a OverIT por su valiosa colaboraci\u00f3n. \u00a1Juntos, estamos impulsando el futuro de la energ\u00eda!\u00bb\u201d <\/em>\n      <\/div>\n\n      <div class=\"ata__socials\">\n                              <\/div>\n    <\/div>\n  <\/div>\n<\/div>\n\n<\/div><!-- .overit-block-wrapper -->\n<\/div><!-- .overit-block -->\n\n\n<div\n  class=\"overit-block overit-block--white overit-radius-full overit-no-margin overit-padding-medium-top overit-block--fullwidth\n  overit-block-configurable-jumbotron\"\n        >\n  \n  <div class=\"overit-block-wrapper\">\n\n<section class=\"configurable-jumbotron center\" >\n    \n                  <h3  class=\"cj-title medium\">\u00a1EVN y OverIT juntos en el E.DSO Future Grid Innovation Summit en Bruselas!<\/h3 >\n          \n                  <div class=\"cj-subtitle small\"><p>\u00bfQuieres saber m\u00e1s sobre c\u00f3mo EVN transforma sus procesos de mantenimiento de activos a trav\u00e9s de la digitalizaci\u00f3n? \u00a1No te pierdas la oportunidad de asistir a nuestra presentaci\u00f3n detallada en el E.DSO Future Grid Innovation Summit en Bruselas!<\/p>\n<\/div>\n          \n        <\/section>\n\n<\/div><!-- .overit-block-wrapper -->\n<\/div><!-- .overit-block -->\n\n\n<div\n  class=\"overit-block overit-block--white overit-radius-full overit-no-margin overit-padding-medium \n  overit-block-video\"\n        >\n  \n  <div class=\"overit-block-wrapper\">\n\n<div class=\"overit-video\">\n          <div class=\"overit-video__iframe\" >\n      <iframe title=\"EVN &amp; OverIT together at E.DSO Future Grid Innovation Summit in Brussels Video\" src=\"https:\/\/fast.wistia.net\/embed\/iframe\/u9bgeyczxu?dnt=1\" allow=\"autoplay; fullscreen\" allowtransparency=\"true\" frameborder=\"0\" scrolling=\"no\" class=\"wistia_embed\" name=\"wistia_embed\" msallowfullscreen width=\"640\" height=\"360\"><\/iframe><script src=\"https:\/\/fast.wistia.net\/assets\/external\/E-v1.js\" async><\/script>    <\/div>\n  <\/div>\n\n<\/div><!-- .overit-block-wrapper -->\n<\/div><!-- .overit-block -->\n","protected":false},"excerpt":{"rendered":"","protected":false},"author":3,"featured_media":0,"parent":13032,"menu_order":0,"comment_status":"closed","ping_status":"closed","template":"","meta":{"_acf_changed":false,"footnotes":""},"case_study_category":[],"class_list":["post-63716","page","type-page","status-publish","hentry"],"acf":[],"yoast_head":"<!-- This site is optimized with the Yoast SEO Premium plugin v25.6 (Yoast SEO v25.6) - https:\/\/yoast.com\/wordpress\/plugins\/seo\/ -->\n<title>EVN - Modernizar las redes el\u00e9ctricas con soluciones de FSM<\/title>\n<meta name=\"description\" content=\"EVN se al\u00eda con OverIT para modernizar las redes el\u00e9ctricas con soluciones de software de Gesti\u00f3n de Servicios de Campo\" \/>\n<meta name=\"robots\" content=\"index, follow, max-snippet:-1, max-image-preview:large, max-video-preview:-1\" \/>\n<link rel=\"canonical\" href=\"https:\/\/www.overit.ai\/es\/clientes\/casos-de-exito\/evn-modernizar-las-redes-electricas-con-soluciones-de-software-de-gestion-de-servicios-de-campo\/\" \/>\n<meta property=\"og:locale\" content=\"es_ES\" \/>\n<meta property=\"og:type\" content=\"article\" \/>\n<meta property=\"og:title\" content=\"EVN - Modernizar las redes el\u00e9ctricas con soluciones de FSM\" \/>\n<meta property=\"og:description\" content=\"EVN se al\u00eda con OverIT para modernizar las redes el\u00e9ctricas con soluciones de software de Gesti\u00f3n de Servicios de Campo\" \/>\n<meta property=\"og:url\" content=\"https:\/\/www.overit.ai\/es\/clientes\/casos-de-exito\/evn-modernizar-las-redes-electricas-con-soluciones-de-software-de-gestion-de-servicios-de-campo\/\" \/>\n<meta property=\"og:site_name\" content=\"OverIT\" \/>\n<meta property=\"article:modified_time\" content=\"2026-04-08T11:49:09+00:00\" \/>\n<meta property=\"og:image\" content=\"https:\/\/www.overit.ai\/app\/uploads\/2025\/03\/EVN-Modernizing-grids-with-FieldService-Management-software-solutions.jpg\" \/>\n\t<meta property=\"og:image:width\" content=\"810\" \/>\n\t<meta property=\"og:image:height\" content=\"500\" \/>\n\t<meta property=\"og:image:type\" content=\"image\/jpeg\" \/>\n<meta name=\"twitter:card\" content=\"summary_large_image\" \/>\n<meta name=\"twitter:title\" content=\"EVN - Modernizar las redes el\u00e9ctricas con soluciones de software de Gesti\u00f3n de Servicios de Campo\u00a0\" \/>\n<meta name=\"twitter:label1\" content=\"Est. reading time\" \/>\n\t<meta name=\"twitter:data1\" content=\"3 minutes\" \/>\n<script type=\"application\/ld+json\" class=\"yoast-schema-graph\">{\"@context\":\"https:\/\/schema.org\",\"@graph\":[{\"@type\":\"WebPage\",\"@id\":\"https:\/\/www.overit.ai\/es\/clientes\/casos-de-exito\/evn-modernizar-las-redes-electricas-con-soluciones-de-software-de-gestion-de-servicios-de-campo\/\",\"url\":\"https:\/\/www.overit.ai\/es\/clientes\/casos-de-exito\/evn-modernizar-las-redes-electricas-con-soluciones-de-software-de-gestion-de-servicios-de-campo\/\",\"name\":\"EVN - Modernizar las redes el\u00e9ctricas con soluciones de FSM\",\"isPartOf\":{\"@id\":\"https:\/\/www.overit.ai\/es\/#website\"},\"datePublished\":\"2025-03-14T11:36:09+00:00\",\"dateModified\":\"2026-04-08T11:49:09+00:00\",\"description\":\"EVN se al\u00eda con OverIT para modernizar las redes el\u00e9ctricas con soluciones de software de Gesti\u00f3n de Servicios de Campo\",\"breadcrumb\":{\"@id\":\"https:\/\/www.overit.ai\/es\/clientes\/casos-de-exito\/evn-modernizar-las-redes-electricas-con-soluciones-de-software-de-gestion-de-servicios-de-campo\/#breadcrumb\"},\"inLanguage\":\"es-ES\",\"potentialAction\":[{\"@type\":\"ReadAction\",\"target\":[\"https:\/\/www.overit.ai\/es\/clientes\/casos-de-exito\/evn-modernizar-las-redes-electricas-con-soluciones-de-software-de-gestion-de-servicios-de-campo\/\"]}]},{\"@type\":\"BreadcrumbList\",\"@id\":\"https:\/\/www.overit.ai\/es\/clientes\/casos-de-exito\/evn-modernizar-las-redes-electricas-con-soluciones-de-software-de-gestion-de-servicios-de-campo\/#breadcrumb\",\"itemListElement\":[{\"@type\":\"ListItem\",\"position\":1,\"name\":\"Home\",\"item\":\"https:\/\/www.overit.ai\/es\/\"},{\"@type\":\"ListItem\",\"position\":2,\"name\":\"Clientes\",\"item\":\"https:\/\/www.overit.ai\/es\/clientes\/\"},{\"@type\":\"ListItem\",\"position\":3,\"name\":\"Casos de \u00c9xito\",\"item\":\"https:\/\/www.overit.ai\/es\/clientes\/casos-de-exito\/\"},{\"@type\":\"ListItem\",\"position\":4,\"name\":\"EVN &#8211; Modernizar las redes el\u00e9ctricas con soluciones de software de Gesti\u00f3n de Servicios de Campo\u00a0\"}]},{\"@type\":\"WebSite\",\"@id\":\"https:\/\/www.overit.ai\/es\/#website\",\"url\":\"https:\/\/www.overit.ai\/es\/\",\"name\":\"OverIT\",\"description\":\"Innovation in Field Service Management\",\"publisher\":{\"@id\":\"https:\/\/www.overit.ai\/es\/#organization\"},\"potentialAction\":[{\"@type\":\"SearchAction\",\"target\":{\"@type\":\"EntryPoint\",\"urlTemplate\":\"https:\/\/www.overit.ai\/es\/?s={search_term_string}\"},\"query-input\":{\"@type\":\"PropertyValueSpecification\",\"valueRequired\":true,\"valueName\":\"search_term_string\"}}],\"inLanguage\":\"es-ES\"},{\"@type\":\"Organization\",\"@id\":\"https:\/\/www.overit.ai\/es\/#organization\",\"name\":\"OverIT\",\"url\":\"https:\/\/www.overit.ai\/es\/\",\"logo\":{\"@type\":\"ImageObject\",\"inLanguage\":\"es-ES\",\"@id\":\"https:\/\/www.overit.ai\/es\/#\/schema\/logo\/image\/\",\"url\":\"https:\/\/www.overit.ai\/app\/uploads\/2021\/10\/OverIT-logo-400.png\",\"contentUrl\":\"https:\/\/www.overit.ai\/app\/uploads\/2021\/10\/OverIT-logo-400.png\",\"width\":400,\"height\":250,\"caption\":\"OverIT\"},\"image\":{\"@id\":\"https:\/\/www.overit.ai\/es\/#\/schema\/logo\/image\/\"}}]}<\/script>\n<!-- \/ Yoast SEO Premium plugin. -->","yoast_head_json":{"title":"EVN - Modernizar las redes el\u00e9ctricas con soluciones de FSM","description":"EVN se al\u00eda con OverIT para modernizar las redes el\u00e9ctricas con soluciones de software de Gesti\u00f3n de Servicios de Campo","robots":{"index":"index","follow":"follow","max-snippet":"max-snippet:-1","max-image-preview":"max-image-preview:large","max-video-preview":"max-video-preview:-1"},"canonical":"https:\/\/www.overit.ai\/es\/clientes\/casos-de-exito\/evn-modernizar-las-redes-electricas-con-soluciones-de-software-de-gestion-de-servicios-de-campo\/","og_locale":"es_ES","og_type":"article","og_title":"EVN - Modernizar las redes el\u00e9ctricas con soluciones de FSM","og_description":"EVN se al\u00eda con OverIT para modernizar las redes el\u00e9ctricas con soluciones de software de Gesti\u00f3n de Servicios de Campo","og_url":"https:\/\/www.overit.ai\/es\/clientes\/casos-de-exito\/evn-modernizar-las-redes-electricas-con-soluciones-de-software-de-gestion-de-servicios-de-campo\/","og_site_name":"OverIT","article_modified_time":"2026-04-08T11:49:09+00:00","og_image":[{"width":810,"height":500,"url":"https:\/\/www.overit.ai\/app\/uploads\/2025\/03\/EVN-Modernizing-grids-with-FieldService-Management-software-solutions.jpg","type":"image\/jpeg"}],"twitter_card":"summary_large_image","twitter_title":"EVN - Modernizar las redes el\u00e9ctricas con soluciones de software de Gesti\u00f3n de Servicios de Campo\u00a0","twitter_misc":{"Est. reading time":"3 minutes"},"schema":{"@context":"https:\/\/schema.org","@graph":[{"@type":"WebPage","@id":"https:\/\/www.overit.ai\/es\/clientes\/casos-de-exito\/evn-modernizar-las-redes-electricas-con-soluciones-de-software-de-gestion-de-servicios-de-campo\/","url":"https:\/\/www.overit.ai\/es\/clientes\/casos-de-exito\/evn-modernizar-las-redes-electricas-con-soluciones-de-software-de-gestion-de-servicios-de-campo\/","name":"EVN - Modernizar las redes el\u00e9ctricas con soluciones de FSM","isPartOf":{"@id":"https:\/\/www.overit.ai\/es\/#website"},"datePublished":"2025-03-14T11:36:09+00:00","dateModified":"2026-04-08T11:49:09+00:00","description":"EVN se al\u00eda con OverIT para modernizar las redes el\u00e9ctricas con soluciones de software de Gesti\u00f3n de Servicios de Campo","breadcrumb":{"@id":"https:\/\/www.overit.ai\/es\/clientes\/casos-de-exito\/evn-modernizar-las-redes-electricas-con-soluciones-de-software-de-gestion-de-servicios-de-campo\/#breadcrumb"},"inLanguage":"es-ES","potentialAction":[{"@type":"ReadAction","target":["https:\/\/www.overit.ai\/es\/clientes\/casos-de-exito\/evn-modernizar-las-redes-electricas-con-soluciones-de-software-de-gestion-de-servicios-de-campo\/"]}]},{"@type":"BreadcrumbList","@id":"https:\/\/www.overit.ai\/es\/clientes\/casos-de-exito\/evn-modernizar-las-redes-electricas-con-soluciones-de-software-de-gestion-de-servicios-de-campo\/#breadcrumb","itemListElement":[{"@type":"ListItem","position":1,"name":"Home","item":"https:\/\/www.overit.ai\/es\/"},{"@type":"ListItem","position":2,"name":"Clientes","item":"https:\/\/www.overit.ai\/es\/clientes\/"},{"@type":"ListItem","position":3,"name":"Casos de \u00c9xito","item":"https:\/\/www.overit.ai\/es\/clientes\/casos-de-exito\/"},{"@type":"ListItem","position":4,"name":"EVN &#8211; Modernizar las redes el\u00e9ctricas con soluciones de software de Gesti\u00f3n de Servicios de Campo\u00a0"}]},{"@type":"WebSite","@id":"https:\/\/www.overit.ai\/es\/#website","url":"https:\/\/www.overit.ai\/es\/","name":"OverIT","description":"Innovation in Field Service Management","publisher":{"@id":"https:\/\/www.overit.ai\/es\/#organization"},"potentialAction":[{"@type":"SearchAction","target":{"@type":"EntryPoint","urlTemplate":"https:\/\/www.overit.ai\/es\/?s={search_term_string}"},"query-input":{"@type":"PropertyValueSpecification","valueRequired":true,"valueName":"search_term_string"}}],"inLanguage":"es-ES"},{"@type":"Organization","@id":"https:\/\/www.overit.ai\/es\/#organization","name":"OverIT","url":"https:\/\/www.overit.ai\/es\/","logo":{"@type":"ImageObject","inLanguage":"es-ES","@id":"https:\/\/www.overit.ai\/es\/#\/schema\/logo\/image\/","url":"https:\/\/www.overit.ai\/app\/uploads\/2021\/10\/OverIT-logo-400.png","contentUrl":"https:\/\/www.overit.ai\/app\/uploads\/2021\/10\/OverIT-logo-400.png","width":400,"height":250,"caption":"OverIT"},"image":{"@id":"https:\/\/www.overit.ai\/es\/#\/schema\/logo\/image\/"}}]}},"_links":{"self":[{"href":"https:\/\/www.overit.ai\/es\/wp-json\/wp\/v2\/pages\/63716","targetHints":{"allow":["GET"]}}],"collection":[{"href":"https:\/\/www.overit.ai\/es\/wp-json\/wp\/v2\/pages"}],"about":[{"href":"https:\/\/www.overit.ai\/es\/wp-json\/wp\/v2\/types\/page"}],"author":[{"embeddable":true,"href":"https:\/\/www.overit.ai\/es\/wp-json\/wp\/v2\/users\/3"}],"replies":[{"embeddable":true,"href":"https:\/\/www.overit.ai\/es\/wp-json\/wp\/v2\/comments?post=63716"}],"version-history":[{"count":6,"href":"https:\/\/www.overit.ai\/es\/wp-json\/wp\/v2\/pages\/63716\/revisions"}],"predecessor-version":[{"id":71103,"href":"https:\/\/www.overit.ai\/es\/wp-json\/wp\/v2\/pages\/63716\/revisions\/71103"}],"up":[{"embeddable":true,"href":"https:\/\/www.overit.ai\/es\/wp-json\/wp\/v2\/pages\/13032"}],"wp:attachment":[{"href":"https:\/\/www.overit.ai\/es\/wp-json\/wp\/v2\/media?parent=63716"}],"wp:term":[{"taxonomy":"case_study_category","embeddable":true,"href":"https:\/\/www.overit.ai\/es\/wp-json\/wp\/v2\/case_study_category?post=63716"}],"curies":[{"name":"wp","href":"https:\/\/api.w.org\/{rel}","templated":true}]}}