{"id":54887,"date":"2024-08-02T10:00:15","date_gmt":"2024-08-02T10:00:15","guid":{"rendered":"https:\/\/www.overit.ai\/?page_id=54887"},"modified":"2025-08-04T10:02:43","modified_gmt":"2025-08-04T10:02:43","slug":"lapp-instalaciones-de-alta-precision-y-controles-de-calidad-a-distancia","status":"publish","type":"page","link":"https:\/\/www.overit.ai\/es\/clientes\/casos-de-exito\/lapp-instalaciones-de-alta-precision-y-controles-de-calidad-a-distancia\/","title":{"rendered":"LAPP &#8211; Instalaciones de alta precisi\u00f3n y controles de calidad a distancia"},"content":{"rendered":"<div\n  class=\"overit-block overit-block--white overit-radius-full overit-margin-medium-bottom overit-no-padding \n  overit-block-customer-page-header\"\n        >\n  \n  <div class=\"overit-block-wrapper\">\n\n<div class=\"cph\">\n  \n    <div class=\"cph_slogan-cont\" style=\"background: linear-gradient(0deg, rgba(0, 0, 0, 0.45), rgba(0, 0, 0, 0.45)), url('https:\/\/www.overit.ai\/app\/uploads\/2023\/11\/Lapp-Customer-Success-Story-2.png') center center\">\n                  <div class=\"cph__section-title\">LAPP<\/div>\n                                    <h1 class=\"cph__slogan\">Instalaciones de alta precisi\u00f3n y controles de calidad a distancia<\/h1>\n            <\/div>\n  <div class=\"cph__customer-section\" data-aos=\"fade-up\">\n    <div class=\"cph__customer-desc-cont\">\n                    <img decoding=\"async\" class=\"cph__customer-logo\" src=\"https:\/\/www.overit.ai\/app\/uploads\/2023\/11\/Lapp_Logo_rgb-scaled.jpg\" alt=\"Lapp_Logo_rgb\" width=\"2560\" height=\"524\" \/>\n            <div class=\"cph__customer-desc\">\n        <p>LAPP tiene sus oficinas centrales en el sur de Alemania y es una de las empresas l\u00edderes mundiales en la fabricaci\u00f3n de soluciones integradas para la ingenier\u00eda el\u00e9ctrica industrial, como cables y tecnolog\u00eda de conectividad. Con sus productos atiende a las necesidades del sector de la maquinaria industrial y construcci\u00f3n de instalaciones, generando un volumen de negocio de unos 1.900 millones de euros. Como complemento a su rama de negocio principal, LAPP opera en sectores orientados al futuro, como las comunicaciones industriales, la energ\u00eda solar y e\u00f3lica y la movilidad el\u00e9ctrica. <\/p>\n\n      <\/div>\n    <\/div>\n    <div class=\"cph__customer-facts\">\n              <div class=\"cph__facts-title\">INFORMACI\u00d3N CLAVE <\/div>\n        <div class=\"cph__facts\">\n                     <div class=\"cph__fact-cont\">\n            <div class=\"cph__fact-label\">\n              Sector\n            <\/div>\n            <div class=\"cph__fact\">\n              Industrial Manufacturing per macchinari industriali e costruzione di impianti\n            <\/div>\n          <\/div>\n                     <div class=\"cph__fact-cont\">\n            <div class=\"cph__fact-label\">\n              Regi\u00f3n\n            <\/div>\n            <div class=\"cph__fact\">\n              EMEA\n            <\/div>\n          <\/div>\n                     <div class=\"cph__fact-cont\">\n            <div class=\"cph__fact-label\">\n              lantas de producci\u00f3n\n            <\/div>\n            <div class=\"cph__fact\">\n              21\n            <\/div>\n          <\/div>\n                     <div class=\"cph__fact-cont\">\n            <div class=\"cph__fact-label\">\n              Usuarios\n            <\/div>\n            <div class=\"cph__fact\">\n              32\n            <\/div>\n          <\/div>\n                  <\/div>\n          <\/div>\n  <\/div>\n<\/div>\n\n<\/div><!-- .overit-block-wrapper -->\n<\/div><!-- .overit-block -->\n\n\n<div\n  class=\"overit-block overit-block--white overit-radius-full overit-no-margin overit-padding-medium-top overit-block--fullwidth\n  overit-block-configurable-jumbotron\"\n        >\n  \n  <div class=\"overit-block-wrapper\">\n\n<section class=\"configurable-jumbotron left\" >\n                  <h3 class=\"cj-section-title\">RETO EMPRESARIAL<\/h3>\n          \n                  <div class=\"cj-title medium\">Reducci\u00f3n de las visitas en persona para realizar comprobaciones de calidad e instalaciones<\/div>\n          \n                  <div class=\"cj-subtitle small\"><p>Viajemos atr\u00e1s en el tiempo e imaginemos a LAPP, una empresa consolidada con 21 plantas de producci\u00f3n distribuidas a nivel mundial, empe\u00f1ada en mantener est\u00e1ndares de calidad elevados y relaciones fruct\u00edferas con sus proveedores a pesar de tener que enfrentarse a la pandemia de COVID-19. El escenario se complica al tener que enviar una maquinaria muy sofisticada desde China al centro de producci\u00f3n de LAPP en la India. El reto es doble, ya que los t\u00e9cnicos locales en la India no est\u00e1n capacitados para instalarla y el experto que construy\u00f3 la maquinaria no puede prestar asistencia en persona debido a las restricciones de viaje. Por supuesto, esto obliga a la empresa a encontrar una alternativa viable para solucionar el problema de la distancia f\u00edsica, al tiempo que se elevan las pr\u00e1cticas de gesti\u00f3n de la cadena de suministro. <\/p>\n<p>Aunque estos retos surgieron durante la pandemia, siguen siendo de gran actualidad, por ejemplo, en relaci\u00f3n con el compromiso de LAPP con los Objetivos de Desarrollo Sostenible de las Naciones Unidas, como la reducci\u00f3n de las emisiones de carbono, que se ve correlacionada con la disminuci\u00f3n de los desplazamientos. <\/p>\n<\/div>\n          \n        <\/section>\n\n<\/div><!-- .overit-block-wrapper -->\n<\/div><!-- .overit-block -->\n\n\n<div\n  class=\"overit-block overit-block--white overit-radius-full overit-no-margin overit-padding-small \n  overit-block-separator\"\n        >\n  \n  <div class=\"overit-block-wrapper\">\n\n<div class=\"overit-separator overit-separator--boxed\">\n  <hr\/>\n<\/div>\n\n<\/div><!-- .overit-block-wrapper -->\n<\/div><!-- .overit-block -->\n\n\n<div\n  class=\"overit-block overit-block--white overit-radius-full overit-no-margin overit-no-padding overit-block--fullwidth\n  overit-block-configurable-jumbotron\"\n        >\n  \n  <div class=\"overit-block-wrapper\">\n\n<section class=\"configurable-jumbotron left\" >\n                  <h3 class=\"cj-section-title\">SOLUCI\u00d3N <\/h3>\n          \n                  <div class=\"cj-title medium\">Colaboraci\u00f3n sobre el terreno para realizar operaciones estrat\u00e9gicas a distancia <\/div>\n          \n                  <div class=\"cj-subtitle small\"><p>Tras explorar numerosas soluciones alternativas, LAPP eligi\u00f3 a OverIT, en su calidad de proveedor integral capaz de responder a la totalidad de sus requisitos, desde el software hasta el hardware y los servicios. Confiando en la profunda experiencia de OverIT en el \u00e1mbito de FSM y en la flexibilidad y gran alcance de la NextGen FSM, LAPP puede ahora instalar maquinarias y realizar comprobaciones de calidad a distancia, garantizando est\u00e1ndares de calidad elevados y solucionando los retos m\u00e1s complejos. <\/p>\n<ul>\n<li><strong>Funcionalidades de colaboraci\u00f3n remota <\/strong><br \/>\nRealidad aumentada: funcionalidades que facilitan la comunicaci\u00f3n visual entre trabajadores situados en lugares diferentes, la realizaci\u00f3n de inspecciones virtuales y la prestaci\u00f3n de asistencia <\/li>\n<li><strong>Creaci\u00f3n de flujo de trabajo autom\u00e1tico <\/strong><br \/>\nIndexaci\u00f3n de v\u00eddeos y fotos basada en Machine Learning para la extracci\u00f3n autom\u00e1tica de contenidos destinados a la formaci\u00f3n y a las instrucciones de trabajo <\/li>\n<li><strong>Gesti\u00f3n del conocimiento <\/strong><br \/>\nCaptura, potenciaci\u00f3n y distribuci\u00f3n de conocimientos especializados dentro de la organizaci\u00f3n <\/li>\n<\/ul>\n<\/div>\n          \n        <\/section>\n\n<\/div><!-- .overit-block-wrapper -->\n<\/div><!-- .overit-block -->\n\n\n<div\n  class=\"overit-block overit-block--white overit-radius-full overit-no-margin overit-padding-small \n  overit-block-separator\"\n        >\n  \n  <div class=\"overit-block-wrapper\">\n\n<div class=\"overit-separator overit-separator--boxed\">\n  <hr\/>\n<\/div>\n\n<\/div><!-- .overit-block-wrapper -->\n<\/div><!-- .overit-block -->\n\n\n<div\n  class=\"overit-block overit-block--white overit-radius-full overit-no-margin overit-no-padding overit-block--fullwidth\n  overit-block-configurable-jumbotron\"\n        >\n  \n  <div class=\"overit-block-wrapper\">\n\n<section class=\"configurable-jumbotron left\" >\n                  <h3 class=\"cj-section-title\">RESULTADOS <\/h3>\n          \n    \n    \n        <\/section>\n\n<\/div><!-- .overit-block-wrapper -->\n<\/div><!-- .overit-block -->\n\n\n<div\n  class=\"overit-block overit-block--white overit-radius-full overit-no-margin overit-padding-small-top \n  overit-block-multi-info-cards\"\n        >\n  \n  <div class=\"overit-block-wrapper\">\n\n<div class=\"info-cards info-cards--4 info-cards--align-left\">\n        <div class=\"info-cards__sections \">\n                  <div class=\"info-card info-card--4\n                    \n          \n          info-card--top-line\n        \">\n        <div class=\"info-card-inner\">\n                                  <div class=\"info-card__icon\">\n                            <i aria-hidden=\"true\" style=\"color: #FF8200;font-size: 32px;\" class=\"fa-classic fa-light fa-piggy-bank\" aria-hidden=\"true\"><\/i>\n            <\/div>\n                                                      <div class=\"info-card__description\" >\n              <p>Ahorro de tiempo y costes en desplazamientos <\/p>\n\n            <\/div>\n                  <\/div>\n      <\/div>\n                  <div class=\"info-card info-card--4\n                    \n          \n          info-card--top-line\n        \">\n        <div class=\"info-card-inner\">\n                                  <div class=\"info-card__icon\">\n                            <i aria-hidden=\"true\" style=\"color: #FF8200;font-size: 32px;\" class=\"fa-classic fa-light fa-leaf\" aria-hidden=\"true\"><\/i>\n            <\/div>\n                                                      <div class=\"info-card__description\" >\n              <p>Reducci\u00f3n de las emisiones de carbono<\/p>\n\n            <\/div>\n                  <\/div>\n      <\/div>\n                  <div class=\"info-card info-card--4\n                    \n          \n          info-card--top-line\n        \">\n        <div class=\"info-card-inner\">\n                                  <div class=\"info-card__icon\">\n                            <i aria-hidden=\"true\" style=\"color: #FF8200;font-size: 32px;\" class=\"fa-classic fa-light fa-ballot-check\" aria-hidden=\"true\"><\/i>\n            <\/div>\n                                                      <div class=\"info-card__description\" >\n              <p>Mayor precisi\u00f3n y cumplimiento de los requisitos de diligencia en la cadena de suministro<\/p>\n\n            <\/div>\n                  <\/div>\n      <\/div>\n                  <div class=\"info-card info-card--4\n                    \n          \n          info-card--top-line\n        \">\n        <div class=\"info-card-inner\">\n                                  <div class=\"info-card__icon\">\n                            <i aria-hidden=\"true\" style=\"color: #FF8200;font-size: 32px;\" class=\"fa-classic fa-light fa-arrow-up-right-dots\" aria-hidden=\"true\"><\/i>\n            <\/div>\n                                                      <div class=\"info-card__description\" >\n              <p>Mayor garant\u00eda de calidad <\/p>\n\n            <\/div>\n                  <\/div>\n      <\/div>\n          <\/div>\n  <\/div>\n\n<\/div><!-- .overit-block-wrapper -->\n<\/div><!-- .overit-block -->\n\n\n<div\n  class=\"overit-block overit-block--white overit-radius-full overit-no-margin overit-padding-small \n  overit-block-customer-disclaimer\"\n        >\n  \n  <div class=\"overit-block-wrapper\">\n\n<div class=\"cdisclaimer\">\n  <div class=\"cdisclaimer__bg\">&nbsp;<\/div>\n  <div class=\"cdisclaimer__content\">\n    <div class=\"cdisclaimer__title-cont\">\n      <div class=\"cdisclaimer__img\">\n        <img decoding=\"async\" src=\"https:\/\/www.overit.ai\/app\/themes\/overit-theme\/dist\/images\/citation_d93c975a.svg\" alt=\"citation symbol\" \/>\n      <\/div>\n      <div class=\"cdisclaimer__title\">\n        Markus Liller, Jefe de Equipo de Gesti\u00f3n de Proveedores\n      <\/div>\n    <\/div>\n    <div class=\"cdisclaimer__description\" data-aos=\"fade-left\">\n      <p>OverIT es un proveedor integral. Cubre todas nuestras necesidades, desde el software hasta el hardware y los servicios. Esto representa una enorme ventaja para nosotros porque nos ahorra tiempo y complicaciones. <\/p>\n\n    <\/div>\n  <\/div>\n<\/div>\n\n<\/div><!-- .overit-block-wrapper -->\n<\/div><!-- .overit-block -->\n\n\n<div\n  class=\"overit-block overit-block--white overit-radius-full overit-no-margin overit-padding-small \n  overit-block-separator\"\n        >\n  \n  <div class=\"overit-block-wrapper\">\n\n<div class=\"overit-separator overit-separator--boxed\">\n  <hr\/>\n<\/div>\n\n<\/div><!-- .overit-block-wrapper -->\n<\/div><!-- .overit-block -->\n\n\n<div\n  class=\"overit-block overit-block--white overit-radius-full overit-no-margin overit-padding-medium-bottom overit-block--fullwidth\n  overit-block-configurable-jumbotron\"\n        >\n  \n  <div class=\"overit-block-wrapper\">\n\n<section class=\"configurable-jumbotron left\" >\n    \n                  <div class=\"cj-title medium\"><img decoding=\"async\" class=\"alignnone size-medium wp-image-29976\" src=\"https:\/\/www.overit.ai\/app\/uploads\/2022\/04\/E_SDG_logo_UN_emblem_square_trans_WEB-1024x879-1-300x258.png\" alt=\"\" width=\"100\" height=\"100\" \/><\/div>\n          \n                  <div class=\"cj-subtitle small\"><p>Al ser una empresa de gesti\u00f3n familiar, LAPP est\u00e1 firmemente convencida de la necesidad de adoptar una conducta responsable en beneficio de todos, desde sus empleados hasta sus clientes, desde el medio ambiente hasta la sociedad. Partiendo de este principio, la empresa contribuye de forma sostenible y a largo plazo a la preservaci\u00f3n de todas las formas de vida humana y del mundo natural. Por ejemplo, identificando esos procesos que tendr\u00edan un impacto ambiental relevante y adapt\u00e1ndolos de forma sostenible para concebir productos y soluciones que permitan ahorrar recursos.<br \/>\nLa NextGen FSM se introdujo con esta precisa intenci\u00f3n. Gracias a la asociaci\u00f3n con OverIT, la reducci\u00f3n de los desplazamientos y, por consiguiente, de las emisiones de carbono para preservar nuestro planeta es m\u00e1s que una promesa. Es una realidad. <\/p>\n<p><img decoding=\"async\" class=\"alignnone size-medium wp-image-29887\" style=\"padding-top: 20px;padding-right: 20px\" src=\"https:\/\/www.overit.ai\/app\/uploads\/2023\/06\/sdg-9.png\" alt=\"sdg 9\" width=\"100\" height=\"100\" \/><img decoding=\"async\" class=\"alignnone wp-image-33289 size-medium\" style=\"padding-top: 20px;padding-right: 20px\" src=\"https:\/\/www.overit.ai\/app\/uploads\/2022\/09\/11-sdg-300x300.png\" alt=\"SDG 11\" width=\"100\" height=\"100\" srcset=\"https:\/\/www.overit.ai\/app\/uploads\/2022\/09\/11-sdg-300x300.png 300w, https:\/\/www.overit.ai\/app\/uploads\/2022\/09\/11-sdg-150x150.png 150w, https:\/\/www.overit.ai\/app\/uploads\/2022\/09\/11-sdg.png 635w\" sizes=\"(max-width: 100px) 100vw, 100px\" \/> <img decoding=\"async\" class=\"alignnone size-medium wp-image-29887\" style=\"padding-top: 20px;padding-right: 20px\" src=\"https:\/\/www.overit.ai\/app\/uploads\/2022\/04\/E_SDG-goals_icons-individual-rgb-13.png\" alt=\"\" width=\"100\" height=\"100\" srcset=\"https:\/\/www.overit.ai\/app\/uploads\/2022\/04\/E_SDG-goals_icons-individual-rgb-13.png 1536w, https:\/\/www.overit.ai\/app\/uploads\/2022\/04\/E_SDG-goals_icons-individual-rgb-13-300x300.png 300w, https:\/\/www.overit.ai\/app\/uploads\/2022\/04\/E_SDG-goals_icons-individual-rgb-13-1024x1024.png 1024w, https:\/\/www.overit.ai\/app\/uploads\/2022\/04\/E_SDG-goals_icons-individual-rgb-13-150x150.png 150w, https:\/\/www.overit.ai\/app\/uploads\/2022\/04\/E_SDG-goals_icons-individual-rgb-13-768x768.png 768w, https:\/\/www.overit.ai\/app\/uploads\/2022\/04\/E_SDG-goals_icons-individual-rgb-13-1080x1080.png 1080w\" sizes=\"(max-width: 100px) 100vw, 100px\" \/><\/p>\n<\/div>\n          \n        <\/section>\n\n<\/div><!-- .overit-block-wrapper -->\n<\/div><!-- .overit-block -->\n","protected":false},"excerpt":{"rendered":"","protected":false},"author":3,"featured_media":0,"parent":13032,"menu_order":0,"comment_status":"closed","ping_status":"closed","template":"","meta":{"_acf_changed":false,"footnotes":""},"case_study_category":[],"class_list":["post-54887","page","type-page","status-publish","hentry"],"acf":[],"yoast_head":"<!-- This site is optimized with the Yoast SEO Premium plugin v25.6 (Yoast SEO v25.6) - https:\/\/yoast.com\/wordpress\/plugins\/seo\/ -->\n<title>LAPP - Controles de calidad a distancia<\/title>\n<meta name=\"description\" content=\"LAPP adopta NextGen FSM para mejorar el rendimiento de las actividades de instalaci\u00f3n y las verificaciones de calidad a distancia.\" \/>\n<meta name=\"robots\" content=\"index, follow, max-snippet:-1, max-image-preview:large, max-video-preview:-1\" \/>\n<link rel=\"canonical\" href=\"https:\/\/www.overit.ai\/es\/clientes\/casos-de-exito\/lapp-instalaciones-de-alta-precision-y-controles-de-calidad-a-distancia\/\" \/>\n<meta property=\"og:locale\" content=\"es_ES\" \/>\n<meta property=\"og:type\" content=\"article\" \/>\n<meta property=\"og:title\" content=\"LAPP - Controles de calidad a distancia\" \/>\n<meta property=\"og:description\" content=\"LAPP adopta NextGen FSM para mejorar el rendimiento de las actividades de instalaci\u00f3n y las verificaciones de calidad a distancia.\" \/>\n<meta property=\"og:url\" content=\"https:\/\/www.overit.ai\/es\/clientes\/casos-de-exito\/lapp-instalaciones-de-alta-precision-y-controles-de-calidad-a-distancia\/\" \/>\n<meta property=\"og:site_name\" content=\"OverIT\" \/>\n<meta property=\"article:modified_time\" content=\"2025-08-04T10:02:43+00:00\" \/>\n<meta property=\"og:image\" content=\"https:\/\/www.overit.ai\/app\/uploads\/2023\/11\/Lapp-Customer-Success-Story-2.png\" \/>\n\t<meta property=\"og:image:width\" content=\"1960\" \/>\n\t<meta property=\"og:image:height\" content=\"980\" \/>\n\t<meta property=\"og:image:type\" content=\"image\/png\" \/>\n<meta name=\"twitter:card\" content=\"summary_large_image\" \/>\n<meta name=\"twitter:title\" content=\"LAPP - Instalaciones de alta precisi\u00f3n y controles de calidad a distancia\" \/>\n<meta name=\"twitter:description\" content=\"LAPP adopta OverIT NextGen FSM para mejorar el rendimiento de alta calidad de las actividades de instalaci\u00f3n y las verificaciones de calidad a distancia.\" \/>\n<meta name=\"twitter:label1\" content=\"Est. reading time\" \/>\n\t<meta name=\"twitter:data1\" content=\"5 minutes\" \/>\n<script type=\"application\/ld+json\" class=\"yoast-schema-graph\">{\"@context\":\"https:\/\/schema.org\",\"@graph\":[{\"@type\":\"WebPage\",\"@id\":\"https:\/\/www.overit.ai\/es\/clientes\/casos-de-exito\/lapp-instalaciones-de-alta-precision-y-controles-de-calidad-a-distancia\/\",\"url\":\"https:\/\/www.overit.ai\/es\/clientes\/casos-de-exito\/lapp-instalaciones-de-alta-precision-y-controles-de-calidad-a-distancia\/\",\"name\":\"LAPP - Controles de calidad a distancia\",\"isPartOf\":{\"@id\":\"https:\/\/www.overit.ai\/es\/#website\"},\"datePublished\":\"2024-08-02T10:00:15+00:00\",\"dateModified\":\"2025-08-04T10:02:43+00:00\",\"description\":\"LAPP adopta NextGen FSM para mejorar el rendimiento de las actividades de instalaci\u00f3n y las verificaciones de calidad a distancia.\",\"breadcrumb\":{\"@id\":\"https:\/\/www.overit.ai\/es\/clientes\/casos-de-exito\/lapp-instalaciones-de-alta-precision-y-controles-de-calidad-a-distancia\/#breadcrumb\"},\"inLanguage\":\"es-ES\",\"potentialAction\":[{\"@type\":\"ReadAction\",\"target\":[\"https:\/\/www.overit.ai\/es\/clientes\/casos-de-exito\/lapp-instalaciones-de-alta-precision-y-controles-de-calidad-a-distancia\/\"]}]},{\"@type\":\"BreadcrumbList\",\"@id\":\"https:\/\/www.overit.ai\/es\/clientes\/casos-de-exito\/lapp-instalaciones-de-alta-precision-y-controles-de-calidad-a-distancia\/#breadcrumb\",\"itemListElement\":[{\"@type\":\"ListItem\",\"position\":1,\"name\":\"Home\",\"item\":\"https:\/\/www.overit.ai\/es\/\"},{\"@type\":\"ListItem\",\"position\":2,\"name\":\"Clientes\",\"item\":\"https:\/\/www.overit.ai\/es\/clientes\/\"},{\"@type\":\"ListItem\",\"position\":3,\"name\":\"Casos de \u00c9xito\",\"item\":\"https:\/\/www.overit.ai\/es\/clientes\/casos-de-exito\/\"},{\"@type\":\"ListItem\",\"position\":4,\"name\":\"LAPP &#8211; Instalaciones de alta precisi\u00f3n y controles de calidad a distancia\"}]},{\"@type\":\"WebSite\",\"@id\":\"https:\/\/www.overit.ai\/es\/#website\",\"url\":\"https:\/\/www.overit.ai\/es\/\",\"name\":\"OverIT\",\"description\":\"Innovation in Field Service Management\",\"publisher\":{\"@id\":\"https:\/\/www.overit.ai\/es\/#organization\"},\"potentialAction\":[{\"@type\":\"SearchAction\",\"target\":{\"@type\":\"EntryPoint\",\"urlTemplate\":\"https:\/\/www.overit.ai\/es\/?s={search_term_string}\"},\"query-input\":{\"@type\":\"PropertyValueSpecification\",\"valueRequired\":true,\"valueName\":\"search_term_string\"}}],\"inLanguage\":\"es-ES\"},{\"@type\":\"Organization\",\"@id\":\"https:\/\/www.overit.ai\/es\/#organization\",\"name\":\"OverIT\",\"url\":\"https:\/\/www.overit.ai\/es\/\",\"logo\":{\"@type\":\"ImageObject\",\"inLanguage\":\"es-ES\",\"@id\":\"https:\/\/www.overit.ai\/es\/#\/schema\/logo\/image\/\",\"url\":\"https:\/\/www.overit.ai\/app\/uploads\/2021\/10\/OverIT-logo-400.png\",\"contentUrl\":\"https:\/\/www.overit.ai\/app\/uploads\/2021\/10\/OverIT-logo-400.png\",\"width\":400,\"height\":250,\"caption\":\"OverIT\"},\"image\":{\"@id\":\"https:\/\/www.overit.ai\/es\/#\/schema\/logo\/image\/\"}}]}<\/script>\n<!-- \/ Yoast SEO Premium plugin. -->","yoast_head_json":{"title":"LAPP - Controles de calidad a distancia","description":"LAPP adopta NextGen FSM para mejorar el rendimiento de las actividades de instalaci\u00f3n y las verificaciones de calidad a distancia.","robots":{"index":"index","follow":"follow","max-snippet":"max-snippet:-1","max-image-preview":"max-image-preview:large","max-video-preview":"max-video-preview:-1"},"canonical":"https:\/\/www.overit.ai\/es\/clientes\/casos-de-exito\/lapp-instalaciones-de-alta-precision-y-controles-de-calidad-a-distancia\/","og_locale":"es_ES","og_type":"article","og_title":"LAPP - Controles de calidad a distancia","og_description":"LAPP adopta NextGen FSM para mejorar el rendimiento de las actividades de instalaci\u00f3n y las verificaciones de calidad a distancia.","og_url":"https:\/\/www.overit.ai\/es\/clientes\/casos-de-exito\/lapp-instalaciones-de-alta-precision-y-controles-de-calidad-a-distancia\/","og_site_name":"OverIT","article_modified_time":"2025-08-04T10:02:43+00:00","og_image":[{"width":1960,"height":980,"url":"https:\/\/www.overit.ai\/app\/uploads\/2023\/11\/Lapp-Customer-Success-Story-2.png","type":"image\/png"}],"twitter_card":"summary_large_image","twitter_title":"LAPP - Instalaciones de alta precisi\u00f3n y controles de calidad a distancia","twitter_description":"LAPP adopta OverIT NextGen FSM para mejorar el rendimiento de alta calidad de las actividades de instalaci\u00f3n y las verificaciones de calidad a distancia.","twitter_misc":{"Est. reading time":"5 minutes"},"schema":{"@context":"https:\/\/schema.org","@graph":[{"@type":"WebPage","@id":"https:\/\/www.overit.ai\/es\/clientes\/casos-de-exito\/lapp-instalaciones-de-alta-precision-y-controles-de-calidad-a-distancia\/","url":"https:\/\/www.overit.ai\/es\/clientes\/casos-de-exito\/lapp-instalaciones-de-alta-precision-y-controles-de-calidad-a-distancia\/","name":"LAPP - Controles de calidad a distancia","isPartOf":{"@id":"https:\/\/www.overit.ai\/es\/#website"},"datePublished":"2024-08-02T10:00:15+00:00","dateModified":"2025-08-04T10:02:43+00:00","description":"LAPP adopta NextGen FSM para mejorar el rendimiento de las actividades de instalaci\u00f3n y las verificaciones de calidad a distancia.","breadcrumb":{"@id":"https:\/\/www.overit.ai\/es\/clientes\/casos-de-exito\/lapp-instalaciones-de-alta-precision-y-controles-de-calidad-a-distancia\/#breadcrumb"},"inLanguage":"es-ES","potentialAction":[{"@type":"ReadAction","target":["https:\/\/www.overit.ai\/es\/clientes\/casos-de-exito\/lapp-instalaciones-de-alta-precision-y-controles-de-calidad-a-distancia\/"]}]},{"@type":"BreadcrumbList","@id":"https:\/\/www.overit.ai\/es\/clientes\/casos-de-exito\/lapp-instalaciones-de-alta-precision-y-controles-de-calidad-a-distancia\/#breadcrumb","itemListElement":[{"@type":"ListItem","position":1,"name":"Home","item":"https:\/\/www.overit.ai\/es\/"},{"@type":"ListItem","position":2,"name":"Clientes","item":"https:\/\/www.overit.ai\/es\/clientes\/"},{"@type":"ListItem","position":3,"name":"Casos de \u00c9xito","item":"https:\/\/www.overit.ai\/es\/clientes\/casos-de-exito\/"},{"@type":"ListItem","position":4,"name":"LAPP &#8211; Instalaciones de alta precisi\u00f3n y controles de calidad a distancia"}]},{"@type":"WebSite","@id":"https:\/\/www.overit.ai\/es\/#website","url":"https:\/\/www.overit.ai\/es\/","name":"OverIT","description":"Innovation in Field Service Management","publisher":{"@id":"https:\/\/www.overit.ai\/es\/#organization"},"potentialAction":[{"@type":"SearchAction","target":{"@type":"EntryPoint","urlTemplate":"https:\/\/www.overit.ai\/es\/?s={search_term_string}"},"query-input":{"@type":"PropertyValueSpecification","valueRequired":true,"valueName":"search_term_string"}}],"inLanguage":"es-ES"},{"@type":"Organization","@id":"https:\/\/www.overit.ai\/es\/#organization","name":"OverIT","url":"https:\/\/www.overit.ai\/es\/","logo":{"@type":"ImageObject","inLanguage":"es-ES","@id":"https:\/\/www.overit.ai\/es\/#\/schema\/logo\/image\/","url":"https:\/\/www.overit.ai\/app\/uploads\/2021\/10\/OverIT-logo-400.png","contentUrl":"https:\/\/www.overit.ai\/app\/uploads\/2021\/10\/OverIT-logo-400.png","width":400,"height":250,"caption":"OverIT"},"image":{"@id":"https:\/\/www.overit.ai\/es\/#\/schema\/logo\/image\/"}}]}},"_links":{"self":[{"href":"https:\/\/www.overit.ai\/es\/wp-json\/wp\/v2\/pages\/54887","targetHints":{"allow":["GET"]}}],"collection":[{"href":"https:\/\/www.overit.ai\/es\/wp-json\/wp\/v2\/pages"}],"about":[{"href":"https:\/\/www.overit.ai\/es\/wp-json\/wp\/v2\/types\/page"}],"author":[{"embeddable":true,"href":"https:\/\/www.overit.ai\/es\/wp-json\/wp\/v2\/users\/3"}],"replies":[{"embeddable":true,"href":"https:\/\/www.overit.ai\/es\/wp-json\/wp\/v2\/comments?post=54887"}],"version-history":[{"count":2,"href":"https:\/\/www.overit.ai\/es\/wp-json\/wp\/v2\/pages\/54887\/revisions"}],"predecessor-version":[{"id":54889,"href":"https:\/\/www.overit.ai\/es\/wp-json\/wp\/v2\/pages\/54887\/revisions\/54889"}],"up":[{"embeddable":true,"href":"https:\/\/www.overit.ai\/es\/wp-json\/wp\/v2\/pages\/13032"}],"wp:attachment":[{"href":"https:\/\/www.overit.ai\/es\/wp-json\/wp\/v2\/media?parent=54887"}],"wp:term":[{"taxonomy":"case_study_category","embeddable":true,"href":"https:\/\/www.overit.ai\/es\/wp-json\/wp\/v2\/case_study_category?post=54887"}],"curies":[{"name":"wp","href":"https:\/\/api.w.org\/{rel}","templated":true}]}}