{"id":50427,"date":"2024-07-25T15:13:22","date_gmt":"2024-07-25T15:13:22","guid":{"rendered":"https:\/\/www.overit.ai\/?page_id=50427"},"modified":"2025-08-04T14:02:54","modified_gmt":"2025-08-04T14:02:54","slug":"snam-gestion-integral-de-operaciones-de-importancia-estrategica-en-la-red-de-gas","status":"publish","type":"page","link":"https:\/\/www.overit.ai\/es\/clientes\/casos-de-exito\/snam-gestion-integral-de-operaciones-de-importancia-estrategica-en-la-red-de-gas\/","title":{"rendered":"Snam\u00a0&#8211;\u00a0Gesti\u00f3n integral de operaciones de importancia estrat\u00e9gica en la red de gas\u00a0"},"content":{"rendered":"<div\n  class=\"overit-block overit-block--white overit-radius-full overit-margin-medium-bottom overit-no-padding \n  overit-block-customer-page-header\"\n        >\n  \n  <div class=\"overit-block-wrapper\">\n\n<div class=\"cph\">\n  \n    <div class=\"cph_slogan-cont\" style=\"background: linear-gradient(0deg, rgba(0, 0, 0, 0.35), rgba(0, 0, 0, 0.35)), url('https:\/\/www.overit.ai\/app\/uploads\/2024\/04\/snam-customer-story-header.jpg') center bottom\">\n                  <div class=\"cph__section-title\">SNAM<\/div>\n                                    <h1 class=\"cph__slogan\">Gesti\u00f3n integral de operaciones de importancia estrat\u00e9gica en la red de gas<\/h1>\n            <\/div>\n  <div class=\"cph__customer-section\" data-aos=\"fade-up\">\n    <div class=\"cph__customer-desc-cont\">\n                    <img decoding=\"async\" class=\"cph__customer-logo\" src=\"https:\/\/www.overit.ai\/app\/uploads\/2020\/12\/clienti-overit-logo-snam.png\" alt=\"clienti-overit-logo-snam\" width=\"400\" height=\"250\" \/>\n            <div class=\"cph__customer-desc\">\n        <p>Snam es el primer operador europeo en el transporte de gas natural, con una red de unos 38.000 km en Italia y el extranjero. La empresa tambi\u00e9n se encarga del almacenamiento de gas, gestionando el 17,1% de la capacidad europea, y de la regasificaci\u00f3n, con 6.500 millones de metros c\u00fabicos de gas que subir\u00e1n a 16.600 millones en 2024 tras la instalaci\u00f3n de plantas de regasificaci\u00f3n en Piombino y Ravenna (Italia). Por su capitalizaci\u00f3n burs\u00e1til, Snam es una de las principales empresas italianas que cotizan en bolsa. <\/p>\n\n      <\/div>\n    <\/div>\n    <div class=\"cph__customer-facts\">\n              <div class=\"cph__facts-title\">INFORMACI\u00d3N CLAVE<\/div>\n        <div class=\"cph__facts\">\n                     <div class=\"cph__fact-cont\">\n            <div class=\"cph__fact-label\">\n              Sector\n            <\/div>\n            <div class=\"cph__fact\">\n              Oleo Y Gas\n            <\/div>\n          <\/div>\n                     <div class=\"cph__fact-cont\">\n            <div class=\"cph__fact-label\">\n              Regi\u00f3n\n            <\/div>\n            <div class=\"cph__fact\">\n              EMEA\n            <\/div>\n          <\/div>\n                     <div class=\"cph__fact-cont\">\n            <div class=\"cph__fact-label\">\n              Red de transporte de gas en km\n            <\/div>\n            <div class=\"cph__fact\">\n              38.000+\n            <\/div>\n          <\/div>\n                     <div class=\"cph__fact-cont\">\n            <div class=\"cph__fact-label\">\n              Capacidad europea de almacenamiento\n            <\/div>\n            <div class=\"cph__fact\">\n              17.1%\n            <\/div>\n          <\/div>\n                  <\/div>\n          <\/div>\n  <\/div>\n<\/div>\n\n<\/div><!-- .overit-block-wrapper -->\n<\/div><!-- .overit-block -->\n\n\n<div\n  class=\"overit-block overit-block--white overit-radius-full overit-no-margin overit-padding-medium-top overit-block--fullwidth\n  overit-block-configurable-jumbotron\"\n        >\n  \n  <div class=\"overit-block-wrapper\">\n\n<section class=\"configurable-jumbotron left\" >\n                  <h3 class=\"cj-section-title\">RETO EMPRESARIAL<\/h3>\n          \n                  <div class=\"cj-title medium\">Organizaci\u00f3n de los procesos de transporte, almacenamiento y regasificaci\u00f3n en la red de gas<\/div>\n          \n                  <div class=\"cj-subtitle small\"><p>Imaginemos por un momento ser una empresa de petr\u00f3leo y gas y posiblemente una de las m\u00e1s importantes del mercado, como Snam. Imaginemos adem\u00e1s operar a escala mundial, gestionando una red de gas de 38.000 km de longitud y m\u00e1s de 50.000 actividades al a\u00f1o asign\u00e1ndolas a m\u00e1s de 400 t\u00e9cnicos de campo. Cifras tan impresionantes requieren un esfuerzo considerable en t\u00e9rminos de tiempo de programaci\u00f3n de las actividades de mantenimiento, apoyo al rendimiento m\u00f3vil de las operaciones sobre el terreno y monitoreo de toda la red, lo cual puede f\u00e1cilmente ser fuente de errores o de pr\u00e1cticas ineficaces. Y este escenario se vuelve a\u00fan m\u00e1s complejo si consideramos que uno de los principales objetivos de Snam es hacer frente de forma r\u00e1pida a las emergencias, como en el caso de la detecci\u00f3n de las fugas de gas. <\/p>\n<p>Para poder operar de forma impecable y, por tanto, seguir siendo una empresa l\u00edder en el sector, la \u00fanica opci\u00f3n es contar con una soluci\u00f3n que ofrezca funcionalidades innovadoras y que se integre con las dem\u00e1s soluciones empresariales ya utilizadas. A partir de estas premisas, Snam opt\u00f3 por recurrir a un sistema de Field Service Management. <\/p>\n<\/div>\n          \n        <\/section>\n\n<\/div><!-- .overit-block-wrapper -->\n<\/div><!-- .overit-block -->\n\n\n<div\n  class=\"overit-block overit-block--white overit-radius-full overit-no-margin overit-padding-small \n  overit-block-separator\"\n        >\n  \n  <div class=\"overit-block-wrapper\">\n\n<div class=\"overit-separator overit-separator--boxed\">\n  <hr\/>\n<\/div>\n\n<\/div><!-- .overit-block-wrapper -->\n<\/div><!-- .overit-block -->\n\n\n<div\n  class=\"overit-block overit-block--white overit-radius-full overit-no-margin overit-no-padding overit-block--fullwidth\n  overit-block-configurable-jumbotron\"\n        >\n  \n  <div class=\"overit-block-wrapper\">\n\n<section class=\"configurable-jumbotron left\" >\n                  <h3 class=\"cj-section-title\">SOLUCI\u00d3N  <\/h3>\n          \n                  <div class=\"cj-title medium\">Tecnolog\u00edas punteras para asistir eficazmente a los usuarios en actividades de importancia estrat\u00e9gica en los activos de gas <\/div>\n          \n                  <div class=\"cj-subtitle small\"><p>Por eso y con el objetivo de agilizar los procesos de transporte, almacenamiento y regasificaci\u00f3n de la red y seguir garantizando el suministro continuado y eficiente de energ\u00eda a su extensa base de clientes, Snam ha elegido a OverIT como su socio digital de confianza. Gracias a su gran experiencia en tecnolog\u00eda y a su profundo conocimiento del sector, OverIT ofrece a Snam funcionalidades de planificaci\u00f3n, GIS avanzado y capacidades m\u00f3viles, adem\u00e1s de integraciones con otros proveedores. Actualmente Snam puede monitorizar el ciclo de vida completo de sus activos, mejorando tambi\u00e9n su capacidad de respuesta ante las emergencias. <\/p>\n<ul>\n<li><strong>Gesti\u00f3n de riesgos<\/strong><br \/>\nAsistencia en la evaluaci\u00f3n y gesti\u00f3n de riesgos potenciales y requisitos asociados a los activos de gas con el fin de prevenir accidentes o situaciones de riesgo <\/li>\n<li><strong>Optimizaci\u00f3n y planificaci\u00f3n de las \u00f3rdenes de trabajo <\/strong><br \/>\nPlanificaci\u00f3n y ejecuci\u00f3n avanzadas de actividades de mantenimiento, emergencia y detecci\u00f3n y reparaci\u00f3n de fugas <\/li>\n<li><strong>Integraci\u00f3n con GIS<\/strong><br \/>\nRespaldo a los t\u00e9cnicos durante la ejecuci\u00f3n de sus tareas mediante funcionalidades cartogr\u00e1ficas especializadas, tanto desde el back-end como a trav\u00e9s de los dispositivos m\u00f3viles. Plan de realizaci\u00f3n del nuevo sistema corporativo cartogr\u00e1fico y de dise\u00f1o para actualizar e innovar la plataforma cartogr\u00e1fica, las tecnolog\u00edas y los procesos <\/li>\n<li><strong>Aplicaci\u00f3n m\u00f3vil <\/strong><br \/>\nAsistencia a los t\u00e9cnicos de campo durante la ejecuci\u00f3n de las tareas para recopilar datos, adquirir contenidos multimedia, lecturas y dem\u00e1s informaci\u00f3n sobre los sistemas de campo, adem\u00e1s de consultar hojas de datos e instrucciones <\/li>\n<li><strong>Integraci\u00f3n de terceros <\/strong><br \/>\nIntegraci\u00f3n fluida con los sistemas externos (por ejemplo, IBM Maximo, SAP, Salesforce Jarvis) finalizada a la creaci\u00f3n de una plataforma empresarial integrada <\/li>\n<\/ul>\n<\/div>\n          \n        <\/section>\n\n<\/div><!-- .overit-block-wrapper -->\n<\/div><!-- .overit-block -->\n\n\n<div\n  class=\"overit-block overit-block--white overit-radius-full overit-no-margin overit-padding-small \n  overit-block-separator\"\n        >\n  \n  <div class=\"overit-block-wrapper\">\n\n<div class=\"overit-separator overit-separator--boxed\">\n  <hr\/>\n<\/div>\n\n<\/div><!-- .overit-block-wrapper -->\n<\/div><!-- .overit-block -->\n\n\n<div\n  class=\"overit-block overit-block--white overit-radius-full overit-no-margin overit-no-padding overit-block--fullwidth\n  overit-block-configurable-jumbotron\"\n        >\n  \n  <div class=\"overit-block-wrapper\">\n\n<section class=\"configurable-jumbotron left\" >\n                  <h3 class=\"cj-section-title\">RESULTADOS<\/h3>\n          \n    \n    \n        <\/section>\n\n<\/div><!-- .overit-block-wrapper -->\n<\/div><!-- .overit-block -->\n\n\n<div\n  class=\"overit-block overit-block--white overit-radius-full overit-no-margin overit-padding-small \n  overit-block-multi-info-cards\"\n        >\n  \n  <div class=\"overit-block-wrapper\">\n\n<div class=\"info-cards info-cards--4 info-cards--align-center\">\n        <div class=\"info-cards__sections \">\n                  <div class=\"info-card info-card--4\n                    \n          \n          info-card--top-line\n        \">\n        <div class=\"info-card-inner\">\n                                  <div class=\"info-card__icon\">\n                            <i aria-hidden=\"true\" style=\"color: #FF8200;font-size: 32px;\" class=\"fa-classic fa-light fa-calendar-range\" aria-hidden=\"true\"><\/i>\n            <\/div>\n                                                      <div class=\"info-card__description\" >\n              <p>Agilizaci\u00f3n de los procesos y de las actividades sobre el terreno <\/p>\n\n            <\/div>\n                  <\/div>\n      <\/div>\n                  <div class=\"info-card info-card--4\n                    \n          \n          info-card--top-line\n        \">\n        <div class=\"info-card-inner\">\n                                  <div class=\"info-card__icon\">\n                            <i aria-hidden=\"true\" style=\"color: #FF8200;font-size: 32px;\" class=\"fa-classic fa-light fa-chart-line-down\" aria-hidden=\"true\"><\/i>\n            <\/div>\n                                                      <div class=\"info-card__description\" >\n              <p>Reducci\u00f3n de los desplazamientos de los t\u00e9cnicos <\/p>\n\n            <\/div>\n                  <\/div>\n      <\/div>\n                  <div class=\"info-card info-card--4\n                    \n          \n          info-card--top-line\n        \">\n        <div class=\"info-card-inner\">\n                                  <div class=\"info-card__icon\">\n                            <i aria-hidden=\"true\" style=\"color: #FF8200;font-size: 32px;\" class=\"fa-classic fa-light fa-display-chart-up-circle-dollar\" aria-hidden=\"true\"><\/i>\n            <\/div>\n                                                      <div class=\"info-card__description\" >\n              <p>Maximizaci\u00f3n del rendimiento de la plantilla <\/p>\n\n            <\/div>\n                  <\/div>\n      <\/div>\n                  <div class=\"info-card info-card--4\n                    \n          \n          info-card--top-line\n        \">\n        <div class=\"info-card-inner\">\n                                  <div class=\"info-card__icon\">\n                            <i aria-hidden=\"true\" style=\"color: #FF8200;font-size: 32px;\" class=\"fa-classic fa-light fa-leaf\" aria-hidden=\"true\"><\/i>\n            <\/div>\n                                                      <div class=\"info-card__description\" >\n              <p>Reducci\u00f3n de las emisiones de carbono <\/p>\n\n            <\/div>\n                  <\/div>\n      <\/div>\n          <\/div>\n  <\/div>\n\n<\/div><!-- .overit-block-wrapper -->\n<\/div><!-- .overit-block -->\n\n\n<div\n  class=\"overit-block overit-block--white overit-radius-full overit-no-margin overit-no-padding \n  overit-block-separator\"\n        >\n  \n  <div class=\"overit-block-wrapper\">\n\n<div class=\"overit-separator overit-separator--boxed\">\n  <hr\/>\n<\/div>\n\n<\/div><!-- .overit-block-wrapper -->\n<\/div><!-- .overit-block -->\n\n\n<div\n  class=\"overit-block overit-block--white overit-radius-full overit-no-margin overit-padding-medium overit-block--fullwidth\n  overit-block-configurable-jumbotron\"\n        >\n  \n  <div class=\"overit-block-wrapper\">\n\n<section class=\"configurable-jumbotron left\" >\n    \n                  <div class=\"cj-title medium\"><img decoding=\"async\" class=\"alignnone size-medium wp-image-29976\" src=\"https:\/\/www.overit.ai\/app\/uploads\/2022\/04\/E_SDG_logo_UN_emblem_square_trans_WEB-1024x879-1-300x258.png\" alt=\"sustainable development goals logo\" width=\"100\" height=\"100\" \/><\/div>\n          \n                  <div class=\"cj-subtitle small\"><p>Con sus 80 a\u00f1os de experiencia en el desarrollo y la gesti\u00f3n de infraestructuras, Snam garantiza la seguridad del suministro de gas natural al tiempo que impulsa la transici\u00f3n energ\u00e9tica con inversiones en gas verde (biometano e hidr\u00f3geno), eficiencia energ\u00e9tica y tecnolog\u00eda CCS (captura y almacenamiento de carbono). Adem\u00e1s, est\u00e1 creando nuevas zonas verdes a trav\u00e9s de una empresa ben\u00e9fica centrada en los proyectos de forestaci\u00f3n urbana.<\/p>\n<p>Snam se ha comprometido al objetivo de cero emisiones netas de gases de efecto invernadero (&#8220;Alcance 1&#8221; y &#8220;Alcance 2&#8221;) para 2040. A partir de 2021, la empresa ha establecido un objetivo de reducci\u00f3n de las emisiones indirectas de &#8220;Alcance 3&#8221; para 2030 con respecto a sus filiales y proveedores. La empresa ha adoptado un modelo de negocio basado en el crecimiento sostenible, la transparencia, el desarrollo del talento y la diversidad, junto a la protecci\u00f3n y el avance social de las comunidades locales. La alianza establecida con OverIT y los beneficios alcanzados en materia de innovaci\u00f3n, eficiencia de las operaciones y seguridad confirman a Snam como uno de los l\u00edderes en el escenario de evoluci\u00f3n de la industria de petr\u00f3leo y gas y uno de los impulsores de la transici\u00f3n energ\u00e9tica.<\/p>\n<p><img decoding=\"async\" class=\"alignnone wp-image-40822 size-full\" style=\"padding-top: 20px; padding-right: 20px;\" src=\"https:\/\/www.overit.ai\/app\/uploads\/2023\/07\/sdg-9-esp.png\" alt=\"sustainable development goals logo 9\" width=\"100\" height=\"100\" srcset=\"https:\/\/www.overit.ai\/app\/uploads\/2023\/07\/sdg-9-esp.png 287w, https:\/\/www.overit.ai\/app\/uploads\/2023\/07\/sdg-9-esp-150x150.png 150w\" sizes=\"(max-width: 100px) 100vw, 100px\" \/><img decoding=\"async\" class=\"alignnone wp-image-34918 size-medium\" style=\"padding-top: 20px; padding-right: 20px;\" src=\"https:\/\/www.overit.ai\/app\/uploads\/2022\/11\/11-sdg-esp-300x300.jpg\" alt=\"11 sdg esp\" width=\"100\" height=\"100\" srcset=\"https:\/\/www.overit.ai\/app\/uploads\/2022\/11\/11-sdg-esp-300x300.jpg 300w, https:\/\/www.overit.ai\/app\/uploads\/2022\/11\/11-sdg-esp-1020x1024.jpg 1020w, https:\/\/www.overit.ai\/app\/uploads\/2022\/11\/11-sdg-esp-150x150.jpg 150w, https:\/\/www.overit.ai\/app\/uploads\/2022\/11\/11-sdg-esp-768x771.jpg 768w, https:\/\/www.overit.ai\/app\/uploads\/2022\/11\/11-sdg-esp-1080x1080.jpg 1080w, https:\/\/www.overit.ai\/app\/uploads\/2022\/11\/11-sdg-esp.jpg 1434w\" sizes=\"(max-width: 100px) 100vw, 100px\" \/><img decoding=\"async\" class=\"alignnone wp-image-40825 size-full\" style=\"padding-top: 20px; padding-right: 20px;\" src=\"https:\/\/www.overit.ai\/app\/uploads\/2023\/07\/sdg-13-esp.png\" alt=\"sustainable development goals logo 13\" width=\"100\" height=\"100\" \/><\/p>\n<\/div>\n          \n        <\/section>\n\n<\/div><!-- .overit-block-wrapper -->\n<\/div><!-- .overit-block -->\n","protected":false},"excerpt":{"rendered":"","protected":false},"author":3,"featured_media":0,"parent":13032,"menu_order":0,"comment_status":"closed","ping_status":"closed","template":"","meta":{"_acf_changed":false,"footnotes":""},"case_study_category":[],"class_list":["post-50427","page","type-page","status-publish","hentry"],"acf":[],"yoast_head":"<!-- This site is optimized with the Yoast SEO Premium plugin v25.6 (Yoast SEO v25.6) - https:\/\/yoast.com\/wordpress\/plugins\/seo\/ -->\n<title>Snam\u00a0-\u00a0Gesti\u00f3n de operaciones en la red de gas\u00a0<\/title>\n<meta name=\"description\" content=\"Snam ha elegido a OverIT como su socio digital de confianza para monitorizar el ciclo de vida completo de sus activos y de la red de gas\" \/>\n<meta name=\"robots\" content=\"index, follow, max-snippet:-1, max-image-preview:large, max-video-preview:-1\" \/>\n<link rel=\"canonical\" href=\"https:\/\/www.overit.ai\/es\/clientes\/casos-de-exito\/snam-gestion-integral-de-operaciones-de-importancia-estrategica-en-la-red-de-gas\/\" \/>\n<meta property=\"og:locale\" content=\"es_ES\" \/>\n<meta property=\"og:type\" content=\"article\" \/>\n<meta property=\"og:title\" content=\"Snam\u00a0-\u00a0Gesti\u00f3n de operaciones en la red de gas\u00a0\" \/>\n<meta property=\"og:description\" content=\"Snam ha elegido a OverIT como su socio digital de confianza para monitorizar el ciclo de vida completo de sus activos y de la red de gas\" \/>\n<meta property=\"og:url\" content=\"https:\/\/www.overit.ai\/es\/clientes\/casos-de-exito\/snam-gestion-integral-de-operaciones-de-importancia-estrategica-en-la-red-de-gas\/\" \/>\n<meta property=\"og:site_name\" content=\"OverIT\" \/>\n<meta property=\"article:modified_time\" content=\"2025-08-04T14:02:54+00:00\" \/>\n<meta property=\"og:image\" content=\"https:\/\/www.overit.ai\/app\/uploads\/2024\/04\/snam-customer-story-header.jpg\" \/>\n\t<meta property=\"og:image:width\" content=\"2560\" \/>\n\t<meta property=\"og:image:height\" content=\"873\" \/>\n\t<meta property=\"og:image:type\" content=\"image\/jpeg\" \/>\n<meta name=\"twitter:card\" content=\"summary_large_image\" \/>\n<meta name=\"twitter:title\" content=\"Snam\u00a0-\u00a0Gesti\u00f3n integral de operaciones de importancia estrat\u00e9gica en la red de gas\u00a0\" \/>\n<meta name=\"twitter:label1\" content=\"Est. reading time\" \/>\n\t<meta name=\"twitter:data1\" content=\"6 minutes\" \/>\n<script type=\"application\/ld+json\" class=\"yoast-schema-graph\">{\"@context\":\"https:\/\/schema.org\",\"@graph\":[{\"@type\":\"WebPage\",\"@id\":\"https:\/\/www.overit.ai\/es\/clientes\/casos-de-exito\/snam-gestion-integral-de-operaciones-de-importancia-estrategica-en-la-red-de-gas\/\",\"url\":\"https:\/\/www.overit.ai\/es\/clientes\/casos-de-exito\/snam-gestion-integral-de-operaciones-de-importancia-estrategica-en-la-red-de-gas\/\",\"name\":\"Snam\u00a0-\u00a0Gesti\u00f3n de operaciones en la red de gas\u00a0\",\"isPartOf\":{\"@id\":\"https:\/\/www.overit.ai\/es\/#website\"},\"datePublished\":\"2024-07-25T15:13:22+00:00\",\"dateModified\":\"2025-08-04T14:02:54+00:00\",\"description\":\"Snam ha elegido a OverIT como su socio digital de confianza para monitorizar el ciclo de vida completo de sus activos y de la red de gas\",\"breadcrumb\":{\"@id\":\"https:\/\/www.overit.ai\/es\/clientes\/casos-de-exito\/snam-gestion-integral-de-operaciones-de-importancia-estrategica-en-la-red-de-gas\/#breadcrumb\"},\"inLanguage\":\"es-ES\",\"potentialAction\":[{\"@type\":\"ReadAction\",\"target\":[\"https:\/\/www.overit.ai\/es\/clientes\/casos-de-exito\/snam-gestion-integral-de-operaciones-de-importancia-estrategica-en-la-red-de-gas\/\"]}]},{\"@type\":\"BreadcrumbList\",\"@id\":\"https:\/\/www.overit.ai\/es\/clientes\/casos-de-exito\/snam-gestion-integral-de-operaciones-de-importancia-estrategica-en-la-red-de-gas\/#breadcrumb\",\"itemListElement\":[{\"@type\":\"ListItem\",\"position\":1,\"name\":\"Home\",\"item\":\"https:\/\/www.overit.ai\/es\/\"},{\"@type\":\"ListItem\",\"position\":2,\"name\":\"Clientes\",\"item\":\"https:\/\/www.overit.ai\/es\/clientes\/\"},{\"@type\":\"ListItem\",\"position\":3,\"name\":\"Casos de \u00c9xito\",\"item\":\"https:\/\/www.overit.ai\/es\/clientes\/casos-de-exito\/\"},{\"@type\":\"ListItem\",\"position\":4,\"name\":\"Snam\u00a0&#8211;\u00a0Gesti\u00f3n integral de operaciones de importancia estrat\u00e9gica en la red de gas\u00a0\"}]},{\"@type\":\"WebSite\",\"@id\":\"https:\/\/www.overit.ai\/es\/#website\",\"url\":\"https:\/\/www.overit.ai\/es\/\",\"name\":\"OverIT\",\"description\":\"Innovation in Field Service Management\",\"publisher\":{\"@id\":\"https:\/\/www.overit.ai\/es\/#organization\"},\"potentialAction\":[{\"@type\":\"SearchAction\",\"target\":{\"@type\":\"EntryPoint\",\"urlTemplate\":\"https:\/\/www.overit.ai\/es\/?s={search_term_string}\"},\"query-input\":{\"@type\":\"PropertyValueSpecification\",\"valueRequired\":true,\"valueName\":\"search_term_string\"}}],\"inLanguage\":\"es-ES\"},{\"@type\":\"Organization\",\"@id\":\"https:\/\/www.overit.ai\/es\/#organization\",\"name\":\"OverIT\",\"url\":\"https:\/\/www.overit.ai\/es\/\",\"logo\":{\"@type\":\"ImageObject\",\"inLanguage\":\"es-ES\",\"@id\":\"https:\/\/www.overit.ai\/es\/#\/schema\/logo\/image\/\",\"url\":\"https:\/\/www.overit.ai\/app\/uploads\/2021\/10\/OverIT-logo-400.png\",\"contentUrl\":\"https:\/\/www.overit.ai\/app\/uploads\/2021\/10\/OverIT-logo-400.png\",\"width\":400,\"height\":250,\"caption\":\"OverIT\"},\"image\":{\"@id\":\"https:\/\/www.overit.ai\/es\/#\/schema\/logo\/image\/\"}}]}<\/script>\n<!-- \/ Yoast SEO Premium plugin. -->","yoast_head_json":{"title":"Snam\u00a0-\u00a0Gesti\u00f3n de operaciones en la red de gas\u00a0","description":"Snam ha elegido a OverIT como su socio digital de confianza para monitorizar el ciclo de vida completo de sus activos y de la red de gas","robots":{"index":"index","follow":"follow","max-snippet":"max-snippet:-1","max-image-preview":"max-image-preview:large","max-video-preview":"max-video-preview:-1"},"canonical":"https:\/\/www.overit.ai\/es\/clientes\/casos-de-exito\/snam-gestion-integral-de-operaciones-de-importancia-estrategica-en-la-red-de-gas\/","og_locale":"es_ES","og_type":"article","og_title":"Snam\u00a0-\u00a0Gesti\u00f3n de operaciones en la red de gas\u00a0","og_description":"Snam ha elegido a OverIT como su socio digital de confianza para monitorizar el ciclo de vida completo de sus activos y de la red de gas","og_url":"https:\/\/www.overit.ai\/es\/clientes\/casos-de-exito\/snam-gestion-integral-de-operaciones-de-importancia-estrategica-en-la-red-de-gas\/","og_site_name":"OverIT","article_modified_time":"2025-08-04T14:02:54+00:00","og_image":[{"width":2560,"height":873,"url":"https:\/\/www.overit.ai\/app\/uploads\/2024\/04\/snam-customer-story-header.jpg","type":"image\/jpeg"}],"twitter_card":"summary_large_image","twitter_title":"Snam\u00a0-\u00a0Gesti\u00f3n integral de operaciones de importancia estrat\u00e9gica en la red de gas\u00a0","twitter_misc":{"Est. reading time":"6 minutes"},"schema":{"@context":"https:\/\/schema.org","@graph":[{"@type":"WebPage","@id":"https:\/\/www.overit.ai\/es\/clientes\/casos-de-exito\/snam-gestion-integral-de-operaciones-de-importancia-estrategica-en-la-red-de-gas\/","url":"https:\/\/www.overit.ai\/es\/clientes\/casos-de-exito\/snam-gestion-integral-de-operaciones-de-importancia-estrategica-en-la-red-de-gas\/","name":"Snam\u00a0-\u00a0Gesti\u00f3n de operaciones en la red de gas\u00a0","isPartOf":{"@id":"https:\/\/www.overit.ai\/es\/#website"},"datePublished":"2024-07-25T15:13:22+00:00","dateModified":"2025-08-04T14:02:54+00:00","description":"Snam ha elegido a OverIT como su socio digital de confianza para monitorizar el ciclo de vida completo de sus activos y de la red de gas","breadcrumb":{"@id":"https:\/\/www.overit.ai\/es\/clientes\/casos-de-exito\/snam-gestion-integral-de-operaciones-de-importancia-estrategica-en-la-red-de-gas\/#breadcrumb"},"inLanguage":"es-ES","potentialAction":[{"@type":"ReadAction","target":["https:\/\/www.overit.ai\/es\/clientes\/casos-de-exito\/snam-gestion-integral-de-operaciones-de-importancia-estrategica-en-la-red-de-gas\/"]}]},{"@type":"BreadcrumbList","@id":"https:\/\/www.overit.ai\/es\/clientes\/casos-de-exito\/snam-gestion-integral-de-operaciones-de-importancia-estrategica-en-la-red-de-gas\/#breadcrumb","itemListElement":[{"@type":"ListItem","position":1,"name":"Home","item":"https:\/\/www.overit.ai\/es\/"},{"@type":"ListItem","position":2,"name":"Clientes","item":"https:\/\/www.overit.ai\/es\/clientes\/"},{"@type":"ListItem","position":3,"name":"Casos de \u00c9xito","item":"https:\/\/www.overit.ai\/es\/clientes\/casos-de-exito\/"},{"@type":"ListItem","position":4,"name":"Snam\u00a0&#8211;\u00a0Gesti\u00f3n integral de operaciones de importancia estrat\u00e9gica en la red de gas\u00a0"}]},{"@type":"WebSite","@id":"https:\/\/www.overit.ai\/es\/#website","url":"https:\/\/www.overit.ai\/es\/","name":"OverIT","description":"Innovation in Field Service Management","publisher":{"@id":"https:\/\/www.overit.ai\/es\/#organization"},"potentialAction":[{"@type":"SearchAction","target":{"@type":"EntryPoint","urlTemplate":"https:\/\/www.overit.ai\/es\/?s={search_term_string}"},"query-input":{"@type":"PropertyValueSpecification","valueRequired":true,"valueName":"search_term_string"}}],"inLanguage":"es-ES"},{"@type":"Organization","@id":"https:\/\/www.overit.ai\/es\/#organization","name":"OverIT","url":"https:\/\/www.overit.ai\/es\/","logo":{"@type":"ImageObject","inLanguage":"es-ES","@id":"https:\/\/www.overit.ai\/es\/#\/schema\/logo\/image\/","url":"https:\/\/www.overit.ai\/app\/uploads\/2021\/10\/OverIT-logo-400.png","contentUrl":"https:\/\/www.overit.ai\/app\/uploads\/2021\/10\/OverIT-logo-400.png","width":400,"height":250,"caption":"OverIT"},"image":{"@id":"https:\/\/www.overit.ai\/es\/#\/schema\/logo\/image\/"}}]}},"_links":{"self":[{"href":"https:\/\/www.overit.ai\/es\/wp-json\/wp\/v2\/pages\/50427","targetHints":{"allow":["GET"]}}],"collection":[{"href":"https:\/\/www.overit.ai\/es\/wp-json\/wp\/v2\/pages"}],"about":[{"href":"https:\/\/www.overit.ai\/es\/wp-json\/wp\/v2\/types\/page"}],"author":[{"embeddable":true,"href":"https:\/\/www.overit.ai\/es\/wp-json\/wp\/v2\/users\/3"}],"replies":[{"embeddable":true,"href":"https:\/\/www.overit.ai\/es\/wp-json\/wp\/v2\/comments?post=50427"}],"version-history":[{"count":3,"href":"https:\/\/www.overit.ai\/es\/wp-json\/wp\/v2\/pages\/50427\/revisions"}],"predecessor-version":[{"id":63405,"href":"https:\/\/www.overit.ai\/es\/wp-json\/wp\/v2\/pages\/50427\/revisions\/63405"}],"up":[{"embeddable":true,"href":"https:\/\/www.overit.ai\/es\/wp-json\/wp\/v2\/pages\/13032"}],"wp:attachment":[{"href":"https:\/\/www.overit.ai\/es\/wp-json\/wp\/v2\/media?parent=50427"}],"wp:term":[{"taxonomy":"case_study_category","embeddable":true,"href":"https:\/\/www.overit.ai\/es\/wp-json\/wp\/v2\/case_study_category?post=50427"}],"curies":[{"name":"wp","href":"https:\/\/api.w.org\/{rel}","templated":true}]}}