{"id":41662,"date":"2023-08-09T09:52:43","date_gmt":"2023-08-09T09:52:43","guid":{"rendered":"https:\/\/www.overit.ai\/it\/?page_id=41662"},"modified":"2023-08-09T14:38:20","modified_gmt":"2023-08-09T14:38:20","slug":"netreply","status":"publish","type":"page","link":"https:\/\/www.overit.ai\/es\/socios\/netreply\/","title":{"rendered":"NetReply"},"content":{"rendered":"<div\n  class=\"overit-block overit-block--white overit-radius-full overit-no-margin overit-no-padding \n  overit-block-customer-page-header\"\n        >\n  \n  <div class=\"overit-block-wrapper\">\n\n<div class=\"cph\">\n  \n    <div class=\"cph_slogan-cont\" style=\"background: linear-gradient(0deg, rgba(0, 0, 0, 0.35), rgba(0, 0, 0, 0.35)), url('https:\/\/www.overit.ai\/app\/uploads\/2023\/05\/nasa-Q1p7bh3SHj8-unsplash-scaled.jpg') center center\">\n                  <h1 class=\"cph__section-title\">Net Reply<\/h1>\n                                    <div class=\"cph__slogan\">Libere todo el potencial de la transformaci\u00f3n digital con OverIT y Net Reply<\/div>\n            <\/div>\n  <div class=\"cph__customer-section\" data-aos=\"fade-up\">\n    <div class=\"cph__customer-desc-cont\">\n                    <img decoding=\"async\" class=\"cph__customer-logo\" src=\"https:\/\/www.overit.ai\/app\/uploads\/2023\/04\/net-reply-logo.png\" alt=\"net-reply-logo\" width=\"400\" height=\"74\" \/>\n            <div class=\"cph__customer-desc\">\n        <p>Net Reply es una consultora especializada en la innovaci\u00f3n de las redes y forma parte de Reply Group. Su misi\u00f3n consiste en crear interconexiones a escala global aprovechando lo \u00faltimo en la industria de TIC, como las redes virtualizadas y definidas por software. Gracias a nuestra s\u00f3lida presencia en el mercado de Telco y de Grandes Empresas, nuestro principal objetivo es facilitar la comunicaci\u00f3n entre usuarios y m\u00e1quinas, ofreciendo servicios de vanguardia de m\u00e1ximo rendimiento y una experiencia de usuario optimizada.<\/p>\n\n      <\/div>\n    <\/div>\n    <div class=\"cph__customer-facts\">\n              <div class=\"cph__facts-title\">EL CLIENTE EN BREVE<\/div>\n        <div class=\"cph__facts\">\n                     <div class=\"cph__fact-cont\">\n            <div class=\"cph__fact-label\">\n              Empresa\n            <\/div>\n            <div class=\"cph__fact\">\n              Net Reply\n            <\/div>\n          <\/div>\n                     <div class=\"cph__fact-cont\">\n            <div class=\"cph__fact-label\">\n              Sede central\n            <\/div>\n            <div class=\"cph__fact\">\n              Tur\u00edn, Italia\n            <\/div>\n          <\/div>\n                     <div class=\"cph__fact-cont\">\n            <div class=\"cph__fact-label\">\n              Sector\n            <\/div>\n            <div class=\"cph__fact\">\n              Servicios P\u00fablicos y Telecomunicaciones\n            <\/div>\n          <\/div>\n                     <div class=\"cph__fact-cont\">\n            <div class=\"cph__fact-label\">\n              Sitio web\n            <\/div>\n            <div class=\"cph__fact\">\n              netreply.com\n            <\/div>\n          <\/div>\n                  <\/div>\n          <\/div>\n  <\/div>\n<\/div>\n\n<\/div><!-- .overit-block-wrapper -->\n<\/div><!-- .overit-block -->\n\n\n<div\n  class=\"overit-block overit-block--white overit-radius-full overit-no-margin overit-padding-medium \n  overit-block-configurable-jumbotron\"\n        >\n  \n  <div class=\"overit-block-wrapper\">\n\n<section class=\"configurable-jumbotron left\" data-aos=\"fade-up\"\n     data-aos-anchor-placement=\"bottom-bottom\" data-aos-duration=\"800\">\n    \n                  <div class=\"cj-title small\">Desatando la sinergia de OverIT y Net Reply para los sectores de Servicios P\u00fablicos y Telecomunicaciones<\/div>\n          \n                  <div class=\"cj-subtitle small\"><p>OverIT y Net Reply, l\u00edderes en sus respectivos sectores, est\u00e1n revolucionando la industria de los Servicios P\u00fablicos y las Telecomunicaciones y se han aliado para cerrar la brecha entre tecnolog\u00eda y experiencia especializada, ofreciendo soluciones sin precedentes que ayuden a las empresas en su transici\u00f3n hacia la transformaci\u00f3n digital.<\/p>\n<\/div>\n          \n        <\/section>\n\n<\/div><!-- .overit-block-wrapper -->\n<\/div><!-- .overit-block -->\n\n\n<div\n  class=\"overit-block overit-block--white overit-radius-full overit-no-margin overit-padding-medium \n  overit-block-configurable-jumbotron\"\n        >\n  \n  <div class=\"overit-block-wrapper\">\n\n<section class=\"configurable-jumbotron left\" data-aos=\"fade-up\"\n     data-aos-anchor-placement=\"bottom-bottom\" data-aos-duration=\"800\">\n    \n                  <div class=\"cj-title small\">Una Alianza Forjada en la Innovaci\u00f3n: OverIT y Net Reply<\/div>\n          \n                  <div class=\"cj-subtitle small\"><p>OverIT, renombrada por su software de Field Service Management de vanguardia y sus funcionalidades de colaboraci\u00f3n sobre el terreno, ha establecido una alianza con Net Reply, l\u00edder en la prestaci\u00f3n de servicios de consultor\u00eda estrat\u00e9gica y TI. Esta uni\u00f3n combina la excelencia tecnol\u00f3gica de OverIT en la gesti\u00f3n de operaciones cruciales en activos lineales con los conocimientos espec\u00edficos del sector de Net Reply, impulsando de forma poderosa la transformaci\u00f3n digital de las Empresas de Servicios P\u00fablicos y Telecomunicaciones.<\/p>\n<\/div>\n          \n        <\/section>\n\n<\/div><!-- .overit-block-wrapper -->\n<\/div><!-- .overit-block -->\n\n\n<div\n  class=\"overit-block overit-block--white overit-radius-full overit-no-margin overit-padding-medium \n  overit-block-configurable-jumbotron\"\n        >\n  \n  <div class=\"overit-block-wrapper\">\n\n<section class=\"configurable-jumbotron left\" data-aos=\"fade-up\"\n     data-aos-anchor-placement=\"bottom-bottom\" data-aos-duration=\"800\">\n    \n                  <div class=\"cj-title small\">Impulsando los Servicios P\u00fablicos y las Telecomunicaciones: El Potencial de Crecimiento de OverIT<\/div>\n          \n                  <div class=\"cj-subtitle small\"><p>Ante la creciente demanda de una mayor eficiencia operativa, las Empresas de Servicios P\u00fablicos necesitan soluciones tecnol\u00f3gicas capaces de incrementar su rendimiento y maximizar la satisfacci\u00f3n de sus clientes. OverIT les ayuda a agilizar sus operaciones de campo, optimizando la gesti\u00f3n de los activos y adoptando pr\u00e1cticas de colaboraci\u00f3n sobre el terreno.<br \/>\nLa Next-Gen FSM Platform cubre integralmente el proceso de Field Service Management, guiando a las Empresas de Servicios P\u00fablicos y Telecomunicaciones hacia el field service del futuro, convirti\u00e9ndose en su principal y m\u00e1s fiable aliado.<\/p>\n<p>Aprovechando sus m\u00e1s de 20 a\u00f1os de experiencia y una cartera de m\u00e1s de 180 clientes en este sector, las empresas de servicios p\u00fablicos y telecomunicaciones eligen OverIT para que impulse sus procesos de innovaci\u00f3n, al tiempo que mejora la gesti\u00f3n de operaciones cruciales en activos lineales.<\/p>\n<p>OverIT optimiza la asignaci\u00f3n, el env\u00edo y la programaci\u00f3n de recursos, garantizando que las Empresas de Servicios P\u00fablicos y Telecomunicaciones respondan de forma r\u00e1pida a las solicitudes de servicio. Al integrar la plataforma con sistemas de terceros y benefici\u00e1ndose de sus avanzados algoritmos de enrutamiento, las Empresas de Servicios P\u00fablicos consiguen niveles de absoluta excelencia operativa, minimizando el tiempo de inactividad y maximizando la productividad.<\/p>\n<p>M\u00e1s a\u00fan, el uso optimizado de las funcionalidades de colaboraci\u00f3n de OverIT revoluciona los procesos de mantenimiento e inspecci\u00f3n sobre el terreno de las empresas de servicios p\u00fablicos. La plataforma facilita la asistencia, orientaci\u00f3n y formaci\u00f3n de trabajadores que trabajan en lugares distintos, incluso con manos libres, mediante funcionalidades y anotaciones basadas en la Realidad Aumentada, funciones de intercambio de contenidos e instrucciones de trabajo digitales, incluso sin conexi\u00f3n.<\/p>\n<\/div>\n          \n        <\/section>\n\n<\/div><!-- .overit-block-wrapper -->\n<\/div><!-- .overit-block -->\n\n\n<div\n  class=\"overit-block overit-block--white overit-radius-full overit-no-margin overit-padding-medium \n  overit-block-configurable-jumbotron\"\n        >\n  \n  <div class=\"overit-block-wrapper\">\n\n<section class=\"configurable-jumbotron left\" data-aos=\"fade-up\"\n     data-aos-anchor-placement=\"bottom-bottom\" data-aos-duration=\"800\">\n    \n                  <div class=\"cj-title small\">Excelencia en los Servicios P\u00fablicos y las Telecomunicaciones: La experiencia en transformaci\u00f3n digital de Net Reply<\/div>\n          \n                  <div class=\"cj-subtitle small\"><p>El sector de las telecomunicaciones est\u00e1 atravesando una fase de r\u00e1pida transformaci\u00f3n impulsada por las tecnolog\u00edas emergentes y por la evoluci\u00f3n en las expectativas de los clientes. Gracias a su conocimiento especializado del sector y a sus servicios de consultor\u00eda estrat\u00e9gica, Net Reply se pone al lado de las empresas de telecomunicaciones para que puedan orientarse en este panorama en constante transformaci\u00f3n y desplegar todo su potencial.<\/p>\n<p>El equipo de expertos de Net Reply trabaja en estrecha colaboraci\u00f3n con las empresas de telecomunicaciones para formular y aplicar estrategias digitales a su medida que las ayuden a hacer frente a las nuevas tendencias del mercado, ofreciendo una experiencia de cliente personalizada y optimizando su infraestructura de red. Net Reply saca partido de las tecnolog\u00edas emergentes, como 5G, IoT y ML, para ayudar a las telecos a impulsar su eficiencia operativa, acelerando la innovaci\u00f3n y consiguiendo as\u00ed nuevas fuentes de ingresos.<\/p>\n<\/div>\n          \n        <\/section>\n\n<\/div><!-- .overit-block-wrapper -->\n<\/div><!-- .overit-block -->\n\n\n<div\n  class=\"overit-block overit-block--white overit-radius-full overit-no-margin overit-padding-medium \n  overit-block-configurable-jumbotron\"\n        >\n  \n  <div class=\"overit-block-wrapper\">\n\n<section class=\"configurable-jumbotron left\" data-aos=\"fade-up\"\n     data-aos-anchor-placement=\"bottom-bottom\" data-aos-duration=\"800\">\n    \n                  <div class=\"cj-title small\">La Sinergia Definitiva<\/div>\n          \n                  <div class=\"cj-subtitle small\"><p>En \u00faltimo an\u00e1lisis, la colaboraci\u00f3n entre OverIT y Net Reply supone un verdadero elemento de transformaci\u00f3n para los sectores de los Servicios P\u00fablicos y las Telecomunicaciones, ya que la combinaci\u00f3n de la plataforma l\u00edder de FSM de OverIT junto con la orientaci\u00f3n estrat\u00e9gica de Net Reply, proporciona un conjunto completo de herramientas y servicios para que nuestros clientes puedan transformar sus negocios, mejorar su eficiencia operativa e impulsar una experiencia de cliente sin precedentes.<\/p>\n<\/div>\n          \n        <\/section>\n\n<\/div><!-- .overit-block-wrapper -->\n<\/div><!-- .overit-block -->\n\n\n<div\n  class=\"overit-block overit-block--white overit-radius-full overit-no-margin overit-padding-medium \n  overit-block-video\"\n        >\n  \n  <div class=\"overit-block-wrapper\">\n\n<div class=\"overit-video\">\n            <div class=\"overit-video__cover\" style=\"background-image: url(https:\/\/www.overit.ai\/app\/uploads\/2023\/07\/Intro_sfondo-4-scaled.jpg)\"><\/div>\n        <iframe class=\"overit-video__iframe\"  style=\"display: none;\"               data-src=\"https:\/\/www.youtube.com\/embed\/5slO9GEAOTA?color=white&#038;rel=0&#038;showinfo=0\"\n            frameborder=\"0\" allow=\"accelerometer; autoplay; clipboard-write; encrypted-media; gyroscope; picture-in-picture\" allowfullscreen>\n    <\/iframe>\n  <\/div>\n\n<\/div><!-- .overit-block-wrapper -->\n<\/div><!-- .overit-block -->\n","protected":false},"excerpt":{"rendered":"","protected":false},"author":3,"featured_media":0,"parent":13037,"menu_order":0,"comment_status":"closed","ping_status":"closed","template":"","meta":{"_acf_changed":false,"footnotes":""},"case_study_category":[],"class_list":["post-41662","page","type-page","status-publish","hentry"],"acf":[],"yoast_head":"<!-- This site is optimized with the Yoast SEO Premium plugin v25.6 (Yoast SEO v25.6) - https:\/\/yoast.com\/wordpress\/plugins\/seo\/ -->\n<title>Todo el potencial de la transformaci\u00f3n digital con OverIT y Net Reply<\/title>\n<meta name=\"description\" content=\"Una sinergia entre OverIT y Net Reply para ayudar a las empresas en su transici\u00f3n hacia la transformaci\u00f3n digital.\" \/>\n<meta name=\"robots\" content=\"index, follow, max-snippet:-1, max-image-preview:large, max-video-preview:-1\" \/>\n<link rel=\"canonical\" href=\"https:\/\/www.overit.ai\/es\/socios\/netreply\/\" \/>\n<meta property=\"og:locale\" content=\"es_ES\" \/>\n<meta property=\"og:type\" content=\"article\" \/>\n<meta property=\"og:title\" content=\"NetReply\" \/>\n<meta property=\"og:description\" content=\"Una sinergia entre OverIT y Net Reply para ayudar a las empresas en su transici\u00f3n hacia la transformaci\u00f3n digital.\" \/>\n<meta property=\"og:url\" content=\"https:\/\/www.overit.ai\/es\/socios\/netreply\/\" \/>\n<meta property=\"og:site_name\" content=\"OverIT\" \/>\n<meta property=\"article:modified_time\" content=\"2023-08-09T14:38:20+00:00\" \/>\n<meta name=\"twitter:card\" content=\"summary_large_image\" \/>\n<script type=\"application\/ld+json\" class=\"yoast-schema-graph\">{\"@context\":\"https:\/\/schema.org\",\"@graph\":[{\"@type\":\"WebPage\",\"@id\":\"https:\/\/www.overit.ai\/es\/socios\/netreply\/\",\"url\":\"https:\/\/www.overit.ai\/es\/socios\/netreply\/\",\"name\":\"Todo el potencial de la transformaci\u00f3n digital con OverIT y Net Reply\",\"isPartOf\":{\"@id\":\"https:\/\/www.overit.ai\/es\/#website\"},\"datePublished\":\"2023-08-09T09:52:43+00:00\",\"dateModified\":\"2023-08-09T14:38:20+00:00\",\"description\":\"Una sinergia entre OverIT y Net Reply para ayudar a las empresas en su transici\u00f3n hacia la transformaci\u00f3n digital.\",\"breadcrumb\":{\"@id\":\"https:\/\/www.overit.ai\/es\/socios\/netreply\/#breadcrumb\"},\"inLanguage\":\"es-ES\",\"potentialAction\":[{\"@type\":\"ReadAction\",\"target\":[\"https:\/\/www.overit.ai\/es\/socios\/netreply\/\"]}]},{\"@type\":\"BreadcrumbList\",\"@id\":\"https:\/\/www.overit.ai\/es\/socios\/netreply\/#breadcrumb\",\"itemListElement\":[{\"@type\":\"ListItem\",\"position\":1,\"name\":\"Home\",\"item\":\"https:\/\/www.overit.ai\/es\/\"},{\"@type\":\"ListItem\",\"position\":2,\"name\":\"Socios\",\"item\":\"https:\/\/www.overit.ai\/es\/socios\/\"},{\"@type\":\"ListItem\",\"position\":3,\"name\":\"NetReply\"}]},{\"@type\":\"WebSite\",\"@id\":\"https:\/\/www.overit.ai\/es\/#website\",\"url\":\"https:\/\/www.overit.ai\/es\/\",\"name\":\"OverIT\",\"description\":\"Innovation in Field Service Management\",\"publisher\":{\"@id\":\"https:\/\/www.overit.ai\/es\/#organization\"},\"potentialAction\":[{\"@type\":\"SearchAction\",\"target\":{\"@type\":\"EntryPoint\",\"urlTemplate\":\"https:\/\/www.overit.ai\/es\/?s={search_term_string}\"},\"query-input\":{\"@type\":\"PropertyValueSpecification\",\"valueRequired\":true,\"valueName\":\"search_term_string\"}}],\"inLanguage\":\"es-ES\"},{\"@type\":\"Organization\",\"@id\":\"https:\/\/www.overit.ai\/es\/#organization\",\"name\":\"OverIT\",\"url\":\"https:\/\/www.overit.ai\/es\/\",\"logo\":{\"@type\":\"ImageObject\",\"inLanguage\":\"es-ES\",\"@id\":\"https:\/\/www.overit.ai\/es\/#\/schema\/logo\/image\/\",\"url\":\"https:\/\/www.overit.ai\/app\/uploads\/2021\/10\/OverIT-logo-400.png\",\"contentUrl\":\"https:\/\/www.overit.ai\/app\/uploads\/2021\/10\/OverIT-logo-400.png\",\"width\":400,\"height\":250,\"caption\":\"OverIT\"},\"image\":{\"@id\":\"https:\/\/www.overit.ai\/es\/#\/schema\/logo\/image\/\"}}]}<\/script>\n<!-- \/ Yoast SEO Premium plugin. -->","yoast_head_json":{"title":"Todo el potencial de la transformaci\u00f3n digital con OverIT y Net Reply","description":"Una sinergia entre OverIT y Net Reply para ayudar a las empresas en su transici\u00f3n hacia la transformaci\u00f3n digital.","robots":{"index":"index","follow":"follow","max-snippet":"max-snippet:-1","max-image-preview":"max-image-preview:large","max-video-preview":"max-video-preview:-1"},"canonical":"https:\/\/www.overit.ai\/es\/socios\/netreply\/","og_locale":"es_ES","og_type":"article","og_title":"NetReply","og_description":"Una sinergia entre OverIT y Net Reply para ayudar a las empresas en su transici\u00f3n hacia la transformaci\u00f3n digital.","og_url":"https:\/\/www.overit.ai\/es\/socios\/netreply\/","og_site_name":"OverIT","article_modified_time":"2023-08-09T14:38:20+00:00","twitter_card":"summary_large_image","schema":{"@context":"https:\/\/schema.org","@graph":[{"@type":"WebPage","@id":"https:\/\/www.overit.ai\/es\/socios\/netreply\/","url":"https:\/\/www.overit.ai\/es\/socios\/netreply\/","name":"Todo el potencial de la transformaci\u00f3n digital con OverIT y Net Reply","isPartOf":{"@id":"https:\/\/www.overit.ai\/es\/#website"},"datePublished":"2023-08-09T09:52:43+00:00","dateModified":"2023-08-09T14:38:20+00:00","description":"Una sinergia entre OverIT y Net Reply para ayudar a las empresas en su transici\u00f3n hacia la transformaci\u00f3n digital.","breadcrumb":{"@id":"https:\/\/www.overit.ai\/es\/socios\/netreply\/#breadcrumb"},"inLanguage":"es-ES","potentialAction":[{"@type":"ReadAction","target":["https:\/\/www.overit.ai\/es\/socios\/netreply\/"]}]},{"@type":"BreadcrumbList","@id":"https:\/\/www.overit.ai\/es\/socios\/netreply\/#breadcrumb","itemListElement":[{"@type":"ListItem","position":1,"name":"Home","item":"https:\/\/www.overit.ai\/es\/"},{"@type":"ListItem","position":2,"name":"Socios","item":"https:\/\/www.overit.ai\/es\/socios\/"},{"@type":"ListItem","position":3,"name":"NetReply"}]},{"@type":"WebSite","@id":"https:\/\/www.overit.ai\/es\/#website","url":"https:\/\/www.overit.ai\/es\/","name":"OverIT","description":"Innovation in Field Service Management","publisher":{"@id":"https:\/\/www.overit.ai\/es\/#organization"},"potentialAction":[{"@type":"SearchAction","target":{"@type":"EntryPoint","urlTemplate":"https:\/\/www.overit.ai\/es\/?s={search_term_string}"},"query-input":{"@type":"PropertyValueSpecification","valueRequired":true,"valueName":"search_term_string"}}],"inLanguage":"es-ES"},{"@type":"Organization","@id":"https:\/\/www.overit.ai\/es\/#organization","name":"OverIT","url":"https:\/\/www.overit.ai\/es\/","logo":{"@type":"ImageObject","inLanguage":"es-ES","@id":"https:\/\/www.overit.ai\/es\/#\/schema\/logo\/image\/","url":"https:\/\/www.overit.ai\/app\/uploads\/2021\/10\/OverIT-logo-400.png","contentUrl":"https:\/\/www.overit.ai\/app\/uploads\/2021\/10\/OverIT-logo-400.png","width":400,"height":250,"caption":"OverIT"},"image":{"@id":"https:\/\/www.overit.ai\/es\/#\/schema\/logo\/image\/"}}]}},"_links":{"self":[{"href":"https:\/\/www.overit.ai\/es\/wp-json\/wp\/v2\/pages\/41662","targetHints":{"allow":["GET"]}}],"collection":[{"href":"https:\/\/www.overit.ai\/es\/wp-json\/wp\/v2\/pages"}],"about":[{"href":"https:\/\/www.overit.ai\/es\/wp-json\/wp\/v2\/types\/page"}],"author":[{"embeddable":true,"href":"https:\/\/www.overit.ai\/es\/wp-json\/wp\/v2\/users\/3"}],"replies":[{"embeddable":true,"href":"https:\/\/www.overit.ai\/es\/wp-json\/wp\/v2\/comments?post=41662"}],"version-history":[{"count":5,"href":"https:\/\/www.overit.ai\/es\/wp-json\/wp\/v2\/pages\/41662\/revisions"}],"predecessor-version":[{"id":41692,"href":"https:\/\/www.overit.ai\/es\/wp-json\/wp\/v2\/pages\/41662\/revisions\/41692"}],"up":[{"embeddable":true,"href":"https:\/\/www.overit.ai\/es\/wp-json\/wp\/v2\/pages\/13037"}],"wp:attachment":[{"href":"https:\/\/www.overit.ai\/es\/wp-json\/wp\/v2\/media?parent=41662"}],"wp:term":[{"taxonomy":"case_study_category","embeddable":true,"href":"https:\/\/www.overit.ai\/es\/wp-json\/wp\/v2\/case_study_category?post=41662"}],"curies":[{"name":"wp","href":"https:\/\/api.w.org\/{rel}","templated":true}]}}