{"id":40551,"date":"2023-07-06T10:51:40","date_gmt":"2023-07-06T10:51:40","guid":{"rendered":"https:\/\/www.overit.ai\/it\/?page_id=40551"},"modified":"2026-03-10T10:26:05","modified_gmt":"2026-03-10T10:26:05","slug":"gestion-eficaz-de-las-actividades-de-emergencia","status":"publish","type":"page","link":"https:\/\/www.overit.ai\/es\/clientes\/casos-de-exito\/gestion-eficaz-de-las-actividades-de-emergencia\/","title":{"rendered":"Hera Group &#8211; Gesti\u00f3n eficaz de las actividades de emergencia"},"content":{"rendered":"<div\n  class=\"overit-block overit-block--white overit-radius-none overit-margin-small-bottom overit-no-padding \n  overit-block-customer-page-header\"\n        >\n  \n  <div class=\"overit-block-wrapper\">\n\n<div class=\"cph\">\n  \n    <div class=\"cph_slogan-cont\" style=\"background: linear-gradient(0deg, rgba(0, 0, 0, 0.25), rgba(0, 0, 0, 0.25)), url('https:\/\/www.overit.ai\/app\/uploads\/2021\/02\/Hera-1.4-1.jpeg') center center\">\n                  <div class=\"cph__section-title\">Hera Group<\/div>\n                                    <h1 class=\"cph__slogan\">Gesti\u00f3n eficaz de las actividades de emergencia<\/h1>\n            <\/div>\n  <div class=\"cph__customer-section\" data-aos=\"fade-up\">\n    <div class=\"cph__customer-desc-cont\">\n                    <img decoding=\"async\" class=\"cph__customer-logo\" src=\"https:\/\/www.overit.ai\/app\/uploads\/2020\/11\/hera-logo.png\" alt=\"hera-logo\" width=\"400\" height=\"100\" \/>\n            <div class=\"cph__customer-desc\">\n        <p>El Grupo Hera, con sus 10.000 empleados, es una de las principales empresas italianas que opera en el suministro de servicios m\u00faltiples, abarcando los sectores de servicios medioambientales, el ciclo integral del agua y el suministro de energ\u00eda (distribuci\u00f3n y venta de electricidad y gas, servicios energ\u00e9ticos), hasta el alumbrado p\u00fablico y las telecomunicaciones.<\/p>\n\n      <\/div>\n    <\/div>\n    <div class=\"cph__customer-facts\">\n              <div class=\"cph__facts-title\">INFORMACI\u00d3N CLAVE<\/div>\n        <div class=\"cph__facts\">\n                     <div class=\"cph__fact-cont\">\n            <div class=\"cph__fact-label\">\n              Sector\n            <\/div>\n            <div class=\"cph__fact\">\n              Energ\u00eda y Empresas de Servicios\n            <\/div>\n          <\/div>\n                     <div class=\"cph__fact-cont\">\n            <div class=\"cph__fact-label\">\n              Regi\u00f3n\n            <\/div>\n            <div class=\"cph__fact\">\n              EMEA\n            <\/div>\n          <\/div>\n                     <div class=\"cph__fact-cont\">\n            <div class=\"cph__fact-label\">\n              P\u00e1gina web\n            <\/div>\n            <div class=\"cph__fact\">\n              gruppohera.it\n            <\/div>\n          <\/div>\n                     <div class=\"cph__fact-cont\">\n            <div class=\"cph__fact-label\">\n              T\u00e9cnicos implicados\n            <\/div>\n            <div class=\"cph__fact\">\n              1,600+\n            <\/div>\n          <\/div>\n                  <\/div>\n          <\/div>\n  <\/div>\n<\/div>\n\n<\/div><!-- .overit-block-wrapper -->\n<\/div><!-- .overit-block -->\n\n\n<div\n  class=\"overit-block overit-block--white overit-radius-full overit-margin-large-top overit-no-padding overit-block--fullwidth\n  overit-block-configurable-jumbotron\"\n        >\n  \n  <div class=\"overit-block-wrapper\">\n\n<section class=\"configurable-jumbotron left\" >\n                  <div class=\"cj-section-title\">REQUISITOS DEL CLIENTE<\/div>\n          \n                  <h2  class=\"cj-title medium\">Optimizaci\u00f3n de inspecciones y actividades de mantenimiento en caso de emergencias<\/h2 >\n          \n                  <div class=\"cj-subtitle small\"><p>Con m\u00e1s de 4 millones de ciudadanos y 350 municipalidades atendidas en Italia, el Grupo Hera es un aut\u00e9ntico gigante en el sector de los servicios p\u00fablicos y se le exige que domine la gesti\u00f3n y el suministro de servicios y actividades dentro de las distintas \u00e1reas operativas, de forma puntual y eficiente. Sin embargo, las inspecciones peri\u00f3dicas, el mantenimiento y la asistencia de un n\u00famero tan elevado de activos pueden resultar todo un reto para los t\u00e9cnicos del Grupo Hera, que deben tener conocimientos especializados y experiencia directa en las distintas operaciones para realizarlas con rapidez y \u00e9xito. Adem\u00e1s, la gesti\u00f3n inmediata sobre el terreno de las actividades de emergencia resulta fundamental para no provocar riesgos de seguridad ni situaciones de mayor gravedad. Por ello, el Grupo Hera buscaba una soluci\u00f3n de vanguardia que sustituyera al sistema de Field Service Management existente, ClickSoftware, y que capacitara a sus m\u00e1s de 1.600 t\u00e9cnicos a una gesti\u00f3n m\u00e1s eficaz de las emergencias, las operaciones en las instalaciones y las actividades de mantenimiento sobre el terreno.<\/p>\n<\/div>\n          \n        <\/section>\n\n<\/div><!-- .overit-block-wrapper -->\n<\/div><!-- .overit-block -->\n\n\n<div\n  class=\"overit-block overit-block--white overit-radius-full  overit-no-padding \n  overit-block-separator\"\n        >\n  \n  <div class=\"overit-block-wrapper\">\n\n<div class=\"overit-separator overit-separator--boxed\">\n  <hr\/>\n<\/div>\n\n<\/div><!-- .overit-block-wrapper -->\n<\/div><!-- .overit-block -->\n\n\n<div\n  class=\"overit-block overit-block--white overit-radius-full overit-margin-medium-top overit-no-padding overit-block--fullwidth\n  overit-block-configurable-jumbotron\"\n        >\n  \n  <div class=\"overit-block-wrapper\">\n\n<section class=\"configurable-jumbotron left\" >\n                  <h3 class=\"cj-section-title\">NUESTRA SOLUCI\u00d3N<\/h3>\n          \n                  <div class=\"cj-title medium\">Impulso a la planificaci\u00f3n y optimizaci\u00f3n de los servicios de emergencia sobre el terreno<\/div>\n          \n                  <div class=\"cj-subtitle small\"><p>El Grupo Hera ha elegido la Plataforma NextGen de OverIT, la soluci\u00f3n de FSM m\u00e1s avanzada de su categor\u00eda, que garantiza niveles de rendimiento y flexibilidad sin precedentes para la supervisi\u00f3n completa de las actividades. Sus funcionalidades espec\u00edficas permiten al Grupo Hera tener siempre bajo control todas las actividades de emergencia, optimizando tanto la gesti\u00f3n como las actividades de finalizaci\u00f3n y, en definitiva, mejorando todo el ciclo de Field Service Management.<\/p>\n<ul>\n<li><strong>Integraci\u00f3n con sistemas de terceras partes<br \/>\n<\/strong>Integraci\u00f3n con los sistemas back-end del Grupo Hera (SAP PI, SAP CRM, SAP ECC, OpenText) para la recepci\u00f3n de las \u00f3rdenes de trabajo de emergencia a realizar<\/li>\n<\/ul>\n<ul>\n<li><strong>Gesti\u00f3n y planificaci\u00f3n de actividades<br \/>\n<\/strong>Gesti\u00f3n y asignaci\u00f3n de actividades de emergencia a los t\u00e9cnicos con notificaci\u00f3n en sus dispositivos m\u00f3viles<\/li>\n<\/ul>\n<ul>\n<li><strong>Aplicaci\u00f3n m\u00f3vil<br \/>\n<\/strong>Aplicaci\u00f3n m\u00f3vil que utiliza los flujos de trabajo para gestionar las actividades de emergencia directamente sobre el terreno, finalizarlas, anexar documentos y archivos multimedia y enviar los datos a los usuarios de back-office encargados de su validaci\u00f3n.<\/li>\n<li><strong>Integraci\u00f3n con LDAP y GIS<br \/>\n<\/strong>Integraci\u00f3n con LDAP (Lightweight Directory Access Protocol), para autenticar y proteger el acceso de los usuarios, y ARCGIS (software GIS), tanto para geolocalizar las \u00f3rdenes de trabajo como para visualizar las capas GIS en el mapa de los dispositivos m\u00f3viles.<\/li>\n<\/ul>\n<\/div>\n          \n        <\/section>\n\n<\/div><!-- .overit-block-wrapper -->\n<\/div><!-- .overit-block -->\n\n\n<div\n  class=\"overit-block overit-block--white overit-radius-full  overit-no-padding \n  overit-block-separator\"\n        >\n  \n  <div class=\"overit-block-wrapper\">\n\n<div class=\"overit-separator overit-separator--boxed\">\n  <hr\/>\n<\/div>\n\n<\/div><!-- .overit-block-wrapper -->\n<\/div><!-- .overit-block -->\n\n\n<div\n  class=\"overit-block overit-block--white overit-radius-full overit-margin-small overit-no-padding overit-block--fullwidth\n  overit-block-configurable-jumbotron\"\n        >\n  \n  <div class=\"overit-block-wrapper\">\n\n<section class=\"configurable-jumbotron left\" >\n                  <h3 class=\"cj-section-title\">BENEFICIOS<\/h3>\n          \n                  <div class=\"cj-title medium\">Gracias a La Plataforma NextGen de OverIT, el Grupo Hera pudo conseguir:<\/div>\n          \n    \n        <\/section>\n\n<\/div><!-- .overit-block-wrapper -->\n<\/div><!-- .overit-block -->\n\n\n<div\n  class=\"overit-block overit-block--white overit-radius-full overit-no-margin overit-padding-medium \n  overit-block-multi-info-cards\"\n        >\n  \n  <div class=\"overit-block-wrapper\">\n\n<div class=\"info-cards info-cards--4 info-cards--align-\">\n        <div class=\"info-cards__sections \">\n                  <div class=\"info-card info-card--4\n                    info-card--without-icon\n          \n          info-card--top-line\n        \">\n        <div class=\"info-card-inner\">\n                                                      <div class=\"info-card__description\" >\n              <p>Reducci\u00f3n de errores en la gesti\u00f3n de actividades<\/p>\n\n            <\/div>\n                  <\/div>\n      <\/div>\n                  <div class=\"info-card info-card--4\n                    info-card--without-icon\n          \n          info-card--top-line\n        \">\n        <div class=\"info-card-inner\">\n                                                      <div class=\"info-card__description\" >\n              <p>Interfaz optimizada y sencilla para el uso sobre el terreno<\/p>\n\n            <\/div>\n                  <\/div>\n      <\/div>\n                  <div class=\"info-card info-card--4\n                    info-card--without-icon\n          \n          info-card--top-line\n        \">\n        <div class=\"info-card-inner\">\n                                                      <div class=\"info-card__description\" >\n              <p>Mayor eficiencia al utilizar la soluci\u00f3n en movilidad<\/p>\n\n            <\/div>\n                  <\/div>\n      <\/div>\n                  <div class=\"info-card info-card--4\n                    info-card--without-icon\n          \n          info-card--top-line\n        \">\n        <div class=\"info-card-inner\">\n                                                      <div class=\"info-card__description\" >\n              <p>Mejor gesti\u00f3n de las actividades<\/p>\n\n            <\/div>\n                  <\/div>\n      <\/div>\n          <\/div>\n  <\/div>\n\n<\/div><!-- .overit-block-wrapper -->\n<\/div><!-- .overit-block -->\n\n\n<div\n  class=\"overit-block overit-block--white overit-radius-full overit-no-margin overit-padding-medium \n  overit-block-video\"\n        >\n  \n  <div class=\"overit-block-wrapper\">\n\n<div class=\"overit-video\">\n            <div class=\"overit-video__cover\" style=\"background-image: url(https:\/\/www.overit.ai\/app\/uploads\/2023\/05\/cover-video-customer-hera.png)\"><\/div>\n        <iframe class=\"overit-video__iframe\"  style=\"display: none;\"               data-src=\"https:\/\/www.youtube.com\/embed\/LeT2jam50DE?color=white&#038;rel=0&#038;showinfo=0\"\n            frameborder=\"0\" allow=\"accelerometer; autoplay; clipboard-write; encrypted-media; gyroscope; picture-in-picture\" allowfullscreen>\n    <\/iframe>\n  <\/div>\n\n<\/div><!-- .overit-block-wrapper -->\n<\/div><!-- .overit-block -->\n\n\n<div\n  class=\"overit-block overit-block--white overit-radius-full overit-margin-medium overit-padding-medium \n  overit-block-sustainable-development-goals\"\n        >\n  \n  <div class=\"overit-block-wrapper\">\n\n\n<div class=\"sdg\" id=\"\">\n  <div class=\"sdg__container\">\n    <div class=\"sdg__logo\">\n      <img decoding=\"async\" src=\"https:\/\/www.overit.ai\/app\/themes\/overit-theme\/resources\/assets\/images\/sdg\/ES\/logo.png\" width=\"96\" height=\"82\" alt=\"Icono representativo de los Objetivos de Desarrollo Sostenible\" \/>\n    <\/div>\n          <div class=\"sdg__description\">\n        <p><p>Desde su constituci\u00f3n, el Grupo Hera ha situado la sostenibilidad en el centro de su estrategia, convencido de que el valor econ\u00f3mico y el desarrollo sostenible son los principales impulsores para generar un impacto positivo en la sociedad y el medio ambiente. Por ello, el Grupo Hera se hizo promotor de un conjunto de iniciativas orientadas a conseguir la neutralidad de carbono mediante el aumento de la eficiencia energ\u00e9tica, mitigar el cambio clim\u00e1tico recurriendo a las energ\u00edas renovables y proteger el aire, el suelo y la biodiversidad adoptando un enfoque m\u00e1s responsable en la gesti\u00f3n de los recursos h\u00eddricos.<\/p>\n<p>La Plataforma NextGen de OverIT se introdujo bajo estas premisas, con el objetivo de impulsar la innovaci\u00f3n en la industria y las infraestructuras, ofreciendo una digitalizaci\u00f3n segura y de alto nivel. El objetivo principal es lo de servir a las comunidades seg\u00fan los est\u00e1ndares m\u00e1s elevados de calidad y eficiencia, creando ciudades sostenibles y convirtiendo el mundo en un lugar mejor.<\/p>\n<\/p>\n      <\/div>\n              <div class=\"sdg__title\">\n        <p>OverIT <strong>NextGen Platform<\/strong> ha contribuido al cumplimiento de los <strong>Objetivos de Desarrollo Sostenible<\/strong><\/p>\n      <\/div>\n      <div class=\"sdg__icons\">\n                                        <div class=\"sdg__icon\">\n              <img decoding=\"async\" src=\"https:\/\/www.overit.ai\/app\/themes\/overit-theme\/resources\/assets\/images\/sdg\/ES\/6.png\" alt=\"\u00cdcono que representa el Objetivo de Desarrollo Sostenible 6: Agua limpia y saneamiento\" width=\"76\" height=\"76\" \/>\n            <\/div>\n                                                  <div class=\"sdg__icon\">\n              <img decoding=\"async\" src=\"https:\/\/www.overit.ai\/app\/themes\/overit-theme\/resources\/assets\/images\/sdg\/ES\/9.png\" alt=\"\u00cdcono que representa el Objetivo de Desarrollo Sostenible 9: Industria, innovaci\u00f3n e infraestructura\" width=\"76\" height=\"76\" \/>\n            <\/div>\n                                                  <div class=\"sdg__icon\">\n              <img decoding=\"async\" src=\"https:\/\/www.overit.ai\/app\/themes\/overit-theme\/resources\/assets\/images\/sdg\/ES\/11.png\" alt=\"\u00cdcono que representa el Objetivo de Desarrollo Sostenible 11: Ciudades y comunidades sostenibles\" width=\"76\" height=\"76\" \/>\n            <\/div>\n                                                  <div class=\"sdg__icon\">\n              <img decoding=\"async\" src=\"https:\/\/www.overit.ai\/app\/themes\/overit-theme\/resources\/assets\/images\/sdg\/ES\/13.png\" alt=\"\u00cdcono que representa el Objetivo de Desarrollo Sostenible 13: Acci\u00f3n por el clima\" width=\"76\" height=\"76\" \/>\n            <\/div>\n                        <\/div>\n      <\/div>\n<\/div>\n\n<\/div><!-- .overit-block-wrapper -->\n<\/div><!-- .overit-block -->\n","protected":false},"excerpt":{"rendered":"","protected":false},"author":3,"featured_media":13789,"parent":13032,"menu_order":0,"comment_status":"closed","ping_status":"closed","template":"","meta":{"_acf_changed":false,"footnotes":""},"case_study_category":[215],"class_list":["post-40551","page","type-page","status-publish","has-post-thumbnail","hentry","case_study_category-energy-utility"],"acf":[],"yoast_head":"<!-- This site is optimized with the Yoast SEO Premium plugin v25.6 (Yoast SEO v25.6) - https:\/\/yoast.com\/wordpress\/plugins\/seo\/ -->\n<title>Hera - Optimizaci\u00f3n de inspecciones en caso de emergencias<\/title>\n<meta name=\"description\" content=\"El Grupo Hera ha elegido OverIT para la Optimizaci\u00f3n de inspecciones y actividades de mantenimiento en caso de emergencias\" \/>\n<meta name=\"robots\" content=\"index, follow, max-snippet:-1, max-image-preview:large, max-video-preview:-1\" \/>\n<link rel=\"canonical\" href=\"https:\/\/www.overit.ai\/es\/clientes\/casos-de-exito\/gestion-eficaz-de-las-actividades-de-emergencia\/\" \/>\n<meta property=\"og:locale\" content=\"es_ES\" \/>\n<meta property=\"og:type\" content=\"article\" \/>\n<meta property=\"og:title\" content=\"Hera - Optimizaci\u00f3n de inspecciones en caso de emergencias\" \/>\n<meta property=\"og:description\" content=\"El Grupo Hera ha elegido OverIT para la Optimizaci\u00f3n de inspecciones y actividades de mantenimiento en caso de emergencias\" \/>\n<meta property=\"og:url\" content=\"https:\/\/www.overit.ai\/es\/clientes\/casos-de-exito\/gestion-eficaz-de-las-actividades-de-emergencia\/\" \/>\n<meta property=\"og:site_name\" content=\"OverIT\" \/>\n<meta property=\"article:modified_time\" content=\"2026-03-10T10:26:05+00:00\" \/>\n<meta property=\"og:image\" content=\"https:\/\/www.overit.ai\/app\/uploads\/2021\/02\/Hera-1.4-1.jpeg\" \/>\n\t<meta property=\"og:image:width\" content=\"1920\" \/>\n\t<meta property=\"og:image:height\" content=\"1080\" \/>\n\t<meta property=\"og:image:type\" content=\"image\/jpeg\" \/>\n<meta name=\"twitter:card\" content=\"summary_large_image\" \/>\n<meta name=\"twitter:title\" content=\"Hera Group - Gesti\u00f3n eficaz de las actividades de emergencia\" \/>\n<meta name=\"twitter:description\" content=\"Optimizaci\u00f3n de inspecciones y actividades de mantenimiento en caso de emergencias\" \/>\n<meta name=\"twitter:label1\" content=\"Est. reading time\" \/>\n\t<meta name=\"twitter:data1\" content=\"4 minutes\" \/>\n<script type=\"application\/ld+json\" class=\"yoast-schema-graph\">{\"@context\":\"https:\/\/schema.org\",\"@graph\":[{\"@type\":\"WebPage\",\"@id\":\"https:\/\/www.overit.ai\/es\/clientes\/casos-de-exito\/gestion-eficaz-de-las-actividades-de-emergencia\/\",\"url\":\"https:\/\/www.overit.ai\/es\/clientes\/casos-de-exito\/gestion-eficaz-de-las-actividades-de-emergencia\/\",\"name\":\"Hera - Optimizaci\u00f3n de inspecciones en caso de emergencias\",\"isPartOf\":{\"@id\":\"https:\/\/www.overit.ai\/es\/#website\"},\"primaryImageOfPage\":{\"@id\":\"https:\/\/www.overit.ai\/es\/clientes\/casos-de-exito\/gestion-eficaz-de-las-actividades-de-emergencia\/#primaryimage\"},\"image\":{\"@id\":\"https:\/\/www.overit.ai\/es\/clientes\/casos-de-exito\/gestion-eficaz-de-las-actividades-de-emergencia\/#primaryimage\"},\"thumbnailUrl\":\"https:\/\/www.overit.ai\/app\/uploads\/2021\/02\/Hera-1.4-1.jpeg\",\"datePublished\":\"2023-07-06T10:51:40+00:00\",\"dateModified\":\"2026-03-10T10:26:05+00:00\",\"description\":\"El Grupo Hera ha elegido OverIT para la Optimizaci\u00f3n de inspecciones y actividades de mantenimiento en caso de emergencias\",\"breadcrumb\":{\"@id\":\"https:\/\/www.overit.ai\/es\/clientes\/casos-de-exito\/gestion-eficaz-de-las-actividades-de-emergencia\/#breadcrumb\"},\"inLanguage\":\"es-ES\",\"potentialAction\":[{\"@type\":\"ReadAction\",\"target\":[\"https:\/\/www.overit.ai\/es\/clientes\/casos-de-exito\/gestion-eficaz-de-las-actividades-de-emergencia\/\"]}]},{\"@type\":\"ImageObject\",\"inLanguage\":\"es-ES\",\"@id\":\"https:\/\/www.overit.ai\/es\/clientes\/casos-de-exito\/gestion-eficaz-de-las-actividades-de-emergencia\/#primaryimage\",\"url\":\"https:\/\/www.overit.ai\/app\/uploads\/2021\/02\/Hera-1.4-1.jpeg\",\"contentUrl\":\"https:\/\/www.overit.ai\/app\/uploads\/2021\/02\/Hera-1.4-1.jpeg\",\"width\":1920,\"height\":1080,\"caption\":\"Hera - Gesti\u00f3n eficaz de las actividades de emergencia\"},{\"@type\":\"BreadcrumbList\",\"@id\":\"https:\/\/www.overit.ai\/es\/clientes\/casos-de-exito\/gestion-eficaz-de-las-actividades-de-emergencia\/#breadcrumb\",\"itemListElement\":[{\"@type\":\"ListItem\",\"position\":1,\"name\":\"Home\",\"item\":\"https:\/\/www.overit.ai\/es\/\"},{\"@type\":\"ListItem\",\"position\":2,\"name\":\"Clientes\",\"item\":\"https:\/\/www.overit.ai\/es\/clientes\/\"},{\"@type\":\"ListItem\",\"position\":3,\"name\":\"Casos de \u00c9xito\",\"item\":\"https:\/\/www.overit.ai\/es\/clientes\/casos-de-exito\/\"},{\"@type\":\"ListItem\",\"position\":4,\"name\":\"Hera Group &#8211; Gesti\u00f3n eficaz de las actividades de emergencia\"}]},{\"@type\":\"WebSite\",\"@id\":\"https:\/\/www.overit.ai\/es\/#website\",\"url\":\"https:\/\/www.overit.ai\/es\/\",\"name\":\"OverIT\",\"description\":\"Innovation in Field Service Management\",\"publisher\":{\"@id\":\"https:\/\/www.overit.ai\/es\/#organization\"},\"potentialAction\":[{\"@type\":\"SearchAction\",\"target\":{\"@type\":\"EntryPoint\",\"urlTemplate\":\"https:\/\/www.overit.ai\/es\/?s={search_term_string}\"},\"query-input\":{\"@type\":\"PropertyValueSpecification\",\"valueRequired\":true,\"valueName\":\"search_term_string\"}}],\"inLanguage\":\"es-ES\"},{\"@type\":\"Organization\",\"@id\":\"https:\/\/www.overit.ai\/es\/#organization\",\"name\":\"OverIT\",\"url\":\"https:\/\/www.overit.ai\/es\/\",\"logo\":{\"@type\":\"ImageObject\",\"inLanguage\":\"es-ES\",\"@id\":\"https:\/\/www.overit.ai\/es\/#\/schema\/logo\/image\/\",\"url\":\"https:\/\/www.overit.ai\/app\/uploads\/2021\/10\/OverIT-logo-400.png\",\"contentUrl\":\"https:\/\/www.overit.ai\/app\/uploads\/2021\/10\/OverIT-logo-400.png\",\"width\":400,\"height\":250,\"caption\":\"OverIT\"},\"image\":{\"@id\":\"https:\/\/www.overit.ai\/es\/#\/schema\/logo\/image\/\"}}]}<\/script>\n<!-- \/ Yoast SEO Premium plugin. -->","yoast_head_json":{"title":"Hera - Optimizaci\u00f3n de inspecciones en caso de emergencias","description":"El Grupo Hera ha elegido OverIT para la Optimizaci\u00f3n de inspecciones y actividades de mantenimiento en caso de emergencias","robots":{"index":"index","follow":"follow","max-snippet":"max-snippet:-1","max-image-preview":"max-image-preview:large","max-video-preview":"max-video-preview:-1"},"canonical":"https:\/\/www.overit.ai\/es\/clientes\/casos-de-exito\/gestion-eficaz-de-las-actividades-de-emergencia\/","og_locale":"es_ES","og_type":"article","og_title":"Hera - Optimizaci\u00f3n de inspecciones en caso de emergencias","og_description":"El Grupo Hera ha elegido OverIT para la Optimizaci\u00f3n de inspecciones y actividades de mantenimiento en caso de emergencias","og_url":"https:\/\/www.overit.ai\/es\/clientes\/casos-de-exito\/gestion-eficaz-de-las-actividades-de-emergencia\/","og_site_name":"OverIT","article_modified_time":"2026-03-10T10:26:05+00:00","og_image":[{"width":1920,"height":1080,"url":"https:\/\/www.overit.ai\/app\/uploads\/2021\/02\/Hera-1.4-1.jpeg","type":"image\/jpeg"}],"twitter_card":"summary_large_image","twitter_title":"Hera Group - Gesti\u00f3n eficaz de las actividades de emergencia","twitter_description":"Optimizaci\u00f3n de inspecciones y actividades de mantenimiento en caso de emergencias","twitter_misc":{"Est. reading time":"4 minutes"},"schema":{"@context":"https:\/\/schema.org","@graph":[{"@type":"WebPage","@id":"https:\/\/www.overit.ai\/es\/clientes\/casos-de-exito\/gestion-eficaz-de-las-actividades-de-emergencia\/","url":"https:\/\/www.overit.ai\/es\/clientes\/casos-de-exito\/gestion-eficaz-de-las-actividades-de-emergencia\/","name":"Hera - Optimizaci\u00f3n de inspecciones en caso de emergencias","isPartOf":{"@id":"https:\/\/www.overit.ai\/es\/#website"},"primaryImageOfPage":{"@id":"https:\/\/www.overit.ai\/es\/clientes\/casos-de-exito\/gestion-eficaz-de-las-actividades-de-emergencia\/#primaryimage"},"image":{"@id":"https:\/\/www.overit.ai\/es\/clientes\/casos-de-exito\/gestion-eficaz-de-las-actividades-de-emergencia\/#primaryimage"},"thumbnailUrl":"https:\/\/www.overit.ai\/app\/uploads\/2021\/02\/Hera-1.4-1.jpeg","datePublished":"2023-07-06T10:51:40+00:00","dateModified":"2026-03-10T10:26:05+00:00","description":"El Grupo Hera ha elegido OverIT para la Optimizaci\u00f3n de inspecciones y actividades de mantenimiento en caso de emergencias","breadcrumb":{"@id":"https:\/\/www.overit.ai\/es\/clientes\/casos-de-exito\/gestion-eficaz-de-las-actividades-de-emergencia\/#breadcrumb"},"inLanguage":"es-ES","potentialAction":[{"@type":"ReadAction","target":["https:\/\/www.overit.ai\/es\/clientes\/casos-de-exito\/gestion-eficaz-de-las-actividades-de-emergencia\/"]}]},{"@type":"ImageObject","inLanguage":"es-ES","@id":"https:\/\/www.overit.ai\/es\/clientes\/casos-de-exito\/gestion-eficaz-de-las-actividades-de-emergencia\/#primaryimage","url":"https:\/\/www.overit.ai\/app\/uploads\/2021\/02\/Hera-1.4-1.jpeg","contentUrl":"https:\/\/www.overit.ai\/app\/uploads\/2021\/02\/Hera-1.4-1.jpeg","width":1920,"height":1080,"caption":"Hera - Gesti\u00f3n eficaz de las actividades de emergencia"},{"@type":"BreadcrumbList","@id":"https:\/\/www.overit.ai\/es\/clientes\/casos-de-exito\/gestion-eficaz-de-las-actividades-de-emergencia\/#breadcrumb","itemListElement":[{"@type":"ListItem","position":1,"name":"Home","item":"https:\/\/www.overit.ai\/es\/"},{"@type":"ListItem","position":2,"name":"Clientes","item":"https:\/\/www.overit.ai\/es\/clientes\/"},{"@type":"ListItem","position":3,"name":"Casos de \u00c9xito","item":"https:\/\/www.overit.ai\/es\/clientes\/casos-de-exito\/"},{"@type":"ListItem","position":4,"name":"Hera Group &#8211; Gesti\u00f3n eficaz de las actividades de emergencia"}]},{"@type":"WebSite","@id":"https:\/\/www.overit.ai\/es\/#website","url":"https:\/\/www.overit.ai\/es\/","name":"OverIT","description":"Innovation in Field Service Management","publisher":{"@id":"https:\/\/www.overit.ai\/es\/#organization"},"potentialAction":[{"@type":"SearchAction","target":{"@type":"EntryPoint","urlTemplate":"https:\/\/www.overit.ai\/es\/?s={search_term_string}"},"query-input":{"@type":"PropertyValueSpecification","valueRequired":true,"valueName":"search_term_string"}}],"inLanguage":"es-ES"},{"@type":"Organization","@id":"https:\/\/www.overit.ai\/es\/#organization","name":"OverIT","url":"https:\/\/www.overit.ai\/es\/","logo":{"@type":"ImageObject","inLanguage":"es-ES","@id":"https:\/\/www.overit.ai\/es\/#\/schema\/logo\/image\/","url":"https:\/\/www.overit.ai\/app\/uploads\/2021\/10\/OverIT-logo-400.png","contentUrl":"https:\/\/www.overit.ai\/app\/uploads\/2021\/10\/OverIT-logo-400.png","width":400,"height":250,"caption":"OverIT"},"image":{"@id":"https:\/\/www.overit.ai\/es\/#\/schema\/logo\/image\/"}}]}},"_links":{"self":[{"href":"https:\/\/www.overit.ai\/es\/wp-json\/wp\/v2\/pages\/40551","targetHints":{"allow":["GET"]}}],"collection":[{"href":"https:\/\/www.overit.ai\/es\/wp-json\/wp\/v2\/pages"}],"about":[{"href":"https:\/\/www.overit.ai\/es\/wp-json\/wp\/v2\/types\/page"}],"author":[{"embeddable":true,"href":"https:\/\/www.overit.ai\/es\/wp-json\/wp\/v2\/users\/3"}],"replies":[{"embeddable":true,"href":"https:\/\/www.overit.ai\/es\/wp-json\/wp\/v2\/comments?post=40551"}],"version-history":[{"count":14,"href":"https:\/\/www.overit.ai\/es\/wp-json\/wp\/v2\/pages\/40551\/revisions"}],"predecessor-version":[{"id":69940,"href":"https:\/\/www.overit.ai\/es\/wp-json\/wp\/v2\/pages\/40551\/revisions\/69940"}],"up":[{"embeddable":true,"href":"https:\/\/www.overit.ai\/es\/wp-json\/wp\/v2\/pages\/13032"}],"wp:featuredmedia":[{"embeddable":true,"href":"https:\/\/www.overit.ai\/es\/wp-json\/wp\/v2\/media\/13789"}],"wp:attachment":[{"href":"https:\/\/www.overit.ai\/es\/wp-json\/wp\/v2\/media?parent=40551"}],"wp:term":[{"taxonomy":"case_study_category","embeddable":true,"href":"https:\/\/www.overit.ai\/es\/wp-json\/wp\/v2\/case_study_category?post=40551"}],"curies":[{"name":"wp","href":"https:\/\/api.w.org\/{rel}","templated":true}]}}