{"id":39900,"date":"2023-07-06T10:21:48","date_gmt":"2023-07-06T10:21:48","guid":{"rendered":"https:\/\/www.overit.ai\/it\/?page_id=39900"},"modified":"2026-03-10T09:25:54","modified_gmt":"2026-03-10T09:25:54","slug":"optimizacion-de-la-funcionalidad-de-reserva-de-citas","status":"publish","type":"page","link":"https:\/\/www.overit.ai\/es\/clientes\/casos-de-exito\/optimizacion-de-la-funcionalidad-de-reserva-de-citas\/","title":{"rendered":"Grupo Hera &#8211; Planificaci\u00f3n optimizada de las citas"},"content":{"rendered":"<div\n  class=\"overit-block overit-block--white overit-radius-none overit-margin-small-bottom overit-no-padding \n  overit-block-customer-page-header\"\n        >\n  \n  <div class=\"overit-block-wrapper\">\n\n<div class=\"cph\">\n  \n    <div class=\"cph_slogan-cont\" style=\"background: linear-gradient(0deg, rgba(0, 0, 0, 0.25), rgba(0, 0, 0, 0.25)), url('https:\/\/www.overit.ai\/app\/uploads\/2020\/12\/hera-gestione-degli-appuntamenti-1.jpg') center center\">\n                  <div class=\"cph__section-title\">Grupo Hera<\/div>\n                                    <h1 class=\"cph__slogan\">Planificaci\u00f3n optimizada de las citas<\/h1>\n            <\/div>\n  <div class=\"cph__customer-section\" data-aos=\"fade-up\">\n    <div class=\"cph__customer-desc-cont\">\n                    <img decoding=\"async\" class=\"cph__customer-logo\" src=\"https:\/\/www.overit.ai\/app\/uploads\/2020\/11\/hera-logo.png\" alt=\"hera-logo\" width=\"400\" height=\"100\" \/>\n            <div class=\"cph__customer-desc\">\n        <p>El Grupo Hera, con sus 10.000 empleados, es una de las principales empresas italianas que opera en el suministro de servicios m\u00faltiples, abarcando los sectores de servicios medioambientales, el ciclo integral del agua y el suministro de energ\u00eda (distribuci\u00f3n y venta de electricidad y gas, servicios energ\u00e9ticos), hasta el alumbrado p\u00fablico y las telecomunicaciones.<\/p>\n\n      <\/div>\n    <\/div>\n    <div class=\"cph__customer-facts\">\n              <div class=\"cph__facts-title\">INFORMACI\u00d3N CLAVE<\/div>\n        <div class=\"cph__facts\">\n                     <div class=\"cph__fact-cont\">\n            <div class=\"cph__fact-label\">\n              Sector\n            <\/div>\n            <div class=\"cph__fact\">\n              Energ\u00eda y servicios publicos\n            <\/div>\n          <\/div>\n                     <div class=\"cph__fact-cont\">\n            <div class=\"cph__fact-label\">\n              Regi\u00f3n\n            <\/div>\n            <div class=\"cph__fact\">\n              EMEA\n            <\/div>\n          <\/div>\n                     <div class=\"cph__fact-cont\">\n            <div class=\"cph__fact-label\">\n              Sitio web\n            <\/div>\n            <div class=\"cph__fact\">\n              gruppohera.it\n            <\/div>\n          <\/div>\n                     <div class=\"cph__fact-cont\">\n            <div class=\"cph__fact-label\">\n              Usuarios\n            <\/div>\n            <div class=\"cph__fact\">\n              1.600+\n            <\/div>\n          <\/div>\n                  <\/div>\n          <\/div>\n  <\/div>\n<\/div>\n\n<\/div><!-- .overit-block-wrapper -->\n<\/div><!-- .overit-block -->\n\n\n<div\n  class=\"overit-block overit-block--white overit-radius-full overit-no-margin overit-no-padding overit-block--fullwidth\n  overit-block-configurable-jumbotron\"\n        >\n  \n  <div class=\"overit-block-wrapper\">\n\n<section class=\"configurable-jumbotron left\" >\n                  <h3 class=\"cj-section-title\">REQUISITOS DEL CLIENTE<\/h3>\n          \n                  <h2  class=\"cj-title medium\">Gestionar la reserva de citas elevando los est\u00e1ndares de eficiencia<\/h2 >\n          \n                  <div class=\"cj-subtitle small\"><p>Con m\u00e1s de 4 millones de ciudadanos y 350 municipalidades atendidas en Italia, el Grupo Hera es un aut\u00e9ntico gigante en el sector de los servicios p\u00fablicos y se le exige que domine la gesti\u00f3n y el suministro de servicios y actividades dentro de las distintas \u00e1reas operativas, de forma puntual y eficiente. Sin embargo, las inspecciones peri\u00f3dicas, el mantenimiento y la asistencia de los numerosos activos situados en las instalaciones de los clientes finales pueden resultar todo un reto para los operadores del Grupo Hera, que asignan puntualmente m\u00e1s de 100.000 \u00f3rdenes de trabajo al a\u00f1o a m\u00e1s de mil t\u00e9cnicos de campo considerando los par\u00e1metros de la divisi\u00f3n territorial, los niveles de servicio acordados con los clientes, los feriados locales y, por \u00faltimo pero no menos importante, la disponibilidad de los clientes. Por ello, el Grupo Hera necesitaba adoptar una soluci\u00f3n \u00fanica que se integrara con sistemas de terceros a fin de gestionar eficazmente la agenda de citas y optimizar las actividades en las redes de gas, agua y electricidad.<\/p>\n<\/div>\n          \n        <\/section>\n\n<\/div><!-- .overit-block-wrapper -->\n<\/div><!-- .overit-block -->\n\n\n<div\n  class=\"overit-block overit-block--white overit-radius-full overit-no-margin overit-padding-medium \n  overit-block-separator\"\n        >\n  \n  <div class=\"overit-block-wrapper\">\n\n<div class=\"overit-separator overit-separator--boxed\">\n  <hr\/>\n<\/div>\n\n<\/div><!-- .overit-block-wrapper -->\n<\/div><!-- .overit-block -->\n\n\n<div\n  class=\"overit-block overit-block--white overit-radius-full overit-no-margin overit-no-padding overit-block--fullwidth\n  overit-block-configurable-jumbotron\"\n        >\n  \n  <div class=\"overit-block-wrapper\">\n\n<section class=\"configurable-jumbotron left\" >\n                  <h2 class=\"cj-section-title\">NUESTRA SOLUCI\u00d3N<\/h2>\n          \n                  <div class=\"cj-title medium\">Gesti\u00f3n centralizada de citas y optimizaci\u00f3n de actividades<\/div>\n          \n                  <div class=\"cj-subtitle small\"><p>El Grupo Hera ha elegido la NextGen Platform de OverIT, la soluci\u00f3n FSM m\u00e1s puntera de su categor\u00eda, que ofrece funcionalidades avanzadas de reserva de citas a fin de optimizar la gesti\u00f3n y ejecuci\u00f3n de las actividades y cumplir con los niveles de servicio establecidos con los clientes.<\/p>\n<ul>\n<li><strong>Integraci\u00f3n con sistemas de terceras partes<\/strong><br \/>\nIntegraci\u00f3n fluida con las plataformas Regiogroup y ECC de SAP para visualizar la organizaci\u00f3n territorial, los tipos de \u00f3rdenes de trabajo a realizar y las \u00e1reas de competencia de los t\u00e9cnicos<\/li>\n<li><strong>Modelo de previsi\u00f3n de citas<br \/>\n<\/strong>Generaci\u00f3n autom\u00e1tica y en tiempo real de citas optimizadas con los clientes en funci\u00f3n de par\u00e1metros territoriales, acuerdos de nivel de servicio y feriados locales<\/li>\n<li><strong>Reserva de cita optimizada<br \/>\n<\/strong>Gesti\u00f3n m\u00f3vil de la agenda de citas y solicitudes de las intervenci\u00f3n \u00fanicas y m\u00faltiples correspondientes, en los activos de agua, gas y electricidad<\/li>\n<li><strong>Sistema de notificaci\u00f3n espec\u00edfico<\/strong><br \/>\nVisualizaci\u00f3n de la lista completa de citas y de la informaci\u00f3n principal relacionada (por ejemplo, lugar, direcci\u00f3n, fecha, hora, referencia a la orden de trabajo) directamente en el m\u00f3vil<\/li>\n<\/ul>\n<\/div>\n          \n        <\/section>\n\n<\/div><!-- .overit-block-wrapper -->\n<\/div><!-- .overit-block -->\n\n\n<div\n  class=\"overit-block overit-block--white overit-radius-full overit-no-margin overit-padding-medium \n  overit-block-separator\"\n        >\n  \n  <div class=\"overit-block-wrapper\">\n\n<div class=\"overit-separator overit-separator--boxed\">\n  <hr\/>\n<\/div>\n\n<\/div><!-- .overit-block-wrapper -->\n<\/div><!-- .overit-block -->\n\n\n<div\n  class=\"overit-block overit-block--white overit-radius-full overit-no-margin overit-no-padding overit-block--fullwidth\n  overit-block-configurable-jumbotron\"\n        >\n  \n  <div class=\"overit-block-wrapper\">\n\n<section class=\"configurable-jumbotron left\" >\n                  <h3 class=\"cj-section-title\">BENEFICIOS<\/h3>\n          \n                  <div class=\"cj-title medium\">Gracias a La NextGen Platform de OverIT, el Grupo Hera pudo conseguir:<\/div>\n          \n    \n        <\/section>\n\n<\/div><!-- .overit-block-wrapper -->\n<\/div><!-- .overit-block -->\n\n\n<div\n  class=\"overit-block overit-block--white overit-radius-full overit-no-margin overit-padding-medium \n  overit-block-multi-info-cards\"\n        >\n  \n  <div class=\"overit-block-wrapper\">\n\n<div class=\"info-cards info-cards--3 info-cards--align-\">\n        <div class=\"info-cards__sections \">\n                  <div class=\"info-card info-card--3\n                    info-card--without-icon\n          \n          info-card--top-line\n        \">\n        <div class=\"info-card-inner\">\n                                                      <div class=\"info-card__description\" >\n              <p>Mayor eficiencia en la programaci\u00f3n y gesti\u00f3n de las \u00f3rdenes de trabajo<\/p>\n\n            <\/div>\n                  <\/div>\n      <\/div>\n                  <div class=\"info-card info-card--3\n                    info-card--without-icon\n          \n          info-card--top-line\n        \">\n        <div class=\"info-card-inner\">\n                                                      <div class=\"info-card__description\" >\n              <p>Incremento de la flexibilidad en la gesti\u00f3n de la agenda<\/p>\n\n            <\/div>\n                  <\/div>\n      <\/div>\n                  <div class=\"info-card info-card--3\n                    info-card--without-icon\n          \n          info-card--top-line\n        \">\n        <div class=\"info-card-inner\">\n                                                      <div class=\"info-card__description\" >\n              <p>Optimizaci\u00f3n de la saturaci\u00f3n del trabajo para los t\u00e9cnicos<\/p>\n\n            <\/div>\n                  <\/div>\n      <\/div>\n                  <div class=\"info-card info-card--3\n                    info-card--without-icon\n          \n          info-card--top-line\n        \">\n        <div class=\"info-card-inner\">\n                                                      <div class=\"info-card__description\" >\n              <p>Reducci\u00f3n de tiempos y costes de desplazamiento<\/p>\n\n            <\/div>\n                  <\/div>\n      <\/div>\n          <\/div>\n  <\/div>\n\n<\/div><!-- .overit-block-wrapper -->\n<\/div><!-- .overit-block -->\n\n\n<div\n  class=\"overit-block overit-block--white overit-radius-full overit-margin-medium overit-padding-medium \n  overit-block-sustainable-development-goals\"\n        >\n  \n  <div class=\"overit-block-wrapper\">\n\n\n<div class=\"sdg\" id=\"\">\n  <div class=\"sdg__container\">\n    <div class=\"sdg__logo\">\n      <img decoding=\"async\" src=\"https:\/\/www.overit.ai\/app\/themes\/overit-theme\/resources\/assets\/images\/sdg\/ES\/logo.png\" width=\"96\" height=\"82\" alt=\"Icono representativo de los Objetivos de Desarrollo Sostenible\" \/>\n    <\/div>\n          <div class=\"sdg__description\">\n        <p><p>Desde su constituci\u00f3n, el Grupo Hera ha situado la sostenibilidad en el centro de su estrategia, convencido de que el valor econ\u00f3mico y el desarrollo sostenible son los principales impulsores para generar un impacto positivo en la sociedad y el medio ambiente.<\/p>\n<p>Por ello, el Grupo Hera se hizo promotor de un conjunto de iniciativas orientadas a conseguir la neutralidad de carbono mediante el aumento de la eficiencia energ\u00e9tica, mitigar el cambio clim\u00e1tico recurriendo a las energ\u00edas renovables y proteger el aire, el suelo y la biodiversidad adoptando un enfoque m\u00e1s responsable en la gesti\u00f3n de los recursos h\u00eddricos.<\/p>\n<p>La NextGen Platform de OverIT se introdujo bajo estas premisas, con el objetivo de impulsar la innovaci\u00f3n en la industria y las infraestructuras, ofreciendo una digitalizaci\u00f3n segura y de alto nivel. El objetivo principal es lo de servir a las comunidades seg\u00fan los est\u00e1ndares m\u00e1s elevados de calidad y eficiencia, creando ciudades sostenibles y convirtiendo el mundo en un lugar mejor.<\/p>\n<\/p>\n      <\/div>\n              <div class=\"sdg__title\">\n        <p>OverIT <strong>NextGen Platform<\/strong> ha contribuido al cumplimiento de los <strong>Objetivos de Desarrollo Sostenible<\/strong><\/p>\n      <\/div>\n      <div class=\"sdg__icons\">\n                                        <div class=\"sdg__icon\">\n              <img decoding=\"async\" src=\"https:\/\/www.overit.ai\/app\/themes\/overit-theme\/resources\/assets\/images\/sdg\/ES\/6.png\" alt=\"\u00cdcono que representa el Objetivo de Desarrollo Sostenible 6: Agua limpia y saneamiento\" width=\"76\" height=\"76\" \/>\n            <\/div>\n                                                  <div class=\"sdg__icon\">\n              <img decoding=\"async\" src=\"https:\/\/www.overit.ai\/app\/themes\/overit-theme\/resources\/assets\/images\/sdg\/ES\/9.png\" alt=\"\u00cdcono que representa el Objetivo de Desarrollo Sostenible 9: Industria, innovaci\u00f3n e infraestructura\" width=\"76\" height=\"76\" \/>\n            <\/div>\n                                                  <div class=\"sdg__icon\">\n              <img decoding=\"async\" src=\"https:\/\/www.overit.ai\/app\/themes\/overit-theme\/resources\/assets\/images\/sdg\/ES\/11.png\" alt=\"\u00cdcono que representa el Objetivo de Desarrollo Sostenible 11: Ciudades y comunidades sostenibles\" width=\"76\" height=\"76\" \/>\n            <\/div>\n                                                  <div class=\"sdg__icon\">\n              <img decoding=\"async\" src=\"https:\/\/www.overit.ai\/app\/themes\/overit-theme\/resources\/assets\/images\/sdg\/ES\/13.png\" alt=\"\u00cdcono que representa el Objetivo de Desarrollo Sostenible 13: Acci\u00f3n por el clima\" width=\"76\" height=\"76\" \/>\n            <\/div>\n                        <\/div>\n      <\/div>\n<\/div>\n\n<\/div><!-- .overit-block-wrapper -->\n<\/div><!-- .overit-block -->\n","protected":false},"excerpt":{"rendered":"","protected":false},"author":3,"featured_media":0,"parent":13032,"menu_order":0,"comment_status":"closed","ping_status":"closed","template":"","meta":{"_acf_changed":false,"footnotes":""},"case_study_category":[],"class_list":["post-39900","page","type-page","status-publish","hentry"],"acf":[],"yoast_head":"<!-- This site is optimized with the Yoast SEO Premium plugin v25.6 (Yoast SEO v25.6) - https:\/\/yoast.com\/wordpress\/plugins\/seo\/ -->\n<title>Optimizaci\u00f3n de la funcionalidad de reserva de citas<\/title>\n<meta name=\"description\" content=\"Optimizaci\u00f3n de la funcionalidad de reserva de citas para agilizar las actividades relacionadas con suministros monoservicio y multiservicio\" \/>\n<meta name=\"robots\" content=\"index, follow, max-snippet:-1, max-image-preview:large, max-video-preview:-1\" \/>\n<link rel=\"canonical\" href=\"https:\/\/www.overit.ai\/es\/clientes\/casos-de-exito\/optimizacion-de-la-funcionalidad-de-reserva-de-citas\/\" \/>\n<meta property=\"og:locale\" content=\"es_ES\" \/>\n<meta property=\"og:type\" content=\"article\" \/>\n<meta property=\"og:title\" content=\"Optimizaci\u00f3n de la funcionalidad de reserva de citas\" \/>\n<meta property=\"og:description\" content=\"Optimizaci\u00f3n de la funcionalidad de reserva de citas para agilizar las actividades relacionadas con suministros monoservicio y multiservicio\" \/>\n<meta property=\"og:url\" content=\"https:\/\/www.overit.ai\/es\/clientes\/casos-de-exito\/optimizacion-de-la-funcionalidad-de-reserva-de-citas\/\" \/>\n<meta property=\"og:site_name\" content=\"OverIT\" \/>\n<meta property=\"article:modified_time\" content=\"2026-03-10T09:25:54+00:00\" \/>\n<meta property=\"og:image\" content=\"https:\/\/www.overit.ai\/app\/uploads\/2020\/12\/hera-gestione-degli-appuntamenti-1.jpg\" \/>\n\t<meta property=\"og:image:width\" content=\"2000\" \/>\n\t<meta property=\"og:image:height\" content=\"1333\" \/>\n\t<meta property=\"og:image:type\" content=\"image\/jpeg\" \/>\n<meta name=\"twitter:card\" content=\"summary_large_image\" \/>\n<meta name=\"twitter:title\" content=\"Grupo Hera - Planificaci\u00f3n optimizada de las citas\" \/>\n<meta name=\"twitter:description\" content=\"Optimizaci\u00f3n de la funcionalidad de reserva de citas para agilizar las actividades relacionadas con suministros monoservicio y multiservicio\" \/>\n<meta name=\"twitter:label1\" content=\"Est. reading time\" \/>\n\t<meta name=\"twitter:data1\" content=\"4 minutes\" \/>\n<script type=\"application\/ld+json\" class=\"yoast-schema-graph\">{\"@context\":\"https:\/\/schema.org\",\"@graph\":[{\"@type\":\"WebPage\",\"@id\":\"https:\/\/www.overit.ai\/es\/clientes\/casos-de-exito\/optimizacion-de-la-funcionalidad-de-reserva-de-citas\/\",\"url\":\"https:\/\/www.overit.ai\/es\/clientes\/casos-de-exito\/optimizacion-de-la-funcionalidad-de-reserva-de-citas\/\",\"name\":\"Optimizaci\u00f3n de la funcionalidad de reserva de citas\",\"isPartOf\":{\"@id\":\"https:\/\/www.overit.ai\/es\/#website\"},\"datePublished\":\"2023-07-06T10:21:48+00:00\",\"dateModified\":\"2026-03-10T09:25:54+00:00\",\"description\":\"Optimizaci\u00f3n de la funcionalidad de reserva de citas para agilizar las actividades relacionadas con suministros monoservicio y multiservicio\",\"breadcrumb\":{\"@id\":\"https:\/\/www.overit.ai\/es\/clientes\/casos-de-exito\/optimizacion-de-la-funcionalidad-de-reserva-de-citas\/#breadcrumb\"},\"inLanguage\":\"es-ES\",\"potentialAction\":[{\"@type\":\"ReadAction\",\"target\":[\"https:\/\/www.overit.ai\/es\/clientes\/casos-de-exito\/optimizacion-de-la-funcionalidad-de-reserva-de-citas\/\"]}]},{\"@type\":\"BreadcrumbList\",\"@id\":\"https:\/\/www.overit.ai\/es\/clientes\/casos-de-exito\/optimizacion-de-la-funcionalidad-de-reserva-de-citas\/#breadcrumb\",\"itemListElement\":[{\"@type\":\"ListItem\",\"position\":1,\"name\":\"Home\",\"item\":\"https:\/\/www.overit.ai\/es\/\"},{\"@type\":\"ListItem\",\"position\":2,\"name\":\"Clientes\",\"item\":\"https:\/\/www.overit.ai\/es\/clientes\/\"},{\"@type\":\"ListItem\",\"position\":3,\"name\":\"Casos de \u00c9xito\",\"item\":\"https:\/\/www.overit.ai\/es\/clientes\/casos-de-exito\/\"},{\"@type\":\"ListItem\",\"position\":4,\"name\":\"Grupo Hera &#8211; Planificaci\u00f3n optimizada de las citas\"}]},{\"@type\":\"WebSite\",\"@id\":\"https:\/\/www.overit.ai\/es\/#website\",\"url\":\"https:\/\/www.overit.ai\/es\/\",\"name\":\"OverIT\",\"description\":\"Innovation in Field Service Management\",\"publisher\":{\"@id\":\"https:\/\/www.overit.ai\/es\/#organization\"},\"potentialAction\":[{\"@type\":\"SearchAction\",\"target\":{\"@type\":\"EntryPoint\",\"urlTemplate\":\"https:\/\/www.overit.ai\/es\/?s={search_term_string}\"},\"query-input\":{\"@type\":\"PropertyValueSpecification\",\"valueRequired\":true,\"valueName\":\"search_term_string\"}}],\"inLanguage\":\"es-ES\"},{\"@type\":\"Organization\",\"@id\":\"https:\/\/www.overit.ai\/es\/#organization\",\"name\":\"OverIT\",\"url\":\"https:\/\/www.overit.ai\/es\/\",\"logo\":{\"@type\":\"ImageObject\",\"inLanguage\":\"es-ES\",\"@id\":\"https:\/\/www.overit.ai\/es\/#\/schema\/logo\/image\/\",\"url\":\"https:\/\/www.overit.ai\/app\/uploads\/2021\/10\/OverIT-logo-400.png\",\"contentUrl\":\"https:\/\/www.overit.ai\/app\/uploads\/2021\/10\/OverIT-logo-400.png\",\"width\":400,\"height\":250,\"caption\":\"OverIT\"},\"image\":{\"@id\":\"https:\/\/www.overit.ai\/es\/#\/schema\/logo\/image\/\"}}]}<\/script>\n<!-- \/ Yoast SEO Premium plugin. -->","yoast_head_json":{"title":"Optimizaci\u00f3n de la funcionalidad de reserva de citas","description":"Optimizaci\u00f3n de la funcionalidad de reserva de citas para agilizar las actividades relacionadas con suministros monoservicio y multiservicio","robots":{"index":"index","follow":"follow","max-snippet":"max-snippet:-1","max-image-preview":"max-image-preview:large","max-video-preview":"max-video-preview:-1"},"canonical":"https:\/\/www.overit.ai\/es\/clientes\/casos-de-exito\/optimizacion-de-la-funcionalidad-de-reserva-de-citas\/","og_locale":"es_ES","og_type":"article","og_title":"Optimizaci\u00f3n de la funcionalidad de reserva de citas","og_description":"Optimizaci\u00f3n de la funcionalidad de reserva de citas para agilizar las actividades relacionadas con suministros monoservicio y multiservicio","og_url":"https:\/\/www.overit.ai\/es\/clientes\/casos-de-exito\/optimizacion-de-la-funcionalidad-de-reserva-de-citas\/","og_site_name":"OverIT","article_modified_time":"2026-03-10T09:25:54+00:00","og_image":[{"width":2000,"height":1333,"url":"https:\/\/www.overit.ai\/app\/uploads\/2020\/12\/hera-gestione-degli-appuntamenti-1.jpg","type":"image\/jpeg"}],"twitter_card":"summary_large_image","twitter_title":"Grupo Hera - Planificaci\u00f3n optimizada de las citas","twitter_description":"Optimizaci\u00f3n de la funcionalidad de reserva de citas para agilizar las actividades relacionadas con suministros monoservicio y multiservicio","twitter_misc":{"Est. reading time":"4 minutes"},"schema":{"@context":"https:\/\/schema.org","@graph":[{"@type":"WebPage","@id":"https:\/\/www.overit.ai\/es\/clientes\/casos-de-exito\/optimizacion-de-la-funcionalidad-de-reserva-de-citas\/","url":"https:\/\/www.overit.ai\/es\/clientes\/casos-de-exito\/optimizacion-de-la-funcionalidad-de-reserva-de-citas\/","name":"Optimizaci\u00f3n de la funcionalidad de reserva de citas","isPartOf":{"@id":"https:\/\/www.overit.ai\/es\/#website"},"datePublished":"2023-07-06T10:21:48+00:00","dateModified":"2026-03-10T09:25:54+00:00","description":"Optimizaci\u00f3n de la funcionalidad de reserva de citas para agilizar las actividades relacionadas con suministros monoservicio y multiservicio","breadcrumb":{"@id":"https:\/\/www.overit.ai\/es\/clientes\/casos-de-exito\/optimizacion-de-la-funcionalidad-de-reserva-de-citas\/#breadcrumb"},"inLanguage":"es-ES","potentialAction":[{"@type":"ReadAction","target":["https:\/\/www.overit.ai\/es\/clientes\/casos-de-exito\/optimizacion-de-la-funcionalidad-de-reserva-de-citas\/"]}]},{"@type":"BreadcrumbList","@id":"https:\/\/www.overit.ai\/es\/clientes\/casos-de-exito\/optimizacion-de-la-funcionalidad-de-reserva-de-citas\/#breadcrumb","itemListElement":[{"@type":"ListItem","position":1,"name":"Home","item":"https:\/\/www.overit.ai\/es\/"},{"@type":"ListItem","position":2,"name":"Clientes","item":"https:\/\/www.overit.ai\/es\/clientes\/"},{"@type":"ListItem","position":3,"name":"Casos de \u00c9xito","item":"https:\/\/www.overit.ai\/es\/clientes\/casos-de-exito\/"},{"@type":"ListItem","position":4,"name":"Grupo Hera &#8211; Planificaci\u00f3n optimizada de las citas"}]},{"@type":"WebSite","@id":"https:\/\/www.overit.ai\/es\/#website","url":"https:\/\/www.overit.ai\/es\/","name":"OverIT","description":"Innovation in Field Service Management","publisher":{"@id":"https:\/\/www.overit.ai\/es\/#organization"},"potentialAction":[{"@type":"SearchAction","target":{"@type":"EntryPoint","urlTemplate":"https:\/\/www.overit.ai\/es\/?s={search_term_string}"},"query-input":{"@type":"PropertyValueSpecification","valueRequired":true,"valueName":"search_term_string"}}],"inLanguage":"es-ES"},{"@type":"Organization","@id":"https:\/\/www.overit.ai\/es\/#organization","name":"OverIT","url":"https:\/\/www.overit.ai\/es\/","logo":{"@type":"ImageObject","inLanguage":"es-ES","@id":"https:\/\/www.overit.ai\/es\/#\/schema\/logo\/image\/","url":"https:\/\/www.overit.ai\/app\/uploads\/2021\/10\/OverIT-logo-400.png","contentUrl":"https:\/\/www.overit.ai\/app\/uploads\/2021\/10\/OverIT-logo-400.png","width":400,"height":250,"caption":"OverIT"},"image":{"@id":"https:\/\/www.overit.ai\/es\/#\/schema\/logo\/image\/"}}]}},"_links":{"self":[{"href":"https:\/\/www.overit.ai\/es\/wp-json\/wp\/v2\/pages\/39900","targetHints":{"allow":["GET"]}}],"collection":[{"href":"https:\/\/www.overit.ai\/es\/wp-json\/wp\/v2\/pages"}],"about":[{"href":"https:\/\/www.overit.ai\/es\/wp-json\/wp\/v2\/types\/page"}],"author":[{"embeddable":true,"href":"https:\/\/www.overit.ai\/es\/wp-json\/wp\/v2\/users\/3"}],"replies":[{"embeddable":true,"href":"https:\/\/www.overit.ai\/es\/wp-json\/wp\/v2\/comments?post=39900"}],"version-history":[{"count":28,"href":"https:\/\/www.overit.ai\/es\/wp-json\/wp\/v2\/pages\/39900\/revisions"}],"predecessor-version":[{"id":69921,"href":"https:\/\/www.overit.ai\/es\/wp-json\/wp\/v2\/pages\/39900\/revisions\/69921"}],"up":[{"embeddable":true,"href":"https:\/\/www.overit.ai\/es\/wp-json\/wp\/v2\/pages\/13032"}],"wp:attachment":[{"href":"https:\/\/www.overit.ai\/es\/wp-json\/wp\/v2\/media?parent=39900"}],"wp:term":[{"taxonomy":"case_study_category","embeddable":true,"href":"https:\/\/www.overit.ai\/es\/wp-json\/wp\/v2\/case_study_category?post=39900"}],"curies":[{"name":"wp","href":"https:\/\/api.w.org\/{rel}","templated":true}]}}