{"id":39170,"date":"2023-05-26T12:02:15","date_gmt":"2023-05-26T12:02:15","guid":{"rendered":"https:\/\/www.overit.ai\/it\/?page_id=39170"},"modified":"2025-08-06T15:23:14","modified_gmt":"2025-08-06T15:23:14","slug":"a-reality-check-for-enterprise-extended-reality-and-metaverse-q2-2023","status":"publish","type":"page","link":"https:\/\/www.overit.ai\/es\/informes-analistas\/forrester\/a-reality-check-for-enterprise-extended-reality-and-metaverse-q2-2023\/","title":{"rendered":"A reality check for enterprise extended reality and metaverse, Q2 2023"},"content":{"rendered":"<div\n  class=\"overit-block overit-block--white overit-radius-full overit-no-margin overit-no-padding \n  overit-block-full-width-top-banner\"\n        >\n  \n  <div class=\"overit-block-wrapper\">\n\n\n<section class=\"block-fwtb\">\n  <div class=\"block-fwtb__bg \">\n    <div class=\"block-fwtb__content block-fwtb__content--light\">\n                        <div class=\"block-fwtb__title\" data-aos=\"zoom-in\">FORRESTER<\/div>\n                                              <h1 class=\"block-fwtb__subtitle \" data-aos=\"zoom-in\" data-aos-delay=\"200\">A Reality Check for Enterprise Extended Reality and Metaverse, Q2 2023<\/h1>\n                        <\/div>\n          <div class=\"block-fwtb__bg_image\" style=\"background: linear-gradient(0deg, rgba(0, 0, 0, 0.55), rgba(0, 0, 0, 0.55)), url('https:\/\/www.overit.ai\/app\/uploads\/2023\/05\/hector-j-rivas-1FxMET2U5dU-unsplash-scaled.jpg') center center\"><\/div>\n      <\/div>\n<\/section>\n\n<\/div><!-- .overit-block-wrapper -->\n<\/div><!-- .overit-block -->\n\n\n<div\n  class=\"overit-block overit-block--white overit-radius-full overit-no-margin overit-padding-medium \n  overit-block-customer-disclaimer\"\n        >\n  \n  <div class=\"overit-block-wrapper\">\n\n<div class=\"cdisclaimer\">\n  <div class=\"cdisclaimer__bg\">&nbsp;<\/div>\n  <div class=\"cdisclaimer__content\">\n    <div class=\"cdisclaimer__title-cont\">\n      <div class=\"cdisclaimer__img\">\n        <img decoding=\"async\" src=\"https:\/\/www.overit.ai\/app\/themes\/overit-theme\/dist\/images\/citation_d93c975a.svg\" alt=\"citation symbol\" \/>\n      <\/div>\n      <div class=\"cdisclaimer__title\">\n        <img decoding=\"async\" src=\"https:\/\/www.overit.ai\/app\/uploads\/sites\/4\/2020\/11\/Livello-74-300x207.png\" alt=\"Forrester\" width=\"300\" height=\"207\" class=\"alignnone size-medium wp-image-2519\" srcset=\"https:\/\/www.overit.ai\/app\/uploads\/2020\/11\/Livello-74-300x207.png 300w, https:\/\/www.overit.ai\/app\/uploads\/2020\/11\/Livello-74-1024x705.png 1024w, https:\/\/www.overit.ai\/app\/uploads\/2020\/11\/Livello-74-768x529.png 768w, https:\/\/www.overit.ai\/app\/uploads\/2020\/11\/Livello-74.png 1200w\" sizes=\"(max-width: 300px) 100vw, 300px\" \/>\n      <\/div>\n    <\/div>\n    <div class=\"cdisclaimer__description\" data-aos=\"fade-left\">\n      <p>Si bien la Realidad Aumentada y la Realidad Virtual son tecnolog\u00edas emergentes, est\u00e1n encontrando una aplicaci\u00f3n creciente en los negocios, especialmente en lo relativo al Field Service Management, con muchas organizaciones que ya las est\u00e1n adoptando con \u00e9xito para que sus colaboradores aprovechen al m\u00e1ximo su potencial. <\/p>\n\n    <\/div>\n  <\/div>\n<\/div>\n\n<\/div><!-- .overit-block-wrapper -->\n<\/div><!-- .overit-block -->\n\n\n<div\n  class=\"overit-block overit-block--white overit-radius-full overit-margin-small-top overit-no-padding \n  overit-block-configurable-jumbotron\"\n        >\n  \n  <div class=\"overit-block-wrapper\">\n\n<section class=\"configurable-jumbotron left\" >\n    \n    \n                  <div class=\"cj-subtitle medium\"><p>OverIT ha sido entrevistada y mencionada en los informes de Forrester &#8220;A reality check for enterprise extended reality and metaverse&#8221; y &#8220;Apply Three Principles To Your Enterprise Extended Reality And Metaverse Efforts&#8221;, de abril de 2023, redactados por J.P. Gownder con James McQuivey, PhD, Shynise McElveen y Demi Starks\u00a0<\/p>\n<p>Estos informes investigan c\u00f3mo las tecnolog\u00edas de Realidad Extendida y de metaverso pueden contribuir a darle nueva forma al futuro del trabajo.\u00a0 Al aprovechar las tecnolog\u00edas m\u00e1s punteras, nuestra soluci\u00f3n se pone al lado de los clientes cubriendo casos de uso muy especializados, como:<\/p>\n<\/div>\n          \n        <\/section>\n\n<\/div><!-- .overit-block-wrapper -->\n<\/div><!-- .overit-block -->\n\n\n<div\n  class=\"overit-block overit-block--white overit-radius-full overit-no-margin overit-padding-medium \n  overit-block-icon-numbers\"\n        >\n  \n  <div class=\"overit-block-wrapper\">\n\n<div class=\"block-icon-numbers\">\n  <div class=\"block-icon-numbers__content\">\n    <div class=\"block-icon-numbers__items\">\n              \n        <div class=\"block-icon-numbers__item\">\n          \n                      <div class=\"block-icon-numbers__icon\">\n                            <i style=\"color: #FF8200;\" class=\"fa-classic fa-solid fa-screen-users\" aria-hidden=\"true\"><\/i>\n            <\/div>\n          \n          <div class=\"block-icon-numbers__text\">\n            <p> REMOTE COLLABORATION  <br> <\/br> colaboraci\u00f3n en tiempo real basada en RA entre expertos remotos y t\u00e9cnicos de campo, que pueden aprovechar esta poderosa herramienta de soporte que les gu\u00eda en la ejecuci\u00f3n de operaciones cr\u00edticas y complejas en los activos lineales. <\/p>\n          <\/div>\n\n          <div class=\"block-icon-numbers__value\">\n            \n          <\/div>\n        <\/div>\n\n              \n        <div class=\"block-icon-numbers__item\">\n          \n                      <div class=\"block-icon-numbers__icon\">\n                            <i style=\"color: #FF8200;\" class=\"fa-classic fa-solid fa-head-side-goggles\" aria-hidden=\"true\"><\/i>\n            <\/div>\n          \n          <div class=\"block-icon-numbers__text\">\n            <p> VIRTUAL TRAINING  <br><\/br> formaci\u00f3n en escenarios simulados diferentes para el desarrollo de nuevas habilidades en un entorno seguro y controlado, reproduciendo tareas de mantenimiento, resoluci\u00f3n de problemas y emergencias.<\/p>\n          <\/div>\n\n          <div class=\"block-icon-numbers__value\">\n            \n          <\/div>\n        <\/div>\n\n              \n        <div class=\"block-icon-numbers__item\">\n          \n                      <div class=\"block-icon-numbers__icon\">\n                            <i style=\"color: #FF8200;\" class=\"fa-kit fa-fak fa-overit-helmet-remote-support\" aria-hidden=\"true\"><\/i>\n            <\/div>\n          \n          <div class=\"block-icon-numbers__text\">\n            <p>REMOTE ASSISTANCE  <br><\/br>instrucciones de trabajo digitales paso a paso, utilizando dispositivos m\u00f3viles y a manos libres basados en RA, que gu\u00edan a los t\u00e9cnicos de campo en la realizaci\u00f3n precisa y eficiente de las tareas sobre el terreno. <\/p>\n          <\/div>\n\n          <div class=\"block-icon-numbers__value\">\n            \n          <\/div>\n        <\/div>\n\n              \n        <div class=\"block-icon-numbers__item\">\n          \n                      <div class=\"block-icon-numbers__icon\">\n                            <i style=\"color: #FF8200;\" class=\"fa-kit fa-fak fa-overit-knowledge-sharing\" aria-hidden=\"true\"><\/i>\n            <\/div>\n          \n          <div class=\"block-icon-numbers__text\">\n            <p>KNOWLEDGE MANAGEMENT <br><\/br> captura, intercambio y conservaci\u00f3n del conocimiento, ayudando a las organizaciones en la agilizaci\u00f3n de los procesos de incorporaci\u00f3n y elevando la calidad general del servicio.<\/p>\n          <\/div>\n\n          <div class=\"block-icon-numbers__value\">\n            \n          <\/div>\n        <\/div>\n\n          <\/div>\n  <\/div>\n<\/div>\n\n<\/div><!-- .overit-block-wrapper -->\n<\/div><!-- .overit-block -->\n\n\n<div\n  class=\"overit-block overit-block--white overit-radius-full overit-margin-small-bottom overit-no-padding \n  overit-block-configurable-jumbotron\"\n        >\n  \n  <div class=\"overit-block-wrapper\">\n\n<section class=\"configurable-jumbotron left\" >\n    \n    \n                  <div class=\"cj-subtitle medium\"><p><span class=\"TextRun SCXW103831167 BCX4\" lang=\"ES-ES\" xml:lang=\"ES-ES\" data-contrast=\"auto\"><span class=\"NormalTextRun SCXW103831167 BCX4\">Un enfoque de este tipo, que saca el m\u00e1ximo provecho de tecnolog\u00edas de colaboraci\u00f3n remota, formaci\u00f3n inmersiva y en el puesto de trabajo, asistencia remota, transferencia de conocimientos e inspecciones a distancia con beneficios evidentes en t\u00e9rminos de seguridad, se traduce para <\/span><span class=\"NormalTextRun SpellingErrorV2Themed SCXW103831167 BCX4\">OverIT<\/span><span class=\"NormalTextRun SCXW103831167 BCX4\"> en un potencial enorme de mejora de la eficiencia operativa y de la calidad del servicio, a la vez que se reducen los costes y se dotan a los t\u00e9cnicos de las herramientas necesarias para llevar su rendimiento a niveles sin precedentes. Creemos que el reconocimiento y la menci\u00f3n de Forrester as\u00ed lo demuestran.<\/span><\/span><span class=\"EOP SCXW103831167 BCX4\" data-ccp-props=\"{}\">\u00a0<\/span><\/p>\n<p>El informe est\u00e1 disponible para los suscriptores de Forrester o para su compra.<\/p>\n<\/div>\n          \n        <\/section>\n\n<\/div><!-- .overit-block-wrapper -->\n<\/div><!-- .overit-block -->\n\n\n<div\n  class=\"overit-block overit-block--light-gray overit-radius-full overit-no-margin overit-padding-medium-top \n  overit-block-configurable-jumbotron\"\n        >\n  \n  <div class=\"overit-block-wrapper\">\n\n<section class=\"configurable-jumbotron center\" >\n                  <div class=\"cj-section-title\">INFORMES DE LOS ANALISTAS<\/div>\n          \n    \n                  <div class=\"cj-subtitle medium\"><p>\u00bfDesea obtener m\u00e1s informaci\u00f3n sobre las principales empresas de consultivo e investigaci\u00f3n de TI? Consulte sus informes sobre OverIT.<\/p>\n<\/div>\n          \n        <\/section>\n\n<\/div><!-- .overit-block-wrapper -->\n<\/div><!-- .overit-block -->\n\n\n<div\n  class=\"overit-block overit-block--light-gray overit-radius-full overit-no-margin overit-padding-medium \n  overit-block-industries-sections\"\n        >\n  \n  <div class=\"overit-block-wrapper\">\n\n  <div class=\"industries-tiles\">\n     \n              <a class=\"industries-tiles__link \" href=\"\/es\/informes-analistas\/gartner\/\">\n          <div class=\"industries-tiles__tile\">\n                <div class=\"industries-tiles__title\">\n          Ir a los informes de Gartner\n        <\/div>\n      <\/div>\n          <\/a>\n         \n              <a class=\"industries-tiles__link \" href=\"\/es\/informes-analistas\/idc\/\">\n          <div class=\"industries-tiles__tile\">\n                <div class=\"industries-tiles__title\">\n          Ir a los informes de IDC\n        <\/div>\n      <\/div>\n          <\/a>\n         \n              <a class=\"industries-tiles__link \" href=\"\/es\/informes-analistas\/forrester\/\">\n          <div class=\"industries-tiles__tile\">\n                <div class=\"industries-tiles__title\">\n          Ir a los informes de Forrester\n        <\/div>\n      <\/div>\n          <\/a>\n         \n              <a class=\"industries-tiles__link \" href=\"\/es\/informes-analistas\/constellation-research\/\">\n          <div class=\"industries-tiles__tile\">\n                <div class=\"industries-tiles__title\">\n          Ir a los informes de Constellation Research\n        <\/div>\n      <\/div>\n          <\/a>\n          <\/div>\n\n<\/div><!-- .overit-block-wrapper -->\n<\/div><!-- .overit-block -->\n","protected":false},"excerpt":{"rendered":"","protected":false},"author":3,"featured_media":39189,"parent":13060,"menu_order":0,"comment_status":"closed","ping_status":"closed","template":"","meta":{"_acf_changed":false,"footnotes":""},"case_study_category":[],"class_list":["post-39170","page","type-page","status-publish","has-post-thumbnail","hentry"],"acf":[],"yoast_head":"<!-- This site is optimized with the Yoast SEO Premium plugin v25.6 (Yoast SEO v25.6) - https:\/\/yoast.com\/wordpress\/plugins\/seo\/ -->\n<title>Forrester - Enterprise extended reality and metaverse<\/title>\n<meta name=\"description\" content=\"OverIT ha sido entrevistada y mencionada en los informes de Forrester &quot;A reality check for enterprise extended reality and metaverse&quot;\" \/>\n<meta name=\"robots\" content=\"index, follow, max-snippet:-1, max-image-preview:large, max-video-preview:-1\" \/>\n<link rel=\"canonical\" href=\"https:\/\/www.overit.ai\/es\/informes-analistas\/forrester\/a-reality-check-for-enterprise-extended-reality-and-metaverse-q2-2023\/\" \/>\n<meta property=\"og:locale\" content=\"es_ES\" \/>\n<meta property=\"og:type\" content=\"article\" \/>\n<meta property=\"og:title\" content=\"Forrester - Enterprise extended reality and metaverse\" \/>\n<meta property=\"og:description\" content=\"OverIT ha sido entrevistada y mencionada en los informes de Forrester &quot;A reality check for enterprise extended reality and metaverse&quot;\" \/>\n<meta property=\"og:url\" content=\"https:\/\/www.overit.ai\/es\/informes-analistas\/forrester\/a-reality-check-for-enterprise-extended-reality-and-metaverse-q2-2023\/\" \/>\n<meta property=\"og:site_name\" content=\"OverIT\" \/>\n<meta property=\"article:modified_time\" content=\"2025-08-06T15:23:14+00:00\" \/>\n<meta property=\"og:image\" content=\"https:\/\/www.overit.ai\/app\/uploads\/2023\/05\/hector-j-rivas-1FxMET2U5dU-unsplash-scaled.jpg\" \/>\n\t<meta property=\"og:image:width\" content=\"2560\" \/>\n\t<meta property=\"og:image:height\" content=\"1718\" \/>\n\t<meta property=\"og:image:type\" content=\"image\/jpeg\" \/>\n<meta name=\"twitter:card\" content=\"summary_large_image\" \/>\n<meta name=\"twitter:title\" content=\"A reality check for enterprise extended reality and metaverse, Q2 2023\" \/>\n<meta name=\"twitter:label1\" content=\"Est. reading time\" \/>\n\t<meta name=\"twitter:data1\" content=\"3 minutes\" \/>\n<script type=\"application\/ld+json\" class=\"yoast-schema-graph\">{\"@context\":\"https:\/\/schema.org\",\"@graph\":[{\"@type\":\"WebPage\",\"@id\":\"https:\/\/www.overit.ai\/es\/informes-analistas\/forrester\/a-reality-check-for-enterprise-extended-reality-and-metaverse-q2-2023\/\",\"url\":\"https:\/\/www.overit.ai\/es\/informes-analistas\/forrester\/a-reality-check-for-enterprise-extended-reality-and-metaverse-q2-2023\/\",\"name\":\"Forrester - Enterprise extended reality and metaverse\",\"isPartOf\":{\"@id\":\"https:\/\/www.overit.ai\/es\/#website\"},\"primaryImageOfPage\":{\"@id\":\"https:\/\/www.overit.ai\/es\/informes-analistas\/forrester\/a-reality-check-for-enterprise-extended-reality-and-metaverse-q2-2023\/#primaryimage\"},\"image\":{\"@id\":\"https:\/\/www.overit.ai\/es\/informes-analistas\/forrester\/a-reality-check-for-enterprise-extended-reality-and-metaverse-q2-2023\/#primaryimage\"},\"thumbnailUrl\":\"https:\/\/www.overit.ai\/app\/uploads\/2023\/05\/hector-j-rivas-1FxMET2U5dU-unsplash-scaled.jpg\",\"datePublished\":\"2023-05-26T12:02:15+00:00\",\"dateModified\":\"2025-08-06T15:23:14+00:00\",\"description\":\"OverIT ha sido entrevistada y mencionada en los informes de Forrester \\\"A reality check for enterprise extended reality and metaverse\\\"\",\"breadcrumb\":{\"@id\":\"https:\/\/www.overit.ai\/es\/informes-analistas\/forrester\/a-reality-check-for-enterprise-extended-reality-and-metaverse-q2-2023\/#breadcrumb\"},\"inLanguage\":\"es-ES\",\"potentialAction\":[{\"@type\":\"ReadAction\",\"target\":[\"https:\/\/www.overit.ai\/es\/informes-analistas\/forrester\/a-reality-check-for-enterprise-extended-reality-and-metaverse-q2-2023\/\"]}]},{\"@type\":\"ImageObject\",\"inLanguage\":\"es-ES\",\"@id\":\"https:\/\/www.overit.ai\/es\/informes-analistas\/forrester\/a-reality-check-for-enterprise-extended-reality-and-metaverse-q2-2023\/#primaryimage\",\"url\":\"https:\/\/www.overit.ai\/app\/uploads\/2023\/05\/hector-j-rivas-1FxMET2U5dU-unsplash-scaled.jpg\",\"contentUrl\":\"https:\/\/www.overit.ai\/app\/uploads\/2023\/05\/hector-j-rivas-1FxMET2U5dU-unsplash-scaled.jpg\",\"width\":2560,\"height\":1718,\"caption\":\"Forrester Q2 2023\"},{\"@type\":\"BreadcrumbList\",\"@id\":\"https:\/\/www.overit.ai\/es\/informes-analistas\/forrester\/a-reality-check-for-enterprise-extended-reality-and-metaverse-q2-2023\/#breadcrumb\",\"itemListElement\":[{\"@type\":\"ListItem\",\"position\":1,\"name\":\"Home\",\"item\":\"https:\/\/www.overit.ai\/es\/\"},{\"@type\":\"ListItem\",\"position\":2,\"name\":\"Informes de los Analistas\",\"item\":\"https:\/\/www.overit.ai\/es\/informes-analistas\/\"},{\"@type\":\"ListItem\",\"position\":3,\"name\":\"Forrester\",\"item\":\"https:\/\/www.overit.ai\/es\/informes-analistas\/forrester\/\"},{\"@type\":\"ListItem\",\"position\":4,\"name\":\"A reality check for enterprise extended reality and metaverse, Q2 2023\"}]},{\"@type\":\"WebSite\",\"@id\":\"https:\/\/www.overit.ai\/es\/#website\",\"url\":\"https:\/\/www.overit.ai\/es\/\",\"name\":\"OverIT\",\"description\":\"Innovation in Field Service Management\",\"publisher\":{\"@id\":\"https:\/\/www.overit.ai\/es\/#organization\"},\"potentialAction\":[{\"@type\":\"SearchAction\",\"target\":{\"@type\":\"EntryPoint\",\"urlTemplate\":\"https:\/\/www.overit.ai\/es\/?s={search_term_string}\"},\"query-input\":{\"@type\":\"PropertyValueSpecification\",\"valueRequired\":true,\"valueName\":\"search_term_string\"}}],\"inLanguage\":\"es-ES\"},{\"@type\":\"Organization\",\"@id\":\"https:\/\/www.overit.ai\/es\/#organization\",\"name\":\"OverIT\",\"url\":\"https:\/\/www.overit.ai\/es\/\",\"logo\":{\"@type\":\"ImageObject\",\"inLanguage\":\"es-ES\",\"@id\":\"https:\/\/www.overit.ai\/es\/#\/schema\/logo\/image\/\",\"url\":\"https:\/\/www.overit.ai\/app\/uploads\/2021\/10\/OverIT-logo-400.png\",\"contentUrl\":\"https:\/\/www.overit.ai\/app\/uploads\/2021\/10\/OverIT-logo-400.png\",\"width\":400,\"height\":250,\"caption\":\"OverIT\"},\"image\":{\"@id\":\"https:\/\/www.overit.ai\/es\/#\/schema\/logo\/image\/\"}}]}<\/script>\n<!-- \/ Yoast SEO Premium plugin. -->","yoast_head_json":{"title":"Forrester - Enterprise extended reality and metaverse","description":"OverIT ha sido entrevistada y mencionada en los informes de Forrester \"A reality check for enterprise extended reality and metaverse\"","robots":{"index":"index","follow":"follow","max-snippet":"max-snippet:-1","max-image-preview":"max-image-preview:large","max-video-preview":"max-video-preview:-1"},"canonical":"https:\/\/www.overit.ai\/es\/informes-analistas\/forrester\/a-reality-check-for-enterprise-extended-reality-and-metaverse-q2-2023\/","og_locale":"es_ES","og_type":"article","og_title":"Forrester - Enterprise extended reality and metaverse","og_description":"OverIT ha sido entrevistada y mencionada en los informes de Forrester \"A reality check for enterprise extended reality and metaverse\"","og_url":"https:\/\/www.overit.ai\/es\/informes-analistas\/forrester\/a-reality-check-for-enterprise-extended-reality-and-metaverse-q2-2023\/","og_site_name":"OverIT","article_modified_time":"2025-08-06T15:23:14+00:00","og_image":[{"width":2560,"height":1718,"url":"https:\/\/www.overit.ai\/app\/uploads\/2023\/05\/hector-j-rivas-1FxMET2U5dU-unsplash-scaled.jpg","type":"image\/jpeg"}],"twitter_card":"summary_large_image","twitter_title":"A reality check for enterprise extended reality and metaverse, Q2 2023","twitter_misc":{"Est. reading time":"3 minutes"},"schema":{"@context":"https:\/\/schema.org","@graph":[{"@type":"WebPage","@id":"https:\/\/www.overit.ai\/es\/informes-analistas\/forrester\/a-reality-check-for-enterprise-extended-reality-and-metaverse-q2-2023\/","url":"https:\/\/www.overit.ai\/es\/informes-analistas\/forrester\/a-reality-check-for-enterprise-extended-reality-and-metaverse-q2-2023\/","name":"Forrester - Enterprise extended reality and metaverse","isPartOf":{"@id":"https:\/\/www.overit.ai\/es\/#website"},"primaryImageOfPage":{"@id":"https:\/\/www.overit.ai\/es\/informes-analistas\/forrester\/a-reality-check-for-enterprise-extended-reality-and-metaverse-q2-2023\/#primaryimage"},"image":{"@id":"https:\/\/www.overit.ai\/es\/informes-analistas\/forrester\/a-reality-check-for-enterprise-extended-reality-and-metaverse-q2-2023\/#primaryimage"},"thumbnailUrl":"https:\/\/www.overit.ai\/app\/uploads\/2023\/05\/hector-j-rivas-1FxMET2U5dU-unsplash-scaled.jpg","datePublished":"2023-05-26T12:02:15+00:00","dateModified":"2025-08-06T15:23:14+00:00","description":"OverIT ha sido entrevistada y mencionada en los informes de Forrester \"A reality check for enterprise extended reality and metaverse\"","breadcrumb":{"@id":"https:\/\/www.overit.ai\/es\/informes-analistas\/forrester\/a-reality-check-for-enterprise-extended-reality-and-metaverse-q2-2023\/#breadcrumb"},"inLanguage":"es-ES","potentialAction":[{"@type":"ReadAction","target":["https:\/\/www.overit.ai\/es\/informes-analistas\/forrester\/a-reality-check-for-enterprise-extended-reality-and-metaverse-q2-2023\/"]}]},{"@type":"ImageObject","inLanguage":"es-ES","@id":"https:\/\/www.overit.ai\/es\/informes-analistas\/forrester\/a-reality-check-for-enterprise-extended-reality-and-metaverse-q2-2023\/#primaryimage","url":"https:\/\/www.overit.ai\/app\/uploads\/2023\/05\/hector-j-rivas-1FxMET2U5dU-unsplash-scaled.jpg","contentUrl":"https:\/\/www.overit.ai\/app\/uploads\/2023\/05\/hector-j-rivas-1FxMET2U5dU-unsplash-scaled.jpg","width":2560,"height":1718,"caption":"Forrester Q2 2023"},{"@type":"BreadcrumbList","@id":"https:\/\/www.overit.ai\/es\/informes-analistas\/forrester\/a-reality-check-for-enterprise-extended-reality-and-metaverse-q2-2023\/#breadcrumb","itemListElement":[{"@type":"ListItem","position":1,"name":"Home","item":"https:\/\/www.overit.ai\/es\/"},{"@type":"ListItem","position":2,"name":"Informes de los Analistas","item":"https:\/\/www.overit.ai\/es\/informes-analistas\/"},{"@type":"ListItem","position":3,"name":"Forrester","item":"https:\/\/www.overit.ai\/es\/informes-analistas\/forrester\/"},{"@type":"ListItem","position":4,"name":"A reality check for enterprise extended reality and metaverse, Q2 2023"}]},{"@type":"WebSite","@id":"https:\/\/www.overit.ai\/es\/#website","url":"https:\/\/www.overit.ai\/es\/","name":"OverIT","description":"Innovation in Field Service Management","publisher":{"@id":"https:\/\/www.overit.ai\/es\/#organization"},"potentialAction":[{"@type":"SearchAction","target":{"@type":"EntryPoint","urlTemplate":"https:\/\/www.overit.ai\/es\/?s={search_term_string}"},"query-input":{"@type":"PropertyValueSpecification","valueRequired":true,"valueName":"search_term_string"}}],"inLanguage":"es-ES"},{"@type":"Organization","@id":"https:\/\/www.overit.ai\/es\/#organization","name":"OverIT","url":"https:\/\/www.overit.ai\/es\/","logo":{"@type":"ImageObject","inLanguage":"es-ES","@id":"https:\/\/www.overit.ai\/es\/#\/schema\/logo\/image\/","url":"https:\/\/www.overit.ai\/app\/uploads\/2021\/10\/OverIT-logo-400.png","contentUrl":"https:\/\/www.overit.ai\/app\/uploads\/2021\/10\/OverIT-logo-400.png","width":400,"height":250,"caption":"OverIT"},"image":{"@id":"https:\/\/www.overit.ai\/es\/#\/schema\/logo\/image\/"}}]}},"_links":{"self":[{"href":"https:\/\/www.overit.ai\/es\/wp-json\/wp\/v2\/pages\/39170","targetHints":{"allow":["GET"]}}],"collection":[{"href":"https:\/\/www.overit.ai\/es\/wp-json\/wp\/v2\/pages"}],"about":[{"href":"https:\/\/www.overit.ai\/es\/wp-json\/wp\/v2\/types\/page"}],"author":[{"embeddable":true,"href":"https:\/\/www.overit.ai\/es\/wp-json\/wp\/v2\/users\/3"}],"replies":[{"embeddable":true,"href":"https:\/\/www.overit.ai\/es\/wp-json\/wp\/v2\/comments?post=39170"}],"version-history":[{"count":19,"href":"https:\/\/www.overit.ai\/es\/wp-json\/wp\/v2\/pages\/39170\/revisions"}],"predecessor-version":[{"id":65820,"href":"https:\/\/www.overit.ai\/es\/wp-json\/wp\/v2\/pages\/39170\/revisions\/65820"}],"up":[{"embeddable":true,"href":"https:\/\/www.overit.ai\/es\/wp-json\/wp\/v2\/pages\/13060"}],"wp:featuredmedia":[{"embeddable":true,"href":"https:\/\/www.overit.ai\/es\/wp-json\/wp\/v2\/media\/39189"}],"wp:attachment":[{"href":"https:\/\/www.overit.ai\/es\/wp-json\/wp\/v2\/media?parent=39170"}],"wp:term":[{"taxonomy":"case_study_category","embeddable":true,"href":"https:\/\/www.overit.ai\/es\/wp-json\/wp\/v2\/case_study_category?post=39170"}],"curies":[{"name":"wp","href":"https:\/\/api.w.org\/{rel}","templated":true}]}}