{"id":34540,"date":"2022-11-11T16:29:44","date_gmt":"2022-11-11T16:29:44","guid":{"rendered":"https:\/\/www.overit.ai\/it\/?page_id=34540"},"modified":"2024-09-26T14:22:07","modified_gmt":"2024-09-26T14:22:07","slug":"gartner-cuadrante-magico-para-el-field-service-management-2022","status":"publish","type":"page","link":"https:\/\/www.overit.ai\/es\/informes-analistas\/gartner\/gartner-cuadrante-magico-para-el-field-service-management-2022\/","title":{"rendered":"Gartner \u2013 Cuadrante M\u00e1gico para el Field Service Management 2022"},"content":{"rendered":"<div\n  class=\"overit-block overit-block--white overit-radius-full overit-no-margin overit-no-padding \n  overit-block-full-width-top-banner\"\n        >\n  \n  <div class=\"overit-block-wrapper\">\n\n\n<section class=\"block-fwtb\">\n  <div class=\"block-fwtb__bg \">\n    <div class=\"block-fwtb__content block-fwtb__content--light\">\n                        <div class=\"block-fwtb__title\" data-aos=\"zoom-in\">GARTNER<\/div>\n                                              <h1 class=\"block-fwtb__subtitle \" data-aos=\"zoom-in\" data-aos-delay=\"200\">Cuadrante M\u00e1gico de Gartner\u00ae para el Field Service Management 2022<\/h1>\n                        <\/div>\n          <div class=\"block-fwtb__bg_image\" style=\"background: linear-gradient(0deg, rgba(0, 0, 0, 0.4), rgba(0, 0, 0, 0.4)), url('https:\/\/www.overit.ai\/app\/uploads\/2022\/11\/Gartner-Magic-Quadrant-for-Field-Service-Management-2022.jpg') center center\"><\/div>\n      <\/div>\n<\/section>\n\n<\/div><!-- .overit-block-wrapper -->\n<\/div><!-- .overit-block -->\n\n\n<div\n  class=\"overit-block overit-block--white overit-radius-full overit-margin-small overit-padding-small \n  overit-block-configurable-jumbotron\"\n        >\n  \n  <div class=\"overit-block-wrapper\">\n\n<section class=\"configurable-jumbotron left\" >\n    \n                  <h2  class=\"cj-title medium\">OverIT ha sido nombrada visionaria por la cuarta vez consecutiva en el Cuadrante M\u00e1gico para el Field Service Management de Gartner\u00ae redactado por Jim Robinson y Leif-Olof Wallin el 24 de octubre de 2022.<\/h2 >\n          \n                  <div class=\"cj-subtitle medium\"><p>Nos llena de orgullo el reconocimiento de Gartner en el Cuadrante de los Visionarios, debido a nuestra Integridad de Visi\u00f3n y Capacidad de Ejecuci\u00f3n.<\/p>\n<p>La extensi\u00f3n de nuestra soluci\u00f3n junto con un enfoque altamente innovador, ofrecen a nuestros clientes la <a href=\"https:\/\/www.overit.ai\/es\/plataforma\/\">plataforma de FSM<\/a> m\u00e1s avanzada para la gesti\u00f3n de los activos lineales. Ajustarse a las exigencias de nuestros clientes en distintas esferas de las operaciones de Field Service, como en el caso del mantenimiento de los activos, de la optimizaci\u00f3n de la planificaci\u00f3n, de la movilidad, de la cooperaci\u00f3n entre usuarios, de la Augmented Reality y del Machine Learning y, junto con un potente diferenciador en el GIS, estas competencias act\u00faan de elementos clave a\u00f1adiendo un valor \u00fanico a nuestros clientes.<\/p>\n<p>Empresas de los sectores de <a href=\"https:\/\/www.overit.ai\/es\/sectores\/energia-servicios-publicos\/\">Energ\u00eda y Empresas de Servicios<\/a>, <a href=\"https:\/\/www.overit.ai\/es\/sectores\/petroleo-gas\/\">Oleo y Gas<\/a>, <a href=\"https:\/\/www.overit.ai\/es\/sectores\/telecomunicaciones\/\">Telecomunicaciones<\/a>, y <a href=\"https:\/\/www.overit.ai\/es\/sectores\/transportes-e-infraestructuras\/\">Transportes<\/a> nos han elegido debido a que, con m\u00e1s de 20 a\u00f1os de experiencia en el \u00e1mbito del FSM y cientos de clientes activos en estos sectores, conocemos los principales casos de uso y las funcionalidades clave que los usuarios requieren, as\u00ed ayud\u00e1ndolos a mantener sus comunidades activas.<br \/>\nPlazos de implementaci\u00f3n m\u00e1s r\u00e1pidos, actualizaciones fluidas y extensibilidad de las funcionalidades son factores estrat\u00e9gicos. Nuestro objetivo es brindar a nuestros clientes una platforma de FSM que sea m\u00e1s y m\u00e1s completa para guiarlos al futuro, aprovechando en todo momento la gran extensi\u00f3n de nuestra soluci\u00f3n.<\/p>\n<\/div>\n          \n        <\/section>\n\n<\/div><!-- .overit-block-wrapper -->\n<\/div><!-- .overit-block -->\n\n\n<div\n  class=\"overit-block overit-block--white overit-radius-full overit-no-margin overit-padding-medium-bottom \n  overit-block-customer-disclaimer\"\n        >\n  \n  <div class=\"overit-block-wrapper\">\n\n<div class=\"cdisclaimer\">\n  <div class=\"cdisclaimer__bg\">&nbsp;<\/div>\n  <div class=\"cdisclaimer__content\">\n    <div class=\"cdisclaimer__title-cont\">\n      <div class=\"cdisclaimer__img\">\n        <img decoding=\"async\" src=\"https:\/\/www.overit.ai\/app\/themes\/overit-theme\/dist\/images\/citation_d93c975a.svg\" alt=\"citation symbol\" \/>\n      <\/div>\n      <div class=\"cdisclaimer__title\">\n        Descargo de responsabilidad de Gartner\n      <\/div>\n    <\/div>\n    <div class=\"cdisclaimer__description\" data-aos=\"fade-left\">\n      <p>Gartner no promueve a ning\u00fan proveedor, producto o servicio descrito en sus publicaciones de investigaci\u00f3n, y no aconseja a los usuarios de tecnolog\u00eda que seleccionen \u00fanicamente a los proveedores con las calificaciones m\u00e1s altas u otra designaci\u00f3n. Las publicaciones de investigaci\u00f3n de Gartner consisten en las opiniones de la organizaci\u00f3n de investigaci\u00f3n de Gartner y no deben interpretarse como declaraciones de hecho. Gartner rechaza toda garant\u00eda, expresa o impl\u00edcita, con respecto a esta investigaci\u00f3n, incluida cualquier garant\u00eda de comerciabilidad o idoneidad para un prop\u00f3sito espec\u00edfico.<\/p>\n\n    <\/div>\n  <\/div>\n<\/div>\n\n<\/div><!-- .overit-block-wrapper -->\n<\/div><!-- .overit-block -->\n\n\n<div\n  class=\"overit-block overit-block--white overit-radius-full overit-margin-small-top overit-no-padding \n  overit-block-configurable-jumbotron\"\n        >\n  \n  <div class=\"overit-block-wrapper\">\n\n<section class=\"configurable-jumbotron center\" >\n                  <div class=\"cj-section-title\">INFORMES DE LOS ANALISTAS<\/div>\n          \n                  <h3  class=\"cj-title medium\">OverIT se compromete a ser una empresa innovadora en la industria del Field Service Management. Estamos orgullosos de que se nos mencione en los informes de empresas de consultivo y investigaci\u00f3n de TI l\u00edderes en el mundo.<\/h3 >\n          \n                  <div class=\"cj-subtitle medium\"><p>\u00bfDesea obtener m\u00e1s informaci\u00f3n sobre las principales empresas de consultivo e investigaci\u00f3n de TI? Consulte sus informes sobre OverIT.<\/p>\n<\/div>\n          \n        <\/section>\n\n<\/div><!-- .overit-block-wrapper -->\n<\/div><!-- .overit-block -->\n\n\n<div\n  class=\"overit-block overit-block--white overit-radius-full overit-no-margin overit-padding-medium \n  overit-block-industries-sections\"\n        >\n  \n  <div class=\"overit-block-wrapper\">\n\n  <div class=\"industries-tiles\">\n     \n              <a class=\"industries-tiles__link \" href=\"\/es\/informes-analistas\/gartner\/\">\n          <div class=\"industries-tiles__tile\">\n                <div class=\"industries-tiles__title\">\n          Ir a los informes de Gartner\n        <\/div>\n      <\/div>\n          <\/a>\n         \n              <a class=\"industries-tiles__link \" href=\"\/es\/informes-analistas\/idc\/\">\n          <div class=\"industries-tiles__tile\">\n                <div class=\"industries-tiles__title\">\n          Ir a los informes de IDC\n        <\/div>\n      <\/div>\n          <\/a>\n         \n              <a class=\"industries-tiles__link \" href=\"\/es\/informes-analistas\/forrester\/\">\n          <div class=\"industries-tiles__tile\">\n                <div class=\"industries-tiles__title\">\n          Ir a los informes de Forrester\n        <\/div>\n      <\/div>\n          <\/a>\n         \n              <a class=\"industries-tiles__link \" href=\"\/es\/informes-analistas\/constellation-research\/\">\n          <div class=\"industries-tiles__tile\">\n                <div class=\"industries-tiles__title\">\n          Ir a los informes de Constellation Research\n        <\/div>\n      <\/div>\n          <\/a>\n          <\/div>\n\n<\/div><!-- .overit-block-wrapper -->\n<\/div><!-- .overit-block -->\n\n\n\n<p><\/p>\n","protected":false},"excerpt":{"rendered":"","protected":false},"author":3,"featured_media":34544,"parent":13054,"menu_order":0,"comment_status":"closed","ping_status":"closed","template":"","meta":{"_acf_changed":false,"footnotes":""},"case_study_category":[],"class_list":["post-34540","page","type-page","status-publish","has-post-thumbnail","hentry"],"acf":[],"yoast_head":"<!-- This site is optimized with the Yoast SEO Premium plugin v25.6 (Yoast SEO v25.6) - https:\/\/yoast.com\/wordpress\/plugins\/seo\/ -->\n<title>Gartner: Cuadrante M\u00e1gico para el Field Service Management 2022<\/title>\n<meta name=\"description\" content=\"Incluso este a\u00f1o, OverIT ha sido reconocida en el Cuadrante M\u00e1gico de Gartner para el Field Service Management\" \/>\n<meta name=\"robots\" content=\"index, follow, max-snippet:-1, max-image-preview:large, max-video-preview:-1\" \/>\n<link rel=\"canonical\" href=\"https:\/\/www.overit.ai\/es\/informes-analistas\/gartner\/gartner-cuadrante-magico-para-el-field-service-management-2022\/\" \/>\n<meta property=\"og:locale\" content=\"es_ES\" \/>\n<meta property=\"og:type\" content=\"article\" \/>\n<meta property=\"og:title\" content=\"Gartner \u2013 Cuadrante M\u00e1gico para el Field Service Management 2022\" \/>\n<meta property=\"og:description\" content=\"Incluso este a\u00f1o, OverIT ha sido reconocida en el Cuadrante M\u00e1gico de Gartner para el Field Service Management\" \/>\n<meta property=\"og:url\" content=\"https:\/\/www.overit.ai\/es\/informes-analistas\/gartner\/gartner-cuadrante-magico-para-el-field-service-management-2022\/\" \/>\n<meta property=\"og:site_name\" content=\"OverIT\" \/>\n<meta property=\"article:modified_time\" content=\"2024-09-26T14:22:07+00:00\" \/>\n<meta property=\"og:image\" content=\"https:\/\/www.overit.ai\/app\/uploads\/2022\/11\/Gartner-Magic-Quadrant-for-Field-Service-Management-2022.jpg\" \/>\n\t<meta property=\"og:image:width\" content=\"2000\" \/>\n\t<meta property=\"og:image:height\" content=\"1000\" \/>\n\t<meta property=\"og:image:type\" content=\"image\/jpeg\" \/>\n<meta name=\"twitter:card\" content=\"summary_large_image\" \/>\n<script type=\"application\/ld+json\" class=\"yoast-schema-graph\">{\"@context\":\"https:\/\/schema.org\",\"@graph\":[{\"@type\":\"WebPage\",\"@id\":\"https:\/\/www.overit.ai\/es\/informes-analistas\/gartner\/gartner-cuadrante-magico-para-el-field-service-management-2022\/\",\"url\":\"https:\/\/www.overit.ai\/es\/informes-analistas\/gartner\/gartner-cuadrante-magico-para-el-field-service-management-2022\/\",\"name\":\"Gartner: Cuadrante M\u00e1gico para el Field Service Management 2022\",\"isPartOf\":{\"@id\":\"https:\/\/www.overit.ai\/es\/#website\"},\"primaryImageOfPage\":{\"@id\":\"https:\/\/www.overit.ai\/es\/informes-analistas\/gartner\/gartner-cuadrante-magico-para-el-field-service-management-2022\/#primaryimage\"},\"image\":{\"@id\":\"https:\/\/www.overit.ai\/es\/informes-analistas\/gartner\/gartner-cuadrante-magico-para-el-field-service-management-2022\/#primaryimage\"},\"thumbnailUrl\":\"https:\/\/www.overit.ai\/app\/uploads\/2022\/11\/Gartner-Magic-Quadrant-for-Field-Service-Management-2022.jpg\",\"datePublished\":\"2022-11-11T16:29:44+00:00\",\"dateModified\":\"2024-09-26T14:22:07+00:00\",\"description\":\"Incluso este a\u00f1o, OverIT ha sido reconocida en el Cuadrante M\u00e1gico de Gartner para el Field Service Management\",\"breadcrumb\":{\"@id\":\"https:\/\/www.overit.ai\/es\/informes-analistas\/gartner\/gartner-cuadrante-magico-para-el-field-service-management-2022\/#breadcrumb\"},\"inLanguage\":\"es-ES\",\"potentialAction\":[{\"@type\":\"ReadAction\",\"target\":[\"https:\/\/www.overit.ai\/es\/informes-analistas\/gartner\/gartner-cuadrante-magico-para-el-field-service-management-2022\/\"]}]},{\"@type\":\"ImageObject\",\"inLanguage\":\"es-ES\",\"@id\":\"https:\/\/www.overit.ai\/es\/informes-analistas\/gartner\/gartner-cuadrante-magico-para-el-field-service-management-2022\/#primaryimage\",\"url\":\"https:\/\/www.overit.ai\/app\/uploads\/2022\/11\/Gartner-Magic-Quadrant-for-Field-Service-Management-2022.jpg\",\"contentUrl\":\"https:\/\/www.overit.ai\/app\/uploads\/2022\/11\/Gartner-Magic-Quadrant-for-Field-Service-Management-2022.jpg\",\"width\":2000,\"height\":1000,\"caption\":\"Cuadrante M\u00e1gico de Gartner\u00ae para el Field Service Management 2022\"},{\"@type\":\"BreadcrumbList\",\"@id\":\"https:\/\/www.overit.ai\/es\/informes-analistas\/gartner\/gartner-cuadrante-magico-para-el-field-service-management-2022\/#breadcrumb\",\"itemListElement\":[{\"@type\":\"ListItem\",\"position\":1,\"name\":\"Home\",\"item\":\"https:\/\/www.overit.ai\/es\/\"},{\"@type\":\"ListItem\",\"position\":2,\"name\":\"Informes de los Analistas\",\"item\":\"https:\/\/www.overit.ai\/es\/informes-analistas\/\"},{\"@type\":\"ListItem\",\"position\":3,\"name\":\"Gartner\",\"item\":\"https:\/\/www.overit.ai\/es\/informes-analistas\/gartner\/\"},{\"@type\":\"ListItem\",\"position\":4,\"name\":\"Gartner \u2013 Cuadrante M\u00e1gico para el Field Service Management 2022\"}]},{\"@type\":\"WebSite\",\"@id\":\"https:\/\/www.overit.ai\/es\/#website\",\"url\":\"https:\/\/www.overit.ai\/es\/\",\"name\":\"OverIT\",\"description\":\"Innovation in Field Service Management\",\"publisher\":{\"@id\":\"https:\/\/www.overit.ai\/es\/#organization\"},\"potentialAction\":[{\"@type\":\"SearchAction\",\"target\":{\"@type\":\"EntryPoint\",\"urlTemplate\":\"https:\/\/www.overit.ai\/es\/?s={search_term_string}\"},\"query-input\":{\"@type\":\"PropertyValueSpecification\",\"valueRequired\":true,\"valueName\":\"search_term_string\"}}],\"inLanguage\":\"es-ES\"},{\"@type\":\"Organization\",\"@id\":\"https:\/\/www.overit.ai\/es\/#organization\",\"name\":\"OverIT\",\"url\":\"https:\/\/www.overit.ai\/es\/\",\"logo\":{\"@type\":\"ImageObject\",\"inLanguage\":\"es-ES\",\"@id\":\"https:\/\/www.overit.ai\/es\/#\/schema\/logo\/image\/\",\"url\":\"https:\/\/www.overit.ai\/app\/uploads\/2021\/10\/OverIT-logo-400.png\",\"contentUrl\":\"https:\/\/www.overit.ai\/app\/uploads\/2021\/10\/OverIT-logo-400.png\",\"width\":400,\"height\":250,\"caption\":\"OverIT\"},\"image\":{\"@id\":\"https:\/\/www.overit.ai\/es\/#\/schema\/logo\/image\/\"}}]}<\/script>\n<!-- \/ Yoast SEO Premium plugin. -->","yoast_head_json":{"title":"Gartner: Cuadrante M\u00e1gico para el Field Service Management 2022","description":"Incluso este a\u00f1o, OverIT ha sido reconocida en el Cuadrante M\u00e1gico de Gartner para el Field Service Management","robots":{"index":"index","follow":"follow","max-snippet":"max-snippet:-1","max-image-preview":"max-image-preview:large","max-video-preview":"max-video-preview:-1"},"canonical":"https:\/\/www.overit.ai\/es\/informes-analistas\/gartner\/gartner-cuadrante-magico-para-el-field-service-management-2022\/","og_locale":"es_ES","og_type":"article","og_title":"Gartner \u2013 Cuadrante M\u00e1gico para el Field Service Management 2022","og_description":"Incluso este a\u00f1o, OverIT ha sido reconocida en el Cuadrante M\u00e1gico de Gartner para el Field Service Management","og_url":"https:\/\/www.overit.ai\/es\/informes-analistas\/gartner\/gartner-cuadrante-magico-para-el-field-service-management-2022\/","og_site_name":"OverIT","article_modified_time":"2024-09-26T14:22:07+00:00","og_image":[{"width":2000,"height":1000,"url":"https:\/\/www.overit.ai\/app\/uploads\/2022\/11\/Gartner-Magic-Quadrant-for-Field-Service-Management-2022.jpg","type":"image\/jpeg"}],"twitter_card":"summary_large_image","schema":{"@context":"https:\/\/schema.org","@graph":[{"@type":"WebPage","@id":"https:\/\/www.overit.ai\/es\/informes-analistas\/gartner\/gartner-cuadrante-magico-para-el-field-service-management-2022\/","url":"https:\/\/www.overit.ai\/es\/informes-analistas\/gartner\/gartner-cuadrante-magico-para-el-field-service-management-2022\/","name":"Gartner: Cuadrante M\u00e1gico para el Field Service Management 2022","isPartOf":{"@id":"https:\/\/www.overit.ai\/es\/#website"},"primaryImageOfPage":{"@id":"https:\/\/www.overit.ai\/es\/informes-analistas\/gartner\/gartner-cuadrante-magico-para-el-field-service-management-2022\/#primaryimage"},"image":{"@id":"https:\/\/www.overit.ai\/es\/informes-analistas\/gartner\/gartner-cuadrante-magico-para-el-field-service-management-2022\/#primaryimage"},"thumbnailUrl":"https:\/\/www.overit.ai\/app\/uploads\/2022\/11\/Gartner-Magic-Quadrant-for-Field-Service-Management-2022.jpg","datePublished":"2022-11-11T16:29:44+00:00","dateModified":"2024-09-26T14:22:07+00:00","description":"Incluso este a\u00f1o, OverIT ha sido reconocida en el Cuadrante M\u00e1gico de Gartner para el Field Service Management","breadcrumb":{"@id":"https:\/\/www.overit.ai\/es\/informes-analistas\/gartner\/gartner-cuadrante-magico-para-el-field-service-management-2022\/#breadcrumb"},"inLanguage":"es-ES","potentialAction":[{"@type":"ReadAction","target":["https:\/\/www.overit.ai\/es\/informes-analistas\/gartner\/gartner-cuadrante-magico-para-el-field-service-management-2022\/"]}]},{"@type":"ImageObject","inLanguage":"es-ES","@id":"https:\/\/www.overit.ai\/es\/informes-analistas\/gartner\/gartner-cuadrante-magico-para-el-field-service-management-2022\/#primaryimage","url":"https:\/\/www.overit.ai\/app\/uploads\/2022\/11\/Gartner-Magic-Quadrant-for-Field-Service-Management-2022.jpg","contentUrl":"https:\/\/www.overit.ai\/app\/uploads\/2022\/11\/Gartner-Magic-Quadrant-for-Field-Service-Management-2022.jpg","width":2000,"height":1000,"caption":"Cuadrante M\u00e1gico de Gartner\u00ae para el Field Service Management 2022"},{"@type":"BreadcrumbList","@id":"https:\/\/www.overit.ai\/es\/informes-analistas\/gartner\/gartner-cuadrante-magico-para-el-field-service-management-2022\/#breadcrumb","itemListElement":[{"@type":"ListItem","position":1,"name":"Home","item":"https:\/\/www.overit.ai\/es\/"},{"@type":"ListItem","position":2,"name":"Informes de los Analistas","item":"https:\/\/www.overit.ai\/es\/informes-analistas\/"},{"@type":"ListItem","position":3,"name":"Gartner","item":"https:\/\/www.overit.ai\/es\/informes-analistas\/gartner\/"},{"@type":"ListItem","position":4,"name":"Gartner \u2013 Cuadrante M\u00e1gico para el Field Service Management 2022"}]},{"@type":"WebSite","@id":"https:\/\/www.overit.ai\/es\/#website","url":"https:\/\/www.overit.ai\/es\/","name":"OverIT","description":"Innovation in Field Service Management","publisher":{"@id":"https:\/\/www.overit.ai\/es\/#organization"},"potentialAction":[{"@type":"SearchAction","target":{"@type":"EntryPoint","urlTemplate":"https:\/\/www.overit.ai\/es\/?s={search_term_string}"},"query-input":{"@type":"PropertyValueSpecification","valueRequired":true,"valueName":"search_term_string"}}],"inLanguage":"es-ES"},{"@type":"Organization","@id":"https:\/\/www.overit.ai\/es\/#organization","name":"OverIT","url":"https:\/\/www.overit.ai\/es\/","logo":{"@type":"ImageObject","inLanguage":"es-ES","@id":"https:\/\/www.overit.ai\/es\/#\/schema\/logo\/image\/","url":"https:\/\/www.overit.ai\/app\/uploads\/2021\/10\/OverIT-logo-400.png","contentUrl":"https:\/\/www.overit.ai\/app\/uploads\/2021\/10\/OverIT-logo-400.png","width":400,"height":250,"caption":"OverIT"},"image":{"@id":"https:\/\/www.overit.ai\/es\/#\/schema\/logo\/image\/"}}]}},"_links":{"self":[{"href":"https:\/\/www.overit.ai\/es\/wp-json\/wp\/v2\/pages\/34540","targetHints":{"allow":["GET"]}}],"collection":[{"href":"https:\/\/www.overit.ai\/es\/wp-json\/wp\/v2\/pages"}],"about":[{"href":"https:\/\/www.overit.ai\/es\/wp-json\/wp\/v2\/types\/page"}],"author":[{"embeddable":true,"href":"https:\/\/www.overit.ai\/es\/wp-json\/wp\/v2\/users\/3"}],"replies":[{"embeddable":true,"href":"https:\/\/www.overit.ai\/es\/wp-json\/wp\/v2\/comments?post=34540"}],"version-history":[{"count":9,"href":"https:\/\/www.overit.ai\/es\/wp-json\/wp\/v2\/pages\/34540\/revisions"}],"predecessor-version":[{"id":59219,"href":"https:\/\/www.overit.ai\/es\/wp-json\/wp\/v2\/pages\/34540\/revisions\/59219"}],"up":[{"embeddable":true,"href":"https:\/\/www.overit.ai\/es\/wp-json\/wp\/v2\/pages\/13054"}],"wp:featuredmedia":[{"embeddable":true,"href":"https:\/\/www.overit.ai\/es\/wp-json\/wp\/v2\/media\/34544"}],"wp:attachment":[{"href":"https:\/\/www.overit.ai\/es\/wp-json\/wp\/v2\/media?parent=34540"}],"wp:term":[{"taxonomy":"case_study_category","embeddable":true,"href":"https:\/\/www.overit.ai\/es\/wp-json\/wp\/v2\/case_study_category?post=34540"}],"curies":[{"name":"wp","href":"https:\/\/api.w.org\/{rel}","templated":true}]}}