{"id":32258,"date":"2022-06-27T09:29:53","date_gmt":"2022-06-27T09:29:53","guid":{"rendered":"https:\/\/www.overit.ai\/it\/?page_id=32258"},"modified":"2022-06-27T09:36:07","modified_gmt":"2022-06-27T09:36:07","slug":"overit-nombrada-vendedor-representativo-en-la-market-guide-for-mobile-workforce-management-software-for-utilities-de-2022-de-gartner","status":"publish","type":"page","link":"https:\/\/www.overit.ai\/es\/informes-analistas\/gartner\/overit-nombrada-vendedor-representativo-en-la-market-guide-for-mobile-workforce-management-software-for-utilities-de-2022-de-gartner\/","title":{"rendered":"OverIT nombrada Vendedor Representativo en la &#8220;Market Guide for Mobile Workforce Management Software for Utilities&#8221; de 2022 de Gartner\u00ae"},"content":{"rendered":"<div\n  class=\"overit-block overit-block--white overit-radius-full overit-no-margin overit-no-padding \n  overit-block-full-width-top-banner\"\n        >\n  \n  <div class=\"overit-block-wrapper\">\n\n\n<section class=\"block-fwtb\">\n  <div class=\"block-fwtb__bg \">\n    <div class=\"block-fwtb__content block-fwtb__content--light\">\n                        <div class=\"block-fwtb__title\" data-aos=\"zoom-in\">GARTNER<\/div>\n                                              <h1 class=\"block-fwtb__subtitle \" data-aos=\"zoom-in\" data-aos-delay=\"200\">Market Guide for Mobile Workforce Management Software for Utilities 2022<\/h1>\n                        <\/div>\n          <div class=\"block-fwtb__bg_image\" style=\"background: linear-gradient(0deg, rgba(0, 0, 0, 0), rgba(0, 0, 0, 0)), url('https:\/\/www.overit.ai\/app\/uploads\/2022\/06\/OverIT-named-as-a-Representative-Vendor-in-2022-Gartner\u00ae-Market-Guide-for-Mobile-Workforce-Management-Software-for-Utilities.jpg') center center\"><\/div>\n      <\/div>\n<\/section>\n\n<\/div><!-- .overit-block-wrapper -->\n<\/div><!-- .overit-block -->\n\n\n<div\n  class=\"overit-block overit-block--white overit-radius-full overit-margin-small overit-padding-small \n  overit-block-configurable-jumbotron\"\n        >\n  \n  <div class=\"overit-block-wrapper\">\n\n<section class=\"configurable-jumbotron left\" >\n    \n                  <h2  class=\"cj-title large\">OverIT nombrada Vendedor Representativo en la \u201cMarket Guide for Mobile Workforce Management Software for Utilities\u201d de 2022 de Gartner<sup>\u00ae<\/sup><\/h2 >\n          \n                  <div class=\"cj-subtitle medium\"><p>Incluso en 2022 y entonces por la cuarta vez, OverIT ha sido nombrada Vendedor Representativo en la \u201cMarket Guide for Mobile Workforce Management Software for Utilities\u201d de Gartner<sup>\u00ae<\/sup>, redactada por Nicole Foust, Jim Robinson y Lloyd Jones el 30 de mayo de 2022.<\/p>\n<p>Numerosas Empresas de Servicios P\u00fablicos est\u00e1n agilizando su proceso de transformaci\u00f3n digital, adoptando tecnolog\u00edas m\u00e1s y m\u00e1s innovadoras que permitan la gesti\u00f3n y ejecuci\u00f3n remota de las operaciones, la colaboraci\u00f3n entre t\u00e9cnicos y la transferencia del conocimiento.<\/p>\n<p>Este informe investiga c\u00f3mo \u00ablas Empresas de Servicios P\u00fablicos est\u00e1n modernizando sus operaciones de campo, aprovechando las nuevas funcionalidades digitales con el objetivo de tener una \u00fanica visi\u00f3n de la realidad, apoyadas por el software de gesti\u00f3n del personal m\u00f3vil y as\u00ed mejorar la experiencia de los empleados. Esta gu\u00eda proporciona informaci\u00f3n a los CIO sobre las direcciones del mercado de MWM y las ofertas de los proveedores\u00bb.<\/p>\n<p>Nos sentimos honrados y consideramos este un importante reconocimiento por parte de Gartner. Con m\u00e1s de veinte a\u00f1os de experiencia en el sector de los servicios p\u00fablicos, hemos desarrollado una importante experiencia en el sector y un profundo conocimiento de los procesos.<br \/>\nLa Next-Gen FSM Platform aprovecha despliegues SaaS y on-premise para darle soporte diario a miles de t\u00e9cnicos globales que act\u00faan en los sectores del agua, de la electricidad y de la transmisi\u00f3n y distribuci\u00f3n del gas, optimizando la fuerza de trabajo m\u00f3vil a nivel mundial.<\/p>\n<\/div>\n          \n        <\/section>\n\n<\/div><!-- .overit-block-wrapper -->\n<\/div><!-- .overit-block -->\n\n\n<div\n  class=\"overit-block overit-block--white overit-radius-full overit-no-margin overit-padding-medium-bottom \n  overit-block-customer-disclaimer\"\n        >\n  \n  <div class=\"overit-block-wrapper\">\n\n<div class=\"cdisclaimer\">\n  <div class=\"cdisclaimer__bg\">&nbsp;<\/div>\n  <div class=\"cdisclaimer__content\">\n    <div class=\"cdisclaimer__title-cont\">\n      <div class=\"cdisclaimer__img\">\n        <img decoding=\"async\" src=\"https:\/\/www.overit.ai\/app\/themes\/overit-theme\/dist\/images\/citation_d93c975a.svg\" alt=\"citation symbol\" \/>\n      <\/div>\n      <div class=\"cdisclaimer__title\">\n        Gartner Disclaimer\n      <\/div>\n    <\/div>\n    <div class=\"cdisclaimer__description\" data-aos=\"fade-left\">\n      <p>\u00abMarket Guide for Mobile Workforce Management Systems for Utilities\u00bb, Nicole Foust, Nicole Foust, Jim Robinson, Lloyd Jones, 30 de mayo 2022. GARTNER es una marca registrada y una marca de servicio de Gartner, Inc. y\/o sus afiliadas en los Estados Unidos y internacionalmente y se utiliza aqu\u00ed con su permiso. Todos los derechos reservados.<br \/>\nGartner no promueve a ning\u00fan proveedor, producto o servicio descrito en sus publicaciones de investigaci\u00f3n, y no aconseja a los usuarios de tecnolog\u00eda que seleccionen \u00fanicamente a los proveedores con las calificaciones m\u00e1s altas u otras designaciones. Las publicaciones de investigaci\u00f3n de Gartner consisten en las opiniones de la organizaci\u00f3n de investigaci\u00f3n de Gartner y no deben interpretarse como declaraciones de hecho. Gartner rechaza toda garant\u00eda, expresa o impl\u00edcita, con respecto a esta investigaci\u00f3n, incluida cualquier garant\u00eda de comerciabilidad o idoneidad para un prop\u00f3sito espec\u00edfico.<\/p>\n\n    <\/div>\n  <\/div>\n<\/div>\n\n<\/div><!-- .overit-block-wrapper -->\n<\/div><!-- .overit-block -->\n\n\n<div\n  class=\"overit-block overit-block--white overit-radius-full overit-margin-small-top overit-no-padding \n  overit-block-configurable-jumbotron\"\n        >\n  \n  <div class=\"overit-block-wrapper\">\n\n<section class=\"configurable-jumbotron center\" >\n                  <div class=\"cj-section-title\">INFORMES DE LOS ANALISTAS<\/div>\n          \n                  <h3  class=\"cj-title medium\">OverIT se compromete a ser una empresa innovadora en la industria del Field Service Management. Estamos orgullosos de que se nos mencione en los informes de empresas de consultivo y investigaci\u00f3n de TI l\u00edderes en el mundo.<\/h3 >\n          \n                  <div class=\"cj-subtitle medium\"><p>\u00bfDesea obtener m\u00e1s informaci\u00f3n sobre las principales empresas de consultivo e investigaci\u00f3n de TI? Consulte sus informes sobre OverIT.<\/p>\n<\/div>\n          \n        <\/section>\n\n<\/div><!-- .overit-block-wrapper -->\n<\/div><!-- .overit-block -->\n\n\n<div\n  class=\"overit-block overit-block--white overit-radius-full overit-no-margin overit-padding-medium \n  overit-block-industries-sections\"\n        >\n  \n  <div class=\"overit-block-wrapper\">\n\n  <div class=\"industries-tiles\">\n     \n              <a class=\"industries-tiles__link \" href=\"\/es\/informes-analistas\/gartner\/\">\n          <div class=\"industries-tiles__tile\">\n                <div class=\"industries-tiles__title\">\n          Ir a los informes de Gartner\n        <\/div>\n      <\/div>\n          <\/a>\n         \n              <a class=\"industries-tiles__link \" href=\"\/es\/informes-analistas\/idc\/\">\n          <div class=\"industries-tiles__tile\">\n                <div class=\"industries-tiles__title\">\n          Ir a los informes de IDC\n        <\/div>\n      <\/div>\n          <\/a>\n         \n              <a class=\"industries-tiles__link \" href=\"\/es\/informes-analistas\/forrester\/\">\n          <div class=\"industries-tiles__tile\">\n                <div class=\"industries-tiles__title\">\n          Ir a los informes de Forrester\n        <\/div>\n      <\/div>\n          <\/a>\n         \n              <a class=\"industries-tiles__link \" href=\"\/es\/informes-analistas\/constellation-research\/\">\n          <div class=\"industries-tiles__tile\">\n                <div class=\"industries-tiles__title\">\n          Ir a los informes de Constellation Research\n        <\/div>\n      <\/div>\n          <\/a>\n          <\/div>\n\n<\/div><!-- .overit-block-wrapper -->\n<\/div><!-- .overit-block -->\n","protected":false},"excerpt":{"rendered":"","protected":false},"author":3,"featured_media":32234,"parent":13054,"menu_order":0,"comment_status":"closed","ping_status":"closed","template":"","meta":{"_acf_changed":false,"footnotes":""},"case_study_category":[],"class_list":["post-32258","page","type-page","status-publish","has-post-thumbnail","hentry"],"acf":[],"yoast_head":"<!-- This site is optimized with the Yoast SEO Premium plugin v25.6 (Yoast SEO v25.6) - https:\/\/yoast.com\/wordpress\/plugins\/seo\/ -->\n<title>OverIT Representative Vendor 2022 Gartner\u00ae Market Guide MWM<\/title>\n<meta name=\"description\" content=\"OverIT nombrada Vendedor Representativo en la \u201cMarket Guide for Mobile Workforce Management Software for Utilities\u201d de 2022 de Gartner\u00ae.\" \/>\n<meta name=\"robots\" content=\"index, follow, max-snippet:-1, max-image-preview:large, max-video-preview:-1\" \/>\n<link rel=\"canonical\" href=\"https:\/\/www.overit.ai\/es\/informes-analistas\/gartner\/overit-nombrada-vendedor-representativo-en-la-market-guide-for-mobile-workforce-management-software-for-utilities-de-2022-de-gartner\/\" \/>\n<meta property=\"og:locale\" content=\"es_ES\" \/>\n<meta property=\"og:type\" content=\"article\" \/>\n<meta property=\"og:title\" content=\"OverIT nombrada Vendedor Representativo en la &quot;Market Guide for Mobile Workforce Management Software for Utilities&quot; de 2022 de Gartner\u00ae\" \/>\n<meta property=\"og:description\" content=\"OverIT nombrada Vendedor Representativo en la \u201cMarket Guide for Mobile Workforce Management Software for Utilities\u201d de 2022 de Gartner\u00ae.\" \/>\n<meta property=\"og:url\" content=\"https:\/\/www.overit.ai\/es\/informes-analistas\/gartner\/overit-nombrada-vendedor-representativo-en-la-market-guide-for-mobile-workforce-management-software-for-utilities-de-2022-de-gartner\/\" \/>\n<meta property=\"og:site_name\" content=\"OverIT\" \/>\n<meta property=\"article:modified_time\" content=\"2022-06-27T09:36:07+00:00\" \/>\n<meta property=\"og:image\" content=\"https:\/\/www.overit.ai\/app\/uploads\/2022\/06\/OverIT-named-as-a-Representative-Vendor-in-2022-Gartner\u00ae-Market-Guide-for-Mobile-Workforce-Management-Software-for-Utilities.jpg\" \/>\n\t<meta property=\"og:image:width\" content=\"1200\" \/>\n\t<meta property=\"og:image:height\" content=\"550\" \/>\n\t<meta property=\"og:image:type\" content=\"image\/jpeg\" \/>\n<meta name=\"twitter:card\" content=\"summary_large_image\" \/>\n<script type=\"application\/ld+json\" class=\"yoast-schema-graph\">{\"@context\":\"https:\/\/schema.org\",\"@graph\":[{\"@type\":\"WebPage\",\"@id\":\"https:\/\/www.overit.ai\/es\/informes-analistas\/gartner\/overit-nombrada-vendedor-representativo-en-la-market-guide-for-mobile-workforce-management-software-for-utilities-de-2022-de-gartner\/\",\"url\":\"https:\/\/www.overit.ai\/es\/informes-analistas\/gartner\/overit-nombrada-vendedor-representativo-en-la-market-guide-for-mobile-workforce-management-software-for-utilities-de-2022-de-gartner\/\",\"name\":\"OverIT Representative Vendor 2022 Gartner\u00ae Market Guide MWM\",\"isPartOf\":{\"@id\":\"https:\/\/www.overit.ai\/es\/#website\"},\"primaryImageOfPage\":{\"@id\":\"https:\/\/www.overit.ai\/es\/informes-analistas\/gartner\/overit-nombrada-vendedor-representativo-en-la-market-guide-for-mobile-workforce-management-software-for-utilities-de-2022-de-gartner\/#primaryimage\"},\"image\":{\"@id\":\"https:\/\/www.overit.ai\/es\/informes-analistas\/gartner\/overit-nombrada-vendedor-representativo-en-la-market-guide-for-mobile-workforce-management-software-for-utilities-de-2022-de-gartner\/#primaryimage\"},\"thumbnailUrl\":\"https:\/\/www.overit.ai\/app\/uploads\/2022\/06\/OverIT-named-as-a-Representative-Vendor-in-2022-Gartner\u00ae-Market-Guide-for-Mobile-Workforce-Management-Software-for-Utilities.jpg\",\"datePublished\":\"2022-06-27T09:29:53+00:00\",\"dateModified\":\"2022-06-27T09:36:07+00:00\",\"description\":\"OverIT nombrada Vendedor Representativo en la \u201cMarket Guide for Mobile Workforce Management Software for Utilities\u201d de 2022 de Gartner\u00ae.\",\"breadcrumb\":{\"@id\":\"https:\/\/www.overit.ai\/es\/informes-analistas\/gartner\/overit-nombrada-vendedor-representativo-en-la-market-guide-for-mobile-workforce-management-software-for-utilities-de-2022-de-gartner\/#breadcrumb\"},\"inLanguage\":\"es-ES\",\"potentialAction\":[{\"@type\":\"ReadAction\",\"target\":[\"https:\/\/www.overit.ai\/es\/informes-analistas\/gartner\/overit-nombrada-vendedor-representativo-en-la-market-guide-for-mobile-workforce-management-software-for-utilities-de-2022-de-gartner\/\"]}]},{\"@type\":\"ImageObject\",\"inLanguage\":\"es-ES\",\"@id\":\"https:\/\/www.overit.ai\/es\/informes-analistas\/gartner\/overit-nombrada-vendedor-representativo-en-la-market-guide-for-mobile-workforce-management-software-for-utilities-de-2022-de-gartner\/#primaryimage\",\"url\":\"https:\/\/www.overit.ai\/app\/uploads\/2022\/06\/OverIT-named-as-a-Representative-Vendor-in-2022-Gartner\u00ae-Market-Guide-for-Mobile-Workforce-Management-Software-for-Utilities.jpg\",\"contentUrl\":\"https:\/\/www.overit.ai\/app\/uploads\/2022\/06\/OverIT-named-as-a-Representative-Vendor-in-2022-Gartner\u00ae-Market-Guide-for-Mobile-Workforce-Management-Software-for-Utilities.jpg\",\"width\":1200,\"height\":550,\"caption\":\"OverIT Representative Vendor in 2022 Gartner\u00ae Market Guide for Mobile Workforce Management Software for Utilities\"},{\"@type\":\"BreadcrumbList\",\"@id\":\"https:\/\/www.overit.ai\/es\/informes-analistas\/gartner\/overit-nombrada-vendedor-representativo-en-la-market-guide-for-mobile-workforce-management-software-for-utilities-de-2022-de-gartner\/#breadcrumb\",\"itemListElement\":[{\"@type\":\"ListItem\",\"position\":1,\"name\":\"Home\",\"item\":\"https:\/\/www.overit.ai\/es\/\"},{\"@type\":\"ListItem\",\"position\":2,\"name\":\"Informes de los Analistas\",\"item\":\"https:\/\/www.overit.ai\/es\/informes-analistas\/\"},{\"@type\":\"ListItem\",\"position\":3,\"name\":\"Gartner\",\"item\":\"https:\/\/www.overit.ai\/es\/informes-analistas\/gartner\/\"},{\"@type\":\"ListItem\",\"position\":4,\"name\":\"OverIT nombrada Vendedor Representativo en la &#8220;Market Guide for Mobile Workforce Management Software for Utilities&#8221; de 2022 de Gartner\u00ae\"}]},{\"@type\":\"WebSite\",\"@id\":\"https:\/\/www.overit.ai\/es\/#website\",\"url\":\"https:\/\/www.overit.ai\/es\/\",\"name\":\"OverIT\",\"description\":\"Innovation in Field Service Management\",\"publisher\":{\"@id\":\"https:\/\/www.overit.ai\/es\/#organization\"},\"potentialAction\":[{\"@type\":\"SearchAction\",\"target\":{\"@type\":\"EntryPoint\",\"urlTemplate\":\"https:\/\/www.overit.ai\/es\/?s={search_term_string}\"},\"query-input\":{\"@type\":\"PropertyValueSpecification\",\"valueRequired\":true,\"valueName\":\"search_term_string\"}}],\"inLanguage\":\"es-ES\"},{\"@type\":\"Organization\",\"@id\":\"https:\/\/www.overit.ai\/es\/#organization\",\"name\":\"OverIT\",\"url\":\"https:\/\/www.overit.ai\/es\/\",\"logo\":{\"@type\":\"ImageObject\",\"inLanguage\":\"es-ES\",\"@id\":\"https:\/\/www.overit.ai\/es\/#\/schema\/logo\/image\/\",\"url\":\"https:\/\/www.overit.ai\/app\/uploads\/2021\/10\/OverIT-logo-400.png\",\"contentUrl\":\"https:\/\/www.overit.ai\/app\/uploads\/2021\/10\/OverIT-logo-400.png\",\"width\":400,\"height\":250,\"caption\":\"OverIT\"},\"image\":{\"@id\":\"https:\/\/www.overit.ai\/es\/#\/schema\/logo\/image\/\"}}]}<\/script>\n<!-- \/ Yoast SEO Premium plugin. -->","yoast_head_json":{"title":"OverIT Representative Vendor 2022 Gartner\u00ae Market Guide MWM","description":"OverIT nombrada Vendedor Representativo en la \u201cMarket Guide for Mobile Workforce Management Software for Utilities\u201d de 2022 de Gartner\u00ae.","robots":{"index":"index","follow":"follow","max-snippet":"max-snippet:-1","max-image-preview":"max-image-preview:large","max-video-preview":"max-video-preview:-1"},"canonical":"https:\/\/www.overit.ai\/es\/informes-analistas\/gartner\/overit-nombrada-vendedor-representativo-en-la-market-guide-for-mobile-workforce-management-software-for-utilities-de-2022-de-gartner\/","og_locale":"es_ES","og_type":"article","og_title":"OverIT nombrada Vendedor Representativo en la \"Market Guide for Mobile Workforce Management Software for Utilities\" de 2022 de Gartner\u00ae","og_description":"OverIT nombrada Vendedor Representativo en la \u201cMarket Guide for Mobile Workforce Management Software for Utilities\u201d de 2022 de Gartner\u00ae.","og_url":"https:\/\/www.overit.ai\/es\/informes-analistas\/gartner\/overit-nombrada-vendedor-representativo-en-la-market-guide-for-mobile-workforce-management-software-for-utilities-de-2022-de-gartner\/","og_site_name":"OverIT","article_modified_time":"2022-06-27T09:36:07+00:00","og_image":[{"width":1200,"height":550,"url":"https:\/\/www.overit.ai\/app\/uploads\/2022\/06\/OverIT-named-as-a-Representative-Vendor-in-2022-Gartner\u00ae-Market-Guide-for-Mobile-Workforce-Management-Software-for-Utilities.jpg","type":"image\/jpeg"}],"twitter_card":"summary_large_image","schema":{"@context":"https:\/\/schema.org","@graph":[{"@type":"WebPage","@id":"https:\/\/www.overit.ai\/es\/informes-analistas\/gartner\/overit-nombrada-vendedor-representativo-en-la-market-guide-for-mobile-workforce-management-software-for-utilities-de-2022-de-gartner\/","url":"https:\/\/www.overit.ai\/es\/informes-analistas\/gartner\/overit-nombrada-vendedor-representativo-en-la-market-guide-for-mobile-workforce-management-software-for-utilities-de-2022-de-gartner\/","name":"OverIT Representative Vendor 2022 Gartner\u00ae Market Guide MWM","isPartOf":{"@id":"https:\/\/www.overit.ai\/es\/#website"},"primaryImageOfPage":{"@id":"https:\/\/www.overit.ai\/es\/informes-analistas\/gartner\/overit-nombrada-vendedor-representativo-en-la-market-guide-for-mobile-workforce-management-software-for-utilities-de-2022-de-gartner\/#primaryimage"},"image":{"@id":"https:\/\/www.overit.ai\/es\/informes-analistas\/gartner\/overit-nombrada-vendedor-representativo-en-la-market-guide-for-mobile-workforce-management-software-for-utilities-de-2022-de-gartner\/#primaryimage"},"thumbnailUrl":"https:\/\/www.overit.ai\/app\/uploads\/2022\/06\/OverIT-named-as-a-Representative-Vendor-in-2022-Gartner\u00ae-Market-Guide-for-Mobile-Workforce-Management-Software-for-Utilities.jpg","datePublished":"2022-06-27T09:29:53+00:00","dateModified":"2022-06-27T09:36:07+00:00","description":"OverIT nombrada Vendedor Representativo en la \u201cMarket Guide for Mobile Workforce Management Software for Utilities\u201d de 2022 de Gartner\u00ae.","breadcrumb":{"@id":"https:\/\/www.overit.ai\/es\/informes-analistas\/gartner\/overit-nombrada-vendedor-representativo-en-la-market-guide-for-mobile-workforce-management-software-for-utilities-de-2022-de-gartner\/#breadcrumb"},"inLanguage":"es-ES","potentialAction":[{"@type":"ReadAction","target":["https:\/\/www.overit.ai\/es\/informes-analistas\/gartner\/overit-nombrada-vendedor-representativo-en-la-market-guide-for-mobile-workforce-management-software-for-utilities-de-2022-de-gartner\/"]}]},{"@type":"ImageObject","inLanguage":"es-ES","@id":"https:\/\/www.overit.ai\/es\/informes-analistas\/gartner\/overit-nombrada-vendedor-representativo-en-la-market-guide-for-mobile-workforce-management-software-for-utilities-de-2022-de-gartner\/#primaryimage","url":"https:\/\/www.overit.ai\/app\/uploads\/2022\/06\/OverIT-named-as-a-Representative-Vendor-in-2022-Gartner\u00ae-Market-Guide-for-Mobile-Workforce-Management-Software-for-Utilities.jpg","contentUrl":"https:\/\/www.overit.ai\/app\/uploads\/2022\/06\/OverIT-named-as-a-Representative-Vendor-in-2022-Gartner\u00ae-Market-Guide-for-Mobile-Workforce-Management-Software-for-Utilities.jpg","width":1200,"height":550,"caption":"OverIT Representative Vendor in 2022 Gartner\u00ae Market Guide for Mobile Workforce Management Software for Utilities"},{"@type":"BreadcrumbList","@id":"https:\/\/www.overit.ai\/es\/informes-analistas\/gartner\/overit-nombrada-vendedor-representativo-en-la-market-guide-for-mobile-workforce-management-software-for-utilities-de-2022-de-gartner\/#breadcrumb","itemListElement":[{"@type":"ListItem","position":1,"name":"Home","item":"https:\/\/www.overit.ai\/es\/"},{"@type":"ListItem","position":2,"name":"Informes de los Analistas","item":"https:\/\/www.overit.ai\/es\/informes-analistas\/"},{"@type":"ListItem","position":3,"name":"Gartner","item":"https:\/\/www.overit.ai\/es\/informes-analistas\/gartner\/"},{"@type":"ListItem","position":4,"name":"OverIT nombrada Vendedor Representativo en la &#8220;Market Guide for Mobile Workforce Management Software for Utilities&#8221; de 2022 de Gartner\u00ae"}]},{"@type":"WebSite","@id":"https:\/\/www.overit.ai\/es\/#website","url":"https:\/\/www.overit.ai\/es\/","name":"OverIT","description":"Innovation in Field Service Management","publisher":{"@id":"https:\/\/www.overit.ai\/es\/#organization"},"potentialAction":[{"@type":"SearchAction","target":{"@type":"EntryPoint","urlTemplate":"https:\/\/www.overit.ai\/es\/?s={search_term_string}"},"query-input":{"@type":"PropertyValueSpecification","valueRequired":true,"valueName":"search_term_string"}}],"inLanguage":"es-ES"},{"@type":"Organization","@id":"https:\/\/www.overit.ai\/es\/#organization","name":"OverIT","url":"https:\/\/www.overit.ai\/es\/","logo":{"@type":"ImageObject","inLanguage":"es-ES","@id":"https:\/\/www.overit.ai\/es\/#\/schema\/logo\/image\/","url":"https:\/\/www.overit.ai\/app\/uploads\/2021\/10\/OverIT-logo-400.png","contentUrl":"https:\/\/www.overit.ai\/app\/uploads\/2021\/10\/OverIT-logo-400.png","width":400,"height":250,"caption":"OverIT"},"image":{"@id":"https:\/\/www.overit.ai\/es\/#\/schema\/logo\/image\/"}}]}},"_links":{"self":[{"href":"https:\/\/www.overit.ai\/es\/wp-json\/wp\/v2\/pages\/32258","targetHints":{"allow":["GET"]}}],"collection":[{"href":"https:\/\/www.overit.ai\/es\/wp-json\/wp\/v2\/pages"}],"about":[{"href":"https:\/\/www.overit.ai\/es\/wp-json\/wp\/v2\/types\/page"}],"author":[{"embeddable":true,"href":"https:\/\/www.overit.ai\/es\/wp-json\/wp\/v2\/users\/3"}],"replies":[{"embeddable":true,"href":"https:\/\/www.overit.ai\/es\/wp-json\/wp\/v2\/comments?post=32258"}],"version-history":[{"count":7,"href":"https:\/\/www.overit.ai\/es\/wp-json\/wp\/v2\/pages\/32258\/revisions"}],"predecessor-version":[{"id":32300,"href":"https:\/\/www.overit.ai\/es\/wp-json\/wp\/v2\/pages\/32258\/revisions\/32300"}],"up":[{"embeddable":true,"href":"https:\/\/www.overit.ai\/es\/wp-json\/wp\/v2\/pages\/13054"}],"wp:featuredmedia":[{"embeddable":true,"href":"https:\/\/www.overit.ai\/es\/wp-json\/wp\/v2\/media\/32234"}],"wp:attachment":[{"href":"https:\/\/www.overit.ai\/es\/wp-json\/wp\/v2\/media?parent=32258"}],"wp:term":[{"taxonomy":"case_study_category","embeddable":true,"href":"https:\/\/www.overit.ai\/es\/wp-json\/wp\/v2\/case_study_category?post=32258"}],"curies":[{"name":"wp","href":"https:\/\/api.w.org\/{rel}","templated":true}]}}