{"id":27040,"date":"2022-02-23T08:13:38","date_gmt":"2022-02-23T08:13:38","guid":{"rendered":"https:\/\/www.overit.ai\/it\/?page_id=27040"},"modified":"2026-02-06T11:49:43","modified_gmt":"2026-02-06T11:49:43","slug":"notas-legales","status":"publish","type":"page","link":"https:\/\/www.overit.ai\/es\/notas-legales\/","title":{"rendered":"notas-legales"},"content":{"rendered":"<div\n  class=\"overit-block overit-block--white overit-radius-full overit-margin-small overit-padding-big-top overit-block--fullwidth\n  overit-block-configurable-jumbotron\"\n        >\n  \n  <div class=\"overit-block-wrapper\">\n\n<section class=\"configurable-jumbotron left\" >\n                  <h1 class=\"cj-section-title\">NOTAS LEGALES<\/h1>\n          \n                  <div class=\"cj-title medium\">ATENCI\u00d3N: se ruega leer con atenci\u00f3n las siguientes indicaciones antes de utilizar este sitio Web. El uso u acceso a este sitio implica la aceptaci\u00f3n de las condiciones que siguen a continuaci\u00f3n<\/div>\n          \n                  <div class=\"cj-subtitle medium\"><p>Este sitio Web contiene informaci\u00f3n relativa a OverIT S.p.A. (\u201cOverIT\u201d), a sus productos y servicios.\u00a0\u00a0Dicha informaci\u00f3n se proporciona en beneficio de las personas interesadas en OverIT.\u202f La copia, el uso y la descarga de los contenidos de este sitio est\u00e1n permitidos con estricto\u202frespeto\u202fa\u202flos t\u00e9rminos y condiciones establecidos.<\/p>\n<p>OverIT S.p.A.<br \/>\nVia U. Bassi, 81<br \/>\n33080 Fiume Veneto (PN), ITALIA<br \/>\nRegistro mercantil de Pordenone \u2013 N\u00famero de identificaci\u00f3n del IVA: 01391460936<br \/>\nC\u00f3digo del Registro econ\u00f3mico administrativo: 73366<br \/>\nCapital Social \u00edntegramente desembolsado: \u20ac 300.000,00<br \/>\nPEC:\u00a0<a href=\"mailto:legal.affairs@pec.overit.it\">legal.affairs@pec.overit.it<\/a><\/p>\n<\/div>\n          \n        <\/section>\n\n<\/div><!-- .overit-block-wrapper -->\n<\/div><!-- .overit-block -->\n\n\n<div\n  class=\"overit-block overit-block--white overit-radius-full overit-margin-small overit-no-padding overit-block--fullwidth\n  overit-block-configurable-jumbotron\"\n        >\n  \n  <div class=\"overit-block-wrapper\">\n\n<section class=\"configurable-jumbotron left\" >\n    \n                  <div class=\"cj-title medium\">Copyright<\/div>\n          \n                  <div class=\"cj-subtitle medium\"><p>Todo el material contenido en este sitio Web est\u00e1 protegido por derechos de autor (Copyright) y pertenece a OverIT. Todos los derechos est\u00e1n reservados.<br \/>\nLos productos y los nombres de fabricaci\u00f3n que aparecen en este sitio Web son marcas de sus propietarios.<\/p>\n<\/div>\n          \n        <\/section>\n\n<\/div><!-- .overit-block-wrapper -->\n<\/div><!-- .overit-block -->\n\n\n<div\n  class=\"overit-block overit-block--white overit-radius-full overit-margin-small overit-no-padding overit-block--fullwidth\n  overit-block-configurable-jumbotron\"\n        >\n  \n  <div class=\"overit-block-wrapper\">\n\n<section class=\"configurable-jumbotron left\" >\n    \n                  <div class=\"cj-title medium\">Condiciones de\u202fuso del sitio\u202fweb<\/div>\n          \n                  <div class=\"cj-subtitle medium\"><div class=\"section-text text-block custom-font-text-1612369210-950589813 align-left\" data-when=\"enter\" data-from=\"0\" data-to=\"0\" data-opacity=\"0\">\n<p>OverIT permite visualizar y descargar los contenidos de este sitio web a condici\u00f3n de que se respeten debidamente los siguientes t\u00e9rminos y condiciones:<\/p>\n<ul class=\"checklist style-check icon-bg-black\">\n<li>Est\u00e1 autorizada la utilizaci\u00f3n de los materiales para uso personal, no comercial, siempre y cuando las notas sobre el copyright y otros derechos de propiedad permanezcan anexos a las copias del material fuente;<\/li>\n<li>No est\u00e1 permitido variar o modificar los materiales presentes en el sitio;<\/li>\n<li>No est\u00e1 permitido copiar u enviar los materiales en ordenadores de red ni transmitirlos en cualquier media;<\/li>\n<li>No est\u00e1 permitido reproducir, publicar o distribuir los materiales con fines p\u00fablicos o comerciales;<\/li>\n<li>No est\u00e1 permitido utilizar los materiales en formas que sean contrarias a los intereses de OverIT.<\/li>\n<\/ul>\n<\/div>\n<div class=\"section-text text-block custom-font-text-1612369210-46329875 align-left\" data-when=\"enter\" data-from=\"0\" data-to=\"0\" data-opacity=\"0\">\n<p>Las restricciones incluyen el dise\u00f1o del sitio Web. Ning\u00fan logotipo, sonido o imagen presente en el sitio puede ser copiado o transmitido sin autorizaci\u00f3n espec\u00edfica por parte de OverIT.<\/p>\n<p>Todos los materiales copiados o descargados desde este sitio tienen que incluir una copia de estas condiciones de utilizaci\u00f3n.<\/p>\n<p>Cualquier utilizaci\u00f3n con\u202fcualquier otro fin\u202f est\u00e1 totalmente prohibido y puede suponer la violaci\u00f3n de los derechos de autor, marcas registradas y otras normas jur\u00eddicas. En el caso en que el usuario no cumpla con estos t\u00e9rminos y condiciones, la autorizaci\u00f3n al uso de este sitio web quedar\u00e1 autom\u00e1ticamente derogada.<\/p>\n<\/div>\n<\/div>\n          \n        <\/section>\n\n<\/div><!-- .overit-block-wrapper -->\n<\/div><!-- .overit-block -->\n\n\n<div\n  class=\"overit-block overit-block--white overit-radius-full overit-margin-small overit-no-padding overit-block--fullwidth\n  overit-block-configurable-jumbotron\"\n        >\n  \n  <div class=\"overit-block-wrapper\">\n\n<section class=\"configurable-jumbotron left\" >\n    \n                  <div class=\"cj-title medium\">Descargo de responsabilidad<\/div>\n          \n                  <div class=\"cj-subtitle medium\"><p>Los materiales y servicios en este sitio son proporcionados \u201ctal cual\u201d y sin garant\u00edas de ning\u00fan tipo, incluso las garant\u00edas de comercialidad y aptitud para un prop\u00f3sito en particular\u00a0 o de no violaci\u00f3n de derechos de propiedad intelectual.<br \/>\nOverIT no asegura que la informaci\u00f3n, los servicios y los materiales proporcionados en este sitio Web son apropiados o exactos.<br \/>\nOverIT se reserva el derecho a modificar los materiales, los servicios y los productos en cualquier momento sin preaviso.<\/p>\n<\/div>\n          \n        <\/section>\n\n<\/div><!-- .overit-block-wrapper -->\n<\/div><!-- .overit-block -->\n\n\n<div\n  class=\"overit-block overit-block--white overit-radius-full overit-margin-small overit-no-padding overit-block--fullwidth\n  overit-block-configurable-jumbotron\"\n        >\n  \n  <div class=\"overit-block-wrapper\">\n\n<section class=\"configurable-jumbotron left\" >\n    \n                  <div class=\"cj-title medium\">Limitaci\u00f3n de responsabilidades<\/div>\n          \n                  <div class=\"cj-subtitle medium\"><p>OverIT declina toda responsabilidad suya y de sus proveedores por cualquier da\u00f1o (incluyendo, sin ninguna limitaci\u00f3n, aquellos resultantes de p\u00e9rdida de beneficios, de interrupci\u00f3n de la actividad o p\u00e9rdida de informaci\u00f3n) que pueda resultar de cualquier uso que se haga de este sitio web y de los sitios web relacionados, de los materiales, de la informaci\u00f3n y de los servicios procedentes de violaciones de garant\u00eda, cl\u00e1usulas contractuales, actos il\u00edcitos u otras normas jur\u00eddicas aun cuando OverIT sea consciente del posible riesgo de dichos da\u00f1os.<br \/>\nLos posibles costes para intervenciones, reparaciones o modificaciones a los aparatos o a los datos pose\u00eddos debidos a la utilizaci\u00f3n de materiales, informaci\u00f3n o de los servicios presentes en el sitio correr\u00e1n totalmente a cargo del usuario.<br \/>\nCualquier informaci\u00f3n o comunicaci\u00f3n transmitida a este sitio se considerar\u00e1 de car\u00e1cter no confidencial y no de propiedad.<br \/>\nOverIT estar\u00e1 libre de utilizar esta informaci\u00f3n y estas comunicaciones sin restricciones.<\/p>\n<\/div>\n          \n        <\/section>\n\n<\/div><!-- .overit-block-wrapper -->\n<\/div><!-- .overit-block -->\n\n\n<div\n  class=\"overit-block overit-block--white overit-radius-full overit-margin-small overit-no-padding overit-block--fullwidth\n  overit-block-configurable-jumbotron\"\n        >\n  \n  <div class=\"overit-block-wrapper\">\n\n<section class=\"configurable-jumbotron left\" >\n    \n                  <div class=\"cj-title medium\">Enlaces con otras p\u00e1ginas web<\/div>\n          \n                  <div class=\"cj-subtitle medium\"><p>Los enlaces\u202fa\u202fsitios de terceros\u202fson\u202fpublicados en este sitio solamente\u202fpara comodidad del usuario.\u202f Al utilizar estos enlaces usted podr\u00eda abandonar el sitio.<br \/>\nOverIT no asume ning\u00fan tipo de responsabilidad en\u202frelaci\u00f3n con el contenido de\u202flos\u202fsitios de terceros\u202fni\u202fde cualquier v\u00ednculo contenido\u202fen un sitio enlazado.<\/p>\n<\/div>\n          \n        <\/section>\n\n<\/div><!-- .overit-block-wrapper -->\n<\/div><!-- .overit-block -->\n\n\n<div\n  class=\"overit-block overit-block--white overit-radius-full overit-margin-small overit-padding-medium-bottom overit-block--fullwidth\n  overit-block-configurable-jumbotron\"\n        >\n  \n  <div class=\"overit-block-wrapper\">\n\n<section class=\"configurable-jumbotron left\" >\n    \n                  <div class=\"cj-title medium\">Otros Derechos de Propiedad Intelectual<\/div>\n          \n                  <div class=\"cj-subtitle medium\"><p>Nada de lo contenido en esta Nota Legal podr\u00e1 interpretarse como concesi\u00f3n, a trav\u00e9s de inferencia, exclusi\u00f3n u otra teor\u00eda legal de cualquier tipo, de licencias o derechos legales, marcas registradas, derechos de autor u otro tipo de derecho de propiedad intellectual, aparte de los que aqu\u00ed est\u00e9n expresamente proporcionados. Los productos, procesos, software y las otras formas de tecnolog\u00eda que se detallan en este sitio web, podr\u00e1n estar sujetos a los derechos de propiedad intellectual\u00a0de OverIT o de terceras partes. La otorgaci\u00f3n de licencias no est\u00e1 aqu\u00ed contemplada.<\/p>\n<\/div>\n          \n        <\/section>\n\n<\/div><!-- .overit-block-wrapper -->\n<\/div><!-- .overit-block -->\n","protected":false},"excerpt":{"rendered":"","protected":false},"author":3,"featured_media":0,"parent":0,"menu_order":0,"comment_status":"closed","ping_status":"closed","template":"","meta":{"_acf_changed":false,"footnotes":""},"case_study_category":[],"class_list":["post-27040","page","type-page","status-publish","hentry"],"acf":[],"yoast_head":"<!-- This site is optimized with the Yoast SEO Premium plugin v25.6 (Yoast SEO v25.6) - https:\/\/yoast.com\/wordpress\/plugins\/seo\/ -->\n<title>Notas Legales del sitio web de OverIT, leer con atenci\u00f3n<\/title>\n<meta name=\"description\" content=\"Este sitio Web contiene informaci\u00f3n relativa a OverIT, a sus productos y servicios. Se ruega leer con atenci\u00f3n las siguientes indicaciones\" \/>\n<meta name=\"robots\" content=\"index, follow, max-snippet:-1, max-image-preview:large, max-video-preview:-1\" \/>\n<link rel=\"canonical\" href=\"https:\/\/www.overit.ai\/es\/notas-legales\/\" \/>\n<meta property=\"og:locale\" content=\"es_ES\" \/>\n<meta property=\"og:type\" content=\"article\" \/>\n<meta property=\"og:title\" content=\"notas-legales\" \/>\n<meta property=\"og:description\" content=\"Este sitio Web contiene informaci\u00f3n relativa a OverIT, a sus productos y servicios. Se ruega leer con atenci\u00f3n las siguientes indicaciones\" \/>\n<meta property=\"og:url\" content=\"https:\/\/www.overit.ai\/es\/notas-legales\/\" \/>\n<meta property=\"og:site_name\" content=\"OverIT\" \/>\n<meta property=\"article:modified_time\" content=\"2026-02-06T11:49:43+00:00\" \/>\n<meta property=\"og:image\" content=\"https:\/\/www.overit.ai\/app\/uploads\/2021\/10\/OverIT-logo-400.png\" \/>\n<meta name=\"twitter:card\" content=\"summary_large_image\" \/>\n<meta name=\"twitter:label1\" content=\"Est. reading time\" \/>\n\t<meta name=\"twitter:data1\" content=\"4 minutes\" \/>\n<script type=\"application\/ld+json\" class=\"yoast-schema-graph\">{\"@context\":\"https:\/\/schema.org\",\"@graph\":[{\"@type\":\"WebPage\",\"@id\":\"https:\/\/www.overit.ai\/es\/notas-legales\/\",\"url\":\"https:\/\/www.overit.ai\/es\/notas-legales\/\",\"name\":\"Notas Legales del sitio web de OverIT, leer con atenci\u00f3n\",\"isPartOf\":{\"@id\":\"https:\/\/www.overit.ai\/es\/#website\"},\"datePublished\":\"2022-02-23T08:13:38+00:00\",\"dateModified\":\"2026-02-06T11:49:43+00:00\",\"description\":\"Este sitio Web contiene informaci\u00f3n relativa a OverIT, a sus productos y servicios. Se ruega leer con atenci\u00f3n las siguientes indicaciones\",\"breadcrumb\":{\"@id\":\"https:\/\/www.overit.ai\/es\/notas-legales\/#breadcrumb\"},\"inLanguage\":\"es-ES\",\"potentialAction\":[{\"@type\":\"ReadAction\",\"target\":[\"https:\/\/www.overit.ai\/es\/notas-legales\/\"]}]},{\"@type\":\"BreadcrumbList\",\"@id\":\"https:\/\/www.overit.ai\/es\/notas-legales\/#breadcrumb\",\"itemListElement\":[{\"@type\":\"ListItem\",\"position\":1,\"name\":\"Home\",\"item\":\"https:\/\/www.overit.ai\/es\/\"},{\"@type\":\"ListItem\",\"position\":2,\"name\":\"notas-legales\"}]},{\"@type\":\"WebSite\",\"@id\":\"https:\/\/www.overit.ai\/es\/#website\",\"url\":\"https:\/\/www.overit.ai\/es\/\",\"name\":\"OverIT\",\"description\":\"Innovation in Field Service Management\",\"publisher\":{\"@id\":\"https:\/\/www.overit.ai\/es\/#organization\"},\"potentialAction\":[{\"@type\":\"SearchAction\",\"target\":{\"@type\":\"EntryPoint\",\"urlTemplate\":\"https:\/\/www.overit.ai\/es\/?s={search_term_string}\"},\"query-input\":{\"@type\":\"PropertyValueSpecification\",\"valueRequired\":true,\"valueName\":\"search_term_string\"}}],\"inLanguage\":\"es-ES\"},{\"@type\":\"Organization\",\"@id\":\"https:\/\/www.overit.ai\/es\/#organization\",\"name\":\"OverIT\",\"url\":\"https:\/\/www.overit.ai\/es\/\",\"logo\":{\"@type\":\"ImageObject\",\"inLanguage\":\"es-ES\",\"@id\":\"https:\/\/www.overit.ai\/es\/#\/schema\/logo\/image\/\",\"url\":\"https:\/\/www.overit.ai\/app\/uploads\/2021\/10\/OverIT-logo-400.png\",\"contentUrl\":\"https:\/\/www.overit.ai\/app\/uploads\/2021\/10\/OverIT-logo-400.png\",\"width\":400,\"height\":250,\"caption\":\"OverIT\"},\"image\":{\"@id\":\"https:\/\/www.overit.ai\/es\/#\/schema\/logo\/image\/\"}}]}<\/script>\n<!-- \/ Yoast SEO Premium plugin. -->","yoast_head_json":{"title":"Notas Legales del sitio web de OverIT, leer con atenci\u00f3n","description":"Este sitio Web contiene informaci\u00f3n relativa a OverIT, a sus productos y servicios. Se ruega leer con atenci\u00f3n las siguientes indicaciones","robots":{"index":"index","follow":"follow","max-snippet":"max-snippet:-1","max-image-preview":"max-image-preview:large","max-video-preview":"max-video-preview:-1"},"canonical":"https:\/\/www.overit.ai\/es\/notas-legales\/","og_locale":"es_ES","og_type":"article","og_title":"notas-legales","og_description":"Este sitio Web contiene informaci\u00f3n relativa a OverIT, a sus productos y servicios. Se ruega leer con atenci\u00f3n las siguientes indicaciones","og_url":"https:\/\/www.overit.ai\/es\/notas-legales\/","og_site_name":"OverIT","article_modified_time":"2026-02-06T11:49:43+00:00","og_image":[{"url":"https:\/\/www.overit.ai\/app\/uploads\/2021\/10\/OverIT-logo-400.png","type":"","width":"","height":""}],"twitter_card":"summary_large_image","twitter_misc":{"Est. reading time":"4 minutes"},"schema":{"@context":"https:\/\/schema.org","@graph":[{"@type":"WebPage","@id":"https:\/\/www.overit.ai\/es\/notas-legales\/","url":"https:\/\/www.overit.ai\/es\/notas-legales\/","name":"Notas Legales del sitio web de OverIT, leer con atenci\u00f3n","isPartOf":{"@id":"https:\/\/www.overit.ai\/es\/#website"},"datePublished":"2022-02-23T08:13:38+00:00","dateModified":"2026-02-06T11:49:43+00:00","description":"Este sitio Web contiene informaci\u00f3n relativa a OverIT, a sus productos y servicios. Se ruega leer con atenci\u00f3n las siguientes indicaciones","breadcrumb":{"@id":"https:\/\/www.overit.ai\/es\/notas-legales\/#breadcrumb"},"inLanguage":"es-ES","potentialAction":[{"@type":"ReadAction","target":["https:\/\/www.overit.ai\/es\/notas-legales\/"]}]},{"@type":"BreadcrumbList","@id":"https:\/\/www.overit.ai\/es\/notas-legales\/#breadcrumb","itemListElement":[{"@type":"ListItem","position":1,"name":"Home","item":"https:\/\/www.overit.ai\/es\/"},{"@type":"ListItem","position":2,"name":"notas-legales"}]},{"@type":"WebSite","@id":"https:\/\/www.overit.ai\/es\/#website","url":"https:\/\/www.overit.ai\/es\/","name":"OverIT","description":"Innovation in Field Service Management","publisher":{"@id":"https:\/\/www.overit.ai\/es\/#organization"},"potentialAction":[{"@type":"SearchAction","target":{"@type":"EntryPoint","urlTemplate":"https:\/\/www.overit.ai\/es\/?s={search_term_string}"},"query-input":{"@type":"PropertyValueSpecification","valueRequired":true,"valueName":"search_term_string"}}],"inLanguage":"es-ES"},{"@type":"Organization","@id":"https:\/\/www.overit.ai\/es\/#organization","name":"OverIT","url":"https:\/\/www.overit.ai\/es\/","logo":{"@type":"ImageObject","inLanguage":"es-ES","@id":"https:\/\/www.overit.ai\/es\/#\/schema\/logo\/image\/","url":"https:\/\/www.overit.ai\/app\/uploads\/2021\/10\/OverIT-logo-400.png","contentUrl":"https:\/\/www.overit.ai\/app\/uploads\/2021\/10\/OverIT-logo-400.png","width":400,"height":250,"caption":"OverIT"},"image":{"@id":"https:\/\/www.overit.ai\/es\/#\/schema\/logo\/image\/"}}]}},"_links":{"self":[{"href":"https:\/\/www.overit.ai\/es\/wp-json\/wp\/v2\/pages\/27040","targetHints":{"allow":["GET"]}}],"collection":[{"href":"https:\/\/www.overit.ai\/es\/wp-json\/wp\/v2\/pages"}],"about":[{"href":"https:\/\/www.overit.ai\/es\/wp-json\/wp\/v2\/types\/page"}],"author":[{"embeddable":true,"href":"https:\/\/www.overit.ai\/es\/wp-json\/wp\/v2\/users\/3"}],"replies":[{"embeddable":true,"href":"https:\/\/www.overit.ai\/es\/wp-json\/wp\/v2\/comments?post=27040"}],"version-history":[{"count":6,"href":"https:\/\/www.overit.ai\/es\/wp-json\/wp\/v2\/pages\/27040\/revisions"}],"predecessor-version":[{"id":68470,"href":"https:\/\/www.overit.ai\/es\/wp-json\/wp\/v2\/pages\/27040\/revisions\/68470"}],"wp:attachment":[{"href":"https:\/\/www.overit.ai\/es\/wp-json\/wp\/v2\/media?parent=27040"}],"wp:term":[{"taxonomy":"case_study_category","embeddable":true,"href":"https:\/\/www.overit.ai\/es\/wp-json\/wp\/v2\/case_study_category?post=27040"}],"curies":[{"name":"wp","href":"https:\/\/api.w.org\/{rel}","templated":true}]}}