{"id":24612,"date":"2021-12-03T15:01:07","date_gmt":"2021-12-03T15:01:07","guid":{"rendered":"https:\/\/www.overit.ai\/it\/?page_id=24612"},"modified":"2021-12-21T10:18:23","modified_gmt":"2021-12-21T10:18:23","slug":"gartner-magic-quadrant-for-field-service-management-2021","status":"publish","type":"page","link":"https:\/\/www.overit.ai\/es\/informes-analistas\/gartner\/gartner-magic-quadrant-for-field-service-management-2021\/","title":{"rendered":"Gartner &#8211; Magic Quadrant for Field Service Management 2021"},"content":{"rendered":"<div\n  class=\"overit-block overit-block--white overit-radius-full overit-no-margin overit-no-padding \n  overit-block-full-width-top-banner\"\n        >\n  \n  <div class=\"overit-block-wrapper\">\n\n\n<section class=\"block-fwtb\">\n  <div class=\"block-fwtb__bg \">\n    <div class=\"block-fwtb__content block-fwtb__content--light\">\n                        <div class=\"block-fwtb__title\" data-aos=\"zoom-in\">GARTNER<\/div>\n                                              <h1 class=\"block-fwtb__subtitle \" data-aos=\"zoom-in\" data-aos-delay=\"200\">Magic Quadrant for Field Service Management 2021<\/h1>\n                        <\/div>\n          <div class=\"block-fwtb__bg_image\" style=\"background: linear-gradient(0deg, rgba(0, 0, 0, 0.4), rgba(0, 0, 0, 0.4)), url('https:\/\/www.overit.ai\/app\/uploads\/2021\/11\/gartner-magic-quadrant-2021.jpg') center center\"><\/div>\n      <\/div>\n<\/section>\n\n<\/div><!-- .overit-block-wrapper -->\n<\/div><!-- .overit-block -->\n\n\n<div\n  class=\"overit-block overit-block--white overit-radius-full overit-margin-small overit-padding-small \n  overit-block-configurable-jumbotron\"\n        >\n  \n  <div class=\"overit-block-wrapper\">\n\n<section class=\"configurable-jumbotron left\" >\n    \n                  <h2  class=\"cj-title large\">OverIT ha sido nombrado visionario por tercera vez consecutiva en el Magic Quadrant for Field Service Management de Gartner<sup>\u00ae<\/sup>, elaborado por Jim Robinson y Naved Rashid el 31 de agosto de 2021.<\/h2 >\n          \n                  <div class=\"cj-subtitle medium\"><p>Seg\u00fan el informe, \u00ablas posiciones de los Proveedores en este Cuadrante M\u00e1gico, reflecten las expectativas de los clientes en \u00e1reas como la de la colaboraci\u00f3n entre clientes basada en la realidad aumentada, la adquisici\u00f3n de conocimientos, los controles de calidad basados en la IA y la asistencia ejecutada directamente por los clientes finales. Al evaluar a los proveedores es necesario buscar pruebas de una mejora de los resultados empresariales gracias al soporte de los t\u00e9cnicos\u00bb<\/p>\n<p>Apoy\u00e1ndonos en tecnolog\u00edas innovadoras como la realidad aumentada y la inteligencia artificial para optimizar las actividades sobre el terreno, ampliamos de manera continua nuestras funcionalidades de FSM. Los conocimientos t\u00e9cnicos adquiridos en m\u00e1s de 20 a\u00f1os de experiencia operativa nos permiten adelantarnos al mercado cuando las innovaciones tecnol\u00f3gicas presentan nuevas oportunidades. Por lo tanto, nuestro crecimiento constante en el escenario mundial nos permite ayudar a cientos de empresas globales a transformar sus procesos, lo que nos lleva a anunciar una nueva era del Field Service Management, en la que la finalizaci\u00f3n de las tareas es (ahora) totalmente manos libres. Esperamos seguir mejorando el rendimiento operativo y la satisfacci\u00f3n de los clientes, sin perder de vista la reducci\u00f3n de los costes.<\/p>\n<\/div>\n          \n        <\/section>\n\n<\/div><!-- .overit-block-wrapper -->\n<\/div><!-- .overit-block -->\n\n\n<div\n  class=\"overit-block overit-block--white overit-radius-full overit-no-margin overit-padding-medium-bottom \n  overit-block-customer-disclaimer\"\n        >\n  \n  <div class=\"overit-block-wrapper\">\n\n<div class=\"cdisclaimer\">\n  <div class=\"cdisclaimer__bg\">&nbsp;<\/div>\n  <div class=\"cdisclaimer__content\">\n    <div class=\"cdisclaimer__title-cont\">\n      <div class=\"cdisclaimer__img\">\n        <img decoding=\"async\" src=\"https:\/\/www.overit.ai\/app\/themes\/overit-theme\/dist\/images\/citation_d93c975a.svg\" alt=\"citation symbol\" \/>\n      <\/div>\n      <div class=\"cdisclaimer__title\">\n        Descargo de responsabilidad de Gartner\n      <\/div>\n    <\/div>\n    <div class=\"cdisclaimer__description\" data-aos=\"fade-left\">\n      <p>Gartner no promueve a ning\u00fan proveedor, producto o servicio descrito en sus publicaciones de investigaci\u00f3n, y no aconseja a los usuarios de tecnolog\u00eda que seleccionen \u00fanicamente a los proveedores con las calificaciones m\u00e1s altas u otra designaci\u00f3n. Las publicaciones de investigaci\u00f3n de Gartner consisten en las opiniones de la organizaci\u00f3n de investigaci\u00f3n de Gartner y no deben interpretarse como declaraciones de hecho. Gartner rechaza toda garant\u00eda, expresa o impl\u00edcita, con respecto a esta investigaci\u00f3n, incluida cualquier garant\u00eda de comerciabilidad o idoneidad para un prop\u00f3sito espec\u00edfico.<\/p>\n\n    <\/div>\n  <\/div>\n<\/div>\n\n<\/div><!-- .overit-block-wrapper -->\n<\/div><!-- .overit-block -->\n\n\n<div\n  class=\"overit-block overit-block--white overit-radius-full overit-margin-small-top overit-no-padding \n  overit-block-configurable-jumbotron\"\n        >\n  \n  <div class=\"overit-block-wrapper\">\n\n<section class=\"configurable-jumbotron center\" >\n                  <div class=\"cj-section-title\">INFORMES DE LOS ANALISTAS<\/div>\n          \n                  <h3  class=\"cj-title medium\">OverIT se compromete a ser una empresa innovadora en la industria del Field Service Management. Estamos orgullosos de que se nos mencione en los informes de empresas de consultivo y investigaci\u00f3n de TI l\u00edderes en el mundo.<\/h3 >\n          \n                  <div class=\"cj-subtitle medium\"><p>\u00bfDesea obtener m\u00e1s informaci\u00f3n sobre las principales empresas de consultivo e investigaci\u00f3n de TI? Consulte sus informes sobre OverIT.<\/p>\n<\/div>\n          \n        <\/section>\n\n<\/div><!-- .overit-block-wrapper -->\n<\/div><!-- .overit-block -->\n\n\n<div\n  class=\"overit-block overit-block--white overit-radius-full overit-no-margin overit-padding-medium \n  overit-block-industries-sections\"\n        >\n  \n  <div class=\"overit-block-wrapper\">\n\n  <div class=\"industries-tiles\">\n     \n              <a class=\"industries-tiles__link \" href=\"\/es\/informes-analistas\/gartner\/\">\n          <div class=\"industries-tiles__tile\">\n                <div class=\"industries-tiles__title\">\n          Ir a los informes de Gartner\n        <\/div>\n      <\/div>\n          <\/a>\n         \n              <a class=\"industries-tiles__link \" href=\"\/es\/informes-analistas\/idc\/\">\n          <div class=\"industries-tiles__tile\">\n                <div class=\"industries-tiles__title\">\n          Ir a los informes de IDC\n        <\/div>\n      <\/div>\n          <\/a>\n         \n              <a class=\"industries-tiles__link \" href=\"\/es\/informes-analistas\/forrester\/\">\n          <div class=\"industries-tiles__tile\">\n                <div class=\"industries-tiles__title\">\n          Ir a los informes de Forrester\n        <\/div>\n      <\/div>\n          <\/a>\n         \n              <a class=\"industries-tiles__link \" href=\"\/es\/informes-analistas\/constellation-research\/\">\n          <div class=\"industries-tiles__tile\">\n                <div class=\"industries-tiles__title\">\n          Ir a los informes de Constellation Research\n        <\/div>\n      <\/div>\n          <\/a>\n          <\/div>\n\n<\/div><!-- .overit-block-wrapper -->\n<\/div><!-- .overit-block -->\n\n\n\n<p><\/p>\n","protected":false},"excerpt":{"rendered":"","protected":false},"author":3,"featured_media":24279,"parent":13054,"menu_order":0,"comment_status":"closed","ping_status":"closed","template":"","meta":{"_acf_changed":false,"footnotes":""},"case_study_category":[],"class_list":["post-24612","page","type-page","status-publish","has-post-thumbnail","hentry"],"acf":[],"yoast_head":"<!-- This site is optimized with the Yoast SEO Premium plugin v25.6 (Yoast SEO v25.6) - https:\/\/yoast.com\/wordpress\/plugins\/seo\/ -->\n<title>Gartner: OverIT Magic Quadrant for FSM 2021<\/title>\n<meta name=\"description\" content=\"OverIT ha sido nombrado visionario por tercera vez consecutiva en el Magic Quadrant for FSM de Gartner\u00ae, elaborado el 31 de agosto de 2021.\" \/>\n<meta name=\"robots\" content=\"index, follow, max-snippet:-1, max-image-preview:large, max-video-preview:-1\" \/>\n<link rel=\"canonical\" href=\"https:\/\/www.overit.ai\/es\/informes-analistas\/gartner\/gartner-magic-quadrant-for-field-service-management-2021\/\" \/>\n<meta property=\"og:locale\" content=\"es_ES\" \/>\n<meta property=\"og:type\" content=\"article\" \/>\n<meta property=\"og:title\" content=\"Gartner - Magic Quadrant for Field Service Management 2021\" \/>\n<meta property=\"og:description\" content=\"OverIT ha sido nombrado visionario por tercera vez consecutiva en el Magic Quadrant for FSM de Gartner\u00ae, elaborado el 31 de agosto de 2021.\" \/>\n<meta property=\"og:url\" content=\"https:\/\/www.overit.ai\/es\/informes-analistas\/gartner\/gartner-magic-quadrant-for-field-service-management-2021\/\" \/>\n<meta property=\"og:site_name\" content=\"OverIT\" \/>\n<meta property=\"article:modified_time\" content=\"2021-12-21T10:18:23+00:00\" \/>\n<meta property=\"og:image\" content=\"https:\/\/www.overit.ai\/app\/uploads\/2021\/11\/gartner-magic-quadrant-2021.jpg\" \/>\n\t<meta property=\"og:image:width\" content=\"1800\" \/>\n\t<meta property=\"og:image:height\" content=\"1200\" \/>\n\t<meta property=\"og:image:type\" content=\"image\/jpeg\" \/>\n<meta name=\"twitter:card\" content=\"summary_large_image\" \/>\n<script type=\"application\/ld+json\" class=\"yoast-schema-graph\">{\"@context\":\"https:\/\/schema.org\",\"@graph\":[{\"@type\":\"WebPage\",\"@id\":\"https:\/\/www.overit.ai\/es\/informes-analistas\/gartner\/gartner-magic-quadrant-for-field-service-management-2021\/\",\"url\":\"https:\/\/www.overit.ai\/es\/informes-analistas\/gartner\/gartner-magic-quadrant-for-field-service-management-2021\/\",\"name\":\"Gartner: OverIT Magic Quadrant for FSM 2021\",\"isPartOf\":{\"@id\":\"https:\/\/www.overit.ai\/es\/#website\"},\"primaryImageOfPage\":{\"@id\":\"https:\/\/www.overit.ai\/es\/informes-analistas\/gartner\/gartner-magic-quadrant-for-field-service-management-2021\/#primaryimage\"},\"image\":{\"@id\":\"https:\/\/www.overit.ai\/es\/informes-analistas\/gartner\/gartner-magic-quadrant-for-field-service-management-2021\/#primaryimage\"},\"thumbnailUrl\":\"https:\/\/www.overit.ai\/app\/uploads\/2021\/11\/gartner-magic-quadrant-2021.jpg\",\"datePublished\":\"2021-12-03T15:01:07+00:00\",\"dateModified\":\"2021-12-21T10:18:23+00:00\",\"description\":\"OverIT ha sido nombrado visionario por tercera vez consecutiva en el Magic Quadrant for FSM de Gartner\u00ae, elaborado el 31 de agosto de 2021.\",\"breadcrumb\":{\"@id\":\"https:\/\/www.overit.ai\/es\/informes-analistas\/gartner\/gartner-magic-quadrant-for-field-service-management-2021\/#breadcrumb\"},\"inLanguage\":\"es-ES\",\"potentialAction\":[{\"@type\":\"ReadAction\",\"target\":[\"https:\/\/www.overit.ai\/es\/informes-analistas\/gartner\/gartner-magic-quadrant-for-field-service-management-2021\/\"]}]},{\"@type\":\"ImageObject\",\"inLanguage\":\"es-ES\",\"@id\":\"https:\/\/www.overit.ai\/es\/informes-analistas\/gartner\/gartner-magic-quadrant-for-field-service-management-2021\/#primaryimage\",\"url\":\"https:\/\/www.overit.ai\/app\/uploads\/2021\/11\/gartner-magic-quadrant-2021.jpg\",\"contentUrl\":\"https:\/\/www.overit.ai\/app\/uploads\/2021\/11\/gartner-magic-quadrant-2021.jpg\",\"width\":1800,\"height\":1200,\"caption\":\"Gartner Magic Quadrant 2021\"},{\"@type\":\"BreadcrumbList\",\"@id\":\"https:\/\/www.overit.ai\/es\/informes-analistas\/gartner\/gartner-magic-quadrant-for-field-service-management-2021\/#breadcrumb\",\"itemListElement\":[{\"@type\":\"ListItem\",\"position\":1,\"name\":\"Home\",\"item\":\"https:\/\/www.overit.ai\/es\/\"},{\"@type\":\"ListItem\",\"position\":2,\"name\":\"Informes de los Analistas\",\"item\":\"https:\/\/www.overit.ai\/es\/informes-analistas\/\"},{\"@type\":\"ListItem\",\"position\":3,\"name\":\"Gartner\",\"item\":\"https:\/\/www.overit.ai\/es\/informes-analistas\/gartner\/\"},{\"@type\":\"ListItem\",\"position\":4,\"name\":\"Gartner &#8211; Magic Quadrant for Field Service Management 2021\"}]},{\"@type\":\"WebSite\",\"@id\":\"https:\/\/www.overit.ai\/es\/#website\",\"url\":\"https:\/\/www.overit.ai\/es\/\",\"name\":\"OverIT\",\"description\":\"Innovation in Field Service Management\",\"publisher\":{\"@id\":\"https:\/\/www.overit.ai\/es\/#organization\"},\"potentialAction\":[{\"@type\":\"SearchAction\",\"target\":{\"@type\":\"EntryPoint\",\"urlTemplate\":\"https:\/\/www.overit.ai\/es\/?s={search_term_string}\"},\"query-input\":{\"@type\":\"PropertyValueSpecification\",\"valueRequired\":true,\"valueName\":\"search_term_string\"}}],\"inLanguage\":\"es-ES\"},{\"@type\":\"Organization\",\"@id\":\"https:\/\/www.overit.ai\/es\/#organization\",\"name\":\"OverIT\",\"url\":\"https:\/\/www.overit.ai\/es\/\",\"logo\":{\"@type\":\"ImageObject\",\"inLanguage\":\"es-ES\",\"@id\":\"https:\/\/www.overit.ai\/es\/#\/schema\/logo\/image\/\",\"url\":\"https:\/\/www.overit.ai\/app\/uploads\/2021\/10\/OverIT-logo-400.png\",\"contentUrl\":\"https:\/\/www.overit.ai\/app\/uploads\/2021\/10\/OverIT-logo-400.png\",\"width\":400,\"height\":250,\"caption\":\"OverIT\"},\"image\":{\"@id\":\"https:\/\/www.overit.ai\/es\/#\/schema\/logo\/image\/\"}}]}<\/script>\n<!-- \/ Yoast SEO Premium plugin. -->","yoast_head_json":{"title":"Gartner: OverIT Magic Quadrant for FSM 2021","description":"OverIT ha sido nombrado visionario por tercera vez consecutiva en el Magic Quadrant for FSM de Gartner\u00ae, elaborado el 31 de agosto de 2021.","robots":{"index":"index","follow":"follow","max-snippet":"max-snippet:-1","max-image-preview":"max-image-preview:large","max-video-preview":"max-video-preview:-1"},"canonical":"https:\/\/www.overit.ai\/es\/informes-analistas\/gartner\/gartner-magic-quadrant-for-field-service-management-2021\/","og_locale":"es_ES","og_type":"article","og_title":"Gartner - Magic Quadrant for Field Service Management 2021","og_description":"OverIT ha sido nombrado visionario por tercera vez consecutiva en el Magic Quadrant for FSM de Gartner\u00ae, elaborado el 31 de agosto de 2021.","og_url":"https:\/\/www.overit.ai\/es\/informes-analistas\/gartner\/gartner-magic-quadrant-for-field-service-management-2021\/","og_site_name":"OverIT","article_modified_time":"2021-12-21T10:18:23+00:00","og_image":[{"width":1800,"height":1200,"url":"https:\/\/www.overit.ai\/app\/uploads\/2021\/11\/gartner-magic-quadrant-2021.jpg","type":"image\/jpeg"}],"twitter_card":"summary_large_image","schema":{"@context":"https:\/\/schema.org","@graph":[{"@type":"WebPage","@id":"https:\/\/www.overit.ai\/es\/informes-analistas\/gartner\/gartner-magic-quadrant-for-field-service-management-2021\/","url":"https:\/\/www.overit.ai\/es\/informes-analistas\/gartner\/gartner-magic-quadrant-for-field-service-management-2021\/","name":"Gartner: OverIT Magic Quadrant for FSM 2021","isPartOf":{"@id":"https:\/\/www.overit.ai\/es\/#website"},"primaryImageOfPage":{"@id":"https:\/\/www.overit.ai\/es\/informes-analistas\/gartner\/gartner-magic-quadrant-for-field-service-management-2021\/#primaryimage"},"image":{"@id":"https:\/\/www.overit.ai\/es\/informes-analistas\/gartner\/gartner-magic-quadrant-for-field-service-management-2021\/#primaryimage"},"thumbnailUrl":"https:\/\/www.overit.ai\/app\/uploads\/2021\/11\/gartner-magic-quadrant-2021.jpg","datePublished":"2021-12-03T15:01:07+00:00","dateModified":"2021-12-21T10:18:23+00:00","description":"OverIT ha sido nombrado visionario por tercera vez consecutiva en el Magic Quadrant for FSM de Gartner\u00ae, elaborado el 31 de agosto de 2021.","breadcrumb":{"@id":"https:\/\/www.overit.ai\/es\/informes-analistas\/gartner\/gartner-magic-quadrant-for-field-service-management-2021\/#breadcrumb"},"inLanguage":"es-ES","potentialAction":[{"@type":"ReadAction","target":["https:\/\/www.overit.ai\/es\/informes-analistas\/gartner\/gartner-magic-quadrant-for-field-service-management-2021\/"]}]},{"@type":"ImageObject","inLanguage":"es-ES","@id":"https:\/\/www.overit.ai\/es\/informes-analistas\/gartner\/gartner-magic-quadrant-for-field-service-management-2021\/#primaryimage","url":"https:\/\/www.overit.ai\/app\/uploads\/2021\/11\/gartner-magic-quadrant-2021.jpg","contentUrl":"https:\/\/www.overit.ai\/app\/uploads\/2021\/11\/gartner-magic-quadrant-2021.jpg","width":1800,"height":1200,"caption":"Gartner Magic Quadrant 2021"},{"@type":"BreadcrumbList","@id":"https:\/\/www.overit.ai\/es\/informes-analistas\/gartner\/gartner-magic-quadrant-for-field-service-management-2021\/#breadcrumb","itemListElement":[{"@type":"ListItem","position":1,"name":"Home","item":"https:\/\/www.overit.ai\/es\/"},{"@type":"ListItem","position":2,"name":"Informes de los Analistas","item":"https:\/\/www.overit.ai\/es\/informes-analistas\/"},{"@type":"ListItem","position":3,"name":"Gartner","item":"https:\/\/www.overit.ai\/es\/informes-analistas\/gartner\/"},{"@type":"ListItem","position":4,"name":"Gartner &#8211; Magic Quadrant for Field Service Management 2021"}]},{"@type":"WebSite","@id":"https:\/\/www.overit.ai\/es\/#website","url":"https:\/\/www.overit.ai\/es\/","name":"OverIT","description":"Innovation in Field Service Management","publisher":{"@id":"https:\/\/www.overit.ai\/es\/#organization"},"potentialAction":[{"@type":"SearchAction","target":{"@type":"EntryPoint","urlTemplate":"https:\/\/www.overit.ai\/es\/?s={search_term_string}"},"query-input":{"@type":"PropertyValueSpecification","valueRequired":true,"valueName":"search_term_string"}}],"inLanguage":"es-ES"},{"@type":"Organization","@id":"https:\/\/www.overit.ai\/es\/#organization","name":"OverIT","url":"https:\/\/www.overit.ai\/es\/","logo":{"@type":"ImageObject","inLanguage":"es-ES","@id":"https:\/\/www.overit.ai\/es\/#\/schema\/logo\/image\/","url":"https:\/\/www.overit.ai\/app\/uploads\/2021\/10\/OverIT-logo-400.png","contentUrl":"https:\/\/www.overit.ai\/app\/uploads\/2021\/10\/OverIT-logo-400.png","width":400,"height":250,"caption":"OverIT"},"image":{"@id":"https:\/\/www.overit.ai\/es\/#\/schema\/logo\/image\/"}}]}},"_links":{"self":[{"href":"https:\/\/www.overit.ai\/es\/wp-json\/wp\/v2\/pages\/24612","targetHints":{"allow":["GET"]}}],"collection":[{"href":"https:\/\/www.overit.ai\/es\/wp-json\/wp\/v2\/pages"}],"about":[{"href":"https:\/\/www.overit.ai\/es\/wp-json\/wp\/v2\/types\/page"}],"author":[{"embeddable":true,"href":"https:\/\/www.overit.ai\/es\/wp-json\/wp\/v2\/users\/3"}],"replies":[{"embeddable":true,"href":"https:\/\/www.overit.ai\/es\/wp-json\/wp\/v2\/comments?post=24612"}],"version-history":[{"count":9,"href":"https:\/\/www.overit.ai\/es\/wp-json\/wp\/v2\/pages\/24612\/revisions"}],"predecessor-version":[{"id":30278,"href":"https:\/\/www.overit.ai\/es\/wp-json\/wp\/v2\/pages\/24612\/revisions\/30278"}],"up":[{"embeddable":true,"href":"https:\/\/www.overit.ai\/es\/wp-json\/wp\/v2\/pages\/13054"}],"wp:featuredmedia":[{"embeddable":true,"href":"https:\/\/www.overit.ai\/es\/wp-json\/wp\/v2\/media\/24279"}],"wp:attachment":[{"href":"https:\/\/www.overit.ai\/es\/wp-json\/wp\/v2\/media?parent=24612"}],"wp:term":[{"taxonomy":"case_study_category","embeddable":true,"href":"https:\/\/www.overit.ai\/es\/wp-json\/wp\/v2\/case_study_category?post=24612"}],"curies":[{"name":"wp","href":"https:\/\/api.w.org\/{rel}","templated":true}]}}