{"id":23213,"date":"2021-10-29T14:24:38","date_gmt":"2021-10-29T14:24:38","guid":{"rendered":"https:\/\/www.overit.ai\/it\/?page_id=23213"},"modified":"2021-12-22T15:42:25","modified_gmt":"2021-12-22T15:42:25","slug":"connecting-the-dots-in-field-service-italgas-innovates-with-ar-primer-trimestre-2021","status":"publish","type":"page","link":"https:\/\/www.overit.ai\/es\/informes-analistas\/idc\/connecting-the-dots-in-field-service-italgas-innovates-with-ar-primer-trimestre-2021\/","title":{"rendered":"Connecting the Dots in Field Service: Italgas Innovates with AR, primer trimestre 2021"},"content":{"rendered":"<div\n  class=\"overit-block overit-block--white overit-radius-full overit-no-margin overit-no-padding \n  overit-block-full-width-top-banner\"\n        >\n  \n  <div class=\"overit-block-wrapper\">\n\n\n<section class=\"block-fwtb\">\n  <div class=\"block-fwtb__bg \">\n    <div class=\"block-fwtb__content block-fwtb__content--light\">\n                        <div class=\"block-fwtb__title\" data-aos=\"zoom-in\">IDC<\/div>\n                                              <h1 class=\"block-fwtb__subtitle \" data-aos=\"zoom-in\" data-aos-delay=\"200\">Connecting the Dots in Field Service: Italgas Innovates with AR, primer trimestre 2021<\/h1>\n                        <\/div>\n          <div class=\"block-fwtb__bg_image\" style=\"background: linear-gradient(0deg, rgba(0, 0, 0, 0), rgba(0, 0, 0, 0)), url('https:\/\/www.overit.ai\/app\/uploads\/2021\/10\/idc-italgas.jpg') center center\"><\/div>\n      <\/div>\n<\/section>\n\n<\/div><!-- .overit-block-wrapper -->\n<\/div><!-- .overit-block -->\n\n\n<div\n  class=\"overit-block overit-block--white overit-radius-full overit-margin-small overit-padding-small \n  overit-block-configurable-jumbotron\"\n        >\n  \n  <div class=\"overit-block-wrapper\">\n\n<section class=\"configurable-jumbotron left\" >\n    \n                  <h2  class=\"cj-title large\">OverIT ha sido incluida en el informe ejecutivo \u201cConnecting the Dots in Field Service: Italgas innovates with AR para el primer trimestre 2021, escrito por Phevos Skalidis.<\/h2 >\n          \n                  <div class=\"cj-subtitle medium\"><p>Este informe se centra en el operador italiano del sistema de distribuci\u00f3n de gas Italgas y su despliegue de la RA en sus actividades de Field Service.<\/p>\n<p>OverIT con su software de Field Service Management se menciona como una de las empresas que Italgas ha elegido para llevar la transformaci\u00f3n digital de sus operaciones a un nivel completamente nuevo.<\/p>\n<p><em>&#8220;En cuanto al software, decidimos desplegar el producto SPACE1 desarrollado por OverIT. Esta soluci\u00f3n hab\u00eda ya sido aplicada con \u00e9xito por otra empresa italiana para &#8220;potenciar&#8221; la colaboraci\u00f3n a distancia. Adem\u00e1s, el producto se ajustaba perfectamente a la arquitectura inform\u00e1tica existente y, en concreto, a Geocall, la soluci\u00f3n de Field Force Management de OverIT&#8221;.<\/em><\/p>\n<p>Nuestra soluci\u00f3n permite a la tercera empresa europea de servicios p\u00fablicos obtener varios beneficios, como mejorar la calidad y la seguridad de la asistencia, aumentar la eficacia del sistema de distribuci\u00f3n, tener un impacto positivo en el medio ambiente, acelerar la transferencia de conocimientos a los trabajadores no cualificados para mejorar el tiempo de actividad y la seguridad y permitir a los trabajadores de campo consultar documentos (por ejemplo, hojas de datos t\u00e9cnicos, contenido multimedia e historial de activos) dej\u00e1ndoles las manos libres para realizar el mantenimiento de los activos.<\/p>\n<\/div>\n          \n        <\/section>\n\n<\/div><!-- .overit-block-wrapper -->\n<\/div><!-- .overit-block -->\n\n\n<div\n  class=\"overit-block overit-block--white overit-radius-full overit-margin-small-top overit-no-padding \n  overit-block-configurable-jumbotron\"\n        >\n  \n  <div class=\"overit-block-wrapper\">\n\n<section class=\"configurable-jumbotron center\" >\n                  <div class=\"cj-section-title\">INFORMES DE LOS ANALISTAS<\/div>\n          \n                  <h3  class=\"cj-title medium\">OverIT se compromete a ser una empresa innovadora en la industria del Field Service Management. Estamos orgullosos de que se nos mencione en los informes de empresas de consultivo y investigaci\u00f3n de TI l\u00edderes en el mundo.<\/h3 >\n          \n                  <div class=\"cj-subtitle medium\"><p>\u00bfDesea obtener m\u00e1s informaci\u00f3n sobre las principales empresas de consultivo e investigaci\u00f3n de TI? Consulte sus informes sobre OverIT.<\/p>\n<\/div>\n          \n        <\/section>\n\n<\/div><!-- .overit-block-wrapper -->\n<\/div><!-- .overit-block -->\n\n\n<div\n  class=\"overit-block overit-block--white overit-radius-full overit-no-margin overit-padding-medium \n  overit-block-industries-sections\"\n        >\n  \n  <div class=\"overit-block-wrapper\">\n\n  <div class=\"industries-tiles\">\n     \n              <a class=\"industries-tiles__link \" href=\"\/es\/informes-analistas\/gartner\/\">\n          <div class=\"industries-tiles__tile\">\n                <div class=\"industries-tiles__title\">\n          Ir a los informes de Gartner\n        <\/div>\n      <\/div>\n          <\/a>\n         \n              <a class=\"industries-tiles__link \" href=\"\/es\/informes-analistas\/idc\/\">\n          <div class=\"industries-tiles__tile\">\n                <div class=\"industries-tiles__title\">\n          Ir a los informes de IDC\n        <\/div>\n      <\/div>\n          <\/a>\n         \n              <a class=\"industries-tiles__link \" href=\"\/es\/informes-analistas\/forrester\/\">\n          <div class=\"industries-tiles__tile\">\n                <div class=\"industries-tiles__title\">\n          Ir a los informes de Forrester\n        <\/div>\n      <\/div>\n          <\/a>\n         \n              <a class=\"industries-tiles__link \" href=\"\/es\/informes-analistas\/constellation-research\/\">\n          <div class=\"industries-tiles__tile\">\n                <div class=\"industries-tiles__title\">\n          Ir a los informes de Constellation Research\n        <\/div>\n      <\/div>\n          <\/a>\n          <\/div>\n\n<\/div><!-- .overit-block-wrapper -->\n<\/div><!-- .overit-block -->\n","protected":false},"excerpt":{"rendered":"","protected":false},"author":3,"featured_media":22741,"parent":13057,"menu_order":0,"comment_status":"closed","ping_status":"closed","template":"","meta":{"_acf_changed":false,"footnotes":""},"case_study_category":[],"class_list":["post-23213","page","type-page","status-publish","has-post-thumbnail","hentry"],"acf":[],"yoast_head":"<!-- This site is optimized with the Yoast SEO Premium plugin v25.6 (Yoast SEO v25.6) - https:\/\/yoast.com\/wordpress\/plugins\/seo\/ -->\n<title>Connecting Dots in Field Service: Italgas Innovates with AR<\/title>\n<meta name=\"description\" content=\"El informe se centra en Italgas, operador italiano del sistema de distribuci\u00f3n de gas, y su implementaci\u00f3n de AR en el servicio de campo.\" \/>\n<meta name=\"robots\" content=\"index, follow, max-snippet:-1, max-image-preview:large, max-video-preview:-1\" \/>\n<link rel=\"canonical\" href=\"https:\/\/www.overit.ai\/es\/informes-analistas\/idc\/connecting-the-dots-in-field-service-italgas-innovates-with-ar-primer-trimestre-2021\/\" \/>\n<meta property=\"og:locale\" content=\"es_ES\" \/>\n<meta property=\"og:type\" content=\"article\" \/>\n<meta property=\"og:title\" content=\"Connecting the Dots in Field Service: Italgas Innovates with AR, primer trimestre 2021\" \/>\n<meta property=\"og:description\" content=\"El informe se centra en Italgas, operador italiano del sistema de distribuci\u00f3n de gas, y su implementaci\u00f3n de AR en el servicio de campo.\" \/>\n<meta property=\"og:url\" content=\"https:\/\/www.overit.ai\/es\/informes-analistas\/idc\/connecting-the-dots-in-field-service-italgas-innovates-with-ar-primer-trimestre-2021\/\" \/>\n<meta property=\"og:site_name\" content=\"OverIT\" \/>\n<meta property=\"article:modified_time\" content=\"2021-12-22T15:42:25+00:00\" \/>\n<meta property=\"og:image\" content=\"https:\/\/www.overit.ai\/app\/uploads\/2021\/10\/idc-italgas.jpg\" \/>\n\t<meta property=\"og:image:width\" content=\"1920\" \/>\n\t<meta property=\"og:image:height\" content=\"771\" \/>\n\t<meta property=\"og:image:type\" content=\"image\/jpeg\" \/>\n<meta name=\"twitter:card\" content=\"summary_large_image\" \/>\n<script type=\"application\/ld+json\" class=\"yoast-schema-graph\">{\"@context\":\"https:\/\/schema.org\",\"@graph\":[{\"@type\":\"WebPage\",\"@id\":\"https:\/\/www.overit.ai\/es\/informes-analistas\/idc\/connecting-the-dots-in-field-service-italgas-innovates-with-ar-primer-trimestre-2021\/\",\"url\":\"https:\/\/www.overit.ai\/es\/informes-analistas\/idc\/connecting-the-dots-in-field-service-italgas-innovates-with-ar-primer-trimestre-2021\/\",\"name\":\"Connecting Dots in Field Service: Italgas Innovates with AR\",\"isPartOf\":{\"@id\":\"https:\/\/www.overit.ai\/es\/#website\"},\"primaryImageOfPage\":{\"@id\":\"https:\/\/www.overit.ai\/es\/informes-analistas\/idc\/connecting-the-dots-in-field-service-italgas-innovates-with-ar-primer-trimestre-2021\/#primaryimage\"},\"image\":{\"@id\":\"https:\/\/www.overit.ai\/es\/informes-analistas\/idc\/connecting-the-dots-in-field-service-italgas-innovates-with-ar-primer-trimestre-2021\/#primaryimage\"},\"thumbnailUrl\":\"https:\/\/www.overit.ai\/app\/uploads\/2021\/10\/idc-italgas.jpg\",\"datePublished\":\"2021-10-29T14:24:38+00:00\",\"dateModified\":\"2021-12-22T15:42:25+00:00\",\"description\":\"El informe se centra en Italgas, operador italiano del sistema de distribuci\u00f3n de gas, y su implementaci\u00f3n de AR en el servicio de campo.\",\"breadcrumb\":{\"@id\":\"https:\/\/www.overit.ai\/es\/informes-analistas\/idc\/connecting-the-dots-in-field-service-italgas-innovates-with-ar-primer-trimestre-2021\/#breadcrumb\"},\"inLanguage\":\"es-ES\",\"potentialAction\":[{\"@type\":\"ReadAction\",\"target\":[\"https:\/\/www.overit.ai\/es\/informes-analistas\/idc\/connecting-the-dots-in-field-service-italgas-innovates-with-ar-primer-trimestre-2021\/\"]}]},{\"@type\":\"ImageObject\",\"inLanguage\":\"es-ES\",\"@id\":\"https:\/\/www.overit.ai\/es\/informes-analistas\/idc\/connecting-the-dots-in-field-service-italgas-innovates-with-ar-primer-trimestre-2021\/#primaryimage\",\"url\":\"https:\/\/www.overit.ai\/app\/uploads\/2021\/10\/idc-italgas.jpg\",\"contentUrl\":\"https:\/\/www.overit.ai\/app\/uploads\/2021\/10\/idc-italgas.jpg\",\"width\":1920,\"height\":771,\"caption\":\"IDC Italgas Innovates\"},{\"@type\":\"BreadcrumbList\",\"@id\":\"https:\/\/www.overit.ai\/es\/informes-analistas\/idc\/connecting-the-dots-in-field-service-italgas-innovates-with-ar-primer-trimestre-2021\/#breadcrumb\",\"itemListElement\":[{\"@type\":\"ListItem\",\"position\":1,\"name\":\"Home\",\"item\":\"https:\/\/www.overit.ai\/es\/\"},{\"@type\":\"ListItem\",\"position\":2,\"name\":\"Informes de los Analistas\",\"item\":\"https:\/\/www.overit.ai\/es\/informes-analistas\/\"},{\"@type\":\"ListItem\",\"position\":3,\"name\":\"IDC\",\"item\":\"https:\/\/www.overit.ai\/es\/informes-analistas\/idc\/\"},{\"@type\":\"ListItem\",\"position\":4,\"name\":\"Connecting the Dots in Field Service: Italgas Innovates with AR, primer trimestre 2021\"}]},{\"@type\":\"WebSite\",\"@id\":\"https:\/\/www.overit.ai\/es\/#website\",\"url\":\"https:\/\/www.overit.ai\/es\/\",\"name\":\"OverIT\",\"description\":\"Innovation in Field Service Management\",\"publisher\":{\"@id\":\"https:\/\/www.overit.ai\/es\/#organization\"},\"potentialAction\":[{\"@type\":\"SearchAction\",\"target\":{\"@type\":\"EntryPoint\",\"urlTemplate\":\"https:\/\/www.overit.ai\/es\/?s={search_term_string}\"},\"query-input\":{\"@type\":\"PropertyValueSpecification\",\"valueRequired\":true,\"valueName\":\"search_term_string\"}}],\"inLanguage\":\"es-ES\"},{\"@type\":\"Organization\",\"@id\":\"https:\/\/www.overit.ai\/es\/#organization\",\"name\":\"OverIT\",\"url\":\"https:\/\/www.overit.ai\/es\/\",\"logo\":{\"@type\":\"ImageObject\",\"inLanguage\":\"es-ES\",\"@id\":\"https:\/\/www.overit.ai\/es\/#\/schema\/logo\/image\/\",\"url\":\"https:\/\/www.overit.ai\/app\/uploads\/2021\/10\/OverIT-logo-400.png\",\"contentUrl\":\"https:\/\/www.overit.ai\/app\/uploads\/2021\/10\/OverIT-logo-400.png\",\"width\":400,\"height\":250,\"caption\":\"OverIT\"},\"image\":{\"@id\":\"https:\/\/www.overit.ai\/es\/#\/schema\/logo\/image\/\"}}]}<\/script>\n<!-- \/ Yoast SEO Premium plugin. -->","yoast_head_json":{"title":"Connecting Dots in Field Service: Italgas Innovates with AR","description":"El informe se centra en Italgas, operador italiano del sistema de distribuci\u00f3n de gas, y su implementaci\u00f3n de AR en el servicio de campo.","robots":{"index":"index","follow":"follow","max-snippet":"max-snippet:-1","max-image-preview":"max-image-preview:large","max-video-preview":"max-video-preview:-1"},"canonical":"https:\/\/www.overit.ai\/es\/informes-analistas\/idc\/connecting-the-dots-in-field-service-italgas-innovates-with-ar-primer-trimestre-2021\/","og_locale":"es_ES","og_type":"article","og_title":"Connecting the Dots in Field Service: Italgas Innovates with AR, primer trimestre 2021","og_description":"El informe se centra en Italgas, operador italiano del sistema de distribuci\u00f3n de gas, y su implementaci\u00f3n de AR en el servicio de campo.","og_url":"https:\/\/www.overit.ai\/es\/informes-analistas\/idc\/connecting-the-dots-in-field-service-italgas-innovates-with-ar-primer-trimestre-2021\/","og_site_name":"OverIT","article_modified_time":"2021-12-22T15:42:25+00:00","og_image":[{"width":1920,"height":771,"url":"https:\/\/www.overit.ai\/app\/uploads\/2021\/10\/idc-italgas.jpg","type":"image\/jpeg"}],"twitter_card":"summary_large_image","schema":{"@context":"https:\/\/schema.org","@graph":[{"@type":"WebPage","@id":"https:\/\/www.overit.ai\/es\/informes-analistas\/idc\/connecting-the-dots-in-field-service-italgas-innovates-with-ar-primer-trimestre-2021\/","url":"https:\/\/www.overit.ai\/es\/informes-analistas\/idc\/connecting-the-dots-in-field-service-italgas-innovates-with-ar-primer-trimestre-2021\/","name":"Connecting Dots in Field Service: Italgas Innovates with AR","isPartOf":{"@id":"https:\/\/www.overit.ai\/es\/#website"},"primaryImageOfPage":{"@id":"https:\/\/www.overit.ai\/es\/informes-analistas\/idc\/connecting-the-dots-in-field-service-italgas-innovates-with-ar-primer-trimestre-2021\/#primaryimage"},"image":{"@id":"https:\/\/www.overit.ai\/es\/informes-analistas\/idc\/connecting-the-dots-in-field-service-italgas-innovates-with-ar-primer-trimestre-2021\/#primaryimage"},"thumbnailUrl":"https:\/\/www.overit.ai\/app\/uploads\/2021\/10\/idc-italgas.jpg","datePublished":"2021-10-29T14:24:38+00:00","dateModified":"2021-12-22T15:42:25+00:00","description":"El informe se centra en Italgas, operador italiano del sistema de distribuci\u00f3n de gas, y su implementaci\u00f3n de AR en el servicio de campo.","breadcrumb":{"@id":"https:\/\/www.overit.ai\/es\/informes-analistas\/idc\/connecting-the-dots-in-field-service-italgas-innovates-with-ar-primer-trimestre-2021\/#breadcrumb"},"inLanguage":"es-ES","potentialAction":[{"@type":"ReadAction","target":["https:\/\/www.overit.ai\/es\/informes-analistas\/idc\/connecting-the-dots-in-field-service-italgas-innovates-with-ar-primer-trimestre-2021\/"]}]},{"@type":"ImageObject","inLanguage":"es-ES","@id":"https:\/\/www.overit.ai\/es\/informes-analistas\/idc\/connecting-the-dots-in-field-service-italgas-innovates-with-ar-primer-trimestre-2021\/#primaryimage","url":"https:\/\/www.overit.ai\/app\/uploads\/2021\/10\/idc-italgas.jpg","contentUrl":"https:\/\/www.overit.ai\/app\/uploads\/2021\/10\/idc-italgas.jpg","width":1920,"height":771,"caption":"IDC Italgas Innovates"},{"@type":"BreadcrumbList","@id":"https:\/\/www.overit.ai\/es\/informes-analistas\/idc\/connecting-the-dots-in-field-service-italgas-innovates-with-ar-primer-trimestre-2021\/#breadcrumb","itemListElement":[{"@type":"ListItem","position":1,"name":"Home","item":"https:\/\/www.overit.ai\/es\/"},{"@type":"ListItem","position":2,"name":"Informes de los Analistas","item":"https:\/\/www.overit.ai\/es\/informes-analistas\/"},{"@type":"ListItem","position":3,"name":"IDC","item":"https:\/\/www.overit.ai\/es\/informes-analistas\/idc\/"},{"@type":"ListItem","position":4,"name":"Connecting the Dots in Field Service: Italgas Innovates with AR, primer trimestre 2021"}]},{"@type":"WebSite","@id":"https:\/\/www.overit.ai\/es\/#website","url":"https:\/\/www.overit.ai\/es\/","name":"OverIT","description":"Innovation in Field Service Management","publisher":{"@id":"https:\/\/www.overit.ai\/es\/#organization"},"potentialAction":[{"@type":"SearchAction","target":{"@type":"EntryPoint","urlTemplate":"https:\/\/www.overit.ai\/es\/?s={search_term_string}"},"query-input":{"@type":"PropertyValueSpecification","valueRequired":true,"valueName":"search_term_string"}}],"inLanguage":"es-ES"},{"@type":"Organization","@id":"https:\/\/www.overit.ai\/es\/#organization","name":"OverIT","url":"https:\/\/www.overit.ai\/es\/","logo":{"@type":"ImageObject","inLanguage":"es-ES","@id":"https:\/\/www.overit.ai\/es\/#\/schema\/logo\/image\/","url":"https:\/\/www.overit.ai\/app\/uploads\/2021\/10\/OverIT-logo-400.png","contentUrl":"https:\/\/www.overit.ai\/app\/uploads\/2021\/10\/OverIT-logo-400.png","width":400,"height":250,"caption":"OverIT"},"image":{"@id":"https:\/\/www.overit.ai\/es\/#\/schema\/logo\/image\/"}}]}},"_links":{"self":[{"href":"https:\/\/www.overit.ai\/es\/wp-json\/wp\/v2\/pages\/23213","targetHints":{"allow":["GET"]}}],"collection":[{"href":"https:\/\/www.overit.ai\/es\/wp-json\/wp\/v2\/pages"}],"about":[{"href":"https:\/\/www.overit.ai\/es\/wp-json\/wp\/v2\/types\/page"}],"author":[{"embeddable":true,"href":"https:\/\/www.overit.ai\/es\/wp-json\/wp\/v2\/users\/3"}],"replies":[{"embeddable":true,"href":"https:\/\/www.overit.ai\/es\/wp-json\/wp\/v2\/comments?post=23213"}],"version-history":[{"count":10,"href":"https:\/\/www.overit.ai\/es\/wp-json\/wp\/v2\/pages\/23213\/revisions"}],"predecessor-version":[{"id":25348,"href":"https:\/\/www.overit.ai\/es\/wp-json\/wp\/v2\/pages\/23213\/revisions\/25348"}],"up":[{"embeddable":true,"href":"https:\/\/www.overit.ai\/es\/wp-json\/wp\/v2\/pages\/13057"}],"wp:featuredmedia":[{"embeddable":true,"href":"https:\/\/www.overit.ai\/es\/wp-json\/wp\/v2\/media\/22741"}],"wp:attachment":[{"href":"https:\/\/www.overit.ai\/es\/wp-json\/wp\/v2\/media?parent=23213"}],"wp:term":[{"taxonomy":"case_study_category","embeddable":true,"href":"https:\/\/www.overit.ai\/es\/wp-json\/wp\/v2\/case_study_category?post=23213"}],"curies":[{"name":"wp","href":"https:\/\/api.w.org\/{rel}","templated":true}]}}