{"id":22770,"date":"2021-10-27T13:24:42","date_gmt":"2021-10-27T13:24:42","guid":{"rendered":"https:\/\/www.overit.ai\/it\/?page_id=22770"},"modified":"2026-03-12T09:54:28","modified_gmt":"2026-03-12T09:54:28","slug":"veritas-operaciones-optimizadas-de-mantenimiento-de-la-red-de-agua","status":"publish","type":"page","link":"https:\/\/www.overit.ai\/es\/clientes\/casos-de-exito\/veritas-operaciones-optimizadas-de-mantenimiento-de-la-red-de-agua\/","title":{"rendered":"Planificaci\u00f3n, programaci\u00f3n y despacho de actividades en redes de agua"},"content":{"rendered":"<div\n  class=\"overit-block overit-block--white overit-radius-none overit-margin-small-bottom overit-no-padding \n  overit-block-customer-page-header\"\n        >\n  \n  <div class=\"overit-block-wrapper\">\n\n<div class=\"cph\">\n  \n    <div class=\"cph_slogan-cont\" style=\"background: linear-gradient(0deg, rgba(0, 0, 0, 0.45), rgba(0, 0, 0, 0.45)), url('https:\/\/www.overit.ai\/app\/uploads\/2018\/12\/e-world-energy-water.jpg') center center\">\n                  <div class=\"cph__section-title\">VERITAS<\/div>\n                                    <h1 class=\"cph__slogan\">Planificaci\u00f3n, programaci\u00f3n y despacho de actividades en redes de agua<\/h1>\n            <\/div>\n  <div class=\"cph__customer-section\" data-aos=\"fade-up\">\n    <div class=\"cph__customer-desc-cont\">\n                    <img decoding=\"async\" class=\"cph__customer-logo\" src=\"https:\/\/www.overit.ai\/app\/uploads\/2021\/10\/Veritas_logo.png\" alt=\"Veritas_logo\" width=\"146\" height=\"79\" \/>\n            <div class=\"cph__customer-desc\">\n        <p>Veritas es una de las mayores empresas multiservicios p\u00fablicas italianas en t\u00e9rminos de tama\u00f1o e ingresos, que proporciona servicios integrados de higiene urbana y agua y produce energ\u00eda a partir de fuentes renovables. <\/p>\n\n      <\/div>\n    <\/div>\n    <div class=\"cph__customer-facts\">\n              <div class=\"cph__facts-title\">INFORMACI\u00d3N CLAVE<\/div>\n        <div class=\"cph__facts\">\n                     <div class=\"cph__fact-cont\">\n            <div class=\"cph__fact-label\">\n              Sector\n            <\/div>\n            <div class=\"cph__fact\">\n              Energy &amp; Utility\n            <\/div>\n          <\/div>\n                     <div class=\"cph__fact-cont\">\n            <div class=\"cph__fact-label\">\n              Zona geogr\u00e1fica\n            <\/div>\n            <div class=\"cph__fact\">\n              EMEA &amp; LATAM\n            <\/div>\n          <\/div>\n                     <div class=\"cph__fact-cont\">\n            <div class=\"cph__fact-label\">\n              T\u00e9cnicos involucrados\n            <\/div>\n            <div class=\"cph__fact\">\n              300+\n            <\/div>\n          <\/div>\n                     <div class=\"cph__fact-cont\">\n            <div class=\"cph__fact-label\">\n              Clientes\n            <\/div>\n            <div class=\"cph__fact\">\n              930.000\n            <\/div>\n          <\/div>\n                  <\/div>\n          <\/div>\n  <\/div>\n<\/div>\n\n<\/div><!-- .overit-block-wrapper -->\n<\/div><!-- .overit-block -->\n\n\n<div\n  class=\"overit-block overit-block--white overit-radius-full overit-no-margin overit-padding-small overit-block--fullwidth\n  overit-block-configurable-jumbotron\"\n        >\n  \n  <div class=\"overit-block-wrapper\">\n\n<section class=\"configurable-jumbotron left\" >\n    \n    \n                  <div class=\"cj-subtitle small\"><p>Aunque el clima de nuestro planeta siempre ha registrado cambios a lo largo de la historia, el calentamiento que estamos experimentando en la actualidad se est\u00e1 produciendo a un ritmo mucho m\u00e1s r\u00e1pido y plantea riesgos que ya pueden apreciarse en el creciente n\u00famero de fen\u00f3menos clim\u00e1ticos extremos, relacionados sobre todo con el agua. Poderosas olas de calor que no permiten prever y garantizar la disponibilidad de agua o, al rev\u00e9s, inundaciones devastadoras son s\u00f3lo algunos ejemplos de los eventos que pueden afectar de forma considerable a la cantidad y calidad del agua que necesitamos. Este escenario pone el acento en el compromiso de Veritas para garantizar un medio ambiente sano e integrador, facilitando el acceso al agua potable a la comunidad en su conjunto e invirtiendo en tecnolog\u00edas innovadoras y en la producci\u00f3n de energ\u00eda a partir de recursos renovables. <\/p>\n<\/div>\n          \n        <\/section>\n\n<\/div><!-- .overit-block-wrapper -->\n<\/div><!-- .overit-block -->\n\n\n<div\n  class=\"overit-block overit-block--white overit-radius-full overit-no-margin overit-padding-small overit-block--fullwidth\n  overit-block-configurable-jumbotron\"\n        >\n  \n  <div class=\"overit-block-wrapper\">\n\n<section class=\"configurable-jumbotron left\" >\n                  <div class=\"cj-section-title\">Desaf\u00edo empresarial<\/div>\n          \n                  <h2  class=\"cj-title medium\">Racionalizaci\u00f3n de la gesti\u00f3n y el apoyo a las operaciones de mantenimiento y emergencia en las redes de suministro de agua<\/h2 >\n          \n                  <div class=\"cj-subtitle small\"><p>Veritas necesitaba cumplir sus compromisos en materia de promoci\u00f3n y adopci\u00f3n de tecnolog\u00edas punteras que garantizaran a cada miembro de sus comunidades el acceso a un recurso tan esencial como el agua al tiempo que se reduc\u00eda la huella de carbono. Por ello, buscaba una soluci\u00f3n que agilizara el gran volumen de actividades realizadas diariamente por sus m\u00e1s de 300 t\u00e9cnicos de campo sin renunciar a sus est\u00e1ndares de eficiencia, calidad y seguridad. El sistema de gesti\u00f3n de servicios de campo que precisaba Veritas deb\u00eda apoyar eficazmente los procedimientos de planificaci\u00f3n, programaci\u00f3n y env\u00edo de todos los trabajos, el mantenimiento y las operaciones de emergencia realizadas en aforos, contadores de agua y, en general, en una red de agua de m\u00e1s de 5.340 km de longitud. <\/p>\n<\/div>\n          \n        <\/section>\n\n<\/div><!-- .overit-block-wrapper -->\n<\/div><!-- .overit-block -->\n\n\n<div\n  class=\"overit-block overit-block--white overit-radius-full  overit-no-padding \n  overit-block-separator\"\n        >\n  \n  <div class=\"overit-block-wrapper\">\n\n<div class=\"overit-separator overit-separator--boxed\">\n  <hr\/>\n<\/div>\n\n<\/div><!-- .overit-block-wrapper -->\n<\/div><!-- .overit-block -->\n\n\n<div\n  class=\"overit-block overit-block--white overit-radius-full overit-no-margin overit-padding-medium overit-block--fullwidth\n  overit-block-configurable-jumbotron\"\n        >\n  \n  <div class=\"overit-block-wrapper\">\n\n<section class=\"configurable-jumbotron left\" >\n                  <div class=\"cj-section-title\">Soluci\u00f3n<\/div>\n          \n                  <h2  class=\"cj-title medium\">Agilizaci\u00f3n de la planificaci\u00f3n, programaci\u00f3n y env\u00edo de todas las actividades en las redes de suministro de agua <\/h2 >\n          \n                  <div class=\"cj-subtitle small\"><p>La NextGen Platform de OverIT brinda al cliente funcionalidades espec\u00edficas que le permiten actualizar su proceso operativo:<\/p>\n<ul>\n<li><strong>Programaci\u00f3n de las \u00f3rdenes de trabajo<\/strong><br \/>\nGesti\u00f3n eficaz y despacho optimizado de \u00f3rdenes de trabajo a los t\u00e9cnicos de campo<\/li>\n<li><strong>Integraci\u00f3n de terceros<\/strong><br \/>\nGesti\u00f3n y asignaci\u00f3n a los t\u00e9cnicos de campo de las \u00f3rdenes de trabajo importadas al sistema mediante la integraci\u00f3n con SAP<\/li>\n<li><strong>Agenda<\/strong><br \/>\nPlan diario y semanal de programaci\u00f3n de actividades para visualizar, analizar y editar las tareas del t\u00e9cnico, incluso en m\u00faltiples franjas horarias<\/li>\n<li><strong>Aplicaci\u00f3n m\u00f3vil<\/strong><br \/>\nAplicaci\u00f3n m\u00f3vil para que los trabajadores de primera l\u00ednea se encarguen de las \u00f3rdenes de trabajo mediante formularios m\u00f3viles, visualicen la informaci\u00f3n relacionada incluso sin conexi\u00f3n, gestionen la recopilaci\u00f3n de datos y la finalizaci\u00f3n de las actividades<\/li>\n<\/ul>\n<\/div>\n          \n        <\/section>\n\n<\/div><!-- .overit-block-wrapper -->\n<\/div><!-- .overit-block -->\n\n\n<div\n  class=\"overit-block overit-block--white overit-radius-full  overit-no-padding \n  overit-block-separator\"\n        >\n  \n  <div class=\"overit-block-wrapper\">\n\n<div class=\"overit-separator overit-separator--boxed\">\n  <hr\/>\n<\/div>\n\n<\/div><!-- .overit-block-wrapper -->\n<\/div><!-- .overit-block -->\n\n\n<div\n  class=\"overit-block overit-block--white overit-radius-full overit-no-margin overit-padding-small overit-block--fullwidth\n  overit-block-configurable-jumbotron\"\n        >\n  \n  <div class=\"overit-block-wrapper\">\n\n<section class=\"configurable-jumbotron left\" >\n                  <div class=\"cj-section-title\">RESULTADOS<\/div>\n          \n                  <h2  class=\"cj-title medium\">Veritas obtuvo resultados extraordinarios gracias a la asociaci\u00f3n con OverIT<\/h2 >\n          \n    \n        <\/section>\n\n<\/div><!-- .overit-block-wrapper -->\n<\/div><!-- .overit-block -->\n\n\n<div\n  class=\"overit-block overit-block--white overit-radius-full overit-no-margin overit-padding-medium \n  overit-block-multi-info-cards\"\n        >\n  \n  <div class=\"overit-block-wrapper\">\n\n<div class=\"info-cards info-cards--4 info-cards--align-left\">\n        <div class=\"info-cards__sections \">\n                  <div class=\"info-card info-card--4\n                    info-card--without-icon\n          \n          info-card--top-line\n        \">\n        <div class=\"info-card-inner\">\n                                                      <div class=\"info-card__description\" >\n              <p>Digitalizaci\u00f3n de los procesos relacionados con la gesti\u00f3n de actividades y recursos<\/p>\n\n            <\/div>\n                  <\/div>\n      <\/div>\n                  <div class=\"info-card info-card--4\n                    info-card--without-icon\n          \n          info-card--top-line\n        \">\n        <div class=\"info-card-inner\">\n                                                      <div class=\"info-card__description\" >\n              <p>Mejora de la ejecuci\u00f3n de las actividades sobre el terreno<\/p>\n\n            <\/div>\n                  <\/div>\n      <\/div>\n                  <div class=\"info-card info-card--4\n                    info-card--without-icon\n          \n          info-card--top-line\n        \">\n        <div class=\"info-card-inner\">\n                                                      <div class=\"info-card__description\" >\n              <p>Estandarizaci\u00f3n de la informaci\u00f3n y los datos recogidos sobre el terreno<\/p>\n\n            <\/div>\n                  <\/div>\n      <\/div>\n                  <div class=\"info-card info-card--4\n                    info-card--without-icon\n          \n          info-card--top-line\n        \">\n        <div class=\"info-card-inner\">\n                                                      <div class=\"info-card__description\" >\n              <p>Racionalizaci\u00f3n y agilizaci\u00f3n del proceso de finalizaci\u00f3n de los pedidos<\/p>\n\n            <\/div>\n                  <\/div>\n      <\/div>\n          <\/div>\n  <\/div>\n\n<\/div><!-- .overit-block-wrapper -->\n<\/div><!-- .overit-block -->\n\n\n<div\n  class=\"overit-block overit-block--white overit-radius-full overit-margin-medium overit-padding-medium \n  overit-block-sustainable-development-goals\"\n        >\n  \n  <div class=\"overit-block-wrapper\">\n\n\n<div class=\"sdg\" id=\"\">\n  <div class=\"sdg__container\">\n    <div class=\"sdg__logo\">\n      <img decoding=\"async\" src=\"https:\/\/www.overit.ai\/app\/themes\/overit-theme\/resources\/assets\/images\/sdg\/ES\/logo.png\" width=\"96\" height=\"82\" alt=\"Icono representativo de los Objetivos de Desarrollo Sostenible\" \/>\n    <\/div>\n          <div class=\"sdg__description\">\n        <p><p>En un mundo en continua evoluci\u00f3n, los retos se vuelven cada vez m\u00e1s complejos y precisan de acciones adecuadas para abordar tanto los problemas nuevos como los emergentes, con vistas a la mejora continua y sin olvidar que la sostenibilidad nunca es la l\u00ednea de meta. Veritas se compromete a proteger el medio ambiente y a las personas, fomentando la innovaci\u00f3n, al tiempo que salvaguarda la salud y el bienestar tanto de sus empleados como de las comunidades. La NextGen Platform de OverIT permite al cliente garantizar la disponibilidad y la gesti\u00f3n sostenible de las instalaciones de agua y saneamiento, fomentando la construcci\u00f3n de infraestructura resiliente y promoviendo la innovaci\u00f3n con el objetivo de crear ciudades inclusivas, seguras y sostenibles.<\/p>\n<\/p>\n      <\/div>\n              <div class=\"sdg__title\">\n        <p>OverIT <strong>NextGen Platform<\/strong> ha contribuido al cumplimiento de los <strong>Objetivos de Desarrollo Sostenible<\/strong><\/p>\n      <\/div>\n      <div class=\"sdg__icons\">\n                                        <div class=\"sdg__icon\">\n              <img decoding=\"async\" src=\"https:\/\/www.overit.ai\/app\/themes\/overit-theme\/resources\/assets\/images\/sdg\/ES\/6.png\" alt=\"\u00cdcono que representa el Objetivo de Desarrollo Sostenible 6: Agua limpia y saneamiento\" width=\"76\" height=\"76\" \/>\n            <\/div>\n                                                  <div class=\"sdg__icon\">\n              <img decoding=\"async\" src=\"https:\/\/www.overit.ai\/app\/themes\/overit-theme\/resources\/assets\/images\/sdg\/ES\/7.png\" alt=\"\u00cdcono que representa el Objetivo de Desarrollo Sostenible 7: Energ\u00eda asequible y no contaminante\" width=\"76\" height=\"76\" \/>\n            <\/div>\n                                                  <div class=\"sdg__icon\">\n              <img decoding=\"async\" src=\"https:\/\/www.overit.ai\/app\/themes\/overit-theme\/resources\/assets\/images\/sdg\/ES\/9.png\" alt=\"\u00cdcono que representa el Objetivo de Desarrollo Sostenible 9: Industria, innovaci\u00f3n e infraestructura\" width=\"76\" height=\"76\" \/>\n            <\/div>\n                                                  <div class=\"sdg__icon\">\n              <img decoding=\"async\" src=\"https:\/\/www.overit.ai\/app\/themes\/overit-theme\/resources\/assets\/images\/sdg\/ES\/11.png\" alt=\"\u00cdcono que representa el Objetivo de Desarrollo Sostenible 11: Ciudades y comunidades sostenibles\" width=\"76\" height=\"76\" \/>\n            <\/div>\n                                                  <div class=\"sdg__icon\">\n              <img decoding=\"async\" src=\"https:\/\/www.overit.ai\/app\/themes\/overit-theme\/resources\/assets\/images\/sdg\/ES\/13.png\" alt=\"\u00cdcono que representa el Objetivo de Desarrollo Sostenible 13: Acci\u00f3n por el clima\" width=\"76\" height=\"76\" \/>\n            <\/div>\n                        <\/div>\n      <\/div>\n<\/div>\n\n<\/div><!-- .overit-block-wrapper -->\n<\/div><!-- .overit-block -->\n","protected":false},"excerpt":{"rendered":"","protected":false},"author":3,"featured_media":34282,"parent":13032,"menu_order":0,"comment_status":"closed","ping_status":"closed","template":"","meta":{"_acf_changed":false,"footnotes":""},"case_study_category":[],"class_list":["post-22770","page","type-page","status-publish","has-post-thumbnail","hentry"],"acf":[],"yoast_head":"<!-- This site is optimized with the Yoast SEO Premium plugin v25.6 (Yoast SEO v25.6) - https:\/\/yoast.com\/wordpress\/plugins\/seo\/ -->\n<title>Operaciones optimizadas de mantenimiento de la red de agua<\/title>\n<meta name=\"description\" content=\"Veritas, empresa italiana l\u00edder en servicios p\u00fablicos, proporciona servicios de agua, higiene ambiental y produce energ\u00eda renovables.\" \/>\n<meta name=\"robots\" content=\"index, follow, max-snippet:-1, max-image-preview:large, max-video-preview:-1\" \/>\n<link rel=\"canonical\" href=\"https:\/\/www.overit.ai\/es\/clientes\/casos-de-exito\/veritas-operaciones-optimizadas-de-mantenimiento-de-la-red-de-agua\/\" \/>\n<meta property=\"og:locale\" content=\"es_ES\" \/>\n<meta property=\"og:type\" content=\"article\" \/>\n<meta property=\"og:title\" content=\"Planificaci\u00f3n, programaci\u00f3n y despacho de actividades en redes de agua\" \/>\n<meta property=\"og:description\" content=\"Veritas, empresa italiana l\u00edder en servicios p\u00fablicos, proporciona servicios de agua, higiene ambiental y produce energ\u00eda renovables.\" \/>\n<meta property=\"og:url\" content=\"https:\/\/www.overit.ai\/es\/clientes\/casos-de-exito\/veritas-operaciones-optimizadas-de-mantenimiento-de-la-red-de-agua\/\" \/>\n<meta property=\"og:site_name\" content=\"OverIT\" \/>\n<meta property=\"article:modified_time\" content=\"2026-03-12T09:54:28+00:00\" \/>\n<meta property=\"og:image\" content=\"https:\/\/www.overit.ai\/app\/uploads\/2022\/10\/linear-asset-management-water.jpg\" \/>\n\t<meta property=\"og:image:width\" content=\"1000\" \/>\n\t<meta property=\"og:image:height\" content=\"750\" \/>\n\t<meta property=\"og:image:type\" content=\"image\/jpeg\" \/>\n<meta name=\"twitter:card\" content=\"summary_large_image\" \/>\n<meta name=\"twitter:label1\" content=\"Est. reading time\" \/>\n\t<meta name=\"twitter:data1\" content=\"4 minutes\" \/>\n<script type=\"application\/ld+json\" class=\"yoast-schema-graph\">{\"@context\":\"https:\/\/schema.org\",\"@graph\":[{\"@type\":\"WebPage\",\"@id\":\"https:\/\/www.overit.ai\/es\/clientes\/casos-de-exito\/veritas-operaciones-optimizadas-de-mantenimiento-de-la-red-de-agua\/\",\"url\":\"https:\/\/www.overit.ai\/es\/clientes\/casos-de-exito\/veritas-operaciones-optimizadas-de-mantenimiento-de-la-red-de-agua\/\",\"name\":\"Operaciones optimizadas de mantenimiento de la red de agua\",\"isPartOf\":{\"@id\":\"https:\/\/www.overit.ai\/es\/#website\"},\"primaryImageOfPage\":{\"@id\":\"https:\/\/www.overit.ai\/es\/clientes\/casos-de-exito\/veritas-operaciones-optimizadas-de-mantenimiento-de-la-red-de-agua\/#primaryimage\"},\"image\":{\"@id\":\"https:\/\/www.overit.ai\/es\/clientes\/casos-de-exito\/veritas-operaciones-optimizadas-de-mantenimiento-de-la-red-de-agua\/#primaryimage\"},\"thumbnailUrl\":\"https:\/\/www.overit.ai\/app\/uploads\/2022\/10\/linear-asset-management-water.jpg\",\"datePublished\":\"2021-10-27T13:24:42+00:00\",\"dateModified\":\"2026-03-12T09:54:28+00:00\",\"description\":\"Veritas, empresa italiana l\u00edder en servicios p\u00fablicos, proporciona servicios de agua, higiene ambiental y produce energ\u00eda renovables.\",\"breadcrumb\":{\"@id\":\"https:\/\/www.overit.ai\/es\/clientes\/casos-de-exito\/veritas-operaciones-optimizadas-de-mantenimiento-de-la-red-de-agua\/#breadcrumb\"},\"inLanguage\":\"es-ES\",\"potentialAction\":[{\"@type\":\"ReadAction\",\"target\":[\"https:\/\/www.overit.ai\/es\/clientes\/casos-de-exito\/veritas-operaciones-optimizadas-de-mantenimiento-de-la-red-de-agua\/\"]}]},{\"@type\":\"ImageObject\",\"inLanguage\":\"es-ES\",\"@id\":\"https:\/\/www.overit.ai\/es\/clientes\/casos-de-exito\/veritas-operaciones-optimizadas-de-mantenimiento-de-la-red-de-agua\/#primaryimage\",\"url\":\"https:\/\/www.overit.ai\/app\/uploads\/2022\/10\/linear-asset-management-water.jpg\",\"contentUrl\":\"https:\/\/www.overit.ai\/app\/uploads\/2022\/10\/linear-asset-management-water.jpg\",\"width\":1000,\"height\":750,\"caption\":\"linear asset management water\"},{\"@type\":\"BreadcrumbList\",\"@id\":\"https:\/\/www.overit.ai\/es\/clientes\/casos-de-exito\/veritas-operaciones-optimizadas-de-mantenimiento-de-la-red-de-agua\/#breadcrumb\",\"itemListElement\":[{\"@type\":\"ListItem\",\"position\":1,\"name\":\"Home\",\"item\":\"https:\/\/www.overit.ai\/es\/\"},{\"@type\":\"ListItem\",\"position\":2,\"name\":\"Clientes\",\"item\":\"https:\/\/www.overit.ai\/es\/clientes\/\"},{\"@type\":\"ListItem\",\"position\":3,\"name\":\"Casos de \u00c9xito\",\"item\":\"https:\/\/www.overit.ai\/es\/clientes\/casos-de-exito\/\"},{\"@type\":\"ListItem\",\"position\":4,\"name\":\"Planificaci\u00f3n, programaci\u00f3n y despacho de actividades en redes de agua\"}]},{\"@type\":\"WebSite\",\"@id\":\"https:\/\/www.overit.ai\/es\/#website\",\"url\":\"https:\/\/www.overit.ai\/es\/\",\"name\":\"OverIT\",\"description\":\"Innovation in Field Service Management\",\"publisher\":{\"@id\":\"https:\/\/www.overit.ai\/es\/#organization\"},\"potentialAction\":[{\"@type\":\"SearchAction\",\"target\":{\"@type\":\"EntryPoint\",\"urlTemplate\":\"https:\/\/www.overit.ai\/es\/?s={search_term_string}\"},\"query-input\":{\"@type\":\"PropertyValueSpecification\",\"valueRequired\":true,\"valueName\":\"search_term_string\"}}],\"inLanguage\":\"es-ES\"},{\"@type\":\"Organization\",\"@id\":\"https:\/\/www.overit.ai\/es\/#organization\",\"name\":\"OverIT\",\"url\":\"https:\/\/www.overit.ai\/es\/\",\"logo\":{\"@type\":\"ImageObject\",\"inLanguage\":\"es-ES\",\"@id\":\"https:\/\/www.overit.ai\/es\/#\/schema\/logo\/image\/\",\"url\":\"https:\/\/www.overit.ai\/app\/uploads\/2021\/10\/OverIT-logo-400.png\",\"contentUrl\":\"https:\/\/www.overit.ai\/app\/uploads\/2021\/10\/OverIT-logo-400.png\",\"width\":400,\"height\":250,\"caption\":\"OverIT\"},\"image\":{\"@id\":\"https:\/\/www.overit.ai\/es\/#\/schema\/logo\/image\/\"}}]}<\/script>\n<!-- \/ Yoast SEO Premium plugin. -->","yoast_head_json":{"title":"Operaciones optimizadas de mantenimiento de la red de agua","description":"Veritas, empresa italiana l\u00edder en servicios p\u00fablicos, proporciona servicios de agua, higiene ambiental y produce energ\u00eda renovables.","robots":{"index":"index","follow":"follow","max-snippet":"max-snippet:-1","max-image-preview":"max-image-preview:large","max-video-preview":"max-video-preview:-1"},"canonical":"https:\/\/www.overit.ai\/es\/clientes\/casos-de-exito\/veritas-operaciones-optimizadas-de-mantenimiento-de-la-red-de-agua\/","og_locale":"es_ES","og_type":"article","og_title":"Planificaci\u00f3n, programaci\u00f3n y despacho de actividades en redes de agua","og_description":"Veritas, empresa italiana l\u00edder en servicios p\u00fablicos, proporciona servicios de agua, higiene ambiental y produce energ\u00eda renovables.","og_url":"https:\/\/www.overit.ai\/es\/clientes\/casos-de-exito\/veritas-operaciones-optimizadas-de-mantenimiento-de-la-red-de-agua\/","og_site_name":"OverIT","article_modified_time":"2026-03-12T09:54:28+00:00","og_image":[{"width":1000,"height":750,"url":"https:\/\/www.overit.ai\/app\/uploads\/2022\/10\/linear-asset-management-water.jpg","type":"image\/jpeg"}],"twitter_card":"summary_large_image","twitter_misc":{"Est. reading time":"4 minutes"},"schema":{"@context":"https:\/\/schema.org","@graph":[{"@type":"WebPage","@id":"https:\/\/www.overit.ai\/es\/clientes\/casos-de-exito\/veritas-operaciones-optimizadas-de-mantenimiento-de-la-red-de-agua\/","url":"https:\/\/www.overit.ai\/es\/clientes\/casos-de-exito\/veritas-operaciones-optimizadas-de-mantenimiento-de-la-red-de-agua\/","name":"Operaciones optimizadas de mantenimiento de la red de agua","isPartOf":{"@id":"https:\/\/www.overit.ai\/es\/#website"},"primaryImageOfPage":{"@id":"https:\/\/www.overit.ai\/es\/clientes\/casos-de-exito\/veritas-operaciones-optimizadas-de-mantenimiento-de-la-red-de-agua\/#primaryimage"},"image":{"@id":"https:\/\/www.overit.ai\/es\/clientes\/casos-de-exito\/veritas-operaciones-optimizadas-de-mantenimiento-de-la-red-de-agua\/#primaryimage"},"thumbnailUrl":"https:\/\/www.overit.ai\/app\/uploads\/2022\/10\/linear-asset-management-water.jpg","datePublished":"2021-10-27T13:24:42+00:00","dateModified":"2026-03-12T09:54:28+00:00","description":"Veritas, empresa italiana l\u00edder en servicios p\u00fablicos, proporciona servicios de agua, higiene ambiental y produce energ\u00eda renovables.","breadcrumb":{"@id":"https:\/\/www.overit.ai\/es\/clientes\/casos-de-exito\/veritas-operaciones-optimizadas-de-mantenimiento-de-la-red-de-agua\/#breadcrumb"},"inLanguage":"es-ES","potentialAction":[{"@type":"ReadAction","target":["https:\/\/www.overit.ai\/es\/clientes\/casos-de-exito\/veritas-operaciones-optimizadas-de-mantenimiento-de-la-red-de-agua\/"]}]},{"@type":"ImageObject","inLanguage":"es-ES","@id":"https:\/\/www.overit.ai\/es\/clientes\/casos-de-exito\/veritas-operaciones-optimizadas-de-mantenimiento-de-la-red-de-agua\/#primaryimage","url":"https:\/\/www.overit.ai\/app\/uploads\/2022\/10\/linear-asset-management-water.jpg","contentUrl":"https:\/\/www.overit.ai\/app\/uploads\/2022\/10\/linear-asset-management-water.jpg","width":1000,"height":750,"caption":"linear asset management water"},{"@type":"BreadcrumbList","@id":"https:\/\/www.overit.ai\/es\/clientes\/casos-de-exito\/veritas-operaciones-optimizadas-de-mantenimiento-de-la-red-de-agua\/#breadcrumb","itemListElement":[{"@type":"ListItem","position":1,"name":"Home","item":"https:\/\/www.overit.ai\/es\/"},{"@type":"ListItem","position":2,"name":"Clientes","item":"https:\/\/www.overit.ai\/es\/clientes\/"},{"@type":"ListItem","position":3,"name":"Casos de \u00c9xito","item":"https:\/\/www.overit.ai\/es\/clientes\/casos-de-exito\/"},{"@type":"ListItem","position":4,"name":"Planificaci\u00f3n, programaci\u00f3n y despacho de actividades en redes de agua"}]},{"@type":"WebSite","@id":"https:\/\/www.overit.ai\/es\/#website","url":"https:\/\/www.overit.ai\/es\/","name":"OverIT","description":"Innovation in Field Service Management","publisher":{"@id":"https:\/\/www.overit.ai\/es\/#organization"},"potentialAction":[{"@type":"SearchAction","target":{"@type":"EntryPoint","urlTemplate":"https:\/\/www.overit.ai\/es\/?s={search_term_string}"},"query-input":{"@type":"PropertyValueSpecification","valueRequired":true,"valueName":"search_term_string"}}],"inLanguage":"es-ES"},{"@type":"Organization","@id":"https:\/\/www.overit.ai\/es\/#organization","name":"OverIT","url":"https:\/\/www.overit.ai\/es\/","logo":{"@type":"ImageObject","inLanguage":"es-ES","@id":"https:\/\/www.overit.ai\/es\/#\/schema\/logo\/image\/","url":"https:\/\/www.overit.ai\/app\/uploads\/2021\/10\/OverIT-logo-400.png","contentUrl":"https:\/\/www.overit.ai\/app\/uploads\/2021\/10\/OverIT-logo-400.png","width":400,"height":250,"caption":"OverIT"},"image":{"@id":"https:\/\/www.overit.ai\/es\/#\/schema\/logo\/image\/"}}]}},"_links":{"self":[{"href":"https:\/\/www.overit.ai\/es\/wp-json\/wp\/v2\/pages\/22770","targetHints":{"allow":["GET"]}}],"collection":[{"href":"https:\/\/www.overit.ai\/es\/wp-json\/wp\/v2\/pages"}],"about":[{"href":"https:\/\/www.overit.ai\/es\/wp-json\/wp\/v2\/types\/page"}],"author":[{"embeddable":true,"href":"https:\/\/www.overit.ai\/es\/wp-json\/wp\/v2\/users\/3"}],"replies":[{"embeddable":true,"href":"https:\/\/www.overit.ai\/es\/wp-json\/wp\/v2\/comments?post=22770"}],"version-history":[{"count":35,"href":"https:\/\/www.overit.ai\/es\/wp-json\/wp\/v2\/pages\/22770\/revisions"}],"predecessor-version":[{"id":70261,"href":"https:\/\/www.overit.ai\/es\/wp-json\/wp\/v2\/pages\/22770\/revisions\/70261"}],"up":[{"embeddable":true,"href":"https:\/\/www.overit.ai\/es\/wp-json\/wp\/v2\/pages\/13032"}],"wp:featuredmedia":[{"embeddable":true,"href":"https:\/\/www.overit.ai\/es\/wp-json\/wp\/v2\/media\/34282"}],"wp:attachment":[{"href":"https:\/\/www.overit.ai\/es\/wp-json\/wp\/v2\/media?parent=22770"}],"wp:term":[{"taxonomy":"case_study_category","embeddable":true,"href":"https:\/\/www.overit.ai\/es\/wp-json\/wp\/v2\/case_study_category?post=22770"}],"curies":[{"name":"wp","href":"https:\/\/api.w.org\/{rel}","templated":true}]}}