{"id":20487,"date":"2021-08-16T10:01:34","date_gmt":"2021-08-16T10:01:34","guid":{"rendered":"https:\/\/www.overit.ai\/it\/?page_id=20487"},"modified":"2024-09-13T13:05:35","modified_gmt":"2024-09-13T13:05:35","slug":"gartner-market-guide-for-enterprise-wearable-solutions","status":"publish","type":"page","link":"https:\/\/www.overit.ai\/es\/informes-analistas\/gartner\/gartner-market-guide-for-enterprise-wearable-solutions\/","title":{"rendered":"Gartner &#8211; Market Guide for Enterprise Wearable Solutions"},"content":{"rendered":"<div\n  class=\"overit-block overit-block--white overit-radius-full overit-no-margin overit-no-padding \n  overit-block-full-width-top-banner\"\n        >\n  \n  <div class=\"overit-block-wrapper\">\n\n\n<section class=\"block-fwtb\">\n  <div class=\"block-fwtb__bg \">\n    <div class=\"block-fwtb__content \">\n                        <div class=\"block-fwtb__title\" data-aos=\"zoom-in\">GARTNER<\/div>\n                                              <h1 class=\"block-fwtb__subtitle \" data-aos=\"zoom-in\" data-aos-delay=\"200\">Market Guide for Enterprise Wearable Solutions<\/h1>\n                        <\/div>\n          <div class=\"block-fwtb__bg_image\" style=\"background: linear-gradient(0deg, rgba(0, 0, 0, 0), rgba(0, 0, 0, 0)), url('https:\/\/www.overit.ai\/app\/uploads\/2020\/11\/gartner-Market-Guide-for-Enterprise-Wearable-Solutions.jpg') \"><\/div>\n      <\/div>\n<\/section>\n\n<\/div><!-- .overit-block-wrapper -->\n<\/div><!-- .overit-block -->\n\n\n<div\n  class=\"overit-block overit-block--white overit-radius-full overit-margin-small overit-padding-small \n  overit-block-configurable-jumbotron\"\n        >\n  \n  <div class=\"overit-block-wrapper\">\n\n<section class=\"configurable-jumbotron left\" >\n    \n                  <h2  class=\"cj-title large\">OverIT ha sido incluida en la Market Guide for Enterprise Wearable Solutions de Gartner<\/h2 >\n          \n                  <div class=\"cj-subtitle medium\"><p>Gracias a NextGen Field Collaboration, OverIT ha sido incluida en la\u00a0<strong>Market Guide for Enterprise Wearable Solutions de Gartner<\/strong>, redactada por Bryan Taylor, Rob Smith y Chris Silva el 25 de octubre de 2018. \u201cEl mercado de la tecnolog\u00eda vestible est\u00e1 atravesando una fase de crecimiento significativa debido a la mayor conciencia de las tecnolog\u00edas de Realidad Aumentada y Virtual, al consumo de hardware y al deseo de superar los l\u00edmites impuestos por los flujos de trabajo m\u00f3vil\u2026 Por lo tanto, esta Market Guide se centra en los dispositivos vestibles que hoy en d\u00eda son cada vez m\u00e1s utilizados por las empresas para soportar a cuatro casos de uso que Gartner considera ya maduros\u2026 Gartner espera que, para el a\u00f1o 2021, el mercado de los vestibles supere en total los 50 millardos de d\u00f3lares, es decir m\u00e1s de 500 millones en ventas de los mismos\u2026 La mayor\u00eda de los dispositivos vestibles est\u00e1n dise\u00f1ados para satisfacer las necesidades de los operadores que trabajan en las primeras l\u00edneas de producci\u00f3n, prestaci\u00f3n de servicios y operaciones. Estos trabajadores a menudo trabajan en el campo y\/o necesitan tener las manos libres para las actividades de instalaci\u00f3n, mantenimiento y reparaci\u00f3n\u201d.Gracias a\u00a0<strong>NextGen Field Collaboration<\/strong>, OverIT se ha distinguido como\u00a0<strong>Representative Tool Vendor<\/strong>\u00a0en la Market Guide for Enterprise Wearable Solutions de Gartner para los siguientes casos de uso:\u00a0<strong>Remote Expert Guidance<\/strong>,\u00a0<strong>Immersive Workflow<\/strong>\u00a0e\u00a0<strong>Immersive Learning<\/strong>. Adem\u00e1s, ha sido reconocida como Representative Management e Integration Vendor para la\u00a0<strong>Workflow\/Content Creation<\/strong>\u00a0y para el\u00a0<strong>Digital Asset Management<\/strong>.<\/p>\n<p>Estamos muy orgullosos de formar parte de esta gu\u00eda y estamos trabajando para\u00a0<strong>seguir mejorando y renovando nuestro producto, enriqueci\u00e9ndolo con nuevas funcionalidades<\/strong>\u00a0que estar\u00e1n disponibles en las futuras versiones de <a href=\"https:\/\/www.overit.ai\/es\/plataforma\/field-collaboration-software\/\" title=\"remote collaboration\">NextGen Field Collaboration<\/a>, a fin de evolucionar con las necesidades del mercado y de los usuarios. Creemos firmemente que al aprovechar las funcionalidades de\u00a0<strong>colaboraci\u00f3n virtual<\/strong>,\u00a0<strong>intercambio de conocimientos<\/strong>\u00a0y\u00a0<strong>soporte de remoto<\/strong>\u00a0ofrecidas por las \u00faltimas tecnolog\u00edas (RA, RM y RV), las empresas pueden proporcionar a sus t\u00e9cnicos las \u00faltimas herramientas para\u00a0<strong>acelerar<\/strong>\u00a0y\u00a0<strong>mejorar la ejecuci\u00f3n<\/strong>\u00a0de las tareas en el campo, operando\u00a0<strong>manos libres<\/strong>\u00a0con el apoyo de gafas inteligentes y dispositivos vestibles.<br \/>\nPor lo tanto, estamos comprometidos a ofrecer un\u00a0<strong>producto sin igual<\/strong>\u00a0para apoyar a las empresas en su camino hacia el empleo de los dispositivos port\u00e1tiles y ayudarlas a lograr una ventaja competitiva significativa.<\/p>\n<\/div>\n          \n        <\/section>\n\n<\/div><!-- .overit-block-wrapper -->\n<\/div><!-- .overit-block -->\n\n\n<div\n  class=\"overit-block overit-block--white overit-radius-full overit-no-margin overit-padding-medium-bottom \n  overit-block-customer-disclaimer\"\n        >\n  \n  <div class=\"overit-block-wrapper\">\n\n<div class=\"cdisclaimer\">\n  <div class=\"cdisclaimer__bg\">&nbsp;<\/div>\n  <div class=\"cdisclaimer__content\">\n    <div class=\"cdisclaimer__title-cont\">\n      <div class=\"cdisclaimer__img\">\n        <img decoding=\"async\" src=\"https:\/\/www.overit.ai\/app\/themes\/overit-theme\/dist\/images\/citation_d93c975a.svg\" alt=\"citation symbol\" \/>\n      <\/div>\n      <div class=\"cdisclaimer__title\">\n        Disclaimer de Gartner\n      <\/div>\n    <\/div>\n    <div class=\"cdisclaimer__description\" data-aos=\"fade-left\">\n      <p>Gartner no respalda a ning\u00fan proveedor, producto o servicio descrito en sus publicaciones de investigaci\u00f3n, y no aconseja a los usuarios de tecnolog\u00eda que elijan proveedores con las calificaciones m\u00e1s altas u otras calificaciones. Las publicaciones de investigaci\u00f3n de Gartner son las opiniones de la organizaci\u00f3n de investigaci\u00f3n y no deben ser interpretadas como declaraciones de hecho. Gartner no ofrece ninguna garant\u00eda, expresa o impl\u00edcita, con respecto a esta investigaci\u00f3n, incluyendo cualquier garant\u00eda de comerciabilidad o idoneidad para un prop\u00f3sito en particular.<\/p>\n\n    <\/div>\n  <\/div>\n<\/div>\n\n<\/div><!-- .overit-block-wrapper -->\n<\/div><!-- .overit-block -->\n\n\n<div\n  class=\"overit-block overit-block--white overit-radius-full overit-margin-small-top overit-no-padding \n  overit-block-configurable-jumbotron\"\n        >\n  \n  <div class=\"overit-block-wrapper\">\n\n<section class=\"configurable-jumbotron center\" >\n                  <div class=\"cj-section-title\">INFORMES DE LOS ANALISTAS<\/div>\n          \n                  <div class=\"cj-title medium\">OverIT es reconocida por empresas de consultor\u00eda de TI por sus habilidades en la gesti\u00f3n y optimizaci\u00f3n de Field Service Management<\/div>\n          \n                  <div class=\"cj-subtitle medium\"><section class=\"section margin_t_40\">\n<div class=\"row vc_row-fluid\">\n<div class=\"wpb_column col-md-12 col-lg-offset-2 col-lg-8 col-md-offset-2 col-md-8 have-padding\">\n<div class=\"section-text text-block custom-font-text-1605891793-1896986867 align-center\" data-when=\"enter\" data-from=\"0\" data-to=\"0\" data-opacity=\"0\">\n<p>Descubra los informes de Gartner, IDC y Forrester en los que OverIT es el punto de referencia para Field Service Management<\/p>\n<\/div>\n<\/div>\n<\/div>\n<\/section>\n<\/div>\n          \n        <\/section>\n\n<\/div><!-- .overit-block-wrapper -->\n<\/div><!-- .overit-block -->\n\n\n<div\n  class=\"overit-block overit-block--white overit-radius-full overit-no-margin overit-padding-medium \n  overit-block-industries-sections\"\n        >\n  \n  <div class=\"overit-block-wrapper\">\n\n  <div class=\"industries-tiles\">\n     \n              <a class=\"industries-tiles__link \" href=\"\/es\/informes-analistas\/gartner\/\">\n          <div class=\"industries-tiles__tile\">\n                <div class=\"industries-tiles__title\">\n          Ir a los informes de Gartner\n        <\/div>\n      <\/div>\n          <\/a>\n         \n              <a class=\"industries-tiles__link \" href=\"\/es\/informes-analistas\/idc\/\">\n          <div class=\"industries-tiles__tile\">\n                <div class=\"industries-tiles__title\">\n          Ir a los informes de IDC\n        <\/div>\n      <\/div>\n          <\/a>\n         \n              <a class=\"industries-tiles__link \" href=\"\/es\/informes-analistas\/forrester\/\">\n          <div class=\"industries-tiles__tile\">\n                <div class=\"industries-tiles__title\">\n          Ir a los informes de Forrester\n        <\/div>\n      <\/div>\n          <\/a>\n         \n              <a class=\"industries-tiles__link \" href=\"\/es\/informes-analistas\/constellation-research\/\">\n          <div class=\"industries-tiles__tile\">\n                <div class=\"industries-tiles__title\">\n          Ir a los informes de Constellation Research\n        <\/div>\n      <\/div>\n          <\/a>\n          <\/div>\n\n<\/div><!-- .overit-block-wrapper -->\n<\/div><!-- .overit-block -->\n","protected":false},"excerpt":{"rendered":"","protected":false},"author":3,"featured_media":0,"parent":13054,"menu_order":0,"comment_status":"closed","ping_status":"closed","template":"","meta":{"_acf_changed":false,"footnotes":""},"case_study_category":[],"class_list":["post-20487","page","type-page","status-publish","hentry"],"acf":[],"yoast_head":"<!-- This site is optimized with the Yoast SEO Premium plugin v25.6 (Yoast SEO v25.6) - https:\/\/yoast.com\/wordpress\/plugins\/seo\/ -->\n<title>Gartner Market Guide for Enterprise Wearable Solutions<\/title>\n<meta name=\"description\" content=\"OverIT vendor di riferimento per RA e RV, wearable e software nella Remote Expert Guidance,\u00a0Immersive Workflow\u00a0e\u00a0Immersive Learning\" \/>\n<meta name=\"robots\" content=\"index, follow, max-snippet:-1, max-image-preview:large, max-video-preview:-1\" \/>\n<link rel=\"canonical\" href=\"https:\/\/www.overit.ai\/es\/informes-analistas\/gartner\/gartner-market-guide-for-enterprise-wearable-solutions\/\" \/>\n<meta property=\"og:locale\" content=\"es_ES\" \/>\n<meta property=\"og:type\" content=\"article\" \/>\n<meta property=\"og:title\" content=\"Gartner - Market Guide for Enterprise Wearable Solutions\" \/>\n<meta property=\"og:description\" content=\"OverIT vendor di riferimento per RA e RV, wearable e software nella Remote Expert Guidance,\u00a0Immersive Workflow\u00a0e\u00a0Immersive Learning\" \/>\n<meta property=\"og:url\" content=\"https:\/\/www.overit.ai\/es\/informes-analistas\/gartner\/gartner-market-guide-for-enterprise-wearable-solutions\/\" \/>\n<meta property=\"og:site_name\" content=\"OverIT\" \/>\n<meta property=\"article:modified_time\" content=\"2024-09-13T13:05:35+00:00\" \/>\n<meta name=\"twitter:card\" content=\"summary_large_image\" \/>\n<script type=\"application\/ld+json\" class=\"yoast-schema-graph\">{\"@context\":\"https:\/\/schema.org\",\"@graph\":[{\"@type\":\"WebPage\",\"@id\":\"https:\/\/www.overit.ai\/es\/informes-analistas\/gartner\/gartner-market-guide-for-enterprise-wearable-solutions\/\",\"url\":\"https:\/\/www.overit.ai\/es\/informes-analistas\/gartner\/gartner-market-guide-for-enterprise-wearable-solutions\/\",\"name\":\"Gartner Market Guide for Enterprise Wearable Solutions\",\"isPartOf\":{\"@id\":\"https:\/\/www.overit.ai\/es\/#website\"},\"datePublished\":\"2021-08-16T10:01:34+00:00\",\"dateModified\":\"2024-09-13T13:05:35+00:00\",\"description\":\"OverIT vendor di riferimento per RA e RV, wearable e software nella Remote Expert Guidance,\u00a0Immersive Workflow\u00a0e\u00a0Immersive Learning\",\"breadcrumb\":{\"@id\":\"https:\/\/www.overit.ai\/es\/informes-analistas\/gartner\/gartner-market-guide-for-enterprise-wearable-solutions\/#breadcrumb\"},\"inLanguage\":\"es-ES\",\"potentialAction\":[{\"@type\":\"ReadAction\",\"target\":[\"https:\/\/www.overit.ai\/es\/informes-analistas\/gartner\/gartner-market-guide-for-enterprise-wearable-solutions\/\"]}]},{\"@type\":\"BreadcrumbList\",\"@id\":\"https:\/\/www.overit.ai\/es\/informes-analistas\/gartner\/gartner-market-guide-for-enterprise-wearable-solutions\/#breadcrumb\",\"itemListElement\":[{\"@type\":\"ListItem\",\"position\":1,\"name\":\"Home\",\"item\":\"https:\/\/www.overit.ai\/es\/\"},{\"@type\":\"ListItem\",\"position\":2,\"name\":\"Informes de los Analistas\",\"item\":\"https:\/\/www.overit.ai\/es\/informes-analistas\/\"},{\"@type\":\"ListItem\",\"position\":3,\"name\":\"Gartner\",\"item\":\"https:\/\/www.overit.ai\/es\/informes-analistas\/gartner\/\"},{\"@type\":\"ListItem\",\"position\":4,\"name\":\"Gartner &#8211; Market Guide for Enterprise Wearable Solutions\"}]},{\"@type\":\"WebSite\",\"@id\":\"https:\/\/www.overit.ai\/es\/#website\",\"url\":\"https:\/\/www.overit.ai\/es\/\",\"name\":\"OverIT\",\"description\":\"Innovation in Field Service Management\",\"publisher\":{\"@id\":\"https:\/\/www.overit.ai\/es\/#organization\"},\"potentialAction\":[{\"@type\":\"SearchAction\",\"target\":{\"@type\":\"EntryPoint\",\"urlTemplate\":\"https:\/\/www.overit.ai\/es\/?s={search_term_string}\"},\"query-input\":{\"@type\":\"PropertyValueSpecification\",\"valueRequired\":true,\"valueName\":\"search_term_string\"}}],\"inLanguage\":\"es-ES\"},{\"@type\":\"Organization\",\"@id\":\"https:\/\/www.overit.ai\/es\/#organization\",\"name\":\"OverIT\",\"url\":\"https:\/\/www.overit.ai\/es\/\",\"logo\":{\"@type\":\"ImageObject\",\"inLanguage\":\"es-ES\",\"@id\":\"https:\/\/www.overit.ai\/es\/#\/schema\/logo\/image\/\",\"url\":\"https:\/\/www.overit.ai\/app\/uploads\/2021\/10\/OverIT-logo-400.png\",\"contentUrl\":\"https:\/\/www.overit.ai\/app\/uploads\/2021\/10\/OverIT-logo-400.png\",\"width\":400,\"height\":250,\"caption\":\"OverIT\"},\"image\":{\"@id\":\"https:\/\/www.overit.ai\/es\/#\/schema\/logo\/image\/\"}}]}<\/script>\n<!-- \/ Yoast SEO Premium plugin. -->","yoast_head_json":{"title":"Gartner Market Guide for Enterprise Wearable Solutions","description":"OverIT vendor di riferimento per RA e RV, wearable e software nella Remote Expert Guidance,\u00a0Immersive Workflow\u00a0e\u00a0Immersive Learning","robots":{"index":"index","follow":"follow","max-snippet":"max-snippet:-1","max-image-preview":"max-image-preview:large","max-video-preview":"max-video-preview:-1"},"canonical":"https:\/\/www.overit.ai\/es\/informes-analistas\/gartner\/gartner-market-guide-for-enterprise-wearable-solutions\/","og_locale":"es_ES","og_type":"article","og_title":"Gartner - Market Guide for Enterprise Wearable Solutions","og_description":"OverIT vendor di riferimento per RA e RV, wearable e software nella Remote Expert Guidance,\u00a0Immersive Workflow\u00a0e\u00a0Immersive Learning","og_url":"https:\/\/www.overit.ai\/es\/informes-analistas\/gartner\/gartner-market-guide-for-enterprise-wearable-solutions\/","og_site_name":"OverIT","article_modified_time":"2024-09-13T13:05:35+00:00","twitter_card":"summary_large_image","schema":{"@context":"https:\/\/schema.org","@graph":[{"@type":"WebPage","@id":"https:\/\/www.overit.ai\/es\/informes-analistas\/gartner\/gartner-market-guide-for-enterprise-wearable-solutions\/","url":"https:\/\/www.overit.ai\/es\/informes-analistas\/gartner\/gartner-market-guide-for-enterprise-wearable-solutions\/","name":"Gartner Market Guide for Enterprise Wearable Solutions","isPartOf":{"@id":"https:\/\/www.overit.ai\/es\/#website"},"datePublished":"2021-08-16T10:01:34+00:00","dateModified":"2024-09-13T13:05:35+00:00","description":"OverIT vendor di riferimento per RA e RV, wearable e software nella Remote Expert Guidance,\u00a0Immersive Workflow\u00a0e\u00a0Immersive Learning","breadcrumb":{"@id":"https:\/\/www.overit.ai\/es\/informes-analistas\/gartner\/gartner-market-guide-for-enterprise-wearable-solutions\/#breadcrumb"},"inLanguage":"es-ES","potentialAction":[{"@type":"ReadAction","target":["https:\/\/www.overit.ai\/es\/informes-analistas\/gartner\/gartner-market-guide-for-enterprise-wearable-solutions\/"]}]},{"@type":"BreadcrumbList","@id":"https:\/\/www.overit.ai\/es\/informes-analistas\/gartner\/gartner-market-guide-for-enterprise-wearable-solutions\/#breadcrumb","itemListElement":[{"@type":"ListItem","position":1,"name":"Home","item":"https:\/\/www.overit.ai\/es\/"},{"@type":"ListItem","position":2,"name":"Informes de los Analistas","item":"https:\/\/www.overit.ai\/es\/informes-analistas\/"},{"@type":"ListItem","position":3,"name":"Gartner","item":"https:\/\/www.overit.ai\/es\/informes-analistas\/gartner\/"},{"@type":"ListItem","position":4,"name":"Gartner &#8211; Market Guide for Enterprise Wearable Solutions"}]},{"@type":"WebSite","@id":"https:\/\/www.overit.ai\/es\/#website","url":"https:\/\/www.overit.ai\/es\/","name":"OverIT","description":"Innovation in Field Service Management","publisher":{"@id":"https:\/\/www.overit.ai\/es\/#organization"},"potentialAction":[{"@type":"SearchAction","target":{"@type":"EntryPoint","urlTemplate":"https:\/\/www.overit.ai\/es\/?s={search_term_string}"},"query-input":{"@type":"PropertyValueSpecification","valueRequired":true,"valueName":"search_term_string"}}],"inLanguage":"es-ES"},{"@type":"Organization","@id":"https:\/\/www.overit.ai\/es\/#organization","name":"OverIT","url":"https:\/\/www.overit.ai\/es\/","logo":{"@type":"ImageObject","inLanguage":"es-ES","@id":"https:\/\/www.overit.ai\/es\/#\/schema\/logo\/image\/","url":"https:\/\/www.overit.ai\/app\/uploads\/2021\/10\/OverIT-logo-400.png","contentUrl":"https:\/\/www.overit.ai\/app\/uploads\/2021\/10\/OverIT-logo-400.png","width":400,"height":250,"caption":"OverIT"},"image":{"@id":"https:\/\/www.overit.ai\/es\/#\/schema\/logo\/image\/"}}]}},"_links":{"self":[{"href":"https:\/\/www.overit.ai\/es\/wp-json\/wp\/v2\/pages\/20487","targetHints":{"allow":["GET"]}}],"collection":[{"href":"https:\/\/www.overit.ai\/es\/wp-json\/wp\/v2\/pages"}],"about":[{"href":"https:\/\/www.overit.ai\/es\/wp-json\/wp\/v2\/types\/page"}],"author":[{"embeddable":true,"href":"https:\/\/www.overit.ai\/es\/wp-json\/wp\/v2\/users\/3"}],"replies":[{"embeddable":true,"href":"https:\/\/www.overit.ai\/es\/wp-json\/wp\/v2\/comments?post=20487"}],"version-history":[{"count":10,"href":"https:\/\/www.overit.ai\/es\/wp-json\/wp\/v2\/pages\/20487\/revisions"}],"predecessor-version":[{"id":58053,"href":"https:\/\/www.overit.ai\/es\/wp-json\/wp\/v2\/pages\/20487\/revisions\/58053"}],"up":[{"embeddable":true,"href":"https:\/\/www.overit.ai\/es\/wp-json\/wp\/v2\/pages\/13054"}],"wp:attachment":[{"href":"https:\/\/www.overit.ai\/es\/wp-json\/wp\/v2\/media?parent=20487"}],"wp:term":[{"taxonomy":"case_study_category","embeddable":true,"href":"https:\/\/www.overit.ai\/es\/wp-json\/wp\/v2\/case_study_category?post=20487"}],"curies":[{"name":"wp","href":"https:\/\/api.w.org\/{rel}","templated":true}]}}