{"id":20454,"date":"2021-08-16T09:23:41","date_gmt":"2021-08-16T09:23:41","guid":{"rendered":"https:\/\/www.overit.ai\/it\/?page_id=20454"},"modified":"2024-09-25T15:31:17","modified_gmt":"2024-09-25T15:31:17","slug":"gartner-emerging-technologies-top-use-cases-for-enterprise-augmented-reality","status":"publish","type":"page","link":"https:\/\/www.overit.ai\/es\/informes-analistas\/gartner\/gartner-emerging-technologies-top-use-cases-for-enterprise-augmented-reality\/","title":{"rendered":"Gartner &#8211; Emerging Technologies: Principales casos de uso para la RA empresarial"},"content":{"rendered":"<div\n  class=\"overit-block overit-block--white overit-radius-full overit-no-margin overit-no-padding \n  overit-block-full-width-top-banner\"\n        >\n  \n  <div class=\"overit-block-wrapper\">\n\n\n<section class=\"block-fwtb\">\n  <div class=\"block-fwtb__bg \">\n    <div class=\"block-fwtb__content block-fwtb__content--light\">\n                        <div class=\"block-fwtb__title\" data-aos=\"zoom-in\">GARTNER<\/div>\n                                              <h1 class=\"block-fwtb__subtitle \" data-aos=\"zoom-in\" data-aos-delay=\"200\">Emerging Technologies: Principales casos de uso para la RA empresarial<\/h1>\n                        <\/div>\n          <div class=\"block-fwtb__bg_image\" style=\"background: linear-gradient(0deg, rgba(0, 0, 0, 0), rgba(0, 0, 0, 0)), url('https:\/\/www.overit.ai\/app\/uploads\/2020\/11\/Gartner-Emerging-Technologies-Top-Use-Cases-for-Enterprise-Augmented-Reality.jpg') center center\"><\/div>\n      <\/div>\n<\/section>\n\n<\/div><!-- .overit-block-wrapper -->\n<\/div><!-- .overit-block -->\n\n\n<div\n  class=\"overit-block overit-block--white overit-radius-full overit-margin-small overit-padding-small \n  overit-block-configurable-jumbotron\"\n        >\n  \n  <div class=\"overit-block-wrapper\">\n\n<section class=\"configurable-jumbotron left\" >\n    \n                  <h2  class=\"cj-title medium\">OverIT reconocido en la investigaci\u00f3n de Gartner \u201cEmerging Technologies: Top Use Cases for Enterprise Augmented Reality<\/h2 >\n          \n                  <div class=\"cj-subtitle medium\"><p>Un informe que proporciona a los l\u00edderes de productos una visi\u00f3n de casos de uso de la Realidad Aumentada Empresarial<\/p>\n<p>OverIT ha sido reconocido en la investigaci\u00f3n de Gartner \u201cEmerging Technologies: Top Use Cases for Enterprise Augmented Reality\u201d, escrito por Tuong Nguyen, publicado el 10 de septiembre de 2020. El informe dice: \u00abLa Realidad Aumentada est\u00e1 transformando la forma en que los empleados de primera l\u00ednea trabajan con los bienes f\u00edsicos, productos y activos. Los l\u00edderes de productos en el ecosistema de RA deber\u00edan dar prioridad a los casos de uso que permitan potenciar a las fuerzas de trabajo remotas y la eficiencia del ensamblaje, y que ampl\u00eden el valor de la RA con soluciones combinatorias\u00bb.<\/p>\n<p>OverIT ha sido nombrado un ejemplo de proveedor de software empresarial de RA. El informe afirma que \u00ablos casos de uso de realidad aumentada (RA) m\u00e1s frecuentes implican la inspecci\u00f3n de equipos de capital. Los casos de uso de ensamblaje asistido por RA proporcionan mejoras de alto valor en eficiencia y eficacia. Las experiencias de RA que utilizan pantallas montadas en la cabeza (HMD) son prometedoras, principalmente para tareas de uso regular frente a tareas poco frecuentes, lo que limita una adopci\u00f3n m\u00e1s amplia\u00bb.<\/p>\n<p>\u00abPara 2026, el 75% de las industrias con uso intensivo de equipos de capital utilizar\u00e1n la <a href=\"https:\/\/www.overit.ai\/es\/plataforma\/field-service-management-software\/\">RA<\/a> como un componente clave para la reducci\u00f3n\/eliminaci\u00f3n de costos entre los trabajadores de primera l\u00ednea\u00bb, dice el informe. Sobre la base de esta predicci\u00f3n, seguiremos identificando nuevas oportunidades dentro de los sectores con un n\u00famero significativo de trabajadores de primera l\u00ednea, mejorando as\u00ed nuestras herramientas para capacitarlos para tareas como el apoyo e inspecciones a distancia, el montaje, el mantenimiento y la reparaci\u00f3n, con el objetivo de reducir a\u00fan m\u00e1s la resoluci\u00f3n de problemas y el tiempo de formaci\u00f3n de los recursos, as\u00ed como para aumentar la productividad, la eficacia y la seguridad, gracias a la combinaci\u00f3n de la RA y la IA.<\/p>\n<\/div>\n          \n        <\/section>\n\n<\/div><!-- .overit-block-wrapper -->\n<\/div><!-- .overit-block -->\n\n\n<div\n  class=\"overit-block overit-block--white overit-radius-full overit-no-margin overit-padding-medium-bottom \n  overit-block-customer-disclaimer\"\n        >\n  \n  <div class=\"overit-block-wrapper\">\n\n<div class=\"cdisclaimer\">\n  <div class=\"cdisclaimer__bg\">&nbsp;<\/div>\n  <div class=\"cdisclaimer__content\">\n    <div class=\"cdisclaimer__title-cont\">\n      <div class=\"cdisclaimer__img\">\n        <img decoding=\"async\" src=\"https:\/\/www.overit.ai\/app\/themes\/overit-theme\/dist\/images\/citation_d93c975a.svg\" alt=\"citation symbol\" \/>\n      <\/div>\n      <div class=\"cdisclaimer__title\">\n        Disclaimer de Gartner\n      <\/div>\n    <\/div>\n    <div class=\"cdisclaimer__description\" data-aos=\"fade-left\">\n      <p>Gartner no respalda a ning\u00fan proveedor, producto o servicio descrito en sus publicaciones de investigaci\u00f3n, y no aconseja a los usuarios de tecnolog\u00eda que elijan proveedores con las calificaciones m\u00e1s altas u otras calificaciones. Las publicaciones de investigaci\u00f3n de Gartner son las opiniones de la organizaci\u00f3n de investigaci\u00f3n y no deben ser interpretadas como declaraciones de hecho. Gartner no ofrece ninguna garant\u00eda, expresa o impl\u00edcita, con respecto a esta investigaci\u00f3n, incluyendo cualquier garant\u00eda de comerciabilidad o idoneidad para un prop\u00f3sito en particular.<\/p>\n\n    <\/div>\n  <\/div>\n<\/div>\n\n<\/div><!-- .overit-block-wrapper -->\n<\/div><!-- .overit-block -->\n\n\n<div\n  class=\"overit-block overit-block--white overit-radius-full overit-margin-small-top overit-no-padding \n  overit-block-configurable-jumbotron\"\n        >\n  \n  <div class=\"overit-block-wrapper\">\n\n<section class=\"configurable-jumbotron center\" >\n                  <div class=\"cj-section-title\">INFORMES DE LOS ANALISTAS<\/div>\n          \n                  <div class=\"cj-title medium\">OverIT es reconocida por empresas de consultor\u00eda de TI por sus habilidades en la gesti\u00f3n y optimizaci\u00f3n de Field Service Management<\/div>\n          \n                  <div class=\"cj-subtitle medium\"><p>Descubra los informes de Gartner, IDC y Forrester en los que OverIT es el punto de referencia para Field Service Management.<\/p>\n<\/div>\n          \n        <\/section>\n\n<\/div><!-- .overit-block-wrapper -->\n<\/div><!-- .overit-block -->\n\n\n<div\n  class=\"overit-block overit-block--white overit-radius-full overit-no-margin overit-padding-medium \n  overit-block-industries-sections\"\n        >\n  \n  <div class=\"overit-block-wrapper\">\n\n  <div class=\"industries-tiles\">\n     \n              <a class=\"industries-tiles__link \" href=\"\/es\/informes-analistas\/gartner\/\">\n          <div class=\"industries-tiles__tile\">\n                <div class=\"industries-tiles__title\">\n          Ir a los informes de Gartner\n        <\/div>\n      <\/div>\n          <\/a>\n         \n              <a class=\"industries-tiles__link \" href=\"\/es\/informes-analistas\/idc\/\">\n          <div class=\"industries-tiles__tile\">\n                <div class=\"industries-tiles__title\">\n          Ir a los informes de IDC\n        <\/div>\n      <\/div>\n          <\/a>\n         \n              <a class=\"industries-tiles__link \" href=\"\/es\/informes-analistas\/forrester\/\">\n          <div class=\"industries-tiles__tile\">\n                <div class=\"industries-tiles__title\">\n          Ir a los informes de Forrester\n        <\/div>\n      <\/div>\n          <\/a>\n         \n              <a class=\"industries-tiles__link \" href=\"\/es\/informes-analistas\/constellation-research\/\">\n          <div class=\"industries-tiles__tile\">\n                <div class=\"industries-tiles__title\">\n          Ir a los informes de Constellation Research\n        <\/div>\n      <\/div>\n          <\/a>\n          <\/div>\n\n<\/div><!-- .overit-block-wrapper -->\n<\/div><!-- .overit-block -->\n","protected":false},"excerpt":{"rendered":"","protected":false},"author":3,"featured_media":0,"parent":13054,"menu_order":0,"comment_status":"closed","ping_status":"closed","template":"","meta":{"_acf_changed":false,"footnotes":""},"case_study_category":[],"class_list":["post-20454","page","type-page","status-publish","hentry"],"acf":[],"yoast_head":"<!-- This site is optimized with the Yoast SEO Premium plugin v25.6 (Yoast SEO v25.6) - https:\/\/yoast.com\/wordpress\/plugins\/seo\/ -->\n<title>Gartner Emerging Technologies: Top Use Cases for Enterprise AR<\/title>\n<meta name=\"description\" content=\"Gartner valora a OverIT como proveedor l\u00edder de RA para empresas para respaldar la inspecci\u00f3n y el mantenimiento de activos\" \/>\n<meta name=\"robots\" content=\"index, follow, max-snippet:-1, max-image-preview:large, max-video-preview:-1\" \/>\n<link rel=\"canonical\" href=\"https:\/\/www.overit.ai\/es\/informes-analistas\/gartner\/gartner-emerging-technologies-top-use-cases-for-enterprise-augmented-reality\/\" \/>\n<meta property=\"og:locale\" content=\"es_ES\" \/>\n<meta property=\"og:type\" content=\"article\" \/>\n<meta property=\"og:title\" content=\"Gartner - Emerging Technologies: Principales casos de uso para la RA empresarial\" \/>\n<meta property=\"og:description\" content=\"Gartner valora a OverIT como proveedor l\u00edder de RA para empresas para respaldar la inspecci\u00f3n y el mantenimiento de activos\" \/>\n<meta property=\"og:url\" content=\"https:\/\/www.overit.ai\/es\/informes-analistas\/gartner\/gartner-emerging-technologies-top-use-cases-for-enterprise-augmented-reality\/\" \/>\n<meta property=\"og:site_name\" content=\"OverIT\" \/>\n<meta property=\"article:modified_time\" content=\"2024-09-25T15:31:17+00:00\" \/>\n<meta name=\"twitter:card\" content=\"summary_large_image\" \/>\n<script type=\"application\/ld+json\" class=\"yoast-schema-graph\">{\"@context\":\"https:\/\/schema.org\",\"@graph\":[{\"@type\":\"WebPage\",\"@id\":\"https:\/\/www.overit.ai\/es\/informes-analistas\/gartner\/gartner-emerging-technologies-top-use-cases-for-enterprise-augmented-reality\/\",\"url\":\"https:\/\/www.overit.ai\/es\/informes-analistas\/gartner\/gartner-emerging-technologies-top-use-cases-for-enterprise-augmented-reality\/\",\"name\":\"Gartner Emerging Technologies: Top Use Cases for Enterprise AR\",\"isPartOf\":{\"@id\":\"https:\/\/www.overit.ai\/es\/#website\"},\"datePublished\":\"2021-08-16T09:23:41+00:00\",\"dateModified\":\"2024-09-25T15:31:17+00:00\",\"description\":\"Gartner valora a OverIT como proveedor l\u00edder de RA para empresas para respaldar la inspecci\u00f3n y el mantenimiento de activos\",\"breadcrumb\":{\"@id\":\"https:\/\/www.overit.ai\/es\/informes-analistas\/gartner\/gartner-emerging-technologies-top-use-cases-for-enterprise-augmented-reality\/#breadcrumb\"},\"inLanguage\":\"es-ES\",\"potentialAction\":[{\"@type\":\"ReadAction\",\"target\":[\"https:\/\/www.overit.ai\/es\/informes-analistas\/gartner\/gartner-emerging-technologies-top-use-cases-for-enterprise-augmented-reality\/\"]}]},{\"@type\":\"BreadcrumbList\",\"@id\":\"https:\/\/www.overit.ai\/es\/informes-analistas\/gartner\/gartner-emerging-technologies-top-use-cases-for-enterprise-augmented-reality\/#breadcrumb\",\"itemListElement\":[{\"@type\":\"ListItem\",\"position\":1,\"name\":\"Home\",\"item\":\"https:\/\/www.overit.ai\/es\/\"},{\"@type\":\"ListItem\",\"position\":2,\"name\":\"Informes de los Analistas\",\"item\":\"https:\/\/www.overit.ai\/es\/informes-analistas\/\"},{\"@type\":\"ListItem\",\"position\":3,\"name\":\"Gartner\",\"item\":\"https:\/\/www.overit.ai\/es\/informes-analistas\/gartner\/\"},{\"@type\":\"ListItem\",\"position\":4,\"name\":\"Gartner &#8211; Emerging Technologies: Principales casos de uso para la RA empresarial\"}]},{\"@type\":\"WebSite\",\"@id\":\"https:\/\/www.overit.ai\/es\/#website\",\"url\":\"https:\/\/www.overit.ai\/es\/\",\"name\":\"OverIT\",\"description\":\"Innovation in Field Service Management\",\"publisher\":{\"@id\":\"https:\/\/www.overit.ai\/es\/#organization\"},\"potentialAction\":[{\"@type\":\"SearchAction\",\"target\":{\"@type\":\"EntryPoint\",\"urlTemplate\":\"https:\/\/www.overit.ai\/es\/?s={search_term_string}\"},\"query-input\":{\"@type\":\"PropertyValueSpecification\",\"valueRequired\":true,\"valueName\":\"search_term_string\"}}],\"inLanguage\":\"es-ES\"},{\"@type\":\"Organization\",\"@id\":\"https:\/\/www.overit.ai\/es\/#organization\",\"name\":\"OverIT\",\"url\":\"https:\/\/www.overit.ai\/es\/\",\"logo\":{\"@type\":\"ImageObject\",\"inLanguage\":\"es-ES\",\"@id\":\"https:\/\/www.overit.ai\/es\/#\/schema\/logo\/image\/\",\"url\":\"https:\/\/www.overit.ai\/app\/uploads\/2021\/10\/OverIT-logo-400.png\",\"contentUrl\":\"https:\/\/www.overit.ai\/app\/uploads\/2021\/10\/OverIT-logo-400.png\",\"width\":400,\"height\":250,\"caption\":\"OverIT\"},\"image\":{\"@id\":\"https:\/\/www.overit.ai\/es\/#\/schema\/logo\/image\/\"}}]}<\/script>\n<!-- \/ Yoast SEO Premium plugin. -->","yoast_head_json":{"title":"Gartner Emerging Technologies: Top Use Cases for Enterprise AR","description":"Gartner valora a OverIT como proveedor l\u00edder de RA para empresas para respaldar la inspecci\u00f3n y el mantenimiento de activos","robots":{"index":"index","follow":"follow","max-snippet":"max-snippet:-1","max-image-preview":"max-image-preview:large","max-video-preview":"max-video-preview:-1"},"canonical":"https:\/\/www.overit.ai\/es\/informes-analistas\/gartner\/gartner-emerging-technologies-top-use-cases-for-enterprise-augmented-reality\/","og_locale":"es_ES","og_type":"article","og_title":"Gartner - Emerging Technologies: Principales casos de uso para la RA empresarial","og_description":"Gartner valora a OverIT como proveedor l\u00edder de RA para empresas para respaldar la inspecci\u00f3n y el mantenimiento de activos","og_url":"https:\/\/www.overit.ai\/es\/informes-analistas\/gartner\/gartner-emerging-technologies-top-use-cases-for-enterprise-augmented-reality\/","og_site_name":"OverIT","article_modified_time":"2024-09-25T15:31:17+00:00","twitter_card":"summary_large_image","schema":{"@context":"https:\/\/schema.org","@graph":[{"@type":"WebPage","@id":"https:\/\/www.overit.ai\/es\/informes-analistas\/gartner\/gartner-emerging-technologies-top-use-cases-for-enterprise-augmented-reality\/","url":"https:\/\/www.overit.ai\/es\/informes-analistas\/gartner\/gartner-emerging-technologies-top-use-cases-for-enterprise-augmented-reality\/","name":"Gartner Emerging Technologies: Top Use Cases for Enterprise AR","isPartOf":{"@id":"https:\/\/www.overit.ai\/es\/#website"},"datePublished":"2021-08-16T09:23:41+00:00","dateModified":"2024-09-25T15:31:17+00:00","description":"Gartner valora a OverIT como proveedor l\u00edder de RA para empresas para respaldar la inspecci\u00f3n y el mantenimiento de activos","breadcrumb":{"@id":"https:\/\/www.overit.ai\/es\/informes-analistas\/gartner\/gartner-emerging-technologies-top-use-cases-for-enterprise-augmented-reality\/#breadcrumb"},"inLanguage":"es-ES","potentialAction":[{"@type":"ReadAction","target":["https:\/\/www.overit.ai\/es\/informes-analistas\/gartner\/gartner-emerging-technologies-top-use-cases-for-enterprise-augmented-reality\/"]}]},{"@type":"BreadcrumbList","@id":"https:\/\/www.overit.ai\/es\/informes-analistas\/gartner\/gartner-emerging-technologies-top-use-cases-for-enterprise-augmented-reality\/#breadcrumb","itemListElement":[{"@type":"ListItem","position":1,"name":"Home","item":"https:\/\/www.overit.ai\/es\/"},{"@type":"ListItem","position":2,"name":"Informes de los Analistas","item":"https:\/\/www.overit.ai\/es\/informes-analistas\/"},{"@type":"ListItem","position":3,"name":"Gartner","item":"https:\/\/www.overit.ai\/es\/informes-analistas\/gartner\/"},{"@type":"ListItem","position":4,"name":"Gartner &#8211; Emerging Technologies: Principales casos de uso para la RA empresarial"}]},{"@type":"WebSite","@id":"https:\/\/www.overit.ai\/es\/#website","url":"https:\/\/www.overit.ai\/es\/","name":"OverIT","description":"Innovation in Field Service Management","publisher":{"@id":"https:\/\/www.overit.ai\/es\/#organization"},"potentialAction":[{"@type":"SearchAction","target":{"@type":"EntryPoint","urlTemplate":"https:\/\/www.overit.ai\/es\/?s={search_term_string}"},"query-input":{"@type":"PropertyValueSpecification","valueRequired":true,"valueName":"search_term_string"}}],"inLanguage":"es-ES"},{"@type":"Organization","@id":"https:\/\/www.overit.ai\/es\/#organization","name":"OverIT","url":"https:\/\/www.overit.ai\/es\/","logo":{"@type":"ImageObject","inLanguage":"es-ES","@id":"https:\/\/www.overit.ai\/es\/#\/schema\/logo\/image\/","url":"https:\/\/www.overit.ai\/app\/uploads\/2021\/10\/OverIT-logo-400.png","contentUrl":"https:\/\/www.overit.ai\/app\/uploads\/2021\/10\/OverIT-logo-400.png","width":400,"height":250,"caption":"OverIT"},"image":{"@id":"https:\/\/www.overit.ai\/es\/#\/schema\/logo\/image\/"}}]}},"_links":{"self":[{"href":"https:\/\/www.overit.ai\/es\/wp-json\/wp\/v2\/pages\/20454","targetHints":{"allow":["GET"]}}],"collection":[{"href":"https:\/\/www.overit.ai\/es\/wp-json\/wp\/v2\/pages"}],"about":[{"href":"https:\/\/www.overit.ai\/es\/wp-json\/wp\/v2\/types\/page"}],"author":[{"embeddable":true,"href":"https:\/\/www.overit.ai\/es\/wp-json\/wp\/v2\/users\/3"}],"replies":[{"embeddable":true,"href":"https:\/\/www.overit.ai\/es\/wp-json\/wp\/v2\/comments?post=20454"}],"version-history":[{"count":12,"href":"https:\/\/www.overit.ai\/es\/wp-json\/wp\/v2\/pages\/20454\/revisions"}],"predecessor-version":[{"id":59130,"href":"https:\/\/www.overit.ai\/es\/wp-json\/wp\/v2\/pages\/20454\/revisions\/59130"}],"up":[{"embeddable":true,"href":"https:\/\/www.overit.ai\/es\/wp-json\/wp\/v2\/pages\/13054"}],"wp:attachment":[{"href":"https:\/\/www.overit.ai\/es\/wp-json\/wp\/v2\/media?parent=20454"}],"wp:term":[{"taxonomy":"case_study_category","embeddable":true,"href":"https:\/\/www.overit.ai\/es\/wp-json\/wp\/v2\/case_study_category?post=20454"}],"curies":[{"name":"wp","href":"https:\/\/api.w.org\/{rel}","templated":true}]}}