{"id":20445,"date":"2021-08-16T09:09:52","date_gmt":"2021-08-16T09:09:52","guid":{"rendered":"https:\/\/www.overit.ai\/it\/?page_id=20445"},"modified":"2022-04-28T09:48:35","modified_gmt":"2022-04-28T09:48:35","slug":"gartner-critical-capabilities-para-el-field-service-management","status":"publish","type":"page","link":"https:\/\/www.overit.ai\/es\/informes-analistas\/gartner\/gartner-critical-capabilities-para-el-field-service-management\/","title":{"rendered":"Gartner &#8211; Critical Capabilities for Field Service Management"},"content":{"rendered":"<div\n  class=\"overit-block overit-block--white overit-radius-full overit-no-margin overit-no-padding \n  overit-block-full-width-top-banner\"\n        >\n  \n  <div class=\"overit-block-wrapper\">\n\n\n<section class=\"block-fwtb\">\n  <div class=\"block-fwtb__bg \">\n    <div class=\"block-fwtb__content \">\n                        <div class=\"block-fwtb__title\" data-aos=\"zoom-in\">GARTNER<\/div>\n                                              <h1 class=\"block-fwtb__subtitle \" data-aos=\"zoom-in\" data-aos-delay=\"200\">Gartner Critical Capabilities for Field Service Management<\/h1>\n                        <\/div>\n          <div class=\"block-fwtb__bg_image\" style=\"background: linear-gradient(0deg, rgba(0, 0, 0, 0), rgba(0, 0, 0, 0)), url('https:\/\/www.overit.ai\/app\/uploads\/2020\/11\/gartner-critical-capabilities-per-il-field-service-management.jpg') \"><\/div>\n      <\/div>\n<\/section>\n\n<\/div><!-- .overit-block-wrapper -->\n<\/div><!-- .overit-block -->\n\n\n<div\n  class=\"overit-block overit-block--white overit-radius-full overit-margin-small overit-padding-small \n  overit-block-configurable-jumbotron\"\n        >\n  \n  <div class=\"overit-block-wrapper\">\n\n<section class=\"configurable-jumbotron left\" >\n    \n                  <h2  class=\"cj-title large\">Una gu\u00eda para los l\u00edderes de aplicaciones que buscan mejorar el servicio al cliente y la tecnolog\u00eda de apoyo<\/h2 >\n          \n                  <div class=\"cj-subtitle medium\"><section class=\"section margin_t_40\">\n<div class=\"row vc_row-fluid\">\n<div class=\"wpb_column col-md-12 col-lg-offset-2 col-lg-8 col-md-offset-2 col-md-8 have-padding\">\n<div class=\"section-text text-block custom-font-text-1605891793-1896986867 align-center\" data-when=\"enter\" data-from=\"0\" data-to=\"0\" data-opacity=\"0\">\n<section class=\"section margin_t_40\">\n<div class=\"row vc_row-fluid\">\n<div class=\"wpb_column col-md-12 col-lg-offset-2 col-lg-8 col-md-offset-2 col-md-8 have-padding\">\n<div class=\"section-text text-block custom-font-text-1606213305-1852279516 align-center\" data-when=\"enter\" data-from=\"0\" data-to=\"0\" data-opacity=\"0\">\n<p>Tambi\u00e9n este a\u00f1o, OverIT ha sido reconocido en el \u00abCritical Capabilities for Field Service Management\u00bb de Gartner, escrito por Jim Robinson y Naved Rashid, publicado el 2 de septiembre de 2020. En el informe se afirma que \u00ab<em>las prioridades de la aplicaci\u00f3n de field service Management var\u00edan significativamente seg\u00fan el caso de uso, por lo que comparamos los proveedores que utilizan nueve \u00e1reas de capacidad ponderadas de manera diferente para cada uno de los tres casos de uso. Los l\u00edderes de la aplicaci\u00f3n de Field Service pueden utilizar la investigaci\u00f3n y su Cuadrante M\u00e1gico acompa\u00f1ante como parte de un proceso de evaluaci\u00f3n m\u00e1s amplio<\/em>\u00ab.<\/p>\n<p>Hemos recibido puntuaciones en el caso de uso \u201cVolatility in Schedules\u201d centrado en las citas; en el caso de uso \u201cComplex Service and Support\u201d centrado en el equipo y en el caso de uso \u201cEquipment as a Service\u201d centrado en los resultados.<\/p>\n<p>Estamos muy orgullosos de haber sido reconocidos en esta investigaci\u00f3n. Estamos trabajando continuamente para mejorar a\u00fan m\u00e1s los pr\u00f3ximos lanzamientos de Geocall, aprovechando las tecnolog\u00edas de vanguardia (como la Inteligencia Artificial y el Aprendizaje Autom\u00e1tico) para a\u00f1adir m\u00e1s y m\u00e1s caracter\u00edsticas innovadoras, con el fin de establecer nuevos est\u00e1ndares en el mercado del Field Service Management, que crece y evoluciona r\u00e1pidamente.<\/p>\n<\/div>\n<\/div>\n<\/div>\n<\/section>\n<\/div>\n<\/div>\n<\/div>\n<\/section>\n<\/div>\n          \n        <\/section>\n\n<\/div><!-- .overit-block-wrapper -->\n<\/div><!-- .overit-block -->\n\n\n<div\n  class=\"overit-block overit-block--white overit-radius-full overit-margin-small-bottom overit-padding-medium-bottom \n  overit-block-customer-disclaimer\"\n        >\n  \n  <div class=\"overit-block-wrapper\">\n\n<div class=\"cdisclaimer\">\n  <div class=\"cdisclaimer__bg\">&nbsp;<\/div>\n  <div class=\"cdisclaimer__content\">\n    <div class=\"cdisclaimer__title-cont\">\n      <div class=\"cdisclaimer__img\">\n        <img decoding=\"async\" src=\"https:\/\/www.overit.ai\/app\/themes\/overit-theme\/dist\/images\/citation_d93c975a.svg\" alt=\"citation symbol\" \/>\n      <\/div>\n      <div class=\"cdisclaimer__title\">\n        Disclaimer de Gartner\n      <\/div>\n    <\/div>\n    <div class=\"cdisclaimer__description\" data-aos=\"fade-left\">\n      <p>Gartner no respalda a ning\u00fan proveedor, producto o servicio descrito en sus publicaciones de investigaci\u00f3n, y no aconseja a los usuarios de tecnolog\u00eda que elijan proveedores con las calificaciones m\u00e1s altas u otras calificaciones. Las publicaciones de investigaci\u00f3n de Gartner son las opiniones de la organizaci\u00f3n de investigaci\u00f3n y no deben ser interpretadas como declaraciones de hecho. Gartner no ofrece ninguna garant\u00eda, expresa o impl\u00edcita, con respecto a esta investigaci\u00f3n, incluyendo cualquier garant\u00eda de comerciabilidad o idoneidad para un prop\u00f3sito en particular.<\/p>\n\n    <\/div>\n  <\/div>\n<\/div>\n\n<\/div><!-- .overit-block-wrapper -->\n<\/div><!-- .overit-block -->\n\n\n<div\n  class=\"overit-block overit-block--white overit-radius-full overit-margin-small-top overit-no-padding \n  overit-block-configurable-jumbotron\"\n        >\n  \n  <div class=\"overit-block-wrapper\">\n\n<section class=\"configurable-jumbotron center\" >\n                  <div class=\"cj-section-title\">INFORMES DE LOS ANALISTAS<\/div>\n          \n                  <div class=\"cj-title medium\">OverIT es reconocida por empresas de consultor\u00eda de TI por sus habilidades en la gesti\u00f3n y optimizaci\u00f3n de Field Service Management<\/div>\n          \n                  <div class=\"cj-subtitle medium\"><p>Descubra los informes de Gartner, IDC y Forrester en los que OverIT es el punto de referencia para Field Service Management<\/p>\n<\/div>\n          \n        <\/section>\n\n<\/div><!-- .overit-block-wrapper -->\n<\/div><!-- .overit-block -->\n\n\n<div\n  class=\"overit-block overit-block--white overit-radius-full overit-no-margin overit-padding-medium \n  overit-block-industries-sections\"\n        >\n  \n  <div class=\"overit-block-wrapper\">\n\n  <div class=\"industries-tiles\">\n     \n              <a class=\"industries-tiles__link \" href=\"\/es\/informes-analistas\/gartner\/\">\n          <div class=\"industries-tiles__tile\">\n                <div class=\"industries-tiles__title\">\n          Ir a los informes de Gartner\n        <\/div>\n      <\/div>\n          <\/a>\n         \n              <a class=\"industries-tiles__link \" href=\"\/es\/informes-analistas\/idc\/\">\n          <div class=\"industries-tiles__tile\">\n                <div class=\"industries-tiles__title\">\n          Ir a los informes de IDC\n        <\/div>\n      <\/div>\n          <\/a>\n         \n              <a class=\"industries-tiles__link \" href=\"\/es\/informes-analistas\/forrester\/\">\n          <div class=\"industries-tiles__tile\">\n                <div class=\"industries-tiles__title\">\n          Ir a los informes de Forrester\n        <\/div>\n      <\/div>\n          <\/a>\n         \n              <a class=\"industries-tiles__link \" href=\"\/es\/informes-analistas\/constellation-research\/\">\n          <div class=\"industries-tiles__tile\">\n                <div class=\"industries-tiles__title\">\n          Ir a los informes de Constellation Research\n        <\/div>\n      <\/div>\n          <\/a>\n          <\/div>\n\n<\/div><!-- .overit-block-wrapper -->\n<\/div><!-- .overit-block -->\n","protected":false},"excerpt":{"rendered":"","protected":false},"author":3,"featured_media":0,"parent":13054,"menu_order":0,"comment_status":"closed","ping_status":"closed","template":"","meta":{"_acf_changed":false,"footnotes":""},"case_study_category":[],"class_list":["post-20445","page","type-page","status-publish","hentry"],"acf":[],"yoast_head":"<!-- This site is optimized with the Yoast SEO Premium plugin v25.6 (Yoast SEO v25.6) - https:\/\/yoast.com\/wordpress\/plugins\/seo\/ -->\n<title>Gartner Critical Capabilities para el Field Service Management<\/title>\n<meta name=\"description\" content=\"OverIT reconocido por Gartner en el informe Critical Capabilities para FSM por sus habilidades en la gesti\u00f3n de procesos FSM en el campo\" \/>\n<meta name=\"robots\" content=\"index, follow, max-snippet:-1, max-image-preview:large, max-video-preview:-1\" \/>\n<link rel=\"canonical\" href=\"https:\/\/www.overit.ai\/es\/informes-analistas\/gartner\/gartner-critical-capabilities-para-el-field-service-management\/\" \/>\n<meta property=\"og:locale\" content=\"es_ES\" \/>\n<meta property=\"og:type\" content=\"article\" \/>\n<meta property=\"og:title\" content=\"Gartner - Critical Capabilities for Field Service Management\" \/>\n<meta property=\"og:description\" content=\"OverIT reconocido por Gartner en el informe Critical Capabilities para FSM por sus habilidades en la gesti\u00f3n de procesos FSM en el campo\" \/>\n<meta property=\"og:url\" content=\"https:\/\/www.overit.ai\/es\/informes-analistas\/gartner\/gartner-critical-capabilities-para-el-field-service-management\/\" \/>\n<meta property=\"og:site_name\" content=\"OverIT\" \/>\n<meta property=\"article:modified_time\" content=\"2022-04-28T09:48:35+00:00\" \/>\n<meta name=\"twitter:card\" content=\"summary_large_image\" \/>\n<script type=\"application\/ld+json\" class=\"yoast-schema-graph\">{\"@context\":\"https:\/\/schema.org\",\"@graph\":[{\"@type\":\"WebPage\",\"@id\":\"https:\/\/www.overit.ai\/es\/informes-analistas\/gartner\/gartner-critical-capabilities-para-el-field-service-management\/\",\"url\":\"https:\/\/www.overit.ai\/es\/informes-analistas\/gartner\/gartner-critical-capabilities-para-el-field-service-management\/\",\"name\":\"Gartner Critical Capabilities para el Field Service Management\",\"isPartOf\":{\"@id\":\"https:\/\/www.overit.ai\/es\/#website\"},\"datePublished\":\"2021-08-16T09:09:52+00:00\",\"dateModified\":\"2022-04-28T09:48:35+00:00\",\"description\":\"OverIT reconocido por Gartner en el informe Critical Capabilities para FSM por sus habilidades en la gesti\u00f3n de procesos FSM en el campo\",\"breadcrumb\":{\"@id\":\"https:\/\/www.overit.ai\/es\/informes-analistas\/gartner\/gartner-critical-capabilities-para-el-field-service-management\/#breadcrumb\"},\"inLanguage\":\"es-ES\",\"potentialAction\":[{\"@type\":\"ReadAction\",\"target\":[\"https:\/\/www.overit.ai\/es\/informes-analistas\/gartner\/gartner-critical-capabilities-para-el-field-service-management\/\"]}]},{\"@type\":\"BreadcrumbList\",\"@id\":\"https:\/\/www.overit.ai\/es\/informes-analistas\/gartner\/gartner-critical-capabilities-para-el-field-service-management\/#breadcrumb\",\"itemListElement\":[{\"@type\":\"ListItem\",\"position\":1,\"name\":\"Home\",\"item\":\"https:\/\/www.overit.ai\/es\/\"},{\"@type\":\"ListItem\",\"position\":2,\"name\":\"Informes de los Analistas\",\"item\":\"https:\/\/www.overit.ai\/es\/informes-analistas\/\"},{\"@type\":\"ListItem\",\"position\":3,\"name\":\"Gartner\",\"item\":\"https:\/\/www.overit.ai\/es\/informes-analistas\/gartner\/\"},{\"@type\":\"ListItem\",\"position\":4,\"name\":\"Gartner &#8211; Critical Capabilities for Field Service Management\"}]},{\"@type\":\"WebSite\",\"@id\":\"https:\/\/www.overit.ai\/es\/#website\",\"url\":\"https:\/\/www.overit.ai\/es\/\",\"name\":\"OverIT\",\"description\":\"Innovation in Field Service Management\",\"publisher\":{\"@id\":\"https:\/\/www.overit.ai\/es\/#organization\"},\"potentialAction\":[{\"@type\":\"SearchAction\",\"target\":{\"@type\":\"EntryPoint\",\"urlTemplate\":\"https:\/\/www.overit.ai\/es\/?s={search_term_string}\"},\"query-input\":{\"@type\":\"PropertyValueSpecification\",\"valueRequired\":true,\"valueName\":\"search_term_string\"}}],\"inLanguage\":\"es-ES\"},{\"@type\":\"Organization\",\"@id\":\"https:\/\/www.overit.ai\/es\/#organization\",\"name\":\"OverIT\",\"url\":\"https:\/\/www.overit.ai\/es\/\",\"logo\":{\"@type\":\"ImageObject\",\"inLanguage\":\"es-ES\",\"@id\":\"https:\/\/www.overit.ai\/es\/#\/schema\/logo\/image\/\",\"url\":\"https:\/\/www.overit.ai\/app\/uploads\/2021\/10\/OverIT-logo-400.png\",\"contentUrl\":\"https:\/\/www.overit.ai\/app\/uploads\/2021\/10\/OverIT-logo-400.png\",\"width\":400,\"height\":250,\"caption\":\"OverIT\"},\"image\":{\"@id\":\"https:\/\/www.overit.ai\/es\/#\/schema\/logo\/image\/\"}}]}<\/script>\n<!-- \/ Yoast SEO Premium plugin. -->","yoast_head_json":{"title":"Gartner Critical Capabilities para el Field Service Management","description":"OverIT reconocido por Gartner en el informe Critical Capabilities para FSM por sus habilidades en la gesti\u00f3n de procesos FSM en el campo","robots":{"index":"index","follow":"follow","max-snippet":"max-snippet:-1","max-image-preview":"max-image-preview:large","max-video-preview":"max-video-preview:-1"},"canonical":"https:\/\/www.overit.ai\/es\/informes-analistas\/gartner\/gartner-critical-capabilities-para-el-field-service-management\/","og_locale":"es_ES","og_type":"article","og_title":"Gartner - Critical Capabilities for Field Service Management","og_description":"OverIT reconocido por Gartner en el informe Critical Capabilities para FSM por sus habilidades en la gesti\u00f3n de procesos FSM en el campo","og_url":"https:\/\/www.overit.ai\/es\/informes-analistas\/gartner\/gartner-critical-capabilities-para-el-field-service-management\/","og_site_name":"OverIT","article_modified_time":"2022-04-28T09:48:35+00:00","twitter_card":"summary_large_image","schema":{"@context":"https:\/\/schema.org","@graph":[{"@type":"WebPage","@id":"https:\/\/www.overit.ai\/es\/informes-analistas\/gartner\/gartner-critical-capabilities-para-el-field-service-management\/","url":"https:\/\/www.overit.ai\/es\/informes-analistas\/gartner\/gartner-critical-capabilities-para-el-field-service-management\/","name":"Gartner Critical Capabilities para el Field Service Management","isPartOf":{"@id":"https:\/\/www.overit.ai\/es\/#website"},"datePublished":"2021-08-16T09:09:52+00:00","dateModified":"2022-04-28T09:48:35+00:00","description":"OverIT reconocido por Gartner en el informe Critical Capabilities para FSM por sus habilidades en la gesti\u00f3n de procesos FSM en el campo","breadcrumb":{"@id":"https:\/\/www.overit.ai\/es\/informes-analistas\/gartner\/gartner-critical-capabilities-para-el-field-service-management\/#breadcrumb"},"inLanguage":"es-ES","potentialAction":[{"@type":"ReadAction","target":["https:\/\/www.overit.ai\/es\/informes-analistas\/gartner\/gartner-critical-capabilities-para-el-field-service-management\/"]}]},{"@type":"BreadcrumbList","@id":"https:\/\/www.overit.ai\/es\/informes-analistas\/gartner\/gartner-critical-capabilities-para-el-field-service-management\/#breadcrumb","itemListElement":[{"@type":"ListItem","position":1,"name":"Home","item":"https:\/\/www.overit.ai\/es\/"},{"@type":"ListItem","position":2,"name":"Informes de los Analistas","item":"https:\/\/www.overit.ai\/es\/informes-analistas\/"},{"@type":"ListItem","position":3,"name":"Gartner","item":"https:\/\/www.overit.ai\/es\/informes-analistas\/gartner\/"},{"@type":"ListItem","position":4,"name":"Gartner &#8211; Critical Capabilities for Field Service Management"}]},{"@type":"WebSite","@id":"https:\/\/www.overit.ai\/es\/#website","url":"https:\/\/www.overit.ai\/es\/","name":"OverIT","description":"Innovation in Field Service Management","publisher":{"@id":"https:\/\/www.overit.ai\/es\/#organization"},"potentialAction":[{"@type":"SearchAction","target":{"@type":"EntryPoint","urlTemplate":"https:\/\/www.overit.ai\/es\/?s={search_term_string}"},"query-input":{"@type":"PropertyValueSpecification","valueRequired":true,"valueName":"search_term_string"}}],"inLanguage":"es-ES"},{"@type":"Organization","@id":"https:\/\/www.overit.ai\/es\/#organization","name":"OverIT","url":"https:\/\/www.overit.ai\/es\/","logo":{"@type":"ImageObject","inLanguage":"es-ES","@id":"https:\/\/www.overit.ai\/es\/#\/schema\/logo\/image\/","url":"https:\/\/www.overit.ai\/app\/uploads\/2021\/10\/OverIT-logo-400.png","contentUrl":"https:\/\/www.overit.ai\/app\/uploads\/2021\/10\/OverIT-logo-400.png","width":400,"height":250,"caption":"OverIT"},"image":{"@id":"https:\/\/www.overit.ai\/es\/#\/schema\/logo\/image\/"}}]}},"_links":{"self":[{"href":"https:\/\/www.overit.ai\/es\/wp-json\/wp\/v2\/pages\/20445","targetHints":{"allow":["GET"]}}],"collection":[{"href":"https:\/\/www.overit.ai\/es\/wp-json\/wp\/v2\/pages"}],"about":[{"href":"https:\/\/www.overit.ai\/es\/wp-json\/wp\/v2\/types\/page"}],"author":[{"embeddable":true,"href":"https:\/\/www.overit.ai\/es\/wp-json\/wp\/v2\/users\/3"}],"replies":[{"embeddable":true,"href":"https:\/\/www.overit.ai\/es\/wp-json\/wp\/v2\/comments?post=20445"}],"version-history":[{"count":10,"href":"https:\/\/www.overit.ai\/es\/wp-json\/wp\/v2\/pages\/20445\/revisions"}],"predecessor-version":[{"id":30277,"href":"https:\/\/www.overit.ai\/es\/wp-json\/wp\/v2\/pages\/20445\/revisions\/30277"}],"up":[{"embeddable":true,"href":"https:\/\/www.overit.ai\/es\/wp-json\/wp\/v2\/pages\/13054"}],"wp:attachment":[{"href":"https:\/\/www.overit.ai\/es\/wp-json\/wp\/v2\/media?parent=20445"}],"wp:term":[{"taxonomy":"case_study_category","embeddable":true,"href":"https:\/\/www.overit.ai\/es\/wp-json\/wp\/v2\/case_study_category?post=20445"}],"curies":[{"name":"wp","href":"https:\/\/api.w.org\/{rel}","templated":true}]}}