{"id":20431,"date":"2021-08-16T08:56:30","date_gmt":"2021-08-16T08:56:30","guid":{"rendered":"https:\/\/www.overit.ai\/it\/?page_id=20431"},"modified":"2021-11-28T18:32:32","modified_gmt":"2021-11-28T18:32:32","slug":"forrester-tech-tide-smart-manufacturing-q2-2020","status":"publish","type":"page","link":"https:\/\/www.overit.ai\/es\/informes-analistas\/forrester\/forrester-tech-tide-smart-manufacturing-q2-2020\/","title":{"rendered":"OverIT incluido en &#8220;The Forrester Tech Tide\u2122: Smart Manufacturing, Q2 2020&#8221;"},"content":{"rendered":"<div\n  class=\"overit-block overit-block--white overit-radius-full overit-no-margin overit-no-padding \n  overit-block-full-width-top-banner\"\n        >\n  \n  <div class=\"overit-block-wrapper\">\n\n\n<section class=\"block-fwtb\">\n  <div class=\"block-fwtb__bg \">\n    <div class=\"block-fwtb__content block-fwtb__content--light\">\n                        <div class=\"block-fwtb__title\" data-aos=\"zoom-in\">FORRESTER<\/div>\n                                              <h1 class=\"block-fwtb__subtitle \" data-aos=\"zoom-in\" data-aos-delay=\"200\">The Forrester Tech Tide\u2122: Smart Manufacturing, Q2 2020<\/h1>\n                        <\/div>\n          <div class=\"block-fwtb__bg_image\" style=\"background: linear-gradient(0deg, rgba(0, 0, 0, 0), rgba(0, 0, 0, 0)), url('https:\/\/www.overit.ai\/app\/uploads\/2020\/11\/Forrester-TechTide-Smart-Manufacturing-q2-2020.jpg') center center\"><\/div>\n      <\/div>\n<\/section>\n\n<\/div><!-- .overit-block-wrapper -->\n<\/div><!-- .overit-block -->\n\n\n<div\n  class=\"overit-block overit-block--white overit-radius-full overit-margin-small overit-padding-small \n  overit-block-configurable-jumbotron\"\n        >\n  \n  <div class=\"overit-block-wrapper\">\n\n<section class=\"configurable-jumbotron left\" >\n    \n                  <h2  class=\"cj-title large\">OverIT incluido en &#8220;The Forrester Tech Tide\u2122: Smart Manufacturing, Q2 2020&#8221;<\/h2 >\n          \n                  <div class=\"cj-subtitle medium\"><p>Este informe presenta un an\u00e1lisis de la madurez y el valor comercial de 20 categor\u00edas de tecnolog\u00eda que apoyan la fabricaci\u00f3n inteligente.<\/p>\n<p>Una de estas veinte tecnolog\u00edas es la Realidad Aumentada. Dice el informe, \u00abLos casos de uso m\u00e1s simples de fabricaci\u00f3n inteligente incluyen la b\u00fasqueda de caminos dentro de grandes instalaciones industriales, herramientas de expertos remotos o de asistencia remota, y la visualizaci\u00f3n de instrucciones de trabajo digitales\u201d.<\/p>\n<p>OverIT est\u00e1 muy orgullosa de ser parte de este an\u00e1lisis, en el cual hemos sido mencionados gracias a las caracter\u00edsticas del producto SPACE1.<\/p>\n<p>SPACE1 permite a los trabajadores de primera l\u00ednea un entorno de plena colaboraci\u00f3n para resolver problemas, evaluar, capacitar y resolver r\u00e1pidamente las tareas, en condiciones de seguridad. Adem\u00e1s, ofrece la posibilidad de superar las barreras de la distancia, permitiendo a los trabajadores colaborar de forma segura en entornos de campo y dentro de ellos, incluidos aquellos en los que el ancho de banda y la conectividad de la red son m\u00e1s dif\u00edciles.<\/p>\n<\/div>\n          \n        <\/section>\n\n<\/div><!-- .overit-block-wrapper -->\n<\/div><!-- .overit-block -->\n\n\n<div\n  class=\"overit-block overit-block--white overit-radius-full overit-no-margin overit-padding-medium-bottom \n  overit-block-customer-disclaimer\"\n        >\n  \n  <div class=\"overit-block-wrapper\">\n\n<div class=\"cdisclaimer\">\n  <div class=\"cdisclaimer__bg\">&nbsp;<\/div>\n  <div class=\"cdisclaimer__content\">\n    <div class=\"cdisclaimer__title-cont\">\n      <div class=\"cdisclaimer__img\">\n        <img decoding=\"async\" src=\"https:\/\/www.overit.ai\/app\/themes\/overit-theme\/dist\/images\/citation_d93c975a.svg\" alt=\"citation symbol\" \/>\n      <\/div>\n      <div class=\"cdisclaimer__title\">\n        Disclaimer de Forrester\n      <\/div>\n    <\/div>\n    <div class=\"cdisclaimer__description\" data-aos=\"fade-left\">\n      <p>El informe est\u00e1 disponible para los suscriptores de Forrester o para su compra.<\/p>\n\n    <\/div>\n  <\/div>\n<\/div>\n\n<\/div><!-- .overit-block-wrapper -->\n<\/div><!-- .overit-block -->\n\n\n<div\n  class=\"overit-block overit-block--white overit-radius-full overit-margin-small-top overit-no-padding \n  overit-block-configurable-jumbotron\"\n        >\n  \n  <div class=\"overit-block-wrapper\">\n\n<section class=\"configurable-jumbotron center\" >\n                  <div class=\"cj-section-title\">INFORMES DE LOS ANALISTAS<\/div>\n          \n                  <div class=\"cj-title medium\">OverIT es reconocida por empresas de consultor\u00eda de TI por sus habilidades en la gesti\u00f3n y optimizaci\u00f3n de Field Service Management<\/div>\n          \n                  <div class=\"cj-subtitle medium\"><p>Descubra los informes de Gartner, IDC y Forrester en los que OverIT es el punto de referencia para Field Service Management<\/p>\n<\/div>\n          \n        <\/section>\n\n<\/div><!-- .overit-block-wrapper -->\n<\/div><!-- .overit-block -->\n\n\n<div\n  class=\"overit-block overit-block--white overit-radius-full overit-margin-medium-bottom overit-padding-small-bottom \n  overit-block-about-cta-blocks\"\n        >\n  \n  <div class=\"overit-block-wrapper\">\n\n<div class=\"about-cta\">\n        <div class=\"about-cta__blocks about-cta__blocks--4\">\n             <div class=\"about-cta__block\">\n                        <div class=\"about-cta__image-cont\">\n          \n                      <img decoding=\"async\" src=\"https:\/\/www.overit.ai\/app\/uploads\/2020\/11\/Livello-73.png\"\n                 alt=\"Gartner\"\n                  width=\"1200\"                   height=\"826\" >\n          \n                      <a class=\"about-cta__cta button button-white\" href=\"\/es\/informes-analistas\/gartner\/\">Ir a los informes de Gartner<\/a>\n                  <\/div>\n      <\/div>\n             <div class=\"about-cta__block\">\n                        <div class=\"about-cta__image-cont\">\n          \n                      <img decoding=\"async\" src=\"https:\/\/www.overit.ai\/app\/uploads\/2020\/11\/Livello-75.png\"\n                 alt=\"IDC\"\n                  width=\"1200\"                   height=\"826\" >\n          \n                      <a class=\"about-cta__cta button button-white\" href=\"\/es\/informes-analistas\/idc\/\">Ir a los informes de IDC<\/a>\n                  <\/div>\n      <\/div>\n             <div class=\"about-cta__block\">\n                        <div class=\"about-cta__image-cont\">\n          \n                      <img decoding=\"async\" src=\"https:\/\/www.overit.ai\/app\/uploads\/2020\/11\/Livello-74.png\"\n                 alt=\"Forrester\"\n                  width=\"1200\"                   height=\"826\" >\n          \n                      <a class=\"about-cta__cta button button-white\" href=\"\/es\/informes-analistas\/forrester\/\">Ir a los informes de Forrester<\/a>\n                  <\/div>\n      <\/div>\n             <div class=\"about-cta__block\">\n                        <div class=\"about-cta__image-cont\">\n          \n                      <img decoding=\"async\" src=\"https:\/\/www.overit.ai\/app\/uploads\/2021\/10\/constellation-research-logo-3.jpg\"\n                 alt=\"Constellation Reaserch Logo\"\n                  width=\"1200\"                   height=\"826\" >\n          \n                      <a class=\"about-cta__cta button button-white\" href=\"\/es\/informes-analistas\/constellation-research\/\">Ir a los informes de Constellation Research<\/a>\n                  <\/div>\n      <\/div>\n          <\/div>\n  <\/div>\n\n<\/div><!-- .overit-block-wrapper -->\n<\/div><!-- .overit-block -->\n\n\n\n<p><\/p>\n","protected":false},"excerpt":{"rendered":"","protected":false},"author":3,"featured_media":0,"parent":13060,"menu_order":0,"comment_status":"closed","ping_status":"closed","template":"","meta":{"_acf_changed":false,"footnotes":""},"case_study_category":[],"class_list":["post-20431","page","type-page","status-publish","hentry"],"acf":[],"yoast_head":"<!-- This site is optimized with the Yoast SEO Premium plugin v25.6 (Yoast SEO v25.6) - https:\/\/yoast.com\/wordpress\/plugins\/seo\/ -->\n<title>The Forrester Tech Tide\u2122: Smart Manufacturing, Q2 2020<\/title>\n<meta name=\"description\" content=\"Forrester eval\u00faa a OverIT como un proveedor l\u00edder de RA para respaldar el mantenimiento y la inspecci\u00f3n de activos\" \/>\n<meta name=\"robots\" content=\"index, follow, max-snippet:-1, max-image-preview:large, max-video-preview:-1\" \/>\n<link rel=\"canonical\" href=\"https:\/\/www.overit.ai\/es\/informes-analistas\/forrester\/forrester-tech-tide-smart-manufacturing-q2-2020\/\" \/>\n<meta property=\"og:locale\" content=\"es_ES\" \/>\n<meta property=\"og:type\" content=\"article\" \/>\n<meta property=\"og:title\" content=\"OverIT incluido en &quot;The Forrester Tech Tide\u2122: Smart Manufacturing, Q2 2020&quot;\" \/>\n<meta property=\"og:description\" content=\"Forrester eval\u00faa a OverIT como un proveedor l\u00edder de RA para respaldar el mantenimiento y la inspecci\u00f3n de activos\" \/>\n<meta property=\"og:url\" content=\"https:\/\/www.overit.ai\/es\/informes-analistas\/forrester\/forrester-tech-tide-smart-manufacturing-q2-2020\/\" \/>\n<meta property=\"og:site_name\" content=\"OverIT\" \/>\n<meta property=\"article:modified_time\" content=\"2021-11-28T18:32:32+00:00\" \/>\n<meta name=\"twitter:card\" content=\"summary_large_image\" \/>\n<script type=\"application\/ld+json\" class=\"yoast-schema-graph\">{\"@context\":\"https:\/\/schema.org\",\"@graph\":[{\"@type\":\"WebPage\",\"@id\":\"https:\/\/www.overit.ai\/es\/informes-analistas\/forrester\/forrester-tech-tide-smart-manufacturing-q2-2020\/\",\"url\":\"https:\/\/www.overit.ai\/es\/informes-analistas\/forrester\/forrester-tech-tide-smart-manufacturing-q2-2020\/\",\"name\":\"The Forrester Tech Tide\u2122: Smart Manufacturing, Q2 2020\",\"isPartOf\":{\"@id\":\"https:\/\/www.overit.ai\/es\/#website\"},\"datePublished\":\"2021-08-16T08:56:30+00:00\",\"dateModified\":\"2021-11-28T18:32:32+00:00\",\"description\":\"Forrester eval\u00faa a OverIT como un proveedor l\u00edder de RA para respaldar el mantenimiento y la inspecci\u00f3n de activos\",\"breadcrumb\":{\"@id\":\"https:\/\/www.overit.ai\/es\/informes-analistas\/forrester\/forrester-tech-tide-smart-manufacturing-q2-2020\/#breadcrumb\"},\"inLanguage\":\"es-ES\",\"potentialAction\":[{\"@type\":\"ReadAction\",\"target\":[\"https:\/\/www.overit.ai\/es\/informes-analistas\/forrester\/forrester-tech-tide-smart-manufacturing-q2-2020\/\"]}]},{\"@type\":\"BreadcrumbList\",\"@id\":\"https:\/\/www.overit.ai\/es\/informes-analistas\/forrester\/forrester-tech-tide-smart-manufacturing-q2-2020\/#breadcrumb\",\"itemListElement\":[{\"@type\":\"ListItem\",\"position\":1,\"name\":\"Home\",\"item\":\"https:\/\/www.overit.ai\/es\/\"},{\"@type\":\"ListItem\",\"position\":2,\"name\":\"Informes de los Analistas\",\"item\":\"https:\/\/www.overit.ai\/es\/informes-analistas\/\"},{\"@type\":\"ListItem\",\"position\":3,\"name\":\"Forrester\",\"item\":\"https:\/\/www.overit.ai\/es\/informes-analistas\/forrester\/\"},{\"@type\":\"ListItem\",\"position\":4,\"name\":\"OverIT incluido en &#8220;The Forrester Tech Tide\u2122: Smart Manufacturing, Q2 2020&#8221;\"}]},{\"@type\":\"WebSite\",\"@id\":\"https:\/\/www.overit.ai\/es\/#website\",\"url\":\"https:\/\/www.overit.ai\/es\/\",\"name\":\"OverIT\",\"description\":\"Innovation in Field Service Management\",\"publisher\":{\"@id\":\"https:\/\/www.overit.ai\/es\/#organization\"},\"potentialAction\":[{\"@type\":\"SearchAction\",\"target\":{\"@type\":\"EntryPoint\",\"urlTemplate\":\"https:\/\/www.overit.ai\/es\/?s={search_term_string}\"},\"query-input\":{\"@type\":\"PropertyValueSpecification\",\"valueRequired\":true,\"valueName\":\"search_term_string\"}}],\"inLanguage\":\"es-ES\"},{\"@type\":\"Organization\",\"@id\":\"https:\/\/www.overit.ai\/es\/#organization\",\"name\":\"OverIT\",\"url\":\"https:\/\/www.overit.ai\/es\/\",\"logo\":{\"@type\":\"ImageObject\",\"inLanguage\":\"es-ES\",\"@id\":\"https:\/\/www.overit.ai\/es\/#\/schema\/logo\/image\/\",\"url\":\"https:\/\/www.overit.ai\/app\/uploads\/2021\/10\/OverIT-logo-400.png\",\"contentUrl\":\"https:\/\/www.overit.ai\/app\/uploads\/2021\/10\/OverIT-logo-400.png\",\"width\":400,\"height\":250,\"caption\":\"OverIT\"},\"image\":{\"@id\":\"https:\/\/www.overit.ai\/es\/#\/schema\/logo\/image\/\"}}]}<\/script>\n<!-- \/ Yoast SEO Premium plugin. -->","yoast_head_json":{"title":"The Forrester Tech Tide\u2122: Smart Manufacturing, Q2 2020","description":"Forrester eval\u00faa a OverIT como un proveedor l\u00edder de RA para respaldar el mantenimiento y la inspecci\u00f3n de activos","robots":{"index":"index","follow":"follow","max-snippet":"max-snippet:-1","max-image-preview":"max-image-preview:large","max-video-preview":"max-video-preview:-1"},"canonical":"https:\/\/www.overit.ai\/es\/informes-analistas\/forrester\/forrester-tech-tide-smart-manufacturing-q2-2020\/","og_locale":"es_ES","og_type":"article","og_title":"OverIT incluido en \"The Forrester Tech Tide\u2122: Smart Manufacturing, Q2 2020\"","og_description":"Forrester eval\u00faa a OverIT como un proveedor l\u00edder de RA para respaldar el mantenimiento y la inspecci\u00f3n de activos","og_url":"https:\/\/www.overit.ai\/es\/informes-analistas\/forrester\/forrester-tech-tide-smart-manufacturing-q2-2020\/","og_site_name":"OverIT","article_modified_time":"2021-11-28T18:32:32+00:00","twitter_card":"summary_large_image","schema":{"@context":"https:\/\/schema.org","@graph":[{"@type":"WebPage","@id":"https:\/\/www.overit.ai\/es\/informes-analistas\/forrester\/forrester-tech-tide-smart-manufacturing-q2-2020\/","url":"https:\/\/www.overit.ai\/es\/informes-analistas\/forrester\/forrester-tech-tide-smart-manufacturing-q2-2020\/","name":"The Forrester Tech Tide\u2122: Smart Manufacturing, Q2 2020","isPartOf":{"@id":"https:\/\/www.overit.ai\/es\/#website"},"datePublished":"2021-08-16T08:56:30+00:00","dateModified":"2021-11-28T18:32:32+00:00","description":"Forrester eval\u00faa a OverIT como un proveedor l\u00edder de RA para respaldar el mantenimiento y la inspecci\u00f3n de activos","breadcrumb":{"@id":"https:\/\/www.overit.ai\/es\/informes-analistas\/forrester\/forrester-tech-tide-smart-manufacturing-q2-2020\/#breadcrumb"},"inLanguage":"es-ES","potentialAction":[{"@type":"ReadAction","target":["https:\/\/www.overit.ai\/es\/informes-analistas\/forrester\/forrester-tech-tide-smart-manufacturing-q2-2020\/"]}]},{"@type":"BreadcrumbList","@id":"https:\/\/www.overit.ai\/es\/informes-analistas\/forrester\/forrester-tech-tide-smart-manufacturing-q2-2020\/#breadcrumb","itemListElement":[{"@type":"ListItem","position":1,"name":"Home","item":"https:\/\/www.overit.ai\/es\/"},{"@type":"ListItem","position":2,"name":"Informes de los Analistas","item":"https:\/\/www.overit.ai\/es\/informes-analistas\/"},{"@type":"ListItem","position":3,"name":"Forrester","item":"https:\/\/www.overit.ai\/es\/informes-analistas\/forrester\/"},{"@type":"ListItem","position":4,"name":"OverIT incluido en &#8220;The Forrester Tech Tide\u2122: Smart Manufacturing, Q2 2020&#8221;"}]},{"@type":"WebSite","@id":"https:\/\/www.overit.ai\/es\/#website","url":"https:\/\/www.overit.ai\/es\/","name":"OverIT","description":"Innovation in Field Service Management","publisher":{"@id":"https:\/\/www.overit.ai\/es\/#organization"},"potentialAction":[{"@type":"SearchAction","target":{"@type":"EntryPoint","urlTemplate":"https:\/\/www.overit.ai\/es\/?s={search_term_string}"},"query-input":{"@type":"PropertyValueSpecification","valueRequired":true,"valueName":"search_term_string"}}],"inLanguage":"es-ES"},{"@type":"Organization","@id":"https:\/\/www.overit.ai\/es\/#organization","name":"OverIT","url":"https:\/\/www.overit.ai\/es\/","logo":{"@type":"ImageObject","inLanguage":"es-ES","@id":"https:\/\/www.overit.ai\/es\/#\/schema\/logo\/image\/","url":"https:\/\/www.overit.ai\/app\/uploads\/2021\/10\/OverIT-logo-400.png","contentUrl":"https:\/\/www.overit.ai\/app\/uploads\/2021\/10\/OverIT-logo-400.png","width":400,"height":250,"caption":"OverIT"},"image":{"@id":"https:\/\/www.overit.ai\/es\/#\/schema\/logo\/image\/"}}]}},"_links":{"self":[{"href":"https:\/\/www.overit.ai\/es\/wp-json\/wp\/v2\/pages\/20431","targetHints":{"allow":["GET"]}}],"collection":[{"href":"https:\/\/www.overit.ai\/es\/wp-json\/wp\/v2\/pages"}],"about":[{"href":"https:\/\/www.overit.ai\/es\/wp-json\/wp\/v2\/types\/page"}],"author":[{"embeddable":true,"href":"https:\/\/www.overit.ai\/es\/wp-json\/wp\/v2\/users\/3"}],"replies":[{"embeddable":true,"href":"https:\/\/www.overit.ai\/es\/wp-json\/wp\/v2\/comments?post=20431"}],"version-history":[{"count":16,"href":"https:\/\/www.overit.ai\/es\/wp-json\/wp\/v2\/pages\/20431\/revisions"}],"predecessor-version":[{"id":24388,"href":"https:\/\/www.overit.ai\/es\/wp-json\/wp\/v2\/pages\/20431\/revisions\/24388"}],"up":[{"embeddable":true,"href":"https:\/\/www.overit.ai\/es\/wp-json\/wp\/v2\/pages\/13060"}],"wp:attachment":[{"href":"https:\/\/www.overit.ai\/es\/wp-json\/wp\/v2\/media?parent=20431"}],"wp:term":[{"taxonomy":"case_study_category","embeddable":true,"href":"https:\/\/www.overit.ai\/es\/wp-json\/wp\/v2\/case_study_category?post=20431"}],"curies":[{"name":"wp","href":"https:\/\/api.w.org\/{rel}","templated":true}]}}