{"id":20213,"date":"2021-08-11T12:21:48","date_gmt":"2021-08-11T12:21:48","guid":{"rendered":"https:\/\/www.overit.ai\/it\/?page_id=20213"},"modified":"2021-10-07T13:35:10","modified_gmt":"2021-10-07T13:35:10","slug":"giza-system-integrator","status":"publish","type":"page","link":"https:\/\/www.overit.ai\/es\/socios\/giza-system-integrator\/","title":{"rendered":"GIZA SYSYEMS S.A.E."},"content":{"rendered":"<div\n  class=\"overit-block overit-block--white overit-radius-full overit-margin-medium-bottom overit-no-padding \n  overit-block-customer-page-header\"\n        >\n  \n  <div class=\"overit-block-wrapper\">\n\n<div class=\"cph\">\n  \n    <div class=\"cph_slogan-cont\" style=\"background: linear-gradient(0deg, rgba(0, 0, 0, 0.35), rgba(0, 0, 0, 0.35)), url('https:\/\/www.overit.ai\/app\/uploads\/2021\/08\/Giza-cover-page-1.jpg') center center\">\n                  <h1 class=\"cph__section-title\">Integrador de sistemas en la regi\u00f3n MEA<\/h1>\n                                    <div class=\"cph__slogan\">GIZA SYSYEMS S.A.E.<\/div>\n            <\/div>\n  <div class=\"cph__customer-section\" data-aos=\"fade-up\">\n    <div class=\"cph__customer-desc-cont\">\n                    <img decoding=\"async\" class=\"cph__customer-logo\" src=\"https:\/\/www.overit.ai\/app\/uploads\/2021\/08\/GIZA-logo.png\" alt=\"GIZA-logo\" width=\"400\" height=\"250\" \/>\n            <div class=\"cph__customer-desc\">\n        <p>Giza Systems, un integrador de sistemas l\u00edder en la regi\u00f3n de MEA, dise\u00f1a e implementa soluciones tecnol\u00f3gicas espec\u00edficas de la industria para asset intensivos como las telecomunicaciones, servicios p\u00fablicos, petr\u00f3leo y gas, transporte. M\u00e1s de 1100 profesionales est\u00e1n repartidos por toda la regi\u00f3n para atender a clientes en m\u00e1s de 40 pa\u00edses.<\/p>\n\n      <\/div>\n    <\/div>\n    <div class=\"cph__customer-facts\">\n              <div class=\"cph__facts-title\">informaci\u00f3n clave<\/div>\n        <div class=\"cph__facts\">\n                     <div class=\"cph__fact-cont\">\n            <div class=\"cph__fact-label\">\n              Profesionales\n            <\/div>\n            <div class=\"cph__fact\">\n              1000+\n            <\/div>\n          <\/div>\n                     <div class=\"cph__fact-cont\">\n            <div class=\"cph__fact-label\">\n              Clientes\n            <\/div>\n            <div class=\"cph__fact\">\n              1500+\n            <\/div>\n          <\/div>\n                     <div class=\"cph__fact-cont\">\n            <div class=\"cph__fact-label\">\n              Sitio web\n            <\/div>\n            <div class=\"cph__fact\">\n              gizasystems.com\n            <\/div>\n          <\/div>\n                  <\/div>\n          <\/div>\n  <\/div>\n<\/div>\n\n<\/div><!-- .overit-block-wrapper -->\n<\/div><!-- .overit-block -->\n\n\n<div\n  class=\"overit-block overit-block--white overit-radius-full overit-no-margin overit-padding-medium \n  overit-block-video\"\n        >\n  \n  <div class=\"overit-block-wrapper\">\n\n<div class=\"overit-video\">\n            <div class=\"overit-video__cover\" style=\"background-image: url(https:\/\/www.overit.ai\/app\/uploads\/2021\/10\/Giza-Systems-Cover-Video.jpg)\"><\/div>\n        <iframe class=\"overit-video__iframe\"  style=\"display: none;\"               data-src=\"https:\/\/www.youtube.com\/embed\/2GMRtE8uVss?color=white&#038;rel=0&#038;showinfo=0\"\n            frameborder=\"0\" allow=\"accelerometer; autoplay; clipboard-write; encrypted-media; gyroscope; picture-in-picture\" allowfullscreen>\n    <\/iframe>\n  <\/div>\n\n<\/div><!-- .overit-block-wrapper -->\n<\/div><!-- .overit-block -->\n\n\n\n<p><\/p>\n","protected":false},"excerpt":{"rendered":"","protected":false},"author":3,"featured_media":0,"parent":13037,"menu_order":0,"comment_status":"closed","ping_status":"closed","template":"","meta":{"_acf_changed":false,"footnotes":""},"case_study_category":[],"class_list":["post-20213","page","type-page","status-publish","hentry"],"acf":[],"yoast_head":"<!-- This site is optimized with the Yoast SEO Premium plugin v25.6 (Yoast SEO v25.6) - https:\/\/yoast.com\/wordpress\/plugins\/seo\/ -->\n<title>GIZA System Integrator Field Service in MEA Partner OverIT<\/title>\n<meta name=\"description\" content=\"Giza Systems es un integrador de sistemas l\u00edder en la regi\u00f3n MEA, socio de OverIT Field Service Management\" \/>\n<meta name=\"robots\" content=\"index, follow, max-snippet:-1, max-image-preview:large, max-video-preview:-1\" \/>\n<link rel=\"canonical\" href=\"https:\/\/www.overit.ai\/es\/socios\/giza-system-integrator\/\" \/>\n<meta property=\"og:locale\" content=\"es_ES\" \/>\n<meta property=\"og:type\" content=\"article\" \/>\n<meta property=\"og:title\" content=\"GIZA SYSYEMS S.A.E.\" \/>\n<meta property=\"og:description\" content=\"Giza Systems es un integrador de sistemas l\u00edder en la regi\u00f3n MEA, socio de OverIT Field Service Management\" \/>\n<meta property=\"og:url\" content=\"https:\/\/www.overit.ai\/es\/socios\/giza-system-integrator\/\" \/>\n<meta property=\"og:site_name\" content=\"OverIT\" \/>\n<meta property=\"article:modified_time\" content=\"2021-10-07T13:35:10+00:00\" \/>\n<meta name=\"twitter:card\" content=\"summary_large_image\" \/>\n<script type=\"application\/ld+json\" class=\"yoast-schema-graph\">{\"@context\":\"https:\/\/schema.org\",\"@graph\":[{\"@type\":\"WebPage\",\"@id\":\"https:\/\/www.overit.ai\/es\/socios\/giza-system-integrator\/\",\"url\":\"https:\/\/www.overit.ai\/es\/socios\/giza-system-integrator\/\",\"name\":\"GIZA System Integrator Field Service in MEA Partner OverIT\",\"isPartOf\":{\"@id\":\"https:\/\/www.overit.ai\/es\/#website\"},\"datePublished\":\"2021-08-11T12:21:48+00:00\",\"dateModified\":\"2021-10-07T13:35:10+00:00\",\"description\":\"Giza Systems es un integrador de sistemas l\u00edder en la regi\u00f3n MEA, socio de OverIT Field Service Management\",\"breadcrumb\":{\"@id\":\"https:\/\/www.overit.ai\/es\/socios\/giza-system-integrator\/#breadcrumb\"},\"inLanguage\":\"es-ES\",\"potentialAction\":[{\"@type\":\"ReadAction\",\"target\":[\"https:\/\/www.overit.ai\/es\/socios\/giza-system-integrator\/\"]}]},{\"@type\":\"BreadcrumbList\",\"@id\":\"https:\/\/www.overit.ai\/es\/socios\/giza-system-integrator\/#breadcrumb\",\"itemListElement\":[{\"@type\":\"ListItem\",\"position\":1,\"name\":\"Home\",\"item\":\"https:\/\/www.overit.ai\/es\/\"},{\"@type\":\"ListItem\",\"position\":2,\"name\":\"Socios\",\"item\":\"https:\/\/www.overit.ai\/es\/socios\/\"},{\"@type\":\"ListItem\",\"position\":3,\"name\":\"GIZA SYSYEMS S.A.E.\"}]},{\"@type\":\"WebSite\",\"@id\":\"https:\/\/www.overit.ai\/es\/#website\",\"url\":\"https:\/\/www.overit.ai\/es\/\",\"name\":\"OverIT\",\"description\":\"Innovation in Field Service Management\",\"publisher\":{\"@id\":\"https:\/\/www.overit.ai\/es\/#organization\"},\"potentialAction\":[{\"@type\":\"SearchAction\",\"target\":{\"@type\":\"EntryPoint\",\"urlTemplate\":\"https:\/\/www.overit.ai\/es\/?s={search_term_string}\"},\"query-input\":{\"@type\":\"PropertyValueSpecification\",\"valueRequired\":true,\"valueName\":\"search_term_string\"}}],\"inLanguage\":\"es-ES\"},{\"@type\":\"Organization\",\"@id\":\"https:\/\/www.overit.ai\/es\/#organization\",\"name\":\"OverIT\",\"url\":\"https:\/\/www.overit.ai\/es\/\",\"logo\":{\"@type\":\"ImageObject\",\"inLanguage\":\"es-ES\",\"@id\":\"https:\/\/www.overit.ai\/es\/#\/schema\/logo\/image\/\",\"url\":\"https:\/\/www.overit.ai\/app\/uploads\/2021\/10\/OverIT-logo-400.png\",\"contentUrl\":\"https:\/\/www.overit.ai\/app\/uploads\/2021\/10\/OverIT-logo-400.png\",\"width\":400,\"height\":250,\"caption\":\"OverIT\"},\"image\":{\"@id\":\"https:\/\/www.overit.ai\/es\/#\/schema\/logo\/image\/\"}}]}<\/script>\n<!-- \/ Yoast SEO Premium plugin. -->","yoast_head_json":{"title":"GIZA System Integrator Field Service in MEA Partner OverIT","description":"Giza Systems es un integrador de sistemas l\u00edder en la regi\u00f3n MEA, socio de OverIT Field Service Management","robots":{"index":"index","follow":"follow","max-snippet":"max-snippet:-1","max-image-preview":"max-image-preview:large","max-video-preview":"max-video-preview:-1"},"canonical":"https:\/\/www.overit.ai\/es\/socios\/giza-system-integrator\/","og_locale":"es_ES","og_type":"article","og_title":"GIZA SYSYEMS S.A.E.","og_description":"Giza Systems es un integrador de sistemas l\u00edder en la regi\u00f3n MEA, socio de OverIT Field Service Management","og_url":"https:\/\/www.overit.ai\/es\/socios\/giza-system-integrator\/","og_site_name":"OverIT","article_modified_time":"2021-10-07T13:35:10+00:00","twitter_card":"summary_large_image","schema":{"@context":"https:\/\/schema.org","@graph":[{"@type":"WebPage","@id":"https:\/\/www.overit.ai\/es\/socios\/giza-system-integrator\/","url":"https:\/\/www.overit.ai\/es\/socios\/giza-system-integrator\/","name":"GIZA System Integrator Field Service in MEA Partner OverIT","isPartOf":{"@id":"https:\/\/www.overit.ai\/es\/#website"},"datePublished":"2021-08-11T12:21:48+00:00","dateModified":"2021-10-07T13:35:10+00:00","description":"Giza Systems es un integrador de sistemas l\u00edder en la regi\u00f3n MEA, socio de OverIT Field Service Management","breadcrumb":{"@id":"https:\/\/www.overit.ai\/es\/socios\/giza-system-integrator\/#breadcrumb"},"inLanguage":"es-ES","potentialAction":[{"@type":"ReadAction","target":["https:\/\/www.overit.ai\/es\/socios\/giza-system-integrator\/"]}]},{"@type":"BreadcrumbList","@id":"https:\/\/www.overit.ai\/es\/socios\/giza-system-integrator\/#breadcrumb","itemListElement":[{"@type":"ListItem","position":1,"name":"Home","item":"https:\/\/www.overit.ai\/es\/"},{"@type":"ListItem","position":2,"name":"Socios","item":"https:\/\/www.overit.ai\/es\/socios\/"},{"@type":"ListItem","position":3,"name":"GIZA SYSYEMS S.A.E."}]},{"@type":"WebSite","@id":"https:\/\/www.overit.ai\/es\/#website","url":"https:\/\/www.overit.ai\/es\/","name":"OverIT","description":"Innovation in Field Service Management","publisher":{"@id":"https:\/\/www.overit.ai\/es\/#organization"},"potentialAction":[{"@type":"SearchAction","target":{"@type":"EntryPoint","urlTemplate":"https:\/\/www.overit.ai\/es\/?s={search_term_string}"},"query-input":{"@type":"PropertyValueSpecification","valueRequired":true,"valueName":"search_term_string"}}],"inLanguage":"es-ES"},{"@type":"Organization","@id":"https:\/\/www.overit.ai\/es\/#organization","name":"OverIT","url":"https:\/\/www.overit.ai\/es\/","logo":{"@type":"ImageObject","inLanguage":"es-ES","@id":"https:\/\/www.overit.ai\/es\/#\/schema\/logo\/image\/","url":"https:\/\/www.overit.ai\/app\/uploads\/2021\/10\/OverIT-logo-400.png","contentUrl":"https:\/\/www.overit.ai\/app\/uploads\/2021\/10\/OverIT-logo-400.png","width":400,"height":250,"caption":"OverIT"},"image":{"@id":"https:\/\/www.overit.ai\/es\/#\/schema\/logo\/image\/"}}]}},"_links":{"self":[{"href":"https:\/\/www.overit.ai\/es\/wp-json\/wp\/v2\/pages\/20213","targetHints":{"allow":["GET"]}}],"collection":[{"href":"https:\/\/www.overit.ai\/es\/wp-json\/wp\/v2\/pages"}],"about":[{"href":"https:\/\/www.overit.ai\/es\/wp-json\/wp\/v2\/types\/page"}],"author":[{"embeddable":true,"href":"https:\/\/www.overit.ai\/es\/wp-json\/wp\/v2\/users\/3"}],"replies":[{"embeddable":true,"href":"https:\/\/www.overit.ai\/es\/wp-json\/wp\/v2\/comments?post=20213"}],"version-history":[{"count":8,"href":"https:\/\/www.overit.ai\/es\/wp-json\/wp\/v2\/pages\/20213\/revisions"}],"predecessor-version":[{"id":22042,"href":"https:\/\/www.overit.ai\/es\/wp-json\/wp\/v2\/pages\/20213\/revisions\/22042"}],"up":[{"embeddable":true,"href":"https:\/\/www.overit.ai\/es\/wp-json\/wp\/v2\/pages\/13037"}],"wp:attachment":[{"href":"https:\/\/www.overit.ai\/es\/wp-json\/wp\/v2\/media?parent=20213"}],"wp:term":[{"taxonomy":"case_study_category","embeddable":true,"href":"https:\/\/www.overit.ai\/es\/wp-json\/wp\/v2\/case_study_category?post=20213"}],"curies":[{"name":"wp","href":"https:\/\/api.w.org\/{rel}","templated":true}]}}