{"id":15343,"date":"2021-03-26T08:09:44","date_gmt":"2021-03-26T08:09:44","guid":{"rendered":"https:\/\/www.overit.ai\/it\/?page_id=15343"},"modified":"2024-10-14T15:05:08","modified_gmt":"2024-10-14T15:05:08","slug":"the-forrester-tech-tide-extended-crm-technologies-q1-2021","status":"publish","type":"page","link":"https:\/\/www.overit.ai\/es\/informes-analistas\/forrester\/the-forrester-tech-tide-extended-crm-technologies-q1-2021\/","title":{"rendered":"The Forrester Tech Tide\u2122:  Extended CRM Technologies, Q1 2021"},"content":{"rendered":"<div\n  class=\"overit-block overit-block--white overit-radius-full overit-no-margin overit-no-padding \n  overit-block-full-width-top-banner\"\n        >\n  \n  <div class=\"overit-block-wrapper\">\n\n\n<section class=\"block-fwtb\">\n  <div class=\"block-fwtb__bg \">\n    <div class=\"block-fwtb__content block-fwtb__content--light\">\n                        <div class=\"block-fwtb__title\" data-aos=\"zoom-in\">FORRESTER<\/div>\n                                              <h1 class=\"block-fwtb__subtitle \" data-aos=\"zoom-in\" data-aos-delay=\"200\">The Forrester Tech Tide\u2122: Extended CRM Technologies, Q1 2021<\/h1>\n                        <\/div>\n          <div class=\"block-fwtb__bg_image\" style=\"background: linear-gradient(0deg, rgba(0, 0, 0, 0.3), rgba(0, 0, 0, 0.3)), url('https:\/\/www.overit.ai\/app\/uploads\/2021\/03\/the-forrester-tech-tide-extended-crm-technologies-q1-2021.jpg') center center\"><\/div>\n      <\/div>\n<\/section>\n\n<\/div><!-- .overit-block-wrapper -->\n<\/div><!-- .overit-block -->\n\n\n<div\n  class=\"overit-block overit-block--white overit-radius-full overit-margin-small overit-padding-small \n  overit-block-configurable-jumbotron\"\n        >\n  \n  <div class=\"overit-block-wrapper\">\n\n<section class=\"configurable-jumbotron left\" >\n    \n                  <h2  class=\"cj-title medium\">OverIT ha sido inclu\u00edda en el Forrester Tech Tide\u2122: Extended CRM Technologies, Q1 2021, escrito por Kate Leggett el 9 de marzo de 2021.<\/h2 >\n          \n                  <div class=\"cj-subtitle small\"><p>Este informe ilustra un an\u00e1lisis de la madurez y del valor empresarial de 20 categor\u00edas tecnol\u00f3gicas que incluyen el ecosistema CRM, y ayuda los profesionales de desarrollo y entrega de aplicaciones a prestar asistencia en las operaciones de CRM, para remodelar el enfoque de inversi\u00f3n en estas tecnolog\u00edas de su empresa.<\/p>\n<p>Una de estas 20 categor\u00edas es el <strong>Field Service<\/strong>.<\/p>\n<p>\u201cLas tecnolog\u00edas de Field Service empoderan a los t\u00e9cnicos de campo con una visi\u00f3n completa del cliente y de sus activos\u201d, indica el informe. \u201cLas empresas pueden utilizar todo esto para monitorear el estado de los activos conectados para intervenir de una forma proactiva \u2013 o incluso preventiva &#8211; en la maximizaci\u00f3n de las estructuras de costes. Monitorear de forma continua los activos conectados tambi\u00e9n ayuda las empresas a transformarse de un modelo de negocio centrado en el producto en uno centrado en los servicios, creando nuevos canales de ingresos. Las soluciones de Field Service se utilizan cada vez m\u00e1s para optimizar agendas, rutas, y actividades de los trabajadores de campo con el fin de ofrecer experiencias diferenciadas.\u201d<\/p>\n<p>Forrester indica esta categor\u00eda de tecnolog\u00eda como <strong>de alta madurez y alto valor empresarial<\/strong>, y tambi\u00e9n como una de esas donde <strong>merece la pena mantener las inversiones<\/strong>.<\/p>\n<p>A OverIT le enorgullece ser un sample vendor en el Field Service, como indica este an\u00e1lisis, gracias a las caracter\u00edsticas de sus productos <strong>OverIT NextGen FSM<\/strong> y <strong>OverIT NextGen Field Collaboration<\/strong>.<\/p>\n<p><a href=\"https:\/\/www.overit.ai\/es\/plataforma\/field-service-management-software\/\"><strong>OverIT NextGen FSM<\/strong><\/a> cubre un servicio de extremo a extremo, prestando una asistencia de 360\u00b0 a m\u00e1s de 150.000 usuarios de FSM. Al aprovechar las tecnolog\u00edas m\u00e1s avanzadas, como la Inteligencia Artificial, nuestros conocimientos y experiencia, adquiridos en diferentes sectores de negocio, OverIT NextGen FSM gestiona la cobertura funcional y de proceso, ayudando a nuestros clientes a incrementar la productividad y eficiencia de las operaciones de FSM, reduciendo al mismo tiempo de forma dr\u00e1stica los tiempos de implementaci\u00f3n de proyectos y de retorno de la inversi\u00f3n.<\/p>\n<p>Combinando caracter\u00edsticas de Realidad Aumentada, Inteligencia Artificial y Gesti\u00f3n del Conocimiento, <a href=\"https:\/\/www.overit.ai\/es\/plataforma\/field-collaboration-software\/\"><strong>OverIT NextGen Field Collaboration<\/strong><\/a> proporciona a los operadores de primera l\u00ednea un entorno completamente colaborativo con el fin de solucionar problemas, evaluar, formar y resolver tareas en condiciones de seguridad. Adem\u00e1s, otorga la capacidad de superar las barreras de la distancia, permitiendo a los operadores de colaborar de una forma segura a trav\u00e9s y dentro de los entornos de campo, incluyendo los en que la anchura de banda y la conectividad de la red son m\u00e1s desafiantes.<\/p>\n<\/div>\n          \n        <\/section>\n\n<\/div><!-- .overit-block-wrapper -->\n<\/div><!-- .overit-block -->\n\n\n<div\n  class=\"overit-block overit-block--white overit-radius-full overit-no-margin overit-padding-medium-bottom \n  overit-block-customer-disclaimer\"\n        >\n  \n  <div class=\"overit-block-wrapper\">\n\n<div class=\"cdisclaimer\">\n  <div class=\"cdisclaimer__bg\">&nbsp;<\/div>\n  <div class=\"cdisclaimer__content\">\n    <div class=\"cdisclaimer__title-cont\">\n      <div class=\"cdisclaimer__img\">\n        <img decoding=\"async\" src=\"https:\/\/www.overit.ai\/app\/themes\/overit-theme\/dist\/images\/citation_d93c975a.svg\" alt=\"citation symbol\" \/>\n      <\/div>\n      <div class=\"cdisclaimer__title\">\n        Descargo de responsabilidad de Forrester\n      <\/div>\n    <\/div>\n    <div class=\"cdisclaimer__description\" data-aos=\"fade-left\">\n      <p>El informe est\u00e1 disponible para los suscriptores de Forrester o para su compra.<\/p>\n\n    <\/div>\n  <\/div>\n<\/div>\n\n<\/div><!-- .overit-block-wrapper -->\n<\/div><!-- .overit-block -->\n\n\n<div\n  class=\"overit-block overit-block--white overit-radius-full overit-margin-small-top overit-no-padding \n  overit-block-configurable-jumbotron\"\n        >\n  \n  <div class=\"overit-block-wrapper\">\n\n<section class=\"configurable-jumbotron center\" >\n                  <div class=\"cj-section-title\">INFORMES DE LOS ANALISTAS<\/div>\n          \n                  <div class=\"cj-title medium\">OverIT se compromete a ser una empresa innovadora en la industria del Field Service Management. Estamos orgullosos de que se nos mencione en los informes de empresas de consultivo y investigaci\u00f3n de TI l\u00edderes en el mundo.<\/div>\n          \n                  <div class=\"cj-subtitle medium\"><section class=\"section margin_t_40\">\n<div class=\"row vc_row-fluid\">\n<div class=\"wpb_column col-md-12 col-lg-offset-2 col-lg-8 col-md-offset-2 col-md-8 have-padding\">\n<div class=\"section-text text-block custom-font-text-1605891793-1896986867 align-center\" data-when=\"enter\" data-from=\"0\" data-to=\"0\" data-opacity=\"0\">\n<p>\u00bfDesea obtener m\u00e1s informaci\u00f3n sobre las principales empresas de consultivo e investigaci\u00f3n de TI? Consulte sus informes sobre OverIT.<\/p>\n<\/div>\n<\/div>\n<\/div>\n<\/section>\n<\/div>\n          \n        <\/section>\n\n<\/div><!-- .overit-block-wrapper -->\n<\/div><!-- .overit-block -->\n\n\n<div\n  class=\"overit-block overit-block--white overit-radius-full overit-no-margin overit-padding-medium \n  overit-block-industries-sections\"\n        >\n  \n  <div class=\"overit-block-wrapper\">\n\n  <div class=\"industries-tiles\">\n     \n              <a class=\"industries-tiles__link \" href=\"\/es\/informes-analistas\/gartner\/\">\n          <div class=\"industries-tiles__tile\">\n                <div class=\"industries-tiles__title\">\n          Ir a los informes de Gartner\n        <\/div>\n      <\/div>\n          <\/a>\n         \n              <a class=\"industries-tiles__link \" href=\"\/es\/informes-analistas\/idc\/\">\n          <div class=\"industries-tiles__tile\">\n                <div class=\"industries-tiles__title\">\n          Ir a los informes de IDC\n        <\/div>\n      <\/div>\n          <\/a>\n         \n              <a class=\"industries-tiles__link \" href=\"\/es\/informes-analistas\/forrester\/\">\n          <div class=\"industries-tiles__tile\">\n                <div class=\"industries-tiles__title\">\n          Ir a los informes de Forrester\n        <\/div>\n      <\/div>\n          <\/a>\n         \n              <a class=\"industries-tiles__link \" href=\"\/es\/informes-analistas\/constellation-research\/\">\n          <div class=\"industries-tiles__tile\">\n                <div class=\"industries-tiles__title\">\n          Ir a los informes de Constellation Research\n        <\/div>\n      <\/div>\n          <\/a>\n          <\/div>\n\n<\/div><!-- .overit-block-wrapper -->\n<\/div><!-- .overit-block -->\n","protected":false},"excerpt":{"rendered":"","protected":false},"author":3,"featured_media":0,"parent":13060,"menu_order":0,"comment_status":"closed","ping_status":"closed","template":"","meta":{"_acf_changed":false,"footnotes":""},"case_study_category":[],"class_list":["post-15343","page","type-page","status-publish","hentry"],"acf":[],"yoast_head":"<!-- This site is optimized with the Yoast SEO Premium plugin v25.6 (Yoast SEO v25.6) - https:\/\/yoast.com\/wordpress\/plugins\/seo\/ -->\n<title>Forrester Tech Tide\u2122: Extended CRM Technologies, Q1 2021<\/title>\n<meta name=\"description\" content=\"A OverIT le enorgullece ser un sample vendor en el Field Service, como indica este an\u00e1lisis, gracias a las caracter\u00edsticas de sus productos\" \/>\n<meta name=\"robots\" content=\"index, follow, max-snippet:-1, max-image-preview:large, max-video-preview:-1\" \/>\n<link rel=\"canonical\" href=\"https:\/\/www.overit.ai\/es\/informes-analistas\/forrester\/the-forrester-tech-tide-extended-crm-technologies-q1-2021\/\" \/>\n<meta property=\"og:locale\" content=\"es_ES\" \/>\n<meta property=\"og:type\" content=\"article\" \/>\n<meta property=\"og:title\" content=\"The Forrester Tech Tide\u2122: Extended CRM Technologies, Q1 2021\" \/>\n<meta property=\"og:description\" content=\"A OverIT le enorgullece ser un sample vendor en el Field Service, como indica este an\u00e1lisis, gracias a las caracter\u00edsticas de sus productos\" \/>\n<meta property=\"og:url\" content=\"https:\/\/www.overit.ai\/es\/informes-analistas\/forrester\/the-forrester-tech-tide-extended-crm-technologies-q1-2021\/\" \/>\n<meta property=\"og:site_name\" content=\"OverIT\" \/>\n<meta property=\"article:modified_time\" content=\"2024-10-14T15:05:08+00:00\" \/>\n<meta property=\"og:image\" content=\"https:\/\/www.overit.ai\/app\/uploads\/2021\/03\/the-forrester-tech-tide-extended-crm-technologies-q1-2021.jpg\" \/>\n\t<meta property=\"og:image:width\" content=\"2000\" \/>\n\t<meta property=\"og:image:height\" content=\"760\" \/>\n\t<meta property=\"og:image:type\" content=\"image\/jpeg\" \/>\n<meta name=\"twitter:card\" content=\"summary_large_image\" \/>\n<script type=\"application\/ld+json\" class=\"yoast-schema-graph\">{\"@context\":\"https:\/\/schema.org\",\"@graph\":[{\"@type\":\"WebPage\",\"@id\":\"https:\/\/www.overit.ai\/es\/informes-analistas\/forrester\/the-forrester-tech-tide-extended-crm-technologies-q1-2021\/\",\"url\":\"https:\/\/www.overit.ai\/es\/informes-analistas\/forrester\/the-forrester-tech-tide-extended-crm-technologies-q1-2021\/\",\"name\":\"Forrester Tech Tide\u2122: Extended CRM Technologies, Q1 2021\",\"isPartOf\":{\"@id\":\"https:\/\/www.overit.ai\/es\/#website\"},\"datePublished\":\"2021-03-26T08:09:44+00:00\",\"dateModified\":\"2024-10-14T15:05:08+00:00\",\"description\":\"A OverIT le enorgullece ser un sample vendor en el Field Service, como indica este an\u00e1lisis, gracias a las caracter\u00edsticas de sus productos\",\"breadcrumb\":{\"@id\":\"https:\/\/www.overit.ai\/es\/informes-analistas\/forrester\/the-forrester-tech-tide-extended-crm-technologies-q1-2021\/#breadcrumb\"},\"inLanguage\":\"es-ES\",\"potentialAction\":[{\"@type\":\"ReadAction\",\"target\":[\"https:\/\/www.overit.ai\/es\/informes-analistas\/forrester\/the-forrester-tech-tide-extended-crm-technologies-q1-2021\/\"]}]},{\"@type\":\"BreadcrumbList\",\"@id\":\"https:\/\/www.overit.ai\/es\/informes-analistas\/forrester\/the-forrester-tech-tide-extended-crm-technologies-q1-2021\/#breadcrumb\",\"itemListElement\":[{\"@type\":\"ListItem\",\"position\":1,\"name\":\"Home\",\"item\":\"https:\/\/www.overit.ai\/es\/\"},{\"@type\":\"ListItem\",\"position\":2,\"name\":\"Informes de los Analistas\",\"item\":\"https:\/\/www.overit.ai\/es\/informes-analistas\/\"},{\"@type\":\"ListItem\",\"position\":3,\"name\":\"Forrester\",\"item\":\"https:\/\/www.overit.ai\/es\/informes-analistas\/forrester\/\"},{\"@type\":\"ListItem\",\"position\":4,\"name\":\"The Forrester Tech Tide\u2122: Extended CRM Technologies, Q1 2021\"}]},{\"@type\":\"WebSite\",\"@id\":\"https:\/\/www.overit.ai\/es\/#website\",\"url\":\"https:\/\/www.overit.ai\/es\/\",\"name\":\"OverIT\",\"description\":\"Innovation in Field Service Management\",\"publisher\":{\"@id\":\"https:\/\/www.overit.ai\/es\/#organization\"},\"potentialAction\":[{\"@type\":\"SearchAction\",\"target\":{\"@type\":\"EntryPoint\",\"urlTemplate\":\"https:\/\/www.overit.ai\/es\/?s={search_term_string}\"},\"query-input\":{\"@type\":\"PropertyValueSpecification\",\"valueRequired\":true,\"valueName\":\"search_term_string\"}}],\"inLanguage\":\"es-ES\"},{\"@type\":\"Organization\",\"@id\":\"https:\/\/www.overit.ai\/es\/#organization\",\"name\":\"OverIT\",\"url\":\"https:\/\/www.overit.ai\/es\/\",\"logo\":{\"@type\":\"ImageObject\",\"inLanguage\":\"es-ES\",\"@id\":\"https:\/\/www.overit.ai\/es\/#\/schema\/logo\/image\/\",\"url\":\"https:\/\/www.overit.ai\/app\/uploads\/2021\/10\/OverIT-logo-400.png\",\"contentUrl\":\"https:\/\/www.overit.ai\/app\/uploads\/2021\/10\/OverIT-logo-400.png\",\"width\":400,\"height\":250,\"caption\":\"OverIT\"},\"image\":{\"@id\":\"https:\/\/www.overit.ai\/es\/#\/schema\/logo\/image\/\"}}]}<\/script>\n<!-- \/ Yoast SEO Premium plugin. -->","yoast_head_json":{"title":"Forrester Tech Tide\u2122: Extended CRM Technologies, Q1 2021","description":"A OverIT le enorgullece ser un sample vendor en el Field Service, como indica este an\u00e1lisis, gracias a las caracter\u00edsticas de sus productos","robots":{"index":"index","follow":"follow","max-snippet":"max-snippet:-1","max-image-preview":"max-image-preview:large","max-video-preview":"max-video-preview:-1"},"canonical":"https:\/\/www.overit.ai\/es\/informes-analistas\/forrester\/the-forrester-tech-tide-extended-crm-technologies-q1-2021\/","og_locale":"es_ES","og_type":"article","og_title":"The Forrester Tech Tide\u2122: Extended CRM Technologies, Q1 2021","og_description":"A OverIT le enorgullece ser un sample vendor en el Field Service, como indica este an\u00e1lisis, gracias a las caracter\u00edsticas de sus productos","og_url":"https:\/\/www.overit.ai\/es\/informes-analistas\/forrester\/the-forrester-tech-tide-extended-crm-technologies-q1-2021\/","og_site_name":"OverIT","article_modified_time":"2024-10-14T15:05:08+00:00","og_image":[{"width":2000,"height":760,"url":"https:\/\/www.overit.ai\/app\/uploads\/2021\/03\/the-forrester-tech-tide-extended-crm-technologies-q1-2021.jpg","type":"image\/jpeg"}],"twitter_card":"summary_large_image","schema":{"@context":"https:\/\/schema.org","@graph":[{"@type":"WebPage","@id":"https:\/\/www.overit.ai\/es\/informes-analistas\/forrester\/the-forrester-tech-tide-extended-crm-technologies-q1-2021\/","url":"https:\/\/www.overit.ai\/es\/informes-analistas\/forrester\/the-forrester-tech-tide-extended-crm-technologies-q1-2021\/","name":"Forrester Tech Tide\u2122: Extended CRM Technologies, Q1 2021","isPartOf":{"@id":"https:\/\/www.overit.ai\/es\/#website"},"datePublished":"2021-03-26T08:09:44+00:00","dateModified":"2024-10-14T15:05:08+00:00","description":"A OverIT le enorgullece ser un sample vendor en el Field Service, como indica este an\u00e1lisis, gracias a las caracter\u00edsticas de sus productos","breadcrumb":{"@id":"https:\/\/www.overit.ai\/es\/informes-analistas\/forrester\/the-forrester-tech-tide-extended-crm-technologies-q1-2021\/#breadcrumb"},"inLanguage":"es-ES","potentialAction":[{"@type":"ReadAction","target":["https:\/\/www.overit.ai\/es\/informes-analistas\/forrester\/the-forrester-tech-tide-extended-crm-technologies-q1-2021\/"]}]},{"@type":"BreadcrumbList","@id":"https:\/\/www.overit.ai\/es\/informes-analistas\/forrester\/the-forrester-tech-tide-extended-crm-technologies-q1-2021\/#breadcrumb","itemListElement":[{"@type":"ListItem","position":1,"name":"Home","item":"https:\/\/www.overit.ai\/es\/"},{"@type":"ListItem","position":2,"name":"Informes de los Analistas","item":"https:\/\/www.overit.ai\/es\/informes-analistas\/"},{"@type":"ListItem","position":3,"name":"Forrester","item":"https:\/\/www.overit.ai\/es\/informes-analistas\/forrester\/"},{"@type":"ListItem","position":4,"name":"The Forrester Tech Tide\u2122: Extended CRM Technologies, Q1 2021"}]},{"@type":"WebSite","@id":"https:\/\/www.overit.ai\/es\/#website","url":"https:\/\/www.overit.ai\/es\/","name":"OverIT","description":"Innovation in Field Service Management","publisher":{"@id":"https:\/\/www.overit.ai\/es\/#organization"},"potentialAction":[{"@type":"SearchAction","target":{"@type":"EntryPoint","urlTemplate":"https:\/\/www.overit.ai\/es\/?s={search_term_string}"},"query-input":{"@type":"PropertyValueSpecification","valueRequired":true,"valueName":"search_term_string"}}],"inLanguage":"es-ES"},{"@type":"Organization","@id":"https:\/\/www.overit.ai\/es\/#organization","name":"OverIT","url":"https:\/\/www.overit.ai\/es\/","logo":{"@type":"ImageObject","inLanguage":"es-ES","@id":"https:\/\/www.overit.ai\/es\/#\/schema\/logo\/image\/","url":"https:\/\/www.overit.ai\/app\/uploads\/2021\/10\/OverIT-logo-400.png","contentUrl":"https:\/\/www.overit.ai\/app\/uploads\/2021\/10\/OverIT-logo-400.png","width":400,"height":250,"caption":"OverIT"},"image":{"@id":"https:\/\/www.overit.ai\/es\/#\/schema\/logo\/image\/"}}]}},"_links":{"self":[{"href":"https:\/\/www.overit.ai\/es\/wp-json\/wp\/v2\/pages\/15343","targetHints":{"allow":["GET"]}}],"collection":[{"href":"https:\/\/www.overit.ai\/es\/wp-json\/wp\/v2\/pages"}],"about":[{"href":"https:\/\/www.overit.ai\/es\/wp-json\/wp\/v2\/types\/page"}],"author":[{"embeddable":true,"href":"https:\/\/www.overit.ai\/es\/wp-json\/wp\/v2\/users\/3"}],"replies":[{"embeddable":true,"href":"https:\/\/www.overit.ai\/es\/wp-json\/wp\/v2\/comments?post=15343"}],"version-history":[{"count":21,"href":"https:\/\/www.overit.ai\/es\/wp-json\/wp\/v2\/pages\/15343\/revisions"}],"predecessor-version":[{"id":60761,"href":"https:\/\/www.overit.ai\/es\/wp-json\/wp\/v2\/pages\/15343\/revisions\/60761"}],"up":[{"embeddable":true,"href":"https:\/\/www.overit.ai\/es\/wp-json\/wp\/v2\/pages\/13060"}],"wp:attachment":[{"href":"https:\/\/www.overit.ai\/es\/wp-json\/wp\/v2\/media?parent=15343"}],"wp:term":[{"taxonomy":"case_study_category","embeddable":true,"href":"https:\/\/www.overit.ai\/es\/wp-json\/wp\/v2\/case_study_category?post=15343"}],"curies":[{"name":"wp","href":"https:\/\/api.w.org\/{rel}","templated":true}]}}