{"id":13079,"date":"2021-02-03T15:01:00","date_gmt":"2021-02-03T15:01:00","guid":{"rendered":"https:\/\/www.overit.ai\/it\/?page_id=13079"},"modified":"2025-07-25T13:46:05","modified_gmt":"2025-07-25T13:46:05","slug":"carreras","status":"publish","type":"page","link":"https:\/\/www.overit.ai\/es\/empresa\/carreras\/","title":{"rendered":"Carreras"},"content":{"rendered":"<div\n  class=\"overit-block overit-block--white overit-radius-full overit-no-margin overit-no-padding \n  overit-block-full-width-top-banner\"\n        >\n  \n  <div class=\"overit-block-wrapper\">\n\n\n<section class=\"block-fwtb\">\n  <div class=\"block-fwtb__bg \">\n    <div class=\"block-fwtb__content block-fwtb__content--light\">\n                        <div class=\"block-fwtb__title\" data-aos=\"zoom-in\">CARRERAS<\/div>\n                                              <h1 class=\"block-fwtb__subtitle \" data-aos=\"zoom-in\" data-aos-delay=\"200\">Construye tu futuro con nosotros<\/h1>\n                            <div class=\"block-fwtb__ctas double-cta-cont double-cta-cont--row\">\n          \n                      <a class=\"button button-white \" target=\"_blank\"  href=\"https:\/\/www.linkedin.com\/company\/overit-field-service-management\/jobs\/?viewAsMember=true\">Descubre los puestos vacantes<\/a>\n          \n                  <\/div>\n          <\/div>\n          <div class=\"block-fwtb__bg_image\" style=\"background: linear-gradient(0deg, rgba(0, 0, 0, 0.4), rgba(0, 0, 0, 0.4)), url('https:\/\/www.overit.ai\/app\/uploads\/2020\/12\/overit-lavora-con-noi-2.jpg') center center\"><\/div>\n      <\/div>\n<\/section>\n\n<\/div><!-- .overit-block-wrapper -->\n<\/div><!-- .overit-block -->\n\n\n<div\n  class=\"overit-block overit-block--white overit-radius-full overit-margin-small overit-padding-small overit-block--fullwidth\n  overit-block-configurable-jumbotron\"\n        >\n  \n  <div class=\"overit-block-wrapper\">\n\n<section class=\"configurable-jumbotron left\" >\n    \n                  <h2  class=\"cj-title large\">\u00danete a una empresa de TI innovadora y global, l\u00edder en Field Service Management y tecnolog\u00edas emergentes<\/h2 >\n          \n                  <div class=\"cj-subtitle medium\"><p>Somos &#8220;visionarios&#8221;. As\u00ed lo afirman nuestros clientes y consultoras de TI, que nos reconocen por nuestra capacidad para liderar la revoluci\u00f3n del Field Service Management y como pioneros en la combinaci\u00f3n de tecnolog\u00edas innovadoras como la Realidad Aumentada y la Inteligencia Artificial.<\/p>\n<p>Competencia, visi\u00f3n, conocimiento de los procesos de negocio, funcionalidad y tecnolog\u00edas innovadoras: estos son los rasgos distintivos con los que nos proponemos como el socio ideal para la transformaci\u00f3n digital que impulsa el \u00e9xito de las empresas m\u00e1s importantes del mundo, mejorando el rendimiento, la seguridad y la sostenibilidad del negocio.<\/p>\n<p>Con m\u00e1s de 450 profesionales en Italia, Europa, Estados Unidos y Am\u00e9rica Latina, estamos en constante crecimiento y buscamos nuevos talentos para consolidar nuestra presencia global.<\/p>\n<\/div>\n          \n        <\/section>\n\n<\/div><!-- .overit-block-wrapper -->\n<\/div><!-- .overit-block -->\n\n\n<div\n  class=\"overit-block overit-block--light-gray-shadows overit-radius-full overit-no-margin overit-padding-medium \n  overit-block-counters\"\n        >\n  \n  <div class=\"overit-block-wrapper\">\n\n<section class=\"o-counters\">\n  <div class=\"o-counters__head\">\n\n                  <div class=\"o-counters__section-title\">OverIT en cifras<\/div>\n          \n                  <h3 class=\"o-counters__title\">Forma parte de una organizaci\u00f3n muy din\u00e1mica, orientada a la innovaci\u00f3n y con visi\u00f3n de futuro. <\/h3>\n          \n          <a class=\"more-link\" href=\"https:\/\/www.linkedin.com\/company\/overit-field-service-management\/jobs\/?viewAsMember=true\">Descubre los puestos vacantes<\/a>\n      <\/div>\n  <div class=\"o-counters__body\">\n          <div class=\"o-counters__sections\">\n                 <div class=\"o-counters__counter\">\n          <div class=\"o-counters__counter-percentage\">\n            <span style=\"color:#ff8200\">600+<\/span>\n          <\/div>\n          <div class=\"o-counters__counter-title\">\n            Total de empleados\n          <\/div>\n        <\/div>\n                 <div class=\"o-counters__counter\">\n          <div class=\"o-counters__counter-percentage\">\n            <span style=\"color:#ff8200\">35<\/span>\n          <\/div>\n          <div class=\"o-counters__counter-title\">\n            Edad promedio\n          <\/div>\n        <\/div>\n                 <div class=\"o-counters__counter\">\n          <div class=\"o-counters__counter-percentage\">\n            <span style=\"color:#ff8200\">32<\/span>\n          <\/div>\n          <div class=\"o-counters__counter-title\">\n            Idiomas\n          <\/div>\n        <\/div>\n              <\/div>\n      <\/div>\n<\/section>\n\n<\/div><!-- .overit-block-wrapper -->\n<\/div><!-- .overit-block -->\n\n\n<div\n  class=\"overit-block overit-block--white overit-radius-full overit-margin-small-top overit-no-padding \n  overit-block-wide-info-image\"\n        >\n  \n  <div class=\"overit-block-wrapper\">\n\n\n\n\n<div class=\"wii left  \" id=\"\">\n        <div class=\"wii__image\" >\n                        <img decoding=\"async\" src=\"https:\/\/www.overit.ai\/app\/uploads\/2021\/10\/overit-academy.jpg\" alt=\"overit-academy\" width=\"1200\" height=\"764\" \/>\n                  <\/div>\n  \n      <div class=\"wii__content\" >\n                  <div class=\"wii__section-title\" style=\"\">OverIT Academy<\/div>\n          \n                      <div id=\"wii-title-69ec6d8b4b35b\" class=\"wii__title\" style=\"  \">Nuestra misi\u00f3n es formar a los profesionales del futuro<\/div>\n          \n          <div class=\"wii__description\" style=\" \">\n        <p>OverIT Academy es el camino de formaci\u00f3n que proporciona las herramientas para mejorar las habilidades de nuestros recursos. Las actividades interactivas y los temas tratados permiten tanto aumentar la profesionalidad del personal en el \u00e1mbito tecnol\u00f3gico como mejorar las habilidades de mercado y de liderazgo. Nuestra misi\u00f3n es formar a los profesionales del futuro.<\/p>\n\n      <\/div>\n    \n        \n    \n    \n    \n      <\/div>\n  \n  <\/div>\n\n<\/div><!-- .overit-block-wrapper -->\n<\/div><!-- .overit-block -->\n\n\n<div\n  class=\"overit-block overit-block--white overit-radius-full overit-no-margin overit-no-padding \n  overit-block-wide-info-image\"\n        >\n  \n  <div class=\"overit-block-wrapper\">\n\n\n\n\n<div class=\"wii right  \" id=\"\">\n        <div class=\"wii__content\" >\n                  <div class=\"wii__section-title\" style=\"\">ONBOARDING DEDICATO<\/div>\n          \n                      <div id=\"wii-title-69ec6d8b4d09f\" class=\"wii__title\" style=\"  \">Programa de incorporaci\u00f3n a medida<\/div>\n          \n          <div class=\"wii__description\" style=\" \">\n        <p>Los primeros meses en la empresa son fundamentales para crear un v\u00ednculo de confianza e implicaci\u00f3n mutua.<br \/>\nPara que sean especiales, hemos creado un proceso de cuatro etapas, con el objetivo de conocer a los nuevos compa\u00f1eros, introducirlos en la cultura de la empresa, intercambiar opiniones y preguntas, y participar. Durante este proceso, cada&#8221; nuevo miembro&#8221; tiene un &#8220;compa\u00f1ero&#8221; a su lado, que ser\u00e1 el primer punto de referencia al que podr\u00e1 acudir para afrontar las dudas y dificultades. \u00a1Nuestro objetivo es que las personas que han elegido OverIT est\u00e9n satisfechas!<\/p>\n\n      <\/div>\n    \n        \n    \n    \n    \n      <\/div>\n  \n      <div class=\"wii__image\" >\n                        <img decoding=\"async\" src=\"https:\/\/www.overit.ai\/app\/uploads\/2020\/12\/careers-3.jpg\" alt=\"careers-3\" width=\"2000\" height=\"1333\" \/>\n                  <\/div>\n  \n  <\/div>\n\n<\/div><!-- .overit-block-wrapper -->\n<\/div><!-- .overit-block -->\n\n\n<div\n  class=\"overit-block overit-block--white overit-radius-full overit-margin-medium-bottom overit-padding-medium \n  overit-block-wide-info-image\"\n        >\n  \n  <div class=\"overit-block-wrapper\">\n\n\n\n\n<div class=\"wii left  \" id=\"\">\n        <div class=\"wii__image\" >\n                        <img decoding=\"async\" src=\"https:\/\/www.overit.ai\/app\/uploads\/2020\/12\/careers-2.jpg\" alt=\"careers-2\" width=\"2000\" height=\"1333\" \/>\n                  <\/div>\n  \n      <div class=\"wii__content\" >\n                  <div class=\"wii__section-title\" style=\"\">Programa de talentos<\/div>\n          \n                      <div id=\"wii-title-69ec6d8b4e690\" class=\"wii__title\" style=\"  \">Un programa para expresar al m\u00e1ximo el potencial de cada uno<\/div>\n          \n          <div class=\"wii__description\" style=\" \">\n        <p>Hemos creado un entorno que nos permite aumentar las capacidades de nuestros recursos, para que todos ellos puedan expresar su potencial al m\u00e1ximo.<br \/>\nA trav\u00e9s de las sesiones de formaci\u00f3n de la OverIT Academy, operando en un contexto altamente tecnol\u00f3gico y orientado a la innovaci\u00f3n, con una organizaci\u00f3n del trabajo \u00e1gil y flexible, construimos trayectorias profesionales diferenciadas y modulares con una visi\u00f3n global.<\/p>\n\n      <\/div>\n    \n        \n    \n    \n    \n      <\/div>\n  \n  <\/div>\n\n<\/div><!-- .overit-block-wrapper -->\n<\/div><!-- .overit-block -->\n","protected":false},"excerpt":{"rendered":"","protected":false},"author":3,"featured_media":0,"parent":13018,"menu_order":0,"comment_status":"closed","ping_status":"closed","template":"","meta":{"_acf_changed":false,"footnotes":""},"case_study_category":[],"class_list":["post-13079","page","type-page","status-publish","hentry"],"acf":[],"yoast_head":"<!-- This site is optimized with the Yoast SEO Premium plugin v25.6 (Yoast SEO v25.6) - https:\/\/yoast.com\/wordpress\/plugins\/seo\/ -->\n<title>\u00danete a OverIT, una empresa de TI innovadora y global<\/title>\n<meta name=\"description\" content=\"\u00danete a una empresa de TI innovadora y global, l\u00edder en Field Service Management y tecnolog\u00edas emergentes. Descubre los puestos vacantes\" \/>\n<meta name=\"robots\" content=\"index, follow, max-snippet:-1, max-image-preview:large, max-video-preview:-1\" \/>\n<link rel=\"canonical\" href=\"https:\/\/www.overit.ai\/es\/empresa\/carreras\/\" \/>\n<meta property=\"og:locale\" content=\"es_ES\" \/>\n<meta property=\"og:type\" content=\"article\" \/>\n<meta property=\"og:title\" content=\"Carreras\" \/>\n<meta property=\"og:description\" content=\"\u00danete a una empresa de TI innovadora y global, l\u00edder en Field Service Management y tecnolog\u00edas emergentes. Descubre los puestos vacantes\" \/>\n<meta property=\"og:url\" content=\"https:\/\/www.overit.ai\/es\/empresa\/carreras\/\" \/>\n<meta property=\"og:site_name\" content=\"OverIT\" \/>\n<meta property=\"article:modified_time\" content=\"2025-07-25T13:46:05+00:00\" \/>\n<meta property=\"og:image\" content=\"https:\/\/www.overit.ai\/app\/uploads\/2020\/12\/careers-2.jpg\" \/>\n\t<meta property=\"og:image:width\" content=\"2000\" \/>\n\t<meta property=\"og:image:height\" content=\"1333\" \/>\n\t<meta property=\"og:image:type\" content=\"image\/jpeg\" \/>\n<meta name=\"twitter:card\" content=\"summary_large_image\" \/>\n<meta name=\"twitter:label1\" content=\"Est. reading time\" \/>\n\t<meta name=\"twitter:data1\" content=\"4 minutes\" \/>\n<script type=\"application\/ld+json\" class=\"yoast-schema-graph\">{\"@context\":\"https:\/\/schema.org\",\"@graph\":[{\"@type\":\"WebPage\",\"@id\":\"https:\/\/www.overit.ai\/es\/empresa\/carreras\/\",\"url\":\"https:\/\/www.overit.ai\/es\/empresa\/carreras\/\",\"name\":\"\u00danete a OverIT, una empresa de TI innovadora y global\",\"isPartOf\":{\"@id\":\"https:\/\/www.overit.ai\/es\/#website\"},\"datePublished\":\"2021-02-03T15:01:00+00:00\",\"dateModified\":\"2025-07-25T13:46:05+00:00\",\"description\":\"\u00danete a una empresa de TI innovadora y global, l\u00edder en Field Service Management y tecnolog\u00edas emergentes. Descubre los puestos vacantes\",\"breadcrumb\":{\"@id\":\"https:\/\/www.overit.ai\/es\/empresa\/carreras\/#breadcrumb\"},\"inLanguage\":\"es-ES\",\"potentialAction\":[{\"@type\":\"ReadAction\",\"target\":[\"https:\/\/www.overit.ai\/es\/empresa\/carreras\/\"]}]},{\"@type\":\"BreadcrumbList\",\"@id\":\"https:\/\/www.overit.ai\/es\/empresa\/carreras\/#breadcrumb\",\"itemListElement\":[{\"@type\":\"ListItem\",\"position\":1,\"name\":\"Home\",\"item\":\"https:\/\/www.overit.ai\/es\/\"},{\"@type\":\"ListItem\",\"position\":2,\"name\":\"Empresa\",\"item\":\"https:\/\/www.overit.ai\/es\/empresa\/\"},{\"@type\":\"ListItem\",\"position\":3,\"name\":\"Carreras\"}]},{\"@type\":\"WebSite\",\"@id\":\"https:\/\/www.overit.ai\/es\/#website\",\"url\":\"https:\/\/www.overit.ai\/es\/\",\"name\":\"OverIT\",\"description\":\"Innovation in Field Service Management\",\"publisher\":{\"@id\":\"https:\/\/www.overit.ai\/es\/#organization\"},\"potentialAction\":[{\"@type\":\"SearchAction\",\"target\":{\"@type\":\"EntryPoint\",\"urlTemplate\":\"https:\/\/www.overit.ai\/es\/?s={search_term_string}\"},\"query-input\":{\"@type\":\"PropertyValueSpecification\",\"valueRequired\":true,\"valueName\":\"search_term_string\"}}],\"inLanguage\":\"es-ES\"},{\"@type\":\"Organization\",\"@id\":\"https:\/\/www.overit.ai\/es\/#organization\",\"name\":\"OverIT\",\"url\":\"https:\/\/www.overit.ai\/es\/\",\"logo\":{\"@type\":\"ImageObject\",\"inLanguage\":\"es-ES\",\"@id\":\"https:\/\/www.overit.ai\/es\/#\/schema\/logo\/image\/\",\"url\":\"https:\/\/www.overit.ai\/app\/uploads\/2021\/10\/OverIT-logo-400.png\",\"contentUrl\":\"https:\/\/www.overit.ai\/app\/uploads\/2021\/10\/OverIT-logo-400.png\",\"width\":400,\"height\":250,\"caption\":\"OverIT\"},\"image\":{\"@id\":\"https:\/\/www.overit.ai\/es\/#\/schema\/logo\/image\/\"}}]}<\/script>\n<!-- \/ Yoast SEO Premium plugin. -->","yoast_head_json":{"title":"\u00danete a OverIT, una empresa de TI innovadora y global","description":"\u00danete a una empresa de TI innovadora y global, l\u00edder en Field Service Management y tecnolog\u00edas emergentes. Descubre los puestos vacantes","robots":{"index":"index","follow":"follow","max-snippet":"max-snippet:-1","max-image-preview":"max-image-preview:large","max-video-preview":"max-video-preview:-1"},"canonical":"https:\/\/www.overit.ai\/es\/empresa\/carreras\/","og_locale":"es_ES","og_type":"article","og_title":"Carreras","og_description":"\u00danete a una empresa de TI innovadora y global, l\u00edder en Field Service Management y tecnolog\u00edas emergentes. Descubre los puestos vacantes","og_url":"https:\/\/www.overit.ai\/es\/empresa\/carreras\/","og_site_name":"OverIT","article_modified_time":"2025-07-25T13:46:05+00:00","og_image":[{"width":2000,"height":1333,"url":"https:\/\/www.overit.ai\/app\/uploads\/2020\/12\/careers-2.jpg","type":"image\/jpeg"}],"twitter_card":"summary_large_image","twitter_misc":{"Est. reading time":"4 minutes"},"schema":{"@context":"https:\/\/schema.org","@graph":[{"@type":"WebPage","@id":"https:\/\/www.overit.ai\/es\/empresa\/carreras\/","url":"https:\/\/www.overit.ai\/es\/empresa\/carreras\/","name":"\u00danete a OverIT, una empresa de TI innovadora y global","isPartOf":{"@id":"https:\/\/www.overit.ai\/es\/#website"},"datePublished":"2021-02-03T15:01:00+00:00","dateModified":"2025-07-25T13:46:05+00:00","description":"\u00danete a una empresa de TI innovadora y global, l\u00edder en Field Service Management y tecnolog\u00edas emergentes. Descubre los puestos vacantes","breadcrumb":{"@id":"https:\/\/www.overit.ai\/es\/empresa\/carreras\/#breadcrumb"},"inLanguage":"es-ES","potentialAction":[{"@type":"ReadAction","target":["https:\/\/www.overit.ai\/es\/empresa\/carreras\/"]}]},{"@type":"BreadcrumbList","@id":"https:\/\/www.overit.ai\/es\/empresa\/carreras\/#breadcrumb","itemListElement":[{"@type":"ListItem","position":1,"name":"Home","item":"https:\/\/www.overit.ai\/es\/"},{"@type":"ListItem","position":2,"name":"Empresa","item":"https:\/\/www.overit.ai\/es\/empresa\/"},{"@type":"ListItem","position":3,"name":"Carreras"}]},{"@type":"WebSite","@id":"https:\/\/www.overit.ai\/es\/#website","url":"https:\/\/www.overit.ai\/es\/","name":"OverIT","description":"Innovation in Field Service Management","publisher":{"@id":"https:\/\/www.overit.ai\/es\/#organization"},"potentialAction":[{"@type":"SearchAction","target":{"@type":"EntryPoint","urlTemplate":"https:\/\/www.overit.ai\/es\/?s={search_term_string}"},"query-input":{"@type":"PropertyValueSpecification","valueRequired":true,"valueName":"search_term_string"}}],"inLanguage":"es-ES"},{"@type":"Organization","@id":"https:\/\/www.overit.ai\/es\/#organization","name":"OverIT","url":"https:\/\/www.overit.ai\/es\/","logo":{"@type":"ImageObject","inLanguage":"es-ES","@id":"https:\/\/www.overit.ai\/es\/#\/schema\/logo\/image\/","url":"https:\/\/www.overit.ai\/app\/uploads\/2021\/10\/OverIT-logo-400.png","contentUrl":"https:\/\/www.overit.ai\/app\/uploads\/2021\/10\/OverIT-logo-400.png","width":400,"height":250,"caption":"OverIT"},"image":{"@id":"https:\/\/www.overit.ai\/es\/#\/schema\/logo\/image\/"}}]}},"_links":{"self":[{"href":"https:\/\/www.overit.ai\/es\/wp-json\/wp\/v2\/pages\/13079","targetHints":{"allow":["GET"]}}],"collection":[{"href":"https:\/\/www.overit.ai\/es\/wp-json\/wp\/v2\/pages"}],"about":[{"href":"https:\/\/www.overit.ai\/es\/wp-json\/wp\/v2\/types\/page"}],"author":[{"embeddable":true,"href":"https:\/\/www.overit.ai\/es\/wp-json\/wp\/v2\/users\/3"}],"replies":[{"embeddable":true,"href":"https:\/\/www.overit.ai\/es\/wp-json\/wp\/v2\/comments?post=13079"}],"version-history":[{"count":23,"href":"https:\/\/www.overit.ai\/es\/wp-json\/wp\/v2\/pages\/13079\/revisions"}],"predecessor-version":[{"id":65126,"href":"https:\/\/www.overit.ai\/es\/wp-json\/wp\/v2\/pages\/13079\/revisions\/65126"}],"up":[{"embeddable":true,"href":"https:\/\/www.overit.ai\/es\/wp-json\/wp\/v2\/pages\/13018"}],"wp:attachment":[{"href":"https:\/\/www.overit.ai\/es\/wp-json\/wp\/v2\/media?parent=13079"}],"wp:term":[{"taxonomy":"case_study_category","embeddable":true,"href":"https:\/\/www.overit.ai\/es\/wp-json\/wp\/v2\/case_study_category?post=13079"}],"curies":[{"name":"wp","href":"https:\/\/api.w.org\/{rel}","templated":true}]}}