{"id":13051,"date":"2021-02-03T15:21:28","date_gmt":"2021-02-03T15:21:28","guid":{"rendered":"https:\/\/www.overit.ai\/it\/?page_id=13051"},"modified":"2025-02-17T13:23:51","modified_gmt":"2025-02-17T13:23:51","slug":"informes-analistas","status":"publish","type":"page","link":"https:\/\/www.overit.ai\/es\/informes-analistas\/","title":{"rendered":"Informes de los Analistas"},"content":{"rendered":"<div\n  class=\"overit-block overit-block--white overit-radius-full overit-no-margin overit-no-padding \n  overit-block-wide-info-image\"\n        >\n  \n  <div class=\"overit-block-wrapper\">\n\n\n\n\n<div class=\"wii right  \" id=\"\">\n        <div class=\"wii__content\" >\n                  <h1 class=\"wii__section-title\" style=\"\">Informes de los Analistas<\/h1>\n          \n                      <h2 id=\"wii-title-69fcd0e7f2acf\" class=\"wii__title\" style=\"  \">OverIT nombrada L\u00edder!<\/h2>\n          \n          <div class=\"wii__description\" style=\" \">\n        <p style=\"font-size:1.4rem\">OverIT ha sido reconocida como L\u00edder por IDC en el 2023-2024 <span style=\"font-weight:600\">IDC MarketScape for Worldwide Field Service Management Solutions for Utilities<\/span><\/p>\n\n      <\/div>\n    \n        \n    \n          <div class=\"wii__cta\">\n        <a\n          href=\"https:\/\/www.overit.ai\/es\/informes-analistas\/idc\/idc-marketscape-fsm-utilities-2023-2024\/\"\n                    class=\"wii__cta--orange \"\n          aria-describedby=\"wii-title-69fcd0e7f2acf\"\n        >\n          Descarga el informe\n        <\/a>\n      <\/div>\n    \n    \n      <\/div>\n  \n      <div class=\"wii__image\" >\n                        <img decoding=\"async\" src=\"https:\/\/www.overit.ai\/app\/uploads\/2023\/11\/IDC-MarketScape-Field-Service-Management.png\" alt=\"IDC-MarketScape-Field-Service-Management\" width=\"906\" height=\"682\" \/>\n                  <\/div>\n  \n  <\/div>\n\n<\/div><!-- .overit-block-wrapper -->\n<\/div><!-- .overit-block -->\n\n\n<div\n  class=\"overit-block overit-block--white overit-radius-full overit-no-margin overit-padding-small-top overit-block--fullwidth\n  overit-block-configurable-jumbotron\"\n        >\n  \n  <div class=\"overit-block-wrapper\">\n\n<section class=\"configurable-jumbotron left\" >\n    \n                  <div class=\"cj-title medium\">Investigaciones y publicaciones de las principales consultoras de TI<\/div>\n          \n                  <div class=\"cj-subtitle medium\"><p>Conseguimos los resultados de a\u00f1os de inversi\u00f3n en tecnolog\u00edas innovadoras y en el crecimiento de nuestro personal. Los principales analistas internacionales de empresas como Gartner, Forrester e IDC nos incluyen en los informes de la industria, recomend\u00e1ndonos como uno de los principales proveedores mundiales de Field Service Management. Estos reconocimientos son una fuente de gran orgullo y nos permiten distinguirnos y llevar a nuestros clientes al servicio de campo del futuro.<\/p>\n<\/div>\n          \n        <\/section>\n\n<\/div><!-- .overit-block-wrapper -->\n<\/div><!-- .overit-block -->\n\n\n<div\n  class=\"overit-block overit-block--white overit-radius-full overit-no-margin overit-no-padding \n  overit-block-wide-info-image\"\n        >\n  \n  <div class=\"overit-block-wrapper\">\n\n\n\n\n<div class=\"wii left  \" id=\"\">\n        <div class=\"wii__image\" >\n                  <a tabindex=\"-1\"  href=\"\/es\/informes-analistas\/gartner\/\">\n                    <img decoding=\"async\" src=\"https:\/\/www.overit.ai\/app\/uploads\/2021\/11\/gartner-analysts-reports-1.jpg\" alt=\"gartner-analysts'-reports\" width=\"1200\" height=\"826\" \/>\n                    <\/a>\n            <\/div>\n  \n      <div class=\"wii__content\" >\n                  <h3 class=\"wii__section-title\" style=\"\">GARTNER<\/h3>\n          \n        \n          <div class=\"wii__description\" style=\" \">\n        <p>Fundada en 1979, Gartner<sup>\u00ae<\/sup> es una empresa l\u00edder en estrategia, investigaci\u00f3n y an\u00e1lisis de tecnolog\u00eda de la informaci\u00f3n con m\u00e1s de 14.000 clientes en m\u00e1s de 100 Pa\u00edses de todo el mundo. Su negocio principal es apoyar las decisiones de inversi\u00f3n de sus clientes a trav\u00e9s de la investigaci\u00f3n, la consultor\u00eda, la evaluaci\u00f3n comparativa, los eventos y las noticias.<\/p>\n\n      <\/div>\n    \n        \n    \n    \n          <a class=\"more-link\" aria-describedby=\"wii-title-69fcd0e80215e\"  href=\"\/es\/informes-analistas\/gartner\/\">IR A LOS INFORMES DE GARTNER<\/a>\n    \n      <\/div>\n  \n  <\/div>\n\n<\/div><!-- .overit-block-wrapper -->\n<\/div><!-- .overit-block -->\n\n\n<div\n  class=\"overit-block overit-block--white overit-radius-full overit-no-margin overit-no-padding \n  overit-block-wide-info-image\"\n        >\n  \n  <div class=\"overit-block-wrapper\">\n\n\n\n\n<div class=\"wii right  \" id=\"\">\n        <div class=\"wii__content\" >\n                  <h3 class=\"wii__section-title\" style=\"\">IDC &#8211; INTERNATIONAL DATA CORPORATION<\/h3>\n          \n        \n          <div class=\"wii__description\" style=\" \">\n        <p>Fundada en 1964, IDC es el principal especialista mundial en investigaci\u00f3n de mercado, servicios de consultor\u00eda y organizaci\u00f3n de eventos en los sectores de las TIC y la innovaci\u00f3n digital. M\u00e1s de 1.100 analistas de m\u00e1s de 110 Pa\u00edses de todo el mundo proporcionan conocimientos especializados y capacidades a nivel mundial, regional y local para apoyar a los mercados de la oferta y la demanda en la definici\u00f3n de sus estrategias tecnol\u00f3gicas y comerciales orientadas a respaldar la competitividad y el crecimiento de las empresas.<\/p>\n\n      <\/div>\n    \n        \n    \n    \n          <a class=\"more-link\" aria-describedby=\"wii-title-69fcd0e803642\"  href=\"\/es\/informes-analistas\/idc\/\">IR A LOS INFORMES DE IDC<\/a>\n    \n      <\/div>\n  \n      <div class=\"wii__image\" >\n                  <a tabindex=\"-1\"  href=\"\/es\/informes-analistas\/idc\/\">\n                    <img decoding=\"async\" src=\"https:\/\/www.overit.ai\/app\/uploads\/2021\/11\/idc-reports.jpg\" alt=\"idc-reports\" width=\"1800\" height=\"1239\" \/>\n                    <\/a>\n            <\/div>\n  \n  <\/div>\n\n<\/div><!-- .overit-block-wrapper -->\n<\/div><!-- .overit-block -->\n\n\n<div\n  class=\"overit-block overit-block--white overit-radius-full overit-no-margin overit-no-padding \n  overit-block-wide-info-image\"\n        >\n  \n  <div class=\"overit-block-wrapper\">\n\n\n\n\n<div class=\"wii left  \" id=\"\">\n        <div class=\"wii__image\" >\n                  <a tabindex=\"-1\"  href=\"\/es\/informes-analistas\/forrester\/\">\n                    <img decoding=\"async\" src=\"https:\/\/www.overit.ai\/app\/uploads\/2021\/11\/Forrester-Reports.jpg\" alt=\"Forrester Reports\" width=\"1800\" height=\"1239\" \/>\n                    <\/a>\n            <\/div>\n  \n      <div class=\"wii__content\" >\n                  <h3 class=\"wii__section-title\" style=\"\">FORRESTER<\/h3>\n          \n        \n          <div class=\"wii__description\" style=\" \">\n        <p>Forrester Research Inc. es una empresa independiente de investigaci\u00f3n de mercado que asesora sobre el impacto actual y potencial de la tecnolog\u00eda a sus clientes y al p\u00fablico. La empresa ofrece una variedad de servicios que incluyen la investigaci\u00f3n sindicada sobre la tecnolog\u00eda en lo que se refiere a los negocios, la investigaci\u00f3n cuantitativa de mercado sobre la adopci\u00f3n de tecnolog\u00eda de los consumidores, y servicios de consultor\u00eda, eventos, talleres, teleconferencias y programas de redes.<\/p>\n\n      <\/div>\n    \n        \n    \n    \n          <a class=\"more-link\" aria-describedby=\"wii-title-69fcd0e804969\"  href=\"\/es\/informes-analistas\/forrester\/\">IR A LOS INFORMES DE FORRESTER<\/a>\n    \n      <\/div>\n  \n  <\/div>\n\n<\/div><!-- .overit-block-wrapper -->\n<\/div><!-- .overit-block -->\n\n\n<div\n  class=\"overit-block overit-block--white overit-radius-full overit-no-margin overit-no-padding \n  overit-block-wide-info-image\"\n        >\n  \n  <div class=\"overit-block-wrapper\">\n\n\n\n\n<div class=\"wii right  \" id=\"\">\n        <div class=\"wii__content\" >\n                  <h3 class=\"wii__section-title\" style=\"\">CONSTELLATION RESEARCH<\/h3>\n          \n        \n          <div class=\"wii__description\" style=\" \">\n        <p>Constellation Research es una sociedad de investigaci\u00f3n y asesoramiento tecnol\u00f3gico situada en Silicon Valley que apunta a proporcionar asistencia estrat\u00e9gica a todas las empresas que desean transformar su proceso empresarial a trav\u00e9s de \u201ctecnolog\u00edas exponenciales\u201d. Tomando como base su propia experiencia, los analistas de Constellation Research se proponen como gu\u00edas experimentadas para los Chief Experience Officer, responsables de promover la transformaci\u00f3n en su empresa. La meta que persigue Constellation Research es efectuar investigaciones sobre las tecnolog\u00edas exponenciales, identificando y evaluando a las tendencias del sector con el fin de brindar a sus clientes la oportunidad de ocupar una posici\u00f3n dominante en la econom\u00eda digital.<\/p>\n\n      <\/div>\n    \n        \n    \n    \n          <a class=\"more-link\" aria-describedby=\"wii-title-69fcd0e805bb2\"  href=\"\/es\/informes-analistas\/constellation-research\/\">IR A LOS INFORMES DE CONSTELLATION RESEARCH<\/a>\n    \n      <\/div>\n  \n      <div class=\"wii__image\" >\n                  <a tabindex=\"-1\"  href=\"\/es\/informes-analistas\/constellation-research\/\">\n                    <img decoding=\"async\" src=\"https:\/\/www.overit.ai\/app\/uploads\/2021\/11\/constellation-reseatch-reports.jpg\" alt=\"constellation-reseatch-reports\" width=\"1800\" height=\"1239\" \/>\n                    <\/a>\n            <\/div>\n  \n  <\/div>\n\n<\/div><!-- .overit-block-wrapper -->\n<\/div><!-- .overit-block -->\n\n\n<div\n  class=\"overit-block overit-block--white overit-radius-full overit-no-margin overit-no-padding \n  overit-block-wide-info-image\"\n        >\n  \n  <div class=\"overit-block-wrapper\">\n\n\n\n\n<div class=\"wii left  \" id=\"\">\n        <div class=\"wii__image\" >\n                  <a tabindex=\"-1\"  href=\"\/es\/informes-analistas\/verdantix\/\">\n                    <img decoding=\"async\" src=\"https:\/\/www.overit.ai\/app\/uploads\/2025\/02\/verdantix-reports.webp\" alt=\"verdantix-reports\" width=\"1594\" height=\"1080\" \/>\n                    <\/a>\n            <\/div>\n  \n      <div class=\"wii__content\" >\n                  <h3 class=\"wii__section-title\" style=\"\">VERDANTIX<\/h3>\n          \n        \n          <div class=\"wii__description\" style=\" \">\n        <p>Verdantix es una empresa de datos especializada en investigaci\u00f3n y consultor\u00eda que opera como l\u00edder de pensamiento reconocido para la innovaci\u00f3n a nivel mundial. Representa un punto de referencia autorizado para los responsables de la toma de decisiones empresariales, los ejecutivos de alto nivel en el sector tecnol\u00f3gico y los l\u00edderes de las empresas de servicios.<\/p>\n\n      <\/div>\n    \n        \n    \n    \n          <a class=\"more-link\" aria-describedby=\"wii-title-69fcd0e806ec8\"  href=\"\/es\/informes-analistas\/verdantix\/\">IR A LOS INFORMES DE VERDANTIX<\/a>\n    \n      <\/div>\n  \n  <\/div>\n\n<\/div><!-- .overit-block-wrapper -->\n<\/div><!-- .overit-block -->\n\n\n<div\n  class=\"overit-block overit-block--light-gray overit-radius-full overit-no-margin overit-padding-large \n  overit-block-configurable-jumbotron\"\n        >\n  \n  <div class=\"overit-block-wrapper\">\n\n<section class=\"configurable-jumbotron center\" >\n    \n                  <div class=\"cj-title medium\">M\u00e1s de veinte a\u00f1os de experiencia vertical en el Field Service Management<\/div>\n          \n                  <div class=\"cj-subtitle medium\"><p>Creemos que estos importantes reconocimientos son un testimonio de nuestra capacidad de optimizar los procesos de Field Service Management a gran escala para garantizar apoyo e implementaciones exitosas.<\/p>\n<\/div>\n          \n              <a class=\"cj-cta button button-black\" href=\"\/es\/sectores\/\">DESCUBRA LOS SECTORES EN LOS QUE TRABAJAMOS<\/a>\n    <\/section>\n\n<\/div><!-- .overit-block-wrapper -->\n<\/div><!-- .overit-block -->\n","protected":false},"excerpt":{"rendered":"","protected":false},"author":3,"featured_media":0,"parent":0,"menu_order":0,"comment_status":"closed","ping_status":"closed","template":"","meta":{"_acf_changed":false,"footnotes":""},"case_study_category":[],"class_list":["post-13051","page","type-page","status-publish","hentry"],"acf":[],"yoast_head":"<!-- This site is optimized with the Yoast SEO Premium plugin v25.6 (Yoast SEO v25.6) - https:\/\/yoast.com\/wordpress\/plugins\/seo\/ -->\n<title>Reconocido en los informes de los Analistas de Field Service<\/title>\n<meta name=\"description\" content=\"OverIT es reconocido por analistas internacionales de TI por su experiencia en procesos de Field Service Management y RA\" \/>\n<meta name=\"robots\" content=\"index, follow, max-snippet:-1, max-image-preview:large, max-video-preview:-1\" \/>\n<link rel=\"canonical\" href=\"https:\/\/www.overit.ai\/es\/informes-analistas\/\" \/>\n<meta property=\"og:locale\" content=\"es_ES\" \/>\n<meta property=\"og:type\" content=\"article\" \/>\n<meta property=\"og:title\" content=\"Informes de los Analistas\" \/>\n<meta property=\"og:description\" content=\"OverIT es reconocido por analistas internacionales de TI por su experiencia en procesos de Field Service Management y RA\" \/>\n<meta property=\"og:url\" content=\"https:\/\/www.overit.ai\/es\/informes-analistas\/\" \/>\n<meta property=\"og:site_name\" content=\"OverIT\" \/>\n<meta property=\"article:modified_time\" content=\"2025-02-17T13:23:51+00:00\" \/>\n<meta property=\"og:image\" content=\"https:\/\/www.overit.ai\/app\/uploads\/2020\/12\/report-degli-analisti-fsm-2.jpg\" \/>\n\t<meta property=\"og:image:width\" content=\"2000\" \/>\n\t<meta property=\"og:image:height\" content=\"760\" \/>\n\t<meta property=\"og:image:type\" content=\"image\/jpeg\" \/>\n<meta name=\"twitter:card\" content=\"summary_large_image\" \/>\n<meta name=\"twitter:label1\" content=\"Est. reading time\" \/>\n\t<meta name=\"twitter:data1\" content=\"5 minutes\" \/>\n<script type=\"application\/ld+json\" class=\"yoast-schema-graph\">{\"@context\":\"https:\/\/schema.org\",\"@graph\":[{\"@type\":\"WebPage\",\"@id\":\"https:\/\/www.overit.ai\/es\/informes-analistas\/\",\"url\":\"https:\/\/www.overit.ai\/es\/informes-analistas\/\",\"name\":\"Reconocido en los informes de los Analistas de Field Service\",\"isPartOf\":{\"@id\":\"https:\/\/www.overit.ai\/es\/#website\"},\"datePublished\":\"2021-02-03T15:21:28+00:00\",\"dateModified\":\"2025-02-17T13:23:51+00:00\",\"description\":\"OverIT es reconocido por analistas internacionales de TI por su experiencia en procesos de Field Service Management y RA\",\"breadcrumb\":{\"@id\":\"https:\/\/www.overit.ai\/es\/informes-analistas\/#breadcrumb\"},\"inLanguage\":\"es-ES\",\"potentialAction\":[{\"@type\":\"ReadAction\",\"target\":[\"https:\/\/www.overit.ai\/es\/informes-analistas\/\"]}]},{\"@type\":\"BreadcrumbList\",\"@id\":\"https:\/\/www.overit.ai\/es\/informes-analistas\/#breadcrumb\",\"itemListElement\":[{\"@type\":\"ListItem\",\"position\":1,\"name\":\"Home\",\"item\":\"https:\/\/www.overit.ai\/es\/\"},{\"@type\":\"ListItem\",\"position\":2,\"name\":\"Informes de los Analistas\"}]},{\"@type\":\"WebSite\",\"@id\":\"https:\/\/www.overit.ai\/es\/#website\",\"url\":\"https:\/\/www.overit.ai\/es\/\",\"name\":\"OverIT\",\"description\":\"Innovation in Field Service Management\",\"publisher\":{\"@id\":\"https:\/\/www.overit.ai\/es\/#organization\"},\"potentialAction\":[{\"@type\":\"SearchAction\",\"target\":{\"@type\":\"EntryPoint\",\"urlTemplate\":\"https:\/\/www.overit.ai\/es\/?s={search_term_string}\"},\"query-input\":{\"@type\":\"PropertyValueSpecification\",\"valueRequired\":true,\"valueName\":\"search_term_string\"}}],\"inLanguage\":\"es-ES\"},{\"@type\":\"Organization\",\"@id\":\"https:\/\/www.overit.ai\/es\/#organization\",\"name\":\"OverIT\",\"url\":\"https:\/\/www.overit.ai\/es\/\",\"logo\":{\"@type\":\"ImageObject\",\"inLanguage\":\"es-ES\",\"@id\":\"https:\/\/www.overit.ai\/es\/#\/schema\/logo\/image\/\",\"url\":\"https:\/\/www.overit.ai\/app\/uploads\/2021\/10\/OverIT-logo-400.png\",\"contentUrl\":\"https:\/\/www.overit.ai\/app\/uploads\/2021\/10\/OverIT-logo-400.png\",\"width\":400,\"height\":250,\"caption\":\"OverIT\"},\"image\":{\"@id\":\"https:\/\/www.overit.ai\/es\/#\/schema\/logo\/image\/\"}}]}<\/script>\n<!-- \/ Yoast SEO Premium plugin. -->","yoast_head_json":{"title":"Reconocido en los informes de los Analistas de Field Service","description":"OverIT es reconocido por analistas internacionales de TI por su experiencia en procesos de Field Service Management y RA","robots":{"index":"index","follow":"follow","max-snippet":"max-snippet:-1","max-image-preview":"max-image-preview:large","max-video-preview":"max-video-preview:-1"},"canonical":"https:\/\/www.overit.ai\/es\/informes-analistas\/","og_locale":"es_ES","og_type":"article","og_title":"Informes de los Analistas","og_description":"OverIT es reconocido por analistas internacionales de TI por su experiencia en procesos de Field Service Management y RA","og_url":"https:\/\/www.overit.ai\/es\/informes-analistas\/","og_site_name":"OverIT","article_modified_time":"2025-02-17T13:23:51+00:00","og_image":[{"width":2000,"height":760,"url":"https:\/\/www.overit.ai\/app\/uploads\/2020\/12\/report-degli-analisti-fsm-2.jpg","type":"image\/jpeg"}],"twitter_card":"summary_large_image","twitter_misc":{"Est. reading time":"5 minutes"},"schema":{"@context":"https:\/\/schema.org","@graph":[{"@type":"WebPage","@id":"https:\/\/www.overit.ai\/es\/informes-analistas\/","url":"https:\/\/www.overit.ai\/es\/informes-analistas\/","name":"Reconocido en los informes de los Analistas de Field Service","isPartOf":{"@id":"https:\/\/www.overit.ai\/es\/#website"},"datePublished":"2021-02-03T15:21:28+00:00","dateModified":"2025-02-17T13:23:51+00:00","description":"OverIT es reconocido por analistas internacionales de TI por su experiencia en procesos de Field Service Management y RA","breadcrumb":{"@id":"https:\/\/www.overit.ai\/es\/informes-analistas\/#breadcrumb"},"inLanguage":"es-ES","potentialAction":[{"@type":"ReadAction","target":["https:\/\/www.overit.ai\/es\/informes-analistas\/"]}]},{"@type":"BreadcrumbList","@id":"https:\/\/www.overit.ai\/es\/informes-analistas\/#breadcrumb","itemListElement":[{"@type":"ListItem","position":1,"name":"Home","item":"https:\/\/www.overit.ai\/es\/"},{"@type":"ListItem","position":2,"name":"Informes de los Analistas"}]},{"@type":"WebSite","@id":"https:\/\/www.overit.ai\/es\/#website","url":"https:\/\/www.overit.ai\/es\/","name":"OverIT","description":"Innovation in Field Service Management","publisher":{"@id":"https:\/\/www.overit.ai\/es\/#organization"},"potentialAction":[{"@type":"SearchAction","target":{"@type":"EntryPoint","urlTemplate":"https:\/\/www.overit.ai\/es\/?s={search_term_string}"},"query-input":{"@type":"PropertyValueSpecification","valueRequired":true,"valueName":"search_term_string"}}],"inLanguage":"es-ES"},{"@type":"Organization","@id":"https:\/\/www.overit.ai\/es\/#organization","name":"OverIT","url":"https:\/\/www.overit.ai\/es\/","logo":{"@type":"ImageObject","inLanguage":"es-ES","@id":"https:\/\/www.overit.ai\/es\/#\/schema\/logo\/image\/","url":"https:\/\/www.overit.ai\/app\/uploads\/2021\/10\/OverIT-logo-400.png","contentUrl":"https:\/\/www.overit.ai\/app\/uploads\/2021\/10\/OverIT-logo-400.png","width":400,"height":250,"caption":"OverIT"},"image":{"@id":"https:\/\/www.overit.ai\/es\/#\/schema\/logo\/image\/"}}]}},"_links":{"self":[{"href":"https:\/\/www.overit.ai\/es\/wp-json\/wp\/v2\/pages\/13051","targetHints":{"allow":["GET"]}}],"collection":[{"href":"https:\/\/www.overit.ai\/es\/wp-json\/wp\/v2\/pages"}],"about":[{"href":"https:\/\/www.overit.ai\/es\/wp-json\/wp\/v2\/types\/page"}],"author":[{"embeddable":true,"href":"https:\/\/www.overit.ai\/es\/wp-json\/wp\/v2\/users\/3"}],"replies":[{"embeddable":true,"href":"https:\/\/www.overit.ai\/es\/wp-json\/wp\/v2\/comments?post=13051"}],"version-history":[{"count":33,"href":"https:\/\/www.overit.ai\/es\/wp-json\/wp\/v2\/pages\/13051\/revisions"}],"predecessor-version":[{"id":62831,"href":"https:\/\/www.overit.ai\/es\/wp-json\/wp\/v2\/pages\/13051\/revisions\/62831"}],"wp:attachment":[{"href":"https:\/\/www.overit.ai\/es\/wp-json\/wp\/v2\/media?parent=13051"}],"wp:term":[{"taxonomy":"case_study_category","embeddable":true,"href":"https:\/\/www.overit.ai\/es\/wp-json\/wp\/v2\/case_study_category?post=13051"}],"curies":[{"name":"wp","href":"https:\/\/api.w.org\/{rel}","templated":true}]}}