{"id":12363,"date":"2021-02-03T15:12:25","date_gmt":"2021-02-03T15:12:25","guid":{"rendered":"https:\/\/www.overit.ai\/it\/?page_id=12363"},"modified":"2026-03-30T11:52:44","modified_gmt":"2026-03-30T11:52:44","slug":"open-fiber-proyecto-path","status":"publish","type":"page","link":"https:\/\/www.overit.ai\/es\/clientes\/casos-de-exito\/open-fiber-proyecto-path\/","title":{"rendered":"Reducci\u00f3n de costes en el desarrollo de rutas y conexiones de red"},"content":{"rendered":"<div\n  class=\"overit-block overit-block--white overit-radius-none overit-margin-small-bottom overit-no-padding \n  overit-block-customer-page-header\"\n        >\n  \n  <div class=\"overit-block-wrapper\">\n\n<div class=\"cph\">\n  \n    <div class=\"cph_slogan-cont\" style=\"background: linear-gradient(0deg, rgba(0, 0, 0, 0.35), rgba(0, 0, 0, 0.35)), url('https:\/\/www.overit.ai\/app\/uploads\/2020\/12\/open-fiber-fibra-ottica-fsm.jpg') center center\">\n                  <div class=\"cph__section-title\">Open Fiber<\/div>\n                                    <h1 class=\"cph__slogan\">Reducci\u00f3n de costes en el desarrollo de rutas y conexiones de red<\/h1>\n            <\/div>\n  <div class=\"cph__customer-section\" data-aos=\"fade-up\">\n    <div class=\"cph__customer-desc-cont\">\n                    <img decoding=\"async\" class=\"cph__customer-logo\" src=\"https:\/\/www.overit.ai\/app\/uploads\/2020\/11\/open-fiber-logo.png\" alt=\"open-fiber-logo\" width=\"1626\" height=\"318\" \/>\n            <div class=\"cph__customer-desc\">\n        <p>Open Fiber se ocupa de instalar, gestionar y mantener la red de fibra \u00f3ptica en Italia, bas\u00e1ndose en la tecnolog\u00eda de Fibra \u00d3ptica al Hogar (o FTTH en sus siglas en ingl\u00e9s). Su objetivo es realizar una red extensa y eficiente de banda ultra ancha que conecte las principales ciudades y polos industriales italianos. <\/p>\n\n      <\/div>\n    <\/div>\n    <div class=\"cph__customer-facts\">\n              <div class=\"cph__facts-title\">Informaci\u00f3n Clave <\/div>\n        <div class=\"cph__facts\">\n                     <div class=\"cph__fact-cont\">\n            <div class=\"cph__fact-label\">\n              Sector\n            <\/div>\n            <div class=\"cph__fact\">\n              Telecomunicaciones Y Media\n            <\/div>\n          <\/div>\n                     <div class=\"cph__fact-cont\">\n            <div class=\"cph__fact-label\">\n              Regi\u00f3n\n            <\/div>\n            <div class=\"cph__fact\">\n              EMEA\n            <\/div>\n          <\/div>\n                     <div class=\"cph__fact-cont\">\n            <div class=\"cph__fact-label\">\n              T\u00e9cnicos internos\n            <\/div>\n            <div class=\"cph__fact\">\n              60\n            <\/div>\n          <\/div>\n                     <div class=\"cph__fact-cont\">\n            <div class=\"cph__fact-label\">\n              Estudios de viabilidad al a\u00f1o\n            <\/div>\n            <div class=\"cph__fact\">\n              1M + \n            <\/div>\n          <\/div>\n                  <\/div>\n          <\/div>\n  <\/div>\n<\/div>\n\n<\/div><!-- .overit-block-wrapper -->\n<\/div><!-- .overit-block -->\n\n\n<div\n  class=\"overit-block overit-block--white overit-radius-full overit-no-margin overit-padding-small overit-block--fullwidth\n  overit-block-configurable-jumbotron\"\n        >\n  \n  <div class=\"overit-block-wrapper\">\n\n<section class=\"configurable-jumbotron left\" >\n    \n    \n                  <div class=\"cj-subtitle small\"><p>Ya se encuentren en una gran \u00e1rea metropolitana o en una peque\u00f1a aldea remota, particulares y empresas de cualquier dimensi\u00f3n est\u00e1n experimentando al cien por cien la revoluci\u00f3n tecnol\u00f3gica y digital que se est\u00e1 produciendo en estos tiempos. Las redes sociales y las teleconferencias se han convertido en un elemento imprescindible del d\u00eda a d\u00eda de la mayor\u00eda de nosotros, mientras que el Internet de las Cosas, la Inteligencia Artificial, la Realidad Aumentada y la anal\u00edtica son tecnolog\u00edas muy utilizadas por las empresas. Por ello, contar con una conexi\u00f3n r\u00e1pida y fiable, accesible desde cualquier lugar, es un requisito indispensable para implementar tecnolog\u00edas tan disruptivas. Y es precisamente en este escenario que Open Fiber se ha posicionado como uno de los protagonistas principales en este sector, garantizando un acceso seguro a la red de telecomunicaciones, sin importar desde d\u00f3nde nos conectemos. <\/p>\n<\/div>\n          \n        <\/section>\n\n<\/div><!-- .overit-block-wrapper -->\n<\/div><!-- .overit-block -->\n\n\n<div\n  class=\"overit-block overit-block--white overit-radius-full overit-no-margin overit-padding-small overit-block--fullwidth\n  overit-block-configurable-jumbotron\"\n        >\n  \n  <div class=\"overit-block-wrapper\">\n\n<section class=\"configurable-jumbotron left\" >\n                  <h3 class=\"cj-section-title\">Desaf\u00edo empresarial<\/h3>\n          \n                  <div class=\"cj-title medium\">Evaluaci\u00f3n de nuevas rutas y conexiones de red <\/div>\n          \n                  <div class=\"cj-subtitle small\"><p>La gesti\u00f3n integral de la red de fibra \u00f3ptica distribuida por las distintas \u00e1reas geogr\u00e1ficas de Italia es un verdadero reto, que supone una atenci\u00f3n especial y un an\u00e1lisis preliminar minucioso. Asimismo, a falta de una herramienta adecuada y tecnol\u00f3gicamente avanzada, la presupuestaci\u00f3n y el desarrollo de nuevas rutas y conexiones de red pueden convertirse en un proceso prolongado y complejo.<br \/>\nConsciente de las numerosas ventajas que se derivan de fomentar la innovaci\u00f3n a nivel corporativo, Open Fiber decidi\u00f3 dotarse de una herramienta que respaldara sus m\u00e1s de 1 mill\u00f3n de estudios preliminares de viabilidad orientados al desarrollo de nuevas rutas de fibra \u00f3ptica y conexiones de red compuestas por 5 millones de nodos y 3 millones de arcos. <\/p>\n<\/div>\n          \n        <\/section>\n\n<\/div><!-- .overit-block-wrapper -->\n<\/div><!-- .overit-block -->\n\n\n<div\n  class=\"overit-block overit-block--white overit-radius-full  overit-no-padding \n  overit-block-separator\"\n        >\n  \n  <div class=\"overit-block-wrapper\">\n\n<div class=\"overit-separator overit-separator--boxed\">\n  <hr\/>\n<\/div>\n\n<\/div><!-- .overit-block-wrapper -->\n<\/div><!-- .overit-block -->\n\n\n<div\n  class=\"overit-block overit-block--white overit-radius-full overit-no-margin overit-padding-small overit-block--fullwidth\n  overit-block-configurable-jumbotron\"\n        >\n  \n  <div class=\"overit-block-wrapper\">\n\n<section class=\"configurable-jumbotron left\" >\n                  <h3 class=\"cj-section-title\">Soluci\u00f3n <\/h3>\n          \n                  <div class=\"cj-title medium\">Desarrollo optimizado de rutas de fibra \u00f3ptica gracias a la soluci\u00f3n de OverIT <\/div>\n          \n                  <div class=\"cj-subtitle small\"><p>Aprovechando unos algoritmos espec\u00edficos basados en datos y l\u00f3gicas de optimizaci\u00f3n, la soluci\u00f3n de OverIT ha demostrado ser el producto ideal para Open Fiber, agilizando sus c\u00e1lculos sobre la viabilidad de nuevas conexiones de red, rutas y emplazamientos de inter\u00e9s, finalizados a la elaboraci\u00f3n de los trazados correspondientes.<\/p>\n<ul>\n<li><strong>Integraci\u00f3n con plataformas de terceros<\/strong><br \/>\nCreaci\u00f3n, ejecuci\u00f3n y finalizaci\u00f3n de \u00f3rdenes de trabajo, actualizando constantemente el sistema maestro mediante la integraci\u00f3n con: Smallworld GIS Physical Network Inventory a fin de recuperar datos de red \u00fatiles para el c\u00e1lculo de rutas; Salesforce CRM para recibir solicitudes de presupuestos de nuevas conexiones; otras plataformas (redes Open Fiber, infraestructuras de terceros y OLO) que emplean algoritmos de enrutamiento propios<\/li>\n<li><strong>Creaci\u00f3n eficiente de redes<\/strong><br \/>\nRealizaci\u00f3n de simulaciones para ampliar la red de fibra \u00f3ptica configurando m\u00faltiples par\u00e1metros conforme a la tecnolog\u00eda (subterr\u00e1nea o a\u00e9rea) e infraestructura (ex-novo, dise\u00f1ada, ejecutada) en uso y cumplimiento de las normas de eficiencia establecidas, comprobando y validando las actividades durante y despu\u00e9s de su ejecuci\u00f3n<\/li>\n<li><strong>Evaluaci\u00f3n de las opciones de cableado<\/strong><br \/>\nSuministro de gr\u00e1ficos de infraestructura espec\u00edficos que permitan aplicar la l\u00f3gica de enrutamiento y evaluar las mejores opciones de cableado<\/li>\n<li><strong>Predicci\u00f3n de emplazamientos de fibra \u00f3ptica<\/strong><br \/>\nPredicci\u00f3n agilizada de los costes de realizaci\u00f3n de nuevas conexiones de emplazamientos mediante el an\u00e1lisis de la mejor ruta para conectar la infraestructura de red existente<\/li>\n<\/ul>\n<\/div>\n          \n        <\/section>\n\n<\/div><!-- .overit-block-wrapper -->\n<\/div><!-- .overit-block -->\n\n\n<div\n  class=\"overit-block overit-block--white overit-radius-full  overit-no-padding \n  overit-block-separator\"\n        >\n  \n  <div class=\"overit-block-wrapper\">\n\n<div class=\"overit-separator overit-separator--boxed\">\n  <hr\/>\n<\/div>\n\n<\/div><!-- .overit-block-wrapper -->\n<\/div><!-- .overit-block -->\n\n\n<div\n  class=\"overit-block overit-block--white overit-radius-full overit-no-margin overit-padding-medium overit-block--fullwidth\n  overit-block-configurable-jumbotron\"\n        >\n  \n  <div class=\"overit-block-wrapper\">\n\n<section class=\"configurable-jumbotron left\" >\n                  <h3 class=\"cj-section-title\">RESULTADOS  <\/h3>\n          \n                  <div class=\"cj-title medium\">La adopci\u00f3n de la soluci\u00f3n de gesti\u00f3n de servicios de campo de OverIT se tradujo en unas mejoras evidentes <\/div>\n          \n    \n        <\/section>\n\n<\/div><!-- .overit-block-wrapper -->\n<\/div><!-- .overit-block -->\n\n\n<div\n  class=\"overit-block overit-block--white overit-radius-full overit-margin-small-bottom overit-padding-medium-bottom \n  overit-block-multi-info-cards\"\n        >\n  \n  <div class=\"overit-block-wrapper\">\n\n<div class=\"info-cards info-cards--3 info-cards--align-left\">\n        <div class=\"info-cards__sections \">\n                  <div class=\"info-card info-card--3\n                    info-card--without-icon\n          \n          info-card--top-line\n        \">\n        <div class=\"info-card-inner\">\n                                                      <div class=\"info-card__description\" >\n              <p>Reducci\u00f3n de los costes y del tiempo necesario para establecer las conexiones de red <\/p>\n\n            <\/div>\n                  <\/div>\n      <\/div>\n                  <div class=\"info-card info-card--3\n                    info-card--without-icon\n          \n          info-card--top-line\n        \">\n        <div class=\"info-card-inner\">\n                                                      <div class=\"info-card__description\" >\n              <p>Optimizaci\u00f3n y agregaci\u00f3n de rutas <\/p>\n\n            <\/div>\n                  <\/div>\n      <\/div>\n                  <div class=\"info-card info-card--3\n                    info-card--without-icon\n          \n          info-card--top-line\n        \">\n        <div class=\"info-card-inner\">\n                                                      <div class=\"info-card__description\" >\n              <p>Mejora del tiempo de respuesta a los clientes durante la fase de presupuesto <\/p>\n\n            <\/div>\n                  <\/div>\n      <\/div>\n          <\/div>\n  <\/div>\n\n<\/div><!-- .overit-block-wrapper -->\n<\/div><!-- .overit-block -->\n\n\n<div\n  class=\"overit-block overit-block--white overit-radius-full overit-no-margin overit-padding-small-bottom \n  overit-block-customer-disclaimer\"\n        >\n  \n  <div class=\"overit-block-wrapper\">\n\n<div class=\"cdisclaimer\">\n  <div class=\"cdisclaimer__bg\">&nbsp;<\/div>\n  <div class=\"cdisclaimer__content\">\n    <div class=\"cdisclaimer__title-cont\">\n      <div class=\"cdisclaimer__img\">\n        <img decoding=\"async\" src=\"https:\/\/www.overit.ai\/app\/themes\/overit-theme\/dist\/images\/citation_d93c975a.svg\" alt=\"citation symbol\" \/>\n      <\/div>\n      <div class=\"cdisclaimer__title\">\n        Director de Aseguramiento de TI \n      <\/div>\n    <\/div>\n    <div class=\"cdisclaimer__description\" data-aos=\"fade-left\">\n      <p><em>\u00abLa configurabilidad y la elasticidad son las grandes capacidades del producto, que permiten ajustar su usabilidad a las distintas exigencias del usuario sobre el terreno.\u00bb <\/em><\/p>\n\n    <\/div>\n  <\/div>\n<\/div>\n\n<\/div><!-- .overit-block-wrapper -->\n<\/div><!-- .overit-block -->\n\n\n<div\n  class=\"overit-block overit-block--white overit-radius-full overit-margin-medium overit-padding-medium \n  overit-block-sustainable-development-goals\"\n        >\n  \n  <div class=\"overit-block-wrapper\">\n\n\n<div class=\"sdg\" id=\"\">\n  <div class=\"sdg__container\">\n    <div class=\"sdg__logo\">\n      <img decoding=\"async\" src=\"https:\/\/www.overit.ai\/app\/themes\/overit-theme\/resources\/assets\/images\/sdg\/ES\/logo.png\" width=\"96\" height=\"82\" alt=\"Icono representativo de los Objetivos de Desarrollo Sostenible\" \/>\n    <\/div>\n          <div class=\"sdg__description\">\n        <p><p>El tema de la sostenibilidad es uno de los pilares de la sociedad moderna en su conjunto y exige que las empresas adopten iniciativas concretas y eficaces para fomentarla. Apoyar a los equipos de campo en la implementaci\u00f3n de los procesos del cliente confiando en la soluci\u00f3n OverIT es la opci\u00f3n perfecta para cumplir con los valores de sostenibilidad, impulsar la innovaci\u00f3n y realizar y optimizar de forma efectiva nuevas rutas de red. Para Open Fiber, priorizar la construcci\u00f3n de infraestructuras resilientes es una cuesti\u00f3n imprescindible para garantizar que las ciudades y las comunidades sean sostenibles, inclusivas y seguras.<\/p>\n<\/p>\n      <\/div>\n              <div class=\"sdg__title\">\n        <p>OverIT <strong>NextGen Platform<\/strong> ha contribuido al cumplimiento de los <strong>Objetivos de Desarrollo Sostenible<\/strong><\/p>\n      <\/div>\n      <div class=\"sdg__icons\">\n                                        <div class=\"sdg__icon\">\n              <img decoding=\"async\" src=\"https:\/\/www.overit.ai\/app\/themes\/overit-theme\/resources\/assets\/images\/sdg\/ES\/9.png\" alt=\"\u00cdcono que representa el Objetivo de Desarrollo Sostenible 9: Industria, innovaci\u00f3n e infraestructura\" width=\"76\" height=\"76\" \/>\n            <\/div>\n                                                  <div class=\"sdg__icon\">\n              <img decoding=\"async\" src=\"https:\/\/www.overit.ai\/app\/themes\/overit-theme\/resources\/assets\/images\/sdg\/ES\/11.png\" alt=\"\u00cdcono que representa el Objetivo de Desarrollo Sostenible 11: Ciudades y comunidades sostenibles\" width=\"76\" height=\"76\" \/>\n            <\/div>\n                        <\/div>\n      <\/div>\n<\/div>\n\n<\/div><!-- .overit-block-wrapper -->\n<\/div><!-- .overit-block -->\n","protected":false},"excerpt":{"rendered":"","protected":false},"author":3,"featured_media":7223,"parent":13032,"menu_order":0,"comment_status":"closed","ping_status":"closed","template":"","meta":{"_acf_changed":false,"footnotes":""},"case_study_category":[231],"class_list":["post-12363","page","type-page","status-publish","has-post-thumbnail","hentry","case_study_category-telecomunicaciones"],"acf":[],"yoast_head":"<!-- This site is optimized with the Yoast SEO Premium plugin v25.6 (Yoast SEO v25.6) - https:\/\/yoast.com\/wordpress\/plugins\/seo\/ -->\n<title>Open Fiber elige a OverIT para colocar la fibra \u00f3ptica en Italia<\/title>\n<meta name=\"description\" content=\"Open Fiber optimiza las rutas de tendido de la fibra \u00f3ptica en el territorio gracias al uso de los algoritmos de enrutamiento de OverIT FSM\" \/>\n<meta name=\"robots\" content=\"index, follow, max-snippet:-1, max-image-preview:large, max-video-preview:-1\" \/>\n<link rel=\"canonical\" href=\"https:\/\/www.overit.ai\/es\/clientes\/casos-de-exito\/open-fiber-proyecto-path\/\" \/>\n<meta property=\"og:locale\" content=\"es_ES\" \/>\n<meta property=\"og:type\" content=\"article\" \/>\n<meta property=\"og:title\" content=\"Reducci\u00f3n de costes en el desarrollo de rutas y conexiones de red\" \/>\n<meta property=\"og:description\" content=\"Open Fiber optimiza las rutas de tendido de la fibra \u00f3ptica en el territorio gracias al uso de los algoritmos de enrutamiento de OverIT FSM\" \/>\n<meta property=\"og:url\" content=\"https:\/\/www.overit.ai\/es\/clientes\/casos-de-exito\/open-fiber-proyecto-path\/\" \/>\n<meta property=\"og:site_name\" content=\"OverIT\" \/>\n<meta property=\"article:modified_time\" content=\"2026-03-30T11:52:44+00:00\" \/>\n<meta property=\"og:image\" content=\"https:\/\/www.overit.ai\/app\/uploads\/2020\/12\/open-fiber-fibra-ottica-fsm.jpg\" \/>\n\t<meta property=\"og:image:width\" content=\"2000\" \/>\n\t<meta property=\"og:image:height\" content=\"1333\" \/>\n\t<meta property=\"og:image:type\" content=\"image\/jpeg\" \/>\n<meta name=\"twitter:card\" content=\"summary_large_image\" \/>\n<meta name=\"twitter:label1\" content=\"Est. reading time\" \/>\n\t<meta name=\"twitter:data1\" content=\"5 minutes\" \/>\n<script type=\"application\/ld+json\" class=\"yoast-schema-graph\">{\"@context\":\"https:\/\/schema.org\",\"@graph\":[{\"@type\":\"WebPage\",\"@id\":\"https:\/\/www.overit.ai\/es\/clientes\/casos-de-exito\/open-fiber-proyecto-path\/\",\"url\":\"https:\/\/www.overit.ai\/es\/clientes\/casos-de-exito\/open-fiber-proyecto-path\/\",\"name\":\"Open Fiber elige a OverIT para colocar la fibra \u00f3ptica en Italia\",\"isPartOf\":{\"@id\":\"https:\/\/www.overit.ai\/es\/#website\"},\"primaryImageOfPage\":{\"@id\":\"https:\/\/www.overit.ai\/es\/clientes\/casos-de-exito\/open-fiber-proyecto-path\/#primaryimage\"},\"image\":{\"@id\":\"https:\/\/www.overit.ai\/es\/clientes\/casos-de-exito\/open-fiber-proyecto-path\/#primaryimage\"},\"thumbnailUrl\":\"https:\/\/www.overit.ai\/app\/uploads\/2020\/12\/open-fiber-fibra-ottica-fsm.jpg\",\"datePublished\":\"2021-02-03T15:12:25+00:00\",\"dateModified\":\"2026-03-30T11:52:44+00:00\",\"description\":\"Open Fiber optimiza las rutas de tendido de la fibra \u00f3ptica en el territorio gracias al uso de los algoritmos de enrutamiento de OverIT FSM\",\"breadcrumb\":{\"@id\":\"https:\/\/www.overit.ai\/es\/clientes\/casos-de-exito\/open-fiber-proyecto-path\/#breadcrumb\"},\"inLanguage\":\"es-ES\",\"potentialAction\":[{\"@type\":\"ReadAction\",\"target\":[\"https:\/\/www.overit.ai\/es\/clientes\/casos-de-exito\/open-fiber-proyecto-path\/\"]}]},{\"@type\":\"ImageObject\",\"inLanguage\":\"es-ES\",\"@id\":\"https:\/\/www.overit.ai\/es\/clientes\/casos-de-exito\/open-fiber-proyecto-path\/#primaryimage\",\"url\":\"https:\/\/www.overit.ai\/app\/uploads\/2020\/12\/open-fiber-fibra-ottica-fsm.jpg\",\"contentUrl\":\"https:\/\/www.overit.ai\/app\/uploads\/2020\/12\/open-fiber-fibra-ottica-fsm.jpg\",\"width\":2000,\"height\":1333,\"caption\":\"Open Fiber Progetto Path\"},{\"@type\":\"BreadcrumbList\",\"@id\":\"https:\/\/www.overit.ai\/es\/clientes\/casos-de-exito\/open-fiber-proyecto-path\/#breadcrumb\",\"itemListElement\":[{\"@type\":\"ListItem\",\"position\":1,\"name\":\"Home\",\"item\":\"https:\/\/www.overit.ai\/es\/\"},{\"@type\":\"ListItem\",\"position\":2,\"name\":\"Clientes\",\"item\":\"https:\/\/www.overit.ai\/es\/clientes\/\"},{\"@type\":\"ListItem\",\"position\":3,\"name\":\"Casos de \u00c9xito\",\"item\":\"https:\/\/www.overit.ai\/es\/clientes\/casos-de-exito\/\"},{\"@type\":\"ListItem\",\"position\":4,\"name\":\"Reducci\u00f3n de costes en el desarrollo de rutas y conexiones de red\"}]},{\"@type\":\"WebSite\",\"@id\":\"https:\/\/www.overit.ai\/es\/#website\",\"url\":\"https:\/\/www.overit.ai\/es\/\",\"name\":\"OverIT\",\"description\":\"Innovation in Field Service Management\",\"publisher\":{\"@id\":\"https:\/\/www.overit.ai\/es\/#organization\"},\"potentialAction\":[{\"@type\":\"SearchAction\",\"target\":{\"@type\":\"EntryPoint\",\"urlTemplate\":\"https:\/\/www.overit.ai\/es\/?s={search_term_string}\"},\"query-input\":{\"@type\":\"PropertyValueSpecification\",\"valueRequired\":true,\"valueName\":\"search_term_string\"}}],\"inLanguage\":\"es-ES\"},{\"@type\":\"Organization\",\"@id\":\"https:\/\/www.overit.ai\/es\/#organization\",\"name\":\"OverIT\",\"url\":\"https:\/\/www.overit.ai\/es\/\",\"logo\":{\"@type\":\"ImageObject\",\"inLanguage\":\"es-ES\",\"@id\":\"https:\/\/www.overit.ai\/es\/#\/schema\/logo\/image\/\",\"url\":\"https:\/\/www.overit.ai\/app\/uploads\/2021\/10\/OverIT-logo-400.png\",\"contentUrl\":\"https:\/\/www.overit.ai\/app\/uploads\/2021\/10\/OverIT-logo-400.png\",\"width\":400,\"height\":250,\"caption\":\"OverIT\"},\"image\":{\"@id\":\"https:\/\/www.overit.ai\/es\/#\/schema\/logo\/image\/\"}}]}<\/script>\n<!-- \/ Yoast SEO Premium plugin. -->","yoast_head_json":{"title":"Open Fiber elige a OverIT para colocar la fibra \u00f3ptica en Italia","description":"Open Fiber optimiza las rutas de tendido de la fibra \u00f3ptica en el territorio gracias al uso de los algoritmos de enrutamiento de OverIT FSM","robots":{"index":"index","follow":"follow","max-snippet":"max-snippet:-1","max-image-preview":"max-image-preview:large","max-video-preview":"max-video-preview:-1"},"canonical":"https:\/\/www.overit.ai\/es\/clientes\/casos-de-exito\/open-fiber-proyecto-path\/","og_locale":"es_ES","og_type":"article","og_title":"Reducci\u00f3n de costes en el desarrollo de rutas y conexiones de red","og_description":"Open Fiber optimiza las rutas de tendido de la fibra \u00f3ptica en el territorio gracias al uso de los algoritmos de enrutamiento de OverIT FSM","og_url":"https:\/\/www.overit.ai\/es\/clientes\/casos-de-exito\/open-fiber-proyecto-path\/","og_site_name":"OverIT","article_modified_time":"2026-03-30T11:52:44+00:00","og_image":[{"width":2000,"height":1333,"url":"https:\/\/www.overit.ai\/app\/uploads\/2020\/12\/open-fiber-fibra-ottica-fsm.jpg","type":"image\/jpeg"}],"twitter_card":"summary_large_image","twitter_misc":{"Est. reading time":"5 minutes"},"schema":{"@context":"https:\/\/schema.org","@graph":[{"@type":"WebPage","@id":"https:\/\/www.overit.ai\/es\/clientes\/casos-de-exito\/open-fiber-proyecto-path\/","url":"https:\/\/www.overit.ai\/es\/clientes\/casos-de-exito\/open-fiber-proyecto-path\/","name":"Open Fiber elige a OverIT para colocar la fibra \u00f3ptica en Italia","isPartOf":{"@id":"https:\/\/www.overit.ai\/es\/#website"},"primaryImageOfPage":{"@id":"https:\/\/www.overit.ai\/es\/clientes\/casos-de-exito\/open-fiber-proyecto-path\/#primaryimage"},"image":{"@id":"https:\/\/www.overit.ai\/es\/clientes\/casos-de-exito\/open-fiber-proyecto-path\/#primaryimage"},"thumbnailUrl":"https:\/\/www.overit.ai\/app\/uploads\/2020\/12\/open-fiber-fibra-ottica-fsm.jpg","datePublished":"2021-02-03T15:12:25+00:00","dateModified":"2026-03-30T11:52:44+00:00","description":"Open Fiber optimiza las rutas de tendido de la fibra \u00f3ptica en el territorio gracias al uso de los algoritmos de enrutamiento de OverIT FSM","breadcrumb":{"@id":"https:\/\/www.overit.ai\/es\/clientes\/casos-de-exito\/open-fiber-proyecto-path\/#breadcrumb"},"inLanguage":"es-ES","potentialAction":[{"@type":"ReadAction","target":["https:\/\/www.overit.ai\/es\/clientes\/casos-de-exito\/open-fiber-proyecto-path\/"]}]},{"@type":"ImageObject","inLanguage":"es-ES","@id":"https:\/\/www.overit.ai\/es\/clientes\/casos-de-exito\/open-fiber-proyecto-path\/#primaryimage","url":"https:\/\/www.overit.ai\/app\/uploads\/2020\/12\/open-fiber-fibra-ottica-fsm.jpg","contentUrl":"https:\/\/www.overit.ai\/app\/uploads\/2020\/12\/open-fiber-fibra-ottica-fsm.jpg","width":2000,"height":1333,"caption":"Open Fiber Progetto Path"},{"@type":"BreadcrumbList","@id":"https:\/\/www.overit.ai\/es\/clientes\/casos-de-exito\/open-fiber-proyecto-path\/#breadcrumb","itemListElement":[{"@type":"ListItem","position":1,"name":"Home","item":"https:\/\/www.overit.ai\/es\/"},{"@type":"ListItem","position":2,"name":"Clientes","item":"https:\/\/www.overit.ai\/es\/clientes\/"},{"@type":"ListItem","position":3,"name":"Casos de \u00c9xito","item":"https:\/\/www.overit.ai\/es\/clientes\/casos-de-exito\/"},{"@type":"ListItem","position":4,"name":"Reducci\u00f3n de costes en el desarrollo de rutas y conexiones de red"}]},{"@type":"WebSite","@id":"https:\/\/www.overit.ai\/es\/#website","url":"https:\/\/www.overit.ai\/es\/","name":"OverIT","description":"Innovation in Field Service Management","publisher":{"@id":"https:\/\/www.overit.ai\/es\/#organization"},"potentialAction":[{"@type":"SearchAction","target":{"@type":"EntryPoint","urlTemplate":"https:\/\/www.overit.ai\/es\/?s={search_term_string}"},"query-input":{"@type":"PropertyValueSpecification","valueRequired":true,"valueName":"search_term_string"}}],"inLanguage":"es-ES"},{"@type":"Organization","@id":"https:\/\/www.overit.ai\/es\/#organization","name":"OverIT","url":"https:\/\/www.overit.ai\/es\/","logo":{"@type":"ImageObject","inLanguage":"es-ES","@id":"https:\/\/www.overit.ai\/es\/#\/schema\/logo\/image\/","url":"https:\/\/www.overit.ai\/app\/uploads\/2021\/10\/OverIT-logo-400.png","contentUrl":"https:\/\/www.overit.ai\/app\/uploads\/2021\/10\/OverIT-logo-400.png","width":400,"height":250,"caption":"OverIT"},"image":{"@id":"https:\/\/www.overit.ai\/es\/#\/schema\/logo\/image\/"}}]}},"_links":{"self":[{"href":"https:\/\/www.overit.ai\/es\/wp-json\/wp\/v2\/pages\/12363","targetHints":{"allow":["GET"]}}],"collection":[{"href":"https:\/\/www.overit.ai\/es\/wp-json\/wp\/v2\/pages"}],"about":[{"href":"https:\/\/www.overit.ai\/es\/wp-json\/wp\/v2\/types\/page"}],"author":[{"embeddable":true,"href":"https:\/\/www.overit.ai\/es\/wp-json\/wp\/v2\/users\/3"}],"replies":[{"embeddable":true,"href":"https:\/\/www.overit.ai\/es\/wp-json\/wp\/v2\/comments?post=12363"}],"version-history":[{"count":27,"href":"https:\/\/www.overit.ai\/es\/wp-json\/wp\/v2\/pages\/12363\/revisions"}],"predecessor-version":[{"id":70676,"href":"https:\/\/www.overit.ai\/es\/wp-json\/wp\/v2\/pages\/12363\/revisions\/70676"}],"up":[{"embeddable":true,"href":"https:\/\/www.overit.ai\/es\/wp-json\/wp\/v2\/pages\/13032"}],"wp:featuredmedia":[{"embeddable":true,"href":"https:\/\/www.overit.ai\/es\/wp-json\/wp\/v2\/media\/7223"}],"wp:attachment":[{"href":"https:\/\/www.overit.ai\/es\/wp-json\/wp\/v2\/media?parent=12363"}],"wp:term":[{"taxonomy":"case_study_category","embeddable":true,"href":"https:\/\/www.overit.ai\/es\/wp-json\/wp\/v2\/case_study_category?post=12363"}],"curies":[{"name":"wp","href":"https:\/\/api.w.org\/{rel}","templated":true}]}}