{"id":12341,"date":"2021-02-03T15:33:08","date_gmt":"2021-02-03T15:33:08","guid":{"rendered":"https:\/\/www.overit.ai\/it\/?page_id=12341"},"modified":"2024-09-19T16:11:43","modified_gmt":"2024-09-19T16:11:43","slug":"telecomunicaciones","status":"publish","type":"page","link":"https:\/\/www.overit.ai\/es\/sectores\/telecomunicaciones\/","title":{"rendered":"Telco"},"content":{"rendered":"<div\n  class=\"overit-block overit-block--white overit-radius-full overit-no-margin overit-no-padding \n  overit-block-full-width-top-banner\"\n        >\n  \n  <div class=\"overit-block-wrapper\">\n\n\n<section class=\"block-fwtb\">\n  <div class=\"block-fwtb__bg \">\n    <div class=\"block-fwtb__content block-fwtb__content--light\">\n                        <div class=\"block-fwtb__title\" data-aos=\"zoom-in\">SECTORES<\/div>\n                                              <h1 class=\"block-fwtb__subtitle \" data-aos=\"zoom-in\" data-aos-delay=\"200\">Telecomunicaciones<\/h1>\n                        <\/div>\n          <div class=\"block-fwtb__bg_image\" style=\"background: linear-gradient(0deg, rgba(0, 0, 0, 0.3), rgba(0, 0, 0, 0.3)), url('https:\/\/www.overit.ai\/app\/uploads\/2020\/12\/Telco-header-3.jpg') center center\"><\/div>\n      <\/div>\n<\/section>\n\n<\/div><!-- .overit-block-wrapper -->\n<\/div><!-- .overit-block -->\n\n\n<div\n  class=\"overit-block overit-block--white overit-radius-full overit-margin-small overit-padding-small overit-block--fullwidth\n  overit-block-configurable-jumbotron\"\n        >\n  \n  <div class=\"overit-block-wrapper\">\n\n<section class=\"configurable-jumbotron left\" >\n    \n                  <div class=\"cj-title large\">Soluciones para optimizar el Field Service de las empresas que operan en el mercado de las telecomunicaciones y los medios de comunicaci\u00f3n<\/div>\n          \n                  <div class=\"cj-subtitle medium\"><p>OverIT NextGen FSM, de hecho, est\u00e1 dise\u00f1ado para optimizar el servicio sobre el terreno de las empresas que operan en este mercado en funci\u00f3n de las necesidades y los casos de uso t\u00edpicos de las empresas que se dedican al suministro, la venta, la instalaci\u00f3n, la inspecci\u00f3n y la reparaci\u00f3n de activos de telecomunicaciones.<\/p>\n<p>Cada vez m\u00e1s operadores de redes de cable y fibra \u00f3ptica, organizaciones de telecomunicaciones y proveedores de servicios de Internet necesitan productos y estrategias para optimizar sus procesos operativos cr\u00edticos y satisfacer las expectativas de los clientes.<\/p>\n<p>Impulsamos la transformaci\u00f3n digital de las empresas de este sector que, con nuestro apoyo, pueden aportar eficiencia a sus procesos y un nivel de servicio al cliente sin precedentes.<\/p>\n<\/div>\n          \n        <\/section>\n\n<\/div><!-- .overit-block-wrapper -->\n<\/div><!-- .overit-block -->\n\n\n<div\n  class=\"overit-block overit-block--white overit-radius-full overit-no-margin overit-padding-medium-bottom \n  overit-block-multi-info-cards\"\n        >\n  \n  <div class=\"overit-block-wrapper\">\n\n<div class=\"info-cards info-cards--3 info-cards--align-\">\n        <div class=\"info-cards__sections \">\n                  <div class=\"info-card info-card--3\n                    info-card--without-icon\n          \n          info-card--top-line\n        \">\n        <div class=\"info-card-inner\">\n                                                      <div class=\"info-card__description\" >\n              <p>Gesti\u00f3n de proyectos complejos de infraestructura relacionados con la creaci\u00f3n de nuevas redes y grandes inversiones en nuevas tecnolog\u00edas (por ejemplo, fibra \u00f3ptica, 5G)<\/p>\n\n            <\/div>\n                  <\/div>\n      <\/div>\n                  <div class=\"info-card info-card--3\n                    info-card--without-icon\n          \n          info-card--top-line\n        \">\n        <div class=\"info-card-inner\">\n                                                      <div class=\"info-card__description\" >\n              <p>Optimizaci\u00f3n de todo el ciclo de atenci\u00f3n al cliente: toma de citas, cumplimiento de los SLA y los contratos de mantenimiento, empleo de contratistas, satisfacci\u00f3n del cliente B2B y B2C<\/p>\n\n            <\/div>\n                  <\/div>\n      <\/div>\n                  <div class=\"info-card info-card--3\n                    info-card--without-icon\n          \n          info-card--top-line\n        \">\n        <div class=\"info-card-inner\">\n                                                      <div class=\"info-card__description\" >\n              <p>Gesti\u00f3n eficaz y oportuna de los activos cr\u00edticos, incluso mediante inspecciones e intervenciones a distancia, con repercusiones directas en la rentabilidad<\/p>\n\n            <\/div>\n                  <\/div>\n      <\/div>\n          <\/div>\n  <\/div>\n\n<\/div><!-- .overit-block-wrapper -->\n<\/div><!-- .overit-block -->\n\n\n<div\n  class=\"overit-block overit-block--white overit-radius-full overit-no-margin overit-padding-medium-bottom overit-block--fullwidth\n  overit-block-configurable-jumbotron\"\n        >\n  \n  <div class=\"overit-block-wrapper\">\n\n<section class=\"configurable-jumbotron left\" >\n    \n                  <div class=\"cj-title small\">Somos el \u00fanico proveedor en el mercado de FSM que ofrece una cobertura de extremo a extremo de casos de uso de gesti\u00f3n de activos y equipos complejos y una programaci\u00f3n optimizada -con el apoyo de la Inteligencia Artificial- de grandes vol\u00famenes de activos, estos \u00faltimos a menudo sujetos a una gran volatilidad.<\/div>\n          \n                  <div class=\"cj-subtitle medium\"><p>OverIT NextGen FSM ofrece funcionalidades para cubrir todo el proceso de dise\u00f1o y creaci\u00f3n de redes (tambi\u00e9n gracias a la profunda integraci\u00f3n con los sistemas GIS) y el mantenimiento de activos lineales, incluso en lugares remotos, as\u00ed como la programaci\u00f3n de citas con los t\u00e9cnicos para visitas, instalaciones o reparaciones en el sitio del cliente final. Adem\u00e1s, el producto aporta un valor a\u00f1adido a las empresas que participan en la gesti\u00f3n de los procesos de Assurance &amp; Delivery y Network Creation, acelerando su respuesta a las expectativas de los clientes, gracias a una gesti\u00f3n optimizada de los activos en el territorio.<\/p>\n<\/div>\n          \n        <\/section>\n\n<\/div><!-- .overit-block-wrapper -->\n<\/div><!-- .overit-block -->\n\n\n<div\n  class=\"overit-block overit-block--white overit-radius-full overit-margin-medium overit-padding-medium \n  overit-block-parallax-text-image\"\n        >\n  \n  <div class=\"overit-block-wrapper\">\n\n<section class=\"parallax-text-image parallax-text-image--black\">\n  <div class=\"parallax-text-image__container\">\n    <div class=\"parallax-text-image__content\">\n                        <div class=\"parallax-text-image__section-title\">CASO DE \u00c9XITO<\/div>\n                                      <div class=\"parallax-text-image__title\">Open Fiber \u2013 Proyecto PATH<\/div>\n                                      <div class=\"parallax-text-image__description\">Gracias a la experiencia de OverIT en el mundo TELCO y a las avanzadas funcionalidades que ofrece el producto de Field Service Management, Geocall, se ofreci\u00f3 al cliente una soluci\u00f3n capaz de proponer las mejores rutas para conectar los n\u00fameros de casas de inter\u00e9s, bas\u00e1ndose en los criterios seleccionados (distancia, coste o tiempo de realizaci\u00f3n), a trav\u00e9s de la integraci\u00f3n de datos heterog\u00e9neos (redes de OPEN FIBER, infraestructuras de terceros operadores, infraestructuras OLO, gr\u00e1fico de carreteras) y el uso de algoritmos de enrutamiento propios.<\/div>\n                            <div class=\"more-link more-link--invert\"><a href=\"\/es\/clientes\/casos-de-exito\/open-fiber-proyecto-path\/\">M\u00e1s informaci\u00f3n<\/a><\/div>\n          <\/div>\n    <div class=\"parallax-text-image__image\">\n      <a href=\"\/es\/clientes\/casos-de-exito\/open-fiber-proyecto-path\/\"><img decoding=\"async\" src=\"https:\/\/www.overit.ai\/app\/uploads\/2020\/12\/caso-di-successo-open-fiber-path.jpg\" alt=\"Caso di successo Open Fiber\" width=\"750\" height=\"700\" \/><\/a>\n    <\/div>\n  <\/div>\n<\/section>\n\n<\/div><!-- .overit-block-wrapper -->\n<\/div><!-- .overit-block -->\n\n\n<div\n  class=\"overit-block overit-block--white overit-radius-full overit-no-margin overit-no-padding overit-block--fullwidth\n  overit-block-configurable-jumbotron\"\n        >\n  \n  <div class=\"overit-block-wrapper\">\n\n<section class=\"configurable-jumbotron center\" >\n                  <div class=\"cj-section-title\">OTROS CASOS DE \u00c9XITO EN EL SECTOR TELCO<\/div>\n          \n    \n    \n        <\/section>\n\n<\/div><!-- .overit-block-wrapper -->\n<\/div><!-- .overit-block -->\n\n\n<div\n  class=\"overit-block overit-block--white overit-radius-full overit-no-margin overit-padding-medium-bottom \n  overit-block-case-study\"\n        >\n  \n  <div class=\"overit-block-wrapper\">\n\n<section class=\"arp arp--case-study\">\n  <div class=\"arp__cont\">\n          \n                                                    \n      \n      <div class=\"arp__body\">\n                     \n            <article class=\"arp__analyst-cont js-arp-analyst\"\n                      style=\"background-image: url('https:\/\/www.overit.ai\/app\/uploads\/2020\/12\/open-fiber-smarthub.jpg')\"                      data-category=\"\">\n                              <a href=\"\/es\/clientes\/casos-de-exito\/open-fiber-proyecto-smarthub\/\" >\n                              <div class=\"arp__opacity-box\">\n                                      <div class=\"arp__analyst-title\">OPEN FIBER<\/div>\n                                                        <div class=\"arp__analyst-description\">Proyecto SMARTHUB<\/div>\n                                  <\/div>\n                              <\/a>\n                          <\/article>\n                     \n            <article class=\"arp__analyst-cont js-arp-analyst\"\n                      style=\"background-image: url('https:\/\/www.overit.ai\/app\/uploads\/2020\/12\/open-fiber-fibra-ottica-fsm.jpg')\"                      data-category=\"\">\n                              <a href=\"\/es\/clientes\/casos-de-exito\/open-fiber-proyecto-path\/\" >\n                              <div class=\"arp__opacity-box\">\n                                      <div class=\"arp__analyst-title\">OPEN FIBER<\/div>\n                                                        <div class=\"arp__analyst-description\">Proyecto PATH<\/div>\n                                  <\/div>\n                              <\/a>\n                          <\/article>\n              <\/div>\n      <\/div>\n<\/section>\n\n<\/div><!-- .overit-block-wrapper -->\n<\/div><!-- .overit-block -->\n","protected":false},"excerpt":{"rendered":"","protected":false},"author":3,"featured_media":0,"parent":12323,"menu_order":0,"comment_status":"closed","ping_status":"closed","template":"","meta":{"_acf_changed":false,"footnotes":""},"case_study_category":[],"class_list":["post-12341","page","type-page","status-publish","hentry"],"acf":[],"yoast_head":"<!-- This site is optimized with the Yoast SEO Premium plugin v25.6 (Yoast SEO v25.6) - https:\/\/yoast.com\/wordpress\/plugins\/seo\/ -->\n<title>Soluciones de Field Service Management para el sector Telco<\/title>\n<meta name=\"description\" content=\"Soluciones de FSM en el sector Telco para la gesti\u00f3n de la instalaci\u00f3n, inspecci\u00f3n y reparaci\u00f3n de los activos de telecomunicaciones\" \/>\n<meta name=\"robots\" content=\"index, follow, max-snippet:-1, max-image-preview:large, max-video-preview:-1\" \/>\n<link rel=\"canonical\" href=\"https:\/\/www.overit.ai\/es\/sectores\/telecomunicaciones\/\" \/>\n<meta property=\"og:locale\" content=\"es_ES\" \/>\n<meta property=\"og:type\" content=\"article\" \/>\n<meta property=\"og:title\" content=\"Telco\" \/>\n<meta property=\"og:description\" content=\"Soluciones de FSM en el sector Telco para la gesti\u00f3n de la instalaci\u00f3n, inspecci\u00f3n y reparaci\u00f3n de los activos de telecomunicaciones\" \/>\n<meta property=\"og:url\" content=\"https:\/\/www.overit.ai\/es\/sectores\/telecomunicaciones\/\" \/>\n<meta property=\"og:site_name\" content=\"OverIT\" \/>\n<meta property=\"article:modified_time\" content=\"2024-09-19T16:11:43+00:00\" \/>\n<meta property=\"og:image\" content=\"https:\/\/www.overit.ai\/app\/uploads\/2020\/12\/Telco-header-3.jpg\" \/>\n\t<meta property=\"og:image:width\" content=\"2000\" \/>\n\t<meta property=\"og:image:height\" content=\"760\" \/>\n\t<meta property=\"og:image:type\" content=\"image\/jpeg\" \/>\n<meta name=\"twitter:card\" content=\"summary_large_image\" \/>\n<script type=\"application\/ld+json\" class=\"yoast-schema-graph\">{\"@context\":\"https:\/\/schema.org\",\"@graph\":[{\"@type\":\"WebPage\",\"@id\":\"https:\/\/www.overit.ai\/es\/sectores\/telecomunicaciones\/\",\"url\":\"https:\/\/www.overit.ai\/es\/sectores\/telecomunicaciones\/\",\"name\":\"Soluciones de Field Service Management para el sector Telco\",\"isPartOf\":{\"@id\":\"https:\/\/www.overit.ai\/es\/#website\"},\"datePublished\":\"2021-02-03T15:33:08+00:00\",\"dateModified\":\"2024-09-19T16:11:43+00:00\",\"description\":\"Soluciones de FSM en el sector Telco para la gesti\u00f3n de la instalaci\u00f3n, inspecci\u00f3n y reparaci\u00f3n de los activos de telecomunicaciones\",\"breadcrumb\":{\"@id\":\"https:\/\/www.overit.ai\/es\/sectores\/telecomunicaciones\/#breadcrumb\"},\"inLanguage\":\"es-ES\",\"potentialAction\":[{\"@type\":\"ReadAction\",\"target\":[\"https:\/\/www.overit.ai\/es\/sectores\/telecomunicaciones\/\"]}]},{\"@type\":\"BreadcrumbList\",\"@id\":\"https:\/\/www.overit.ai\/es\/sectores\/telecomunicaciones\/#breadcrumb\",\"itemListElement\":[{\"@type\":\"ListItem\",\"position\":1,\"name\":\"Home\",\"item\":\"https:\/\/www.overit.ai\/es\/\"},{\"@type\":\"ListItem\",\"position\":2,\"name\":\"Sectores\",\"item\":\"https:\/\/www.overit.ai\/es\/sectores\/\"},{\"@type\":\"ListItem\",\"position\":3,\"name\":\"Telco\"}]},{\"@type\":\"WebSite\",\"@id\":\"https:\/\/www.overit.ai\/es\/#website\",\"url\":\"https:\/\/www.overit.ai\/es\/\",\"name\":\"OverIT\",\"description\":\"Innovation in Field Service Management\",\"publisher\":{\"@id\":\"https:\/\/www.overit.ai\/es\/#organization\"},\"potentialAction\":[{\"@type\":\"SearchAction\",\"target\":{\"@type\":\"EntryPoint\",\"urlTemplate\":\"https:\/\/www.overit.ai\/es\/?s={search_term_string}\"},\"query-input\":{\"@type\":\"PropertyValueSpecification\",\"valueRequired\":true,\"valueName\":\"search_term_string\"}}],\"inLanguage\":\"es-ES\"},{\"@type\":\"Organization\",\"@id\":\"https:\/\/www.overit.ai\/es\/#organization\",\"name\":\"OverIT\",\"url\":\"https:\/\/www.overit.ai\/es\/\",\"logo\":{\"@type\":\"ImageObject\",\"inLanguage\":\"es-ES\",\"@id\":\"https:\/\/www.overit.ai\/es\/#\/schema\/logo\/image\/\",\"url\":\"https:\/\/www.overit.ai\/app\/uploads\/2021\/10\/OverIT-logo-400.png\",\"contentUrl\":\"https:\/\/www.overit.ai\/app\/uploads\/2021\/10\/OverIT-logo-400.png\",\"width\":400,\"height\":250,\"caption\":\"OverIT\"},\"image\":{\"@id\":\"https:\/\/www.overit.ai\/es\/#\/schema\/logo\/image\/\"}}]}<\/script>\n<!-- \/ Yoast SEO Premium plugin. -->","yoast_head_json":{"title":"Soluciones de Field Service Management para el sector Telco","description":"Soluciones de FSM en el sector Telco para la gesti\u00f3n de la instalaci\u00f3n, inspecci\u00f3n y reparaci\u00f3n de los activos de telecomunicaciones","robots":{"index":"index","follow":"follow","max-snippet":"max-snippet:-1","max-image-preview":"max-image-preview:large","max-video-preview":"max-video-preview:-1"},"canonical":"https:\/\/www.overit.ai\/es\/sectores\/telecomunicaciones\/","og_locale":"es_ES","og_type":"article","og_title":"Telco","og_description":"Soluciones de FSM en el sector Telco para la gesti\u00f3n de la instalaci\u00f3n, inspecci\u00f3n y reparaci\u00f3n de los activos de telecomunicaciones","og_url":"https:\/\/www.overit.ai\/es\/sectores\/telecomunicaciones\/","og_site_name":"OverIT","article_modified_time":"2024-09-19T16:11:43+00:00","og_image":[{"width":2000,"height":760,"url":"https:\/\/www.overit.ai\/app\/uploads\/2020\/12\/Telco-header-3.jpg","type":"image\/jpeg"}],"twitter_card":"summary_large_image","schema":{"@context":"https:\/\/schema.org","@graph":[{"@type":"WebPage","@id":"https:\/\/www.overit.ai\/es\/sectores\/telecomunicaciones\/","url":"https:\/\/www.overit.ai\/es\/sectores\/telecomunicaciones\/","name":"Soluciones de Field Service Management para el sector Telco","isPartOf":{"@id":"https:\/\/www.overit.ai\/es\/#website"},"datePublished":"2021-02-03T15:33:08+00:00","dateModified":"2024-09-19T16:11:43+00:00","description":"Soluciones de FSM en el sector Telco para la gesti\u00f3n de la instalaci\u00f3n, inspecci\u00f3n y reparaci\u00f3n de los activos de telecomunicaciones","breadcrumb":{"@id":"https:\/\/www.overit.ai\/es\/sectores\/telecomunicaciones\/#breadcrumb"},"inLanguage":"es-ES","potentialAction":[{"@type":"ReadAction","target":["https:\/\/www.overit.ai\/es\/sectores\/telecomunicaciones\/"]}]},{"@type":"BreadcrumbList","@id":"https:\/\/www.overit.ai\/es\/sectores\/telecomunicaciones\/#breadcrumb","itemListElement":[{"@type":"ListItem","position":1,"name":"Home","item":"https:\/\/www.overit.ai\/es\/"},{"@type":"ListItem","position":2,"name":"Sectores","item":"https:\/\/www.overit.ai\/es\/sectores\/"},{"@type":"ListItem","position":3,"name":"Telco"}]},{"@type":"WebSite","@id":"https:\/\/www.overit.ai\/es\/#website","url":"https:\/\/www.overit.ai\/es\/","name":"OverIT","description":"Innovation in Field Service Management","publisher":{"@id":"https:\/\/www.overit.ai\/es\/#organization"},"potentialAction":[{"@type":"SearchAction","target":{"@type":"EntryPoint","urlTemplate":"https:\/\/www.overit.ai\/es\/?s={search_term_string}"},"query-input":{"@type":"PropertyValueSpecification","valueRequired":true,"valueName":"search_term_string"}}],"inLanguage":"es-ES"},{"@type":"Organization","@id":"https:\/\/www.overit.ai\/es\/#organization","name":"OverIT","url":"https:\/\/www.overit.ai\/es\/","logo":{"@type":"ImageObject","inLanguage":"es-ES","@id":"https:\/\/www.overit.ai\/es\/#\/schema\/logo\/image\/","url":"https:\/\/www.overit.ai\/app\/uploads\/2021\/10\/OverIT-logo-400.png","contentUrl":"https:\/\/www.overit.ai\/app\/uploads\/2021\/10\/OverIT-logo-400.png","width":400,"height":250,"caption":"OverIT"},"image":{"@id":"https:\/\/www.overit.ai\/es\/#\/schema\/logo\/image\/"}}]}},"_links":{"self":[{"href":"https:\/\/www.overit.ai\/es\/wp-json\/wp\/v2\/pages\/12341","targetHints":{"allow":["GET"]}}],"collection":[{"href":"https:\/\/www.overit.ai\/es\/wp-json\/wp\/v2\/pages"}],"about":[{"href":"https:\/\/www.overit.ai\/es\/wp-json\/wp\/v2\/types\/page"}],"author":[{"embeddable":true,"href":"https:\/\/www.overit.ai\/es\/wp-json\/wp\/v2\/users\/3"}],"replies":[{"embeddable":true,"href":"https:\/\/www.overit.ai\/es\/wp-json\/wp\/v2\/comments?post=12341"}],"version-history":[{"count":18,"href":"https:\/\/www.overit.ai\/es\/wp-json\/wp\/v2\/pages\/12341\/revisions"}],"predecessor-version":[{"id":58440,"href":"https:\/\/www.overit.ai\/es\/wp-json\/wp\/v2\/pages\/12341\/revisions\/58440"}],"up":[{"embeddable":true,"href":"https:\/\/www.overit.ai\/es\/wp-json\/wp\/v2\/pages\/12323"}],"wp:attachment":[{"href":"https:\/\/www.overit.ai\/es\/wp-json\/wp\/v2\/media?parent=12341"}],"wp:term":[{"taxonomy":"case_study_category","embeddable":true,"href":"https:\/\/www.overit.ai\/es\/wp-json\/wp\/v2\/case_study_category?post=12341"}],"curies":[{"name":"wp","href":"https:\/\/api.w.org\/{rel}","templated":true}]}}