{"id":12338,"date":"2021-02-03T15:32:53","date_gmt":"2021-02-03T15:32:53","guid":{"rendered":"https:\/\/www.overit.ai\/it\/?page_id=12338"},"modified":"2024-09-19T16:19:26","modified_gmt":"2024-09-19T16:19:26","slug":"petroleo-gas","status":"publish","type":"page","link":"https:\/\/www.overit.ai\/es\/sectores\/petroleo-gas\/","title":{"rendered":"Petr\u00f3leo y Gas"},"content":{"rendered":"<div\n  class=\"overit-block overit-block--white overit-radius-full overit-no-margin overit-no-padding \n  overit-block-full-width-top-banner\"\n        >\n  \n  <div class=\"overit-block-wrapper\">\n\n\n<section class=\"block-fwtb\">\n  <div class=\"block-fwtb__bg \">\n    <div class=\"block-fwtb__content block-fwtb__content--light\">\n                        <div class=\"block-fwtb__title\" data-aos=\"zoom-in\">SECTORES<\/div>\n                                              <h1 class=\"block-fwtb__subtitle \" data-aos=\"zoom-in\" data-aos-delay=\"200\">Petr\u00f3leo y Gas<\/h1>\n                        <\/div>\n          <div class=\"block-fwtb__bg_image\" style=\"background: linear-gradient(0deg, rgba(0, 0, 0, 0.3), rgba(0, 0, 0, 0.3)), url('https:\/\/www.overit.ai\/app\/uploads\/2020\/12\/soluzioni-di-field-service-management-oil-gas.jpg') center center\"><\/div>\n      <\/div>\n<\/section>\n\n<\/div><!-- .overit-block-wrapper -->\n<\/div><!-- .overit-block -->\n\n\n<div\n  class=\"overit-block overit-block--white overit-radius-full overit-margin-small overit-padding-small overit-block--fullwidth\n  overit-block-configurable-jumbotron\"\n        >\n  \n  <div class=\"overit-block-wrapper\">\n\n<section class=\"configurable-jumbotron left\" >\n    \n                  <div class=\"cj-title large\">Somos reconocidos mundialmente por nuestra oferta y experiencia en procesos en el mercado del petr\u00f3leo y el gas.<\/div>\n          \n                  <div class=\"cj-subtitle medium\"><p>Desde hace m\u00e1s de 20 a\u00f1os, numerosos actores de referencia nos han elegido como el socio ideal para apoyar la transformaci\u00f3n y la optimizaci\u00f3n del Field Service Management en los procesos ascendentes, intermedios y descendentes para los que, con OverIT NextGen Platform, proporcionamos funciones espec\u00edficamente dise\u00f1adas para apoyar la organizaci\u00f3n y la ejecuci\u00f3n de las actividades de campo.<\/p>\n<\/div>\n          \n        <\/section>\n\n<\/div><!-- .overit-block-wrapper -->\n<\/div><!-- .overit-block -->\n\n\n<div\n  class=\"overit-block overit-block--white overit-radius-full overit-no-margin overit-no-padding \n  overit-block-multi-info-cards\"\n        >\n  \n  <div class=\"overit-block-wrapper\">\n\n<div class=\"info-cards info-cards--3 info-cards--align-\">\n        <div class=\"info-cards__sections \">\n                  <div class=\"info-card info-card--3\n                    info-card--without-icon\n          \n          info-card--top-line\n        \">\n        <div class=\"info-card-inner\">\n                                            <div class=\"info-card__title  info-card__title--uppercase \" >\n              Upstream\n            <\/div>\n                                            <div class=\"info-card__description\" >\n              <p>El sector cl\u00e1sico de Exploraci\u00f3n y Producci\u00f3n (E&amp;P), que consiste en actividades de exploraci\u00f3n y producci\u00f3n de petr\u00f3leo crudo y gas natural, tanto en el mar como en tierra firme.<\/p>\n\n            <\/div>\n                  <\/div>\n      <\/div>\n                  <div class=\"info-card info-card--3\n                    info-card--without-icon\n          \n          info-card--top-line\n        \">\n        <div class=\"info-card-inner\">\n                                            <div class=\"info-card__title  info-card__title--uppercase \" >\n              Midstream\n            <\/div>\n                                            <div class=\"info-card__description\" >\n              <p>Almacenamiento y transporte de petr\u00f3leo y gas, que incluye los activos de los yacimientos, la infraestructura, las plantas de tratamiento y compresi\u00f3n, los oleoductos y los medios de transporte. Un mantenimiento preventivo y correctivo eficaz y seguro garantiza el v\u00ednculo adecuado entre los procesos ascendentes y descendentes en el ciclo de vida del producto.<\/p>\n\n            <\/div>\n                  <\/div>\n      <\/div>\n                  <div class=\"info-card info-card--3\n                    info-card--without-icon\n          \n          info-card--top-line\n        \">\n        <div class=\"info-card-inner\">\n                                            <div class=\"info-card__title  info-card__title--uppercase \" >\n              Downstream\n            <\/div>\n                                            <div class=\"info-card__description\" >\n              <p>Este sector se dedica a la refinaci\u00f3n y purificaci\u00f3n de petr\u00f3leo y gas y su posterior distribuci\u00f3n a los clientes finales a trav\u00e9s de las redes apropiadas. En esta etapa, se llega al consumidor por medio de numerosos productos, como la gasolina, el queroseno, el combustible de aviaci\u00f3n, el combustible diesel, el combustible para calefacci\u00f3n, los aceites combustibles, los lubricantes, las ceras, el asfalto, el gas natural y el gas licuado de petr\u00f3leo (GLP), as\u00ed como cientos de productos petroqu\u00edmicos.<\/p>\n\n            <\/div>\n                  <\/div>\n      <\/div>\n          <\/div>\n  <\/div>\n\n<\/div><!-- .overit-block-wrapper -->\n<\/div><!-- .overit-block -->\n\n\n<div\n  class=\"overit-block overit-block--white overit-radius-full overit-no-margin overit-no-padding overit-block--fullwidth\n  overit-block-configurable-jumbotron\"\n        >\n  \n  <div class=\"overit-block-wrapper\">\n\n<section class=\"configurable-jumbotron center\" >\n    \n    \n                  <div class=\"cj-subtitle small\"><p><img decoding=\"async\" class=\"aligncenter wp-image-8810 size-large\" src=\"https:\/\/www.overit.ai\/app\/uploads\/2020\/12\/transforming-fsm-in-oil-gas-1024x663.jpg\" alt=\"Transforming FSM in Oil &amp; Gas\" width=\"1024\" height=\"663\" srcset=\"https:\/\/www.overit.ai\/app\/uploads\/2020\/12\/transforming-fsm-in-oil-gas-1024x663.jpg 1024w, https:\/\/www.overit.ai\/app\/uploads\/2020\/12\/transforming-fsm-in-oil-gas-300x194.jpg 300w, https:\/\/www.overit.ai\/app\/uploads\/2020\/12\/transforming-fsm-in-oil-gas-768x497.jpg 768w, https:\/\/www.overit.ai\/app\/uploads\/2020\/12\/transforming-fsm-in-oil-gas.jpg 1200w\" sizes=\"(max-width: 1024px) 100vw, 1024px\" \/><\/p>\n<\/div>\n          \n        <\/section>\n\n<\/div><!-- .overit-block-wrapper -->\n<\/div><!-- .overit-block -->\n\n\n<div\n  class=\"overit-block overit-block--white overit-radius-full overit-no-margin overit-padding-small \n  overit-block-parallax-text-image\"\n        >\n  \n  <div class=\"overit-block-wrapper\">\n\n<section class=\"parallax-text-image parallax-text-image--black\">\n  <div class=\"parallax-text-image__container\">\n    <div class=\"parallax-text-image__content\">\n                        <div class=\"parallax-text-image__section-title\">CASOS DE \u00c9XITO<\/div>\n                                      <div class=\"parallax-text-image__title\">Camuzzi \u2013 Proyecto WFM<\/div>\n                                      <div class=\"parallax-text-image__description\">Para la gesti\u00f3n de las operaciones relacionadas con el ciclo comercial, las emergencias y las reclamaciones de los clientes que implican actividades en el territorio, Camuzzi requer\u00eda una soluci\u00f3n que optimizara la planificaci\u00f3n de las actividades, movilizara los recursos sobre el terreno y mejorara la imagen de la empresa ante los clientes.<\/div>\n                            <div class=\"more-link more-link--invert\"><a href=\"\/es\/clientes\/casos-de-exito\/camuzzi-gas-proyecto-wfm\/\">M\u00e1s informaci\u00f3n<\/a><\/div>\n          <\/div>\n    <div class=\"parallax-text-image__image\">\n      <a href=\"\/es\/clientes\/casos-de-exito\/camuzzi-gas-proyecto-wfm\/\"><img decoding=\"async\" src=\"https:\/\/www.overit.ai\/app\/uploads\/2020\/12\/camuzzi-gas-progetto-wfm.jpg\" alt=\"Camuzzi - Progetto WFM\" width=\"2000\" height=\"1333\" \/><\/a>\n    <\/div>\n  <\/div>\n<\/section>\n\n<\/div><!-- .overit-block-wrapper -->\n<\/div><!-- .overit-block -->\n\n\n<div\n  class=\"overit-block overit-block--white overit-radius-full overit-no-margin overit-padding-medium-top overit-block--fullwidth\n  overit-block-configurable-jumbotron\"\n        >\n  \n  <div class=\"overit-block-wrapper\">\n\n<section class=\"configurable-jumbotron center\" >\n                  <div class=\"cj-section-title\">OTROS CASOS DE \u00c9XITO EN EL SECTOR DE PETR\u00d3LEO Y GAS<\/div>\n          \n    \n    \n        <\/section>\n\n<\/div><!-- .overit-block-wrapper -->\n<\/div><!-- .overit-block -->\n\n\n<div\n  class=\"overit-block overit-block--white overit-radius-full overit-margin-medium-bottom overit-no-padding \n  overit-block-case-study\"\n        >\n  \n  <div class=\"overit-block-wrapper\">\n\n<section class=\"arp arp--case-study\">\n  <div class=\"arp__cont\">\n          \n                                                    \n      \n      <div class=\"arp__body\">\n                     \n            <article class=\"arp__analyst-cont js-arp-analyst\"\n                      style=\"background-image: url('https:\/\/www.overit.ai\/app\/uploads\/2020\/12\/21-rete-gas-caso-1.jpg')\"                      data-category=\"\">\n                              <a href=\"\/es\/clientes\/casos-de-exito\/2i-rete-gas-workforce-management\/\" >\n                              <div class=\"arp__opacity-box\">\n                                      <div class=\"arp__analyst-title\">2i RETE GAS<\/div>\n                                                        <div class=\"arp__analyst-description\">Gesti\u00f3n de las \u00f3rdenes de intervenci\u00f3n y mantenimiento<\/div>\n                                  <\/div>\n                              <\/a>\n                          <\/article>\n                     \n            <article class=\"arp__analyst-cont js-arp-analyst\"\n                      style=\"background-image: url('https:\/\/www.overit.ai\/app\/uploads\/2020\/01\/Italgas-realwear.jpg')\"                      data-category=\"\">\n                              <a href=\"\/es\/noticias\/italgas-apuesta-por-el-producto-de-field-service-management-de-overit-y-por-los-dispositivos-portatiles-hmt-1z1-de-realwear\/\" >\n                              <div class=\"arp__opacity-box\">\n                                      <div class=\"arp__analyst-title\">ITALGAS<\/div>\n                                                        <div class=\"arp__analyst-description\">Transferencia de conocimientos<\/div>\n                                  <\/div>\n                              <\/a>\n                          <\/article>\n              <\/div>\n      <\/div>\n<\/section>\n\n<\/div><!-- .overit-block-wrapper -->\n<\/div><!-- .overit-block -->\n","protected":false},"excerpt":{"rendered":"","protected":false},"author":3,"featured_media":0,"parent":12323,"menu_order":0,"comment_status":"closed","ping_status":"closed","template":"","meta":{"_acf_changed":false,"footnotes":""},"case_study_category":[],"class_list":["post-12338","page","type-page","status-publish","hentry"],"acf":[],"yoast_head":"<!-- This site is optimized with the Yoast SEO Premium plugin v25.6 (Yoast SEO v25.6) - https:\/\/yoast.com\/wordpress\/plugins\/seo\/ -->\n<title>Soluciones de Field Service para el sector de Petr\u00f3leo y Gas<\/title>\n<meta name=\"description\" content=\"OverIT es reconocida por su oferta y experiencia en procesos en el mercado del petr\u00f3leo y el gas con sus soluciones de FSM\" \/>\n<meta name=\"robots\" content=\"index, follow, max-snippet:-1, max-image-preview:large, max-video-preview:-1\" \/>\n<link rel=\"canonical\" href=\"https:\/\/www.overit.ai\/es\/sectores\/petroleo-gas\/\" \/>\n<meta property=\"og:locale\" content=\"es_ES\" \/>\n<meta property=\"og:type\" content=\"article\" \/>\n<meta property=\"og:title\" content=\"Petr\u00f3leo y Gas\" \/>\n<meta property=\"og:description\" content=\"OverIT es reconocida por su oferta y experiencia en procesos en el mercado del petr\u00f3leo y el gas con sus soluciones de FSM\" \/>\n<meta property=\"og:url\" content=\"https:\/\/www.overit.ai\/es\/sectores\/petroleo-gas\/\" \/>\n<meta property=\"og:site_name\" content=\"OverIT\" \/>\n<meta property=\"article:modified_time\" content=\"2024-09-19T16:19:26+00:00\" \/>\n<meta property=\"og:image\" content=\"https:\/\/www.overit.ai\/app\/uploads\/2020\/12\/soluzioni-di-field-service-management-oil-gas.jpg\" \/>\n\t<meta property=\"og:image:width\" content=\"2000\" \/>\n\t<meta property=\"og:image:height\" content=\"760\" \/>\n\t<meta property=\"og:image:type\" content=\"image\/jpeg\" \/>\n<meta name=\"twitter:card\" content=\"summary_large_image\" \/>\n<script type=\"application\/ld+json\" class=\"yoast-schema-graph\">{\"@context\":\"https:\/\/schema.org\",\"@graph\":[{\"@type\":\"WebPage\",\"@id\":\"https:\/\/www.overit.ai\/es\/sectores\/petroleo-gas\/\",\"url\":\"https:\/\/www.overit.ai\/es\/sectores\/petroleo-gas\/\",\"name\":\"Soluciones de Field Service para el sector de Petr\u00f3leo y Gas\",\"isPartOf\":{\"@id\":\"https:\/\/www.overit.ai\/es\/#website\"},\"datePublished\":\"2021-02-03T15:32:53+00:00\",\"dateModified\":\"2024-09-19T16:19:26+00:00\",\"description\":\"OverIT es reconocida por su oferta y experiencia en procesos en el mercado del petr\u00f3leo y el gas con sus soluciones de FSM\",\"breadcrumb\":{\"@id\":\"https:\/\/www.overit.ai\/es\/sectores\/petroleo-gas\/#breadcrumb\"},\"inLanguage\":\"es-ES\",\"potentialAction\":[{\"@type\":\"ReadAction\",\"target\":[\"https:\/\/www.overit.ai\/es\/sectores\/petroleo-gas\/\"]}]},{\"@type\":\"BreadcrumbList\",\"@id\":\"https:\/\/www.overit.ai\/es\/sectores\/petroleo-gas\/#breadcrumb\",\"itemListElement\":[{\"@type\":\"ListItem\",\"position\":1,\"name\":\"Home\",\"item\":\"https:\/\/www.overit.ai\/es\/\"},{\"@type\":\"ListItem\",\"position\":2,\"name\":\"Sectores\",\"item\":\"https:\/\/www.overit.ai\/es\/sectores\/\"},{\"@type\":\"ListItem\",\"position\":3,\"name\":\"Petr\u00f3leo y Gas\"}]},{\"@type\":\"WebSite\",\"@id\":\"https:\/\/www.overit.ai\/es\/#website\",\"url\":\"https:\/\/www.overit.ai\/es\/\",\"name\":\"OverIT\",\"description\":\"Innovation in Field Service Management\",\"publisher\":{\"@id\":\"https:\/\/www.overit.ai\/es\/#organization\"},\"potentialAction\":[{\"@type\":\"SearchAction\",\"target\":{\"@type\":\"EntryPoint\",\"urlTemplate\":\"https:\/\/www.overit.ai\/es\/?s={search_term_string}\"},\"query-input\":{\"@type\":\"PropertyValueSpecification\",\"valueRequired\":true,\"valueName\":\"search_term_string\"}}],\"inLanguage\":\"es-ES\"},{\"@type\":\"Organization\",\"@id\":\"https:\/\/www.overit.ai\/es\/#organization\",\"name\":\"OverIT\",\"url\":\"https:\/\/www.overit.ai\/es\/\",\"logo\":{\"@type\":\"ImageObject\",\"inLanguage\":\"es-ES\",\"@id\":\"https:\/\/www.overit.ai\/es\/#\/schema\/logo\/image\/\",\"url\":\"https:\/\/www.overit.ai\/app\/uploads\/2021\/10\/OverIT-logo-400.png\",\"contentUrl\":\"https:\/\/www.overit.ai\/app\/uploads\/2021\/10\/OverIT-logo-400.png\",\"width\":400,\"height\":250,\"caption\":\"OverIT\"},\"image\":{\"@id\":\"https:\/\/www.overit.ai\/es\/#\/schema\/logo\/image\/\"}}]}<\/script>\n<!-- \/ Yoast SEO Premium plugin. -->","yoast_head_json":{"title":"Soluciones de Field Service para el sector de Petr\u00f3leo y Gas","description":"OverIT es reconocida por su oferta y experiencia en procesos en el mercado del petr\u00f3leo y el gas con sus soluciones de FSM","robots":{"index":"index","follow":"follow","max-snippet":"max-snippet:-1","max-image-preview":"max-image-preview:large","max-video-preview":"max-video-preview:-1"},"canonical":"https:\/\/www.overit.ai\/es\/sectores\/petroleo-gas\/","og_locale":"es_ES","og_type":"article","og_title":"Petr\u00f3leo y Gas","og_description":"OverIT es reconocida por su oferta y experiencia en procesos en el mercado del petr\u00f3leo y el gas con sus soluciones de FSM","og_url":"https:\/\/www.overit.ai\/es\/sectores\/petroleo-gas\/","og_site_name":"OverIT","article_modified_time":"2024-09-19T16:19:26+00:00","og_image":[{"width":2000,"height":760,"url":"https:\/\/www.overit.ai\/app\/uploads\/2020\/12\/soluzioni-di-field-service-management-oil-gas.jpg","type":"image\/jpeg"}],"twitter_card":"summary_large_image","schema":{"@context":"https:\/\/schema.org","@graph":[{"@type":"WebPage","@id":"https:\/\/www.overit.ai\/es\/sectores\/petroleo-gas\/","url":"https:\/\/www.overit.ai\/es\/sectores\/petroleo-gas\/","name":"Soluciones de Field Service para el sector de Petr\u00f3leo y Gas","isPartOf":{"@id":"https:\/\/www.overit.ai\/es\/#website"},"datePublished":"2021-02-03T15:32:53+00:00","dateModified":"2024-09-19T16:19:26+00:00","description":"OverIT es reconocida por su oferta y experiencia en procesos en el mercado del petr\u00f3leo y el gas con sus soluciones de FSM","breadcrumb":{"@id":"https:\/\/www.overit.ai\/es\/sectores\/petroleo-gas\/#breadcrumb"},"inLanguage":"es-ES","potentialAction":[{"@type":"ReadAction","target":["https:\/\/www.overit.ai\/es\/sectores\/petroleo-gas\/"]}]},{"@type":"BreadcrumbList","@id":"https:\/\/www.overit.ai\/es\/sectores\/petroleo-gas\/#breadcrumb","itemListElement":[{"@type":"ListItem","position":1,"name":"Home","item":"https:\/\/www.overit.ai\/es\/"},{"@type":"ListItem","position":2,"name":"Sectores","item":"https:\/\/www.overit.ai\/es\/sectores\/"},{"@type":"ListItem","position":3,"name":"Petr\u00f3leo y Gas"}]},{"@type":"WebSite","@id":"https:\/\/www.overit.ai\/es\/#website","url":"https:\/\/www.overit.ai\/es\/","name":"OverIT","description":"Innovation in Field Service Management","publisher":{"@id":"https:\/\/www.overit.ai\/es\/#organization"},"potentialAction":[{"@type":"SearchAction","target":{"@type":"EntryPoint","urlTemplate":"https:\/\/www.overit.ai\/es\/?s={search_term_string}"},"query-input":{"@type":"PropertyValueSpecification","valueRequired":true,"valueName":"search_term_string"}}],"inLanguage":"es-ES"},{"@type":"Organization","@id":"https:\/\/www.overit.ai\/es\/#organization","name":"OverIT","url":"https:\/\/www.overit.ai\/es\/","logo":{"@type":"ImageObject","inLanguage":"es-ES","@id":"https:\/\/www.overit.ai\/es\/#\/schema\/logo\/image\/","url":"https:\/\/www.overit.ai\/app\/uploads\/2021\/10\/OverIT-logo-400.png","contentUrl":"https:\/\/www.overit.ai\/app\/uploads\/2021\/10\/OverIT-logo-400.png","width":400,"height":250,"caption":"OverIT"},"image":{"@id":"https:\/\/www.overit.ai\/es\/#\/schema\/logo\/image\/"}}]}},"_links":{"self":[{"href":"https:\/\/www.overit.ai\/es\/wp-json\/wp\/v2\/pages\/12338","targetHints":{"allow":["GET"]}}],"collection":[{"href":"https:\/\/www.overit.ai\/es\/wp-json\/wp\/v2\/pages"}],"about":[{"href":"https:\/\/www.overit.ai\/es\/wp-json\/wp\/v2\/types\/page"}],"author":[{"embeddable":true,"href":"https:\/\/www.overit.ai\/es\/wp-json\/wp\/v2\/users\/3"}],"replies":[{"embeddable":true,"href":"https:\/\/www.overit.ai\/es\/wp-json\/wp\/v2\/comments?post=12338"}],"version-history":[{"count":16,"href":"https:\/\/www.overit.ai\/es\/wp-json\/wp\/v2\/pages\/12338\/revisions"}],"predecessor-version":[{"id":58460,"href":"https:\/\/www.overit.ai\/es\/wp-json\/wp\/v2\/pages\/12338\/revisions\/58460"}],"up":[{"embeddable":true,"href":"https:\/\/www.overit.ai\/es\/wp-json\/wp\/v2\/pages\/12323"}],"wp:attachment":[{"href":"https:\/\/www.overit.ai\/es\/wp-json\/wp\/v2\/media?parent=12338"}],"wp:term":[{"taxonomy":"case_study_category","embeddable":true,"href":"https:\/\/www.overit.ai\/es\/wp-json\/wp\/v2\/case_study_category?post=12338"}],"curies":[{"name":"wp","href":"https:\/\/api.w.org\/{rel}","templated":true}]}}