{"id":11440,"date":"2021-02-03T15:07:35","date_gmt":"2021-02-03T15:07:35","guid":{"rendered":"https:\/\/www.overit.ai\/it\/?page_id=11440"},"modified":"2026-03-31T07:10:25","modified_gmt":"2026-03-31T07:10:25","slug":"enel-green-power-proyecto-plant","status":"publish","type":"page","link":"https:\/\/www.overit.ai\/es\/clientes\/casos-de-exito\/enel-green-power-proyecto-plant\/","title":{"rendered":"Gesti\u00f3n y supervisi\u00f3n de plantas de generaci\u00f3n de energ\u00eda en todo el mundo"},"content":{"rendered":"<div\n  class=\"overit-block overit-block--white overit-radius-none overit-margin-small-bottom overit-no-padding \n  overit-block-customer-page-header\"\n        >\n  \n  <div class=\"overit-block-wrapper\">\n\n<div class=\"cph\">\n  \n    <div class=\"cph_slogan-cont\" style=\"background: linear-gradient(0deg, rgba(0, 0, 0, 0.3), rgba(0, 0, 0, 0.3)), url('https:\/\/www.overit.ai\/app\/uploads\/2020\/12\/enel-green-power-pannelli-solari.jpg') center center\">\n                  <div class=\"cph__section-title\">ENEL GLOBAL POWER GENERATION<\/div>\n                                    <h1 class=\"cph__slogan\">Gesti\u00f3n y supervisi\u00f3n de plantas de generaci\u00f3n de energ\u00eda en todo el mundo<\/h1>\n            <\/div>\n  <div class=\"cph__customer-section\" data-aos=\"fade-up\">\n    <div class=\"cph__customer-desc-cont\">\n                    <img decoding=\"async\" class=\"cph__customer-logo\" src=\"https:\/\/www.overit.ai\/app\/uploads\/2020\/11\/enel-e-order-logo.png\" alt=\"enel-e-order-logo\" width=\"400\" height=\"100\" \/>\n            <div class=\"cph__customer-desc\">\n        <p>Enel Global Power Generation es la empresa del Grupo Enel que opera en 29 pa\u00edses del mundo en el desarrollo y la gesti\u00f3n de las actividades de generaci\u00f3n de energ\u00eda a partir de fuentes renovables, como la solar, la geot\u00e9rmica, la e\u00f3lica y la hidr\u00e1ulica, y de fuentes t\u00e9rmicas, como el petr\u00f3leo y el gas.<\/p>\n\n      <\/div>\n    <\/div>\n    <div class=\"cph__customer-facts\">\n              <div class=\"cph__facts-title\">INFORMACI\u00d3N CLAVE<\/div>\n        <div class=\"cph__facts\">\n                     <div class=\"cph__fact-cont\">\n            <div class=\"cph__fact-label\">\n              Sector\n            <\/div>\n            <div class=\"cph__fact\">\n              Energ\u00eda y Empresas de Servicios\n            <\/div>\n          <\/div>\n                     <div class=\"cph__fact-cont\">\n            <div class=\"cph__fact-label\">\n              Zona geogr\u00e1fica\n            <\/div>\n            <div class=\"cph__fact\">\n              NA (EE.UU. + Canad\u00e1)\n            <\/div>\n          <\/div>\n                     <div class=\"cph__fact-cont\">\n            <div class=\"cph__fact-label\">\n              T\u00e9cnicos implicados\n            <\/div>\n            <div class=\"cph__fact\">\n              200+\n            <\/div>\n          <\/div>\n                     <div class=\"cph__fact-cont\">\n            <div class=\"cph__fact-label\">\n              Pa\u00edses atendidos\n            <\/div>\n            <div class=\"cph__fact\">\n              29\n            <\/div>\n          <\/div>\n                  <\/div>\n          <\/div>\n  <\/div>\n<\/div>\n\n<\/div><!-- .overit-block-wrapper -->\n<\/div><!-- .overit-block -->\n\n\n<div\n  class=\"overit-block overit-block--white overit-radius-full overit-no-margin overit-padding-small overit-block--fullwidth\n  overit-block-configurable-jumbotron\"\n        >\n  \n  <div class=\"overit-block-wrapper\">\n\n<section class=\"configurable-jumbotron left\" >\n    \n    \n                  <div class=\"cj-subtitle small\"><p>La descarbonizaci\u00f3n de la energ\u00eda y la ecologizaci\u00f3n de la econom\u00eda con objeto de hacerla m\u00e1s equitativa e integradora para todas las partes implicadas, desde los individuos hasta sus comunidades y desde los proveedores hasta los clientes, es una acci\u00f3n que ya no se puede aplazar m\u00e1s. Esto supone el respeto de la dignidad y los derechos humanos mediante el suministro de energ\u00eda a toda la poblaci\u00f3n en su conjunto, sin distinci\u00f3n de nacionalidad ni de estatus social o econ\u00f3mico y manteniendo un enfoque constante en el medio ambiente. En una \u00e9poca en la que el mundo entero se apresta a cerrar las centrales de carb\u00f3n, Enel Global Power Generation desempe\u00f1a un papel decisivo a la hora de facilitar la transici\u00f3n hacia una energ\u00eda sostenible, priorizando a las personas y al medio ambiente e invirtiendo en la adopci\u00f3n de tecnolog\u00edas punteras.<\/p>\n<\/div>\n          \n        <\/section>\n\n<\/div><!-- .overit-block-wrapper -->\n<\/div><!-- .overit-block -->\n\n\n<div\n  class=\"overit-block overit-block--white overit-radius-full overit-no-margin overit-padding-small overit-block--fullwidth\n  overit-block-configurable-jumbotron\"\n        >\n  \n  <div class=\"overit-block-wrapper\">\n\n<section class=\"configurable-jumbotron left\" >\n                  <h3 class=\"cj-section-title\">Desaf\u00edo empresarial<\/h3>\n          \n                  <div class=\"cj-title medium\">Apoyo y seguimiento de las actividades en las centrales de generaci\u00f3n de energ\u00eda a escala mundial a fin de garantizar la continuidad del servicio<\/div>\n          \n                  <div class=\"cj-subtitle small\"><p>Enel Global Power Generation opera en 1.200 plantas de energ\u00eda renovable distribuidas en todo el mundo y suministra energ\u00eda sostenible a 29 pa\u00edses de 5 continentes diferentes, generando m\u00e1s de 1,2 millones de actividades al a\u00f1o. Por supuesto, en un entorno tan complejo y variado como este, la adopci\u00f3n de un \u00fanico sistema que apoye los procesos empresariales y supervise las plantas de generaci\u00f3n de energ\u00eda en tiempo real es un avance decisivo que Enel Global Power Generation estaba determinada a llevar a cabo para impulsar la transici\u00f3n energ\u00e9tica a trav\u00e9s de tecnolog\u00edas de vanguardia, al tiempo que sigue garantizando la continuidad del suministro el\u00e9ctrico.<\/p>\n<\/div>\n          \n        <\/section>\n\n<\/div><!-- .overit-block-wrapper -->\n<\/div><!-- .overit-block -->\n\n\n<div\n  class=\"overit-block overit-block--white overit-radius-full  overit-no-padding \n  overit-block-separator\"\n        >\n  \n  <div class=\"overit-block-wrapper\">\n\n<div class=\"overit-separator overit-separator--boxed\">\n  <hr\/>\n<\/div>\n\n<\/div><!-- .overit-block-wrapper -->\n<\/div><!-- .overit-block -->\n\n\n<div\n  class=\"overit-block overit-block--white overit-radius-full overit-no-margin overit-padding-medium overit-block--fullwidth\n  overit-block-configurable-jumbotron\"\n        >\n  \n  <div class=\"overit-block-wrapper\">\n\n<section class=\"configurable-jumbotron left\" >\n                  <h3 class=\"cj-section-title\">SOLUCI\u00d3N<\/h3>\n          \n                  <div class=\"cj-title medium\">Razionalizaci\u00f3n de los procesos de gesti\u00f3n y seguimiento de las plantas de generaci\u00f3n de energ\u00eda para liderar el proceso de transici\u00f3n energ\u00e9tica<\/div>\n          \n                  <div class=\"cj-subtitle small\"><p>La soluci\u00f3n de OverIT se traduce para Enel Global Power Generation en un soporte en tiempo real de los procesos de Operaci\u00f3n y Mantenimiento y en el rastreo de todas sus plantas y dispositivos de generaci\u00f3n de energ\u00eda. Asimismo, en consideraci\u00f3n de su \u00e1mbito de actuaci\u00f3n internacional, la soluci\u00f3n cuenta con una configuraci\u00f3n global de plantillas para los despliegues y, en cuanto al componente m\u00f3vil, con una interfaz multiling\u00fce y sencilla que facilita a los t\u00e9cnicos la ejecuci\u00f3n de sus tareas sobre el terreno.<\/p>\n<ul>\n<li><strong>Integraci\u00f3n de terceros<\/strong><br \/>\nIntegraci\u00f3n con sistemas externos como: OSI-SOFT para la recopilaci\u00f3n de informaci\u00f3n (por ejemplo, registros y tickets) de sistemas sensoriales y la asociaci\u00f3n con eventos y ulterior env\u00edo de \u00f3rdenes de trabajo a la soluci\u00f3n OverIT; SAP &#8211; PM para la creaci\u00f3n de \u00f3rdenes de trabajo; CKS y LDAP para la gesti\u00f3n de documentos; Compac para la gesti\u00f3n de usuarios<\/li>\n<li><strong>Control de emergencias y visualizaci\u00f3n de actividades en el m\u00f3vil<\/strong><br \/>\nSupervisi\u00f3n de emergencias y gesti\u00f3n de alarmas, indisponibilidades planificadas y avisos que se produzcan en las plantas, adem\u00e1s de fusi\u00f3n y divisi\u00f3n de eventos. Generaci\u00f3n de notificaciones a SAP para activar el proceso de gesti\u00f3n de la mano de obra<\/li>\n<li><strong>Aplicaci\u00f3n m\u00f3vil<\/strong><br \/>\nSoluci\u00f3n m\u00f3vil intuitiva a disposici\u00f3n de m\u00e1s de 200 usuarios y accesible a trav\u00e9s del smartphone, incluso offline, para que se hagan cargo de las \u00f3rdenes de trabajo en las plantas de generaci\u00f3n de energ\u00eda y para supervisar su rendimiento eficiente, gestionar las notificaciones de mantenimiento, ejecutar y finalizar las tareas completadas<\/li>\n<\/ul>\n<\/div>\n          \n        <\/section>\n\n<\/div><!-- .overit-block-wrapper -->\n<\/div><!-- .overit-block -->\n\n\n<div\n  class=\"overit-block overit-block--white overit-radius-full overit-no-margin overit-no-padding \n  overit-block-separator\"\n        >\n  \n  <div class=\"overit-block-wrapper\">\n\n<div class=\"overit-separator overit-separator--boxed\">\n  <hr\/>\n<\/div>\n\n<\/div><!-- .overit-block-wrapper -->\n<\/div><!-- .overit-block -->\n\n\n<div\n  class=\"overit-block overit-block--white overit-radius-full overit-no-margin overit-padding-medium overit-block--fullwidth\n  overit-block-configurable-jumbotron\"\n        >\n  \n  <div class=\"overit-block-wrapper\">\n\n<section class=\"configurable-jumbotron left\" >\n                  <h3 class=\"cj-section-title\">RESULTADOS<\/h3>\n          \n                  <div class=\"cj-title medium\">Gracias a OverIT, Enel Global Power Generation ha alcanzado beneficios notables:<\/div>\n          \n    \n        <\/section>\n\n<\/div><!-- .overit-block-wrapper -->\n<\/div><!-- .overit-block -->\n\n\n<div\n  class=\"overit-block overit-block--white overit-radius-full overit-margin-medium-bottom overit-padding-medium-bottom \n  overit-block-multi-info-cards\"\n        >\n  \n  <div class=\"overit-block-wrapper\">\n\n<div class=\"info-cards info-cards--3 info-cards--align-left\">\n        <div class=\"info-cards__sections \">\n                  <div class=\"info-card info-card--3\n                    info-card--without-icon\n          \n          info-card--top-line\n        \">\n        <div class=\"info-card-inner\">\n                                                      <div class=\"info-card__description\" >\n              <p>Aumento en un 50% de la productividad de los recursos de campo<\/p>\n\n            <\/div>\n                  <\/div>\n      <\/div>\n                  <div class=\"info-card info-card--3\n                    info-card--without-icon\n          \n          info-card--top-line\n        \">\n        <div class=\"info-card-inner\">\n                                                      <div class=\"info-card__description\" >\n              <p>Reducci\u00f3n en un 40% del tiempo de inactividad para eventos gestionados en el sistema de Direcci\u00f3n de Planta<\/p>\n\n            <\/div>\n                  <\/div>\n      <\/div>\n                  <div class=\"info-card info-card--3\n                    info-card--without-icon\n          \n          info-card--top-line\n        \">\n        <div class=\"info-card-inner\">\n                                                      <div class=\"info-card__description\" >\n              <p>Reducci\u00f3n en un 30% del tiempo de notificaci\u00f3n de actividades mediante el aumento de la mano de obra<\/p>\n\n            <\/div>\n                  <\/div>\n      <\/div>\n          <\/div>\n  <\/div>\n\n<\/div><!-- .overit-block-wrapper -->\n<\/div><!-- .overit-block -->\n\n\n<div\n  class=\"overit-block overit-block--white overit-radius-full overit-margin-medium overit-padding-medium \n  overit-block-sustainable-development-goals\"\n        >\n  \n  <div class=\"overit-block-wrapper\">\n\n\n<div class=\"sdg\" id=\"\">\n  <div class=\"sdg__container\">\n    <div class=\"sdg__logo\">\n      <img decoding=\"async\" src=\"https:\/\/www.overit.ai\/app\/themes\/overit-theme\/resources\/assets\/images\/sdg\/ES\/logo.png\" width=\"96\" height=\"82\" alt=\"Icono representativo de los Objetivos de Desarrollo Sostenible\" \/>\n    <\/div>\n          <div class=\"sdg__description\">\n        <p><p>La generaci\u00f3n de energ\u00eda limpia a partir de fuentes renovables s\u00f3lo es el primer paso para Enel Global Power Generation, cuya estrategia empresarial abarca el principio de la sostenibilidad en todas las fases del proyecto. Promoviendo acciones y mejores pr\u00e1cticas ante el cambio clim\u00e1tico, Enel fomenta la transici\u00f3n hacia la descarbonizaci\u00f3n, minimizando el impacto ambiental y maximizando el rendimiento, al tiempo que aporta beneficios econ\u00f3micos y sociales a las comunidades mediante la difusi\u00f3n de la econom\u00eda circular. La energ\u00eda as\u00ed producida es asequible, sostenible, limpia y accesible a toda la colectividad a nivel mundial. Al confiar en tecnolog\u00edas de \u00faltima generaci\u00f3n, la soluci\u00f3n de OverIT ayuda a Enel Global Power Generation a minimizar el impacto medioambiental de sus actividades, optimizando la eficiencia operativa de las plantas y garantizando el uso responsable de los recursos.<\/p>\n<\/p>\n      <\/div>\n              <div class=\"sdg__title\">\n        <p>OverIT <strong>NextGen Platform<\/strong> ha contribuido al cumplimiento de los <strong>Objetivos de Desarrollo Sostenible<\/strong><\/p>\n      <\/div>\n      <div class=\"sdg__icons\">\n                                        <div class=\"sdg__icon\">\n              <img decoding=\"async\" src=\"https:\/\/www.overit.ai\/app\/themes\/overit-theme\/resources\/assets\/images\/sdg\/ES\/7.png\" alt=\"\u00cdcono que representa el Objetivo de Desarrollo Sostenible 7: Energ\u00eda asequible y no contaminante\" width=\"76\" height=\"76\" \/>\n            <\/div>\n                                                  <div class=\"sdg__icon\">\n              <img decoding=\"async\" src=\"https:\/\/www.overit.ai\/app\/themes\/overit-theme\/resources\/assets\/images\/sdg\/ES\/9.png\" alt=\"\u00cdcono que representa el Objetivo de Desarrollo Sostenible 9: Industria, innovaci\u00f3n e infraestructura\" width=\"76\" height=\"76\" \/>\n            <\/div>\n                                                  <div class=\"sdg__icon\">\n              <img decoding=\"async\" src=\"https:\/\/www.overit.ai\/app\/themes\/overit-theme\/resources\/assets\/images\/sdg\/ES\/11.png\" alt=\"\u00cdcono que representa el Objetivo de Desarrollo Sostenible 11: Ciudades y comunidades sostenibles\" width=\"76\" height=\"76\" \/>\n            <\/div>\n                                                  <div class=\"sdg__icon\">\n              <img decoding=\"async\" src=\"https:\/\/www.overit.ai\/app\/themes\/overit-theme\/resources\/assets\/images\/sdg\/ES\/13.png\" alt=\"\u00cdcono que representa el Objetivo de Desarrollo Sostenible 13: Acci\u00f3n por el clima\" width=\"76\" height=\"76\" \/>\n            <\/div>\n                        <\/div>\n      <\/div>\n<\/div>\n\n<\/div><!-- .overit-block-wrapper -->\n<\/div><!-- .overit-block -->\n","protected":false},"excerpt":{"rendered":"","protected":false},"author":3,"featured_media":4876,"parent":13032,"menu_order":0,"comment_status":"closed","ping_status":"closed","template":"","meta":{"_acf_changed":false,"footnotes":""},"case_study_category":[229],"class_list":["post-11440","page","type-page","status-publish","has-post-thumbnail","hentry","case_study_category-energia-servicios-publicos"],"acf":[],"yoast_head":"<!-- This site is optimized with the Yoast SEO Premium plugin v25.6 (Yoast SEO v25.6) - https:\/\/yoast.com\/wordpress\/plugins\/seo\/ -->\n<title>Enel y la soluci\u00f3n de OverIT para el mantenimiento de las plantas<\/title>\n<meta name=\"description\" content=\"Enel planifica, gestiona y supervisa las actividades de mantenimiento de las plantas, gracias a las funciones FSM de la soluci\u00f3n de OverIT\" \/>\n<meta name=\"robots\" content=\"index, follow, max-snippet:-1, max-image-preview:large, max-video-preview:-1\" \/>\n<link rel=\"canonical\" href=\"https:\/\/www.overit.ai\/es\/clientes\/casos-de-exito\/enel-green-power-proyecto-plant\/\" \/>\n<meta property=\"og:locale\" content=\"es_ES\" \/>\n<meta property=\"og:type\" content=\"article\" \/>\n<meta property=\"og:title\" content=\"Gesti\u00f3n y supervisi\u00f3n de plantas de generaci\u00f3n de energ\u00eda en todo el mundo\" \/>\n<meta property=\"og:description\" content=\"Enel planifica, gestiona y supervisa las actividades de mantenimiento de las plantas, gracias a las funciones FSM de la soluci\u00f3n de OverIT\" \/>\n<meta property=\"og:url\" content=\"https:\/\/www.overit.ai\/es\/clientes\/casos-de-exito\/enel-green-power-proyecto-plant\/\" \/>\n<meta property=\"og:site_name\" content=\"OverIT\" \/>\n<meta property=\"article:modified_time\" content=\"2026-03-31T07:10:25+00:00\" \/>\n<meta property=\"og:image\" content=\"https:\/\/www.overit.ai\/app\/uploads\/2020\/12\/enel-green-power-pannelli-solari.jpg\" \/>\n\t<meta property=\"og:image:width\" content=\"2000\" \/>\n\t<meta property=\"og:image:height\" content=\"1333\" \/>\n\t<meta property=\"og:image:type\" content=\"image\/jpeg\" \/>\n<meta name=\"twitter:card\" content=\"summary_large_image\" \/>\n<meta name=\"twitter:label1\" content=\"Est. reading time\" \/>\n\t<meta name=\"twitter:data1\" content=\"5 minutes\" \/>\n<script type=\"application\/ld+json\" class=\"yoast-schema-graph\">{\"@context\":\"https:\/\/schema.org\",\"@graph\":[{\"@type\":\"WebPage\",\"@id\":\"https:\/\/www.overit.ai\/es\/clientes\/casos-de-exito\/enel-green-power-proyecto-plant\/\",\"url\":\"https:\/\/www.overit.ai\/es\/clientes\/casos-de-exito\/enel-green-power-proyecto-plant\/\",\"name\":\"Enel y la soluci\u00f3n de OverIT para el mantenimiento de las plantas\",\"isPartOf\":{\"@id\":\"https:\/\/www.overit.ai\/es\/#website\"},\"primaryImageOfPage\":{\"@id\":\"https:\/\/www.overit.ai\/es\/clientes\/casos-de-exito\/enel-green-power-proyecto-plant\/#primaryimage\"},\"image\":{\"@id\":\"https:\/\/www.overit.ai\/es\/clientes\/casos-de-exito\/enel-green-power-proyecto-plant\/#primaryimage\"},\"thumbnailUrl\":\"https:\/\/www.overit.ai\/app\/uploads\/2020\/12\/enel-green-power-plant-manutenzione-2.jpg\",\"datePublished\":\"2021-02-03T15:07:35+00:00\",\"dateModified\":\"2026-03-31T07:10:25+00:00\",\"description\":\"Enel planifica, gestiona y supervisa las actividades de mantenimiento de las plantas, gracias a las funciones FSM de la soluci\u00f3n de OverIT\",\"breadcrumb\":{\"@id\":\"https:\/\/www.overit.ai\/es\/clientes\/casos-de-exito\/enel-green-power-proyecto-plant\/#breadcrumb\"},\"inLanguage\":\"es-ES\",\"potentialAction\":[{\"@type\":\"ReadAction\",\"target\":[\"https:\/\/www.overit.ai\/es\/clientes\/casos-de-exito\/enel-green-power-proyecto-plant\/\"]}]},{\"@type\":\"ImageObject\",\"inLanguage\":\"es-ES\",\"@id\":\"https:\/\/www.overit.ai\/es\/clientes\/casos-de-exito\/enel-green-power-proyecto-plant\/#primaryimage\",\"url\":\"https:\/\/www.overit.ai\/app\/uploads\/2020\/12\/enel-green-power-plant-manutenzione-2.jpg\",\"contentUrl\":\"https:\/\/www.overit.ai\/app\/uploads\/2020\/12\/enel-green-power-plant-manutenzione-2.jpg\",\"width\":2000,\"height\":937,\"caption\":\"Enel Green Power - Manutenzione in campo\"},{\"@type\":\"BreadcrumbList\",\"@id\":\"https:\/\/www.overit.ai\/es\/clientes\/casos-de-exito\/enel-green-power-proyecto-plant\/#breadcrumb\",\"itemListElement\":[{\"@type\":\"ListItem\",\"position\":1,\"name\":\"Home\",\"item\":\"https:\/\/www.overit.ai\/es\/\"},{\"@type\":\"ListItem\",\"position\":2,\"name\":\"Clientes\",\"item\":\"https:\/\/www.overit.ai\/es\/clientes\/\"},{\"@type\":\"ListItem\",\"position\":3,\"name\":\"Casos de \u00c9xito\",\"item\":\"https:\/\/www.overit.ai\/es\/clientes\/casos-de-exito\/\"},{\"@type\":\"ListItem\",\"position\":4,\"name\":\"Gesti\u00f3n y supervisi\u00f3n de plantas de generaci\u00f3n de energ\u00eda en todo el mundo\"}]},{\"@type\":\"WebSite\",\"@id\":\"https:\/\/www.overit.ai\/es\/#website\",\"url\":\"https:\/\/www.overit.ai\/es\/\",\"name\":\"OverIT\",\"description\":\"Innovation in Field Service Management\",\"publisher\":{\"@id\":\"https:\/\/www.overit.ai\/es\/#organization\"},\"potentialAction\":[{\"@type\":\"SearchAction\",\"target\":{\"@type\":\"EntryPoint\",\"urlTemplate\":\"https:\/\/www.overit.ai\/es\/?s={search_term_string}\"},\"query-input\":{\"@type\":\"PropertyValueSpecification\",\"valueRequired\":true,\"valueName\":\"search_term_string\"}}],\"inLanguage\":\"es-ES\"},{\"@type\":\"Organization\",\"@id\":\"https:\/\/www.overit.ai\/es\/#organization\",\"name\":\"OverIT\",\"url\":\"https:\/\/www.overit.ai\/es\/\",\"logo\":{\"@type\":\"ImageObject\",\"inLanguage\":\"es-ES\",\"@id\":\"https:\/\/www.overit.ai\/es\/#\/schema\/logo\/image\/\",\"url\":\"https:\/\/www.overit.ai\/app\/uploads\/2021\/10\/OverIT-logo-400.png\",\"contentUrl\":\"https:\/\/www.overit.ai\/app\/uploads\/2021\/10\/OverIT-logo-400.png\",\"width\":400,\"height\":250,\"caption\":\"OverIT\"},\"image\":{\"@id\":\"https:\/\/www.overit.ai\/es\/#\/schema\/logo\/image\/\"}}]}<\/script>\n<!-- \/ Yoast SEO Premium plugin. -->","yoast_head_json":{"title":"Enel y la soluci\u00f3n de OverIT para el mantenimiento de las plantas","description":"Enel planifica, gestiona y supervisa las actividades de mantenimiento de las plantas, gracias a las funciones FSM de la soluci\u00f3n de OverIT","robots":{"index":"index","follow":"follow","max-snippet":"max-snippet:-1","max-image-preview":"max-image-preview:large","max-video-preview":"max-video-preview:-1"},"canonical":"https:\/\/www.overit.ai\/es\/clientes\/casos-de-exito\/enel-green-power-proyecto-plant\/","og_locale":"es_ES","og_type":"article","og_title":"Gesti\u00f3n y supervisi\u00f3n de plantas de generaci\u00f3n de energ\u00eda en todo el mundo","og_description":"Enel planifica, gestiona y supervisa las actividades de mantenimiento de las plantas, gracias a las funciones FSM de la soluci\u00f3n de OverIT","og_url":"https:\/\/www.overit.ai\/es\/clientes\/casos-de-exito\/enel-green-power-proyecto-plant\/","og_site_name":"OverIT","article_modified_time":"2026-03-31T07:10:25+00:00","og_image":[{"width":2000,"height":1333,"url":"https:\/\/www.overit.ai\/app\/uploads\/2020\/12\/enel-green-power-pannelli-solari.jpg","type":"image\/jpeg"}],"twitter_card":"summary_large_image","twitter_misc":{"Est. reading time":"5 minutes"},"schema":{"@context":"https:\/\/schema.org","@graph":[{"@type":"WebPage","@id":"https:\/\/www.overit.ai\/es\/clientes\/casos-de-exito\/enel-green-power-proyecto-plant\/","url":"https:\/\/www.overit.ai\/es\/clientes\/casos-de-exito\/enel-green-power-proyecto-plant\/","name":"Enel y la soluci\u00f3n de OverIT para el mantenimiento de las plantas","isPartOf":{"@id":"https:\/\/www.overit.ai\/es\/#website"},"primaryImageOfPage":{"@id":"https:\/\/www.overit.ai\/es\/clientes\/casos-de-exito\/enel-green-power-proyecto-plant\/#primaryimage"},"image":{"@id":"https:\/\/www.overit.ai\/es\/clientes\/casos-de-exito\/enel-green-power-proyecto-plant\/#primaryimage"},"thumbnailUrl":"https:\/\/www.overit.ai\/app\/uploads\/2020\/12\/enel-green-power-plant-manutenzione-2.jpg","datePublished":"2021-02-03T15:07:35+00:00","dateModified":"2026-03-31T07:10:25+00:00","description":"Enel planifica, gestiona y supervisa las actividades de mantenimiento de las plantas, gracias a las funciones FSM de la soluci\u00f3n de OverIT","breadcrumb":{"@id":"https:\/\/www.overit.ai\/es\/clientes\/casos-de-exito\/enel-green-power-proyecto-plant\/#breadcrumb"},"inLanguage":"es-ES","potentialAction":[{"@type":"ReadAction","target":["https:\/\/www.overit.ai\/es\/clientes\/casos-de-exito\/enel-green-power-proyecto-plant\/"]}]},{"@type":"ImageObject","inLanguage":"es-ES","@id":"https:\/\/www.overit.ai\/es\/clientes\/casos-de-exito\/enel-green-power-proyecto-plant\/#primaryimage","url":"https:\/\/www.overit.ai\/app\/uploads\/2020\/12\/enel-green-power-plant-manutenzione-2.jpg","contentUrl":"https:\/\/www.overit.ai\/app\/uploads\/2020\/12\/enel-green-power-plant-manutenzione-2.jpg","width":2000,"height":937,"caption":"Enel Green Power - Manutenzione in campo"},{"@type":"BreadcrumbList","@id":"https:\/\/www.overit.ai\/es\/clientes\/casos-de-exito\/enel-green-power-proyecto-plant\/#breadcrumb","itemListElement":[{"@type":"ListItem","position":1,"name":"Home","item":"https:\/\/www.overit.ai\/es\/"},{"@type":"ListItem","position":2,"name":"Clientes","item":"https:\/\/www.overit.ai\/es\/clientes\/"},{"@type":"ListItem","position":3,"name":"Casos de \u00c9xito","item":"https:\/\/www.overit.ai\/es\/clientes\/casos-de-exito\/"},{"@type":"ListItem","position":4,"name":"Gesti\u00f3n y supervisi\u00f3n de plantas de generaci\u00f3n de energ\u00eda en todo el mundo"}]},{"@type":"WebSite","@id":"https:\/\/www.overit.ai\/es\/#website","url":"https:\/\/www.overit.ai\/es\/","name":"OverIT","description":"Innovation in Field Service Management","publisher":{"@id":"https:\/\/www.overit.ai\/es\/#organization"},"potentialAction":[{"@type":"SearchAction","target":{"@type":"EntryPoint","urlTemplate":"https:\/\/www.overit.ai\/es\/?s={search_term_string}"},"query-input":{"@type":"PropertyValueSpecification","valueRequired":true,"valueName":"search_term_string"}}],"inLanguage":"es-ES"},{"@type":"Organization","@id":"https:\/\/www.overit.ai\/es\/#organization","name":"OverIT","url":"https:\/\/www.overit.ai\/es\/","logo":{"@type":"ImageObject","inLanguage":"es-ES","@id":"https:\/\/www.overit.ai\/es\/#\/schema\/logo\/image\/","url":"https:\/\/www.overit.ai\/app\/uploads\/2021\/10\/OverIT-logo-400.png","contentUrl":"https:\/\/www.overit.ai\/app\/uploads\/2021\/10\/OverIT-logo-400.png","width":400,"height":250,"caption":"OverIT"},"image":{"@id":"https:\/\/www.overit.ai\/es\/#\/schema\/logo\/image\/"}}]}},"_links":{"self":[{"href":"https:\/\/www.overit.ai\/es\/wp-json\/wp\/v2\/pages\/11440","targetHints":{"allow":["GET"]}}],"collection":[{"href":"https:\/\/www.overit.ai\/es\/wp-json\/wp\/v2\/pages"}],"about":[{"href":"https:\/\/www.overit.ai\/es\/wp-json\/wp\/v2\/types\/page"}],"author":[{"embeddable":true,"href":"https:\/\/www.overit.ai\/es\/wp-json\/wp\/v2\/users\/3"}],"replies":[{"embeddable":true,"href":"https:\/\/www.overit.ai\/es\/wp-json\/wp\/v2\/comments?post=11440"}],"version-history":[{"count":32,"href":"https:\/\/www.overit.ai\/es\/wp-json\/wp\/v2\/pages\/11440\/revisions"}],"predecessor-version":[{"id":70704,"href":"https:\/\/www.overit.ai\/es\/wp-json\/wp\/v2\/pages\/11440\/revisions\/70704"}],"up":[{"embeddable":true,"href":"https:\/\/www.overit.ai\/es\/wp-json\/wp\/v2\/pages\/13032"}],"wp:featuredmedia":[{"embeddable":true,"href":"https:\/\/www.overit.ai\/es\/wp-json\/wp\/v2\/media\/4876"}],"wp:attachment":[{"href":"https:\/\/www.overit.ai\/es\/wp-json\/wp\/v2\/media?parent=11440"}],"wp:term":[{"taxonomy":"case_study_category","embeddable":true,"href":"https:\/\/www.overit.ai\/es\/wp-json\/wp\/v2\/case_study_category?post=11440"}],"curies":[{"name":"wp","href":"https:\/\/api.w.org\/{rel}","templated":true}]}}