{"id":11362,"date":"2021-02-03T15:04:42","date_gmt":"2021-02-03T15:04:42","guid":{"rendered":"https:\/\/www.overit.ai\/it\/?page_id=11362"},"modified":"2026-03-19T14:55:15","modified_gmt":"2026-03-19T14:55:15","slug":"2i-rete-gas-workforce-management","status":"publish","type":"page","link":"https:\/\/www.overit.ai\/es\/clientes\/casos-de-exito\/2i-rete-gas-workforce-management\/","title":{"rendered":"2i Rete Gas &#8211; Workforce Management"},"content":{"rendered":"<div\n  class=\"overit-block overit-block--white overit-radius-none overit-margin-small-bottom overit-no-padding \n  overit-block-customer-page-header\"\n        >\n  \n  <div class=\"overit-block-wrapper\">\n\n<div class=\"cph\">\n  \n    <div class=\"cph_slogan-cont\" style=\"background: linear-gradient(0deg, rgba(0, 0, 0, 0.35), rgba(0, 0, 0, 0.35)), url('https:\/\/www.overit.ai\/app\/uploads\/2020\/12\/21-rete-gas-caso.jpg') center center\">\n                  <div class=\"cph__section-title\">2i RETE GAS<\/div>\n                                    <h1 class=\"cph__slogan\">Gesti\u00f3n de las \u00f3rdenes de intervenci\u00f3n y mantenimiento<\/h1>\n            <\/div>\n  <div class=\"cph__customer-section\" data-aos=\"fade-up\">\n    <div class=\"cph__customer-desc-cont\">\n                    <img decoding=\"async\" class=\"cph__customer-logo\" src=\"https:\/\/www.overit.ai\/app\/uploads\/2020\/12\/2i-rete-gas-logo.png\" alt=\"2i-rete-gas-logo\" width=\"400\" height=\"100\" \/>\n            <div class=\"cph__customer-desc\">\n        <p>2i Rete Gas se ocupa de la distribuci\u00f3n de gas natural para usos civiles e industriales.<br \/>\nEs el segundo operador nacional independiente del sector, con aproximadamente 66.000 km de red gestionada y 4,3 millones de usuarios atendidos.<\/p>\n\n      <\/div>\n    <\/div>\n    <div class=\"cph__customer-facts\">\n              <div class=\"cph__facts-title\">INFORMACI\u00d3N CLAVE<\/div>\n        <div class=\"cph__facts\">\n                     <div class=\"cph__fact-cont\">\n            <div class=\"cph__fact-label\">\n              Sector\n            <\/div>\n            <div class=\"cph__fact\">\n              Petr\u00f3leo y gas\n            <\/div>\n          <\/div>\n                     <div class=\"cph__fact-cont\">\n            <div class=\"cph__fact-label\">\n              Zona geogr\u00e1fica\n            <\/div>\n            <div class=\"cph__fact\">\n              EMEA\n            <\/div>\n          <\/div>\n                     <div class=\"cph__fact-cont\">\n            <div class=\"cph__fact-label\">\n              Sitio web\n            <\/div>\n            <div class=\"cph__fact\">\n              2iretegas.it\n            <\/div>\n          <\/div>\n                     <div class=\"cph__fact-cont\">\n            <div class=\"cph__fact-label\">\n              T\u00e9cnicos involucrados\n            <\/div>\n            <div class=\"cph__fact\">\n              1.000+\n            <\/div>\n          <\/div>\n                  <\/div>\n          <\/div>\n  <\/div>\n<\/div>\n\n<\/div><!-- .overit-block-wrapper -->\n<\/div><!-- .overit-block -->\n\n\n<div\n  class=\"overit-block overit-block--white overit-radius-full overit-no-margin overit-padding-small overit-block--fullwidth\n  overit-block-configurable-jumbotron\"\n        >\n  \n  <div class=\"overit-block-wrapper\">\n\n<section class=\"configurable-jumbotron left\" >\n                  <h3 class=\"cj-section-title\">NECESIDADES DEL CLIENTE<\/h3>\n          \n                  <div class=\"cj-title medium\">Gesti\u00f3n de las actividades de Field Service<\/div>\n          \n                  <div class=\"cj-subtitle small\"><p>La necesidad del cliente es llevar a cabo la gesti\u00f3n t\u00e9cnica de las \u00f3rdenes de intervenci\u00f3n y las actividades de mantenimiento dentro de las operaciones.<\/p>\n<\/div>\n          \n        <\/section>\n\n<\/div><!-- .overit-block-wrapper -->\n<\/div><!-- .overit-block -->\n\n\n<div\n  class=\"overit-block overit-block--white overit-radius-full  overit-no-padding \n  overit-block-separator\"\n        >\n  \n  <div class=\"overit-block-wrapper\">\n\n<div class=\"overit-separator overit-separator--boxed\">\n  <hr\/>\n<\/div>\n\n<\/div><!-- .overit-block-wrapper -->\n<\/div><!-- .overit-block -->\n\n\n<div\n  class=\"overit-block overit-block--white overit-radius-full overit-no-margin overit-padding-medium overit-block--fullwidth\n  overit-block-configurable-jumbotron\"\n        >\n  \n  <div class=\"overit-block-wrapper\">\n\n<section class=\"configurable-jumbotron left\" >\n                  <h3 class=\"cj-section-title\">NUESTRA SOLUCI\u00d3N<\/h3>\n          \n                  <div class=\"cj-title medium\">La soluci\u00f3n de OverIT, el producto l\u00edder para la gesti\u00f3n de las actividades de Field Service en el mundo del petr\u00f3leo y el gas<\/div>\n          \n                  <div class=\"cj-subtitle small\"><p>El cliente 2i Rete Gas explota una serie de caracter\u00edsticas que permiten adquirir desde sistemas externos los datos sobre la estructura de la planta y los trabajos a realizar, que luego se integran en la soluci\u00f3n de OverIT para la gesti\u00f3n de la intervenci\u00f3n de emergencia, el mantenimiento programado y extraordinario, las actividades con los clientes y la agenda de reservas.<\/p>\n<p>La aplicaci\u00f3n tambi\u00e9n permite gestionar las actividades e inspecciones realizadas in situ, asignando al personal de campo y a las empresas externas las actividades programadas directamente en sus dispositivos, y seg\u00fan par\u00e1metros basados en la organizaci\u00f3n territorial, la disponibilidad y la capacidad de los recursos. Gracias a las funcionalidades m\u00f3viles, los t\u00e9cnicos pueden confirmar su presencia en el lugar de trabajo, hacerse cargo y finalizar la actividad, recibiendo adem\u00e1s alertas sobre el uso de los EPP necesarios.<\/p>\n<p>La ejecuci\u00f3n de las actividades se atestigua mediante la compilaci\u00f3n de formularios de recopilaci\u00f3n de datos y tambi\u00e9n puede ser certificada por el cliente mediante la recopilaci\u00f3n de la firma grafom\u00e9trica. Con la ayuda de funciones tanto de servidor como de m\u00f3vil, la soluci\u00f3n de OverIT permite tambi\u00e9n la gesti\u00f3n de los reportes diarios de los t\u00e9cnicos en el campo y la integraci\u00f3n con los m\u00f3dulos de SAP HR y CS para el relativo reconocimiento econ\u00f3mico.<\/p>\n<\/div>\n          \n        <\/section>\n\n<\/div><!-- .overit-block-wrapper -->\n<\/div><!-- .overit-block -->\n\n\n<div\n  class=\"overit-block overit-block--white overit-radius-full  overit-no-padding \n  overit-block-separator\"\n        >\n  \n  <div class=\"overit-block-wrapper\">\n\n<div class=\"overit-separator overit-separator--boxed\">\n  <hr\/>\n<\/div>\n\n<\/div><!-- .overit-block-wrapper -->\n<\/div><!-- .overit-block -->\n\n\n<div\n  class=\"overit-block overit-block--white overit-radius-full overit-no-margin overit-padding-small overit-block--fullwidth\n  overit-block-configurable-jumbotron\"\n        >\n  \n  <div class=\"overit-block-wrapper\">\n\n<section class=\"configurable-jumbotron left\" >\n                  <h3 class=\"cj-section-title\">BENEFICIOS<\/h3>\n          \n                  <div class=\"cj-title medium\">Centralizaci\u00f3n de las operaciones para mejorar la productividad y la seguridad<\/div>\n          \n    \n        <\/section>\n\n<\/div><!-- .overit-block-wrapper -->\n<\/div><!-- .overit-block -->\n\n\n<div\n  class=\"overit-block overit-block--white overit-radius-full overit-margin-medium-bottom overit-no-padding \n  overit-block-multi-info-cards\"\n        >\n  \n  <div class=\"overit-block-wrapper\">\n\n<div class=\"info-cards info-cards--3 info-cards--align-\">\n        <div class=\"info-cards__sections \">\n                  <div class=\"info-card info-card--3\n                    info-card--without-icon\n          \n          info-card--top-line\n        \">\n        <div class=\"info-card-inner\">\n                                                      <div class=\"info-card__description\" >\n              <p>Sistema \u00fanico para la gesti\u00f3n de las funciones b\u00e1sicas de las operaciones<\/p>\n\n            <\/div>\n                  <\/div>\n      <\/div>\n                  <div class=\"info-card info-card--3\n                    info-card--without-icon\n          \n          info-card--top-line\n        \">\n        <div class=\"info-card-inner\">\n                                                      <div class=\"info-card__description\" >\n              <p>Posibilidad de integraci\u00f3n con sistemas externos<\/p>\n\n            <\/div>\n                  <\/div>\n      <\/div>\n                  <div class=\"info-card info-card--3\n                    info-card--without-icon\n          \n          info-card--top-line\n        \">\n        <div class=\"info-card-inner\">\n                                                      <div class=\"info-card__description\" >\n              <p>F\u00e1cil interacci\u00f3n entre el m\u00f3vil y los medidores<\/p>\n\n            <\/div>\n                  <\/div>\n      <\/div>\n                  <div class=\"info-card info-card--3\n                    info-card--without-icon\n          \n          info-card--top-line\n        \">\n        <div class=\"info-card-inner\">\n                                                      <div class=\"info-card__description\" >\n              <p>Aumento de la productividad de los recursos<\/p>\n\n            <\/div>\n                  <\/div>\n      <\/div>\n                  <div class=\"info-card info-card--3\n                    info-card--without-icon\n          \n          info-card--top-line\n        \">\n        <div class=\"info-card-inner\">\n                                                      <div class=\"info-card__description\" >\n              <p>Aumento de la seguridad laboral de los operadores<\/p>\n\n            <\/div>\n                  <\/div>\n      <\/div>\n          <\/div>\n  <\/div>\n\n<\/div><!-- .overit-block-wrapper -->\n<\/div><!-- .overit-block -->\n\n\n<div\n  class=\"overit-block overit-block--white overit-radius-full overit-no-margin overit-padding-medium \n  overit-block-customer-stories\"\n        >\n  \n  <div class=\"overit-block-wrapper\">\n\n<div class=\"posts-slider\">\n  <div class=\"post-cards-cont\">\n    <section class=\"post-cards\">\n              <div class=\"post-cards__header\">\n          <div class=\"post-cards__header-content\">\n            \n                          <div class=\"category-link\">M\u00e1s historias de \u00e9xito<\/div>\n              <div class=\"visit-link\">Descubre c\u00f3mo hemos ayudado a otras empresas a crecer, innovar y lograr resultados concretos<\/div>\n                      <\/div>\n          <button class=\"arrow-prev\" aria-label=\"Contenido anterior\"><\/button>\n          <button class=\"arrow-next\" aria-label=\"Contenido siguiente\"><\/button>\n        <\/div>\n            <div class=\"post-cards__body post-cards__body--with-arrows news-cards\">\n                   <div class=\"post-card \">\n                                    <a class=\"post-card__image\" style=\"--aspect-ratio:18\/10;--aspect-ratio-desktop:18\/10;\" href=\"https:\/\/www.overit.ai\/es\/clientes\/casos-de-exito\/2i-rete-gas-workforce-management\/\">\n              <img decoding=\"async\" src=\"https:\/\/www.overit.ai\/app\/uploads\/2020\/12\/21-rete-gas-caso-1-768x512.jpg\" alt=\"2i Rete Gas &#8211; Workforce Management\" width=\"768\" height=\"512\">\n            <\/a>\n                        <div class=\"post-card__body\">\n              <a class=\"post-card__body-cont\" href=\"https:\/\/www.overit.ai\/es\/clientes\/casos-de-exito\/2i-rete-gas-workforce-management\/\" title=\"2i Rete Gas &#8211; Workforce Management\">\n                <h2 class=\"post-card__title\">2i Rete Gas &#8211; Workforce Management<\/h2>\n              <\/a>\n              <div class=\"post-card__link-cont\">\n                <a href=\"https:\/\/www.overit.ai\/es\/clientes\/casos-de-exito\/2i-rete-gas-workforce-management\/\" class=\"post-card__link post-card__link--post\">Lea art\u00edculo<\/a>\n              <\/div>\n            <\/div>\n          <\/div>\n\n                   <div class=\"post-card \">\n                                    <a class=\"post-card__image\" style=\"--aspect-ratio:18\/10;--aspect-ratio-desktop:18\/10;\" href=\"https:\/\/www.overit.ai\/es\/clientes\/casos-de-exito\/camuzzi-gas-proyecto-wfm\/\">\n              <img decoding=\"async\" src=\"https:\/\/www.overit.ai\/app\/uploads\/2020\/12\/camuzzi-gas-progetto-wfm-768x512.jpg\" alt=\"Camuzzi Gas &#8211; Proyecto WFM\" width=\"768\" height=\"512\">\n            <\/a>\n                        <div class=\"post-card__body\">\n              <a class=\"post-card__body-cont\" href=\"https:\/\/www.overit.ai\/es\/clientes\/casos-de-exito\/camuzzi-gas-proyecto-wfm\/\" title=\"Camuzzi Gas &#8211; Proyecto WFM\">\n                <h2 class=\"post-card__title\">Camuzzi Gas &#8211; Proyecto WFM<\/h2>\n              <\/a>\n              <div class=\"post-card__link-cont\">\n                <a href=\"https:\/\/www.overit.ai\/es\/clientes\/casos-de-exito\/camuzzi-gas-proyecto-wfm\/\" class=\"post-card__link post-card__link--post\">Lea art\u00edculo<\/a>\n              <\/div>\n            <\/div>\n          <\/div>\n\n                   <div class=\"post-card \">\n                                    <a class=\"post-card__image\" style=\"--aspect-ratio:18\/10;--aspect-ratio-desktop:18\/10;\" href=\"https:\/\/www.overit.ai\/es\/clientes\/casos-de-exito\/drillmec-inspecciones-de-activos-a-distancia\/\">\n              <img decoding=\"async\" src=\"https:\/\/www.overit.ai\/app\/uploads\/2021\/01\/drillmec-3-768x334.jpg\" alt=\"Drillmec &#8211; Inspecciones de activos a distancia\" width=\"768\" height=\"334\">\n            <\/a>\n                        <div class=\"post-card__body\">\n              <a class=\"post-card__body-cont\" href=\"https:\/\/www.overit.ai\/es\/clientes\/casos-de-exito\/drillmec-inspecciones-de-activos-a-distancia\/\" title=\"Drillmec &#8211; Inspecciones de activos a distancia\">\n                <h2 class=\"post-card__title\">Drillmec &#8211; Inspecciones de activos a distancia<\/h2>\n              <\/a>\n              <div class=\"post-card__link-cont\">\n                <a href=\"https:\/\/www.overit.ai\/es\/clientes\/casos-de-exito\/drillmec-inspecciones-de-activos-a-distancia\/\" class=\"post-card__link post-card__link--post\">Lea art\u00edculo<\/a>\n              <\/div>\n            <\/div>\n          <\/div>\n\n                   <div class=\"post-card \">\n                                    <a class=\"post-card__image\" style=\"--aspect-ratio:18\/10;--aspect-ratio-desktop:18\/10;\" href=\"https:\/\/www.overit.ai\/es\/clientes\/casos-de-exito\/saipem-ejecucion-remota-de-las-actividades-de-mantenimiento-en-las-plataformas-petroliferas\/\">\n              <img decoding=\"async\" src=\"https:\/\/www.overit.ai\/app\/uploads\/2021\/11\/saipem-1.jpg\" alt=\"Saipem, Ejecuci\u00f3n remota de las actividades de mantenimiento en las plataformas petrol\u00edferas\" width=\"696\" height=\"520\">\n            <\/a>\n                        <div class=\"post-card__body\">\n              <a class=\"post-card__body-cont\" href=\"https:\/\/www.overit.ai\/es\/clientes\/casos-de-exito\/saipem-ejecucion-remota-de-las-actividades-de-mantenimiento-en-las-plataformas-petroliferas\/\" title=\"Saipem, Ejecuci\u00f3n remota de las actividades de mantenimiento en las plataformas petrol\u00edferas\">\n                <h2 class=\"post-card__title\">Saipem, Ejecuci\u00f3n remota de las actividades de mantenimiento en las plataformas petrol\u00edferas<\/h2>\n              <\/a>\n              <div class=\"post-card__link-cont\">\n                <a href=\"https:\/\/www.overit.ai\/es\/clientes\/casos-de-exito\/saipem-ejecucion-remota-de-las-actividades-de-mantenimiento-en-las-plataformas-petroliferas\/\" class=\"post-card__link post-card__link--post\">Lea art\u00edculo<\/a>\n              <\/div>\n            <\/div>\n          <\/div>\n\n              <\/div>\n    <\/section>\n  <\/div>\n<\/div>\n\n<\/div><!-- .overit-block-wrapper -->\n<\/div><!-- .overit-block -->\n","protected":false},"excerpt":{"rendered":"","protected":false},"author":3,"featured_media":7273,"parent":13032,"menu_order":0,"comment_status":"closed","ping_status":"closed","template":"","meta":{"_acf_changed":false,"footnotes":""},"case_study_category":[230],"class_list":["post-11362","page","type-page","status-publish","has-post-thumbnail","hentry","case_study_category-petroleo-gas"],"acf":[],"yoast_head":"<!-- This site is optimized with the Yoast SEO Premium plugin v25.6 (Yoast SEO v25.6) - https:\/\/yoast.com\/wordpress\/plugins\/seo\/ -->\n<title>2i Rete Gas y OverIT para gestionar las \u00f3rdenes de intervenci\u00f3n<\/title>\n<meta name=\"description\" content=\"2i Rete Gas utiliza la soluci\u00f3n de OverIT para gestionar las \u00f3rdenes de intervenci\u00f3n, el mantenimiento y las actividades, aumentando la eficiencia\" \/>\n<meta name=\"robots\" content=\"index, follow, max-snippet:-1, max-image-preview:large, max-video-preview:-1\" \/>\n<link rel=\"canonical\" href=\"https:\/\/www.overit.ai\/es\/clientes\/casos-de-exito\/2i-rete-gas-workforce-management\/\" \/>\n<meta property=\"og:locale\" content=\"es_ES\" \/>\n<meta property=\"og:type\" content=\"article\" \/>\n<meta property=\"og:title\" content=\"2i Rete Gas - Workforce Management\" \/>\n<meta property=\"og:description\" content=\"2i Rete Gas utiliza la soluci\u00f3n de OverIT para gestionar las \u00f3rdenes de intervenci\u00f3n, el mantenimiento y las actividades, aumentando la eficiencia\" \/>\n<meta property=\"og:url\" content=\"https:\/\/www.overit.ai\/es\/clientes\/casos-de-exito\/2i-rete-gas-workforce-management\/\" \/>\n<meta property=\"og:site_name\" content=\"OverIT\" \/>\n<meta property=\"article:modified_time\" content=\"2026-03-19T14:55:15+00:00\" \/>\n<meta property=\"og:image\" content=\"https:\/\/www.overit.ai\/app\/uploads\/2020\/12\/21-rete-gas-caso.jpg\" \/>\n\t<meta property=\"og:image:width\" content=\"2000\" \/>\n\t<meta property=\"og:image:height\" content=\"1333\" \/>\n\t<meta property=\"og:image:type\" content=\"image\/jpeg\" \/>\n<meta name=\"twitter:card\" content=\"summary_large_image\" \/>\n<meta name=\"twitter:label1\" content=\"Est. reading time\" \/>\n\t<meta name=\"twitter:data1\" content=\"3 minutes\" \/>\n<script type=\"application\/ld+json\" class=\"yoast-schema-graph\">{\"@context\":\"https:\/\/schema.org\",\"@graph\":[{\"@type\":\"WebPage\",\"@id\":\"https:\/\/www.overit.ai\/es\/clientes\/casos-de-exito\/2i-rete-gas-workforce-management\/\",\"url\":\"https:\/\/www.overit.ai\/es\/clientes\/casos-de-exito\/2i-rete-gas-workforce-management\/\",\"name\":\"2i Rete Gas y OverIT para gestionar las \u00f3rdenes de intervenci\u00f3n\",\"isPartOf\":{\"@id\":\"https:\/\/www.overit.ai\/es\/#website\"},\"primaryImageOfPage\":{\"@id\":\"https:\/\/www.overit.ai\/es\/clientes\/casos-de-exito\/2i-rete-gas-workforce-management\/#primaryimage\"},\"image\":{\"@id\":\"https:\/\/www.overit.ai\/es\/clientes\/casos-de-exito\/2i-rete-gas-workforce-management\/#primaryimage\"},\"thumbnailUrl\":\"https:\/\/www.overit.ai\/app\/uploads\/2020\/12\/21-rete-gas-caso-1.jpg\",\"datePublished\":\"2021-02-03T15:04:42+00:00\",\"dateModified\":\"2026-03-19T14:55:15+00:00\",\"description\":\"2i Rete Gas utiliza la soluci\u00f3n de OverIT para gestionar las \u00f3rdenes de intervenci\u00f3n, el mantenimiento y las actividades, aumentando la eficiencia\",\"breadcrumb\":{\"@id\":\"https:\/\/www.overit.ai\/es\/clientes\/casos-de-exito\/2i-rete-gas-workforce-management\/#breadcrumb\"},\"inLanguage\":\"es-ES\",\"potentialAction\":[{\"@type\":\"ReadAction\",\"target\":[\"https:\/\/www.overit.ai\/es\/clientes\/casos-de-exito\/2i-rete-gas-workforce-management\/\"]}]},{\"@type\":\"ImageObject\",\"inLanguage\":\"es-ES\",\"@id\":\"https:\/\/www.overit.ai\/es\/clientes\/casos-de-exito\/2i-rete-gas-workforce-management\/#primaryimage\",\"url\":\"https:\/\/www.overit.ai\/app\/uploads\/2020\/12\/21-rete-gas-caso-1.jpg\",\"contentUrl\":\"https:\/\/www.overit.ai\/app\/uploads\/2020\/12\/21-rete-gas-caso-1.jpg\",\"width\":2000,\"height\":1333,\"caption\":\"2i Rete Gas\"},{\"@type\":\"BreadcrumbList\",\"@id\":\"https:\/\/www.overit.ai\/es\/clientes\/casos-de-exito\/2i-rete-gas-workforce-management\/#breadcrumb\",\"itemListElement\":[{\"@type\":\"ListItem\",\"position\":1,\"name\":\"Home\",\"item\":\"https:\/\/www.overit.ai\/es\/\"},{\"@type\":\"ListItem\",\"position\":2,\"name\":\"Clientes\",\"item\":\"https:\/\/www.overit.ai\/es\/clientes\/\"},{\"@type\":\"ListItem\",\"position\":3,\"name\":\"Casos de \u00c9xito\",\"item\":\"https:\/\/www.overit.ai\/es\/clientes\/casos-de-exito\/\"},{\"@type\":\"ListItem\",\"position\":4,\"name\":\"2i Rete Gas &#8211; Workforce Management\"}]},{\"@type\":\"WebSite\",\"@id\":\"https:\/\/www.overit.ai\/es\/#website\",\"url\":\"https:\/\/www.overit.ai\/es\/\",\"name\":\"OverIT\",\"description\":\"Innovation in Field Service Management\",\"publisher\":{\"@id\":\"https:\/\/www.overit.ai\/es\/#organization\"},\"potentialAction\":[{\"@type\":\"SearchAction\",\"target\":{\"@type\":\"EntryPoint\",\"urlTemplate\":\"https:\/\/www.overit.ai\/es\/?s={search_term_string}\"},\"query-input\":{\"@type\":\"PropertyValueSpecification\",\"valueRequired\":true,\"valueName\":\"search_term_string\"}}],\"inLanguage\":\"es-ES\"},{\"@type\":\"Organization\",\"@id\":\"https:\/\/www.overit.ai\/es\/#organization\",\"name\":\"OverIT\",\"url\":\"https:\/\/www.overit.ai\/es\/\",\"logo\":{\"@type\":\"ImageObject\",\"inLanguage\":\"es-ES\",\"@id\":\"https:\/\/www.overit.ai\/es\/#\/schema\/logo\/image\/\",\"url\":\"https:\/\/www.overit.ai\/app\/uploads\/2021\/10\/OverIT-logo-400.png\",\"contentUrl\":\"https:\/\/www.overit.ai\/app\/uploads\/2021\/10\/OverIT-logo-400.png\",\"width\":400,\"height\":250,\"caption\":\"OverIT\"},\"image\":{\"@id\":\"https:\/\/www.overit.ai\/es\/#\/schema\/logo\/image\/\"}}]}<\/script>\n<!-- \/ Yoast SEO Premium plugin. -->","yoast_head_json":{"title":"2i Rete Gas y OverIT para gestionar las \u00f3rdenes de intervenci\u00f3n","description":"2i Rete Gas utiliza la soluci\u00f3n de OverIT para gestionar las \u00f3rdenes de intervenci\u00f3n, el mantenimiento y las actividades, aumentando la eficiencia","robots":{"index":"index","follow":"follow","max-snippet":"max-snippet:-1","max-image-preview":"max-image-preview:large","max-video-preview":"max-video-preview:-1"},"canonical":"https:\/\/www.overit.ai\/es\/clientes\/casos-de-exito\/2i-rete-gas-workforce-management\/","og_locale":"es_ES","og_type":"article","og_title":"2i Rete Gas - Workforce Management","og_description":"2i Rete Gas utiliza la soluci\u00f3n de OverIT para gestionar las \u00f3rdenes de intervenci\u00f3n, el mantenimiento y las actividades, aumentando la eficiencia","og_url":"https:\/\/www.overit.ai\/es\/clientes\/casos-de-exito\/2i-rete-gas-workforce-management\/","og_site_name":"OverIT","article_modified_time":"2026-03-19T14:55:15+00:00","og_image":[{"width":2000,"height":1333,"url":"https:\/\/www.overit.ai\/app\/uploads\/2020\/12\/21-rete-gas-caso.jpg","type":"image\/jpeg"}],"twitter_card":"summary_large_image","twitter_misc":{"Est. reading time":"3 minutes"},"schema":{"@context":"https:\/\/schema.org","@graph":[{"@type":"WebPage","@id":"https:\/\/www.overit.ai\/es\/clientes\/casos-de-exito\/2i-rete-gas-workforce-management\/","url":"https:\/\/www.overit.ai\/es\/clientes\/casos-de-exito\/2i-rete-gas-workforce-management\/","name":"2i Rete Gas y OverIT para gestionar las \u00f3rdenes de intervenci\u00f3n","isPartOf":{"@id":"https:\/\/www.overit.ai\/es\/#website"},"primaryImageOfPage":{"@id":"https:\/\/www.overit.ai\/es\/clientes\/casos-de-exito\/2i-rete-gas-workforce-management\/#primaryimage"},"image":{"@id":"https:\/\/www.overit.ai\/es\/clientes\/casos-de-exito\/2i-rete-gas-workforce-management\/#primaryimage"},"thumbnailUrl":"https:\/\/www.overit.ai\/app\/uploads\/2020\/12\/21-rete-gas-caso-1.jpg","datePublished":"2021-02-03T15:04:42+00:00","dateModified":"2026-03-19T14:55:15+00:00","description":"2i Rete Gas utiliza la soluci\u00f3n de OverIT para gestionar las \u00f3rdenes de intervenci\u00f3n, el mantenimiento y las actividades, aumentando la eficiencia","breadcrumb":{"@id":"https:\/\/www.overit.ai\/es\/clientes\/casos-de-exito\/2i-rete-gas-workforce-management\/#breadcrumb"},"inLanguage":"es-ES","potentialAction":[{"@type":"ReadAction","target":["https:\/\/www.overit.ai\/es\/clientes\/casos-de-exito\/2i-rete-gas-workforce-management\/"]}]},{"@type":"ImageObject","inLanguage":"es-ES","@id":"https:\/\/www.overit.ai\/es\/clientes\/casos-de-exito\/2i-rete-gas-workforce-management\/#primaryimage","url":"https:\/\/www.overit.ai\/app\/uploads\/2020\/12\/21-rete-gas-caso-1.jpg","contentUrl":"https:\/\/www.overit.ai\/app\/uploads\/2020\/12\/21-rete-gas-caso-1.jpg","width":2000,"height":1333,"caption":"2i Rete Gas"},{"@type":"BreadcrumbList","@id":"https:\/\/www.overit.ai\/es\/clientes\/casos-de-exito\/2i-rete-gas-workforce-management\/#breadcrumb","itemListElement":[{"@type":"ListItem","position":1,"name":"Home","item":"https:\/\/www.overit.ai\/es\/"},{"@type":"ListItem","position":2,"name":"Clientes","item":"https:\/\/www.overit.ai\/es\/clientes\/"},{"@type":"ListItem","position":3,"name":"Casos de \u00c9xito","item":"https:\/\/www.overit.ai\/es\/clientes\/casos-de-exito\/"},{"@type":"ListItem","position":4,"name":"2i Rete Gas &#8211; Workforce Management"}]},{"@type":"WebSite","@id":"https:\/\/www.overit.ai\/es\/#website","url":"https:\/\/www.overit.ai\/es\/","name":"OverIT","description":"Innovation in Field Service Management","publisher":{"@id":"https:\/\/www.overit.ai\/es\/#organization"},"potentialAction":[{"@type":"SearchAction","target":{"@type":"EntryPoint","urlTemplate":"https:\/\/www.overit.ai\/es\/?s={search_term_string}"},"query-input":{"@type":"PropertyValueSpecification","valueRequired":true,"valueName":"search_term_string"}}],"inLanguage":"es-ES"},{"@type":"Organization","@id":"https:\/\/www.overit.ai\/es\/#organization","name":"OverIT","url":"https:\/\/www.overit.ai\/es\/","logo":{"@type":"ImageObject","inLanguage":"es-ES","@id":"https:\/\/www.overit.ai\/es\/#\/schema\/logo\/image\/","url":"https:\/\/www.overit.ai\/app\/uploads\/2021\/10\/OverIT-logo-400.png","contentUrl":"https:\/\/www.overit.ai\/app\/uploads\/2021\/10\/OverIT-logo-400.png","width":400,"height":250,"caption":"OverIT"},"image":{"@id":"https:\/\/www.overit.ai\/es\/#\/schema\/logo\/image\/"}}]}},"_links":{"self":[{"href":"https:\/\/www.overit.ai\/es\/wp-json\/wp\/v2\/pages\/11362","targetHints":{"allow":["GET"]}}],"collection":[{"href":"https:\/\/www.overit.ai\/es\/wp-json\/wp\/v2\/pages"}],"about":[{"href":"https:\/\/www.overit.ai\/es\/wp-json\/wp\/v2\/types\/page"}],"author":[{"embeddable":true,"href":"https:\/\/www.overit.ai\/es\/wp-json\/wp\/v2\/users\/3"}],"replies":[{"embeddable":true,"href":"https:\/\/www.overit.ai\/es\/wp-json\/wp\/v2\/comments?post=11362"}],"version-history":[{"count":27,"href":"https:\/\/www.overit.ai\/es\/wp-json\/wp\/v2\/pages\/11362\/revisions"}],"predecessor-version":[{"id":70428,"href":"https:\/\/www.overit.ai\/es\/wp-json\/wp\/v2\/pages\/11362\/revisions\/70428"}],"up":[{"embeddable":true,"href":"https:\/\/www.overit.ai\/es\/wp-json\/wp\/v2\/pages\/13032"}],"wp:featuredmedia":[{"embeddable":true,"href":"https:\/\/www.overit.ai\/es\/wp-json\/wp\/v2\/media\/7273"}],"wp:attachment":[{"href":"https:\/\/www.overit.ai\/es\/wp-json\/wp\/v2\/media?parent=11362"}],"wp:term":[{"taxonomy":"case_study_category","embeddable":true,"href":"https:\/\/www.overit.ai\/es\/wp-json\/wp\/v2\/case_study_category?post=11362"}],"curies":[{"name":"wp","href":"https:\/\/api.w.org\/{rel}","templated":true}]}}